{"id":13572,"date":"2022-11-28T22:05:07","date_gmt":"2022-12-01T14:18:39","guid":{"rendered":"https:\/\/bridalfashion.com\/fara-categorie\/rochie-de-mireasa-regala-in-design-unicat-gina-bf0017\/"},"modified":"2022-12-01T16:18:39","modified_gmt":"2022-12-01T14:18:39","slug":"rochie-de-mireasa-exclusiva-gina-bf0017","status":"publish","type":"product","link":"https:\/\/bridalfashion.com\/ro\/glamour-ro\/rochie-de-mireasa-exclusiva-gina-bf0017\/","title":{"rendered":"Rochie de mireas\u0103 regal\u0103 \u00een design unicat GINA \u2013 BF0017"},"content":{"rendered":"<h2>Descrierea modelului GINA \u2013 rochie de mireas\u0103 regal\u0103 \u00een design unicat, cu decor pre\u021bios<\/h2>\n<p>Modelul GINA \u2013 rochia de mireas\u0103 minunat\u0103 exclusiv\u0103 de la BRIDAL FASHION va fi actual\u0103 pentru o nunt\u0103 cu adev\u0103rat regal\u0103. Baza p\u0103r\u021bii de sus \u2013 corset dublat cu decolteu ad\u00eenc \u00een V \u0219i cu spatele decupat. Corsetul este acoperit de un corset translucid cu maneci elegante. Bustul transparent cu m\u00e2neci lungi, cusut \u00een \u00eentregime cu m\u0103rgele (lucru de m\u00e2n\u0103), cristale Swarovski \u0219i pene elegante. \u00cencheietoarea la spate \u2013 un r\u00e2nd vertical de nasturi, \u00eembr\u0103ca\u021bi cu material. Fusta ampl\u0103 \u0219i grea cu tren\u0103 regal\u0103 are o construc\u021bie deosebit\u0103, f\u0103cut\u0103 din cilindri de rijelin\u0103 \u0219i tul rigid, deasupra acoperit\u0103 cu un material fin cu ornament \u0219i ghipur\u0103 \u00een partea de jos. Tot aici sunt cusute de m\u00e2n\u0103 cristale Swarovski \u0219i pene.<\/p>\n<p>Rochia de mireas\u0103 impresionant\u0103 de la BRIDAL FASHION poate fi aleas\u0103 \u00een culorile ivory \u0219i cappuccino.<\/p>\n","protected":false},"excerpt":{"rendered":"<p>Descrierea modelului GINA \u2013 rochie de mireas\u0103 regal\u0103 \u00een design unicat, cu decor pre\u021bios Modelul GINA \u2013 rochia de mireas\u0103 minunat\u0103 exclusiv\u0103 de la BRIDAL FASHION va fi actual\u0103 pentru o nunt\u0103 cu adev\u0103rat regal\u0103. Baza p\u0103r\u021bii de sus \u2013 corset dublat cu decolteu ad\u00eenc \u00een V \u0219i cu spatele decupat. Corsetul este acoperit de&hellip;<\/p>\n","protected":false},"featured_media":12660,"comment_status":"open","ping_status":"closed","template":"","meta":[],"product_brand":[],"product_cat":[986],"product_tag":[],"class_list":{"0":"post-13572","1":"product","2":"type-product","3":"status-publish","4":"has-post-thumbnail","6":"product_cat-glamour-ro","8":"first","9":"instock","10":"taxable","11":"shipping-taxable","12":"product-type-simple"},"yoast_head":"<!-- This site is optimized with the Yoast SEO plugin v27.6 - https:\/\/yoast.com\/product\/yoast-seo-wordpress\/ -->\n<title>Rochie de mireas\u0103 regal\u0103 \u00een design unicat GINA \u2013 BF0017 - BRIDAL FASHION \u2122 | Luxurious Wedding Dresses &amp; Fashionable Gowns for Women, Girls and Kids<\/title>\n<meta name=\"description\" content=\"GINA \u2013 rochie de mireas\u0103 unicat\u0103 cu decor pre\u021bios. Bustul transparent cu m\u00e2neci lungi, lucrat cu ghipur\u0103, cristale Swarovski \u0219i pene. Analogic pe fust\u0103 \u0219i pe tren\u0103 este aplicat un decor de acela\u0219i gen. Model de rochie de mireas\u0103 BF0017.\" \/>\n<meta name=\"robots\" content=\"index, follow, max-snippet:-1, max-image-preview:large, max-video-preview:-1\" \/>\n<link rel=\"canonical\" href=\"https:\/\/bridalfashion.com\/ro\/glamour-ro\/rochie-de-mireasa-exclusiva-gina-bf0017\/\" \/>\n<meta property=\"og:locale\" content=\"ro_RO\" \/>\n<meta property=\"og:type\" content=\"article\" \/>\n<meta property=\"og:title\" content=\"Rochie de mireas\u0103 regal\u0103 \u00een design unicat GINA \u2013 BF0017 - BRIDAL FASHION \u2122 | Luxurious Wedding Dresses &amp; Fashionable Gowns for Women, Girls and Kids\" \/>\n<meta property=\"og:description\" content=\"GINA \u2013 rochie de mireas\u0103 unicat\u0103 cu decor pre\u021bios. Bustul transparent cu m\u00e2neci lungi, lucrat cu ghipur\u0103, cristale Swarovski \u0219i pene. Analogic pe fust\u0103 \u0219i pe tren\u0103 este aplicat un decor de acela\u0219i gen. Model de rochie de mireas\u0103 BF0017.\" \/>\n<meta property=\"og:url\" content=\"https:\/\/bridalfashion.com\/ro\/glamour-ro\/rochie-de-mireasa-exclusiva-gina-bf0017\/\" \/>\n<meta property=\"og:site_name\" content=\"BRIDAL FASHION \u2122 | Luxurious Wedding Dresses &amp; Fashionable Gowns for Women, Girls and Kids\" \/>\n<meta property=\"og:image\" content=\"https:\/\/bridalfashion.com\/wp-content\/uploads\/2022\/11\/BF00017_A.jpg\" \/>\n\t<meta property=\"og:image:width\" content=\"1516\" \/>\n\t<meta property=\"og:image:height\" content=\"2000\" \/>\n\t<meta property=\"og:image:type\" content=\"image\/jpeg\" \/>\n<meta name=\"twitter:card\" content=\"summary_large_image\" \/>\n<meta name=\"twitter:label1\" content=\"Timp estimat pentru citire\" \/>\n\t<meta name=\"twitter:data1\" content=\"1 minut\" \/>\n<script type=\"application\/ld+json\" class=\"yoast-schema-graph\">{\"@context\":\"https:\\\/\\\/schema.org\",\"@graph\":[{\"@type\":\"WebPage\",\"@id\":\"https:\\\/\\\/bridalfashion.com\\\/ro\\\/glamour-ro\\\/rochie-de-mireasa-exclusiva-gina-bf0017\\\/\",\"url\":\"https:\\\/\\\/bridalfashion.com\\\/ro\\\/glamour-ro\\\/rochie-de-mireasa-exclusiva-gina-bf0017\\\/\",\"name\":\"Rochie de mireas\u0103 regal\u0103 \u00een design unicat GINA \u2013 BF0017 - BRIDAL FASHION \u2122 | Luxurious Wedding Dresses &amp; Fashionable Gowns for Women, Girls and Kids\",\"isPartOf\":{\"@id\":\"https:\\\/\\\/bridalfashion.com\\\/ro\\\/#website\"},\"primaryImageOfPage\":{\"@id\":\"https:\\\/\\\/bridalfashion.com\\\/ro\\\/glamour-ro\\\/rochie-de-mireasa-exclusiva-gina-bf0017\\\/#primaryimage\"},\"image\":{\"@id\":\"https:\\\/\\\/bridalfashion.com\\\/ro\\\/glamour-ro\\\/rochie-de-mireasa-exclusiva-gina-bf0017\\\/#primaryimage\"},\"thumbnailUrl\":\"https:\\\/\\\/bridalfashion.com\\\/wp-content\\\/uploads\\\/2022\\\/11\\\/BF00017_A.jpg\",\"datePublished\":\"2022-12-01T14:18:39+00:00\",\"description\":\"GINA \u2013 rochie de mireas\u0103 unicat\u0103 cu decor pre\u021bios. Bustul transparent cu m\u00e2neci lungi, lucrat cu ghipur\u0103, cristale Swarovski \u0219i pene. Analogic pe fust\u0103 \u0219i pe tren\u0103 este aplicat un decor de acela\u0219i gen. Model de rochie de mireas\u0103 BF0017.\",\"breadcrumb\":{\"@id\":\"https:\\\/\\\/bridalfashion.com\\\/ro\\\/glamour-ro\\\/rochie-de-mireasa-exclusiva-gina-bf0017\\\/#breadcrumb\"},\"inLanguage\":\"ro-RO\",\"potentialAction\":[{\"@type\":\"ReadAction\",\"target\":[\"https:\\\/\\\/bridalfashion.com\\\/ro\\\/glamour-ro\\\/rochie-de-mireasa-exclusiva-gina-bf0017\\\/\"]}]},{\"@type\":\"ImageObject\",\"inLanguage\":\"ro-RO\",\"@id\":\"https:\\\/\\\/bridalfashion.com\\\/ro\\\/glamour-ro\\\/rochie-de-mireasa-exclusiva-gina-bf0017\\\/#primaryimage\",\"url\":\"https:\\\/\\\/bridalfashion.com\\\/wp-content\\\/uploads\\\/2022\\\/11\\\/BF00017_A.jpg\",\"contentUrl\":\"https:\\\/\\\/bridalfashion.com\\\/wp-content\\\/uploads\\\/2022\\\/11\\\/BF00017_A.jpg\",\"width\":1516,\"height\":2000,\"caption\":\"Wedding Dress GINA - BF0017\"},{\"@type\":\"BreadcrumbList\",\"@id\":\"https:\\\/\\\/bridalfashion.com\\\/ro\\\/glamour-ro\\\/rochie-de-mireasa-exclusiva-gina-bf0017\\\/#breadcrumb\",\"itemListElement\":[{\"@type\":\"ListItem\",\"position\":1,\"name\":\"Home\",\"item\":\"https:\\\/\\\/bridalfashion.com\\\/ro\\\/\"},{\"@type\":\"ListItem\",\"position\":2,\"name\":\"Shop\",\"item\":\"https:\\\/\\\/bridalfashion.com\\\/shop-2\\\/\"},{\"@type\":\"ListItem\",\"position\":3,\"name\":\"Rochie de mireas\u0103 regal\u0103 \u00een design unicat GINA \u2013 BF0017\"}]},{\"@type\":\"WebSite\",\"@id\":\"https:\\\/\\\/bridalfashion.com\\\/ro\\\/#website\",\"url\":\"https:\\\/\\\/bridalfashion.com\\\/ro\\\/\",\"name\":\"BRIDAL FASHION \u2122 | Luxurious Wedding Dresses &amp; Fashionable Gowns for Women, Girls and Kids\",\"description\":\"Welcome the leading manufacturer and supplier of wedding dresses. We offer in wholesale a large selection of high quality wedding dress collections and accessories for your business at competitive prices. Shop our full range of bridal products today!\",\"publisher\":{\"@id\":\"https:\\\/\\\/bridalfashion.com\\\/ro\\\/#organization\"},\"potentialAction\":[{\"@type\":\"SearchAction\",\"target\":{\"@type\":\"EntryPoint\",\"urlTemplate\":\"https:\\\/\\\/bridalfashion.com\\\/ro\\\/?s={search_term_string}\"},\"query-input\":{\"@type\":\"PropertyValueSpecification\",\"valueRequired\":true,\"valueName\":\"search_term_string\"}}],\"inLanguage\":\"ro-RO\"},{\"@type\":\"Organization\",\"@id\":\"https:\\\/\\\/bridalfashion.com\\\/ro\\\/#organization\",\"name\":\"BRIDAL FASHION \u2122 | Luxurious Wedding Dresses &amp; Fashionable Gowns for Women, Girls and Kids\",\"url\":\"https:\\\/\\\/bridalfashion.com\\\/ro\\\/\",\"logo\":{\"@type\":\"ImageObject\",\"inLanguage\":\"ro-RO\",\"@id\":\"https:\\\/\\\/bridalfashion.com\\\/ro\\\/#\\\/schema\\\/logo\\\/image\\\/\",\"url\":\"https:\\\/\\\/bridalfashion.com\\\/wp-content\\\/uploads\\\/2022\\\/05\\\/cropped-BFG.png\",\"contentUrl\":\"https:\\\/\\\/bridalfashion.com\\\/wp-content\\\/uploads\\\/2022\\\/05\\\/cropped-BFG.png\",\"width\":1771,\"height\":119,\"caption\":\"BRIDAL FASHION \u2122 | Luxurious Wedding Dresses &amp; Fashionable Gowns for Women, Girls and Kids\"},\"image\":{\"@id\":\"https:\\\/\\\/bridalfashion.com\\\/ro\\\/#\\\/schema\\\/logo\\\/image\\\/\"}}]}<\/script>\n<!-- \/ Yoast SEO plugin. -->","yoast_head_json":{"title":"Rochie de mireas\u0103 regal\u0103 \u00een design unicat GINA \u2013 BF0017 - BRIDAL FASHION \u2122 | Luxurious Wedding Dresses &amp; Fashionable Gowns for Women, Girls and Kids","description":"GINA \u2013 rochie de mireas\u0103 unicat\u0103 cu decor pre\u021bios. Bustul transparent cu m\u00e2neci lungi, lucrat cu ghipur\u0103, cristale Swarovski \u0219i pene. Analogic pe fust\u0103 \u0219i pe tren\u0103 este aplicat un decor de acela\u0219i gen. Model de rochie de mireas\u0103 BF0017.","robots":{"index":"index","follow":"follow","max-snippet":"max-snippet:-1","max-image-preview":"max-image-preview:large","max-video-preview":"max-video-preview:-1"},"canonical":"https:\/\/bridalfashion.com\/ro\/glamour-ro\/rochie-de-mireasa-exclusiva-gina-bf0017\/","og_locale":"ro_RO","og_type":"article","og_title":"Rochie de mireas\u0103 regal\u0103 \u00een design unicat GINA \u2013 BF0017 - BRIDAL FASHION \u2122 | Luxurious Wedding Dresses &amp; Fashionable Gowns for Women, Girls and Kids","og_description":"GINA \u2013 rochie de mireas\u0103 unicat\u0103 cu decor pre\u021bios. Bustul transparent cu m\u00e2neci lungi, lucrat cu ghipur\u0103, cristale Swarovski \u0219i pene. Analogic pe fust\u0103 \u0219i pe tren\u0103 este aplicat un decor de acela\u0219i gen. Model de rochie de mireas\u0103 BF0017.","og_url":"https:\/\/bridalfashion.com\/ro\/glamour-ro\/rochie-de-mireasa-exclusiva-gina-bf0017\/","og_site_name":"BRIDAL FASHION \u2122 | Luxurious Wedding Dresses &amp; Fashionable Gowns for Women, Girls and Kids","og_image":[{"width":1516,"height":2000,"url":"https:\/\/bridalfashion.com\/wp-content\/uploads\/2022\/11\/BF00017_A.jpg","type":"image\/jpeg"}],"twitter_card":"summary_large_image","twitter_misc":{"Timp estimat pentru citire":"1 minut"},"schema":{"@context":"https:\/\/schema.org","@graph":[{"@type":"WebPage","@id":"https:\/\/bridalfashion.com\/ro\/glamour-ro\/rochie-de-mireasa-exclusiva-gina-bf0017\/","url":"https:\/\/bridalfashion.com\/ro\/glamour-ro\/rochie-de-mireasa-exclusiva-gina-bf0017\/","name":"Rochie de mireas\u0103 regal\u0103 \u00een design unicat GINA \u2013 BF0017 - BRIDAL FASHION \u2122 | Luxurious Wedding Dresses &amp; Fashionable Gowns for Women, Girls and Kids","isPartOf":{"@id":"https:\/\/bridalfashion.com\/ro\/#website"},"primaryImageOfPage":{"@id":"https:\/\/bridalfashion.com\/ro\/glamour-ro\/rochie-de-mireasa-exclusiva-gina-bf0017\/#primaryimage"},"image":{"@id":"https:\/\/bridalfashion.com\/ro\/glamour-ro\/rochie-de-mireasa-exclusiva-gina-bf0017\/#primaryimage"},"thumbnailUrl":"https:\/\/bridalfashion.com\/wp-content\/uploads\/2022\/11\/BF00017_A.jpg","datePublished":"2022-12-01T14:18:39+00:00","description":"GINA \u2013 rochie de mireas\u0103 unicat\u0103 cu decor pre\u021bios. Bustul transparent cu m\u00e2neci lungi, lucrat cu ghipur\u0103, cristale Swarovski \u0219i pene. Analogic pe fust\u0103 \u0219i pe tren\u0103 este aplicat un decor de acela\u0219i gen. Model de rochie de mireas\u0103 BF0017.","breadcrumb":{"@id":"https:\/\/bridalfashion.com\/ro\/glamour-ro\/rochie-de-mireasa-exclusiva-gina-bf0017\/#breadcrumb"},"inLanguage":"ro-RO","potentialAction":[{"@type":"ReadAction","target":["https:\/\/bridalfashion.com\/ro\/glamour-ro\/rochie-de-mireasa-exclusiva-gina-bf0017\/"]}]},{"@type":"ImageObject","inLanguage":"ro-RO","@id":"https:\/\/bridalfashion.com\/ro\/glamour-ro\/rochie-de-mireasa-exclusiva-gina-bf0017\/#primaryimage","url":"https:\/\/bridalfashion.com\/wp-content\/uploads\/2022\/11\/BF00017_A.jpg","contentUrl":"https:\/\/bridalfashion.com\/wp-content\/uploads\/2022\/11\/BF00017_A.jpg","width":1516,"height":2000,"caption":"Wedding Dress GINA - BF0017"},{"@type":"BreadcrumbList","@id":"https:\/\/bridalfashion.com\/ro\/glamour-ro\/rochie-de-mireasa-exclusiva-gina-bf0017\/#breadcrumb","itemListElement":[{"@type":"ListItem","position":1,"name":"Home","item":"https:\/\/bridalfashion.com\/ro\/"},{"@type":"ListItem","position":2,"name":"Shop","item":"https:\/\/bridalfashion.com\/shop-2\/"},{"@type":"ListItem","position":3,"name":"Rochie de mireas\u0103 regal\u0103 \u00een design unicat GINA \u2013 BF0017"}]},{"@type":"WebSite","@id":"https:\/\/bridalfashion.com\/ro\/#website","url":"https:\/\/bridalfashion.com\/ro\/","name":"BRIDAL FASHION \u2122 | Luxurious Wedding Dresses &amp; Fashionable Gowns for Women, Girls and Kids","description":"Welcome the leading manufacturer and supplier of wedding dresses. We offer in wholesale a large selection of high quality wedding dress collections and accessories for your business at competitive prices. Shop our full range of bridal products today!","publisher":{"@id":"https:\/\/bridalfashion.com\/ro\/#organization"},"potentialAction":[{"@type":"SearchAction","target":{"@type":"EntryPoint","urlTemplate":"https:\/\/bridalfashion.com\/ro\/?s={search_term_string}"},"query-input":{"@type":"PropertyValueSpecification","valueRequired":true,"valueName":"search_term_string"}}],"inLanguage":"ro-RO"},{"@type":"Organization","@id":"https:\/\/bridalfashion.com\/ro\/#organization","name":"BRIDAL FASHION \u2122 | Luxurious Wedding Dresses &amp; Fashionable Gowns for Women, Girls and Kids","url":"https:\/\/bridalfashion.com\/ro\/","logo":{"@type":"ImageObject","inLanguage":"ro-RO","@id":"https:\/\/bridalfashion.com\/ro\/#\/schema\/logo\/image\/","url":"https:\/\/bridalfashion.com\/wp-content\/uploads\/2022\/05\/cropped-BFG.png","contentUrl":"https:\/\/bridalfashion.com\/wp-content\/uploads\/2022\/05\/cropped-BFG.png","width":1771,"height":119,"caption":"BRIDAL FASHION \u2122 | Luxurious Wedding Dresses &amp; Fashionable Gowns for Women, Girls and Kids"},"image":{"@id":"https:\/\/bridalfashion.com\/ro\/#\/schema\/logo\/image\/"}}]}},"_links":{"self":[{"href":"https:\/\/bridalfashion.com\/ro\/wp-json\/wp\/v2\/product\/13572","targetHints":{"allow":["GET"]}}],"collection":[{"href":"https:\/\/bridalfashion.com\/ro\/wp-json\/wp\/v2\/product"}],"about":[{"href":"https:\/\/bridalfashion.com\/ro\/wp-json\/wp\/v2\/types\/product"}],"replies":[{"embeddable":true,"href":"https:\/\/bridalfashion.com\/ro\/wp-json\/wp\/v2\/comments?post=13572"}],"wp:featuredmedia":[{"embeddable":true,"href":"https:\/\/bridalfashion.com\/ro\/wp-json\/wp\/v2\/media\/12660"}],"wp:attachment":[{"href":"https:\/\/bridalfashion.com\/ro\/wp-json\/wp\/v2\/media?parent=13572"}],"wp:term":[{"taxonomy":"product_brand","embeddable":true,"href":"https:\/\/bridalfashion.com\/ro\/wp-json\/wp\/v2\/product_brand?post=13572"},{"taxonomy":"product_cat","embeddable":true,"href":"https:\/\/bridalfashion.com\/ro\/wp-json\/wp\/v2\/product_cat?post=13572"},{"taxonomy":"product_tag","embeddable":true,"href":"https:\/\/bridalfashion.com\/ro\/wp-json\/wp\/v2\/product_tag?post=13572"}],"curies":[{"name":"wp","href":"https:\/\/api.w.org\/{rel}","templated":true}]}}