{"id":13566,"date":"2022-11-28T21:59:25","date_gmt":"2022-12-01T14:02:15","guid":{"rendered":"https:\/\/bridalfashion.com\/fara-categorie\/rochie-romantica-in-culori-pastelate-gia-bf0015\/"},"modified":"2022-12-01T16:02:15","modified_gmt":"2022-12-01T14:02:15","slug":"rochie-de-mireasa-eleganta-de-culoare-blanda-gia-bf0015","status":"publish","type":"product","link":"https:\/\/bridalfashion.com\/ro\/glamour-ro\/rochie-de-mireasa-eleganta-de-culoare-blanda-gia-bf0015\/","title":{"rendered":"Rochie romantic\u0103 \u00een culori pastelate GIA \u2013 BF0015"},"content":{"rendered":"<h2>Model GIA \u2013 rochie romantic\u0103 \u00een culori pastelate cu decor lux<\/h2>\n<p>Modelul GIA \u2013 o rochie de mireas\u0103 fermec\u0103toare \u00een culori ginga\u0219e la alegere: ivory, nude \u0219i ivory+cappuccino. Bustul semitransparent pe baz\u0103 de un corset dublat, m\u00e2neci \u00be, decor cu ghipur\u0103, cusut\u0103 cu cristale. Fusta magnific\u0103 stil \u201eprin\u021bes\u0103\u201d din tulle, acoperit\u0103 cu un r\u00e2nd de sclipici. La talie asamblat\u0103 \u00een numeroase falduri, partea de jos \u0219i trena lung\u0103 decorate cu aplica\u021bii din dantel\u0103. Fusta e lucrat\u0103 din tulle, acoperit\u0103 cu un r\u00e2nd de sclipici. Fusta este confec\u021bionat\u0103 din \u021bes\u0103tur\u0103 plas\u0103 \u0219i este decorat\u0103 cu hus\u0103 str\u0103lucitoare pulverizat\u0103.<\/p>\n<p>La infinit romantic\u0103, rochia GIA va crea o atmosfer\u0103 de nunt\u0103 deosebit de frumoas\u0103 \u0219i aristocratic\u0103.<\/p>\n","protected":false},"excerpt":{"rendered":"<p>Model GIA \u2013 rochie romantic\u0103 \u00een culori pastelate cu decor lux Modelul GIA \u2013 o rochie de mireas\u0103 fermec\u0103toare \u00een culori ginga\u0219e la alegere: ivory, nude \u0219i ivory+cappuccino. Bustul semitransparent pe baz\u0103 de un corset dublat, m\u00e2neci \u00be, decor cu ghipur\u0103, cusut\u0103 cu cristale. Fusta magnific\u0103 stil \u201eprin\u021bes\u0103\u201d din tulle, acoperit\u0103 cu un r\u00e2nd de&hellip;<\/p>\n","protected":false},"featured_media":12606,"comment_status":"open","ping_status":"closed","template":"","meta":[],"product_brand":[],"product_cat":[986],"product_tag":[],"class_list":{"0":"post-13566","1":"product","2":"type-product","3":"status-publish","4":"has-post-thumbnail","6":"product_cat-glamour-ro","8":"first","9":"instock","10":"taxable","11":"shipping-taxable","12":"product-type-simple"},"yoast_head":"<!-- This site is optimized with the Yoast SEO plugin v27.6 - https:\/\/yoast.com\/product\/yoast-seo-wordpress\/ -->\n<title>Rochie romantic\u0103 \u00een culori pastelate GIA \u2013 BF0015 - BRIDAL FASHION \u2122 | Luxurious Wedding Dresses &amp; Fashionable Gowns for Women, Girls and Kids<\/title>\n<meta name=\"description\" content=\"GIA \u2013 o rochie de mireas\u0103 minunat\u0103 \u00een culori ginga\u0219e la alegere. Bustul transparent cu m\u00e2neci \u00be, lucrat din dantel\u0103 \u0219i cristale. Fusta cu tren\u0103 bogat\u0103, acoperit\u0103 cu sclipici \u0219i decorat\u0103 cu aplica\u021bii. Model de rochie de mireas\u0103 BF0015.\" \/>\n<meta name=\"robots\" content=\"index, follow, max-snippet:-1, max-image-preview:large, max-video-preview:-1\" \/>\n<link rel=\"canonical\" href=\"https:\/\/bridalfashion.com\/ro\/glamour-ro\/rochie-de-mireasa-eleganta-de-culoare-blanda-gia-bf0015\/\" \/>\n<meta property=\"og:locale\" content=\"ro_RO\" \/>\n<meta property=\"og:type\" content=\"article\" \/>\n<meta property=\"og:title\" content=\"Rochie romantic\u0103 \u00een culori pastelate GIA \u2013 BF0015 - BRIDAL FASHION \u2122 | Luxurious Wedding Dresses &amp; Fashionable Gowns for Women, Girls and Kids\" \/>\n<meta property=\"og:description\" content=\"GIA \u2013 o rochie de mireas\u0103 minunat\u0103 \u00een culori ginga\u0219e la alegere. Bustul transparent cu m\u00e2neci \u00be, lucrat din dantel\u0103 \u0219i cristale. Fusta cu tren\u0103 bogat\u0103, acoperit\u0103 cu sclipici \u0219i decorat\u0103 cu aplica\u021bii. Model de rochie de mireas\u0103 BF0015.\" \/>\n<meta property=\"og:url\" content=\"https:\/\/bridalfashion.com\/ro\/glamour-ro\/rochie-de-mireasa-eleganta-de-culoare-blanda-gia-bf0015\/\" \/>\n<meta property=\"og:site_name\" content=\"BRIDAL FASHION \u2122 | Luxurious Wedding Dresses &amp; Fashionable Gowns for Women, Girls and Kids\" \/>\n<meta property=\"og:image\" content=\"https:\/\/bridalfashion.com\/wp-content\/uploads\/2022\/11\/BF00015_A.jpg\" \/>\n\t<meta property=\"og:image:width\" content=\"1516\" \/>\n\t<meta property=\"og:image:height\" content=\"2000\" \/>\n\t<meta property=\"og:image:type\" content=\"image\/jpeg\" \/>\n<meta name=\"twitter:card\" content=\"summary_large_image\" \/>\n<meta name=\"twitter:label1\" content=\"Timp estimat pentru citire\" \/>\n\t<meta name=\"twitter:data1\" content=\"1 minut\" \/>\n<script type=\"application\/ld+json\" class=\"yoast-schema-graph\">{\"@context\":\"https:\\\/\\\/schema.org\",\"@graph\":[{\"@type\":\"WebPage\",\"@id\":\"https:\\\/\\\/bridalfashion.com\\\/ro\\\/glamour-ro\\\/rochie-de-mireasa-eleganta-de-culoare-blanda-gia-bf0015\\\/\",\"url\":\"https:\\\/\\\/bridalfashion.com\\\/ro\\\/glamour-ro\\\/rochie-de-mireasa-eleganta-de-culoare-blanda-gia-bf0015\\\/\",\"name\":\"Rochie romantic\u0103 \u00een culori pastelate GIA \u2013 BF0015 - BRIDAL FASHION \u2122 | Luxurious Wedding Dresses &amp; Fashionable Gowns for Women, Girls and Kids\",\"isPartOf\":{\"@id\":\"https:\\\/\\\/bridalfashion.com\\\/ro\\\/#website\"},\"primaryImageOfPage\":{\"@id\":\"https:\\\/\\\/bridalfashion.com\\\/ro\\\/glamour-ro\\\/rochie-de-mireasa-eleganta-de-culoare-blanda-gia-bf0015\\\/#primaryimage\"},\"image\":{\"@id\":\"https:\\\/\\\/bridalfashion.com\\\/ro\\\/glamour-ro\\\/rochie-de-mireasa-eleganta-de-culoare-blanda-gia-bf0015\\\/#primaryimage\"},\"thumbnailUrl\":\"https:\\\/\\\/bridalfashion.com\\\/wp-content\\\/uploads\\\/2022\\\/11\\\/BF00015_A.jpg\",\"datePublished\":\"2022-12-01T14:02:15+00:00\",\"description\":\"GIA \u2013 o rochie de mireas\u0103 minunat\u0103 \u00een culori ginga\u0219e la alegere. Bustul transparent cu m\u00e2neci \u00be, lucrat din dantel\u0103 \u0219i cristale. Fusta cu tren\u0103 bogat\u0103, acoperit\u0103 cu sclipici \u0219i decorat\u0103 cu aplica\u021bii. Model de rochie de mireas\u0103 BF0015.\",\"breadcrumb\":{\"@id\":\"https:\\\/\\\/bridalfashion.com\\\/ro\\\/glamour-ro\\\/rochie-de-mireasa-eleganta-de-culoare-blanda-gia-bf0015\\\/#breadcrumb\"},\"inLanguage\":\"ro-RO\",\"potentialAction\":[{\"@type\":\"ReadAction\",\"target\":[\"https:\\\/\\\/bridalfashion.com\\\/ro\\\/glamour-ro\\\/rochie-de-mireasa-eleganta-de-culoare-blanda-gia-bf0015\\\/\"]}]},{\"@type\":\"ImageObject\",\"inLanguage\":\"ro-RO\",\"@id\":\"https:\\\/\\\/bridalfashion.com\\\/ro\\\/glamour-ro\\\/rochie-de-mireasa-eleganta-de-culoare-blanda-gia-bf0015\\\/#primaryimage\",\"url\":\"https:\\\/\\\/bridalfashion.com\\\/wp-content\\\/uploads\\\/2022\\\/11\\\/BF00015_A.jpg\",\"contentUrl\":\"https:\\\/\\\/bridalfashion.com\\\/wp-content\\\/uploads\\\/2022\\\/11\\\/BF00015_A.jpg\",\"width\":1516,\"height\":2000,\"caption\":\"Wedding Dress GIA - BF0015\"},{\"@type\":\"BreadcrumbList\",\"@id\":\"https:\\\/\\\/bridalfashion.com\\\/ro\\\/glamour-ro\\\/rochie-de-mireasa-eleganta-de-culoare-blanda-gia-bf0015\\\/#breadcrumb\",\"itemListElement\":[{\"@type\":\"ListItem\",\"position\":1,\"name\":\"Home\",\"item\":\"https:\\\/\\\/bridalfashion.com\\\/ro\\\/\"},{\"@type\":\"ListItem\",\"position\":2,\"name\":\"Shop\",\"item\":\"https:\\\/\\\/bridalfashion.com\\\/shop-2\\\/\"},{\"@type\":\"ListItem\",\"position\":3,\"name\":\"Rochie romantic\u0103 \u00een culori pastelate GIA \u2013 BF0015\"}]},{\"@type\":\"WebSite\",\"@id\":\"https:\\\/\\\/bridalfashion.com\\\/ro\\\/#website\",\"url\":\"https:\\\/\\\/bridalfashion.com\\\/ro\\\/\",\"name\":\"BRIDAL FASHION \u2122 | Luxurious Wedding Dresses &amp; Fashionable Gowns for Women, Girls and Kids\",\"description\":\"Welcome the leading manufacturer and supplier of wedding dresses. We offer in wholesale a large selection of high quality wedding dress collections and accessories for your business at competitive prices. Shop our full range of bridal products today!\",\"publisher\":{\"@id\":\"https:\\\/\\\/bridalfashion.com\\\/ro\\\/#organization\"},\"potentialAction\":[{\"@type\":\"SearchAction\",\"target\":{\"@type\":\"EntryPoint\",\"urlTemplate\":\"https:\\\/\\\/bridalfashion.com\\\/ro\\\/?s={search_term_string}\"},\"query-input\":{\"@type\":\"PropertyValueSpecification\",\"valueRequired\":true,\"valueName\":\"search_term_string\"}}],\"inLanguage\":\"ro-RO\"},{\"@type\":\"Organization\",\"@id\":\"https:\\\/\\\/bridalfashion.com\\\/ro\\\/#organization\",\"name\":\"BRIDAL FASHION \u2122 | Luxurious Wedding Dresses &amp; Fashionable Gowns for Women, Girls and Kids\",\"url\":\"https:\\\/\\\/bridalfashion.com\\\/ro\\\/\",\"logo\":{\"@type\":\"ImageObject\",\"inLanguage\":\"ro-RO\",\"@id\":\"https:\\\/\\\/bridalfashion.com\\\/ro\\\/#\\\/schema\\\/logo\\\/image\\\/\",\"url\":\"https:\\\/\\\/bridalfashion.com\\\/wp-content\\\/uploads\\\/2022\\\/05\\\/cropped-BFG.png\",\"contentUrl\":\"https:\\\/\\\/bridalfashion.com\\\/wp-content\\\/uploads\\\/2022\\\/05\\\/cropped-BFG.png\",\"width\":1771,\"height\":119,\"caption\":\"BRIDAL FASHION \u2122 | Luxurious Wedding Dresses &amp; Fashionable Gowns for Women, Girls and Kids\"},\"image\":{\"@id\":\"https:\\\/\\\/bridalfashion.com\\\/ro\\\/#\\\/schema\\\/logo\\\/image\\\/\"}}]}<\/script>\n<!-- \/ Yoast SEO plugin. -->","yoast_head_json":{"title":"Rochie romantic\u0103 \u00een culori pastelate GIA \u2013 BF0015 - BRIDAL FASHION \u2122 | Luxurious Wedding Dresses &amp; Fashionable Gowns for Women, Girls and Kids","description":"GIA \u2013 o rochie de mireas\u0103 minunat\u0103 \u00een culori ginga\u0219e la alegere. Bustul transparent cu m\u00e2neci \u00be, lucrat din dantel\u0103 \u0219i cristale. Fusta cu tren\u0103 bogat\u0103, acoperit\u0103 cu sclipici \u0219i decorat\u0103 cu aplica\u021bii. Model de rochie de mireas\u0103 BF0015.","robots":{"index":"index","follow":"follow","max-snippet":"max-snippet:-1","max-image-preview":"max-image-preview:large","max-video-preview":"max-video-preview:-1"},"canonical":"https:\/\/bridalfashion.com\/ro\/glamour-ro\/rochie-de-mireasa-eleganta-de-culoare-blanda-gia-bf0015\/","og_locale":"ro_RO","og_type":"article","og_title":"Rochie romantic\u0103 \u00een culori pastelate GIA \u2013 BF0015 - BRIDAL FASHION \u2122 | Luxurious Wedding Dresses &amp; Fashionable Gowns for Women, Girls and Kids","og_description":"GIA \u2013 o rochie de mireas\u0103 minunat\u0103 \u00een culori ginga\u0219e la alegere. Bustul transparent cu m\u00e2neci \u00be, lucrat din dantel\u0103 \u0219i cristale. Fusta cu tren\u0103 bogat\u0103, acoperit\u0103 cu sclipici \u0219i decorat\u0103 cu aplica\u021bii. Model de rochie de mireas\u0103 BF0015.","og_url":"https:\/\/bridalfashion.com\/ro\/glamour-ro\/rochie-de-mireasa-eleganta-de-culoare-blanda-gia-bf0015\/","og_site_name":"BRIDAL FASHION \u2122 | Luxurious Wedding Dresses &amp; Fashionable Gowns for Women, Girls and Kids","og_image":[{"width":1516,"height":2000,"url":"https:\/\/bridalfashion.com\/wp-content\/uploads\/2022\/11\/BF00015_A.jpg","type":"image\/jpeg"}],"twitter_card":"summary_large_image","twitter_misc":{"Timp estimat pentru citire":"1 minut"},"schema":{"@context":"https:\/\/schema.org","@graph":[{"@type":"WebPage","@id":"https:\/\/bridalfashion.com\/ro\/glamour-ro\/rochie-de-mireasa-eleganta-de-culoare-blanda-gia-bf0015\/","url":"https:\/\/bridalfashion.com\/ro\/glamour-ro\/rochie-de-mireasa-eleganta-de-culoare-blanda-gia-bf0015\/","name":"Rochie romantic\u0103 \u00een culori pastelate GIA \u2013 BF0015 - BRIDAL FASHION \u2122 | Luxurious Wedding Dresses &amp; Fashionable Gowns for Women, Girls and Kids","isPartOf":{"@id":"https:\/\/bridalfashion.com\/ro\/#website"},"primaryImageOfPage":{"@id":"https:\/\/bridalfashion.com\/ro\/glamour-ro\/rochie-de-mireasa-eleganta-de-culoare-blanda-gia-bf0015\/#primaryimage"},"image":{"@id":"https:\/\/bridalfashion.com\/ro\/glamour-ro\/rochie-de-mireasa-eleganta-de-culoare-blanda-gia-bf0015\/#primaryimage"},"thumbnailUrl":"https:\/\/bridalfashion.com\/wp-content\/uploads\/2022\/11\/BF00015_A.jpg","datePublished":"2022-12-01T14:02:15+00:00","description":"GIA \u2013 o rochie de mireas\u0103 minunat\u0103 \u00een culori ginga\u0219e la alegere. Bustul transparent cu m\u00e2neci \u00be, lucrat din dantel\u0103 \u0219i cristale. Fusta cu tren\u0103 bogat\u0103, acoperit\u0103 cu sclipici \u0219i decorat\u0103 cu aplica\u021bii. Model de rochie de mireas\u0103 BF0015.","breadcrumb":{"@id":"https:\/\/bridalfashion.com\/ro\/glamour-ro\/rochie-de-mireasa-eleganta-de-culoare-blanda-gia-bf0015\/#breadcrumb"},"inLanguage":"ro-RO","potentialAction":[{"@type":"ReadAction","target":["https:\/\/bridalfashion.com\/ro\/glamour-ro\/rochie-de-mireasa-eleganta-de-culoare-blanda-gia-bf0015\/"]}]},{"@type":"ImageObject","inLanguage":"ro-RO","@id":"https:\/\/bridalfashion.com\/ro\/glamour-ro\/rochie-de-mireasa-eleganta-de-culoare-blanda-gia-bf0015\/#primaryimage","url":"https:\/\/bridalfashion.com\/wp-content\/uploads\/2022\/11\/BF00015_A.jpg","contentUrl":"https:\/\/bridalfashion.com\/wp-content\/uploads\/2022\/11\/BF00015_A.jpg","width":1516,"height":2000,"caption":"Wedding Dress GIA - BF0015"},{"@type":"BreadcrumbList","@id":"https:\/\/bridalfashion.com\/ro\/glamour-ro\/rochie-de-mireasa-eleganta-de-culoare-blanda-gia-bf0015\/#breadcrumb","itemListElement":[{"@type":"ListItem","position":1,"name":"Home","item":"https:\/\/bridalfashion.com\/ro\/"},{"@type":"ListItem","position":2,"name":"Shop","item":"https:\/\/bridalfashion.com\/shop-2\/"},{"@type":"ListItem","position":3,"name":"Rochie romantic\u0103 \u00een culori pastelate GIA \u2013 BF0015"}]},{"@type":"WebSite","@id":"https:\/\/bridalfashion.com\/ro\/#website","url":"https:\/\/bridalfashion.com\/ro\/","name":"BRIDAL FASHION \u2122 | Luxurious Wedding Dresses &amp; Fashionable Gowns for Women, Girls and Kids","description":"Welcome the leading manufacturer and supplier of wedding dresses. We offer in wholesale a large selection of high quality wedding dress collections and accessories for your business at competitive prices. Shop our full range of bridal products today!","publisher":{"@id":"https:\/\/bridalfashion.com\/ro\/#organization"},"potentialAction":[{"@type":"SearchAction","target":{"@type":"EntryPoint","urlTemplate":"https:\/\/bridalfashion.com\/ro\/?s={search_term_string}"},"query-input":{"@type":"PropertyValueSpecification","valueRequired":true,"valueName":"search_term_string"}}],"inLanguage":"ro-RO"},{"@type":"Organization","@id":"https:\/\/bridalfashion.com\/ro\/#organization","name":"BRIDAL FASHION \u2122 | Luxurious Wedding Dresses &amp; Fashionable Gowns for Women, Girls and Kids","url":"https:\/\/bridalfashion.com\/ro\/","logo":{"@type":"ImageObject","inLanguage":"ro-RO","@id":"https:\/\/bridalfashion.com\/ro\/#\/schema\/logo\/image\/","url":"https:\/\/bridalfashion.com\/wp-content\/uploads\/2022\/05\/cropped-BFG.png","contentUrl":"https:\/\/bridalfashion.com\/wp-content\/uploads\/2022\/05\/cropped-BFG.png","width":1771,"height":119,"caption":"BRIDAL FASHION \u2122 | Luxurious Wedding Dresses &amp; Fashionable Gowns for Women, Girls and Kids"},"image":{"@id":"https:\/\/bridalfashion.com\/ro\/#\/schema\/logo\/image\/"}}]}},"_links":{"self":[{"href":"https:\/\/bridalfashion.com\/ro\/wp-json\/wp\/v2\/product\/13566","targetHints":{"allow":["GET"]}}],"collection":[{"href":"https:\/\/bridalfashion.com\/ro\/wp-json\/wp\/v2\/product"}],"about":[{"href":"https:\/\/bridalfashion.com\/ro\/wp-json\/wp\/v2\/types\/product"}],"replies":[{"embeddable":true,"href":"https:\/\/bridalfashion.com\/ro\/wp-json\/wp\/v2\/comments?post=13566"}],"wp:featuredmedia":[{"embeddable":true,"href":"https:\/\/bridalfashion.com\/ro\/wp-json\/wp\/v2\/media\/12606"}],"wp:attachment":[{"href":"https:\/\/bridalfashion.com\/ro\/wp-json\/wp\/v2\/media?parent=13566"}],"wp:term":[{"taxonomy":"product_brand","embeddable":true,"href":"https:\/\/bridalfashion.com\/ro\/wp-json\/wp\/v2\/product_brand?post=13566"},{"taxonomy":"product_cat","embeddable":true,"href":"https:\/\/bridalfashion.com\/ro\/wp-json\/wp\/v2\/product_cat?post=13566"},{"taxonomy":"product_tag","embeddable":true,"href":"https:\/\/bridalfashion.com\/ro\/wp-json\/wp\/v2\/product_tag?post=13566"}],"curies":[{"name":"wp","href":"https:\/\/api.w.org\/{rel}","templated":true}]}}