{"id":13560,"date":"2022-11-28T21:53:46","date_gmt":"2022-12-01T13:47:22","guid":{"rendered":"https:\/\/bridalfashion.com\/fara-categorie\/rochie-delicata-si-usoara-giulietta-bf0013\/"},"modified":"2022-12-01T15:47:22","modified_gmt":"2022-12-01T13:47:22","slug":"rochie-clasic-stil-printesa-giulietta-bf0013","status":"publish","type":"product","link":"https:\/\/bridalfashion.com\/ro\/glamour-ro\/rochie-clasic-stil-printesa-giulietta-bf0013\/","title":{"rendered":"Rochie delicat\u0103 \u0219i u\u0219oar\u0103 GIULIETTA \u2013 BF0013"},"content":{"rendered":"<h2>Descrierea modelului GIULIETTA<\/h2>\n<p>Modelul GIULIETTA \u2013 rochie delicat\u0103 \u0219i u\u0219oar\u0103, clasic\u0103 stil \u201eprin\u021bes\u0103\u201d, care poate fi aleas\u0103 \u00een culorile: ivory sau cappuccino. Corsetul transparent, prelucrat cu dantel\u0103 fran\u021buzeasc\u0103, av\u00e2nd partea de sus cu bretele c\u0103zute atr\u0103g\u0103toare \u0219i spatele decupat seductiv. Sistem de \u00eenchidere \u2013 \u0219iret original din panglic\u0103 de saten, ce permite s\u0103 ajusta\u021bi rochia pe corp. Decorul din dantel\u0103 este des\u0103v\u00e2r\u0219it cu cristale cusute de m\u00e2n\u0103. Fusta perfect\u0103 \u00een A din tulle, cu o tren\u0103 bogat\u0103, pe \u00eentreaga lungime decorat\u0103 cu aplica\u021bii din dantel\u0103 \u0219i paiete. \u00cen talie \u0219i \u00een partea de jos dantela trece \u00een festoane sofisticate \u00een relief.<\/p>\n<p>Rochia rafinat\u0103 de la BRIDAL FASHION \u2013 este alegerea perfect\u0103 pentru o natur\u0103 romantic\u0103<\/p>\n","protected":false},"excerpt":{"rendered":"<p>Descrierea modelului GIULIETTA Modelul GIULIETTA \u2013 rochie delicat\u0103 \u0219i u\u0219oar\u0103, clasic\u0103 stil \u201eprin\u021bes\u0103\u201d, care poate fi aleas\u0103 \u00een culorile: ivory sau cappuccino. Corsetul transparent, prelucrat cu dantel\u0103 fran\u021buzeasc\u0103, av\u00e2nd partea de sus cu bretele c\u0103zute atr\u0103g\u0103toare \u0219i spatele decupat seductiv. Sistem de \u00eenchidere \u2013 \u0219iret original din panglic\u0103 de saten, ce permite s\u0103 ajusta\u021bi rochia&hellip;<\/p>\n","protected":false},"featured_media":12548,"comment_status":"open","ping_status":"closed","template":"","meta":[],"product_brand":[],"product_cat":[986],"product_tag":[],"class_list":{"0":"post-13560","1":"product","2":"type-product","3":"status-publish","4":"has-post-thumbnail","6":"product_cat-glamour-ro","8":"first","9":"instock","10":"taxable","11":"shipping-taxable","12":"product-type-simple"},"yoast_head":"<!-- This site is optimized with the Yoast SEO plugin v27.5 - https:\/\/yoast.com\/product\/yoast-seo-wordpress\/ -->\n<title>Rochie delicat\u0103 \u0219i u\u0219oar\u0103 GIULIETTA \u2013 BF0013 - BRIDAL FASHION \u2122 | Luxurious Wedding Dresses &amp; Fashionable Gowns for Women, Girls and Kids<\/title>\n<meta name=\"description\" content=\"GIULIETTA \u2013 rochie clasic\u0103 gen \u201cprin\u021bes\u0103\u201d cu decor din dantel\u0103 pe un corset transparent \u0219i pe fusta cu tren\u0103. Rochia este cusut\u0103 \u00een \u00eentregime cu cristale \u0219i paiete, \u00een talie dantela trece \u00een festoane. Model de rochie de mireas\u0103 BF0013.\" \/>\n<meta name=\"robots\" content=\"index, follow, max-snippet:-1, max-image-preview:large, max-video-preview:-1\" \/>\n<link rel=\"canonical\" href=\"https:\/\/bridalfashion.com\/ro\/glamour-ro\/rochie-clasic-stil-printesa-giulietta-bf0013\/\" \/>\n<meta property=\"og:locale\" content=\"ro_RO\" \/>\n<meta property=\"og:type\" content=\"article\" \/>\n<meta property=\"og:title\" content=\"Rochie delicat\u0103 \u0219i u\u0219oar\u0103 GIULIETTA \u2013 BF0013 - BRIDAL FASHION \u2122 | Luxurious Wedding Dresses &amp; Fashionable Gowns for Women, Girls and Kids\" \/>\n<meta property=\"og:description\" content=\"GIULIETTA \u2013 rochie clasic\u0103 gen \u201cprin\u021bes\u0103\u201d cu decor din dantel\u0103 pe un corset transparent \u0219i pe fusta cu tren\u0103. Rochia este cusut\u0103 \u00een \u00eentregime cu cristale \u0219i paiete, \u00een talie dantela trece \u00een festoane. Model de rochie de mireas\u0103 BF0013.\" \/>\n<meta property=\"og:url\" content=\"https:\/\/bridalfashion.com\/ro\/glamour-ro\/rochie-clasic-stil-printesa-giulietta-bf0013\/\" \/>\n<meta property=\"og:site_name\" content=\"BRIDAL FASHION \u2122 | Luxurious Wedding Dresses &amp; Fashionable Gowns for Women, Girls and Kids\" \/>\n<meta property=\"og:image\" content=\"https:\/\/bridalfashion.com\/wp-content\/uploads\/2022\/11\/BF00013_A.jpg\" \/>\n\t<meta property=\"og:image:width\" content=\"1516\" \/>\n\t<meta property=\"og:image:height\" content=\"2000\" \/>\n\t<meta property=\"og:image:type\" content=\"image\/jpeg\" \/>\n<meta name=\"twitter:card\" content=\"summary_large_image\" \/>\n<meta name=\"twitter:label1\" content=\"Timp estimat pentru citire\" \/>\n\t<meta name=\"twitter:data1\" content=\"1 minut\" \/>\n<script type=\"application\/ld+json\" class=\"yoast-schema-graph\">{\"@context\":\"https:\\\/\\\/schema.org\",\"@graph\":[{\"@type\":\"WebPage\",\"@id\":\"https:\\\/\\\/bridalfashion.com\\\/ro\\\/glamour-ro\\\/rochie-clasic-stil-printesa-giulietta-bf0013\\\/\",\"url\":\"https:\\\/\\\/bridalfashion.com\\\/ro\\\/glamour-ro\\\/rochie-clasic-stil-printesa-giulietta-bf0013\\\/\",\"name\":\"Rochie delicat\u0103 \u0219i u\u0219oar\u0103 GIULIETTA \u2013 BF0013 - BRIDAL FASHION \u2122 | Luxurious Wedding Dresses &amp; Fashionable Gowns for Women, Girls and Kids\",\"isPartOf\":{\"@id\":\"https:\\\/\\\/bridalfashion.com\\\/ro\\\/#website\"},\"primaryImageOfPage\":{\"@id\":\"https:\\\/\\\/bridalfashion.com\\\/ro\\\/glamour-ro\\\/rochie-clasic-stil-printesa-giulietta-bf0013\\\/#primaryimage\"},\"image\":{\"@id\":\"https:\\\/\\\/bridalfashion.com\\\/ro\\\/glamour-ro\\\/rochie-clasic-stil-printesa-giulietta-bf0013\\\/#primaryimage\"},\"thumbnailUrl\":\"https:\\\/\\\/bridalfashion.com\\\/wp-content\\\/uploads\\\/2022\\\/11\\\/BF00013_A.jpg\",\"datePublished\":\"2022-12-01T13:47:22+00:00\",\"description\":\"GIULIETTA \u2013 rochie clasic\u0103 gen \u201cprin\u021bes\u0103\u201d cu decor din dantel\u0103 pe un corset transparent \u0219i pe fusta cu tren\u0103. Rochia este cusut\u0103 \u00een \u00eentregime cu cristale \u0219i paiete, \u00een talie dantela trece \u00een festoane. Model de rochie de mireas\u0103 BF0013.\",\"breadcrumb\":{\"@id\":\"https:\\\/\\\/bridalfashion.com\\\/ro\\\/glamour-ro\\\/rochie-clasic-stil-printesa-giulietta-bf0013\\\/#breadcrumb\"},\"inLanguage\":\"ro-RO\",\"potentialAction\":[{\"@type\":\"ReadAction\",\"target\":[\"https:\\\/\\\/bridalfashion.com\\\/ro\\\/glamour-ro\\\/rochie-clasic-stil-printesa-giulietta-bf0013\\\/\"]}]},{\"@type\":\"ImageObject\",\"inLanguage\":\"ro-RO\",\"@id\":\"https:\\\/\\\/bridalfashion.com\\\/ro\\\/glamour-ro\\\/rochie-clasic-stil-printesa-giulietta-bf0013\\\/#primaryimage\",\"url\":\"https:\\\/\\\/bridalfashion.com\\\/wp-content\\\/uploads\\\/2022\\\/11\\\/BF00013_A.jpg\",\"contentUrl\":\"https:\\\/\\\/bridalfashion.com\\\/wp-content\\\/uploads\\\/2022\\\/11\\\/BF00013_A.jpg\",\"width\":1516,\"height\":2000,\"caption\":\"Wedding Dress GIULIETTA - BF0013\"},{\"@type\":\"BreadcrumbList\",\"@id\":\"https:\\\/\\\/bridalfashion.com\\\/ro\\\/glamour-ro\\\/rochie-clasic-stil-printesa-giulietta-bf0013\\\/#breadcrumb\",\"itemListElement\":[{\"@type\":\"ListItem\",\"position\":1,\"name\":\"Home\",\"item\":\"https:\\\/\\\/bridalfashion.com\\\/ro\\\/\"},{\"@type\":\"ListItem\",\"position\":2,\"name\":\"Shop\",\"item\":\"https:\\\/\\\/bridalfashion.com\\\/shop-2\\\/\"},{\"@type\":\"ListItem\",\"position\":3,\"name\":\"Rochie delicat\u0103 \u0219i u\u0219oar\u0103 GIULIETTA \u2013 BF0013\"}]},{\"@type\":\"WebSite\",\"@id\":\"https:\\\/\\\/bridalfashion.com\\\/ro\\\/#website\",\"url\":\"https:\\\/\\\/bridalfashion.com\\\/ro\\\/\",\"name\":\"BRIDAL FASHION \u2122 | Luxurious Wedding Dresses &amp; Fashionable Gowns for Women, Girls and Kids\",\"description\":\"Welcome the leading manufacturer and supplier of wedding dresses. We offer in wholesale a large selection of high quality wedding dress collections and accessories for your business at competitive prices. Shop our full range of bridal products today!\",\"publisher\":{\"@id\":\"https:\\\/\\\/bridalfashion.com\\\/ro\\\/#organization\"},\"potentialAction\":[{\"@type\":\"SearchAction\",\"target\":{\"@type\":\"EntryPoint\",\"urlTemplate\":\"https:\\\/\\\/bridalfashion.com\\\/ro\\\/?s={search_term_string}\"},\"query-input\":{\"@type\":\"PropertyValueSpecification\",\"valueRequired\":true,\"valueName\":\"search_term_string\"}}],\"inLanguage\":\"ro-RO\"},{\"@type\":\"Organization\",\"@id\":\"https:\\\/\\\/bridalfashion.com\\\/ro\\\/#organization\",\"name\":\"BRIDAL FASHION \u2122 | Luxurious Wedding Dresses &amp; Fashionable Gowns for Women, Girls and Kids\",\"url\":\"https:\\\/\\\/bridalfashion.com\\\/ro\\\/\",\"logo\":{\"@type\":\"ImageObject\",\"inLanguage\":\"ro-RO\",\"@id\":\"https:\\\/\\\/bridalfashion.com\\\/ro\\\/#\\\/schema\\\/logo\\\/image\\\/\",\"url\":\"https:\\\/\\\/bridalfashion.com\\\/wp-content\\\/uploads\\\/2022\\\/05\\\/cropped-BFG.png\",\"contentUrl\":\"https:\\\/\\\/bridalfashion.com\\\/wp-content\\\/uploads\\\/2022\\\/05\\\/cropped-BFG.png\",\"width\":1771,\"height\":119,\"caption\":\"BRIDAL FASHION \u2122 | Luxurious Wedding Dresses &amp; Fashionable Gowns for Women, Girls and Kids\"},\"image\":{\"@id\":\"https:\\\/\\\/bridalfashion.com\\\/ro\\\/#\\\/schema\\\/logo\\\/image\\\/\"}}]}<\/script>\n<!-- \/ Yoast SEO plugin. -->","yoast_head_json":{"title":"Rochie delicat\u0103 \u0219i u\u0219oar\u0103 GIULIETTA \u2013 BF0013 - BRIDAL FASHION \u2122 | Luxurious Wedding Dresses &amp; Fashionable Gowns for Women, Girls and Kids","description":"GIULIETTA \u2013 rochie clasic\u0103 gen \u201cprin\u021bes\u0103\u201d cu decor din dantel\u0103 pe un corset transparent \u0219i pe fusta cu tren\u0103. Rochia este cusut\u0103 \u00een \u00eentregime cu cristale \u0219i paiete, \u00een talie dantela trece \u00een festoane. Model de rochie de mireas\u0103 BF0013.","robots":{"index":"index","follow":"follow","max-snippet":"max-snippet:-1","max-image-preview":"max-image-preview:large","max-video-preview":"max-video-preview:-1"},"canonical":"https:\/\/bridalfashion.com\/ro\/glamour-ro\/rochie-clasic-stil-printesa-giulietta-bf0013\/","og_locale":"ro_RO","og_type":"article","og_title":"Rochie delicat\u0103 \u0219i u\u0219oar\u0103 GIULIETTA \u2013 BF0013 - BRIDAL FASHION \u2122 | Luxurious Wedding Dresses &amp; Fashionable Gowns for Women, Girls and Kids","og_description":"GIULIETTA \u2013 rochie clasic\u0103 gen \u201cprin\u021bes\u0103\u201d cu decor din dantel\u0103 pe un corset transparent \u0219i pe fusta cu tren\u0103. Rochia este cusut\u0103 \u00een \u00eentregime cu cristale \u0219i paiete, \u00een talie dantela trece \u00een festoane. Model de rochie de mireas\u0103 BF0013.","og_url":"https:\/\/bridalfashion.com\/ro\/glamour-ro\/rochie-clasic-stil-printesa-giulietta-bf0013\/","og_site_name":"BRIDAL FASHION \u2122 | Luxurious Wedding Dresses &amp; Fashionable Gowns for Women, Girls and Kids","og_image":[{"width":1516,"height":2000,"url":"https:\/\/bridalfashion.com\/wp-content\/uploads\/2022\/11\/BF00013_A.jpg","type":"image\/jpeg"}],"twitter_card":"summary_large_image","twitter_misc":{"Timp estimat pentru citire":"1 minut"},"schema":{"@context":"https:\/\/schema.org","@graph":[{"@type":"WebPage","@id":"https:\/\/bridalfashion.com\/ro\/glamour-ro\/rochie-clasic-stil-printesa-giulietta-bf0013\/","url":"https:\/\/bridalfashion.com\/ro\/glamour-ro\/rochie-clasic-stil-printesa-giulietta-bf0013\/","name":"Rochie delicat\u0103 \u0219i u\u0219oar\u0103 GIULIETTA \u2013 BF0013 - BRIDAL FASHION \u2122 | Luxurious Wedding Dresses &amp; Fashionable Gowns for Women, Girls and Kids","isPartOf":{"@id":"https:\/\/bridalfashion.com\/ro\/#website"},"primaryImageOfPage":{"@id":"https:\/\/bridalfashion.com\/ro\/glamour-ro\/rochie-clasic-stil-printesa-giulietta-bf0013\/#primaryimage"},"image":{"@id":"https:\/\/bridalfashion.com\/ro\/glamour-ro\/rochie-clasic-stil-printesa-giulietta-bf0013\/#primaryimage"},"thumbnailUrl":"https:\/\/bridalfashion.com\/wp-content\/uploads\/2022\/11\/BF00013_A.jpg","datePublished":"2022-12-01T13:47:22+00:00","description":"GIULIETTA \u2013 rochie clasic\u0103 gen \u201cprin\u021bes\u0103\u201d cu decor din dantel\u0103 pe un corset transparent \u0219i pe fusta cu tren\u0103. Rochia este cusut\u0103 \u00een \u00eentregime cu cristale \u0219i paiete, \u00een talie dantela trece \u00een festoane. Model de rochie de mireas\u0103 BF0013.","breadcrumb":{"@id":"https:\/\/bridalfashion.com\/ro\/glamour-ro\/rochie-clasic-stil-printesa-giulietta-bf0013\/#breadcrumb"},"inLanguage":"ro-RO","potentialAction":[{"@type":"ReadAction","target":["https:\/\/bridalfashion.com\/ro\/glamour-ro\/rochie-clasic-stil-printesa-giulietta-bf0013\/"]}]},{"@type":"ImageObject","inLanguage":"ro-RO","@id":"https:\/\/bridalfashion.com\/ro\/glamour-ro\/rochie-clasic-stil-printesa-giulietta-bf0013\/#primaryimage","url":"https:\/\/bridalfashion.com\/wp-content\/uploads\/2022\/11\/BF00013_A.jpg","contentUrl":"https:\/\/bridalfashion.com\/wp-content\/uploads\/2022\/11\/BF00013_A.jpg","width":1516,"height":2000,"caption":"Wedding Dress GIULIETTA - BF0013"},{"@type":"BreadcrumbList","@id":"https:\/\/bridalfashion.com\/ro\/glamour-ro\/rochie-clasic-stil-printesa-giulietta-bf0013\/#breadcrumb","itemListElement":[{"@type":"ListItem","position":1,"name":"Home","item":"https:\/\/bridalfashion.com\/ro\/"},{"@type":"ListItem","position":2,"name":"Shop","item":"https:\/\/bridalfashion.com\/shop-2\/"},{"@type":"ListItem","position":3,"name":"Rochie delicat\u0103 \u0219i u\u0219oar\u0103 GIULIETTA \u2013 BF0013"}]},{"@type":"WebSite","@id":"https:\/\/bridalfashion.com\/ro\/#website","url":"https:\/\/bridalfashion.com\/ro\/","name":"BRIDAL FASHION \u2122 | Luxurious Wedding Dresses &amp; Fashionable Gowns for Women, Girls and Kids","description":"Welcome the leading manufacturer and supplier of wedding dresses. We offer in wholesale a large selection of high quality wedding dress collections and accessories for your business at competitive prices. Shop our full range of bridal products today!","publisher":{"@id":"https:\/\/bridalfashion.com\/ro\/#organization"},"potentialAction":[{"@type":"SearchAction","target":{"@type":"EntryPoint","urlTemplate":"https:\/\/bridalfashion.com\/ro\/?s={search_term_string}"},"query-input":{"@type":"PropertyValueSpecification","valueRequired":true,"valueName":"search_term_string"}}],"inLanguage":"ro-RO"},{"@type":"Organization","@id":"https:\/\/bridalfashion.com\/ro\/#organization","name":"BRIDAL FASHION \u2122 | Luxurious Wedding Dresses &amp; Fashionable Gowns for Women, Girls and Kids","url":"https:\/\/bridalfashion.com\/ro\/","logo":{"@type":"ImageObject","inLanguage":"ro-RO","@id":"https:\/\/bridalfashion.com\/ro\/#\/schema\/logo\/image\/","url":"https:\/\/bridalfashion.com\/wp-content\/uploads\/2022\/05\/cropped-BFG.png","contentUrl":"https:\/\/bridalfashion.com\/wp-content\/uploads\/2022\/05\/cropped-BFG.png","width":1771,"height":119,"caption":"BRIDAL FASHION \u2122 | Luxurious Wedding Dresses &amp; Fashionable Gowns for Women, Girls and Kids"},"image":{"@id":"https:\/\/bridalfashion.com\/ro\/#\/schema\/logo\/image\/"}}]}},"_links":{"self":[{"href":"https:\/\/bridalfashion.com\/ro\/wp-json\/wp\/v2\/product\/13560","targetHints":{"allow":["GET"]}}],"collection":[{"href":"https:\/\/bridalfashion.com\/ro\/wp-json\/wp\/v2\/product"}],"about":[{"href":"https:\/\/bridalfashion.com\/ro\/wp-json\/wp\/v2\/types\/product"}],"replies":[{"embeddable":true,"href":"https:\/\/bridalfashion.com\/ro\/wp-json\/wp\/v2\/comments?post=13560"}],"wp:featuredmedia":[{"embeddable":true,"href":"https:\/\/bridalfashion.com\/ro\/wp-json\/wp\/v2\/media\/12548"}],"wp:attachment":[{"href":"https:\/\/bridalfashion.com\/ro\/wp-json\/wp\/v2\/media?parent=13560"}],"wp:term":[{"taxonomy":"product_brand","embeddable":true,"href":"https:\/\/bridalfashion.com\/ro\/wp-json\/wp\/v2\/product_brand?post=13560"},{"taxonomy":"product_cat","embeddable":true,"href":"https:\/\/bridalfashion.com\/ro\/wp-json\/wp\/v2\/product_cat?post=13560"},{"taxonomy":"product_tag","embeddable":true,"href":"https:\/\/bridalfashion.com\/ro\/wp-json\/wp\/v2\/product_tag?post=13560"}],"curies":[{"name":"wp","href":"https:\/\/api.w.org\/{rel}","templated":true}]}}