{"id":13557,"date":"2022-11-28T21:46:43","date_gmt":"2022-12-01T13:22:24","guid":{"rendered":"https:\/\/bridalfashion.com\/fara-categorie\/rochie-de-mireasa-in-culoare-gingasa-geraldine-bf0012\/"},"modified":"2022-12-01T15:22:24","modified_gmt":"2022-12-01T13:22:24","slug":"minunata-rochie-cu-decor-dantela-geraldine-bf0012","status":"publish","type":"product","link":"https:\/\/bridalfashion.com\/ro\/glamour-ro\/minunata-rochie-cu-decor-dantela-geraldine-bf0012\/","title":{"rendered":"Rochie de mireas\u0103 \u00een culoare ginga\u0219\u0103 GERALDINE \u2013 BF0012"},"content":{"rendered":"<h2>Descrierea modelului GERALDINE \u2013 rochie de mireas\u0103 elegant\u0103, \u00een culoare ginga\u0219\u0103, cu dantel\u0103 \u0219i cristale<\/h2>\n<p>Modelul GERALDINE \u2013 rochie ginga\u0219\u0103, prelucrat\u0103 cu dantel\u0103 \u00een partea de sus \u0219i pe fusta cu tren\u0103 lung\u0103. Corsetul semitransparent cu decolteu \u00een form\u0103 de inim\u0103 \u0219i cu spatele gol, cu m\u00e2neci p\u00e2n\u0103 la cot \u0219\u0456 cu o \u00eencheietoare vertical\u0103 la spate. Partea de sus prelucrat\u0103 cu dantel\u0103 floral\u0103, des\u0103v\u00e2r\u0219it\u0103 cu decor din cristale. Broderia delicat\u0103 cade mai jos de linia taliei. Fusta ampl\u0103 tip A din tulle fin, str\u00e2ns\u0103 \u00een talie \u00een falduri m\u0103runte, ce se termin\u0103 \u00eentr-o tren\u0103 bogat\u0103. \u00cen partea de jos fusta este decorat\u0103 cu ghipur\u0103 \u0219i sclipici.<\/p>\n<p>Rochia GERALDINE de la BRIDAL FASHION poate fi aleas\u0103 \u00een doua culori ginga\u0219e: ivory \u0219i combina\u021bia cappuccino cu champagne.<\/p>\n","protected":false},"excerpt":{"rendered":"<p>Descrierea modelului GERALDINE \u2013 rochie de mireas\u0103 elegant\u0103, \u00een culoare ginga\u0219\u0103, cu dantel\u0103 \u0219i cristale Modelul GERALDINE \u2013 rochie ginga\u0219\u0103, prelucrat\u0103 cu dantel\u0103 \u00een partea de sus \u0219i pe fusta cu tren\u0103 lung\u0103. Corsetul semitransparent cu decolteu \u00een form\u0103 de inim\u0103 \u0219i cu spatele gol, cu m\u00e2neci p\u00e2n\u0103 la cot \u0219\u0456 cu o \u00eencheietoare vertical\u0103&hellip;<\/p>\n","protected":false},"featured_media":12527,"comment_status":"open","ping_status":"closed","template":"","meta":[],"product_brand":[],"product_cat":[986],"product_tag":[],"class_list":{"0":"post-13557","1":"product","2":"type-product","3":"status-publish","4":"has-post-thumbnail","6":"product_cat-glamour-ro","8":"first","9":"instock","10":"taxable","11":"shipping-taxable","12":"product-type-simple"},"yoast_head":"<!-- This site is optimized with the Yoast SEO plugin v27.5 - https:\/\/yoast.com\/product\/yoast-seo-wordpress\/ -->\n<title>Rochie de mireas\u0103 \u00een culoare ginga\u0219\u0103 GERALDINE \u2013 BF0012 - BRIDAL FASHION \u2122 | Luxurious Wedding Dresses &amp; Fashionable Gowns for Women, Girls and Kids<\/title>\n<meta name=\"description\" content=\"GERALDINE \u2013 o rochie romantic\u0103, prelucrat\u0103 cu dantel\u0103, \u00eempodobit\u0103 cu cristale \u0219i paiete. Bustul semitransparent cu m\u00e2neci p\u00e2n\u0103 la cot, dezgolit la spate cu ajutorul unui material transparent. Model de rochie de mireas\u0103 BF0012.\" \/>\n<meta name=\"robots\" content=\"index, follow, max-snippet:-1, max-image-preview:large, max-video-preview:-1\" \/>\n<link rel=\"canonical\" href=\"https:\/\/bridalfashion.com\/ro\/glamour-ro\/minunata-rochie-cu-decor-dantela-geraldine-bf0012\/\" \/>\n<meta property=\"og:locale\" content=\"ro_RO\" \/>\n<meta property=\"og:type\" content=\"article\" \/>\n<meta property=\"og:title\" content=\"Rochie de mireas\u0103 \u00een culoare ginga\u0219\u0103 GERALDINE \u2013 BF0012 - BRIDAL FASHION \u2122 | Luxurious Wedding Dresses &amp; Fashionable Gowns for Women, Girls and Kids\" \/>\n<meta property=\"og:description\" content=\"GERALDINE \u2013 o rochie romantic\u0103, prelucrat\u0103 cu dantel\u0103, \u00eempodobit\u0103 cu cristale \u0219i paiete. Bustul semitransparent cu m\u00e2neci p\u00e2n\u0103 la cot, dezgolit la spate cu ajutorul unui material transparent. Model de rochie de mireas\u0103 BF0012.\" \/>\n<meta property=\"og:url\" content=\"https:\/\/bridalfashion.com\/ro\/glamour-ro\/minunata-rochie-cu-decor-dantela-geraldine-bf0012\/\" \/>\n<meta property=\"og:site_name\" content=\"BRIDAL FASHION \u2122 | Luxurious Wedding Dresses &amp; Fashionable Gowns for Women, Girls and Kids\" \/>\n<meta property=\"og:image\" content=\"https:\/\/bridalfashion.com\/wp-content\/uploads\/2022\/11\/BF00012_A.jpg\" \/>\n\t<meta property=\"og:image:width\" content=\"1516\" \/>\n\t<meta property=\"og:image:height\" content=\"2000\" \/>\n\t<meta property=\"og:image:type\" content=\"image\/jpeg\" \/>\n<meta name=\"twitter:card\" content=\"summary_large_image\" \/>\n<meta name=\"twitter:label1\" content=\"Timp estimat pentru citire\" \/>\n\t<meta name=\"twitter:data1\" content=\"1 minut\" \/>\n<script type=\"application\/ld+json\" class=\"yoast-schema-graph\">{\"@context\":\"https:\\\/\\\/schema.org\",\"@graph\":[{\"@type\":\"WebPage\",\"@id\":\"https:\\\/\\\/bridalfashion.com\\\/ro\\\/glamour-ro\\\/minunata-rochie-cu-decor-dantela-geraldine-bf0012\\\/\",\"url\":\"https:\\\/\\\/bridalfashion.com\\\/ro\\\/glamour-ro\\\/minunata-rochie-cu-decor-dantela-geraldine-bf0012\\\/\",\"name\":\"Rochie de mireas\u0103 \u00een culoare ginga\u0219\u0103 GERALDINE \u2013 BF0012 - BRIDAL FASHION \u2122 | Luxurious Wedding Dresses &amp; Fashionable Gowns for Women, Girls and Kids\",\"isPartOf\":{\"@id\":\"https:\\\/\\\/bridalfashion.com\\\/ro\\\/#website\"},\"primaryImageOfPage\":{\"@id\":\"https:\\\/\\\/bridalfashion.com\\\/ro\\\/glamour-ro\\\/minunata-rochie-cu-decor-dantela-geraldine-bf0012\\\/#primaryimage\"},\"image\":{\"@id\":\"https:\\\/\\\/bridalfashion.com\\\/ro\\\/glamour-ro\\\/minunata-rochie-cu-decor-dantela-geraldine-bf0012\\\/#primaryimage\"},\"thumbnailUrl\":\"https:\\\/\\\/bridalfashion.com\\\/wp-content\\\/uploads\\\/2022\\\/11\\\/BF00012_A.jpg\",\"datePublished\":\"2022-12-01T13:22:24+00:00\",\"description\":\"GERALDINE \u2013 o rochie romantic\u0103, prelucrat\u0103 cu dantel\u0103, \u00eempodobit\u0103 cu cristale \u0219i paiete. Bustul semitransparent cu m\u00e2neci p\u00e2n\u0103 la cot, dezgolit la spate cu ajutorul unui material transparent. Model de rochie de mireas\u0103 BF0012.\",\"breadcrumb\":{\"@id\":\"https:\\\/\\\/bridalfashion.com\\\/ro\\\/glamour-ro\\\/minunata-rochie-cu-decor-dantela-geraldine-bf0012\\\/#breadcrumb\"},\"inLanguage\":\"ro-RO\",\"potentialAction\":[{\"@type\":\"ReadAction\",\"target\":[\"https:\\\/\\\/bridalfashion.com\\\/ro\\\/glamour-ro\\\/minunata-rochie-cu-decor-dantela-geraldine-bf0012\\\/\"]}]},{\"@type\":\"ImageObject\",\"inLanguage\":\"ro-RO\",\"@id\":\"https:\\\/\\\/bridalfashion.com\\\/ro\\\/glamour-ro\\\/minunata-rochie-cu-decor-dantela-geraldine-bf0012\\\/#primaryimage\",\"url\":\"https:\\\/\\\/bridalfashion.com\\\/wp-content\\\/uploads\\\/2022\\\/11\\\/BF00012_A.jpg\",\"contentUrl\":\"https:\\\/\\\/bridalfashion.com\\\/wp-content\\\/uploads\\\/2022\\\/11\\\/BF00012_A.jpg\",\"width\":1516,\"height\":2000,\"caption\":\"Wedding Dress GERALDINE - BF0012\"},{\"@type\":\"BreadcrumbList\",\"@id\":\"https:\\\/\\\/bridalfashion.com\\\/ro\\\/glamour-ro\\\/minunata-rochie-cu-decor-dantela-geraldine-bf0012\\\/#breadcrumb\",\"itemListElement\":[{\"@type\":\"ListItem\",\"position\":1,\"name\":\"Home\",\"item\":\"https:\\\/\\\/bridalfashion.com\\\/ro\\\/\"},{\"@type\":\"ListItem\",\"position\":2,\"name\":\"Shop\",\"item\":\"https:\\\/\\\/bridalfashion.com\\\/shop-2\\\/\"},{\"@type\":\"ListItem\",\"position\":3,\"name\":\"Rochie de mireas\u0103 \u00een culoare ginga\u0219\u0103 GERALDINE \u2013 BF0012\"}]},{\"@type\":\"WebSite\",\"@id\":\"https:\\\/\\\/bridalfashion.com\\\/ro\\\/#website\",\"url\":\"https:\\\/\\\/bridalfashion.com\\\/ro\\\/\",\"name\":\"BRIDAL FASHION \u2122 | Luxurious Wedding Dresses &amp; Fashionable Gowns for Women, Girls and Kids\",\"description\":\"Welcome the leading manufacturer and supplier of wedding dresses. We offer in wholesale a large selection of high quality wedding dress collections and accessories for your business at competitive prices. Shop our full range of bridal products today!\",\"publisher\":{\"@id\":\"https:\\\/\\\/bridalfashion.com\\\/ro\\\/#organization\"},\"potentialAction\":[{\"@type\":\"SearchAction\",\"target\":{\"@type\":\"EntryPoint\",\"urlTemplate\":\"https:\\\/\\\/bridalfashion.com\\\/ro\\\/?s={search_term_string}\"},\"query-input\":{\"@type\":\"PropertyValueSpecification\",\"valueRequired\":true,\"valueName\":\"search_term_string\"}}],\"inLanguage\":\"ro-RO\"},{\"@type\":\"Organization\",\"@id\":\"https:\\\/\\\/bridalfashion.com\\\/ro\\\/#organization\",\"name\":\"BRIDAL FASHION \u2122 | Luxurious Wedding Dresses &amp; Fashionable Gowns for Women, Girls and Kids\",\"url\":\"https:\\\/\\\/bridalfashion.com\\\/ro\\\/\",\"logo\":{\"@type\":\"ImageObject\",\"inLanguage\":\"ro-RO\",\"@id\":\"https:\\\/\\\/bridalfashion.com\\\/ro\\\/#\\\/schema\\\/logo\\\/image\\\/\",\"url\":\"https:\\\/\\\/bridalfashion.com\\\/wp-content\\\/uploads\\\/2022\\\/05\\\/cropped-BFG.png\",\"contentUrl\":\"https:\\\/\\\/bridalfashion.com\\\/wp-content\\\/uploads\\\/2022\\\/05\\\/cropped-BFG.png\",\"width\":1771,\"height\":119,\"caption\":\"BRIDAL FASHION \u2122 | Luxurious Wedding Dresses &amp; Fashionable Gowns for Women, Girls and Kids\"},\"image\":{\"@id\":\"https:\\\/\\\/bridalfashion.com\\\/ro\\\/#\\\/schema\\\/logo\\\/image\\\/\"}}]}<\/script>\n<!-- \/ Yoast SEO plugin. -->","yoast_head_json":{"title":"Rochie de mireas\u0103 \u00een culoare ginga\u0219\u0103 GERALDINE \u2013 BF0012 - BRIDAL FASHION \u2122 | Luxurious Wedding Dresses &amp; Fashionable Gowns for Women, Girls and Kids","description":"GERALDINE \u2013 o rochie romantic\u0103, prelucrat\u0103 cu dantel\u0103, \u00eempodobit\u0103 cu cristale \u0219i paiete. Bustul semitransparent cu m\u00e2neci p\u00e2n\u0103 la cot, dezgolit la spate cu ajutorul unui material transparent. Model de rochie de mireas\u0103 BF0012.","robots":{"index":"index","follow":"follow","max-snippet":"max-snippet:-1","max-image-preview":"max-image-preview:large","max-video-preview":"max-video-preview:-1"},"canonical":"https:\/\/bridalfashion.com\/ro\/glamour-ro\/minunata-rochie-cu-decor-dantela-geraldine-bf0012\/","og_locale":"ro_RO","og_type":"article","og_title":"Rochie de mireas\u0103 \u00een culoare ginga\u0219\u0103 GERALDINE \u2013 BF0012 - BRIDAL FASHION \u2122 | Luxurious Wedding Dresses &amp; Fashionable Gowns for Women, Girls and Kids","og_description":"GERALDINE \u2013 o rochie romantic\u0103, prelucrat\u0103 cu dantel\u0103, \u00eempodobit\u0103 cu cristale \u0219i paiete. Bustul semitransparent cu m\u00e2neci p\u00e2n\u0103 la cot, dezgolit la spate cu ajutorul unui material transparent. Model de rochie de mireas\u0103 BF0012.","og_url":"https:\/\/bridalfashion.com\/ro\/glamour-ro\/minunata-rochie-cu-decor-dantela-geraldine-bf0012\/","og_site_name":"BRIDAL FASHION \u2122 | Luxurious Wedding Dresses &amp; Fashionable Gowns for Women, Girls and Kids","og_image":[{"width":1516,"height":2000,"url":"https:\/\/bridalfashion.com\/wp-content\/uploads\/2022\/11\/BF00012_A.jpg","type":"image\/jpeg"}],"twitter_card":"summary_large_image","twitter_misc":{"Timp estimat pentru citire":"1 minut"},"schema":{"@context":"https:\/\/schema.org","@graph":[{"@type":"WebPage","@id":"https:\/\/bridalfashion.com\/ro\/glamour-ro\/minunata-rochie-cu-decor-dantela-geraldine-bf0012\/","url":"https:\/\/bridalfashion.com\/ro\/glamour-ro\/minunata-rochie-cu-decor-dantela-geraldine-bf0012\/","name":"Rochie de mireas\u0103 \u00een culoare ginga\u0219\u0103 GERALDINE \u2013 BF0012 - BRIDAL FASHION \u2122 | Luxurious Wedding Dresses &amp; Fashionable Gowns for Women, Girls and Kids","isPartOf":{"@id":"https:\/\/bridalfashion.com\/ro\/#website"},"primaryImageOfPage":{"@id":"https:\/\/bridalfashion.com\/ro\/glamour-ro\/minunata-rochie-cu-decor-dantela-geraldine-bf0012\/#primaryimage"},"image":{"@id":"https:\/\/bridalfashion.com\/ro\/glamour-ro\/minunata-rochie-cu-decor-dantela-geraldine-bf0012\/#primaryimage"},"thumbnailUrl":"https:\/\/bridalfashion.com\/wp-content\/uploads\/2022\/11\/BF00012_A.jpg","datePublished":"2022-12-01T13:22:24+00:00","description":"GERALDINE \u2013 o rochie romantic\u0103, prelucrat\u0103 cu dantel\u0103, \u00eempodobit\u0103 cu cristale \u0219i paiete. Bustul semitransparent cu m\u00e2neci p\u00e2n\u0103 la cot, dezgolit la spate cu ajutorul unui material transparent. Model de rochie de mireas\u0103 BF0012.","breadcrumb":{"@id":"https:\/\/bridalfashion.com\/ro\/glamour-ro\/minunata-rochie-cu-decor-dantela-geraldine-bf0012\/#breadcrumb"},"inLanguage":"ro-RO","potentialAction":[{"@type":"ReadAction","target":["https:\/\/bridalfashion.com\/ro\/glamour-ro\/minunata-rochie-cu-decor-dantela-geraldine-bf0012\/"]}]},{"@type":"ImageObject","inLanguage":"ro-RO","@id":"https:\/\/bridalfashion.com\/ro\/glamour-ro\/minunata-rochie-cu-decor-dantela-geraldine-bf0012\/#primaryimage","url":"https:\/\/bridalfashion.com\/wp-content\/uploads\/2022\/11\/BF00012_A.jpg","contentUrl":"https:\/\/bridalfashion.com\/wp-content\/uploads\/2022\/11\/BF00012_A.jpg","width":1516,"height":2000,"caption":"Wedding Dress GERALDINE - BF0012"},{"@type":"BreadcrumbList","@id":"https:\/\/bridalfashion.com\/ro\/glamour-ro\/minunata-rochie-cu-decor-dantela-geraldine-bf0012\/#breadcrumb","itemListElement":[{"@type":"ListItem","position":1,"name":"Home","item":"https:\/\/bridalfashion.com\/ro\/"},{"@type":"ListItem","position":2,"name":"Shop","item":"https:\/\/bridalfashion.com\/shop-2\/"},{"@type":"ListItem","position":3,"name":"Rochie de mireas\u0103 \u00een culoare ginga\u0219\u0103 GERALDINE \u2013 BF0012"}]},{"@type":"WebSite","@id":"https:\/\/bridalfashion.com\/ro\/#website","url":"https:\/\/bridalfashion.com\/ro\/","name":"BRIDAL FASHION \u2122 | Luxurious Wedding Dresses &amp; Fashionable Gowns for Women, Girls and Kids","description":"Welcome the leading manufacturer and supplier of wedding dresses. We offer in wholesale a large selection of high quality wedding dress collections and accessories for your business at competitive prices. Shop our full range of bridal products today!","publisher":{"@id":"https:\/\/bridalfashion.com\/ro\/#organization"},"potentialAction":[{"@type":"SearchAction","target":{"@type":"EntryPoint","urlTemplate":"https:\/\/bridalfashion.com\/ro\/?s={search_term_string}"},"query-input":{"@type":"PropertyValueSpecification","valueRequired":true,"valueName":"search_term_string"}}],"inLanguage":"ro-RO"},{"@type":"Organization","@id":"https:\/\/bridalfashion.com\/ro\/#organization","name":"BRIDAL FASHION \u2122 | Luxurious Wedding Dresses &amp; Fashionable Gowns for Women, Girls and Kids","url":"https:\/\/bridalfashion.com\/ro\/","logo":{"@type":"ImageObject","inLanguage":"ro-RO","@id":"https:\/\/bridalfashion.com\/ro\/#\/schema\/logo\/image\/","url":"https:\/\/bridalfashion.com\/wp-content\/uploads\/2022\/05\/cropped-BFG.png","contentUrl":"https:\/\/bridalfashion.com\/wp-content\/uploads\/2022\/05\/cropped-BFG.png","width":1771,"height":119,"caption":"BRIDAL FASHION \u2122 | Luxurious Wedding Dresses &amp; Fashionable Gowns for Women, Girls and Kids"},"image":{"@id":"https:\/\/bridalfashion.com\/ro\/#\/schema\/logo\/image\/"}}]}},"_links":{"self":[{"href":"https:\/\/bridalfashion.com\/ro\/wp-json\/wp\/v2\/product\/13557","targetHints":{"allow":["GET"]}}],"collection":[{"href":"https:\/\/bridalfashion.com\/ro\/wp-json\/wp\/v2\/product"}],"about":[{"href":"https:\/\/bridalfashion.com\/ro\/wp-json\/wp\/v2\/types\/product"}],"replies":[{"embeddable":true,"href":"https:\/\/bridalfashion.com\/ro\/wp-json\/wp\/v2\/comments?post=13557"}],"wp:featuredmedia":[{"embeddable":true,"href":"https:\/\/bridalfashion.com\/ro\/wp-json\/wp\/v2\/media\/12527"}],"wp:attachment":[{"href":"https:\/\/bridalfashion.com\/ro\/wp-json\/wp\/v2\/media?parent=13557"}],"wp:term":[{"taxonomy":"product_brand","embeddable":true,"href":"https:\/\/bridalfashion.com\/ro\/wp-json\/wp\/v2\/product_brand?post=13557"},{"taxonomy":"product_cat","embeddable":true,"href":"https:\/\/bridalfashion.com\/ro\/wp-json\/wp\/v2\/product_cat?post=13557"},{"taxonomy":"product_tag","embeddable":true,"href":"https:\/\/bridalfashion.com\/ro\/wp-json\/wp\/v2\/product_tag?post=13557"}],"curies":[{"name":"wp","href":"https:\/\/api.w.org\/{rel}","templated":true}]}}