{"id":13554,"date":"2022-11-28T21:42:49","date_gmt":"2022-12-01T13:14:55","guid":{"rendered":"https:\/\/bridalfashion.com\/fara-categorie\/rochie-de-mireasa-splendida-gayle-bf0011\/"},"modified":"2022-12-01T15:14:55","modified_gmt":"2022-12-01T13:14:55","slug":"rochie-de-mireasa-romantica-cu-dantela-gayle-bf0011","status":"publish","type":"product","link":"https:\/\/bridalfashion.com\/ro\/glamour-ro\/rochie-de-mireasa-romantica-cu-dantela-gayle-bf0011\/","title":{"rendered":"Rochie de mireas\u0103 splendid\u0103 GAYLE \u2013 BF0011"},"content":{"rendered":"<h2>Descrierea modelului GAYLE \u2013 rochie de mireas\u0103 splendid\u0103, decorat\u0103 cu ghipur\u0103 \u0219i elemente str\u0103lucitoare, pentru o mireas\u0103 fermec\u0103toare<\/h2>\n<p>Modelul GAYLE \u2013 rochie de mireas\u0103 stil \u201cprin\u021bes\u0103\u201d, disponibil\u0103 \u00een culorile alb, ivory \u0219i \u00een combina\u021bia cappuccino cu nuan\u021b\u0103 ginga\u0219\u0103 de champagne. Baza p\u0103r\u021bii de sus \u2013 un corset dublat cu decolteu \u00een form\u0103 de \u201einim\u0103\u201d \u0219i cu spatele decupat. Bustul transparent, lucrat de m\u00e2n\u0103 cu paiete \u0219i cristale, \u00eencheietoarea la spate \u2013 un r\u00e2nd vertical de nasturi. Linia taliei este decorat\u0103 cu festoane delicate. Fusta distins\u0103 tip A cu tren\u0103 lung\u0103, pe jos brodat\u0103 cu ghipur\u0103 \u0219i paiete. Suprafa\u021ba fustei este din tulle fin cu sclipici.<\/p>\n<p>Rochia fermec\u0103toare cu ghipur\u0103 \u00een stil romantic va inspira miresei s\u0103 devin\u0103 regin\u0103 adev\u0103rat\u0103 a nun\u021bii.<\/p>\n","protected":false},"excerpt":{"rendered":"<p>Descrierea modelului GAYLE \u2013 rochie de mireas\u0103 splendid\u0103, decorat\u0103 cu ghipur\u0103 \u0219i elemente str\u0103lucitoare, pentru o mireas\u0103 fermec\u0103toare Modelul GAYLE \u2013 rochie de mireas\u0103 stil \u201cprin\u021bes\u0103\u201d, disponibil\u0103 \u00een culorile alb, ivory \u0219i \u00een combina\u021bia cappuccino cu nuan\u021b\u0103 ginga\u0219\u0103 de champagne. Baza p\u0103r\u021bii de sus \u2013 un corset dublat cu decolteu \u00een form\u0103 de \u201einim\u0103\u201d \u0219i&hellip;<\/p>\n","protected":false},"featured_media":12506,"comment_status":"open","ping_status":"closed","template":"","meta":[],"product_brand":[],"product_cat":[986],"product_tag":[],"class_list":{"0":"post-13554","1":"product","2":"type-product","3":"status-publish","4":"has-post-thumbnail","6":"product_cat-glamour-ro","8":"first","9":"instock","10":"taxable","11":"shipping-taxable","12":"product-type-simple"},"yoast_head":"<!-- This site is optimized with the Yoast SEO plugin v27.3 - https:\/\/yoast.com\/product\/yoast-seo-wordpress\/ -->\n<title>Rochie de mireas\u0103 splendid\u0103 GAYLE \u2013 BF0011 - BRIDAL FASHION \u2122 | Luxurious Wedding Dresses &amp; Fashionable Gowns for Women, Girls and Kids<\/title>\n<meta name=\"description\" content=\"GAYLE \u2013 rochie de mireas\u0103 cu ghipur\u0103 stil romantic, decorat\u0103 cu dantel\u0103, cristale \u0219i sclipici. Fusta tip \u201cprin\u021bes\u0103\u201d cu tren\u0103 lung\u0103, lucrat\u0103 din tulle acoperit\u0103 cu sclipici. Model de rochie de mireas\u0103 BF0011.\" \/>\n<meta name=\"robots\" content=\"index, follow, max-snippet:-1, max-image-preview:large, max-video-preview:-1\" \/>\n<link rel=\"canonical\" href=\"https:\/\/bridalfashion.com\/ro\/glamour-ro\/rochie-de-mireasa-romantica-cu-dantela-gayle-bf0011\/\" \/>\n<meta property=\"og:locale\" content=\"ro_RO\" \/>\n<meta property=\"og:type\" content=\"article\" \/>\n<meta property=\"og:title\" content=\"Rochie de mireas\u0103 splendid\u0103 GAYLE \u2013 BF0011 - BRIDAL FASHION \u2122 | Luxurious Wedding Dresses &amp; Fashionable Gowns for Women, Girls and Kids\" \/>\n<meta property=\"og:description\" content=\"GAYLE \u2013 rochie de mireas\u0103 cu ghipur\u0103 stil romantic, decorat\u0103 cu dantel\u0103, cristale \u0219i sclipici. Fusta tip \u201cprin\u021bes\u0103\u201d cu tren\u0103 lung\u0103, lucrat\u0103 din tulle acoperit\u0103 cu sclipici. Model de rochie de mireas\u0103 BF0011.\" \/>\n<meta property=\"og:url\" content=\"https:\/\/bridalfashion.com\/ro\/glamour-ro\/rochie-de-mireasa-romantica-cu-dantela-gayle-bf0011\/\" \/>\n<meta property=\"og:site_name\" content=\"BRIDAL FASHION \u2122 | Luxurious Wedding Dresses &amp; Fashionable Gowns for Women, Girls and Kids\" \/>\n<meta property=\"og:image\" content=\"https:\/\/bridalfashion.com\/wp-content\/uploads\/2022\/11\/BF00011_A.jpg\" \/>\n\t<meta property=\"og:image:width\" content=\"1516\" \/>\n\t<meta property=\"og:image:height\" content=\"2000\" \/>\n\t<meta property=\"og:image:type\" content=\"image\/jpeg\" \/>\n<meta name=\"twitter:card\" content=\"summary_large_image\" \/>\n<meta name=\"twitter:label1\" content=\"Timp estimat pentru citire\" \/>\n\t<meta name=\"twitter:data1\" content=\"1 minut\" \/>\n<script type=\"application\/ld+json\" class=\"yoast-schema-graph\">{\"@context\":\"https:\\\/\\\/schema.org\",\"@graph\":[{\"@type\":\"WebPage\",\"@id\":\"https:\\\/\\\/bridalfashion.com\\\/ro\\\/glamour-ro\\\/rochie-de-mireasa-romantica-cu-dantela-gayle-bf0011\\\/\",\"url\":\"https:\\\/\\\/bridalfashion.com\\\/ro\\\/glamour-ro\\\/rochie-de-mireasa-romantica-cu-dantela-gayle-bf0011\\\/\",\"name\":\"Rochie de mireas\u0103 splendid\u0103 GAYLE \u2013 BF0011 - BRIDAL FASHION \u2122 | Luxurious Wedding Dresses &amp; Fashionable Gowns for Women, Girls and Kids\",\"isPartOf\":{\"@id\":\"https:\\\/\\\/bridalfashion.com\\\/ro\\\/#website\"},\"primaryImageOfPage\":{\"@id\":\"https:\\\/\\\/bridalfashion.com\\\/ro\\\/glamour-ro\\\/rochie-de-mireasa-romantica-cu-dantela-gayle-bf0011\\\/#primaryimage\"},\"image\":{\"@id\":\"https:\\\/\\\/bridalfashion.com\\\/ro\\\/glamour-ro\\\/rochie-de-mireasa-romantica-cu-dantela-gayle-bf0011\\\/#primaryimage\"},\"thumbnailUrl\":\"https:\\\/\\\/bridalfashion.com\\\/wp-content\\\/uploads\\\/2022\\\/11\\\/BF00011_A.jpg\",\"datePublished\":\"2022-12-01T13:14:55+00:00\",\"description\":\"GAYLE \u2013 rochie de mireas\u0103 cu ghipur\u0103 stil romantic, decorat\u0103 cu dantel\u0103, cristale \u0219i sclipici. Fusta tip \u201cprin\u021bes\u0103\u201d cu tren\u0103 lung\u0103, lucrat\u0103 din tulle acoperit\u0103 cu sclipici. Model de rochie de mireas\u0103 BF0011.\",\"breadcrumb\":{\"@id\":\"https:\\\/\\\/bridalfashion.com\\\/ro\\\/glamour-ro\\\/rochie-de-mireasa-romantica-cu-dantela-gayle-bf0011\\\/#breadcrumb\"},\"inLanguage\":\"ro-RO\",\"potentialAction\":[{\"@type\":\"ReadAction\",\"target\":[\"https:\\\/\\\/bridalfashion.com\\\/ro\\\/glamour-ro\\\/rochie-de-mireasa-romantica-cu-dantela-gayle-bf0011\\\/\"]}]},{\"@type\":\"ImageObject\",\"inLanguage\":\"ro-RO\",\"@id\":\"https:\\\/\\\/bridalfashion.com\\\/ro\\\/glamour-ro\\\/rochie-de-mireasa-romantica-cu-dantela-gayle-bf0011\\\/#primaryimage\",\"url\":\"https:\\\/\\\/bridalfashion.com\\\/wp-content\\\/uploads\\\/2022\\\/11\\\/BF00011_A.jpg\",\"contentUrl\":\"https:\\\/\\\/bridalfashion.com\\\/wp-content\\\/uploads\\\/2022\\\/11\\\/BF00011_A.jpg\",\"width\":1516,\"height\":2000,\"caption\":\"Wedding Dress GAYLE - BF0011\"},{\"@type\":\"BreadcrumbList\",\"@id\":\"https:\\\/\\\/bridalfashion.com\\\/ro\\\/glamour-ro\\\/rochie-de-mireasa-romantica-cu-dantela-gayle-bf0011\\\/#breadcrumb\",\"itemListElement\":[{\"@type\":\"ListItem\",\"position\":1,\"name\":\"Home\",\"item\":\"https:\\\/\\\/bridalfashion.com\\\/ro\\\/\"},{\"@type\":\"ListItem\",\"position\":2,\"name\":\"Shop\",\"item\":\"https:\\\/\\\/bridalfashion.com\\\/shop-2\\\/\"},{\"@type\":\"ListItem\",\"position\":3,\"name\":\"Rochie de mireas\u0103 splendid\u0103 GAYLE \u2013 BF0011\"}]},{\"@type\":\"WebSite\",\"@id\":\"https:\\\/\\\/bridalfashion.com\\\/ro\\\/#website\",\"url\":\"https:\\\/\\\/bridalfashion.com\\\/ro\\\/\",\"name\":\"BRIDAL FASHION \u2122 | Luxurious Wedding Dresses &amp; Fashionable Gowns for Women, Girls and Kids\",\"description\":\"Welcome the leading manufacturer and supplier of wedding dresses. We offer in wholesale a large selection of high quality wedding dress collections and accessories for your business at competitive prices. Shop our full range of bridal products today!\",\"publisher\":{\"@id\":\"https:\\\/\\\/bridalfashion.com\\\/ro\\\/#organization\"},\"potentialAction\":[{\"@type\":\"SearchAction\",\"target\":{\"@type\":\"EntryPoint\",\"urlTemplate\":\"https:\\\/\\\/bridalfashion.com\\\/ro\\\/?s={search_term_string}\"},\"query-input\":{\"@type\":\"PropertyValueSpecification\",\"valueRequired\":true,\"valueName\":\"search_term_string\"}}],\"inLanguage\":\"ro-RO\"},{\"@type\":\"Organization\",\"@id\":\"https:\\\/\\\/bridalfashion.com\\\/ro\\\/#organization\",\"name\":\"BRIDAL FASHION \u2122 | Luxurious Wedding Dresses &amp; Fashionable Gowns for Women, Girls and Kids\",\"url\":\"https:\\\/\\\/bridalfashion.com\\\/ro\\\/\",\"logo\":{\"@type\":\"ImageObject\",\"inLanguage\":\"ro-RO\",\"@id\":\"https:\\\/\\\/bridalfashion.com\\\/ro\\\/#\\\/schema\\\/logo\\\/image\\\/\",\"url\":\"https:\\\/\\\/bridalfashion.com\\\/wp-content\\\/uploads\\\/2022\\\/05\\\/cropped-BFG.png\",\"contentUrl\":\"https:\\\/\\\/bridalfashion.com\\\/wp-content\\\/uploads\\\/2022\\\/05\\\/cropped-BFG.png\",\"width\":1771,\"height\":119,\"caption\":\"BRIDAL FASHION \u2122 | Luxurious Wedding Dresses &amp; Fashionable Gowns for Women, Girls and Kids\"},\"image\":{\"@id\":\"https:\\\/\\\/bridalfashion.com\\\/ro\\\/#\\\/schema\\\/logo\\\/image\\\/\"}}]}<\/script>\n<!-- \/ Yoast SEO plugin. -->","yoast_head_json":{"title":"Rochie de mireas\u0103 splendid\u0103 GAYLE \u2013 BF0011 - BRIDAL FASHION \u2122 | Luxurious Wedding Dresses &amp; Fashionable Gowns for Women, Girls and Kids","description":"GAYLE \u2013 rochie de mireas\u0103 cu ghipur\u0103 stil romantic, decorat\u0103 cu dantel\u0103, cristale \u0219i sclipici. Fusta tip \u201cprin\u021bes\u0103\u201d cu tren\u0103 lung\u0103, lucrat\u0103 din tulle acoperit\u0103 cu sclipici. Model de rochie de mireas\u0103 BF0011.","robots":{"index":"index","follow":"follow","max-snippet":"max-snippet:-1","max-image-preview":"max-image-preview:large","max-video-preview":"max-video-preview:-1"},"canonical":"https:\/\/bridalfashion.com\/ro\/glamour-ro\/rochie-de-mireasa-romantica-cu-dantela-gayle-bf0011\/","og_locale":"ro_RO","og_type":"article","og_title":"Rochie de mireas\u0103 splendid\u0103 GAYLE \u2013 BF0011 - BRIDAL FASHION \u2122 | Luxurious Wedding Dresses &amp; Fashionable Gowns for Women, Girls and Kids","og_description":"GAYLE \u2013 rochie de mireas\u0103 cu ghipur\u0103 stil romantic, decorat\u0103 cu dantel\u0103, cristale \u0219i sclipici. Fusta tip \u201cprin\u021bes\u0103\u201d cu tren\u0103 lung\u0103, lucrat\u0103 din tulle acoperit\u0103 cu sclipici. Model de rochie de mireas\u0103 BF0011.","og_url":"https:\/\/bridalfashion.com\/ro\/glamour-ro\/rochie-de-mireasa-romantica-cu-dantela-gayle-bf0011\/","og_site_name":"BRIDAL FASHION \u2122 | Luxurious Wedding Dresses &amp; Fashionable Gowns for Women, Girls and Kids","og_image":[{"width":1516,"height":2000,"url":"https:\/\/bridalfashion.com\/wp-content\/uploads\/2022\/11\/BF00011_A.jpg","type":"image\/jpeg"}],"twitter_card":"summary_large_image","twitter_misc":{"Timp estimat pentru citire":"1 minut"},"schema":{"@context":"https:\/\/schema.org","@graph":[{"@type":"WebPage","@id":"https:\/\/bridalfashion.com\/ro\/glamour-ro\/rochie-de-mireasa-romantica-cu-dantela-gayle-bf0011\/","url":"https:\/\/bridalfashion.com\/ro\/glamour-ro\/rochie-de-mireasa-romantica-cu-dantela-gayle-bf0011\/","name":"Rochie de mireas\u0103 splendid\u0103 GAYLE \u2013 BF0011 - BRIDAL FASHION \u2122 | Luxurious Wedding Dresses &amp; Fashionable Gowns for Women, Girls and Kids","isPartOf":{"@id":"https:\/\/bridalfashion.com\/ro\/#website"},"primaryImageOfPage":{"@id":"https:\/\/bridalfashion.com\/ro\/glamour-ro\/rochie-de-mireasa-romantica-cu-dantela-gayle-bf0011\/#primaryimage"},"image":{"@id":"https:\/\/bridalfashion.com\/ro\/glamour-ro\/rochie-de-mireasa-romantica-cu-dantela-gayle-bf0011\/#primaryimage"},"thumbnailUrl":"https:\/\/bridalfashion.com\/wp-content\/uploads\/2022\/11\/BF00011_A.jpg","datePublished":"2022-12-01T13:14:55+00:00","description":"GAYLE \u2013 rochie de mireas\u0103 cu ghipur\u0103 stil romantic, decorat\u0103 cu dantel\u0103, cristale \u0219i sclipici. Fusta tip \u201cprin\u021bes\u0103\u201d cu tren\u0103 lung\u0103, lucrat\u0103 din tulle acoperit\u0103 cu sclipici. Model de rochie de mireas\u0103 BF0011.","breadcrumb":{"@id":"https:\/\/bridalfashion.com\/ro\/glamour-ro\/rochie-de-mireasa-romantica-cu-dantela-gayle-bf0011\/#breadcrumb"},"inLanguage":"ro-RO","potentialAction":[{"@type":"ReadAction","target":["https:\/\/bridalfashion.com\/ro\/glamour-ro\/rochie-de-mireasa-romantica-cu-dantela-gayle-bf0011\/"]}]},{"@type":"ImageObject","inLanguage":"ro-RO","@id":"https:\/\/bridalfashion.com\/ro\/glamour-ro\/rochie-de-mireasa-romantica-cu-dantela-gayle-bf0011\/#primaryimage","url":"https:\/\/bridalfashion.com\/wp-content\/uploads\/2022\/11\/BF00011_A.jpg","contentUrl":"https:\/\/bridalfashion.com\/wp-content\/uploads\/2022\/11\/BF00011_A.jpg","width":1516,"height":2000,"caption":"Wedding Dress GAYLE - BF0011"},{"@type":"BreadcrumbList","@id":"https:\/\/bridalfashion.com\/ro\/glamour-ro\/rochie-de-mireasa-romantica-cu-dantela-gayle-bf0011\/#breadcrumb","itemListElement":[{"@type":"ListItem","position":1,"name":"Home","item":"https:\/\/bridalfashion.com\/ro\/"},{"@type":"ListItem","position":2,"name":"Shop","item":"https:\/\/bridalfashion.com\/shop-2\/"},{"@type":"ListItem","position":3,"name":"Rochie de mireas\u0103 splendid\u0103 GAYLE \u2013 BF0011"}]},{"@type":"WebSite","@id":"https:\/\/bridalfashion.com\/ro\/#website","url":"https:\/\/bridalfashion.com\/ro\/","name":"BRIDAL FASHION \u2122 | Luxurious Wedding Dresses &amp; Fashionable Gowns for Women, Girls and Kids","description":"Welcome the leading manufacturer and supplier of wedding dresses. We offer in wholesale a large selection of high quality wedding dress collections and accessories for your business at competitive prices. Shop our full range of bridal products today!","publisher":{"@id":"https:\/\/bridalfashion.com\/ro\/#organization"},"potentialAction":[{"@type":"SearchAction","target":{"@type":"EntryPoint","urlTemplate":"https:\/\/bridalfashion.com\/ro\/?s={search_term_string}"},"query-input":{"@type":"PropertyValueSpecification","valueRequired":true,"valueName":"search_term_string"}}],"inLanguage":"ro-RO"},{"@type":"Organization","@id":"https:\/\/bridalfashion.com\/ro\/#organization","name":"BRIDAL FASHION \u2122 | Luxurious Wedding Dresses &amp; Fashionable Gowns for Women, Girls and Kids","url":"https:\/\/bridalfashion.com\/ro\/","logo":{"@type":"ImageObject","inLanguage":"ro-RO","@id":"https:\/\/bridalfashion.com\/ro\/#\/schema\/logo\/image\/","url":"https:\/\/bridalfashion.com\/wp-content\/uploads\/2022\/05\/cropped-BFG.png","contentUrl":"https:\/\/bridalfashion.com\/wp-content\/uploads\/2022\/05\/cropped-BFG.png","width":1771,"height":119,"caption":"BRIDAL FASHION \u2122 | Luxurious Wedding Dresses &amp; Fashionable Gowns for Women, Girls and Kids"},"image":{"@id":"https:\/\/bridalfashion.com\/ro\/#\/schema\/logo\/image\/"}}]}},"_links":{"self":[{"href":"https:\/\/bridalfashion.com\/ro\/wp-json\/wp\/v2\/product\/13554","targetHints":{"allow":["GET"]}}],"collection":[{"href":"https:\/\/bridalfashion.com\/ro\/wp-json\/wp\/v2\/product"}],"about":[{"href":"https:\/\/bridalfashion.com\/ro\/wp-json\/wp\/v2\/types\/product"}],"replies":[{"embeddable":true,"href":"https:\/\/bridalfashion.com\/ro\/wp-json\/wp\/v2\/comments?post=13554"}],"wp:featuredmedia":[{"embeddable":true,"href":"https:\/\/bridalfashion.com\/ro\/wp-json\/wp\/v2\/media\/12506"}],"wp:attachment":[{"href":"https:\/\/bridalfashion.com\/ro\/wp-json\/wp\/v2\/media?parent=13554"}],"wp:term":[{"taxonomy":"product_brand","embeddable":true,"href":"https:\/\/bridalfashion.com\/ro\/wp-json\/wp\/v2\/product_brand?post=13554"},{"taxonomy":"product_cat","embeddable":true,"href":"https:\/\/bridalfashion.com\/ro\/wp-json\/wp\/v2\/product_cat?post=13554"},{"taxonomy":"product_tag","embeddable":true,"href":"https:\/\/bridalfashion.com\/ro\/wp-json\/wp\/v2\/product_tag?post=13554"}],"curies":[{"name":"wp","href":"https:\/\/api.w.org\/{rel}","templated":true}]}}