{"id":13551,"date":"2022-11-28T21:36:24","date_gmt":"2022-12-01T13:06:31","guid":{"rendered":"https:\/\/bridalfashion.com\/fara-categorie\/rochie-gingasa-eleganta-cu-dantela-asieta-gioia-bf0010\/"},"modified":"2022-12-01T15:06:31","modified_gmt":"2022-12-01T13:06:31","slug":"rochie-de-mireasa-cu-frumoasa-dantela-mat-gioia-bf0010","status":"publish","type":"product","link":"https:\/\/bridalfashion.com\/ro\/glamour-ro\/rochie-de-mireasa-cu-frumoasa-dantela-mat-gioia-bf0010\/","title":{"rendered":"Rochie ginga\u0219\u0103, elegant\u0103 cu dantel\u0103 asieta GIOIA \u2013 BF0010"},"content":{"rendered":"<h2>Descrierea modelului GIOIA \u2013 rochie ginga\u0219\u0103, elegant\u0103 cu dantel\u0103 asieta \u0219i cu decor str\u0103lucitor<\/h2>\n<p>Modelul GIOIA \u2013 o rochie distins\u0103 cu ghipur\u0103 mat\u0103 extraordinar\u0103, ce poate fi aleas\u0103 \u00een una din trei culori \u2013 ivory, pur alb \u0219i \u00een combina\u021bia ivory+cappuccino. Modelul este lucrat \u00een \u00eentregime din tulle fin. Partea de sus este pe un corset dublat cu decolteu \u00een V \u0219i cu spatele acoperit, cusut cu aplica\u021bii din dantel\u0103 mat\u0103 \u0219i cristale. Fusta \u00een A, decorat\u0103 \u00een partea de jos cu aplica\u021bii \u0219i sclipici. \u00cen talie \u2013 festoane sofisticate.<\/p>\n<p>Rochia GIOIA din noua colec\u021bie BRIDAL FASHION \u2013 este alegerea perfect\u0103 pentru o nunt\u0103 deosebit\u0103 \u00een stil romantic.<\/p>\n","protected":false},"excerpt":{"rendered":"<p>Descrierea modelului GIOIA \u2013 rochie ginga\u0219\u0103, elegant\u0103 cu dantel\u0103 asieta \u0219i cu decor str\u0103lucitor Modelul GIOIA \u2013 o rochie distins\u0103 cu ghipur\u0103 mat\u0103 extraordinar\u0103, ce poate fi aleas\u0103 \u00een una din trei culori \u2013 ivory, pur alb \u0219i \u00een combina\u021bia ivory+cappuccino. Modelul este lucrat \u00een \u00eentregime din tulle fin. Partea de sus este pe un&hellip;<\/p>\n","protected":false},"featured_media":12477,"comment_status":"open","ping_status":"closed","template":"","meta":[],"product_brand":[],"product_cat":[986],"product_tag":[],"class_list":{"0":"post-13551","1":"product","2":"type-product","3":"status-publish","4":"has-post-thumbnail","6":"product_cat-glamour-ro","8":"first","9":"instock","10":"taxable","11":"shipping-taxable","12":"product-type-simple"},"yoast_head":"<!-- This site is optimized with the Yoast SEO plugin v27.6 - https:\/\/yoast.com\/product\/yoast-seo-wordpress\/ -->\n<title>Rochie ginga\u0219\u0103, elegant\u0103 cu dantel\u0103 asieta GIOIA \u2013 BF0010 - BRIDAL FASHION \u2122 | Luxurious Wedding Dresses &amp; Fashionable Gowns for Women, Girls and Kids<\/title>\n<meta name=\"description\" content=\"GIOIA \u2013 rochie de mireas\u0103 cu ghipur\u0103 mat\u0103 aleas\u0103, cu bust semitransparent, fusta stil \u201eprin\u021bes\u0103\u201d cu tren\u0103. Aplica\u021biile pre\u021bioase din dantel\u0103 mat\u0103 pe corset \u0219i \u00een partea de jos a fustei, decorate cu paiete \u0219i cristale. Model de rochie de mireas\u0103 BF0010.\" \/>\n<meta name=\"robots\" content=\"index, follow, max-snippet:-1, max-image-preview:large, max-video-preview:-1\" \/>\n<link rel=\"canonical\" href=\"https:\/\/bridalfashion.com\/ro\/glamour-ro\/rochie-de-mireasa-cu-frumoasa-dantela-mat-gioia-bf0010\/\" \/>\n<meta property=\"og:locale\" content=\"ro_RO\" \/>\n<meta property=\"og:type\" content=\"article\" \/>\n<meta property=\"og:title\" content=\"Rochie ginga\u0219\u0103, elegant\u0103 cu dantel\u0103 asieta GIOIA \u2013 BF0010 - BRIDAL FASHION \u2122 | Luxurious Wedding Dresses &amp; Fashionable Gowns for Women, Girls and Kids\" \/>\n<meta property=\"og:description\" content=\"GIOIA \u2013 rochie de mireas\u0103 cu ghipur\u0103 mat\u0103 aleas\u0103, cu bust semitransparent, fusta stil \u201eprin\u021bes\u0103\u201d cu tren\u0103. Aplica\u021biile pre\u021bioase din dantel\u0103 mat\u0103 pe corset \u0219i \u00een partea de jos a fustei, decorate cu paiete \u0219i cristale. Model de rochie de mireas\u0103 BF0010.\" \/>\n<meta property=\"og:url\" content=\"https:\/\/bridalfashion.com\/ro\/glamour-ro\/rochie-de-mireasa-cu-frumoasa-dantela-mat-gioia-bf0010\/\" \/>\n<meta property=\"og:site_name\" content=\"BRIDAL FASHION \u2122 | Luxurious Wedding Dresses &amp; Fashionable Gowns for Women, Girls and Kids\" \/>\n<meta property=\"og:image\" content=\"https:\/\/bridalfashion.com\/wp-content\/uploads\/2022\/11\/BF00010_A.jpg\" \/>\n\t<meta property=\"og:image:width\" content=\"1516\" \/>\n\t<meta property=\"og:image:height\" content=\"2000\" \/>\n\t<meta property=\"og:image:type\" content=\"image\/jpeg\" \/>\n<meta name=\"twitter:card\" content=\"summary_large_image\" \/>\n<meta name=\"twitter:label1\" content=\"Timp estimat pentru citire\" \/>\n\t<meta name=\"twitter:data1\" content=\"1 minut\" \/>\n<script type=\"application\/ld+json\" class=\"yoast-schema-graph\">{\"@context\":\"https:\\\/\\\/schema.org\",\"@graph\":[{\"@type\":\"WebPage\",\"@id\":\"https:\\\/\\\/bridalfashion.com\\\/ro\\\/glamour-ro\\\/rochie-de-mireasa-cu-frumoasa-dantela-mat-gioia-bf0010\\\/\",\"url\":\"https:\\\/\\\/bridalfashion.com\\\/ro\\\/glamour-ro\\\/rochie-de-mireasa-cu-frumoasa-dantela-mat-gioia-bf0010\\\/\",\"name\":\"Rochie ginga\u0219\u0103, elegant\u0103 cu dantel\u0103 asieta GIOIA \u2013 BF0010 - BRIDAL FASHION \u2122 | Luxurious Wedding Dresses &amp; Fashionable Gowns for Women, Girls and Kids\",\"isPartOf\":{\"@id\":\"https:\\\/\\\/bridalfashion.com\\\/ro\\\/#website\"},\"primaryImageOfPage\":{\"@id\":\"https:\\\/\\\/bridalfashion.com\\\/ro\\\/glamour-ro\\\/rochie-de-mireasa-cu-frumoasa-dantela-mat-gioia-bf0010\\\/#primaryimage\"},\"image\":{\"@id\":\"https:\\\/\\\/bridalfashion.com\\\/ro\\\/glamour-ro\\\/rochie-de-mireasa-cu-frumoasa-dantela-mat-gioia-bf0010\\\/#primaryimage\"},\"thumbnailUrl\":\"https:\\\/\\\/bridalfashion.com\\\/wp-content\\\/uploads\\\/2022\\\/11\\\/BF00010_A.jpg\",\"datePublished\":\"2022-12-01T13:06:31+00:00\",\"description\":\"GIOIA \u2013 rochie de mireas\u0103 cu ghipur\u0103 mat\u0103 aleas\u0103, cu bust semitransparent, fusta stil \u201eprin\u021bes\u0103\u201d cu tren\u0103. Aplica\u021biile pre\u021bioase din dantel\u0103 mat\u0103 pe corset \u0219i \u00een partea de jos a fustei, decorate cu paiete \u0219i cristale. Model de rochie de mireas\u0103 BF0010.\",\"breadcrumb\":{\"@id\":\"https:\\\/\\\/bridalfashion.com\\\/ro\\\/glamour-ro\\\/rochie-de-mireasa-cu-frumoasa-dantela-mat-gioia-bf0010\\\/#breadcrumb\"},\"inLanguage\":\"ro-RO\",\"potentialAction\":[{\"@type\":\"ReadAction\",\"target\":[\"https:\\\/\\\/bridalfashion.com\\\/ro\\\/glamour-ro\\\/rochie-de-mireasa-cu-frumoasa-dantela-mat-gioia-bf0010\\\/\"]}]},{\"@type\":\"ImageObject\",\"inLanguage\":\"ro-RO\",\"@id\":\"https:\\\/\\\/bridalfashion.com\\\/ro\\\/glamour-ro\\\/rochie-de-mireasa-cu-frumoasa-dantela-mat-gioia-bf0010\\\/#primaryimage\",\"url\":\"https:\\\/\\\/bridalfashion.com\\\/wp-content\\\/uploads\\\/2022\\\/11\\\/BF00010_A.jpg\",\"contentUrl\":\"https:\\\/\\\/bridalfashion.com\\\/wp-content\\\/uploads\\\/2022\\\/11\\\/BF00010_A.jpg\",\"width\":1516,\"height\":2000,\"caption\":\"Wedding Dress GIOIA - BF0010; Front view\"},{\"@type\":\"BreadcrumbList\",\"@id\":\"https:\\\/\\\/bridalfashion.com\\\/ro\\\/glamour-ro\\\/rochie-de-mireasa-cu-frumoasa-dantela-mat-gioia-bf0010\\\/#breadcrumb\",\"itemListElement\":[{\"@type\":\"ListItem\",\"position\":1,\"name\":\"Home\",\"item\":\"https:\\\/\\\/bridalfashion.com\\\/ro\\\/\"},{\"@type\":\"ListItem\",\"position\":2,\"name\":\"Shop\",\"item\":\"https:\\\/\\\/bridalfashion.com\\\/shop-2\\\/\"},{\"@type\":\"ListItem\",\"position\":3,\"name\":\"Rochie ginga\u0219\u0103, elegant\u0103 cu dantel\u0103 asieta GIOIA \u2013 BF0010\"}]},{\"@type\":\"WebSite\",\"@id\":\"https:\\\/\\\/bridalfashion.com\\\/ro\\\/#website\",\"url\":\"https:\\\/\\\/bridalfashion.com\\\/ro\\\/\",\"name\":\"BRIDAL FASHION \u2122 | Luxurious Wedding Dresses &amp; Fashionable Gowns for Women, Girls and Kids\",\"description\":\"Welcome the leading manufacturer and supplier of wedding dresses. We offer in wholesale a large selection of high quality wedding dress collections and accessories for your business at competitive prices. Shop our full range of bridal products today!\",\"publisher\":{\"@id\":\"https:\\\/\\\/bridalfashion.com\\\/ro\\\/#organization\"},\"potentialAction\":[{\"@type\":\"SearchAction\",\"target\":{\"@type\":\"EntryPoint\",\"urlTemplate\":\"https:\\\/\\\/bridalfashion.com\\\/ro\\\/?s={search_term_string}\"},\"query-input\":{\"@type\":\"PropertyValueSpecification\",\"valueRequired\":true,\"valueName\":\"search_term_string\"}}],\"inLanguage\":\"ro-RO\"},{\"@type\":\"Organization\",\"@id\":\"https:\\\/\\\/bridalfashion.com\\\/ro\\\/#organization\",\"name\":\"BRIDAL FASHION \u2122 | Luxurious Wedding Dresses &amp; Fashionable Gowns for Women, Girls and Kids\",\"url\":\"https:\\\/\\\/bridalfashion.com\\\/ro\\\/\",\"logo\":{\"@type\":\"ImageObject\",\"inLanguage\":\"ro-RO\",\"@id\":\"https:\\\/\\\/bridalfashion.com\\\/ro\\\/#\\\/schema\\\/logo\\\/image\\\/\",\"url\":\"https:\\\/\\\/bridalfashion.com\\\/wp-content\\\/uploads\\\/2022\\\/05\\\/cropped-BFG.png\",\"contentUrl\":\"https:\\\/\\\/bridalfashion.com\\\/wp-content\\\/uploads\\\/2022\\\/05\\\/cropped-BFG.png\",\"width\":1771,\"height\":119,\"caption\":\"BRIDAL FASHION \u2122 | Luxurious Wedding Dresses &amp; Fashionable Gowns for Women, Girls and Kids\"},\"image\":{\"@id\":\"https:\\\/\\\/bridalfashion.com\\\/ro\\\/#\\\/schema\\\/logo\\\/image\\\/\"}}]}<\/script>\n<!-- \/ Yoast SEO plugin. -->","yoast_head_json":{"title":"Rochie ginga\u0219\u0103, elegant\u0103 cu dantel\u0103 asieta GIOIA \u2013 BF0010 - BRIDAL FASHION \u2122 | Luxurious Wedding Dresses &amp; Fashionable Gowns for Women, Girls and Kids","description":"GIOIA \u2013 rochie de mireas\u0103 cu ghipur\u0103 mat\u0103 aleas\u0103, cu bust semitransparent, fusta stil \u201eprin\u021bes\u0103\u201d cu tren\u0103. Aplica\u021biile pre\u021bioase din dantel\u0103 mat\u0103 pe corset \u0219i \u00een partea de jos a fustei, decorate cu paiete \u0219i cristale. Model de rochie de mireas\u0103 BF0010.","robots":{"index":"index","follow":"follow","max-snippet":"max-snippet:-1","max-image-preview":"max-image-preview:large","max-video-preview":"max-video-preview:-1"},"canonical":"https:\/\/bridalfashion.com\/ro\/glamour-ro\/rochie-de-mireasa-cu-frumoasa-dantela-mat-gioia-bf0010\/","og_locale":"ro_RO","og_type":"article","og_title":"Rochie ginga\u0219\u0103, elegant\u0103 cu dantel\u0103 asieta GIOIA \u2013 BF0010 - BRIDAL FASHION \u2122 | Luxurious Wedding Dresses &amp; Fashionable Gowns for Women, Girls and Kids","og_description":"GIOIA \u2013 rochie de mireas\u0103 cu ghipur\u0103 mat\u0103 aleas\u0103, cu bust semitransparent, fusta stil \u201eprin\u021bes\u0103\u201d cu tren\u0103. Aplica\u021biile pre\u021bioase din dantel\u0103 mat\u0103 pe corset \u0219i \u00een partea de jos a fustei, decorate cu paiete \u0219i cristale. Model de rochie de mireas\u0103 BF0010.","og_url":"https:\/\/bridalfashion.com\/ro\/glamour-ro\/rochie-de-mireasa-cu-frumoasa-dantela-mat-gioia-bf0010\/","og_site_name":"BRIDAL FASHION \u2122 | Luxurious Wedding Dresses &amp; Fashionable Gowns for Women, Girls and Kids","og_image":[{"width":1516,"height":2000,"url":"https:\/\/bridalfashion.com\/wp-content\/uploads\/2022\/11\/BF00010_A.jpg","type":"image\/jpeg"}],"twitter_card":"summary_large_image","twitter_misc":{"Timp estimat pentru citire":"1 minut"},"schema":{"@context":"https:\/\/schema.org","@graph":[{"@type":"WebPage","@id":"https:\/\/bridalfashion.com\/ro\/glamour-ro\/rochie-de-mireasa-cu-frumoasa-dantela-mat-gioia-bf0010\/","url":"https:\/\/bridalfashion.com\/ro\/glamour-ro\/rochie-de-mireasa-cu-frumoasa-dantela-mat-gioia-bf0010\/","name":"Rochie ginga\u0219\u0103, elegant\u0103 cu dantel\u0103 asieta GIOIA \u2013 BF0010 - BRIDAL FASHION \u2122 | Luxurious Wedding Dresses &amp; Fashionable Gowns for Women, Girls and Kids","isPartOf":{"@id":"https:\/\/bridalfashion.com\/ro\/#website"},"primaryImageOfPage":{"@id":"https:\/\/bridalfashion.com\/ro\/glamour-ro\/rochie-de-mireasa-cu-frumoasa-dantela-mat-gioia-bf0010\/#primaryimage"},"image":{"@id":"https:\/\/bridalfashion.com\/ro\/glamour-ro\/rochie-de-mireasa-cu-frumoasa-dantela-mat-gioia-bf0010\/#primaryimage"},"thumbnailUrl":"https:\/\/bridalfashion.com\/wp-content\/uploads\/2022\/11\/BF00010_A.jpg","datePublished":"2022-12-01T13:06:31+00:00","description":"GIOIA \u2013 rochie de mireas\u0103 cu ghipur\u0103 mat\u0103 aleas\u0103, cu bust semitransparent, fusta stil \u201eprin\u021bes\u0103\u201d cu tren\u0103. Aplica\u021biile pre\u021bioase din dantel\u0103 mat\u0103 pe corset \u0219i \u00een partea de jos a fustei, decorate cu paiete \u0219i cristale. Model de rochie de mireas\u0103 BF0010.","breadcrumb":{"@id":"https:\/\/bridalfashion.com\/ro\/glamour-ro\/rochie-de-mireasa-cu-frumoasa-dantela-mat-gioia-bf0010\/#breadcrumb"},"inLanguage":"ro-RO","potentialAction":[{"@type":"ReadAction","target":["https:\/\/bridalfashion.com\/ro\/glamour-ro\/rochie-de-mireasa-cu-frumoasa-dantela-mat-gioia-bf0010\/"]}]},{"@type":"ImageObject","inLanguage":"ro-RO","@id":"https:\/\/bridalfashion.com\/ro\/glamour-ro\/rochie-de-mireasa-cu-frumoasa-dantela-mat-gioia-bf0010\/#primaryimage","url":"https:\/\/bridalfashion.com\/wp-content\/uploads\/2022\/11\/BF00010_A.jpg","contentUrl":"https:\/\/bridalfashion.com\/wp-content\/uploads\/2022\/11\/BF00010_A.jpg","width":1516,"height":2000,"caption":"Wedding Dress GIOIA - BF0010; Front view"},{"@type":"BreadcrumbList","@id":"https:\/\/bridalfashion.com\/ro\/glamour-ro\/rochie-de-mireasa-cu-frumoasa-dantela-mat-gioia-bf0010\/#breadcrumb","itemListElement":[{"@type":"ListItem","position":1,"name":"Home","item":"https:\/\/bridalfashion.com\/ro\/"},{"@type":"ListItem","position":2,"name":"Shop","item":"https:\/\/bridalfashion.com\/shop-2\/"},{"@type":"ListItem","position":3,"name":"Rochie ginga\u0219\u0103, elegant\u0103 cu dantel\u0103 asieta GIOIA \u2013 BF0010"}]},{"@type":"WebSite","@id":"https:\/\/bridalfashion.com\/ro\/#website","url":"https:\/\/bridalfashion.com\/ro\/","name":"BRIDAL FASHION \u2122 | Luxurious Wedding Dresses &amp; Fashionable Gowns for Women, Girls and Kids","description":"Welcome the leading manufacturer and supplier of wedding dresses. We offer in wholesale a large selection of high quality wedding dress collections and accessories for your business at competitive prices. Shop our full range of bridal products today!","publisher":{"@id":"https:\/\/bridalfashion.com\/ro\/#organization"},"potentialAction":[{"@type":"SearchAction","target":{"@type":"EntryPoint","urlTemplate":"https:\/\/bridalfashion.com\/ro\/?s={search_term_string}"},"query-input":{"@type":"PropertyValueSpecification","valueRequired":true,"valueName":"search_term_string"}}],"inLanguage":"ro-RO"},{"@type":"Organization","@id":"https:\/\/bridalfashion.com\/ro\/#organization","name":"BRIDAL FASHION \u2122 | Luxurious Wedding Dresses &amp; Fashionable Gowns for Women, Girls and Kids","url":"https:\/\/bridalfashion.com\/ro\/","logo":{"@type":"ImageObject","inLanguage":"ro-RO","@id":"https:\/\/bridalfashion.com\/ro\/#\/schema\/logo\/image\/","url":"https:\/\/bridalfashion.com\/wp-content\/uploads\/2022\/05\/cropped-BFG.png","contentUrl":"https:\/\/bridalfashion.com\/wp-content\/uploads\/2022\/05\/cropped-BFG.png","width":1771,"height":119,"caption":"BRIDAL FASHION \u2122 | Luxurious Wedding Dresses &amp; Fashionable Gowns for Women, Girls and Kids"},"image":{"@id":"https:\/\/bridalfashion.com\/ro\/#\/schema\/logo\/image\/"}}]}},"_links":{"self":[{"href":"https:\/\/bridalfashion.com\/ro\/wp-json\/wp\/v2\/product\/13551","targetHints":{"allow":["GET"]}}],"collection":[{"href":"https:\/\/bridalfashion.com\/ro\/wp-json\/wp\/v2\/product"}],"about":[{"href":"https:\/\/bridalfashion.com\/ro\/wp-json\/wp\/v2\/types\/product"}],"replies":[{"embeddable":true,"href":"https:\/\/bridalfashion.com\/ro\/wp-json\/wp\/v2\/comments?post=13551"}],"wp:featuredmedia":[{"embeddable":true,"href":"https:\/\/bridalfashion.com\/ro\/wp-json\/wp\/v2\/media\/12477"}],"wp:attachment":[{"href":"https:\/\/bridalfashion.com\/ro\/wp-json\/wp\/v2\/media?parent=13551"}],"wp:term":[{"taxonomy":"product_brand","embeddable":true,"href":"https:\/\/bridalfashion.com\/ro\/wp-json\/wp\/v2\/product_brand?post=13551"},{"taxonomy":"product_cat","embeddable":true,"href":"https:\/\/bridalfashion.com\/ro\/wp-json\/wp\/v2\/product_cat?post=13551"},{"taxonomy":"product_tag","embeddable":true,"href":"https:\/\/bridalfashion.com\/ro\/wp-json\/wp\/v2\/product_tag?post=13551"}],"curies":[{"name":"wp","href":"https:\/\/api.w.org\/{rel}","templated":true}]}}