{"id":13548,"date":"2022-11-28T21:33:04","date_gmt":"2022-12-01T12:59:12","guid":{"rendered":"https:\/\/bridalfashion.com\/fara-categorie\/rochie-minunata-cu-aplicatii-volane-geneva-bf0009\/"},"modified":"2022-12-01T14:59:12","modified_gmt":"2022-12-01T12:59:12","slug":"fermecatoare-rochie-de-mireasa-geneva-bf0009","status":"publish","type":"product","link":"https:\/\/bridalfashion.com\/ro\/glamour-ro\/fermecatoare-rochie-de-mireasa-geneva-bf0009\/","title":{"rendered":"Rochie minunat\u0103 cu aplica\u021bii, volane GENEVA \u2013 BF0009"},"content":{"rendered":"<h2>Descrierea modelului GENEVA \u2013 rochie minunat\u0103 cu aplica\u021bii, volane \u0219i elemente decorative str\u0103lucitoare<\/h2>\n<p>Modelul GENEVA \u2013 o rochie de mireas\u0103 minunat\u0103 stil \u201cprin\u021bes\u0103\u201d cu decor ales. Corsetul dublat cu umerii goi \u0219i cu spatele deschis, din ghipur\u0103 decorat\u0103 cu aplica\u021bii de dantel\u0103, \u00eempodobit\u0103 cu cristale. Bretelele c\u0103zute, accesorizate cu volane din tulle, \u0219i br\u00e2ul din cristale des\u0103v\u0103r\u0219esc look-ul. Fusta tip A din tulle, decorat\u0103 cu ghipur\u0103 \u0219i paiete, iar \u00een partea de jos \u2013 volane bogate.<\/p>\n<p>Rochia GENEVA de la BRIDAL FASHION este disponibil\u0103 \u00een trei culori: alb, ivory \u0219i cappuccino.<\/p>\n","protected":false},"excerpt":{"rendered":"<p>Descrierea modelului GENEVA \u2013 rochie minunat\u0103 cu aplica\u021bii, volane \u0219i elemente decorative str\u0103lucitoare Modelul GENEVA \u2013 o rochie de mireas\u0103 minunat\u0103 stil \u201cprin\u021bes\u0103\u201d cu decor ales. Corsetul dublat cu umerii goi \u0219i cu spatele deschis, din ghipur\u0103 decorat\u0103 cu aplica\u021bii de dantel\u0103, \u00eempodobit\u0103 cu cristale. Bretelele c\u0103zute, accesorizate cu volane din tulle, \u0219i br\u00e2ul din&hellip;<\/p>\n","protected":false},"featured_media":12444,"comment_status":"open","ping_status":"closed","template":"","meta":[],"product_brand":[],"product_cat":[986],"product_tag":[],"class_list":{"0":"post-13548","1":"product","2":"type-product","3":"status-publish","4":"has-post-thumbnail","6":"product_cat-glamour-ro","8":"first","9":"instock","10":"taxable","11":"shipping-taxable","12":"product-type-simple"},"yoast_head":"<!-- This site is optimized with the Yoast SEO plugin v27.5 - https:\/\/yoast.com\/product\/yoast-seo-wordpress\/ -->\n<title>Rochie minunat\u0103 cu aplica\u021bii, volane GENEVA \u2013 BF0009 - BRIDAL FASHION \u2122 | Luxurious Wedding Dresses &amp; Fashionable Gowns for Women, Girls and Kids<\/title>\n<meta name=\"description\" content=\"GENEVA \u2013 rochie de mireas\u0103 ginga\u0219\u0103 \u0219i pururi fermec\u0103toare cu decor divers \u2013 ghipur\u0103, cristale, paiete, volane bogate, aplicate \u00een partea de jos a fustei, cu o tren\u0103 ampl\u0103. Model de rochie de mireas\u0103 BF0009.\" \/>\n<meta name=\"robots\" content=\"index, follow, max-snippet:-1, max-image-preview:large, max-video-preview:-1\" \/>\n<link rel=\"canonical\" href=\"https:\/\/bridalfashion.com\/ro\/glamour-ro\/fermecatoare-rochie-de-mireasa-geneva-bf0009\/\" \/>\n<meta property=\"og:locale\" content=\"ro_RO\" \/>\n<meta property=\"og:type\" content=\"article\" \/>\n<meta property=\"og:title\" content=\"Rochie minunat\u0103 cu aplica\u021bii, volane GENEVA \u2013 BF0009 - BRIDAL FASHION \u2122 | Luxurious Wedding Dresses &amp; Fashionable Gowns for Women, Girls and Kids\" \/>\n<meta property=\"og:description\" content=\"GENEVA \u2013 rochie de mireas\u0103 ginga\u0219\u0103 \u0219i pururi fermec\u0103toare cu decor divers \u2013 ghipur\u0103, cristale, paiete, volane bogate, aplicate \u00een partea de jos a fustei, cu o tren\u0103 ampl\u0103. Model de rochie de mireas\u0103 BF0009.\" \/>\n<meta property=\"og:url\" content=\"https:\/\/bridalfashion.com\/ro\/glamour-ro\/fermecatoare-rochie-de-mireasa-geneva-bf0009\/\" \/>\n<meta property=\"og:site_name\" content=\"BRIDAL FASHION \u2122 | Luxurious Wedding Dresses &amp; Fashionable Gowns for Women, Girls and Kids\" \/>\n<meta property=\"og:image\" content=\"https:\/\/bridalfashion.com\/wp-content\/uploads\/2022\/11\/BF0009_A.jpg\" \/>\n\t<meta property=\"og:image:width\" content=\"1516\" \/>\n\t<meta property=\"og:image:height\" content=\"2000\" \/>\n\t<meta property=\"og:image:type\" content=\"image\/jpeg\" \/>\n<meta name=\"twitter:card\" content=\"summary_large_image\" \/>\n<script type=\"application\/ld+json\" class=\"yoast-schema-graph\">{\"@context\":\"https:\\\/\\\/schema.org\",\"@graph\":[{\"@type\":\"WebPage\",\"@id\":\"https:\\\/\\\/bridalfashion.com\\\/ro\\\/glamour-ro\\\/fermecatoare-rochie-de-mireasa-geneva-bf0009\\\/\",\"url\":\"https:\\\/\\\/bridalfashion.com\\\/ro\\\/glamour-ro\\\/fermecatoare-rochie-de-mireasa-geneva-bf0009\\\/\",\"name\":\"Rochie minunat\u0103 cu aplica\u021bii, volane GENEVA \u2013 BF0009 - BRIDAL FASHION \u2122 | Luxurious Wedding Dresses &amp; Fashionable Gowns for Women, Girls and Kids\",\"isPartOf\":{\"@id\":\"https:\\\/\\\/bridalfashion.com\\\/ro\\\/#website\"},\"primaryImageOfPage\":{\"@id\":\"https:\\\/\\\/bridalfashion.com\\\/ro\\\/glamour-ro\\\/fermecatoare-rochie-de-mireasa-geneva-bf0009\\\/#primaryimage\"},\"image\":{\"@id\":\"https:\\\/\\\/bridalfashion.com\\\/ro\\\/glamour-ro\\\/fermecatoare-rochie-de-mireasa-geneva-bf0009\\\/#primaryimage\"},\"thumbnailUrl\":\"https:\\\/\\\/bridalfashion.com\\\/wp-content\\\/uploads\\\/2022\\\/11\\\/BF0009_A.jpg\",\"datePublished\":\"2022-12-01T12:59:12+00:00\",\"description\":\"GENEVA \u2013 rochie de mireas\u0103 ginga\u0219\u0103 \u0219i pururi fermec\u0103toare cu decor divers \u2013 ghipur\u0103, cristale, paiete, volane bogate, aplicate \u00een partea de jos a fustei, cu o tren\u0103 ampl\u0103. Model de rochie de mireas\u0103 BF0009.\",\"breadcrumb\":{\"@id\":\"https:\\\/\\\/bridalfashion.com\\\/ro\\\/glamour-ro\\\/fermecatoare-rochie-de-mireasa-geneva-bf0009\\\/#breadcrumb\"},\"inLanguage\":\"ro-RO\",\"potentialAction\":[{\"@type\":\"ReadAction\",\"target\":[\"https:\\\/\\\/bridalfashion.com\\\/ro\\\/glamour-ro\\\/fermecatoare-rochie-de-mireasa-geneva-bf0009\\\/\"]}]},{\"@type\":\"ImageObject\",\"inLanguage\":\"ro-RO\",\"@id\":\"https:\\\/\\\/bridalfashion.com\\\/ro\\\/glamour-ro\\\/fermecatoare-rochie-de-mireasa-geneva-bf0009\\\/#primaryimage\",\"url\":\"https:\\\/\\\/bridalfashion.com\\\/wp-content\\\/uploads\\\/2022\\\/11\\\/BF0009_A.jpg\",\"contentUrl\":\"https:\\\/\\\/bridalfashion.com\\\/wp-content\\\/uploads\\\/2022\\\/11\\\/BF0009_A.jpg\",\"width\":1516,\"height\":2000,\"caption\":\"Wedding Dress GENEVA - BF0009\"},{\"@type\":\"BreadcrumbList\",\"@id\":\"https:\\\/\\\/bridalfashion.com\\\/ro\\\/glamour-ro\\\/fermecatoare-rochie-de-mireasa-geneva-bf0009\\\/#breadcrumb\",\"itemListElement\":[{\"@type\":\"ListItem\",\"position\":1,\"name\":\"Home\",\"item\":\"https:\\\/\\\/bridalfashion.com\\\/ro\\\/\"},{\"@type\":\"ListItem\",\"position\":2,\"name\":\"Shop\",\"item\":\"https:\\\/\\\/bridalfashion.com\\\/shop-2\\\/\"},{\"@type\":\"ListItem\",\"position\":3,\"name\":\"Rochie minunat\u0103 cu aplica\u021bii, volane GENEVA \u2013 BF0009\"}]},{\"@type\":\"WebSite\",\"@id\":\"https:\\\/\\\/bridalfashion.com\\\/ro\\\/#website\",\"url\":\"https:\\\/\\\/bridalfashion.com\\\/ro\\\/\",\"name\":\"BRIDAL FASHION \u2122 | Luxurious Wedding Dresses &amp; Fashionable Gowns for Women, Girls and Kids\",\"description\":\"Welcome the leading manufacturer and supplier of wedding dresses. We offer in wholesale a large selection of high quality wedding dress collections and accessories for your business at competitive prices. Shop our full range of bridal products today!\",\"publisher\":{\"@id\":\"https:\\\/\\\/bridalfashion.com\\\/ro\\\/#organization\"},\"potentialAction\":[{\"@type\":\"SearchAction\",\"target\":{\"@type\":\"EntryPoint\",\"urlTemplate\":\"https:\\\/\\\/bridalfashion.com\\\/ro\\\/?s={search_term_string}\"},\"query-input\":{\"@type\":\"PropertyValueSpecification\",\"valueRequired\":true,\"valueName\":\"search_term_string\"}}],\"inLanguage\":\"ro-RO\"},{\"@type\":\"Organization\",\"@id\":\"https:\\\/\\\/bridalfashion.com\\\/ro\\\/#organization\",\"name\":\"BRIDAL FASHION \u2122 | Luxurious Wedding Dresses &amp; Fashionable Gowns for Women, Girls and Kids\",\"url\":\"https:\\\/\\\/bridalfashion.com\\\/ro\\\/\",\"logo\":{\"@type\":\"ImageObject\",\"inLanguage\":\"ro-RO\",\"@id\":\"https:\\\/\\\/bridalfashion.com\\\/ro\\\/#\\\/schema\\\/logo\\\/image\\\/\",\"url\":\"https:\\\/\\\/bridalfashion.com\\\/wp-content\\\/uploads\\\/2022\\\/05\\\/cropped-BFG.png\",\"contentUrl\":\"https:\\\/\\\/bridalfashion.com\\\/wp-content\\\/uploads\\\/2022\\\/05\\\/cropped-BFG.png\",\"width\":1771,\"height\":119,\"caption\":\"BRIDAL FASHION \u2122 | Luxurious Wedding Dresses &amp; Fashionable Gowns for Women, Girls and Kids\"},\"image\":{\"@id\":\"https:\\\/\\\/bridalfashion.com\\\/ro\\\/#\\\/schema\\\/logo\\\/image\\\/\"}}]}<\/script>\n<!-- \/ Yoast SEO plugin. -->","yoast_head_json":{"title":"Rochie minunat\u0103 cu aplica\u021bii, volane GENEVA \u2013 BF0009 - BRIDAL FASHION \u2122 | Luxurious Wedding Dresses &amp; Fashionable Gowns for Women, Girls and Kids","description":"GENEVA \u2013 rochie de mireas\u0103 ginga\u0219\u0103 \u0219i pururi fermec\u0103toare cu decor divers \u2013 ghipur\u0103, cristale, paiete, volane bogate, aplicate \u00een partea de jos a fustei, cu o tren\u0103 ampl\u0103. Model de rochie de mireas\u0103 BF0009.","robots":{"index":"index","follow":"follow","max-snippet":"max-snippet:-1","max-image-preview":"max-image-preview:large","max-video-preview":"max-video-preview:-1"},"canonical":"https:\/\/bridalfashion.com\/ro\/glamour-ro\/fermecatoare-rochie-de-mireasa-geneva-bf0009\/","og_locale":"ro_RO","og_type":"article","og_title":"Rochie minunat\u0103 cu aplica\u021bii, volane GENEVA \u2013 BF0009 - BRIDAL FASHION \u2122 | Luxurious Wedding Dresses &amp; Fashionable Gowns for Women, Girls and Kids","og_description":"GENEVA \u2013 rochie de mireas\u0103 ginga\u0219\u0103 \u0219i pururi fermec\u0103toare cu decor divers \u2013 ghipur\u0103, cristale, paiete, volane bogate, aplicate \u00een partea de jos a fustei, cu o tren\u0103 ampl\u0103. Model de rochie de mireas\u0103 BF0009.","og_url":"https:\/\/bridalfashion.com\/ro\/glamour-ro\/fermecatoare-rochie-de-mireasa-geneva-bf0009\/","og_site_name":"BRIDAL FASHION \u2122 | Luxurious Wedding Dresses &amp; Fashionable Gowns for Women, Girls and Kids","og_image":[{"width":1516,"height":2000,"url":"https:\/\/bridalfashion.com\/wp-content\/uploads\/2022\/11\/BF0009_A.jpg","type":"image\/jpeg"}],"twitter_card":"summary_large_image","schema":{"@context":"https:\/\/schema.org","@graph":[{"@type":"WebPage","@id":"https:\/\/bridalfashion.com\/ro\/glamour-ro\/fermecatoare-rochie-de-mireasa-geneva-bf0009\/","url":"https:\/\/bridalfashion.com\/ro\/glamour-ro\/fermecatoare-rochie-de-mireasa-geneva-bf0009\/","name":"Rochie minunat\u0103 cu aplica\u021bii, volane GENEVA \u2013 BF0009 - BRIDAL FASHION \u2122 | Luxurious Wedding Dresses &amp; Fashionable Gowns for Women, Girls and Kids","isPartOf":{"@id":"https:\/\/bridalfashion.com\/ro\/#website"},"primaryImageOfPage":{"@id":"https:\/\/bridalfashion.com\/ro\/glamour-ro\/fermecatoare-rochie-de-mireasa-geneva-bf0009\/#primaryimage"},"image":{"@id":"https:\/\/bridalfashion.com\/ro\/glamour-ro\/fermecatoare-rochie-de-mireasa-geneva-bf0009\/#primaryimage"},"thumbnailUrl":"https:\/\/bridalfashion.com\/wp-content\/uploads\/2022\/11\/BF0009_A.jpg","datePublished":"2022-12-01T12:59:12+00:00","description":"GENEVA \u2013 rochie de mireas\u0103 ginga\u0219\u0103 \u0219i pururi fermec\u0103toare cu decor divers \u2013 ghipur\u0103, cristale, paiete, volane bogate, aplicate \u00een partea de jos a fustei, cu o tren\u0103 ampl\u0103. Model de rochie de mireas\u0103 BF0009.","breadcrumb":{"@id":"https:\/\/bridalfashion.com\/ro\/glamour-ro\/fermecatoare-rochie-de-mireasa-geneva-bf0009\/#breadcrumb"},"inLanguage":"ro-RO","potentialAction":[{"@type":"ReadAction","target":["https:\/\/bridalfashion.com\/ro\/glamour-ro\/fermecatoare-rochie-de-mireasa-geneva-bf0009\/"]}]},{"@type":"ImageObject","inLanguage":"ro-RO","@id":"https:\/\/bridalfashion.com\/ro\/glamour-ro\/fermecatoare-rochie-de-mireasa-geneva-bf0009\/#primaryimage","url":"https:\/\/bridalfashion.com\/wp-content\/uploads\/2022\/11\/BF0009_A.jpg","contentUrl":"https:\/\/bridalfashion.com\/wp-content\/uploads\/2022\/11\/BF0009_A.jpg","width":1516,"height":2000,"caption":"Wedding Dress GENEVA - BF0009"},{"@type":"BreadcrumbList","@id":"https:\/\/bridalfashion.com\/ro\/glamour-ro\/fermecatoare-rochie-de-mireasa-geneva-bf0009\/#breadcrumb","itemListElement":[{"@type":"ListItem","position":1,"name":"Home","item":"https:\/\/bridalfashion.com\/ro\/"},{"@type":"ListItem","position":2,"name":"Shop","item":"https:\/\/bridalfashion.com\/shop-2\/"},{"@type":"ListItem","position":3,"name":"Rochie minunat\u0103 cu aplica\u021bii, volane GENEVA \u2013 BF0009"}]},{"@type":"WebSite","@id":"https:\/\/bridalfashion.com\/ro\/#website","url":"https:\/\/bridalfashion.com\/ro\/","name":"BRIDAL FASHION \u2122 | Luxurious Wedding Dresses &amp; Fashionable Gowns for Women, Girls and Kids","description":"Welcome the leading manufacturer and supplier of wedding dresses. We offer in wholesale a large selection of high quality wedding dress collections and accessories for your business at competitive prices. Shop our full range of bridal products today!","publisher":{"@id":"https:\/\/bridalfashion.com\/ro\/#organization"},"potentialAction":[{"@type":"SearchAction","target":{"@type":"EntryPoint","urlTemplate":"https:\/\/bridalfashion.com\/ro\/?s={search_term_string}"},"query-input":{"@type":"PropertyValueSpecification","valueRequired":true,"valueName":"search_term_string"}}],"inLanguage":"ro-RO"},{"@type":"Organization","@id":"https:\/\/bridalfashion.com\/ro\/#organization","name":"BRIDAL FASHION \u2122 | Luxurious Wedding Dresses &amp; Fashionable Gowns for Women, Girls and Kids","url":"https:\/\/bridalfashion.com\/ro\/","logo":{"@type":"ImageObject","inLanguage":"ro-RO","@id":"https:\/\/bridalfashion.com\/ro\/#\/schema\/logo\/image\/","url":"https:\/\/bridalfashion.com\/wp-content\/uploads\/2022\/05\/cropped-BFG.png","contentUrl":"https:\/\/bridalfashion.com\/wp-content\/uploads\/2022\/05\/cropped-BFG.png","width":1771,"height":119,"caption":"BRIDAL FASHION \u2122 | Luxurious Wedding Dresses &amp; Fashionable Gowns for Women, Girls and Kids"},"image":{"@id":"https:\/\/bridalfashion.com\/ro\/#\/schema\/logo\/image\/"}}]}},"_links":{"self":[{"href":"https:\/\/bridalfashion.com\/ro\/wp-json\/wp\/v2\/product\/13548","targetHints":{"allow":["GET"]}}],"collection":[{"href":"https:\/\/bridalfashion.com\/ro\/wp-json\/wp\/v2\/product"}],"about":[{"href":"https:\/\/bridalfashion.com\/ro\/wp-json\/wp\/v2\/types\/product"}],"replies":[{"embeddable":true,"href":"https:\/\/bridalfashion.com\/ro\/wp-json\/wp\/v2\/comments?post=13548"}],"wp:featuredmedia":[{"embeddable":true,"href":"https:\/\/bridalfashion.com\/ro\/wp-json\/wp\/v2\/media\/12444"}],"wp:attachment":[{"href":"https:\/\/bridalfashion.com\/ro\/wp-json\/wp\/v2\/media?parent=13548"}],"wp:term":[{"taxonomy":"product_brand","embeddable":true,"href":"https:\/\/bridalfashion.com\/ro\/wp-json\/wp\/v2\/product_brand?post=13548"},{"taxonomy":"product_cat","embeddable":true,"href":"https:\/\/bridalfashion.com\/ro\/wp-json\/wp\/v2\/product_cat?post=13548"},{"taxonomy":"product_tag","embeddable":true,"href":"https:\/\/bridalfashion.com\/ro\/wp-json\/wp\/v2\/product_tag?post=13548"}],"curies":[{"name":"wp","href":"https:\/\/api.w.org\/{rel}","templated":true}]}}