{"id":13545,"date":"2022-11-28T21:28:29","date_gmt":"2022-12-01T12:53:21","guid":{"rendered":"https:\/\/bridalfashion.com\/fara-categorie\/rochie-fascinanta-cu-flori-3d-genie-bf0008\/"},"modified":"2024-10-21T18:26:54","modified_gmt":"2024-10-21T16:26:54","slug":"rochie-stil-printesa-cu-decor-scump-genie-bf0008","status":"publish","type":"product","link":"https:\/\/bridalfashion.com\/ro\/glamour-ro\/rochie-stil-printesa-cu-decor-scump-genie-bf0008\/","title":{"rendered":"Rochie fascinant\u0103 cu flori 3D GENIE \u2013 BF0008"},"content":{"rendered":"<h2>Descrierea modelului GENIE \u2013 rochie fascinant\u0103 cu flori 3D, cusut\u0103 cu perle \u0219i cristale<\/h2>\n<p>Modelul GENIE \u2013 rochie bogat\u0103 stil \u201eprin\u021bes\u0103\u201d cu decor pre\u021bios pe corset \u0219i cu o fust\u0103 cu tren\u0103. Corsetul potrivit cu decolteu \u00een form\u0103 de inim\u0103 \u0219i cu spatele gol, accesorizat cu bretele sub\u021biri, stilizate \u00een mod original la spate. Corsetul \u0219i bretelu\u021bele sunt \u00eempodobite manual cu m\u0103rgele, perle \u0219i cristale, de asemenea ca \u0219i florile 3D cusute. Aplica\u021biile de dantel\u0103 cele mai bogate sunt cusute pe fusta delicat\u0103 din tulle fin.<\/p>\n<p>Rochia de la BRIDAL FASHION este disponibil\u0103 \u00een trei variante de culori \u2013 alb, ivory \u0219i \u00een combina\u021bia la mod\u0103 ivory+cappuccino.<\/p>\n","protected":false},"excerpt":{"rendered":"<p>Descrierea modelului GENIE \u2013 rochie fascinant\u0103 cu flori 3D, cusut\u0103 cu perle \u0219i cristale Modelul GENIE \u2013 rochie bogat\u0103 stil \u201eprin\u021bes\u0103\u201d cu decor pre\u021bios pe corset \u0219i cu o fust\u0103 cu tren\u0103. Corsetul potrivit cu decolteu \u00een form\u0103 de inim\u0103 \u0219i cu spatele gol, accesorizat cu bretele sub\u021biri, stilizate \u00een mod original la spate. Corsetul&hellip;<\/p>\n","protected":false},"featured_media":12415,"comment_status":"open","ping_status":"closed","template":"","meta":[],"product_brand":[],"product_cat":[986],"product_tag":[],"class_list":{"0":"post-13545","1":"product","2":"type-product","3":"status-publish","4":"has-post-thumbnail","6":"product_cat-glamour-ro","8":"first","9":"instock","10":"taxable","11":"shipping-taxable","12":"product-type-simple"},"yoast_head":"<!-- This site is optimized with the Yoast SEO plugin v27.4 - https:\/\/yoast.com\/product\/yoast-seo-wordpress\/ -->\n<title>Rochie fascinant\u0103 cu flori 3D GENIE \u2013 BF0008 - BRIDAL FASHION \u2122 | Luxurious Wedding Dresses &amp; Fashionable Gowns for Women, Girls and Kids<\/title>\n<meta name=\"description\" content=\"GENIE \u2013 rochie distins\u0103 stil \u201cprin\u021bes\u0103\u201d cu decor pre\u021bios din m\u0103rgele, perle, cristale. Partea de sus a rochiei \u0219i fusta \u00een A sunt decorate cu aplica\u021bii de flori 3D \u00een relief. Corsetul este sus\u021binut de bretele. Model de rochie de mireas\u0103 BF0008.\" \/>\n<meta name=\"robots\" content=\"index, follow, max-snippet:-1, max-image-preview:large, max-video-preview:-1\" \/>\n<link rel=\"canonical\" href=\"https:\/\/bridalfashion.com\/ro\/glamour-ro\/rochie-stil-printesa-cu-decor-scump-genie-bf0008\/\" \/>\n<meta property=\"og:locale\" content=\"ro_RO\" \/>\n<meta property=\"og:type\" content=\"article\" \/>\n<meta property=\"og:title\" content=\"Rochie fascinant\u0103 cu flori 3D GENIE \u2013 BF0008 - BRIDAL FASHION \u2122 | Luxurious Wedding Dresses &amp; Fashionable Gowns for Women, Girls and Kids\" \/>\n<meta property=\"og:description\" content=\"GENIE \u2013 rochie distins\u0103 stil \u201cprin\u021bes\u0103\u201d cu decor pre\u021bios din m\u0103rgele, perle, cristale. Partea de sus a rochiei \u0219i fusta \u00een A sunt decorate cu aplica\u021bii de flori 3D \u00een relief. Corsetul este sus\u021binut de bretele. Model de rochie de mireas\u0103 BF0008.\" \/>\n<meta property=\"og:url\" content=\"https:\/\/bridalfashion.com\/ro\/glamour-ro\/rochie-stil-printesa-cu-decor-scump-genie-bf0008\/\" \/>\n<meta property=\"og:site_name\" content=\"BRIDAL FASHION \u2122 | Luxurious Wedding Dresses &amp; Fashionable Gowns for Women, Girls and Kids\" \/>\n<meta property=\"article:modified_time\" content=\"2024-10-21T16:26:54+00:00\" \/>\n<meta property=\"og:image\" content=\"https:\/\/bridalfashion.com\/wp-content\/uploads\/2022\/11\/BF0008_A.jpg\" \/>\n\t<meta property=\"og:image:width\" content=\"1516\" \/>\n\t<meta property=\"og:image:height\" content=\"2000\" \/>\n\t<meta property=\"og:image:type\" content=\"image\/jpeg\" \/>\n<meta name=\"twitter:card\" content=\"summary_large_image\" \/>\n<meta name=\"twitter:label1\" content=\"Timp estimat pentru citire\" \/>\n\t<meta name=\"twitter:data1\" content=\"1 minut\" \/>\n<script type=\"application\/ld+json\" class=\"yoast-schema-graph\">{\"@context\":\"https:\\\/\\\/schema.org\",\"@graph\":[{\"@type\":\"WebPage\",\"@id\":\"https:\\\/\\\/bridalfashion.com\\\/ro\\\/glamour-ro\\\/rochie-stil-printesa-cu-decor-scump-genie-bf0008\\\/\",\"url\":\"https:\\\/\\\/bridalfashion.com\\\/ro\\\/glamour-ro\\\/rochie-stil-printesa-cu-decor-scump-genie-bf0008\\\/\",\"name\":\"Rochie fascinant\u0103 cu flori 3D GENIE \u2013 BF0008 - BRIDAL FASHION \u2122 | Luxurious Wedding Dresses &amp; Fashionable Gowns for Women, Girls and Kids\",\"isPartOf\":{\"@id\":\"https:\\\/\\\/bridalfashion.com\\\/ro\\\/#website\"},\"primaryImageOfPage\":{\"@id\":\"https:\\\/\\\/bridalfashion.com\\\/ro\\\/glamour-ro\\\/rochie-stil-printesa-cu-decor-scump-genie-bf0008\\\/#primaryimage\"},\"image\":{\"@id\":\"https:\\\/\\\/bridalfashion.com\\\/ro\\\/glamour-ro\\\/rochie-stil-printesa-cu-decor-scump-genie-bf0008\\\/#primaryimage\"},\"thumbnailUrl\":\"https:\\\/\\\/bridalfashion.com\\\/wp-content\\\/uploads\\\/2022\\\/11\\\/BF0008_A.jpg\",\"datePublished\":\"2022-12-01T12:53:21+00:00\",\"dateModified\":\"2024-10-21T16:26:54+00:00\",\"description\":\"GENIE \u2013 rochie distins\u0103 stil \u201cprin\u021bes\u0103\u201d cu decor pre\u021bios din m\u0103rgele, perle, cristale. Partea de sus a rochiei \u0219i fusta \u00een A sunt decorate cu aplica\u021bii de flori 3D \u00een relief. Corsetul este sus\u021binut de bretele. Model de rochie de mireas\u0103 BF0008.\",\"breadcrumb\":{\"@id\":\"https:\\\/\\\/bridalfashion.com\\\/ro\\\/glamour-ro\\\/rochie-stil-printesa-cu-decor-scump-genie-bf0008\\\/#breadcrumb\"},\"inLanguage\":\"ro-RO\",\"potentialAction\":[{\"@type\":\"ReadAction\",\"target\":[\"https:\\\/\\\/bridalfashion.com\\\/ro\\\/glamour-ro\\\/rochie-stil-printesa-cu-decor-scump-genie-bf0008\\\/\"]}]},{\"@type\":\"ImageObject\",\"inLanguage\":\"ro-RO\",\"@id\":\"https:\\\/\\\/bridalfashion.com\\\/ro\\\/glamour-ro\\\/rochie-stil-printesa-cu-decor-scump-genie-bf0008\\\/#primaryimage\",\"url\":\"https:\\\/\\\/bridalfashion.com\\\/wp-content\\\/uploads\\\/2022\\\/11\\\/BF0008_A.jpg\",\"contentUrl\":\"https:\\\/\\\/bridalfashion.com\\\/wp-content\\\/uploads\\\/2022\\\/11\\\/BF0008_A.jpg\",\"width\":1516,\"height\":2000,\"caption\":\"Wedding Dress GENIE - BF0008\"},{\"@type\":\"BreadcrumbList\",\"@id\":\"https:\\\/\\\/bridalfashion.com\\\/ro\\\/glamour-ro\\\/rochie-stil-printesa-cu-decor-scump-genie-bf0008\\\/#breadcrumb\",\"itemListElement\":[{\"@type\":\"ListItem\",\"position\":1,\"name\":\"Home\",\"item\":\"https:\\\/\\\/bridalfashion.com\\\/ro\\\/\"},{\"@type\":\"ListItem\",\"position\":2,\"name\":\"Shop\",\"item\":\"https:\\\/\\\/bridalfashion.com\\\/shop-2\\\/\"},{\"@type\":\"ListItem\",\"position\":3,\"name\":\"Rochie fascinant\u0103 cu flori 3D GENIE \u2013 BF0008\"}]},{\"@type\":\"WebSite\",\"@id\":\"https:\\\/\\\/bridalfashion.com\\\/ro\\\/#website\",\"url\":\"https:\\\/\\\/bridalfashion.com\\\/ro\\\/\",\"name\":\"BRIDAL FASHION \u2122 | Luxurious Wedding Dresses &amp; Fashionable Gowns for Women, Girls and Kids\",\"description\":\"Welcome the leading manufacturer and supplier of wedding dresses. We offer in wholesale a large selection of high quality wedding dress collections and accessories for your business at competitive prices. Shop our full range of bridal products today!\",\"publisher\":{\"@id\":\"https:\\\/\\\/bridalfashion.com\\\/ro\\\/#organization\"},\"potentialAction\":[{\"@type\":\"SearchAction\",\"target\":{\"@type\":\"EntryPoint\",\"urlTemplate\":\"https:\\\/\\\/bridalfashion.com\\\/ro\\\/?s={search_term_string}\"},\"query-input\":{\"@type\":\"PropertyValueSpecification\",\"valueRequired\":true,\"valueName\":\"search_term_string\"}}],\"inLanguage\":\"ro-RO\"},{\"@type\":\"Organization\",\"@id\":\"https:\\\/\\\/bridalfashion.com\\\/ro\\\/#organization\",\"name\":\"BRIDAL FASHION \u2122 | Luxurious Wedding Dresses &amp; Fashionable Gowns for Women, Girls and Kids\",\"url\":\"https:\\\/\\\/bridalfashion.com\\\/ro\\\/\",\"logo\":{\"@type\":\"ImageObject\",\"inLanguage\":\"ro-RO\",\"@id\":\"https:\\\/\\\/bridalfashion.com\\\/ro\\\/#\\\/schema\\\/logo\\\/image\\\/\",\"url\":\"https:\\\/\\\/bridalfashion.com\\\/wp-content\\\/uploads\\\/2022\\\/05\\\/cropped-BFG.png\",\"contentUrl\":\"https:\\\/\\\/bridalfashion.com\\\/wp-content\\\/uploads\\\/2022\\\/05\\\/cropped-BFG.png\",\"width\":1771,\"height\":119,\"caption\":\"BRIDAL FASHION \u2122 | Luxurious Wedding Dresses &amp; Fashionable Gowns for Women, Girls and Kids\"},\"image\":{\"@id\":\"https:\\\/\\\/bridalfashion.com\\\/ro\\\/#\\\/schema\\\/logo\\\/image\\\/\"}}]}<\/script>\n<!-- \/ Yoast SEO plugin. -->","yoast_head_json":{"title":"Rochie fascinant\u0103 cu flori 3D GENIE \u2013 BF0008 - BRIDAL FASHION \u2122 | Luxurious Wedding Dresses &amp; Fashionable Gowns for Women, Girls and Kids","description":"GENIE \u2013 rochie distins\u0103 stil \u201cprin\u021bes\u0103\u201d cu decor pre\u021bios din m\u0103rgele, perle, cristale. Partea de sus a rochiei \u0219i fusta \u00een A sunt decorate cu aplica\u021bii de flori 3D \u00een relief. Corsetul este sus\u021binut de bretele. Model de rochie de mireas\u0103 BF0008.","robots":{"index":"index","follow":"follow","max-snippet":"max-snippet:-1","max-image-preview":"max-image-preview:large","max-video-preview":"max-video-preview:-1"},"canonical":"https:\/\/bridalfashion.com\/ro\/glamour-ro\/rochie-stil-printesa-cu-decor-scump-genie-bf0008\/","og_locale":"ro_RO","og_type":"article","og_title":"Rochie fascinant\u0103 cu flori 3D GENIE \u2013 BF0008 - BRIDAL FASHION \u2122 | Luxurious Wedding Dresses &amp; Fashionable Gowns for Women, Girls and Kids","og_description":"GENIE \u2013 rochie distins\u0103 stil \u201cprin\u021bes\u0103\u201d cu decor pre\u021bios din m\u0103rgele, perle, cristale. Partea de sus a rochiei \u0219i fusta \u00een A sunt decorate cu aplica\u021bii de flori 3D \u00een relief. Corsetul este sus\u021binut de bretele. Model de rochie de mireas\u0103 BF0008.","og_url":"https:\/\/bridalfashion.com\/ro\/glamour-ro\/rochie-stil-printesa-cu-decor-scump-genie-bf0008\/","og_site_name":"BRIDAL FASHION \u2122 | Luxurious Wedding Dresses &amp; Fashionable Gowns for Women, Girls and Kids","article_modified_time":"2024-10-21T16:26:54+00:00","og_image":[{"width":1516,"height":2000,"url":"https:\/\/bridalfashion.com\/wp-content\/uploads\/2022\/11\/BF0008_A.jpg","type":"image\/jpeg"}],"twitter_card":"summary_large_image","twitter_misc":{"Timp estimat pentru citire":"1 minut"},"schema":{"@context":"https:\/\/schema.org","@graph":[{"@type":"WebPage","@id":"https:\/\/bridalfashion.com\/ro\/glamour-ro\/rochie-stil-printesa-cu-decor-scump-genie-bf0008\/","url":"https:\/\/bridalfashion.com\/ro\/glamour-ro\/rochie-stil-printesa-cu-decor-scump-genie-bf0008\/","name":"Rochie fascinant\u0103 cu flori 3D GENIE \u2013 BF0008 - BRIDAL FASHION \u2122 | Luxurious Wedding Dresses &amp; Fashionable Gowns for Women, Girls and Kids","isPartOf":{"@id":"https:\/\/bridalfashion.com\/ro\/#website"},"primaryImageOfPage":{"@id":"https:\/\/bridalfashion.com\/ro\/glamour-ro\/rochie-stil-printesa-cu-decor-scump-genie-bf0008\/#primaryimage"},"image":{"@id":"https:\/\/bridalfashion.com\/ro\/glamour-ro\/rochie-stil-printesa-cu-decor-scump-genie-bf0008\/#primaryimage"},"thumbnailUrl":"https:\/\/bridalfashion.com\/wp-content\/uploads\/2022\/11\/BF0008_A.jpg","datePublished":"2022-12-01T12:53:21+00:00","dateModified":"2024-10-21T16:26:54+00:00","description":"GENIE \u2013 rochie distins\u0103 stil \u201cprin\u021bes\u0103\u201d cu decor pre\u021bios din m\u0103rgele, perle, cristale. Partea de sus a rochiei \u0219i fusta \u00een A sunt decorate cu aplica\u021bii de flori 3D \u00een relief. Corsetul este sus\u021binut de bretele. Model de rochie de mireas\u0103 BF0008.","breadcrumb":{"@id":"https:\/\/bridalfashion.com\/ro\/glamour-ro\/rochie-stil-printesa-cu-decor-scump-genie-bf0008\/#breadcrumb"},"inLanguage":"ro-RO","potentialAction":[{"@type":"ReadAction","target":["https:\/\/bridalfashion.com\/ro\/glamour-ro\/rochie-stil-printesa-cu-decor-scump-genie-bf0008\/"]}]},{"@type":"ImageObject","inLanguage":"ro-RO","@id":"https:\/\/bridalfashion.com\/ro\/glamour-ro\/rochie-stil-printesa-cu-decor-scump-genie-bf0008\/#primaryimage","url":"https:\/\/bridalfashion.com\/wp-content\/uploads\/2022\/11\/BF0008_A.jpg","contentUrl":"https:\/\/bridalfashion.com\/wp-content\/uploads\/2022\/11\/BF0008_A.jpg","width":1516,"height":2000,"caption":"Wedding Dress GENIE - BF0008"},{"@type":"BreadcrumbList","@id":"https:\/\/bridalfashion.com\/ro\/glamour-ro\/rochie-stil-printesa-cu-decor-scump-genie-bf0008\/#breadcrumb","itemListElement":[{"@type":"ListItem","position":1,"name":"Home","item":"https:\/\/bridalfashion.com\/ro\/"},{"@type":"ListItem","position":2,"name":"Shop","item":"https:\/\/bridalfashion.com\/shop-2\/"},{"@type":"ListItem","position":3,"name":"Rochie fascinant\u0103 cu flori 3D GENIE \u2013 BF0008"}]},{"@type":"WebSite","@id":"https:\/\/bridalfashion.com\/ro\/#website","url":"https:\/\/bridalfashion.com\/ro\/","name":"BRIDAL FASHION \u2122 | Luxurious Wedding Dresses &amp; Fashionable Gowns for Women, Girls and Kids","description":"Welcome the leading manufacturer and supplier of wedding dresses. We offer in wholesale a large selection of high quality wedding dress collections and accessories for your business at competitive prices. Shop our full range of bridal products today!","publisher":{"@id":"https:\/\/bridalfashion.com\/ro\/#organization"},"potentialAction":[{"@type":"SearchAction","target":{"@type":"EntryPoint","urlTemplate":"https:\/\/bridalfashion.com\/ro\/?s={search_term_string}"},"query-input":{"@type":"PropertyValueSpecification","valueRequired":true,"valueName":"search_term_string"}}],"inLanguage":"ro-RO"},{"@type":"Organization","@id":"https:\/\/bridalfashion.com\/ro\/#organization","name":"BRIDAL FASHION \u2122 | Luxurious Wedding Dresses &amp; Fashionable Gowns for Women, Girls and Kids","url":"https:\/\/bridalfashion.com\/ro\/","logo":{"@type":"ImageObject","inLanguage":"ro-RO","@id":"https:\/\/bridalfashion.com\/ro\/#\/schema\/logo\/image\/","url":"https:\/\/bridalfashion.com\/wp-content\/uploads\/2022\/05\/cropped-BFG.png","contentUrl":"https:\/\/bridalfashion.com\/wp-content\/uploads\/2022\/05\/cropped-BFG.png","width":1771,"height":119,"caption":"BRIDAL FASHION \u2122 | Luxurious Wedding Dresses &amp; Fashionable Gowns for Women, Girls and Kids"},"image":{"@id":"https:\/\/bridalfashion.com\/ro\/#\/schema\/logo\/image\/"}}]}},"_links":{"self":[{"href":"https:\/\/bridalfashion.com\/ro\/wp-json\/wp\/v2\/product\/13545","targetHints":{"allow":["GET"]}}],"collection":[{"href":"https:\/\/bridalfashion.com\/ro\/wp-json\/wp\/v2\/product"}],"about":[{"href":"https:\/\/bridalfashion.com\/ro\/wp-json\/wp\/v2\/types\/product"}],"replies":[{"embeddable":true,"href":"https:\/\/bridalfashion.com\/ro\/wp-json\/wp\/v2\/comments?post=13545"}],"wp:featuredmedia":[{"embeddable":true,"href":"https:\/\/bridalfashion.com\/ro\/wp-json\/wp\/v2\/media\/12415"}],"wp:attachment":[{"href":"https:\/\/bridalfashion.com\/ro\/wp-json\/wp\/v2\/media?parent=13545"}],"wp:term":[{"taxonomy":"product_brand","embeddable":true,"href":"https:\/\/bridalfashion.com\/ro\/wp-json\/wp\/v2\/product_brand?post=13545"},{"taxonomy":"product_cat","embeddable":true,"href":"https:\/\/bridalfashion.com\/ro\/wp-json\/wp\/v2\/product_cat?post=13545"},{"taxonomy":"product_tag","embeddable":true,"href":"https:\/\/bridalfashion.com\/ro\/wp-json\/wp\/v2\/product_tag?post=13545"}],"curies":[{"name":"wp","href":"https:\/\/api.w.org\/{rel}","templated":true}]}}