{"id":13542,"date":"2022-11-28T21:25:50","date_gmt":"2022-12-01T12:44:04","guid":{"rendered":"https:\/\/bridalfashion.com\/fara-categorie\/rochie-de-mireasa-romantica-gwen-bf0007\/"},"modified":"2022-12-01T14:44:04","modified_gmt":"2022-12-01T12:44:04","slug":"rochie-de-mireasa-cu-corset-dantela-gwen-bf0007","status":"publish","type":"product","link":"https:\/\/bridalfashion.com\/ro\/glamour-ro\/rochie-de-mireasa-cu-corset-dantela-gwen-bf0007\/","title":{"rendered":"Rochie de mireas\u0103 romantic\u0103 GWEN \u2013 BF0007"},"content":{"rendered":"<h2>Descrierea modelului GWEN \u2013 rochie de mireas\u0103 romantic\u0103 cu decor distins \u0219i tren\u0103 regal\u0103<\/h2>\n<p>Modelul GWEN \u2013 cea mai bun\u0103 alegere pentru o mireas\u0103 romantic\u0103. Partea de sus a rochiei pe corset dublat cu decolteu \u00een form\u0103 de inim\u0103, executat din dantel\u0103 fran\u021buzeasc\u0103 transparent\u0103 \u0219i decorat\u0103 suplimentar cu paiete, m\u0103rgele \u0219i cristale. La spate \u2013 \u00eencheietoare vertical\u0103 cu nasturi de cristal, linia taliei de asemenea este scoas\u0103 \u00een eviden\u021b\u0103 cu pietre \u0219i cristale. Fusta tip A, lucrat\u0103 din tulle mat pre\u021bios, la talie str\u00e2ns\u0103 \u00een pliuri, ce cad \u00een jos frumos ondulate.<\/p>\n<p>Aceast\u0103 rochie de mireas\u0103 aleas\u0103, cu partea de sus din dantel\u0103, de la BRIDAL FASHION e disponibil\u0103 in culoarea ivory \u0219i \u00een combina\u021bia ivory cu cappuccino.<\/p>\n","protected":false},"excerpt":{"rendered":"<p>Descrierea modelului GWEN \u2013 rochie de mireas\u0103 romantic\u0103 cu decor distins \u0219i tren\u0103 regal\u0103 Modelul GWEN \u2013 cea mai bun\u0103 alegere pentru o mireas\u0103 romantic\u0103. Partea de sus a rochiei pe corset dublat cu decolteu \u00een form\u0103 de inim\u0103, executat din dantel\u0103 fran\u021buzeasc\u0103 transparent\u0103 \u0219i decorat\u0103 suplimentar cu paiete, m\u0103rgele \u0219i cristale. La spate \u2013&hellip;<\/p>\n","protected":false},"featured_media":12386,"comment_status":"open","ping_status":"closed","template":"","meta":[],"product_brand":[],"product_cat":[986],"product_tag":[],"class_list":{"0":"post-13542","1":"product","2":"type-product","3":"status-publish","4":"has-post-thumbnail","6":"product_cat-glamour-ro","8":"first","9":"instock","10":"taxable","11":"shipping-taxable","12":"product-type-simple"},"yoast_head":"<!-- This site is optimized with the Yoast SEO plugin v27.5 - https:\/\/yoast.com\/product\/yoast-seo-wordpress\/ -->\n<title>Rochie de mireas\u0103 romantic\u0103 GWEN \u2013 BF0007 - BRIDAL FASHION \u2122 | Luxurious Wedding Dresses &amp; Fashionable Gowns for Women, Girls and Kids<\/title>\n<meta name=\"description\" content=\"GWEN \u2013 rochie de mireas\u0103 aleas\u0103 cu bustul din dantel\u0103, lucrat de m\u00e2n\u0103 cu paiete, m\u0103rgele \u0219i cristale. Fusta \u201cprin\u021bes\u0103\u201dampl\u0103 din tulle mat, des\u0103v\u00e2r\u0219it\u0103 \u00eentr-o tren\u0103 regal\u0103. Model de rochie de mireas\u0103 BF0007.\" \/>\n<meta name=\"robots\" content=\"index, follow, max-snippet:-1, max-image-preview:large, max-video-preview:-1\" \/>\n<link rel=\"canonical\" href=\"https:\/\/bridalfashion.com\/ro\/glamour-ro\/rochie-de-mireasa-cu-corset-dantela-gwen-bf0007\/\" \/>\n<meta property=\"og:locale\" content=\"ro_RO\" \/>\n<meta property=\"og:type\" content=\"article\" \/>\n<meta property=\"og:title\" content=\"Rochie de mireas\u0103 romantic\u0103 GWEN \u2013 BF0007 - BRIDAL FASHION \u2122 | Luxurious Wedding Dresses &amp; Fashionable Gowns for Women, Girls and Kids\" \/>\n<meta property=\"og:description\" content=\"GWEN \u2013 rochie de mireas\u0103 aleas\u0103 cu bustul din dantel\u0103, lucrat de m\u00e2n\u0103 cu paiete, m\u0103rgele \u0219i cristale. Fusta \u201cprin\u021bes\u0103\u201dampl\u0103 din tulle mat, des\u0103v\u00e2r\u0219it\u0103 \u00eentr-o tren\u0103 regal\u0103. Model de rochie de mireas\u0103 BF0007.\" \/>\n<meta property=\"og:url\" content=\"https:\/\/bridalfashion.com\/ro\/glamour-ro\/rochie-de-mireasa-cu-corset-dantela-gwen-bf0007\/\" \/>\n<meta property=\"og:site_name\" content=\"BRIDAL FASHION \u2122 | Luxurious Wedding Dresses &amp; Fashionable Gowns for Women, Girls and Kids\" \/>\n<meta property=\"og:image\" content=\"https:\/\/bridalfashion.com\/wp-content\/uploads\/2022\/11\/BF0007_A.jpg\" \/>\n\t<meta property=\"og:image:width\" content=\"1516\" \/>\n\t<meta property=\"og:image:height\" content=\"2000\" \/>\n\t<meta property=\"og:image:type\" content=\"image\/jpeg\" \/>\n<meta name=\"twitter:card\" content=\"summary_large_image\" \/>\n<meta name=\"twitter:label1\" content=\"Timp estimat pentru citire\" \/>\n\t<meta name=\"twitter:data1\" content=\"1 minut\" \/>\n<script type=\"application\/ld+json\" class=\"yoast-schema-graph\">{\"@context\":\"https:\\\/\\\/schema.org\",\"@graph\":[{\"@type\":\"WebPage\",\"@id\":\"https:\\\/\\\/bridalfashion.com\\\/ro\\\/glamour-ro\\\/rochie-de-mireasa-cu-corset-dantela-gwen-bf0007\\\/\",\"url\":\"https:\\\/\\\/bridalfashion.com\\\/ro\\\/glamour-ro\\\/rochie-de-mireasa-cu-corset-dantela-gwen-bf0007\\\/\",\"name\":\"Rochie de mireas\u0103 romantic\u0103 GWEN \u2013 BF0007 - BRIDAL FASHION \u2122 | Luxurious Wedding Dresses &amp; Fashionable Gowns for Women, Girls and Kids\",\"isPartOf\":{\"@id\":\"https:\\\/\\\/bridalfashion.com\\\/ro\\\/#website\"},\"primaryImageOfPage\":{\"@id\":\"https:\\\/\\\/bridalfashion.com\\\/ro\\\/glamour-ro\\\/rochie-de-mireasa-cu-corset-dantela-gwen-bf0007\\\/#primaryimage\"},\"image\":{\"@id\":\"https:\\\/\\\/bridalfashion.com\\\/ro\\\/glamour-ro\\\/rochie-de-mireasa-cu-corset-dantela-gwen-bf0007\\\/#primaryimage\"},\"thumbnailUrl\":\"https:\\\/\\\/bridalfashion.com\\\/wp-content\\\/uploads\\\/2022\\\/11\\\/BF0007_A.jpg\",\"datePublished\":\"2022-12-01T12:44:04+00:00\",\"description\":\"GWEN \u2013 rochie de mireas\u0103 aleas\u0103 cu bustul din dantel\u0103, lucrat de m\u00e2n\u0103 cu paiete, m\u0103rgele \u0219i cristale. Fusta \u201cprin\u021bes\u0103\u201dampl\u0103 din tulle mat, des\u0103v\u00e2r\u0219it\u0103 \u00eentr-o tren\u0103 regal\u0103. Model de rochie de mireas\u0103 BF0007.\",\"breadcrumb\":{\"@id\":\"https:\\\/\\\/bridalfashion.com\\\/ro\\\/glamour-ro\\\/rochie-de-mireasa-cu-corset-dantela-gwen-bf0007\\\/#breadcrumb\"},\"inLanguage\":\"ro-RO\",\"potentialAction\":[{\"@type\":\"ReadAction\",\"target\":[\"https:\\\/\\\/bridalfashion.com\\\/ro\\\/glamour-ro\\\/rochie-de-mireasa-cu-corset-dantela-gwen-bf0007\\\/\"]}]},{\"@type\":\"ImageObject\",\"inLanguage\":\"ro-RO\",\"@id\":\"https:\\\/\\\/bridalfashion.com\\\/ro\\\/glamour-ro\\\/rochie-de-mireasa-cu-corset-dantela-gwen-bf0007\\\/#primaryimage\",\"url\":\"https:\\\/\\\/bridalfashion.com\\\/wp-content\\\/uploads\\\/2022\\\/11\\\/BF0007_A.jpg\",\"contentUrl\":\"https:\\\/\\\/bridalfashion.com\\\/wp-content\\\/uploads\\\/2022\\\/11\\\/BF0007_A.jpg\",\"width\":1516,\"height\":2000,\"caption\":\"Wedding Dress GWEN - BF0007\"},{\"@type\":\"BreadcrumbList\",\"@id\":\"https:\\\/\\\/bridalfashion.com\\\/ro\\\/glamour-ro\\\/rochie-de-mireasa-cu-corset-dantela-gwen-bf0007\\\/#breadcrumb\",\"itemListElement\":[{\"@type\":\"ListItem\",\"position\":1,\"name\":\"Home\",\"item\":\"https:\\\/\\\/bridalfashion.com\\\/ro\\\/\"},{\"@type\":\"ListItem\",\"position\":2,\"name\":\"Shop\",\"item\":\"https:\\\/\\\/bridalfashion.com\\\/shop-2\\\/\"},{\"@type\":\"ListItem\",\"position\":3,\"name\":\"Rochie de mireas\u0103 romantic\u0103 GWEN \u2013 BF0007\"}]},{\"@type\":\"WebSite\",\"@id\":\"https:\\\/\\\/bridalfashion.com\\\/ro\\\/#website\",\"url\":\"https:\\\/\\\/bridalfashion.com\\\/ro\\\/\",\"name\":\"BRIDAL FASHION \u2122 | Luxurious Wedding Dresses &amp; Fashionable Gowns for Women, Girls and Kids\",\"description\":\"Welcome the leading manufacturer and supplier of wedding dresses. We offer in wholesale a large selection of high quality wedding dress collections and accessories for your business at competitive prices. Shop our full range of bridal products today!\",\"publisher\":{\"@id\":\"https:\\\/\\\/bridalfashion.com\\\/ro\\\/#organization\"},\"potentialAction\":[{\"@type\":\"SearchAction\",\"target\":{\"@type\":\"EntryPoint\",\"urlTemplate\":\"https:\\\/\\\/bridalfashion.com\\\/ro\\\/?s={search_term_string}\"},\"query-input\":{\"@type\":\"PropertyValueSpecification\",\"valueRequired\":true,\"valueName\":\"search_term_string\"}}],\"inLanguage\":\"ro-RO\"},{\"@type\":\"Organization\",\"@id\":\"https:\\\/\\\/bridalfashion.com\\\/ro\\\/#organization\",\"name\":\"BRIDAL FASHION \u2122 | Luxurious Wedding Dresses &amp; Fashionable Gowns for Women, Girls and Kids\",\"url\":\"https:\\\/\\\/bridalfashion.com\\\/ro\\\/\",\"logo\":{\"@type\":\"ImageObject\",\"inLanguage\":\"ro-RO\",\"@id\":\"https:\\\/\\\/bridalfashion.com\\\/ro\\\/#\\\/schema\\\/logo\\\/image\\\/\",\"url\":\"https:\\\/\\\/bridalfashion.com\\\/wp-content\\\/uploads\\\/2022\\\/05\\\/cropped-BFG.png\",\"contentUrl\":\"https:\\\/\\\/bridalfashion.com\\\/wp-content\\\/uploads\\\/2022\\\/05\\\/cropped-BFG.png\",\"width\":1771,\"height\":119,\"caption\":\"BRIDAL FASHION \u2122 | Luxurious Wedding Dresses &amp; Fashionable Gowns for Women, Girls and Kids\"},\"image\":{\"@id\":\"https:\\\/\\\/bridalfashion.com\\\/ro\\\/#\\\/schema\\\/logo\\\/image\\\/\"}}]}<\/script>\n<!-- \/ Yoast SEO plugin. -->","yoast_head_json":{"title":"Rochie de mireas\u0103 romantic\u0103 GWEN \u2013 BF0007 - BRIDAL FASHION \u2122 | Luxurious Wedding Dresses &amp; Fashionable Gowns for Women, Girls and Kids","description":"GWEN \u2013 rochie de mireas\u0103 aleas\u0103 cu bustul din dantel\u0103, lucrat de m\u00e2n\u0103 cu paiete, m\u0103rgele \u0219i cristale. Fusta \u201cprin\u021bes\u0103\u201dampl\u0103 din tulle mat, des\u0103v\u00e2r\u0219it\u0103 \u00eentr-o tren\u0103 regal\u0103. Model de rochie de mireas\u0103 BF0007.","robots":{"index":"index","follow":"follow","max-snippet":"max-snippet:-1","max-image-preview":"max-image-preview:large","max-video-preview":"max-video-preview:-1"},"canonical":"https:\/\/bridalfashion.com\/ro\/glamour-ro\/rochie-de-mireasa-cu-corset-dantela-gwen-bf0007\/","og_locale":"ro_RO","og_type":"article","og_title":"Rochie de mireas\u0103 romantic\u0103 GWEN \u2013 BF0007 - BRIDAL FASHION \u2122 | Luxurious Wedding Dresses &amp; Fashionable Gowns for Women, Girls and Kids","og_description":"GWEN \u2013 rochie de mireas\u0103 aleas\u0103 cu bustul din dantel\u0103, lucrat de m\u00e2n\u0103 cu paiete, m\u0103rgele \u0219i cristale. Fusta \u201cprin\u021bes\u0103\u201dampl\u0103 din tulle mat, des\u0103v\u00e2r\u0219it\u0103 \u00eentr-o tren\u0103 regal\u0103. Model de rochie de mireas\u0103 BF0007.","og_url":"https:\/\/bridalfashion.com\/ro\/glamour-ro\/rochie-de-mireasa-cu-corset-dantela-gwen-bf0007\/","og_site_name":"BRIDAL FASHION \u2122 | Luxurious Wedding Dresses &amp; Fashionable Gowns for Women, Girls and Kids","og_image":[{"width":1516,"height":2000,"url":"https:\/\/bridalfashion.com\/wp-content\/uploads\/2022\/11\/BF0007_A.jpg","type":"image\/jpeg"}],"twitter_card":"summary_large_image","twitter_misc":{"Timp estimat pentru citire":"1 minut"},"schema":{"@context":"https:\/\/schema.org","@graph":[{"@type":"WebPage","@id":"https:\/\/bridalfashion.com\/ro\/glamour-ro\/rochie-de-mireasa-cu-corset-dantela-gwen-bf0007\/","url":"https:\/\/bridalfashion.com\/ro\/glamour-ro\/rochie-de-mireasa-cu-corset-dantela-gwen-bf0007\/","name":"Rochie de mireas\u0103 romantic\u0103 GWEN \u2013 BF0007 - BRIDAL FASHION \u2122 | Luxurious Wedding Dresses &amp; Fashionable Gowns for Women, Girls and Kids","isPartOf":{"@id":"https:\/\/bridalfashion.com\/ro\/#website"},"primaryImageOfPage":{"@id":"https:\/\/bridalfashion.com\/ro\/glamour-ro\/rochie-de-mireasa-cu-corset-dantela-gwen-bf0007\/#primaryimage"},"image":{"@id":"https:\/\/bridalfashion.com\/ro\/glamour-ro\/rochie-de-mireasa-cu-corset-dantela-gwen-bf0007\/#primaryimage"},"thumbnailUrl":"https:\/\/bridalfashion.com\/wp-content\/uploads\/2022\/11\/BF0007_A.jpg","datePublished":"2022-12-01T12:44:04+00:00","description":"GWEN \u2013 rochie de mireas\u0103 aleas\u0103 cu bustul din dantel\u0103, lucrat de m\u00e2n\u0103 cu paiete, m\u0103rgele \u0219i cristale. Fusta \u201cprin\u021bes\u0103\u201dampl\u0103 din tulle mat, des\u0103v\u00e2r\u0219it\u0103 \u00eentr-o tren\u0103 regal\u0103. Model de rochie de mireas\u0103 BF0007.","breadcrumb":{"@id":"https:\/\/bridalfashion.com\/ro\/glamour-ro\/rochie-de-mireasa-cu-corset-dantela-gwen-bf0007\/#breadcrumb"},"inLanguage":"ro-RO","potentialAction":[{"@type":"ReadAction","target":["https:\/\/bridalfashion.com\/ro\/glamour-ro\/rochie-de-mireasa-cu-corset-dantela-gwen-bf0007\/"]}]},{"@type":"ImageObject","inLanguage":"ro-RO","@id":"https:\/\/bridalfashion.com\/ro\/glamour-ro\/rochie-de-mireasa-cu-corset-dantela-gwen-bf0007\/#primaryimage","url":"https:\/\/bridalfashion.com\/wp-content\/uploads\/2022\/11\/BF0007_A.jpg","contentUrl":"https:\/\/bridalfashion.com\/wp-content\/uploads\/2022\/11\/BF0007_A.jpg","width":1516,"height":2000,"caption":"Wedding Dress GWEN - BF0007"},{"@type":"BreadcrumbList","@id":"https:\/\/bridalfashion.com\/ro\/glamour-ro\/rochie-de-mireasa-cu-corset-dantela-gwen-bf0007\/#breadcrumb","itemListElement":[{"@type":"ListItem","position":1,"name":"Home","item":"https:\/\/bridalfashion.com\/ro\/"},{"@type":"ListItem","position":2,"name":"Shop","item":"https:\/\/bridalfashion.com\/shop-2\/"},{"@type":"ListItem","position":3,"name":"Rochie de mireas\u0103 romantic\u0103 GWEN \u2013 BF0007"}]},{"@type":"WebSite","@id":"https:\/\/bridalfashion.com\/ro\/#website","url":"https:\/\/bridalfashion.com\/ro\/","name":"BRIDAL FASHION \u2122 | Luxurious Wedding Dresses &amp; Fashionable Gowns for Women, Girls and Kids","description":"Welcome the leading manufacturer and supplier of wedding dresses. We offer in wholesale a large selection of high quality wedding dress collections and accessories for your business at competitive prices. Shop our full range of bridal products today!","publisher":{"@id":"https:\/\/bridalfashion.com\/ro\/#organization"},"potentialAction":[{"@type":"SearchAction","target":{"@type":"EntryPoint","urlTemplate":"https:\/\/bridalfashion.com\/ro\/?s={search_term_string}"},"query-input":{"@type":"PropertyValueSpecification","valueRequired":true,"valueName":"search_term_string"}}],"inLanguage":"ro-RO"},{"@type":"Organization","@id":"https:\/\/bridalfashion.com\/ro\/#organization","name":"BRIDAL FASHION \u2122 | Luxurious Wedding Dresses &amp; Fashionable Gowns for Women, Girls and Kids","url":"https:\/\/bridalfashion.com\/ro\/","logo":{"@type":"ImageObject","inLanguage":"ro-RO","@id":"https:\/\/bridalfashion.com\/ro\/#\/schema\/logo\/image\/","url":"https:\/\/bridalfashion.com\/wp-content\/uploads\/2022\/05\/cropped-BFG.png","contentUrl":"https:\/\/bridalfashion.com\/wp-content\/uploads\/2022\/05\/cropped-BFG.png","width":1771,"height":119,"caption":"BRIDAL FASHION \u2122 | Luxurious Wedding Dresses &amp; Fashionable Gowns for Women, Girls and Kids"},"image":{"@id":"https:\/\/bridalfashion.com\/ro\/#\/schema\/logo\/image\/"}}]}},"_links":{"self":[{"href":"https:\/\/bridalfashion.com\/ro\/wp-json\/wp\/v2\/product\/13542","targetHints":{"allow":["GET"]}}],"collection":[{"href":"https:\/\/bridalfashion.com\/ro\/wp-json\/wp\/v2\/product"}],"about":[{"href":"https:\/\/bridalfashion.com\/ro\/wp-json\/wp\/v2\/types\/product"}],"replies":[{"embeddable":true,"href":"https:\/\/bridalfashion.com\/ro\/wp-json\/wp\/v2\/comments?post=13542"}],"wp:featuredmedia":[{"embeddable":true,"href":"https:\/\/bridalfashion.com\/ro\/wp-json\/wp\/v2\/media\/12386"}],"wp:attachment":[{"href":"https:\/\/bridalfashion.com\/ro\/wp-json\/wp\/v2\/media?parent=13542"}],"wp:term":[{"taxonomy":"product_brand","embeddable":true,"href":"https:\/\/bridalfashion.com\/ro\/wp-json\/wp\/v2\/product_brand?post=13542"},{"taxonomy":"product_cat","embeddable":true,"href":"https:\/\/bridalfashion.com\/ro\/wp-json\/wp\/v2\/product_cat?post=13542"},{"taxonomy":"product_tag","embeddable":true,"href":"https:\/\/bridalfashion.com\/ro\/wp-json\/wp\/v2\/product_tag?post=13542"}],"curies":[{"name":"wp","href":"https:\/\/api.w.org\/{rel}","templated":true}]}}