{"id":13539,"date":"2022-11-28T21:15:02","date_gmt":"2022-12-01T12:37:59","guid":{"rendered":"https:\/\/bridalfashion.com\/fara-categorie\/rochie-de-mireasa-eleganta-giulia-bf0006\/"},"modified":"2022-12-01T14:37:59","modified_gmt":"2022-12-01T12:37:59","slug":"rochie-stil-printesa-cu-spate-deschis-giulia-bf0006","status":"publish","type":"product","link":"https:\/\/bridalfashion.com\/ro\/glamour-ro\/rochie-stil-printesa-cu-spate-deschis-giulia-bf0006\/","title":{"rendered":"Rochie de mireas\u0103 elegant\u0103 GIULIA \u2013 BF0006"},"content":{"rendered":"<h2>Descrierea modelului GIULIA \u2013 rochie de mireas\u0103 elegant\u0103 cu elemente str\u0103lucitoare \u0219i cu fust\u0103 bogat\u0103<\/h2>\n<p>Modelul GIULIA \u2013 rochie aleas\u0103 stil \u201cprin\u021bes\u0103\u201d cu spatele gol \u0219i cu bretele delicate, ce sus\u021bin corsetul potrivit. Bustul este lucrat manual, brodat cu paiete \u0219i m\u0103rgele fine. Sistemul de \u00eenchidere la spate \u2013 \u0219iret lat din saten. Fusta splendid\u0103 tip A, executat\u0103 din tulle mat pre\u021bios, \u0219i, pentru a men\u021bine volumul trenei bogate, partea de jos a fustei e cusut\u0103 cu o band\u0103 lat\u0103 de rijelin\u0103.<\/p>\n<p>Rochia de mireas\u0103 GIULIA de la BRIDAL FASHION poate fi aleas\u0103 \u00een culoare. Acest model va sta bine la fete cu tipuri diferite de figuri.<\/p>\n","protected":false},"excerpt":{"rendered":"<p>Descrierea modelului GIULIA \u2013 rochie de mireas\u0103 elegant\u0103 cu elemente str\u0103lucitoare \u0219i cu fust\u0103 bogat\u0103 Modelul GIULIA \u2013 rochie aleas\u0103 stil \u201cprin\u021bes\u0103\u201d cu spatele gol \u0219i cu bretele delicate, ce sus\u021bin corsetul potrivit. Bustul este lucrat manual, brodat cu paiete \u0219i m\u0103rgele fine. Sistemul de \u00eenchidere la spate \u2013 \u0219iret lat din saten. Fusta splendid\u0103&hellip;<\/p>\n","protected":false},"featured_media":12357,"comment_status":"open","ping_status":"closed","template":"","meta":[],"product_brand":[],"product_cat":[986],"product_tag":[],"class_list":{"0":"post-13539","1":"product","2":"type-product","3":"status-publish","4":"has-post-thumbnail","6":"product_cat-glamour-ro","8":"first","9":"instock","10":"taxable","11":"shipping-taxable","12":"product-type-simple"},"yoast_head":"<!-- This site is optimized with the Yoast SEO plugin v27.6 - https:\/\/yoast.com\/product\/yoast-seo-wordpress\/ -->\n<title>Rochie de mireas\u0103 elegant\u0103 GIULIA \u2013 BF0006 - BRIDAL FASHION \u2122 | Luxurious Wedding Dresses &amp; Fashionable Gowns for Women, Girls and Kids<\/title>\n<meta name=\"description\" content=\"GIULIA \u2013 rochie \u201cprin\u021bes\u0103\u201d aleas\u0103 cu spatele gol, cu bretele delicate \u0219i \u00eenchidere \u0219iret la spate. Bustul este lucrat manual cu paiete \u0219i m\u0103rgele. Fusta \u0219i trena sunt executate din tulle. Model de rochie de mireas\u0103 BF0006.\" \/>\n<meta name=\"robots\" content=\"index, follow, max-snippet:-1, max-image-preview:large, max-video-preview:-1\" \/>\n<link rel=\"canonical\" href=\"https:\/\/bridalfashion.com\/ro\/glamour-ro\/rochie-stil-printesa-cu-spate-deschis-giulia-bf0006\/\" \/>\n<meta property=\"og:locale\" content=\"ro_RO\" \/>\n<meta property=\"og:type\" content=\"article\" \/>\n<meta property=\"og:title\" content=\"Rochie de mireas\u0103 elegant\u0103 GIULIA \u2013 BF0006 - BRIDAL FASHION \u2122 | Luxurious Wedding Dresses &amp; Fashionable Gowns for Women, Girls and Kids\" \/>\n<meta property=\"og:description\" content=\"GIULIA \u2013 rochie \u201cprin\u021bes\u0103\u201d aleas\u0103 cu spatele gol, cu bretele delicate \u0219i \u00eenchidere \u0219iret la spate. Bustul este lucrat manual cu paiete \u0219i m\u0103rgele. Fusta \u0219i trena sunt executate din tulle. Model de rochie de mireas\u0103 BF0006.\" \/>\n<meta property=\"og:url\" content=\"https:\/\/bridalfashion.com\/ro\/glamour-ro\/rochie-stil-printesa-cu-spate-deschis-giulia-bf0006\/\" \/>\n<meta property=\"og:site_name\" content=\"BRIDAL FASHION \u2122 | Luxurious Wedding Dresses &amp; Fashionable Gowns for Women, Girls and Kids\" \/>\n<meta property=\"og:image\" content=\"https:\/\/bridalfashion.com\/wp-content\/uploads\/2022\/11\/BF0006_A.jpg\" \/>\n\t<meta property=\"og:image:width\" content=\"1516\" \/>\n\t<meta property=\"og:image:height\" content=\"2000\" \/>\n\t<meta property=\"og:image:type\" content=\"image\/jpeg\" \/>\n<meta name=\"twitter:card\" content=\"summary_large_image\" \/>\n<meta name=\"twitter:label1\" content=\"Timp estimat pentru citire\" \/>\n\t<meta name=\"twitter:data1\" content=\"1 minut\" \/>\n<script type=\"application\/ld+json\" class=\"yoast-schema-graph\">{\"@context\":\"https:\\\/\\\/schema.org\",\"@graph\":[{\"@type\":\"WebPage\",\"@id\":\"https:\\\/\\\/bridalfashion.com\\\/ro\\\/glamour-ro\\\/rochie-stil-printesa-cu-spate-deschis-giulia-bf0006\\\/\",\"url\":\"https:\\\/\\\/bridalfashion.com\\\/ro\\\/glamour-ro\\\/rochie-stil-printesa-cu-spate-deschis-giulia-bf0006\\\/\",\"name\":\"Rochie de mireas\u0103 elegant\u0103 GIULIA \u2013 BF0006 - BRIDAL FASHION \u2122 | Luxurious Wedding Dresses &amp; Fashionable Gowns for Women, Girls and Kids\",\"isPartOf\":{\"@id\":\"https:\\\/\\\/bridalfashion.com\\\/ro\\\/#website\"},\"primaryImageOfPage\":{\"@id\":\"https:\\\/\\\/bridalfashion.com\\\/ro\\\/glamour-ro\\\/rochie-stil-printesa-cu-spate-deschis-giulia-bf0006\\\/#primaryimage\"},\"image\":{\"@id\":\"https:\\\/\\\/bridalfashion.com\\\/ro\\\/glamour-ro\\\/rochie-stil-printesa-cu-spate-deschis-giulia-bf0006\\\/#primaryimage\"},\"thumbnailUrl\":\"https:\\\/\\\/bridalfashion.com\\\/wp-content\\\/uploads\\\/2022\\\/11\\\/BF0006_A.jpg\",\"datePublished\":\"2022-12-01T12:37:59+00:00\",\"description\":\"GIULIA \u2013 rochie \u201cprin\u021bes\u0103\u201d aleas\u0103 cu spatele gol, cu bretele delicate \u0219i \u00eenchidere \u0219iret la spate. Bustul este lucrat manual cu paiete \u0219i m\u0103rgele. Fusta \u0219i trena sunt executate din tulle. Model de rochie de mireas\u0103 BF0006.\",\"breadcrumb\":{\"@id\":\"https:\\\/\\\/bridalfashion.com\\\/ro\\\/glamour-ro\\\/rochie-stil-printesa-cu-spate-deschis-giulia-bf0006\\\/#breadcrumb\"},\"inLanguage\":\"ro-RO\",\"potentialAction\":[{\"@type\":\"ReadAction\",\"target\":[\"https:\\\/\\\/bridalfashion.com\\\/ro\\\/glamour-ro\\\/rochie-stil-printesa-cu-spate-deschis-giulia-bf0006\\\/\"]}]},{\"@type\":\"ImageObject\",\"inLanguage\":\"ro-RO\",\"@id\":\"https:\\\/\\\/bridalfashion.com\\\/ro\\\/glamour-ro\\\/rochie-stil-printesa-cu-spate-deschis-giulia-bf0006\\\/#primaryimage\",\"url\":\"https:\\\/\\\/bridalfashion.com\\\/wp-content\\\/uploads\\\/2022\\\/11\\\/BF0006_A.jpg\",\"contentUrl\":\"https:\\\/\\\/bridalfashion.com\\\/wp-content\\\/uploads\\\/2022\\\/11\\\/BF0006_A.jpg\",\"width\":1516,\"height\":2000,\"caption\":\"Wedding Dress GIULIA - BF0006\"},{\"@type\":\"BreadcrumbList\",\"@id\":\"https:\\\/\\\/bridalfashion.com\\\/ro\\\/glamour-ro\\\/rochie-stil-printesa-cu-spate-deschis-giulia-bf0006\\\/#breadcrumb\",\"itemListElement\":[{\"@type\":\"ListItem\",\"position\":1,\"name\":\"Home\",\"item\":\"https:\\\/\\\/bridalfashion.com\\\/ro\\\/\"},{\"@type\":\"ListItem\",\"position\":2,\"name\":\"Shop\",\"item\":\"https:\\\/\\\/bridalfashion.com\\\/shop-2\\\/\"},{\"@type\":\"ListItem\",\"position\":3,\"name\":\"Rochie de mireas\u0103 elegant\u0103 GIULIA \u2013 BF0006\"}]},{\"@type\":\"WebSite\",\"@id\":\"https:\\\/\\\/bridalfashion.com\\\/ro\\\/#website\",\"url\":\"https:\\\/\\\/bridalfashion.com\\\/ro\\\/\",\"name\":\"BRIDAL FASHION \u2122 | Luxurious Wedding Dresses &amp; Fashionable Gowns for Women, Girls and Kids\",\"description\":\"Welcome the leading manufacturer and supplier of wedding dresses. We offer in wholesale a large selection of high quality wedding dress collections and accessories for your business at competitive prices. Shop our full range of bridal products today!\",\"publisher\":{\"@id\":\"https:\\\/\\\/bridalfashion.com\\\/ro\\\/#organization\"},\"potentialAction\":[{\"@type\":\"SearchAction\",\"target\":{\"@type\":\"EntryPoint\",\"urlTemplate\":\"https:\\\/\\\/bridalfashion.com\\\/ro\\\/?s={search_term_string}\"},\"query-input\":{\"@type\":\"PropertyValueSpecification\",\"valueRequired\":true,\"valueName\":\"search_term_string\"}}],\"inLanguage\":\"ro-RO\"},{\"@type\":\"Organization\",\"@id\":\"https:\\\/\\\/bridalfashion.com\\\/ro\\\/#organization\",\"name\":\"BRIDAL FASHION \u2122 | Luxurious Wedding Dresses &amp; Fashionable Gowns for Women, Girls and Kids\",\"url\":\"https:\\\/\\\/bridalfashion.com\\\/ro\\\/\",\"logo\":{\"@type\":\"ImageObject\",\"inLanguage\":\"ro-RO\",\"@id\":\"https:\\\/\\\/bridalfashion.com\\\/ro\\\/#\\\/schema\\\/logo\\\/image\\\/\",\"url\":\"https:\\\/\\\/bridalfashion.com\\\/wp-content\\\/uploads\\\/2022\\\/05\\\/cropped-BFG.png\",\"contentUrl\":\"https:\\\/\\\/bridalfashion.com\\\/wp-content\\\/uploads\\\/2022\\\/05\\\/cropped-BFG.png\",\"width\":1771,\"height\":119,\"caption\":\"BRIDAL FASHION \u2122 | Luxurious Wedding Dresses &amp; Fashionable Gowns for Women, Girls and Kids\"},\"image\":{\"@id\":\"https:\\\/\\\/bridalfashion.com\\\/ro\\\/#\\\/schema\\\/logo\\\/image\\\/\"}}]}<\/script>\n<!-- \/ Yoast SEO plugin. -->","yoast_head_json":{"title":"Rochie de mireas\u0103 elegant\u0103 GIULIA \u2013 BF0006 - BRIDAL FASHION \u2122 | Luxurious Wedding Dresses &amp; Fashionable Gowns for Women, Girls and Kids","description":"GIULIA \u2013 rochie \u201cprin\u021bes\u0103\u201d aleas\u0103 cu spatele gol, cu bretele delicate \u0219i \u00eenchidere \u0219iret la spate. Bustul este lucrat manual cu paiete \u0219i m\u0103rgele. Fusta \u0219i trena sunt executate din tulle. Model de rochie de mireas\u0103 BF0006.","robots":{"index":"index","follow":"follow","max-snippet":"max-snippet:-1","max-image-preview":"max-image-preview:large","max-video-preview":"max-video-preview:-1"},"canonical":"https:\/\/bridalfashion.com\/ro\/glamour-ro\/rochie-stil-printesa-cu-spate-deschis-giulia-bf0006\/","og_locale":"ro_RO","og_type":"article","og_title":"Rochie de mireas\u0103 elegant\u0103 GIULIA \u2013 BF0006 - BRIDAL FASHION \u2122 | Luxurious Wedding Dresses &amp; Fashionable Gowns for Women, Girls and Kids","og_description":"GIULIA \u2013 rochie \u201cprin\u021bes\u0103\u201d aleas\u0103 cu spatele gol, cu bretele delicate \u0219i \u00eenchidere \u0219iret la spate. Bustul este lucrat manual cu paiete \u0219i m\u0103rgele. Fusta \u0219i trena sunt executate din tulle. Model de rochie de mireas\u0103 BF0006.","og_url":"https:\/\/bridalfashion.com\/ro\/glamour-ro\/rochie-stil-printesa-cu-spate-deschis-giulia-bf0006\/","og_site_name":"BRIDAL FASHION \u2122 | Luxurious Wedding Dresses &amp; Fashionable Gowns for Women, Girls and Kids","og_image":[{"width":1516,"height":2000,"url":"https:\/\/bridalfashion.com\/wp-content\/uploads\/2022\/11\/BF0006_A.jpg","type":"image\/jpeg"}],"twitter_card":"summary_large_image","twitter_misc":{"Timp estimat pentru citire":"1 minut"},"schema":{"@context":"https:\/\/schema.org","@graph":[{"@type":"WebPage","@id":"https:\/\/bridalfashion.com\/ro\/glamour-ro\/rochie-stil-printesa-cu-spate-deschis-giulia-bf0006\/","url":"https:\/\/bridalfashion.com\/ro\/glamour-ro\/rochie-stil-printesa-cu-spate-deschis-giulia-bf0006\/","name":"Rochie de mireas\u0103 elegant\u0103 GIULIA \u2013 BF0006 - BRIDAL FASHION \u2122 | Luxurious Wedding Dresses &amp; Fashionable Gowns for Women, Girls and Kids","isPartOf":{"@id":"https:\/\/bridalfashion.com\/ro\/#website"},"primaryImageOfPage":{"@id":"https:\/\/bridalfashion.com\/ro\/glamour-ro\/rochie-stil-printesa-cu-spate-deschis-giulia-bf0006\/#primaryimage"},"image":{"@id":"https:\/\/bridalfashion.com\/ro\/glamour-ro\/rochie-stil-printesa-cu-spate-deschis-giulia-bf0006\/#primaryimage"},"thumbnailUrl":"https:\/\/bridalfashion.com\/wp-content\/uploads\/2022\/11\/BF0006_A.jpg","datePublished":"2022-12-01T12:37:59+00:00","description":"GIULIA \u2013 rochie \u201cprin\u021bes\u0103\u201d aleas\u0103 cu spatele gol, cu bretele delicate \u0219i \u00eenchidere \u0219iret la spate. Bustul este lucrat manual cu paiete \u0219i m\u0103rgele. Fusta \u0219i trena sunt executate din tulle. Model de rochie de mireas\u0103 BF0006.","breadcrumb":{"@id":"https:\/\/bridalfashion.com\/ro\/glamour-ro\/rochie-stil-printesa-cu-spate-deschis-giulia-bf0006\/#breadcrumb"},"inLanguage":"ro-RO","potentialAction":[{"@type":"ReadAction","target":["https:\/\/bridalfashion.com\/ro\/glamour-ro\/rochie-stil-printesa-cu-spate-deschis-giulia-bf0006\/"]}]},{"@type":"ImageObject","inLanguage":"ro-RO","@id":"https:\/\/bridalfashion.com\/ro\/glamour-ro\/rochie-stil-printesa-cu-spate-deschis-giulia-bf0006\/#primaryimage","url":"https:\/\/bridalfashion.com\/wp-content\/uploads\/2022\/11\/BF0006_A.jpg","contentUrl":"https:\/\/bridalfashion.com\/wp-content\/uploads\/2022\/11\/BF0006_A.jpg","width":1516,"height":2000,"caption":"Wedding Dress GIULIA - BF0006"},{"@type":"BreadcrumbList","@id":"https:\/\/bridalfashion.com\/ro\/glamour-ro\/rochie-stil-printesa-cu-spate-deschis-giulia-bf0006\/#breadcrumb","itemListElement":[{"@type":"ListItem","position":1,"name":"Home","item":"https:\/\/bridalfashion.com\/ro\/"},{"@type":"ListItem","position":2,"name":"Shop","item":"https:\/\/bridalfashion.com\/shop-2\/"},{"@type":"ListItem","position":3,"name":"Rochie de mireas\u0103 elegant\u0103 GIULIA \u2013 BF0006"}]},{"@type":"WebSite","@id":"https:\/\/bridalfashion.com\/ro\/#website","url":"https:\/\/bridalfashion.com\/ro\/","name":"BRIDAL FASHION \u2122 | Luxurious Wedding Dresses &amp; Fashionable Gowns for Women, Girls and Kids","description":"Welcome the leading manufacturer and supplier of wedding dresses. We offer in wholesale a large selection of high quality wedding dress collections and accessories for your business at competitive prices. Shop our full range of bridal products today!","publisher":{"@id":"https:\/\/bridalfashion.com\/ro\/#organization"},"potentialAction":[{"@type":"SearchAction","target":{"@type":"EntryPoint","urlTemplate":"https:\/\/bridalfashion.com\/ro\/?s={search_term_string}"},"query-input":{"@type":"PropertyValueSpecification","valueRequired":true,"valueName":"search_term_string"}}],"inLanguage":"ro-RO"},{"@type":"Organization","@id":"https:\/\/bridalfashion.com\/ro\/#organization","name":"BRIDAL FASHION \u2122 | Luxurious Wedding Dresses &amp; Fashionable Gowns for Women, Girls and Kids","url":"https:\/\/bridalfashion.com\/ro\/","logo":{"@type":"ImageObject","inLanguage":"ro-RO","@id":"https:\/\/bridalfashion.com\/ro\/#\/schema\/logo\/image\/","url":"https:\/\/bridalfashion.com\/wp-content\/uploads\/2022\/05\/cropped-BFG.png","contentUrl":"https:\/\/bridalfashion.com\/wp-content\/uploads\/2022\/05\/cropped-BFG.png","width":1771,"height":119,"caption":"BRIDAL FASHION \u2122 | Luxurious Wedding Dresses &amp; Fashionable Gowns for Women, Girls and Kids"},"image":{"@id":"https:\/\/bridalfashion.com\/ro\/#\/schema\/logo\/image\/"}}]}},"_links":{"self":[{"href":"https:\/\/bridalfashion.com\/ro\/wp-json\/wp\/v2\/product\/13539","targetHints":{"allow":["GET"]}}],"collection":[{"href":"https:\/\/bridalfashion.com\/ro\/wp-json\/wp\/v2\/product"}],"about":[{"href":"https:\/\/bridalfashion.com\/ro\/wp-json\/wp\/v2\/types\/product"}],"replies":[{"embeddable":true,"href":"https:\/\/bridalfashion.com\/ro\/wp-json\/wp\/v2\/comments?post=13539"}],"wp:featuredmedia":[{"embeddable":true,"href":"https:\/\/bridalfashion.com\/ro\/wp-json\/wp\/v2\/media\/12357"}],"wp:attachment":[{"href":"https:\/\/bridalfashion.com\/ro\/wp-json\/wp\/v2\/media?parent=13539"}],"wp:term":[{"taxonomy":"product_brand","embeddable":true,"href":"https:\/\/bridalfashion.com\/ro\/wp-json\/wp\/v2\/product_brand?post=13539"},{"taxonomy":"product_cat","embeddable":true,"href":"https:\/\/bridalfashion.com\/ro\/wp-json\/wp\/v2\/product_cat?post=13539"},{"taxonomy":"product_tag","embeddable":true,"href":"https:\/\/bridalfashion.com\/ro\/wp-json\/wp\/v2\/product_tag?post=13539"}],"curies":[{"name":"wp","href":"https:\/\/api.w.org\/{rel}","templated":true}]}}