{"id":13536,"date":"2022-11-28T21:07:23","date_gmt":"2022-12-01T12:24:10","guid":{"rendered":"https:\/\/bridalfashion.com\/fara-categorie\/o-rochie-de-mireasa-spectaculoasa-gabby-bf0005\/"},"modified":"2022-12-01T14:24:10","modified_gmt":"2022-12-01T12:24:10","slug":"rochie-de-mireasa-cu-decor-splendid-gabby-bf0005","status":"publish","type":"product","link":"https:\/\/bridalfashion.com\/ro\/glamour-ro\/rochie-de-mireasa-cu-decor-splendid-gabby-bf0005\/","title":{"rendered":"O rochie de mireas\u0103 spectaculoas\u0103 GABBY \u2013 BF0005"},"content":{"rendered":"<h2>Descrierea modelului GABBY \u2013 o rochie de mireas\u0103 spectaculoas\u0103, decorat\u0103 cu perle \u0219i cristale Swarovski<\/h2>\n<p>Modelul GABBY \u2013 o rochie de mireas\u0103 deosebit\u0103 cu decor luxuriant pe toat\u0103 lungimea. Corsetul potrivit, cu umerii dezgoli\u021bi \u0219i spatele pe \u0219iret din saten, decorat manual cu perle de diferite dimensiuni \u0219i cristale Swarovski mari. Fusta tip A din tulle este de asemenea accesorizat\u0103 cu a\u0219a elemente, aranjate \u00een mod diferit. Trena ampl\u0103 \u0219i bretelele deta\u0219abile din tulle, decorat cu perle, des\u0103v\u00e2r\u0219esc imaginea portului.<\/p>\n<p>Rochia impresionant\u0103 GABBY de la BRIDAL FASHION poate fi aleas\u0103 \u00een culorile: alb, ivory \u0219i ivory+cappuccino.<\/p>\n","protected":false},"excerpt":{"rendered":"<p>Descrierea modelului GABBY \u2013 o rochie de mireas\u0103 spectaculoas\u0103, decorat\u0103 cu perle \u0219i cristale Swarovski Modelul GABBY \u2013 o rochie de mireas\u0103 deosebit\u0103 cu decor luxuriant pe toat\u0103 lungimea. Corsetul potrivit, cu umerii dezgoli\u021bi \u0219i spatele pe \u0219iret din saten, decorat manual cu perle de diferite dimensiuni \u0219i cristale Swarovski mari. Fusta tip A din&hellip;<\/p>\n","protected":false},"featured_media":12316,"comment_status":"open","ping_status":"closed","template":"","meta":[],"product_brand":[],"product_cat":[986],"product_tag":[],"class_list":{"0":"post-13536","1":"product","2":"type-product","3":"status-publish","4":"has-post-thumbnail","6":"product_cat-glamour-ro","8":"first","9":"instock","10":"taxable","11":"shipping-taxable","12":"product-type-simple"},"yoast_head":"<!-- This site is optimized with the Yoast SEO plugin v27.6 - https:\/\/yoast.com\/product\/yoast-seo-wordpress\/ -->\n<title>O rochie de mireas\u0103 spectaculoas\u0103 GABBY \u2013 BF0005 - BRIDAL FASHION \u2122 | Luxurious Wedding Dresses &amp; Fashionable Gowns for Women, Girls and Kids<\/title>\n<meta name=\"description\" content=\"GABBY \u2013 rochie de mireas\u0103 impresionant\u0103 cu decor din perle \u0219i cristale Swarovski, cusute de m\u00e2n\u0103 pe corset \u0219i pe ampla fust\u0103 \u201eprin\u021bes\u0103\u201d cu tren\u0103 lung\u0103. Bretelele sunt deta\u0219abile. Model de rochie de mireas\u0103 BF0005.\" \/>\n<meta name=\"robots\" content=\"index, follow, max-snippet:-1, max-image-preview:large, max-video-preview:-1\" \/>\n<link rel=\"canonical\" href=\"https:\/\/bridalfashion.com\/ro\/glamour-ro\/rochie-de-mireasa-cu-decor-splendid-gabby-bf0005\/\" \/>\n<meta property=\"og:locale\" content=\"ro_RO\" \/>\n<meta property=\"og:type\" content=\"article\" \/>\n<meta property=\"og:title\" content=\"O rochie de mireas\u0103 spectaculoas\u0103 GABBY \u2013 BF0005 - BRIDAL FASHION \u2122 | Luxurious Wedding Dresses &amp; Fashionable Gowns for Women, Girls and Kids\" \/>\n<meta property=\"og:description\" content=\"GABBY \u2013 rochie de mireas\u0103 impresionant\u0103 cu decor din perle \u0219i cristale Swarovski, cusute de m\u00e2n\u0103 pe corset \u0219i pe ampla fust\u0103 \u201eprin\u021bes\u0103\u201d cu tren\u0103 lung\u0103. Bretelele sunt deta\u0219abile. Model de rochie de mireas\u0103 BF0005.\" \/>\n<meta property=\"og:url\" content=\"https:\/\/bridalfashion.com\/ro\/glamour-ro\/rochie-de-mireasa-cu-decor-splendid-gabby-bf0005\/\" \/>\n<meta property=\"og:site_name\" content=\"BRIDAL FASHION \u2122 | Luxurious Wedding Dresses &amp; Fashionable Gowns for Women, Girls and Kids\" \/>\n<meta property=\"og:image\" content=\"https:\/\/bridalfashion.com\/wp-content\/uploads\/2022\/11\/BF0005_A.jpg\" \/>\n\t<meta property=\"og:image:width\" content=\"1516\" \/>\n\t<meta property=\"og:image:height\" content=\"2000\" \/>\n\t<meta property=\"og:image:type\" content=\"image\/jpeg\" \/>\n<meta name=\"twitter:card\" content=\"summary_large_image\" \/>\n<meta name=\"twitter:label1\" content=\"Timp estimat pentru citire\" \/>\n\t<meta name=\"twitter:data1\" content=\"1 minut\" \/>\n<script type=\"application\/ld+json\" class=\"yoast-schema-graph\">{\"@context\":\"https:\\\/\\\/schema.org\",\"@graph\":[{\"@type\":\"WebPage\",\"@id\":\"https:\\\/\\\/bridalfashion.com\\\/ro\\\/glamour-ro\\\/rochie-de-mireasa-cu-decor-splendid-gabby-bf0005\\\/\",\"url\":\"https:\\\/\\\/bridalfashion.com\\\/ro\\\/glamour-ro\\\/rochie-de-mireasa-cu-decor-splendid-gabby-bf0005\\\/\",\"name\":\"O rochie de mireas\u0103 spectaculoas\u0103 GABBY \u2013 BF0005 - BRIDAL FASHION \u2122 | Luxurious Wedding Dresses &amp; Fashionable Gowns for Women, Girls and Kids\",\"isPartOf\":{\"@id\":\"https:\\\/\\\/bridalfashion.com\\\/ro\\\/#website\"},\"primaryImageOfPage\":{\"@id\":\"https:\\\/\\\/bridalfashion.com\\\/ro\\\/glamour-ro\\\/rochie-de-mireasa-cu-decor-splendid-gabby-bf0005\\\/#primaryimage\"},\"image\":{\"@id\":\"https:\\\/\\\/bridalfashion.com\\\/ro\\\/glamour-ro\\\/rochie-de-mireasa-cu-decor-splendid-gabby-bf0005\\\/#primaryimage\"},\"thumbnailUrl\":\"https:\\\/\\\/bridalfashion.com\\\/wp-content\\\/uploads\\\/2022\\\/11\\\/BF0005_A.jpg\",\"datePublished\":\"2022-12-01T12:24:10+00:00\",\"description\":\"GABBY \u2013 rochie de mireas\u0103 impresionant\u0103 cu decor din perle \u0219i cristale Swarovski, cusute de m\u00e2n\u0103 pe corset \u0219i pe ampla fust\u0103 \u201eprin\u021bes\u0103\u201d cu tren\u0103 lung\u0103. Bretelele sunt deta\u0219abile. Model de rochie de mireas\u0103 BF0005.\",\"breadcrumb\":{\"@id\":\"https:\\\/\\\/bridalfashion.com\\\/ro\\\/glamour-ro\\\/rochie-de-mireasa-cu-decor-splendid-gabby-bf0005\\\/#breadcrumb\"},\"inLanguage\":\"ro-RO\",\"potentialAction\":[{\"@type\":\"ReadAction\",\"target\":[\"https:\\\/\\\/bridalfashion.com\\\/ro\\\/glamour-ro\\\/rochie-de-mireasa-cu-decor-splendid-gabby-bf0005\\\/\"]}]},{\"@type\":\"ImageObject\",\"inLanguage\":\"ro-RO\",\"@id\":\"https:\\\/\\\/bridalfashion.com\\\/ro\\\/glamour-ro\\\/rochie-de-mireasa-cu-decor-splendid-gabby-bf0005\\\/#primaryimage\",\"url\":\"https:\\\/\\\/bridalfashion.com\\\/wp-content\\\/uploads\\\/2022\\\/11\\\/BF0005_A.jpg\",\"contentUrl\":\"https:\\\/\\\/bridalfashion.com\\\/wp-content\\\/uploads\\\/2022\\\/11\\\/BF0005_A.jpg\",\"width\":1516,\"height\":2000,\"caption\":\"Wedding Dress GABBY - BF0005\"},{\"@type\":\"BreadcrumbList\",\"@id\":\"https:\\\/\\\/bridalfashion.com\\\/ro\\\/glamour-ro\\\/rochie-de-mireasa-cu-decor-splendid-gabby-bf0005\\\/#breadcrumb\",\"itemListElement\":[{\"@type\":\"ListItem\",\"position\":1,\"name\":\"Home\",\"item\":\"https:\\\/\\\/bridalfashion.com\\\/ro\\\/\"},{\"@type\":\"ListItem\",\"position\":2,\"name\":\"Shop\",\"item\":\"https:\\\/\\\/bridalfashion.com\\\/shop-2\\\/\"},{\"@type\":\"ListItem\",\"position\":3,\"name\":\"O rochie de mireas\u0103 spectaculoas\u0103 GABBY \u2013 BF0005\"}]},{\"@type\":\"WebSite\",\"@id\":\"https:\\\/\\\/bridalfashion.com\\\/ro\\\/#website\",\"url\":\"https:\\\/\\\/bridalfashion.com\\\/ro\\\/\",\"name\":\"BRIDAL FASHION \u2122 | Luxurious Wedding Dresses &amp; Fashionable Gowns for Women, Girls and Kids\",\"description\":\"Welcome the leading manufacturer and supplier of wedding dresses. We offer in wholesale a large selection of high quality wedding dress collections and accessories for your business at competitive prices. Shop our full range of bridal products today!\",\"publisher\":{\"@id\":\"https:\\\/\\\/bridalfashion.com\\\/ro\\\/#organization\"},\"potentialAction\":[{\"@type\":\"SearchAction\",\"target\":{\"@type\":\"EntryPoint\",\"urlTemplate\":\"https:\\\/\\\/bridalfashion.com\\\/ro\\\/?s={search_term_string}\"},\"query-input\":{\"@type\":\"PropertyValueSpecification\",\"valueRequired\":true,\"valueName\":\"search_term_string\"}}],\"inLanguage\":\"ro-RO\"},{\"@type\":\"Organization\",\"@id\":\"https:\\\/\\\/bridalfashion.com\\\/ro\\\/#organization\",\"name\":\"BRIDAL FASHION \u2122 | Luxurious Wedding Dresses &amp; Fashionable Gowns for Women, Girls and Kids\",\"url\":\"https:\\\/\\\/bridalfashion.com\\\/ro\\\/\",\"logo\":{\"@type\":\"ImageObject\",\"inLanguage\":\"ro-RO\",\"@id\":\"https:\\\/\\\/bridalfashion.com\\\/ro\\\/#\\\/schema\\\/logo\\\/image\\\/\",\"url\":\"https:\\\/\\\/bridalfashion.com\\\/wp-content\\\/uploads\\\/2022\\\/05\\\/cropped-BFG.png\",\"contentUrl\":\"https:\\\/\\\/bridalfashion.com\\\/wp-content\\\/uploads\\\/2022\\\/05\\\/cropped-BFG.png\",\"width\":1771,\"height\":119,\"caption\":\"BRIDAL FASHION \u2122 | Luxurious Wedding Dresses &amp; Fashionable Gowns for Women, Girls and Kids\"},\"image\":{\"@id\":\"https:\\\/\\\/bridalfashion.com\\\/ro\\\/#\\\/schema\\\/logo\\\/image\\\/\"}}]}<\/script>\n<!-- \/ Yoast SEO plugin. -->","yoast_head_json":{"title":"O rochie de mireas\u0103 spectaculoas\u0103 GABBY \u2013 BF0005 - BRIDAL FASHION \u2122 | Luxurious Wedding Dresses &amp; Fashionable Gowns for Women, Girls and Kids","description":"GABBY \u2013 rochie de mireas\u0103 impresionant\u0103 cu decor din perle \u0219i cristale Swarovski, cusute de m\u00e2n\u0103 pe corset \u0219i pe ampla fust\u0103 \u201eprin\u021bes\u0103\u201d cu tren\u0103 lung\u0103. Bretelele sunt deta\u0219abile. Model de rochie de mireas\u0103 BF0005.","robots":{"index":"index","follow":"follow","max-snippet":"max-snippet:-1","max-image-preview":"max-image-preview:large","max-video-preview":"max-video-preview:-1"},"canonical":"https:\/\/bridalfashion.com\/ro\/glamour-ro\/rochie-de-mireasa-cu-decor-splendid-gabby-bf0005\/","og_locale":"ro_RO","og_type":"article","og_title":"O rochie de mireas\u0103 spectaculoas\u0103 GABBY \u2013 BF0005 - BRIDAL FASHION \u2122 | Luxurious Wedding Dresses &amp; Fashionable Gowns for Women, Girls and Kids","og_description":"GABBY \u2013 rochie de mireas\u0103 impresionant\u0103 cu decor din perle \u0219i cristale Swarovski, cusute de m\u00e2n\u0103 pe corset \u0219i pe ampla fust\u0103 \u201eprin\u021bes\u0103\u201d cu tren\u0103 lung\u0103. Bretelele sunt deta\u0219abile. Model de rochie de mireas\u0103 BF0005.","og_url":"https:\/\/bridalfashion.com\/ro\/glamour-ro\/rochie-de-mireasa-cu-decor-splendid-gabby-bf0005\/","og_site_name":"BRIDAL FASHION \u2122 | Luxurious Wedding Dresses &amp; Fashionable Gowns for Women, Girls and Kids","og_image":[{"width":1516,"height":2000,"url":"https:\/\/bridalfashion.com\/wp-content\/uploads\/2022\/11\/BF0005_A.jpg","type":"image\/jpeg"}],"twitter_card":"summary_large_image","twitter_misc":{"Timp estimat pentru citire":"1 minut"},"schema":{"@context":"https:\/\/schema.org","@graph":[{"@type":"WebPage","@id":"https:\/\/bridalfashion.com\/ro\/glamour-ro\/rochie-de-mireasa-cu-decor-splendid-gabby-bf0005\/","url":"https:\/\/bridalfashion.com\/ro\/glamour-ro\/rochie-de-mireasa-cu-decor-splendid-gabby-bf0005\/","name":"O rochie de mireas\u0103 spectaculoas\u0103 GABBY \u2013 BF0005 - BRIDAL FASHION \u2122 | Luxurious Wedding Dresses &amp; Fashionable Gowns for Women, Girls and Kids","isPartOf":{"@id":"https:\/\/bridalfashion.com\/ro\/#website"},"primaryImageOfPage":{"@id":"https:\/\/bridalfashion.com\/ro\/glamour-ro\/rochie-de-mireasa-cu-decor-splendid-gabby-bf0005\/#primaryimage"},"image":{"@id":"https:\/\/bridalfashion.com\/ro\/glamour-ro\/rochie-de-mireasa-cu-decor-splendid-gabby-bf0005\/#primaryimage"},"thumbnailUrl":"https:\/\/bridalfashion.com\/wp-content\/uploads\/2022\/11\/BF0005_A.jpg","datePublished":"2022-12-01T12:24:10+00:00","description":"GABBY \u2013 rochie de mireas\u0103 impresionant\u0103 cu decor din perle \u0219i cristale Swarovski, cusute de m\u00e2n\u0103 pe corset \u0219i pe ampla fust\u0103 \u201eprin\u021bes\u0103\u201d cu tren\u0103 lung\u0103. Bretelele sunt deta\u0219abile. Model de rochie de mireas\u0103 BF0005.","breadcrumb":{"@id":"https:\/\/bridalfashion.com\/ro\/glamour-ro\/rochie-de-mireasa-cu-decor-splendid-gabby-bf0005\/#breadcrumb"},"inLanguage":"ro-RO","potentialAction":[{"@type":"ReadAction","target":["https:\/\/bridalfashion.com\/ro\/glamour-ro\/rochie-de-mireasa-cu-decor-splendid-gabby-bf0005\/"]}]},{"@type":"ImageObject","inLanguage":"ro-RO","@id":"https:\/\/bridalfashion.com\/ro\/glamour-ro\/rochie-de-mireasa-cu-decor-splendid-gabby-bf0005\/#primaryimage","url":"https:\/\/bridalfashion.com\/wp-content\/uploads\/2022\/11\/BF0005_A.jpg","contentUrl":"https:\/\/bridalfashion.com\/wp-content\/uploads\/2022\/11\/BF0005_A.jpg","width":1516,"height":2000,"caption":"Wedding Dress GABBY - BF0005"},{"@type":"BreadcrumbList","@id":"https:\/\/bridalfashion.com\/ro\/glamour-ro\/rochie-de-mireasa-cu-decor-splendid-gabby-bf0005\/#breadcrumb","itemListElement":[{"@type":"ListItem","position":1,"name":"Home","item":"https:\/\/bridalfashion.com\/ro\/"},{"@type":"ListItem","position":2,"name":"Shop","item":"https:\/\/bridalfashion.com\/shop-2\/"},{"@type":"ListItem","position":3,"name":"O rochie de mireas\u0103 spectaculoas\u0103 GABBY \u2013 BF0005"}]},{"@type":"WebSite","@id":"https:\/\/bridalfashion.com\/ro\/#website","url":"https:\/\/bridalfashion.com\/ro\/","name":"BRIDAL FASHION \u2122 | Luxurious Wedding Dresses &amp; Fashionable Gowns for Women, Girls and Kids","description":"Welcome the leading manufacturer and supplier of wedding dresses. We offer in wholesale a large selection of high quality wedding dress collections and accessories for your business at competitive prices. Shop our full range of bridal products today!","publisher":{"@id":"https:\/\/bridalfashion.com\/ro\/#organization"},"potentialAction":[{"@type":"SearchAction","target":{"@type":"EntryPoint","urlTemplate":"https:\/\/bridalfashion.com\/ro\/?s={search_term_string}"},"query-input":{"@type":"PropertyValueSpecification","valueRequired":true,"valueName":"search_term_string"}}],"inLanguage":"ro-RO"},{"@type":"Organization","@id":"https:\/\/bridalfashion.com\/ro\/#organization","name":"BRIDAL FASHION \u2122 | Luxurious Wedding Dresses &amp; Fashionable Gowns for Women, Girls and Kids","url":"https:\/\/bridalfashion.com\/ro\/","logo":{"@type":"ImageObject","inLanguage":"ro-RO","@id":"https:\/\/bridalfashion.com\/ro\/#\/schema\/logo\/image\/","url":"https:\/\/bridalfashion.com\/wp-content\/uploads\/2022\/05\/cropped-BFG.png","contentUrl":"https:\/\/bridalfashion.com\/wp-content\/uploads\/2022\/05\/cropped-BFG.png","width":1771,"height":119,"caption":"BRIDAL FASHION \u2122 | Luxurious Wedding Dresses &amp; Fashionable Gowns for Women, Girls and Kids"},"image":{"@id":"https:\/\/bridalfashion.com\/ro\/#\/schema\/logo\/image\/"}}]}},"_links":{"self":[{"href":"https:\/\/bridalfashion.com\/ro\/wp-json\/wp\/v2\/product\/13536","targetHints":{"allow":["GET"]}}],"collection":[{"href":"https:\/\/bridalfashion.com\/ro\/wp-json\/wp\/v2\/product"}],"about":[{"href":"https:\/\/bridalfashion.com\/ro\/wp-json\/wp\/v2\/types\/product"}],"replies":[{"embeddable":true,"href":"https:\/\/bridalfashion.com\/ro\/wp-json\/wp\/v2\/comments?post=13536"}],"wp:featuredmedia":[{"embeddable":true,"href":"https:\/\/bridalfashion.com\/ro\/wp-json\/wp\/v2\/media\/12316"}],"wp:attachment":[{"href":"https:\/\/bridalfashion.com\/ro\/wp-json\/wp\/v2\/media?parent=13536"}],"wp:term":[{"taxonomy":"product_brand","embeddable":true,"href":"https:\/\/bridalfashion.com\/ro\/wp-json\/wp\/v2\/product_brand?post=13536"},{"taxonomy":"product_cat","embeddable":true,"href":"https:\/\/bridalfashion.com\/ro\/wp-json\/wp\/v2\/product_cat?post=13536"},{"taxonomy":"product_tag","embeddable":true,"href":"https:\/\/bridalfashion.com\/ro\/wp-json\/wp\/v2\/product_tag?post=13536"}],"curies":[{"name":"wp","href":"https:\/\/api.w.org\/{rel}","templated":true}]}}