{"id":13533,"date":"2022-11-28T20:55:33","date_gmt":"2022-12-01T11:32:08","guid":{"rendered":"https:\/\/bridalfashion.com\/fara-categorie\/o-rochie-rafinata-cu-design-original-gena-bf0004\/"},"modified":"2022-12-01T13:32:08","modified_gmt":"2022-12-01T11:32:08","slug":"rochie-de-mireasa-cu-corsaj-deschis-gena-bf0004","status":"publish","type":"product","link":"https:\/\/bridalfashion.com\/ro\/glamour-ro\/rochie-de-mireasa-cu-corsaj-deschis-gena-bf0004\/","title":{"rendered":"O rochie rafinat\u0103 cu design original GENA &#8211; BF0004"},"content":{"rendered":"<h2>Descrierea modelului GENA \u2013 o rochie rafinat\u0103 cu design original, decorat\u0103 cu cristale<\/h2>\n<p>Modelul GENA \u2013 rochie de mireas\u0103 cu bustul decupat \u0219i cu tren\u0103 bogat\u0103, executat\u0103 din tulle mat pre\u021bios. Partea de sus potrivit\u0103 con\u021bine o t\u0103ietur\u0103 v\u0103luroas\u0103 deosebit\u0103 \u0219i are umerii c\u0103zu\u021bi. Sistemul de \u00eenchidere la spate este cu \u0219iret lat stilizat din saten. Fusta ampl\u0103 stil \u201cprin\u021bes\u0103\u201d e des\u0103v\u00e2r\u0219it\u0103 \u00eentr-o tren\u0103 lung\u0103. Bustul e lucrat de m\u00e2n\u0103 cu cristale \u00een abunden\u021b\u0103, mai jos de talie \u2013 franjuri din cristale.<\/p>\n<p>Aceast\u0103 rochie incredibil\u0103 poate fi aleas\u0103 \u00een culorile alb\u0103, ivory \u0219i combina\u021bia ivory cu cappuccino.<\/p>\n","protected":false},"excerpt":{"rendered":"<p>Descrierea modelului GENA \u2013 o rochie rafinat\u0103 cu design original, decorat\u0103 cu cristale Modelul GENA \u2013 rochie de mireas\u0103 cu bustul decupat \u0219i cu tren\u0103 bogat\u0103, executat\u0103 din tulle mat pre\u021bios. Partea de sus potrivit\u0103 con\u021bine o t\u0103ietur\u0103 v\u0103luroas\u0103 deosebit\u0103 \u0219i are umerii c\u0103zu\u021bi. Sistemul de \u00eenchidere la spate este cu \u0219iret lat stilizat din&hellip;<\/p>\n","protected":false},"featured_media":12287,"comment_status":"open","ping_status":"closed","template":"","meta":[],"product_brand":[],"product_cat":[986],"product_tag":[],"class_list":{"0":"post-13533","1":"product","2":"type-product","3":"status-publish","4":"has-post-thumbnail","6":"product_cat-glamour-ro","8":"first","9":"instock","10":"taxable","11":"shipping-taxable","12":"product-type-simple"},"yoast_head":"<!-- This site is optimized with the Yoast SEO plugin v27.5 - https:\/\/yoast.com\/product\/yoast-seo-wordpress\/ -->\n<title>O rochie rafinat\u0103 cu design original GENA - BF0004 - BRIDAL FASHION \u2122 | Luxurious Wedding Dresses &amp; Fashionable Gowns for Women, Girls and Kids<\/title>\n<meta name=\"description\" content=\"GENA \u2013 rochie cu bustul decupat \u0219i cu tren\u0103 bogat\u0103. Corsetul cu umeri c\u0103zu\u021bi, \u00eempodobitt cu cristale. Fusta ampl\u0103 stil \u201cprin\u021bes\u0103\u201d este des\u0103v\u00e2r\u0219it\u0103 \u00eentr-o tren\u0103 lung\u0103. Model de rochie de mireas\u0103 BF0004.\" \/>\n<meta name=\"robots\" content=\"index, follow, max-snippet:-1, max-image-preview:large, max-video-preview:-1\" \/>\n<link rel=\"canonical\" href=\"https:\/\/bridalfashion.com\/ro\/glamour-ro\/rochie-de-mireasa-cu-corsaj-deschis-gena-bf0004\/\" \/>\n<meta property=\"og:locale\" content=\"ro_RO\" \/>\n<meta property=\"og:type\" content=\"article\" \/>\n<meta property=\"og:title\" content=\"O rochie rafinat\u0103 cu design original GENA - BF0004 - BRIDAL FASHION \u2122 | Luxurious Wedding Dresses &amp; Fashionable Gowns for Women, Girls and Kids\" \/>\n<meta property=\"og:description\" content=\"GENA \u2013 rochie cu bustul decupat \u0219i cu tren\u0103 bogat\u0103. Corsetul cu umeri c\u0103zu\u021bi, \u00eempodobitt cu cristale. Fusta ampl\u0103 stil \u201cprin\u021bes\u0103\u201d este des\u0103v\u00e2r\u0219it\u0103 \u00eentr-o tren\u0103 lung\u0103. Model de rochie de mireas\u0103 BF0004.\" \/>\n<meta property=\"og:url\" content=\"https:\/\/bridalfashion.com\/ro\/glamour-ro\/rochie-de-mireasa-cu-corsaj-deschis-gena-bf0004\/\" \/>\n<meta property=\"og:site_name\" content=\"BRIDAL FASHION \u2122 | Luxurious Wedding Dresses &amp; Fashionable Gowns for Women, Girls and Kids\" \/>\n<meta property=\"og:image\" content=\"https:\/\/bridalfashion.com\/wp-content\/uploads\/2022\/11\/BF0004_A.jpg\" \/>\n\t<meta property=\"og:image:width\" content=\"1516\" \/>\n\t<meta property=\"og:image:height\" content=\"2000\" \/>\n\t<meta property=\"og:image:type\" content=\"image\/jpeg\" \/>\n<meta name=\"twitter:card\" content=\"summary_large_image\" \/>\n<meta name=\"twitter:label1\" content=\"Timp estimat pentru citire\" \/>\n\t<meta name=\"twitter:data1\" content=\"1 minut\" \/>\n<script type=\"application\/ld+json\" class=\"yoast-schema-graph\">{\"@context\":\"https:\\\/\\\/schema.org\",\"@graph\":[{\"@type\":\"WebPage\",\"@id\":\"https:\\\/\\\/bridalfashion.com\\\/ro\\\/glamour-ro\\\/rochie-de-mireasa-cu-corsaj-deschis-gena-bf0004\\\/\",\"url\":\"https:\\\/\\\/bridalfashion.com\\\/ro\\\/glamour-ro\\\/rochie-de-mireasa-cu-corsaj-deschis-gena-bf0004\\\/\",\"name\":\"O rochie rafinat\u0103 cu design original GENA - BF0004 - BRIDAL FASHION \u2122 | Luxurious Wedding Dresses &amp; Fashionable Gowns for Women, Girls and Kids\",\"isPartOf\":{\"@id\":\"https:\\\/\\\/bridalfashion.com\\\/ro\\\/#website\"},\"primaryImageOfPage\":{\"@id\":\"https:\\\/\\\/bridalfashion.com\\\/ro\\\/glamour-ro\\\/rochie-de-mireasa-cu-corsaj-deschis-gena-bf0004\\\/#primaryimage\"},\"image\":{\"@id\":\"https:\\\/\\\/bridalfashion.com\\\/ro\\\/glamour-ro\\\/rochie-de-mireasa-cu-corsaj-deschis-gena-bf0004\\\/#primaryimage\"},\"thumbnailUrl\":\"https:\\\/\\\/bridalfashion.com\\\/wp-content\\\/uploads\\\/2022\\\/11\\\/BF0004_A.jpg\",\"datePublished\":\"2022-12-01T11:32:08+00:00\",\"description\":\"GENA \u2013 rochie cu bustul decupat \u0219i cu tren\u0103 bogat\u0103. Corsetul cu umeri c\u0103zu\u021bi, \u00eempodobitt cu cristale. Fusta ampl\u0103 stil \u201cprin\u021bes\u0103\u201d este des\u0103v\u00e2r\u0219it\u0103 \u00eentr-o tren\u0103 lung\u0103. Model de rochie de mireas\u0103 BF0004.\",\"breadcrumb\":{\"@id\":\"https:\\\/\\\/bridalfashion.com\\\/ro\\\/glamour-ro\\\/rochie-de-mireasa-cu-corsaj-deschis-gena-bf0004\\\/#breadcrumb\"},\"inLanguage\":\"ro-RO\",\"potentialAction\":[{\"@type\":\"ReadAction\",\"target\":[\"https:\\\/\\\/bridalfashion.com\\\/ro\\\/glamour-ro\\\/rochie-de-mireasa-cu-corsaj-deschis-gena-bf0004\\\/\"]}]},{\"@type\":\"ImageObject\",\"inLanguage\":\"ro-RO\",\"@id\":\"https:\\\/\\\/bridalfashion.com\\\/ro\\\/glamour-ro\\\/rochie-de-mireasa-cu-corsaj-deschis-gena-bf0004\\\/#primaryimage\",\"url\":\"https:\\\/\\\/bridalfashion.com\\\/wp-content\\\/uploads\\\/2022\\\/11\\\/BF0004_A.jpg\",\"contentUrl\":\"https:\\\/\\\/bridalfashion.com\\\/wp-content\\\/uploads\\\/2022\\\/11\\\/BF0004_A.jpg\",\"width\":1516,\"height\":2000,\"caption\":\"Wedding Dress GENA - BF0004\"},{\"@type\":\"BreadcrumbList\",\"@id\":\"https:\\\/\\\/bridalfashion.com\\\/ro\\\/glamour-ro\\\/rochie-de-mireasa-cu-corsaj-deschis-gena-bf0004\\\/#breadcrumb\",\"itemListElement\":[{\"@type\":\"ListItem\",\"position\":1,\"name\":\"Home\",\"item\":\"https:\\\/\\\/bridalfashion.com\\\/ro\\\/\"},{\"@type\":\"ListItem\",\"position\":2,\"name\":\"Shop\",\"item\":\"https:\\\/\\\/bridalfashion.com\\\/shop-2\\\/\"},{\"@type\":\"ListItem\",\"position\":3,\"name\":\"O rochie rafinat\u0103 cu design original GENA &#8211; BF0004\"}]},{\"@type\":\"WebSite\",\"@id\":\"https:\\\/\\\/bridalfashion.com\\\/ro\\\/#website\",\"url\":\"https:\\\/\\\/bridalfashion.com\\\/ro\\\/\",\"name\":\"BRIDAL FASHION \u2122 | Luxurious Wedding Dresses &amp; Fashionable Gowns for Women, Girls and Kids\",\"description\":\"Welcome the leading manufacturer and supplier of wedding dresses. We offer in wholesale a large selection of high quality wedding dress collections and accessories for your business at competitive prices. Shop our full range of bridal products today!\",\"publisher\":{\"@id\":\"https:\\\/\\\/bridalfashion.com\\\/ro\\\/#organization\"},\"potentialAction\":[{\"@type\":\"SearchAction\",\"target\":{\"@type\":\"EntryPoint\",\"urlTemplate\":\"https:\\\/\\\/bridalfashion.com\\\/ro\\\/?s={search_term_string}\"},\"query-input\":{\"@type\":\"PropertyValueSpecification\",\"valueRequired\":true,\"valueName\":\"search_term_string\"}}],\"inLanguage\":\"ro-RO\"},{\"@type\":\"Organization\",\"@id\":\"https:\\\/\\\/bridalfashion.com\\\/ro\\\/#organization\",\"name\":\"BRIDAL FASHION \u2122 | Luxurious Wedding Dresses &amp; Fashionable Gowns for Women, Girls and Kids\",\"url\":\"https:\\\/\\\/bridalfashion.com\\\/ro\\\/\",\"logo\":{\"@type\":\"ImageObject\",\"inLanguage\":\"ro-RO\",\"@id\":\"https:\\\/\\\/bridalfashion.com\\\/ro\\\/#\\\/schema\\\/logo\\\/image\\\/\",\"url\":\"https:\\\/\\\/bridalfashion.com\\\/wp-content\\\/uploads\\\/2022\\\/05\\\/cropped-BFG.png\",\"contentUrl\":\"https:\\\/\\\/bridalfashion.com\\\/wp-content\\\/uploads\\\/2022\\\/05\\\/cropped-BFG.png\",\"width\":1771,\"height\":119,\"caption\":\"BRIDAL FASHION \u2122 | Luxurious Wedding Dresses &amp; Fashionable Gowns for Women, Girls and Kids\"},\"image\":{\"@id\":\"https:\\\/\\\/bridalfashion.com\\\/ro\\\/#\\\/schema\\\/logo\\\/image\\\/\"}}]}<\/script>\n<!-- \/ Yoast SEO plugin. -->","yoast_head_json":{"title":"O rochie rafinat\u0103 cu design original GENA - BF0004 - BRIDAL FASHION \u2122 | Luxurious Wedding Dresses &amp; Fashionable Gowns for Women, Girls and Kids","description":"GENA \u2013 rochie cu bustul decupat \u0219i cu tren\u0103 bogat\u0103. Corsetul cu umeri c\u0103zu\u021bi, \u00eempodobitt cu cristale. Fusta ampl\u0103 stil \u201cprin\u021bes\u0103\u201d este des\u0103v\u00e2r\u0219it\u0103 \u00eentr-o tren\u0103 lung\u0103. Model de rochie de mireas\u0103 BF0004.","robots":{"index":"index","follow":"follow","max-snippet":"max-snippet:-1","max-image-preview":"max-image-preview:large","max-video-preview":"max-video-preview:-1"},"canonical":"https:\/\/bridalfashion.com\/ro\/glamour-ro\/rochie-de-mireasa-cu-corsaj-deschis-gena-bf0004\/","og_locale":"ro_RO","og_type":"article","og_title":"O rochie rafinat\u0103 cu design original GENA - BF0004 - BRIDAL FASHION \u2122 | Luxurious Wedding Dresses &amp; Fashionable Gowns for Women, Girls and Kids","og_description":"GENA \u2013 rochie cu bustul decupat \u0219i cu tren\u0103 bogat\u0103. Corsetul cu umeri c\u0103zu\u021bi, \u00eempodobitt cu cristale. Fusta ampl\u0103 stil \u201cprin\u021bes\u0103\u201d este des\u0103v\u00e2r\u0219it\u0103 \u00eentr-o tren\u0103 lung\u0103. Model de rochie de mireas\u0103 BF0004.","og_url":"https:\/\/bridalfashion.com\/ro\/glamour-ro\/rochie-de-mireasa-cu-corsaj-deschis-gena-bf0004\/","og_site_name":"BRIDAL FASHION \u2122 | Luxurious Wedding Dresses &amp; Fashionable Gowns for Women, Girls and Kids","og_image":[{"width":1516,"height":2000,"url":"https:\/\/bridalfashion.com\/wp-content\/uploads\/2022\/11\/BF0004_A.jpg","type":"image\/jpeg"}],"twitter_card":"summary_large_image","twitter_misc":{"Timp estimat pentru citire":"1 minut"},"schema":{"@context":"https:\/\/schema.org","@graph":[{"@type":"WebPage","@id":"https:\/\/bridalfashion.com\/ro\/glamour-ro\/rochie-de-mireasa-cu-corsaj-deschis-gena-bf0004\/","url":"https:\/\/bridalfashion.com\/ro\/glamour-ro\/rochie-de-mireasa-cu-corsaj-deschis-gena-bf0004\/","name":"O rochie rafinat\u0103 cu design original GENA - BF0004 - BRIDAL FASHION \u2122 | Luxurious Wedding Dresses &amp; Fashionable Gowns for Women, Girls and Kids","isPartOf":{"@id":"https:\/\/bridalfashion.com\/ro\/#website"},"primaryImageOfPage":{"@id":"https:\/\/bridalfashion.com\/ro\/glamour-ro\/rochie-de-mireasa-cu-corsaj-deschis-gena-bf0004\/#primaryimage"},"image":{"@id":"https:\/\/bridalfashion.com\/ro\/glamour-ro\/rochie-de-mireasa-cu-corsaj-deschis-gena-bf0004\/#primaryimage"},"thumbnailUrl":"https:\/\/bridalfashion.com\/wp-content\/uploads\/2022\/11\/BF0004_A.jpg","datePublished":"2022-12-01T11:32:08+00:00","description":"GENA \u2013 rochie cu bustul decupat \u0219i cu tren\u0103 bogat\u0103. Corsetul cu umeri c\u0103zu\u021bi, \u00eempodobitt cu cristale. Fusta ampl\u0103 stil \u201cprin\u021bes\u0103\u201d este des\u0103v\u00e2r\u0219it\u0103 \u00eentr-o tren\u0103 lung\u0103. Model de rochie de mireas\u0103 BF0004.","breadcrumb":{"@id":"https:\/\/bridalfashion.com\/ro\/glamour-ro\/rochie-de-mireasa-cu-corsaj-deschis-gena-bf0004\/#breadcrumb"},"inLanguage":"ro-RO","potentialAction":[{"@type":"ReadAction","target":["https:\/\/bridalfashion.com\/ro\/glamour-ro\/rochie-de-mireasa-cu-corsaj-deschis-gena-bf0004\/"]}]},{"@type":"ImageObject","inLanguage":"ro-RO","@id":"https:\/\/bridalfashion.com\/ro\/glamour-ro\/rochie-de-mireasa-cu-corsaj-deschis-gena-bf0004\/#primaryimage","url":"https:\/\/bridalfashion.com\/wp-content\/uploads\/2022\/11\/BF0004_A.jpg","contentUrl":"https:\/\/bridalfashion.com\/wp-content\/uploads\/2022\/11\/BF0004_A.jpg","width":1516,"height":2000,"caption":"Wedding Dress GENA - BF0004"},{"@type":"BreadcrumbList","@id":"https:\/\/bridalfashion.com\/ro\/glamour-ro\/rochie-de-mireasa-cu-corsaj-deschis-gena-bf0004\/#breadcrumb","itemListElement":[{"@type":"ListItem","position":1,"name":"Home","item":"https:\/\/bridalfashion.com\/ro\/"},{"@type":"ListItem","position":2,"name":"Shop","item":"https:\/\/bridalfashion.com\/shop-2\/"},{"@type":"ListItem","position":3,"name":"O rochie rafinat\u0103 cu design original GENA &#8211; BF0004"}]},{"@type":"WebSite","@id":"https:\/\/bridalfashion.com\/ro\/#website","url":"https:\/\/bridalfashion.com\/ro\/","name":"BRIDAL FASHION \u2122 | Luxurious Wedding Dresses &amp; Fashionable Gowns for Women, Girls and Kids","description":"Welcome the leading manufacturer and supplier of wedding dresses. We offer in wholesale a large selection of high quality wedding dress collections and accessories for your business at competitive prices. Shop our full range of bridal products today!","publisher":{"@id":"https:\/\/bridalfashion.com\/ro\/#organization"},"potentialAction":[{"@type":"SearchAction","target":{"@type":"EntryPoint","urlTemplate":"https:\/\/bridalfashion.com\/ro\/?s={search_term_string}"},"query-input":{"@type":"PropertyValueSpecification","valueRequired":true,"valueName":"search_term_string"}}],"inLanguage":"ro-RO"},{"@type":"Organization","@id":"https:\/\/bridalfashion.com\/ro\/#organization","name":"BRIDAL FASHION \u2122 | Luxurious Wedding Dresses &amp; Fashionable Gowns for Women, Girls and Kids","url":"https:\/\/bridalfashion.com\/ro\/","logo":{"@type":"ImageObject","inLanguage":"ro-RO","@id":"https:\/\/bridalfashion.com\/ro\/#\/schema\/logo\/image\/","url":"https:\/\/bridalfashion.com\/wp-content\/uploads\/2022\/05\/cropped-BFG.png","contentUrl":"https:\/\/bridalfashion.com\/wp-content\/uploads\/2022\/05\/cropped-BFG.png","width":1771,"height":119,"caption":"BRIDAL FASHION \u2122 | Luxurious Wedding Dresses &amp; Fashionable Gowns for Women, Girls and Kids"},"image":{"@id":"https:\/\/bridalfashion.com\/ro\/#\/schema\/logo\/image\/"}}]}},"_links":{"self":[{"href":"https:\/\/bridalfashion.com\/ro\/wp-json\/wp\/v2\/product\/13533","targetHints":{"allow":["GET"]}}],"collection":[{"href":"https:\/\/bridalfashion.com\/ro\/wp-json\/wp\/v2\/product"}],"about":[{"href":"https:\/\/bridalfashion.com\/ro\/wp-json\/wp\/v2\/types\/product"}],"replies":[{"embeddable":true,"href":"https:\/\/bridalfashion.com\/ro\/wp-json\/wp\/v2\/comments?post=13533"}],"wp:featuredmedia":[{"embeddable":true,"href":"https:\/\/bridalfashion.com\/ro\/wp-json\/wp\/v2\/media\/12287"}],"wp:attachment":[{"href":"https:\/\/bridalfashion.com\/ro\/wp-json\/wp\/v2\/media?parent=13533"}],"wp:term":[{"taxonomy":"product_brand","embeddable":true,"href":"https:\/\/bridalfashion.com\/ro\/wp-json\/wp\/v2\/product_brand?post=13533"},{"taxonomy":"product_cat","embeddable":true,"href":"https:\/\/bridalfashion.com\/ro\/wp-json\/wp\/v2\/product_cat?post=13533"},{"taxonomy":"product_tag","embeddable":true,"href":"https:\/\/bridalfashion.com\/ro\/wp-json\/wp\/v2\/product_tag?post=13533"}],"curies":[{"name":"wp","href":"https:\/\/api.w.org\/{rel}","templated":true}]}}