{"id":13530,"date":"2022-11-28T20:47:03","date_gmt":"2022-12-01T11:20:58","guid":{"rendered":"https:\/\/bridalfashion.com\/fara-categorie\/o-rochie-nemaipomenita-georgia-bf0003\/"},"modified":"2022-12-01T13:20:58","modified_gmt":"2022-12-01T11:20:58","slug":"rochie-stil-printesa-cu-decor-strlucitor-georgia-bf0003","status":"publish","type":"product","link":"https:\/\/bridalfashion.com\/ro\/glamour-ro\/rochie-stil-printesa-cu-decor-strlucitor-georgia-bf0003\/","title":{"rendered":"O rochie nemaipomenit\u0103 GEORGIA \u2013 BF0003"},"content":{"rendered":"<h2>Descrierea modelului GEORGIA \u2013 o rochie nemaipomenit\u0103, decorat\u0103 cu cristale Swarovski<\/h2>\n<p>Modelul GEORGIA \u2013 rochie de mireas\u0103 stil \u201eprin\u021bes\u0103\u201d cu decor str\u0103lucitor, pe corset semitransparent cu guler \u00eenalt. Bustul rochiei pe baz\u0103 de corset dublat cu decolteu ad\u00e2nc \u00een fa\u021b\u0103 \u0219i spate dezgolit. Partea de sus este lucrat\u0103 de m\u00e2n\u0103 cu cristale Swarovski. \u00cencheietoarea \u2013 un r\u00e2nd vertical din cristale mari. Fusta ampl\u0103 \u00een form\u0103 de A, str\u00e2ns\u0103 \u00een talie \u00een falduri m\u0103runte, deasupra cu un r\u00e2nd de sclipici. Trena lung\u0103 des\u0103v\u00e2r\u0219e\u0219te imaginea rochiei.<\/p>\n<p>O rochie distins\u0103 \u0219i feminin\u0103 GEORGIA, disponibil\u0103 \u00een trei variante de culori: ivory, ivory+cappuccino \u0219i clasic alb.<\/p>\n","protected":false},"excerpt":{"rendered":"<p>Descrierea modelului GEORGIA \u2013 o rochie nemaipomenit\u0103, decorat\u0103 cu cristale Swarovski Modelul GEORGIA \u2013 rochie de mireas\u0103 stil \u201eprin\u021bes\u0103\u201d cu decor str\u0103lucitor, pe corset semitransparent cu guler \u00eenalt. Bustul rochiei pe baz\u0103 de corset dublat cu decolteu ad\u00e2nc \u00een fa\u021b\u0103 \u0219i spate dezgolit. Partea de sus este lucrat\u0103 de m\u00e2n\u0103 cu cristale Swarovski. \u00cencheietoarea \u2013&hellip;<\/p>\n","protected":false},"featured_media":12254,"comment_status":"open","ping_status":"closed","template":"","meta":[],"product_brand":[],"product_cat":[986],"product_tag":[],"class_list":{"0":"post-13530","1":"product","2":"type-product","3":"status-publish","4":"has-post-thumbnail","6":"product_cat-glamour-ro","8":"first","9":"instock","10":"taxable","11":"shipping-taxable","12":"product-type-simple"},"yoast_head":"<!-- This site is optimized with the Yoast SEO plugin v27.5 - https:\/\/yoast.com\/product\/yoast-seo-wordpress\/ -->\n<title>O rochie nemaipomenit\u0103 GEORGIA \u2013 BF0003 - BRIDAL FASHION \u2122 | Luxurious Wedding Dresses &amp; Fashionable Gowns for Women, Girls and Kids<\/title>\n<meta name=\"description\" content=\"GEORGIA \u2013 o rochie prin\u021bes\u0103 nemaipomenit\u0103 cu decor str\u0103lucitor din pietre \u0219i cristale Swarovski, cusute de m\u00e2n\u0103, pe corset semitransparent cu guler \u00eenalt. Fusta \u00een A cu tren\u0103 bogat\u0103, acoperit\u0103 cu sclipici. Model de rochie de mireas\u0103 BF0003.\" \/>\n<meta name=\"robots\" content=\"index, follow, max-snippet:-1, max-image-preview:large, max-video-preview:-1\" \/>\n<link rel=\"canonical\" href=\"https:\/\/bridalfashion.com\/ro\/glamour-ro\/rochie-stil-printesa-cu-decor-strlucitor-georgia-bf0003\/\" \/>\n<meta property=\"og:locale\" content=\"ro_RO\" \/>\n<meta property=\"og:type\" content=\"article\" \/>\n<meta property=\"og:title\" content=\"O rochie nemaipomenit\u0103 GEORGIA \u2013 BF0003 - BRIDAL FASHION \u2122 | Luxurious Wedding Dresses &amp; Fashionable Gowns for Women, Girls and Kids\" \/>\n<meta property=\"og:description\" content=\"GEORGIA \u2013 o rochie prin\u021bes\u0103 nemaipomenit\u0103 cu decor str\u0103lucitor din pietre \u0219i cristale Swarovski, cusute de m\u00e2n\u0103, pe corset semitransparent cu guler \u00eenalt. Fusta \u00een A cu tren\u0103 bogat\u0103, acoperit\u0103 cu sclipici. Model de rochie de mireas\u0103 BF0003.\" \/>\n<meta property=\"og:url\" content=\"https:\/\/bridalfashion.com\/ro\/glamour-ro\/rochie-stil-printesa-cu-decor-strlucitor-georgia-bf0003\/\" \/>\n<meta property=\"og:site_name\" content=\"BRIDAL FASHION \u2122 | Luxurious Wedding Dresses &amp; Fashionable Gowns for Women, Girls and Kids\" \/>\n<meta property=\"og:image\" content=\"https:\/\/bridalfashion.com\/wp-content\/uploads\/2022\/11\/BF0003_A.jpg\" \/>\n\t<meta property=\"og:image:width\" content=\"1516\" \/>\n\t<meta property=\"og:image:height\" content=\"2000\" \/>\n\t<meta property=\"og:image:type\" content=\"image\/jpeg\" \/>\n<meta name=\"twitter:card\" content=\"summary_large_image\" \/>\n<meta name=\"twitter:label1\" content=\"Timp estimat pentru citire\" \/>\n\t<meta name=\"twitter:data1\" content=\"1 minut\" \/>\n<script type=\"application\/ld+json\" class=\"yoast-schema-graph\">{\"@context\":\"https:\\\/\\\/schema.org\",\"@graph\":[{\"@type\":\"WebPage\",\"@id\":\"https:\\\/\\\/bridalfashion.com\\\/ro\\\/glamour-ro\\\/rochie-stil-printesa-cu-decor-strlucitor-georgia-bf0003\\\/\",\"url\":\"https:\\\/\\\/bridalfashion.com\\\/ro\\\/glamour-ro\\\/rochie-stil-printesa-cu-decor-strlucitor-georgia-bf0003\\\/\",\"name\":\"O rochie nemaipomenit\u0103 GEORGIA \u2013 BF0003 - BRIDAL FASHION \u2122 | Luxurious Wedding Dresses &amp; Fashionable Gowns for Women, Girls and Kids\",\"isPartOf\":{\"@id\":\"https:\\\/\\\/bridalfashion.com\\\/ro\\\/#website\"},\"primaryImageOfPage\":{\"@id\":\"https:\\\/\\\/bridalfashion.com\\\/ro\\\/glamour-ro\\\/rochie-stil-printesa-cu-decor-strlucitor-georgia-bf0003\\\/#primaryimage\"},\"image\":{\"@id\":\"https:\\\/\\\/bridalfashion.com\\\/ro\\\/glamour-ro\\\/rochie-stil-printesa-cu-decor-strlucitor-georgia-bf0003\\\/#primaryimage\"},\"thumbnailUrl\":\"https:\\\/\\\/bridalfashion.com\\\/wp-content\\\/uploads\\\/2022\\\/11\\\/BF0003_A.jpg\",\"datePublished\":\"2022-12-01T11:20:58+00:00\",\"description\":\"GEORGIA \u2013 o rochie prin\u021bes\u0103 nemaipomenit\u0103 cu decor str\u0103lucitor din pietre \u0219i cristale Swarovski, cusute de m\u00e2n\u0103, pe corset semitransparent cu guler \u00eenalt. Fusta \u00een A cu tren\u0103 bogat\u0103, acoperit\u0103 cu sclipici. Model de rochie de mireas\u0103 BF0003.\",\"breadcrumb\":{\"@id\":\"https:\\\/\\\/bridalfashion.com\\\/ro\\\/glamour-ro\\\/rochie-stil-printesa-cu-decor-strlucitor-georgia-bf0003\\\/#breadcrumb\"},\"inLanguage\":\"ro-RO\",\"potentialAction\":[{\"@type\":\"ReadAction\",\"target\":[\"https:\\\/\\\/bridalfashion.com\\\/ro\\\/glamour-ro\\\/rochie-stil-printesa-cu-decor-strlucitor-georgia-bf0003\\\/\"]}]},{\"@type\":\"ImageObject\",\"inLanguage\":\"ro-RO\",\"@id\":\"https:\\\/\\\/bridalfashion.com\\\/ro\\\/glamour-ro\\\/rochie-stil-printesa-cu-decor-strlucitor-georgia-bf0003\\\/#primaryimage\",\"url\":\"https:\\\/\\\/bridalfashion.com\\\/wp-content\\\/uploads\\\/2022\\\/11\\\/BF0003_A.jpg\",\"contentUrl\":\"https:\\\/\\\/bridalfashion.com\\\/wp-content\\\/uploads\\\/2022\\\/11\\\/BF0003_A.jpg\",\"width\":1516,\"height\":2000,\"caption\":\"Wedding Dress GEORGIA - BF0003\"},{\"@type\":\"BreadcrumbList\",\"@id\":\"https:\\\/\\\/bridalfashion.com\\\/ro\\\/glamour-ro\\\/rochie-stil-printesa-cu-decor-strlucitor-georgia-bf0003\\\/#breadcrumb\",\"itemListElement\":[{\"@type\":\"ListItem\",\"position\":1,\"name\":\"Home\",\"item\":\"https:\\\/\\\/bridalfashion.com\\\/ro\\\/\"},{\"@type\":\"ListItem\",\"position\":2,\"name\":\"Shop\",\"item\":\"https:\\\/\\\/bridalfashion.com\\\/shop-2\\\/\"},{\"@type\":\"ListItem\",\"position\":3,\"name\":\"O rochie nemaipomenit\u0103 GEORGIA \u2013 BF0003\"}]},{\"@type\":\"WebSite\",\"@id\":\"https:\\\/\\\/bridalfashion.com\\\/ro\\\/#website\",\"url\":\"https:\\\/\\\/bridalfashion.com\\\/ro\\\/\",\"name\":\"BRIDAL FASHION \u2122 | Luxurious Wedding Dresses &amp; Fashionable Gowns for Women, Girls and Kids\",\"description\":\"Welcome the leading manufacturer and supplier of wedding dresses. We offer in wholesale a large selection of high quality wedding dress collections and accessories for your business at competitive prices. Shop our full range of bridal products today!\",\"publisher\":{\"@id\":\"https:\\\/\\\/bridalfashion.com\\\/ro\\\/#organization\"},\"potentialAction\":[{\"@type\":\"SearchAction\",\"target\":{\"@type\":\"EntryPoint\",\"urlTemplate\":\"https:\\\/\\\/bridalfashion.com\\\/ro\\\/?s={search_term_string}\"},\"query-input\":{\"@type\":\"PropertyValueSpecification\",\"valueRequired\":true,\"valueName\":\"search_term_string\"}}],\"inLanguage\":\"ro-RO\"},{\"@type\":\"Organization\",\"@id\":\"https:\\\/\\\/bridalfashion.com\\\/ro\\\/#organization\",\"name\":\"BRIDAL FASHION \u2122 | Luxurious Wedding Dresses &amp; Fashionable Gowns for Women, Girls and Kids\",\"url\":\"https:\\\/\\\/bridalfashion.com\\\/ro\\\/\",\"logo\":{\"@type\":\"ImageObject\",\"inLanguage\":\"ro-RO\",\"@id\":\"https:\\\/\\\/bridalfashion.com\\\/ro\\\/#\\\/schema\\\/logo\\\/image\\\/\",\"url\":\"https:\\\/\\\/bridalfashion.com\\\/wp-content\\\/uploads\\\/2022\\\/05\\\/cropped-BFG.png\",\"contentUrl\":\"https:\\\/\\\/bridalfashion.com\\\/wp-content\\\/uploads\\\/2022\\\/05\\\/cropped-BFG.png\",\"width\":1771,\"height\":119,\"caption\":\"BRIDAL FASHION \u2122 | Luxurious Wedding Dresses &amp; Fashionable Gowns for Women, Girls and Kids\"},\"image\":{\"@id\":\"https:\\\/\\\/bridalfashion.com\\\/ro\\\/#\\\/schema\\\/logo\\\/image\\\/\"}}]}<\/script>\n<!-- \/ Yoast SEO plugin. -->","yoast_head_json":{"title":"O rochie nemaipomenit\u0103 GEORGIA \u2013 BF0003 - BRIDAL FASHION \u2122 | Luxurious Wedding Dresses &amp; Fashionable Gowns for Women, Girls and Kids","description":"GEORGIA \u2013 o rochie prin\u021bes\u0103 nemaipomenit\u0103 cu decor str\u0103lucitor din pietre \u0219i cristale Swarovski, cusute de m\u00e2n\u0103, pe corset semitransparent cu guler \u00eenalt. Fusta \u00een A cu tren\u0103 bogat\u0103, acoperit\u0103 cu sclipici. Model de rochie de mireas\u0103 BF0003.","robots":{"index":"index","follow":"follow","max-snippet":"max-snippet:-1","max-image-preview":"max-image-preview:large","max-video-preview":"max-video-preview:-1"},"canonical":"https:\/\/bridalfashion.com\/ro\/glamour-ro\/rochie-stil-printesa-cu-decor-strlucitor-georgia-bf0003\/","og_locale":"ro_RO","og_type":"article","og_title":"O rochie nemaipomenit\u0103 GEORGIA \u2013 BF0003 - BRIDAL FASHION \u2122 | Luxurious Wedding Dresses &amp; Fashionable Gowns for Women, Girls and Kids","og_description":"GEORGIA \u2013 o rochie prin\u021bes\u0103 nemaipomenit\u0103 cu decor str\u0103lucitor din pietre \u0219i cristale Swarovski, cusute de m\u00e2n\u0103, pe corset semitransparent cu guler \u00eenalt. Fusta \u00een A cu tren\u0103 bogat\u0103, acoperit\u0103 cu sclipici. Model de rochie de mireas\u0103 BF0003.","og_url":"https:\/\/bridalfashion.com\/ro\/glamour-ro\/rochie-stil-printesa-cu-decor-strlucitor-georgia-bf0003\/","og_site_name":"BRIDAL FASHION \u2122 | Luxurious Wedding Dresses &amp; Fashionable Gowns for Women, Girls and Kids","og_image":[{"width":1516,"height":2000,"url":"https:\/\/bridalfashion.com\/wp-content\/uploads\/2022\/11\/BF0003_A.jpg","type":"image\/jpeg"}],"twitter_card":"summary_large_image","twitter_misc":{"Timp estimat pentru citire":"1 minut"},"schema":{"@context":"https:\/\/schema.org","@graph":[{"@type":"WebPage","@id":"https:\/\/bridalfashion.com\/ro\/glamour-ro\/rochie-stil-printesa-cu-decor-strlucitor-georgia-bf0003\/","url":"https:\/\/bridalfashion.com\/ro\/glamour-ro\/rochie-stil-printesa-cu-decor-strlucitor-georgia-bf0003\/","name":"O rochie nemaipomenit\u0103 GEORGIA \u2013 BF0003 - BRIDAL FASHION \u2122 | Luxurious Wedding Dresses &amp; Fashionable Gowns for Women, Girls and Kids","isPartOf":{"@id":"https:\/\/bridalfashion.com\/ro\/#website"},"primaryImageOfPage":{"@id":"https:\/\/bridalfashion.com\/ro\/glamour-ro\/rochie-stil-printesa-cu-decor-strlucitor-georgia-bf0003\/#primaryimage"},"image":{"@id":"https:\/\/bridalfashion.com\/ro\/glamour-ro\/rochie-stil-printesa-cu-decor-strlucitor-georgia-bf0003\/#primaryimage"},"thumbnailUrl":"https:\/\/bridalfashion.com\/wp-content\/uploads\/2022\/11\/BF0003_A.jpg","datePublished":"2022-12-01T11:20:58+00:00","description":"GEORGIA \u2013 o rochie prin\u021bes\u0103 nemaipomenit\u0103 cu decor str\u0103lucitor din pietre \u0219i cristale Swarovski, cusute de m\u00e2n\u0103, pe corset semitransparent cu guler \u00eenalt. Fusta \u00een A cu tren\u0103 bogat\u0103, acoperit\u0103 cu sclipici. Model de rochie de mireas\u0103 BF0003.","breadcrumb":{"@id":"https:\/\/bridalfashion.com\/ro\/glamour-ro\/rochie-stil-printesa-cu-decor-strlucitor-georgia-bf0003\/#breadcrumb"},"inLanguage":"ro-RO","potentialAction":[{"@type":"ReadAction","target":["https:\/\/bridalfashion.com\/ro\/glamour-ro\/rochie-stil-printesa-cu-decor-strlucitor-georgia-bf0003\/"]}]},{"@type":"ImageObject","inLanguage":"ro-RO","@id":"https:\/\/bridalfashion.com\/ro\/glamour-ro\/rochie-stil-printesa-cu-decor-strlucitor-georgia-bf0003\/#primaryimage","url":"https:\/\/bridalfashion.com\/wp-content\/uploads\/2022\/11\/BF0003_A.jpg","contentUrl":"https:\/\/bridalfashion.com\/wp-content\/uploads\/2022\/11\/BF0003_A.jpg","width":1516,"height":2000,"caption":"Wedding Dress GEORGIA - BF0003"},{"@type":"BreadcrumbList","@id":"https:\/\/bridalfashion.com\/ro\/glamour-ro\/rochie-stil-printesa-cu-decor-strlucitor-georgia-bf0003\/#breadcrumb","itemListElement":[{"@type":"ListItem","position":1,"name":"Home","item":"https:\/\/bridalfashion.com\/ro\/"},{"@type":"ListItem","position":2,"name":"Shop","item":"https:\/\/bridalfashion.com\/shop-2\/"},{"@type":"ListItem","position":3,"name":"O rochie nemaipomenit\u0103 GEORGIA \u2013 BF0003"}]},{"@type":"WebSite","@id":"https:\/\/bridalfashion.com\/ro\/#website","url":"https:\/\/bridalfashion.com\/ro\/","name":"BRIDAL FASHION \u2122 | Luxurious Wedding Dresses &amp; Fashionable Gowns for Women, Girls and Kids","description":"Welcome the leading manufacturer and supplier of wedding dresses. We offer in wholesale a large selection of high quality wedding dress collections and accessories for your business at competitive prices. Shop our full range of bridal products today!","publisher":{"@id":"https:\/\/bridalfashion.com\/ro\/#organization"},"potentialAction":[{"@type":"SearchAction","target":{"@type":"EntryPoint","urlTemplate":"https:\/\/bridalfashion.com\/ro\/?s={search_term_string}"},"query-input":{"@type":"PropertyValueSpecification","valueRequired":true,"valueName":"search_term_string"}}],"inLanguage":"ro-RO"},{"@type":"Organization","@id":"https:\/\/bridalfashion.com\/ro\/#organization","name":"BRIDAL FASHION \u2122 | Luxurious Wedding Dresses &amp; Fashionable Gowns for Women, Girls and Kids","url":"https:\/\/bridalfashion.com\/ro\/","logo":{"@type":"ImageObject","inLanguage":"ro-RO","@id":"https:\/\/bridalfashion.com\/ro\/#\/schema\/logo\/image\/","url":"https:\/\/bridalfashion.com\/wp-content\/uploads\/2022\/05\/cropped-BFG.png","contentUrl":"https:\/\/bridalfashion.com\/wp-content\/uploads\/2022\/05\/cropped-BFG.png","width":1771,"height":119,"caption":"BRIDAL FASHION \u2122 | Luxurious Wedding Dresses &amp; Fashionable Gowns for Women, Girls and Kids"},"image":{"@id":"https:\/\/bridalfashion.com\/ro\/#\/schema\/logo\/image\/"}}]}},"_links":{"self":[{"href":"https:\/\/bridalfashion.com\/ro\/wp-json\/wp\/v2\/product\/13530","targetHints":{"allow":["GET"]}}],"collection":[{"href":"https:\/\/bridalfashion.com\/ro\/wp-json\/wp\/v2\/product"}],"about":[{"href":"https:\/\/bridalfashion.com\/ro\/wp-json\/wp\/v2\/types\/product"}],"replies":[{"embeddable":true,"href":"https:\/\/bridalfashion.com\/ro\/wp-json\/wp\/v2\/comments?post=13530"}],"wp:featuredmedia":[{"embeddable":true,"href":"https:\/\/bridalfashion.com\/ro\/wp-json\/wp\/v2\/media\/12254"}],"wp:attachment":[{"href":"https:\/\/bridalfashion.com\/ro\/wp-json\/wp\/v2\/media?parent=13530"}],"wp:term":[{"taxonomy":"product_brand","embeddable":true,"href":"https:\/\/bridalfashion.com\/ro\/wp-json\/wp\/v2\/product_brand?post=13530"},{"taxonomy":"product_cat","embeddable":true,"href":"https:\/\/bridalfashion.com\/ro\/wp-json\/wp\/v2\/product_cat?post=13530"},{"taxonomy":"product_tag","embeddable":true,"href":"https:\/\/bridalfashion.com\/ro\/wp-json\/wp\/v2\/product_tag?post=13530"}],"curies":[{"name":"wp","href":"https:\/\/api.w.org\/{rel}","templated":true}]}}