{"id":13527,"date":"2022-11-28T20:42:13","date_gmt":"2022-12-01T11:14:19","guid":{"rendered":"https:\/\/bridalfashion.com\/fara-categorie\/o-rochie-foarte-feminina-si-stilata-gloria-bf0002\/"},"modified":"2022-12-01T13:14:19","modified_gmt":"2022-12-01T11:14:19","slug":"rochie-mota-cu-franjuri-cristal-gloria-bf0002","status":"publish","type":"product","link":"https:\/\/bridalfashion.com\/ro\/glamour-ro\/rochie-mota-cu-franjuri-cristal-gloria-bf0002\/","title":{"rendered":"O rochie foarte feminin\u0103 \u0219i stilat\u0103 GLORIA \u2013 BF0002"},"content":{"rendered":"<h2>Descrierea modelului GLORIA \u2013 o \u021binut\u0103 feminin\u0103 \u0219i stilat\u0103 cu franjuri de cristal<\/h2>\n<p>Modelul GLORIA \u2013 o rochie elegant\u0103 cu croiala tip siren\u0103, ce urmeaz\u0103 delicat forma corpului, fusta se l\u0103rge\u0219te lejer spre partea de jos, asigur\u00e2nd miresei un port confortabil. \u00centrega suprafa\u021b\u0103 a materialului transparent e brodat\u0103 manual cu paiete \u00een linii ondulate. Umerii sunt dezgoli\u021bi, decolteul \u00een form\u0103 de inim\u0103 eviden\u021biaz\u0103 farmecul bustului, la spate \u2013 \u0219iret lat din saten. Pe bretelele c\u0103zute \u2013 franjuri din cristale la mod\u0103. O tren\u0103 elegant\u0103 des\u0103v\u00e2r\u0219e\u0219te \u00een mod rafinat aceast\u0103 stilat\u0103 \u021binut\u0103 de mireas\u0103.<\/p>\n<p>Rochia siren\u0103 cu franjuri din cristale GLORIA de la BRIDAL FASHION poate fi aleas\u0103 \u00een culoarea alb\u0103, ivory sau \u00een combina\u021bia superb\u0103 ivory+cappuccino.<\/p>\n","protected":false},"excerpt":{"rendered":"<p>Descrierea modelului GLORIA \u2013 o \u021binut\u0103 feminin\u0103 \u0219i stilat\u0103 cu franjuri de cristal Modelul GLORIA \u2013 o rochie elegant\u0103 cu croiala tip siren\u0103, ce urmeaz\u0103 delicat forma corpului, fusta se l\u0103rge\u0219te lejer spre partea de jos, asigur\u00e2nd miresei un port confortabil. \u00centrega suprafa\u021b\u0103 a materialului transparent e brodat\u0103 manual cu paiete \u00een linii ondulate. Umerii&hellip;<\/p>\n","protected":false},"featured_media":12221,"comment_status":"open","ping_status":"closed","template":"","meta":[],"product_brand":[],"product_cat":[986],"product_tag":[],"class_list":{"0":"post-13527","1":"product","2":"type-product","3":"status-publish","4":"has-post-thumbnail","6":"product_cat-glamour-ro","8":"first","9":"instock","10":"taxable","11":"shipping-taxable","12":"product-type-simple"},"yoast_head":"<!-- This site is optimized with the Yoast SEO plugin v27.5 - https:\/\/yoast.com\/product\/yoast-seo-wordpress\/ -->\n<title>O rochie foarte feminin\u0103 \u0219i stilat\u0103 GLORIA \u2013 BF0002 - BRIDAL FASHION \u2122 | Luxurious Wedding Dresses &amp; Fashionable Gowns for Women, Girls and Kids<\/title>\n<meta name=\"description\" content=\"GLORIA \u2013 un model distins gen siren\u0103 cu franjuri de cristal pe bretelele c\u0103zute. Fasonul drept potrivit se l\u0103rge\u0219te treptat \u00een partea de jos, termin\u00e2ndu-se cu o tren\u0103 bogat\u0103. Tot portul e decorat manual cu linii str\u0103lucitoare. Model de rochie de mireas\u0103 BF0002.\" \/>\n<meta name=\"robots\" content=\"index, follow, max-snippet:-1, max-image-preview:large, max-video-preview:-1\" \/>\n<link rel=\"canonical\" href=\"https:\/\/bridalfashion.com\/ro\/glamour-ro\/rochie-mota-cu-franjuri-cristal-gloria-bf0002\/\" \/>\n<meta property=\"og:locale\" content=\"ro_RO\" \/>\n<meta property=\"og:type\" content=\"article\" \/>\n<meta property=\"og:title\" content=\"O rochie foarte feminin\u0103 \u0219i stilat\u0103 GLORIA \u2013 BF0002 - BRIDAL FASHION \u2122 | Luxurious Wedding Dresses &amp; Fashionable Gowns for Women, Girls and Kids\" \/>\n<meta property=\"og:description\" content=\"GLORIA \u2013 un model distins gen siren\u0103 cu franjuri de cristal pe bretelele c\u0103zute. Fasonul drept potrivit se l\u0103rge\u0219te treptat \u00een partea de jos, termin\u00e2ndu-se cu o tren\u0103 bogat\u0103. Tot portul e decorat manual cu linii str\u0103lucitoare. Model de rochie de mireas\u0103 BF0002.\" \/>\n<meta property=\"og:url\" content=\"https:\/\/bridalfashion.com\/ro\/glamour-ro\/rochie-mota-cu-franjuri-cristal-gloria-bf0002\/\" \/>\n<meta property=\"og:site_name\" content=\"BRIDAL FASHION \u2122 | Luxurious Wedding Dresses &amp; Fashionable Gowns for Women, Girls and Kids\" \/>\n<meta property=\"og:image\" content=\"https:\/\/bridalfashion.com\/wp-content\/uploads\/2022\/11\/BF0002_A.jpg\" \/>\n\t<meta property=\"og:image:width\" content=\"1516\" \/>\n\t<meta property=\"og:image:height\" content=\"2000\" \/>\n\t<meta property=\"og:image:type\" content=\"image\/jpeg\" \/>\n<meta name=\"twitter:card\" content=\"summary_large_image\" \/>\n<meta name=\"twitter:label1\" content=\"Timp estimat pentru citire\" \/>\n\t<meta name=\"twitter:data1\" content=\"1 minut\" \/>\n<script type=\"application\/ld+json\" class=\"yoast-schema-graph\">{\"@context\":\"https:\\\/\\\/schema.org\",\"@graph\":[{\"@type\":\"WebPage\",\"@id\":\"https:\\\/\\\/bridalfashion.com\\\/ro\\\/glamour-ro\\\/rochie-mota-cu-franjuri-cristal-gloria-bf0002\\\/\",\"url\":\"https:\\\/\\\/bridalfashion.com\\\/ro\\\/glamour-ro\\\/rochie-mota-cu-franjuri-cristal-gloria-bf0002\\\/\",\"name\":\"O rochie foarte feminin\u0103 \u0219i stilat\u0103 GLORIA \u2013 BF0002 - BRIDAL FASHION \u2122 | Luxurious Wedding Dresses &amp; Fashionable Gowns for Women, Girls and Kids\",\"isPartOf\":{\"@id\":\"https:\\\/\\\/bridalfashion.com\\\/ro\\\/#website\"},\"primaryImageOfPage\":{\"@id\":\"https:\\\/\\\/bridalfashion.com\\\/ro\\\/glamour-ro\\\/rochie-mota-cu-franjuri-cristal-gloria-bf0002\\\/#primaryimage\"},\"image\":{\"@id\":\"https:\\\/\\\/bridalfashion.com\\\/ro\\\/glamour-ro\\\/rochie-mota-cu-franjuri-cristal-gloria-bf0002\\\/#primaryimage\"},\"thumbnailUrl\":\"https:\\\/\\\/bridalfashion.com\\\/wp-content\\\/uploads\\\/2022\\\/11\\\/BF0002_A.jpg\",\"datePublished\":\"2022-12-01T11:14:19+00:00\",\"description\":\"GLORIA \u2013 un model distins gen siren\u0103 cu franjuri de cristal pe bretelele c\u0103zute. Fasonul drept potrivit se l\u0103rge\u0219te treptat \u00een partea de jos, termin\u00e2ndu-se cu o tren\u0103 bogat\u0103. Tot portul e decorat manual cu linii str\u0103lucitoare. Model de rochie de mireas\u0103 BF0002.\",\"breadcrumb\":{\"@id\":\"https:\\\/\\\/bridalfashion.com\\\/ro\\\/glamour-ro\\\/rochie-mota-cu-franjuri-cristal-gloria-bf0002\\\/#breadcrumb\"},\"inLanguage\":\"ro-RO\",\"potentialAction\":[{\"@type\":\"ReadAction\",\"target\":[\"https:\\\/\\\/bridalfashion.com\\\/ro\\\/glamour-ro\\\/rochie-mota-cu-franjuri-cristal-gloria-bf0002\\\/\"]}]},{\"@type\":\"ImageObject\",\"inLanguage\":\"ro-RO\",\"@id\":\"https:\\\/\\\/bridalfashion.com\\\/ro\\\/glamour-ro\\\/rochie-mota-cu-franjuri-cristal-gloria-bf0002\\\/#primaryimage\",\"url\":\"https:\\\/\\\/bridalfashion.com\\\/wp-content\\\/uploads\\\/2022\\\/11\\\/BF0002_A.jpg\",\"contentUrl\":\"https:\\\/\\\/bridalfashion.com\\\/wp-content\\\/uploads\\\/2022\\\/11\\\/BF0002_A.jpg\",\"width\":1516,\"height\":2000,\"caption\":\"Wedding Dress GLORIA - BF0002\"},{\"@type\":\"BreadcrumbList\",\"@id\":\"https:\\\/\\\/bridalfashion.com\\\/ro\\\/glamour-ro\\\/rochie-mota-cu-franjuri-cristal-gloria-bf0002\\\/#breadcrumb\",\"itemListElement\":[{\"@type\":\"ListItem\",\"position\":1,\"name\":\"Home\",\"item\":\"https:\\\/\\\/bridalfashion.com\\\/ro\\\/\"},{\"@type\":\"ListItem\",\"position\":2,\"name\":\"Shop\",\"item\":\"https:\\\/\\\/bridalfashion.com\\\/shop-2\\\/\"},{\"@type\":\"ListItem\",\"position\":3,\"name\":\"O rochie foarte feminin\u0103 \u0219i stilat\u0103 GLORIA \u2013 BF0002\"}]},{\"@type\":\"WebSite\",\"@id\":\"https:\\\/\\\/bridalfashion.com\\\/ro\\\/#website\",\"url\":\"https:\\\/\\\/bridalfashion.com\\\/ro\\\/\",\"name\":\"BRIDAL FASHION \u2122 | Luxurious Wedding Dresses &amp; Fashionable Gowns for Women, Girls and Kids\",\"description\":\"Welcome the leading manufacturer and supplier of wedding dresses. We offer in wholesale a large selection of high quality wedding dress collections and accessories for your business at competitive prices. Shop our full range of bridal products today!\",\"publisher\":{\"@id\":\"https:\\\/\\\/bridalfashion.com\\\/ro\\\/#organization\"},\"potentialAction\":[{\"@type\":\"SearchAction\",\"target\":{\"@type\":\"EntryPoint\",\"urlTemplate\":\"https:\\\/\\\/bridalfashion.com\\\/ro\\\/?s={search_term_string}\"},\"query-input\":{\"@type\":\"PropertyValueSpecification\",\"valueRequired\":true,\"valueName\":\"search_term_string\"}}],\"inLanguage\":\"ro-RO\"},{\"@type\":\"Organization\",\"@id\":\"https:\\\/\\\/bridalfashion.com\\\/ro\\\/#organization\",\"name\":\"BRIDAL FASHION \u2122 | Luxurious Wedding Dresses &amp; Fashionable Gowns for Women, Girls and Kids\",\"url\":\"https:\\\/\\\/bridalfashion.com\\\/ro\\\/\",\"logo\":{\"@type\":\"ImageObject\",\"inLanguage\":\"ro-RO\",\"@id\":\"https:\\\/\\\/bridalfashion.com\\\/ro\\\/#\\\/schema\\\/logo\\\/image\\\/\",\"url\":\"https:\\\/\\\/bridalfashion.com\\\/wp-content\\\/uploads\\\/2022\\\/05\\\/cropped-BFG.png\",\"contentUrl\":\"https:\\\/\\\/bridalfashion.com\\\/wp-content\\\/uploads\\\/2022\\\/05\\\/cropped-BFG.png\",\"width\":1771,\"height\":119,\"caption\":\"BRIDAL FASHION \u2122 | Luxurious Wedding Dresses &amp; Fashionable Gowns for Women, Girls and Kids\"},\"image\":{\"@id\":\"https:\\\/\\\/bridalfashion.com\\\/ro\\\/#\\\/schema\\\/logo\\\/image\\\/\"}}]}<\/script>\n<!-- \/ Yoast SEO plugin. -->","yoast_head_json":{"title":"O rochie foarte feminin\u0103 \u0219i stilat\u0103 GLORIA \u2013 BF0002 - BRIDAL FASHION \u2122 | Luxurious Wedding Dresses &amp; Fashionable Gowns for Women, Girls and Kids","description":"GLORIA \u2013 un model distins gen siren\u0103 cu franjuri de cristal pe bretelele c\u0103zute. Fasonul drept potrivit se l\u0103rge\u0219te treptat \u00een partea de jos, termin\u00e2ndu-se cu o tren\u0103 bogat\u0103. Tot portul e decorat manual cu linii str\u0103lucitoare. Model de rochie de mireas\u0103 BF0002.","robots":{"index":"index","follow":"follow","max-snippet":"max-snippet:-1","max-image-preview":"max-image-preview:large","max-video-preview":"max-video-preview:-1"},"canonical":"https:\/\/bridalfashion.com\/ro\/glamour-ro\/rochie-mota-cu-franjuri-cristal-gloria-bf0002\/","og_locale":"ro_RO","og_type":"article","og_title":"O rochie foarte feminin\u0103 \u0219i stilat\u0103 GLORIA \u2013 BF0002 - BRIDAL FASHION \u2122 | Luxurious Wedding Dresses &amp; Fashionable Gowns for Women, Girls and Kids","og_description":"GLORIA \u2013 un model distins gen siren\u0103 cu franjuri de cristal pe bretelele c\u0103zute. Fasonul drept potrivit se l\u0103rge\u0219te treptat \u00een partea de jos, termin\u00e2ndu-se cu o tren\u0103 bogat\u0103. Tot portul e decorat manual cu linii str\u0103lucitoare. Model de rochie de mireas\u0103 BF0002.","og_url":"https:\/\/bridalfashion.com\/ro\/glamour-ro\/rochie-mota-cu-franjuri-cristal-gloria-bf0002\/","og_site_name":"BRIDAL FASHION \u2122 | Luxurious Wedding Dresses &amp; Fashionable Gowns for Women, Girls and Kids","og_image":[{"width":1516,"height":2000,"url":"https:\/\/bridalfashion.com\/wp-content\/uploads\/2022\/11\/BF0002_A.jpg","type":"image\/jpeg"}],"twitter_card":"summary_large_image","twitter_misc":{"Timp estimat pentru citire":"1 minut"},"schema":{"@context":"https:\/\/schema.org","@graph":[{"@type":"WebPage","@id":"https:\/\/bridalfashion.com\/ro\/glamour-ro\/rochie-mota-cu-franjuri-cristal-gloria-bf0002\/","url":"https:\/\/bridalfashion.com\/ro\/glamour-ro\/rochie-mota-cu-franjuri-cristal-gloria-bf0002\/","name":"O rochie foarte feminin\u0103 \u0219i stilat\u0103 GLORIA \u2013 BF0002 - BRIDAL FASHION \u2122 | Luxurious Wedding Dresses &amp; Fashionable Gowns for Women, Girls and Kids","isPartOf":{"@id":"https:\/\/bridalfashion.com\/ro\/#website"},"primaryImageOfPage":{"@id":"https:\/\/bridalfashion.com\/ro\/glamour-ro\/rochie-mota-cu-franjuri-cristal-gloria-bf0002\/#primaryimage"},"image":{"@id":"https:\/\/bridalfashion.com\/ro\/glamour-ro\/rochie-mota-cu-franjuri-cristal-gloria-bf0002\/#primaryimage"},"thumbnailUrl":"https:\/\/bridalfashion.com\/wp-content\/uploads\/2022\/11\/BF0002_A.jpg","datePublished":"2022-12-01T11:14:19+00:00","description":"GLORIA \u2013 un model distins gen siren\u0103 cu franjuri de cristal pe bretelele c\u0103zute. Fasonul drept potrivit se l\u0103rge\u0219te treptat \u00een partea de jos, termin\u00e2ndu-se cu o tren\u0103 bogat\u0103. Tot portul e decorat manual cu linii str\u0103lucitoare. Model de rochie de mireas\u0103 BF0002.","breadcrumb":{"@id":"https:\/\/bridalfashion.com\/ro\/glamour-ro\/rochie-mota-cu-franjuri-cristal-gloria-bf0002\/#breadcrumb"},"inLanguage":"ro-RO","potentialAction":[{"@type":"ReadAction","target":["https:\/\/bridalfashion.com\/ro\/glamour-ro\/rochie-mota-cu-franjuri-cristal-gloria-bf0002\/"]}]},{"@type":"ImageObject","inLanguage":"ro-RO","@id":"https:\/\/bridalfashion.com\/ro\/glamour-ro\/rochie-mota-cu-franjuri-cristal-gloria-bf0002\/#primaryimage","url":"https:\/\/bridalfashion.com\/wp-content\/uploads\/2022\/11\/BF0002_A.jpg","contentUrl":"https:\/\/bridalfashion.com\/wp-content\/uploads\/2022\/11\/BF0002_A.jpg","width":1516,"height":2000,"caption":"Wedding Dress GLORIA - BF0002"},{"@type":"BreadcrumbList","@id":"https:\/\/bridalfashion.com\/ro\/glamour-ro\/rochie-mota-cu-franjuri-cristal-gloria-bf0002\/#breadcrumb","itemListElement":[{"@type":"ListItem","position":1,"name":"Home","item":"https:\/\/bridalfashion.com\/ro\/"},{"@type":"ListItem","position":2,"name":"Shop","item":"https:\/\/bridalfashion.com\/shop-2\/"},{"@type":"ListItem","position":3,"name":"O rochie foarte feminin\u0103 \u0219i stilat\u0103 GLORIA \u2013 BF0002"}]},{"@type":"WebSite","@id":"https:\/\/bridalfashion.com\/ro\/#website","url":"https:\/\/bridalfashion.com\/ro\/","name":"BRIDAL FASHION \u2122 | Luxurious Wedding Dresses &amp; Fashionable Gowns for Women, Girls and Kids","description":"Welcome the leading manufacturer and supplier of wedding dresses. We offer in wholesale a large selection of high quality wedding dress collections and accessories for your business at competitive prices. Shop our full range of bridal products today!","publisher":{"@id":"https:\/\/bridalfashion.com\/ro\/#organization"},"potentialAction":[{"@type":"SearchAction","target":{"@type":"EntryPoint","urlTemplate":"https:\/\/bridalfashion.com\/ro\/?s={search_term_string}"},"query-input":{"@type":"PropertyValueSpecification","valueRequired":true,"valueName":"search_term_string"}}],"inLanguage":"ro-RO"},{"@type":"Organization","@id":"https:\/\/bridalfashion.com\/ro\/#organization","name":"BRIDAL FASHION \u2122 | Luxurious Wedding Dresses &amp; Fashionable Gowns for Women, Girls and Kids","url":"https:\/\/bridalfashion.com\/ro\/","logo":{"@type":"ImageObject","inLanguage":"ro-RO","@id":"https:\/\/bridalfashion.com\/ro\/#\/schema\/logo\/image\/","url":"https:\/\/bridalfashion.com\/wp-content\/uploads\/2022\/05\/cropped-BFG.png","contentUrl":"https:\/\/bridalfashion.com\/wp-content\/uploads\/2022\/05\/cropped-BFG.png","width":1771,"height":119,"caption":"BRIDAL FASHION \u2122 | Luxurious Wedding Dresses &amp; Fashionable Gowns for Women, Girls and Kids"},"image":{"@id":"https:\/\/bridalfashion.com\/ro\/#\/schema\/logo\/image\/"}}]}},"_links":{"self":[{"href":"https:\/\/bridalfashion.com\/ro\/wp-json\/wp\/v2\/product\/13527","targetHints":{"allow":["GET"]}}],"collection":[{"href":"https:\/\/bridalfashion.com\/ro\/wp-json\/wp\/v2\/product"}],"about":[{"href":"https:\/\/bridalfashion.com\/ro\/wp-json\/wp\/v2\/types\/product"}],"replies":[{"embeddable":true,"href":"https:\/\/bridalfashion.com\/ro\/wp-json\/wp\/v2\/comments?post=13527"}],"wp:featuredmedia":[{"embeddable":true,"href":"https:\/\/bridalfashion.com\/ro\/wp-json\/wp\/v2\/media\/12221"}],"wp:attachment":[{"href":"https:\/\/bridalfashion.com\/ro\/wp-json\/wp\/v2\/media?parent=13527"}],"wp:term":[{"taxonomy":"product_brand","embeddable":true,"href":"https:\/\/bridalfashion.com\/ro\/wp-json\/wp\/v2\/product_brand?post=13527"},{"taxonomy":"product_cat","embeddable":true,"href":"https:\/\/bridalfashion.com\/ro\/wp-json\/wp\/v2\/product_cat?post=13527"},{"taxonomy":"product_tag","embeddable":true,"href":"https:\/\/bridalfashion.com\/ro\/wp-json\/wp\/v2\/product_tag?post=13527"}],"curies":[{"name":"wp","href":"https:\/\/api.w.org\/{rel}","templated":true}]}}