{"id":13524,"date":"2022-11-28T20:29:12","date_gmt":"2022-12-01T11:05:08","guid":{"rendered":"https:\/\/bridalfashion.com\/fara-categorie\/rochie-de-mireasa-impresionanta-cu-decor-grace-bf0001\/"},"modified":"2022-12-01T13:05:08","modified_gmt":"2022-12-01T11:05:08","slug":"rochie-de-mireasa-cu-decor-luxos-gratie-bf0001","status":"publish","type":"product","link":"https:\/\/bridalfashion.com\/ro\/glamour-ro\/rochie-de-mireasa-cu-decor-luxos-gratie-bf0001\/","title":{"rendered":"Rochie de mireas\u0103 impresionant\u0103 cu decor GRACE \u2013 BF0001"},"content":{"rendered":"<h2 style=\"text-align: left\">Descrierea modeului GRACE \u2013 BF0001 \u2013 rochie de mireas\u0103 impresionant\u0103 cu decor ales<\/h2>\n<p style=\"text-align: left\">Modelul GRACE \u2013 BF0001 \u2013 o rochie impresionant\u0103 pentru o nunt\u0103 romantic\u0103, disponibil\u0103 \u00een culorile alb, ivory \u0219i \u00een combina\u021bia ivory\\cappuccino. Bustul pe un corset semitransparent mulat pe corp, cusut cu dantele fran\u021buze\u0219ti \u0219i decorat manual cu m\u0103rgelu\u021be \u0219i cu perle. \u00cen partea de sus \u021binuta este completat\u0103 cu un bolero elegant transparent cu guler \u00eenalt, \u00eempodobit cu m\u0103rgelu\u021be, perle \u0219i cristale, cu ni\u0219te pandative din m\u0103rgele de sticl\u0103 foarte frumoase. La spate \u2013 o \u00eencheietoare din cristale mari. Fusta \u00een A cu tren\u0103 lung\u0103, executat\u0103 din tulle fin acoperit cu sclipici deasupra bazei de saten.<\/p>\n<p style=\"text-align: left\">Modelul GRACE \u2013 rochie de mireas\u0103 cu decor de lux, demn\u0103 de nivelul ceremoniei regale. La alegerea miresei, \u021binuta poate fi ajustat\u0103 cu o pelerin\u0103 formidabil\u0103 cu tren\u0103 bogat\u0103 \u2013 modelul BFAB0001 sau un bolero transparent superb BFAB0002 cu decor ales de m\u0103rgele din sticl\u0103 \u0219i cristale. Accesoriile nu merg \u00eempreun\u0103 cu rochia, ele pot fi comandate aparte.<\/p>\n","protected":false},"excerpt":{"rendered":"<p>Descrierea modeului GRACE \u2013 BF0001 \u2013 rochie de mireas\u0103 impresionant\u0103 cu decor ales Modelul GRACE \u2013 BF0001 \u2013 o rochie impresionant\u0103 pentru o nunt\u0103 romantic\u0103, disponibil\u0103 \u00een culorile alb, ivory \u0219i \u00een combina\u021bia ivory\\cappuccino. Bustul pe un corset semitransparent mulat pe corp, cusut cu dantele fran\u021buze\u0219ti \u0219i decorat manual cu m\u0103rgelu\u021be \u0219i cu perle. \u00cen&hellip;<\/p>\n","protected":false},"featured_media":12199,"comment_status":"open","ping_status":"closed","template":"","meta":[],"product_brand":[],"product_cat":[986],"product_tag":[],"class_list":{"0":"post-13524","1":"product","2":"type-product","3":"status-publish","4":"has-post-thumbnail","6":"product_cat-glamour-ro","8":"first","9":"instock","10":"taxable","11":"shipping-taxable","12":"product-type-simple"},"yoast_head":"<!-- This site is optimized with the Yoast SEO plugin v27.4 - https:\/\/yoast.com\/product\/yoast-seo-wordpress\/ -->\n<title>Rochie de mireas\u0103 impresionant\u0103 cu decor GRACE \u2013 BF0001 - BRIDAL FASHION \u2122 | Luxurious Wedding Dresses &amp; Fashionable Gowns for Women, Girls and Kids<\/title>\n<meta name=\"description\" content=\"GRACE \u2013 rochie de mireas\u0103 \u0219ic cu decor bogat din dantel\u0103, m\u0103rgele \u0219i perle pe corsetul potrivit \u0219i cu sclipici pe fusta cu tren\u0103 lung\u0103. Boleroul \u0219i pelerina \u2013 accesorii suplimentare. Model de rochie de mireas\u0103 BF0001.\" \/>\n<meta name=\"robots\" content=\"index, follow, max-snippet:-1, max-image-preview:large, max-video-preview:-1\" \/>\n<link rel=\"canonical\" href=\"https:\/\/bridalfashion.com\/ro\/glamour-ro\/rochie-de-mireasa-cu-decor-luxos-gratie-bf0001\/\" \/>\n<meta property=\"og:locale\" content=\"ro_RO\" \/>\n<meta property=\"og:type\" content=\"article\" \/>\n<meta property=\"og:title\" content=\"Rochie de mireas\u0103 impresionant\u0103 cu decor GRACE \u2013 BF0001 - BRIDAL FASHION \u2122 | Luxurious Wedding Dresses &amp; Fashionable Gowns for Women, Girls and Kids\" \/>\n<meta property=\"og:description\" content=\"GRACE \u2013 rochie de mireas\u0103 \u0219ic cu decor bogat din dantel\u0103, m\u0103rgele \u0219i perle pe corsetul potrivit \u0219i cu sclipici pe fusta cu tren\u0103 lung\u0103. Boleroul \u0219i pelerina \u2013 accesorii suplimentare. Model de rochie de mireas\u0103 BF0001.\" \/>\n<meta property=\"og:url\" content=\"https:\/\/bridalfashion.com\/ro\/glamour-ro\/rochie-de-mireasa-cu-decor-luxos-gratie-bf0001\/\" \/>\n<meta property=\"og:site_name\" content=\"BRIDAL FASHION \u2122 | Luxurious Wedding Dresses &amp; Fashionable Gowns for Women, Girls and Kids\" \/>\n<meta property=\"og:image\" content=\"https:\/\/bridalfashion.com\/wp-content\/uploads\/2022\/11\/BF0001_A.jpg\" \/>\n\t<meta property=\"og:image:width\" content=\"1516\" \/>\n\t<meta property=\"og:image:height\" content=\"2000\" \/>\n\t<meta property=\"og:image:type\" content=\"image\/jpeg\" \/>\n<meta name=\"twitter:card\" content=\"summary_large_image\" \/>\n<meta name=\"twitter:label1\" content=\"Timp estimat pentru citire\" \/>\n\t<meta name=\"twitter:data1\" content=\"1 minut\" \/>\n<script type=\"application\/ld+json\" class=\"yoast-schema-graph\">{\"@context\":\"https:\\\/\\\/schema.org\",\"@graph\":[{\"@type\":\"WebPage\",\"@id\":\"https:\\\/\\\/bridalfashion.com\\\/ro\\\/glamour-ro\\\/rochie-de-mireasa-cu-decor-luxos-gratie-bf0001\\\/\",\"url\":\"https:\\\/\\\/bridalfashion.com\\\/ro\\\/glamour-ro\\\/rochie-de-mireasa-cu-decor-luxos-gratie-bf0001\\\/\",\"name\":\"Rochie de mireas\u0103 impresionant\u0103 cu decor GRACE \u2013 BF0001 - BRIDAL FASHION \u2122 | Luxurious Wedding Dresses &amp; Fashionable Gowns for Women, Girls and Kids\",\"isPartOf\":{\"@id\":\"https:\\\/\\\/bridalfashion.com\\\/ro\\\/#website\"},\"primaryImageOfPage\":{\"@id\":\"https:\\\/\\\/bridalfashion.com\\\/ro\\\/glamour-ro\\\/rochie-de-mireasa-cu-decor-luxos-gratie-bf0001\\\/#primaryimage\"},\"image\":{\"@id\":\"https:\\\/\\\/bridalfashion.com\\\/ro\\\/glamour-ro\\\/rochie-de-mireasa-cu-decor-luxos-gratie-bf0001\\\/#primaryimage\"},\"thumbnailUrl\":\"https:\\\/\\\/bridalfashion.com\\\/wp-content\\\/uploads\\\/2022\\\/11\\\/BF0001_A.jpg\",\"datePublished\":\"2022-12-01T11:05:08+00:00\",\"description\":\"GRACE \u2013 rochie de mireas\u0103 \u0219ic cu decor bogat din dantel\u0103, m\u0103rgele \u0219i perle pe corsetul potrivit \u0219i cu sclipici pe fusta cu tren\u0103 lung\u0103. Boleroul \u0219i pelerina \u2013 accesorii suplimentare. Model de rochie de mireas\u0103 BF0001.\",\"breadcrumb\":{\"@id\":\"https:\\\/\\\/bridalfashion.com\\\/ro\\\/glamour-ro\\\/rochie-de-mireasa-cu-decor-luxos-gratie-bf0001\\\/#breadcrumb\"},\"inLanguage\":\"ro-RO\",\"potentialAction\":[{\"@type\":\"ReadAction\",\"target\":[\"https:\\\/\\\/bridalfashion.com\\\/ro\\\/glamour-ro\\\/rochie-de-mireasa-cu-decor-luxos-gratie-bf0001\\\/\"]}]},{\"@type\":\"ImageObject\",\"inLanguage\":\"ro-RO\",\"@id\":\"https:\\\/\\\/bridalfashion.com\\\/ro\\\/glamour-ro\\\/rochie-de-mireasa-cu-decor-luxos-gratie-bf0001\\\/#primaryimage\",\"url\":\"https:\\\/\\\/bridalfashion.com\\\/wp-content\\\/uploads\\\/2022\\\/11\\\/BF0001_A.jpg\",\"contentUrl\":\"https:\\\/\\\/bridalfashion.com\\\/wp-content\\\/uploads\\\/2022\\\/11\\\/BF0001_A.jpg\",\"width\":1516,\"height\":2000,\"caption\":\"Wedding Dress GRACE - BF0001\"},{\"@type\":\"BreadcrumbList\",\"@id\":\"https:\\\/\\\/bridalfashion.com\\\/ro\\\/glamour-ro\\\/rochie-de-mireasa-cu-decor-luxos-gratie-bf0001\\\/#breadcrumb\",\"itemListElement\":[{\"@type\":\"ListItem\",\"position\":1,\"name\":\"Home\",\"item\":\"https:\\\/\\\/bridalfashion.com\\\/ro\\\/\"},{\"@type\":\"ListItem\",\"position\":2,\"name\":\"Shop\",\"item\":\"https:\\\/\\\/bridalfashion.com\\\/shop-2\\\/\"},{\"@type\":\"ListItem\",\"position\":3,\"name\":\"Rochie de mireas\u0103 impresionant\u0103 cu decor GRACE \u2013 BF0001\"}]},{\"@type\":\"WebSite\",\"@id\":\"https:\\\/\\\/bridalfashion.com\\\/ro\\\/#website\",\"url\":\"https:\\\/\\\/bridalfashion.com\\\/ro\\\/\",\"name\":\"BRIDAL FASHION \u2122 | Luxurious Wedding Dresses &amp; Fashionable Gowns for Women, Girls and Kids\",\"description\":\"Welcome the leading manufacturer and supplier of wedding dresses. We offer in wholesale a large selection of high quality wedding dress collections and accessories for your business at competitive prices. Shop our full range of bridal products today!\",\"publisher\":{\"@id\":\"https:\\\/\\\/bridalfashion.com\\\/ro\\\/#organization\"},\"potentialAction\":[{\"@type\":\"SearchAction\",\"target\":{\"@type\":\"EntryPoint\",\"urlTemplate\":\"https:\\\/\\\/bridalfashion.com\\\/ro\\\/?s={search_term_string}\"},\"query-input\":{\"@type\":\"PropertyValueSpecification\",\"valueRequired\":true,\"valueName\":\"search_term_string\"}}],\"inLanguage\":\"ro-RO\"},{\"@type\":\"Organization\",\"@id\":\"https:\\\/\\\/bridalfashion.com\\\/ro\\\/#organization\",\"name\":\"BRIDAL FASHION \u2122 | Luxurious Wedding Dresses &amp; Fashionable Gowns for Women, Girls and Kids\",\"url\":\"https:\\\/\\\/bridalfashion.com\\\/ro\\\/\",\"logo\":{\"@type\":\"ImageObject\",\"inLanguage\":\"ro-RO\",\"@id\":\"https:\\\/\\\/bridalfashion.com\\\/ro\\\/#\\\/schema\\\/logo\\\/image\\\/\",\"url\":\"https:\\\/\\\/bridalfashion.com\\\/wp-content\\\/uploads\\\/2022\\\/05\\\/cropped-BFG.png\",\"contentUrl\":\"https:\\\/\\\/bridalfashion.com\\\/wp-content\\\/uploads\\\/2022\\\/05\\\/cropped-BFG.png\",\"width\":1771,\"height\":119,\"caption\":\"BRIDAL FASHION \u2122 | Luxurious Wedding Dresses &amp; Fashionable Gowns for Women, Girls and Kids\"},\"image\":{\"@id\":\"https:\\\/\\\/bridalfashion.com\\\/ro\\\/#\\\/schema\\\/logo\\\/image\\\/\"}}]}<\/script>\n<!-- \/ Yoast SEO plugin. -->","yoast_head_json":{"title":"Rochie de mireas\u0103 impresionant\u0103 cu decor GRACE \u2013 BF0001 - BRIDAL FASHION \u2122 | Luxurious Wedding Dresses &amp; Fashionable Gowns for Women, Girls and Kids","description":"GRACE \u2013 rochie de mireas\u0103 \u0219ic cu decor bogat din dantel\u0103, m\u0103rgele \u0219i perle pe corsetul potrivit \u0219i cu sclipici pe fusta cu tren\u0103 lung\u0103. Boleroul \u0219i pelerina \u2013 accesorii suplimentare. Model de rochie de mireas\u0103 BF0001.","robots":{"index":"index","follow":"follow","max-snippet":"max-snippet:-1","max-image-preview":"max-image-preview:large","max-video-preview":"max-video-preview:-1"},"canonical":"https:\/\/bridalfashion.com\/ro\/glamour-ro\/rochie-de-mireasa-cu-decor-luxos-gratie-bf0001\/","og_locale":"ro_RO","og_type":"article","og_title":"Rochie de mireas\u0103 impresionant\u0103 cu decor GRACE \u2013 BF0001 - BRIDAL FASHION \u2122 | Luxurious Wedding Dresses &amp; Fashionable Gowns for Women, Girls and Kids","og_description":"GRACE \u2013 rochie de mireas\u0103 \u0219ic cu decor bogat din dantel\u0103, m\u0103rgele \u0219i perle pe corsetul potrivit \u0219i cu sclipici pe fusta cu tren\u0103 lung\u0103. Boleroul \u0219i pelerina \u2013 accesorii suplimentare. Model de rochie de mireas\u0103 BF0001.","og_url":"https:\/\/bridalfashion.com\/ro\/glamour-ro\/rochie-de-mireasa-cu-decor-luxos-gratie-bf0001\/","og_site_name":"BRIDAL FASHION \u2122 | Luxurious Wedding Dresses &amp; Fashionable Gowns for Women, Girls and Kids","og_image":[{"width":1516,"height":2000,"url":"https:\/\/bridalfashion.com\/wp-content\/uploads\/2022\/11\/BF0001_A.jpg","type":"image\/jpeg"}],"twitter_card":"summary_large_image","twitter_misc":{"Timp estimat pentru citire":"1 minut"},"schema":{"@context":"https:\/\/schema.org","@graph":[{"@type":"WebPage","@id":"https:\/\/bridalfashion.com\/ro\/glamour-ro\/rochie-de-mireasa-cu-decor-luxos-gratie-bf0001\/","url":"https:\/\/bridalfashion.com\/ro\/glamour-ro\/rochie-de-mireasa-cu-decor-luxos-gratie-bf0001\/","name":"Rochie de mireas\u0103 impresionant\u0103 cu decor GRACE \u2013 BF0001 - BRIDAL FASHION \u2122 | Luxurious Wedding Dresses &amp; Fashionable Gowns for Women, Girls and Kids","isPartOf":{"@id":"https:\/\/bridalfashion.com\/ro\/#website"},"primaryImageOfPage":{"@id":"https:\/\/bridalfashion.com\/ro\/glamour-ro\/rochie-de-mireasa-cu-decor-luxos-gratie-bf0001\/#primaryimage"},"image":{"@id":"https:\/\/bridalfashion.com\/ro\/glamour-ro\/rochie-de-mireasa-cu-decor-luxos-gratie-bf0001\/#primaryimage"},"thumbnailUrl":"https:\/\/bridalfashion.com\/wp-content\/uploads\/2022\/11\/BF0001_A.jpg","datePublished":"2022-12-01T11:05:08+00:00","description":"GRACE \u2013 rochie de mireas\u0103 \u0219ic cu decor bogat din dantel\u0103, m\u0103rgele \u0219i perle pe corsetul potrivit \u0219i cu sclipici pe fusta cu tren\u0103 lung\u0103. Boleroul \u0219i pelerina \u2013 accesorii suplimentare. Model de rochie de mireas\u0103 BF0001.","breadcrumb":{"@id":"https:\/\/bridalfashion.com\/ro\/glamour-ro\/rochie-de-mireasa-cu-decor-luxos-gratie-bf0001\/#breadcrumb"},"inLanguage":"ro-RO","potentialAction":[{"@type":"ReadAction","target":["https:\/\/bridalfashion.com\/ro\/glamour-ro\/rochie-de-mireasa-cu-decor-luxos-gratie-bf0001\/"]}]},{"@type":"ImageObject","inLanguage":"ro-RO","@id":"https:\/\/bridalfashion.com\/ro\/glamour-ro\/rochie-de-mireasa-cu-decor-luxos-gratie-bf0001\/#primaryimage","url":"https:\/\/bridalfashion.com\/wp-content\/uploads\/2022\/11\/BF0001_A.jpg","contentUrl":"https:\/\/bridalfashion.com\/wp-content\/uploads\/2022\/11\/BF0001_A.jpg","width":1516,"height":2000,"caption":"Wedding Dress GRACE - BF0001"},{"@type":"BreadcrumbList","@id":"https:\/\/bridalfashion.com\/ro\/glamour-ro\/rochie-de-mireasa-cu-decor-luxos-gratie-bf0001\/#breadcrumb","itemListElement":[{"@type":"ListItem","position":1,"name":"Home","item":"https:\/\/bridalfashion.com\/ro\/"},{"@type":"ListItem","position":2,"name":"Shop","item":"https:\/\/bridalfashion.com\/shop-2\/"},{"@type":"ListItem","position":3,"name":"Rochie de mireas\u0103 impresionant\u0103 cu decor GRACE \u2013 BF0001"}]},{"@type":"WebSite","@id":"https:\/\/bridalfashion.com\/ro\/#website","url":"https:\/\/bridalfashion.com\/ro\/","name":"BRIDAL FASHION \u2122 | Luxurious Wedding Dresses &amp; Fashionable Gowns for Women, Girls and Kids","description":"Welcome the leading manufacturer and supplier of wedding dresses. We offer in wholesale a large selection of high quality wedding dress collections and accessories for your business at competitive prices. Shop our full range of bridal products today!","publisher":{"@id":"https:\/\/bridalfashion.com\/ro\/#organization"},"potentialAction":[{"@type":"SearchAction","target":{"@type":"EntryPoint","urlTemplate":"https:\/\/bridalfashion.com\/ro\/?s={search_term_string}"},"query-input":{"@type":"PropertyValueSpecification","valueRequired":true,"valueName":"search_term_string"}}],"inLanguage":"ro-RO"},{"@type":"Organization","@id":"https:\/\/bridalfashion.com\/ro\/#organization","name":"BRIDAL FASHION \u2122 | Luxurious Wedding Dresses &amp; Fashionable Gowns for Women, Girls and Kids","url":"https:\/\/bridalfashion.com\/ro\/","logo":{"@type":"ImageObject","inLanguage":"ro-RO","@id":"https:\/\/bridalfashion.com\/ro\/#\/schema\/logo\/image\/","url":"https:\/\/bridalfashion.com\/wp-content\/uploads\/2022\/05\/cropped-BFG.png","contentUrl":"https:\/\/bridalfashion.com\/wp-content\/uploads\/2022\/05\/cropped-BFG.png","width":1771,"height":119,"caption":"BRIDAL FASHION \u2122 | Luxurious Wedding Dresses &amp; Fashionable Gowns for Women, Girls and Kids"},"image":{"@id":"https:\/\/bridalfashion.com\/ro\/#\/schema\/logo\/image\/"}}]}},"_links":{"self":[{"href":"https:\/\/bridalfashion.com\/ro\/wp-json\/wp\/v2\/product\/13524","targetHints":{"allow":["GET"]}}],"collection":[{"href":"https:\/\/bridalfashion.com\/ro\/wp-json\/wp\/v2\/product"}],"about":[{"href":"https:\/\/bridalfashion.com\/ro\/wp-json\/wp\/v2\/types\/product"}],"replies":[{"embeddable":true,"href":"https:\/\/bridalfashion.com\/ro\/wp-json\/wp\/v2\/comments?post=13524"}],"wp:featuredmedia":[{"embeddable":true,"href":"https:\/\/bridalfashion.com\/ro\/wp-json\/wp\/v2\/media\/12199"}],"wp:attachment":[{"href":"https:\/\/bridalfashion.com\/ro\/wp-json\/wp\/v2\/media?parent=13524"}],"wp:term":[{"taxonomy":"product_brand","embeddable":true,"href":"https:\/\/bridalfashion.com\/ro\/wp-json\/wp\/v2\/product_brand?post=13524"},{"taxonomy":"product_cat","embeddable":true,"href":"https:\/\/bridalfashion.com\/ro\/wp-json\/wp\/v2\/product_cat?post=13524"},{"taxonomy":"product_tag","embeddable":true,"href":"https:\/\/bridalfashion.com\/ro\/wp-json\/wp\/v2\/product_tag?post=13524"}],"curies":[{"name":"wp","href":"https:\/\/api.w.org\/{rel}","templated":true}]}}