{"id":12194,"date":"2021-10-07T11:56:01","date_gmt":"2022-11-01T17:32:49","guid":{"rendered":"https:\/\/bridalfashion.com\/fara-categorie\/un-model-de-rochie-de-nunta-creative-bright-bf0093\/"},"modified":"2022-11-01T19:32:49","modified_gmt":"2022-11-01T17:32:49","slug":"rochie-de-mireasa-pentru-o-mireasa-curajoasa-luminoasa-bf0093","status":"publish","type":"product","link":"https:\/\/bridalfashion.com\/ro\/bali-ro\/rochie-de-mireasa-pentru-o-mireasa-curajoasa-luminoasa-bf0093\/","title":{"rendered":"Un model de rochie de nunt\u0103 creative BRIGHT &#8211; BF0093"},"content":{"rendered":"<h2>Descrierea modelului BRIGHT \u2013 un model de rochie de nunt\u0103 creativ pentru mirese \u00eendr\u0103zne\u021be<\/h2>\n<p>Modelul BRIGHT &#8211; BF0093 de la BRIDAL FASHION \u2013 un model unicat \u00een design neobi\u0219nuit. Baza \u2014 o salopet\u0103 din dantel\u0103 cu pantaloni scur\u021bi \u0219i cu decolteu ad\u00e2nc. Deasupra vine \u00eembr\u0103cat\u0103 o fust\u0103 lejer\u0103, transparent\u0103 cu o tren\u0103 bogat\u0103 \u0219i cu un br\u00e2u din saten lat. BRIGHT \u2013 o rochie de nunt\u0103 creativ\u0103 pentru o mireas\u0103 curajoas\u0103, ce va face nunta s\u0103 fie neordinar\u0103.<\/p>\n","protected":false},"excerpt":{"rendered":"<p>Descrierea modelului BRIGHT \u2013 un model de rochie de nunt\u0103 creativ pentru mirese \u00eendr\u0103zne\u021be Modelul BRIGHT &#8211; BF0093 de la BRIDAL FASHION \u2013 un model unicat \u00een design neobi\u0219nuit. Baza \u2014 o salopet\u0103 din dantel\u0103 cu pantaloni scur\u021bi \u0219i cu decolteu ad\u00e2nc. Deasupra vine \u00eembr\u0103cat\u0103 o fust\u0103 lejer\u0103, transparent\u0103 cu o tren\u0103 bogat\u0103 \u0219i cu&hellip;<\/p>\n","protected":false},"featured_media":7947,"comment_status":"open","ping_status":"closed","template":"","meta":[],"product_brand":[],"product_cat":[980],"product_tag":[],"class_list":{"0":"post-12194","1":"product","2":"type-product","3":"status-publish","4":"has-post-thumbnail","6":"product_cat-bali-ro","8":"first","9":"instock","10":"taxable","11":"shipping-taxable","12":"product-type-simple"},"yoast_head":"<!-- This site is optimized with the Yoast SEO plugin v27.5 - https:\/\/yoast.com\/product\/yoast-seo-wordpress\/ -->\n<title>Un model de rochie de nunt\u0103 creative BRIGHT - BF0093 - BRIDAL FASHION \u2122 | Luxurious Wedding Dresses &amp; Fashionable Gowns for Women, Girls and Kids<\/title>\n<meta name=\"description\" content=\"Rochie de nunt\u0103 creativ\u0103 pentru o mireas\u0103 \u00eendr\u0103znea\u021b\u0103 \u2013 modelul BRIGHT - BF0093 \u00een culoare alb\u0103 \u0219i pudr\u0103. Salopeta bine potrivit\u0103 pe corp cu pantaloni scur\u021bi, este realizat\u0103 din dantele fran\u021buze\u0219ti. Fusta deta\u0219abil\u0103 cu tren\u0103 vine aranjat\u0103 pe un br\u00e2u.\" \/>\n<meta name=\"robots\" content=\"index, follow, max-snippet:-1, max-image-preview:large, max-video-preview:-1\" \/>\n<link rel=\"canonical\" href=\"https:\/\/bridalfashion.com\/ro\/bali-ro\/rochie-de-mireasa-pentru-o-mireasa-curajoasa-luminoasa-bf0093\/\" \/>\n<meta property=\"og:locale\" content=\"ro_RO\" \/>\n<meta property=\"og:type\" content=\"article\" \/>\n<meta property=\"og:title\" content=\"Un model de rochie de nunt\u0103 creative BRIGHT - BF0093 - BRIDAL FASHION \u2122 | Luxurious Wedding Dresses &amp; Fashionable Gowns for Women, Girls and Kids\" \/>\n<meta property=\"og:description\" content=\"Rochie de nunt\u0103 creativ\u0103 pentru o mireas\u0103 \u00eendr\u0103znea\u021b\u0103 \u2013 modelul BRIGHT - BF0093 \u00een culoare alb\u0103 \u0219i pudr\u0103. Salopeta bine potrivit\u0103 pe corp cu pantaloni scur\u021bi, este realizat\u0103 din dantele fran\u021buze\u0219ti. Fusta deta\u0219abil\u0103 cu tren\u0103 vine aranjat\u0103 pe un br\u00e2u.\" \/>\n<meta property=\"og:url\" content=\"https:\/\/bridalfashion.com\/ro\/bali-ro\/rochie-de-mireasa-pentru-o-mireasa-curajoasa-luminoasa-bf0093\/\" \/>\n<meta property=\"og:site_name\" content=\"BRIDAL FASHION \u2122 | Luxurious Wedding Dresses &amp; Fashionable Gowns for Women, Girls and Kids\" \/>\n<meta property=\"og:image\" content=\"https:\/\/bridalfashion.com\/wp-content\/uploads\/2021\/10\/BF0093_AR.jpg\" \/>\n\t<meta property=\"og:image:width\" content=\"1517\" \/>\n\t<meta property=\"og:image:height\" content=\"2000\" \/>\n\t<meta property=\"og:image:type\" content=\"image\/jpeg\" \/>\n<meta name=\"twitter:card\" content=\"summary_large_image\" \/>\n<script type=\"application\/ld+json\" class=\"yoast-schema-graph\">{\"@context\":\"https:\\\/\\\/schema.org\",\"@graph\":[{\"@type\":\"WebPage\",\"@id\":\"https:\\\/\\\/bridalfashion.com\\\/ro\\\/bali-ro\\\/rochie-de-mireasa-pentru-o-mireasa-curajoasa-luminoasa-bf0093\\\/\",\"url\":\"https:\\\/\\\/bridalfashion.com\\\/ro\\\/bali-ro\\\/rochie-de-mireasa-pentru-o-mireasa-curajoasa-luminoasa-bf0093\\\/\",\"name\":\"Un model de rochie de nunt\u0103 creative BRIGHT - BF0093 - BRIDAL FASHION \u2122 | Luxurious Wedding Dresses &amp; Fashionable Gowns for Women, Girls and Kids\",\"isPartOf\":{\"@id\":\"https:\\\/\\\/bridalfashion.com\\\/ro\\\/#website\"},\"primaryImageOfPage\":{\"@id\":\"https:\\\/\\\/bridalfashion.com\\\/ro\\\/bali-ro\\\/rochie-de-mireasa-pentru-o-mireasa-curajoasa-luminoasa-bf0093\\\/#primaryimage\"},\"image\":{\"@id\":\"https:\\\/\\\/bridalfashion.com\\\/ro\\\/bali-ro\\\/rochie-de-mireasa-pentru-o-mireasa-curajoasa-luminoasa-bf0093\\\/#primaryimage\"},\"thumbnailUrl\":\"https:\\\/\\\/bridalfashion.com\\\/wp-content\\\/uploads\\\/2021\\\/10\\\/BF0093_AR.jpg\",\"datePublished\":\"2022-11-01T17:32:49+00:00\",\"description\":\"Rochie de nunt\u0103 creativ\u0103 pentru o mireas\u0103 \u00eendr\u0103znea\u021b\u0103 \u2013 modelul BRIGHT - BF0093 \u00een culoare alb\u0103 \u0219i pudr\u0103. Salopeta bine potrivit\u0103 pe corp cu pantaloni scur\u021bi, este realizat\u0103 din dantele fran\u021buze\u0219ti. Fusta deta\u0219abil\u0103 cu tren\u0103 vine aranjat\u0103 pe un br\u00e2u.\",\"breadcrumb\":{\"@id\":\"https:\\\/\\\/bridalfashion.com\\\/ro\\\/bali-ro\\\/rochie-de-mireasa-pentru-o-mireasa-curajoasa-luminoasa-bf0093\\\/#breadcrumb\"},\"inLanguage\":\"ro-RO\",\"potentialAction\":[{\"@type\":\"ReadAction\",\"target\":[\"https:\\\/\\\/bridalfashion.com\\\/ro\\\/bali-ro\\\/rochie-de-mireasa-pentru-o-mireasa-curajoasa-luminoasa-bf0093\\\/\"]}]},{\"@type\":\"ImageObject\",\"inLanguage\":\"ro-RO\",\"@id\":\"https:\\\/\\\/bridalfashion.com\\\/ro\\\/bali-ro\\\/rochie-de-mireasa-pentru-o-mireasa-curajoasa-luminoasa-bf0093\\\/#primaryimage\",\"url\":\"https:\\\/\\\/bridalfashion.com\\\/wp-content\\\/uploads\\\/2021\\\/10\\\/BF0093_AR.jpg\",\"contentUrl\":\"https:\\\/\\\/bridalfashion.com\\\/wp-content\\\/uploads\\\/2021\\\/10\\\/BF0093_AR.jpg\",\"width\":1517,\"height\":2000,\"caption\":\"o rochie de mireas\u0103 creativ\u0103 pentru o mireas\u0103 curajoas\u0103 care const\u0103 dintr-o hain\u0103 dintr-o singur\u0103 pies\u0103 dantel\u0103 \u0219i o fust\u0103 translucid\u0103 deta\u0219abil\u0103 de la BRIDAL FASHION - vedere lateral\u0103\"},{\"@type\":\"BreadcrumbList\",\"@id\":\"https:\\\/\\\/bridalfashion.com\\\/ro\\\/bali-ro\\\/rochie-de-mireasa-pentru-o-mireasa-curajoasa-luminoasa-bf0093\\\/#breadcrumb\",\"itemListElement\":[{\"@type\":\"ListItem\",\"position\":1,\"name\":\"Home\",\"item\":\"https:\\\/\\\/bridalfashion.com\\\/ro\\\/\"},{\"@type\":\"ListItem\",\"position\":2,\"name\":\"Shop\",\"item\":\"https:\\\/\\\/bridalfashion.com\\\/shop-2\\\/\"},{\"@type\":\"ListItem\",\"position\":3,\"name\":\"Un model de rochie de nunt\u0103 creative BRIGHT &#8211; BF0093\"}]},{\"@type\":\"WebSite\",\"@id\":\"https:\\\/\\\/bridalfashion.com\\\/ro\\\/#website\",\"url\":\"https:\\\/\\\/bridalfashion.com\\\/ro\\\/\",\"name\":\"BRIDAL FASHION \u2122 | Luxurious Wedding Dresses &amp; Fashionable Gowns for Women, Girls and Kids\",\"description\":\"Welcome the leading manufacturer and supplier of wedding dresses. We offer in wholesale a large selection of high quality wedding dress collections and accessories for your business at competitive prices. Shop our full range of bridal products today!\",\"publisher\":{\"@id\":\"https:\\\/\\\/bridalfashion.com\\\/ro\\\/#organization\"},\"potentialAction\":[{\"@type\":\"SearchAction\",\"target\":{\"@type\":\"EntryPoint\",\"urlTemplate\":\"https:\\\/\\\/bridalfashion.com\\\/ro\\\/?s={search_term_string}\"},\"query-input\":{\"@type\":\"PropertyValueSpecification\",\"valueRequired\":true,\"valueName\":\"search_term_string\"}}],\"inLanguage\":\"ro-RO\"},{\"@type\":\"Organization\",\"@id\":\"https:\\\/\\\/bridalfashion.com\\\/ro\\\/#organization\",\"name\":\"BRIDAL FASHION \u2122 | Luxurious Wedding Dresses &amp; Fashionable Gowns for Women, Girls and Kids\",\"url\":\"https:\\\/\\\/bridalfashion.com\\\/ro\\\/\",\"logo\":{\"@type\":\"ImageObject\",\"inLanguage\":\"ro-RO\",\"@id\":\"https:\\\/\\\/bridalfashion.com\\\/ro\\\/#\\\/schema\\\/logo\\\/image\\\/\",\"url\":\"https:\\\/\\\/bridalfashion.com\\\/wp-content\\\/uploads\\\/2022\\\/05\\\/cropped-BFG.png\",\"contentUrl\":\"https:\\\/\\\/bridalfashion.com\\\/wp-content\\\/uploads\\\/2022\\\/05\\\/cropped-BFG.png\",\"width\":1771,\"height\":119,\"caption\":\"BRIDAL FASHION \u2122 | Luxurious Wedding Dresses &amp; Fashionable Gowns for Women, Girls and Kids\"},\"image\":{\"@id\":\"https:\\\/\\\/bridalfashion.com\\\/ro\\\/#\\\/schema\\\/logo\\\/image\\\/\"}}]}<\/script>\n<!-- \/ Yoast SEO plugin. -->","yoast_head_json":{"title":"Un model de rochie de nunt\u0103 creative BRIGHT - BF0093 - BRIDAL FASHION \u2122 | Luxurious Wedding Dresses &amp; Fashionable Gowns for Women, Girls and Kids","description":"Rochie de nunt\u0103 creativ\u0103 pentru o mireas\u0103 \u00eendr\u0103znea\u021b\u0103 \u2013 modelul BRIGHT - BF0093 \u00een culoare alb\u0103 \u0219i pudr\u0103. Salopeta bine potrivit\u0103 pe corp cu pantaloni scur\u021bi, este realizat\u0103 din dantele fran\u021buze\u0219ti. Fusta deta\u0219abil\u0103 cu tren\u0103 vine aranjat\u0103 pe un br\u00e2u.","robots":{"index":"index","follow":"follow","max-snippet":"max-snippet:-1","max-image-preview":"max-image-preview:large","max-video-preview":"max-video-preview:-1"},"canonical":"https:\/\/bridalfashion.com\/ro\/bali-ro\/rochie-de-mireasa-pentru-o-mireasa-curajoasa-luminoasa-bf0093\/","og_locale":"ro_RO","og_type":"article","og_title":"Un model de rochie de nunt\u0103 creative BRIGHT - BF0093 - BRIDAL FASHION \u2122 | Luxurious Wedding Dresses &amp; Fashionable Gowns for Women, Girls and Kids","og_description":"Rochie de nunt\u0103 creativ\u0103 pentru o mireas\u0103 \u00eendr\u0103znea\u021b\u0103 \u2013 modelul BRIGHT - BF0093 \u00een culoare alb\u0103 \u0219i pudr\u0103. Salopeta bine potrivit\u0103 pe corp cu pantaloni scur\u021bi, este realizat\u0103 din dantele fran\u021buze\u0219ti. Fusta deta\u0219abil\u0103 cu tren\u0103 vine aranjat\u0103 pe un br\u00e2u.","og_url":"https:\/\/bridalfashion.com\/ro\/bali-ro\/rochie-de-mireasa-pentru-o-mireasa-curajoasa-luminoasa-bf0093\/","og_site_name":"BRIDAL FASHION \u2122 | Luxurious Wedding Dresses &amp; Fashionable Gowns for Women, Girls and Kids","og_image":[{"width":1517,"height":2000,"url":"https:\/\/bridalfashion.com\/wp-content\/uploads\/2021\/10\/BF0093_AR.jpg","type":"image\/jpeg"}],"twitter_card":"summary_large_image","schema":{"@context":"https:\/\/schema.org","@graph":[{"@type":"WebPage","@id":"https:\/\/bridalfashion.com\/ro\/bali-ro\/rochie-de-mireasa-pentru-o-mireasa-curajoasa-luminoasa-bf0093\/","url":"https:\/\/bridalfashion.com\/ro\/bali-ro\/rochie-de-mireasa-pentru-o-mireasa-curajoasa-luminoasa-bf0093\/","name":"Un model de rochie de nunt\u0103 creative BRIGHT - BF0093 - BRIDAL FASHION \u2122 | Luxurious Wedding Dresses &amp; Fashionable Gowns for Women, Girls and Kids","isPartOf":{"@id":"https:\/\/bridalfashion.com\/ro\/#website"},"primaryImageOfPage":{"@id":"https:\/\/bridalfashion.com\/ro\/bali-ro\/rochie-de-mireasa-pentru-o-mireasa-curajoasa-luminoasa-bf0093\/#primaryimage"},"image":{"@id":"https:\/\/bridalfashion.com\/ro\/bali-ro\/rochie-de-mireasa-pentru-o-mireasa-curajoasa-luminoasa-bf0093\/#primaryimage"},"thumbnailUrl":"https:\/\/bridalfashion.com\/wp-content\/uploads\/2021\/10\/BF0093_AR.jpg","datePublished":"2022-11-01T17:32:49+00:00","description":"Rochie de nunt\u0103 creativ\u0103 pentru o mireas\u0103 \u00eendr\u0103znea\u021b\u0103 \u2013 modelul BRIGHT - BF0093 \u00een culoare alb\u0103 \u0219i pudr\u0103. Salopeta bine potrivit\u0103 pe corp cu pantaloni scur\u021bi, este realizat\u0103 din dantele fran\u021buze\u0219ti. Fusta deta\u0219abil\u0103 cu tren\u0103 vine aranjat\u0103 pe un br\u00e2u.","breadcrumb":{"@id":"https:\/\/bridalfashion.com\/ro\/bali-ro\/rochie-de-mireasa-pentru-o-mireasa-curajoasa-luminoasa-bf0093\/#breadcrumb"},"inLanguage":"ro-RO","potentialAction":[{"@type":"ReadAction","target":["https:\/\/bridalfashion.com\/ro\/bali-ro\/rochie-de-mireasa-pentru-o-mireasa-curajoasa-luminoasa-bf0093\/"]}]},{"@type":"ImageObject","inLanguage":"ro-RO","@id":"https:\/\/bridalfashion.com\/ro\/bali-ro\/rochie-de-mireasa-pentru-o-mireasa-curajoasa-luminoasa-bf0093\/#primaryimage","url":"https:\/\/bridalfashion.com\/wp-content\/uploads\/2021\/10\/BF0093_AR.jpg","contentUrl":"https:\/\/bridalfashion.com\/wp-content\/uploads\/2021\/10\/BF0093_AR.jpg","width":1517,"height":2000,"caption":"o rochie de mireas\u0103 creativ\u0103 pentru o mireas\u0103 curajoas\u0103 care const\u0103 dintr-o hain\u0103 dintr-o singur\u0103 pies\u0103 dantel\u0103 \u0219i o fust\u0103 translucid\u0103 deta\u0219abil\u0103 de la BRIDAL FASHION - vedere lateral\u0103"},{"@type":"BreadcrumbList","@id":"https:\/\/bridalfashion.com\/ro\/bali-ro\/rochie-de-mireasa-pentru-o-mireasa-curajoasa-luminoasa-bf0093\/#breadcrumb","itemListElement":[{"@type":"ListItem","position":1,"name":"Home","item":"https:\/\/bridalfashion.com\/ro\/"},{"@type":"ListItem","position":2,"name":"Shop","item":"https:\/\/bridalfashion.com\/shop-2\/"},{"@type":"ListItem","position":3,"name":"Un model de rochie de nunt\u0103 creative BRIGHT &#8211; BF0093"}]},{"@type":"WebSite","@id":"https:\/\/bridalfashion.com\/ro\/#website","url":"https:\/\/bridalfashion.com\/ro\/","name":"BRIDAL FASHION \u2122 | Luxurious Wedding Dresses &amp; Fashionable Gowns for Women, Girls and Kids","description":"Welcome the leading manufacturer and supplier of wedding dresses. We offer in wholesale a large selection of high quality wedding dress collections and accessories for your business at competitive prices. Shop our full range of bridal products today!","publisher":{"@id":"https:\/\/bridalfashion.com\/ro\/#organization"},"potentialAction":[{"@type":"SearchAction","target":{"@type":"EntryPoint","urlTemplate":"https:\/\/bridalfashion.com\/ro\/?s={search_term_string}"},"query-input":{"@type":"PropertyValueSpecification","valueRequired":true,"valueName":"search_term_string"}}],"inLanguage":"ro-RO"},{"@type":"Organization","@id":"https:\/\/bridalfashion.com\/ro\/#organization","name":"BRIDAL FASHION \u2122 | Luxurious Wedding Dresses &amp; Fashionable Gowns for Women, Girls and Kids","url":"https:\/\/bridalfashion.com\/ro\/","logo":{"@type":"ImageObject","inLanguage":"ro-RO","@id":"https:\/\/bridalfashion.com\/ro\/#\/schema\/logo\/image\/","url":"https:\/\/bridalfashion.com\/wp-content\/uploads\/2022\/05\/cropped-BFG.png","contentUrl":"https:\/\/bridalfashion.com\/wp-content\/uploads\/2022\/05\/cropped-BFG.png","width":1771,"height":119,"caption":"BRIDAL FASHION \u2122 | Luxurious Wedding Dresses &amp; Fashionable Gowns for Women, Girls and Kids"},"image":{"@id":"https:\/\/bridalfashion.com\/ro\/#\/schema\/logo\/image\/"}}]}},"_links":{"self":[{"href":"https:\/\/bridalfashion.com\/ro\/wp-json\/wp\/v2\/product\/12194","targetHints":{"allow":["GET"]}}],"collection":[{"href":"https:\/\/bridalfashion.com\/ro\/wp-json\/wp\/v2\/product"}],"about":[{"href":"https:\/\/bridalfashion.com\/ro\/wp-json\/wp\/v2\/types\/product"}],"replies":[{"embeddable":true,"href":"https:\/\/bridalfashion.com\/ro\/wp-json\/wp\/v2\/comments?post=12194"}],"wp:featuredmedia":[{"embeddable":true,"href":"https:\/\/bridalfashion.com\/ro\/wp-json\/wp\/v2\/media\/7947"}],"wp:attachment":[{"href":"https:\/\/bridalfashion.com\/ro\/wp-json\/wp\/v2\/media?parent=12194"}],"wp:term":[{"taxonomy":"product_brand","embeddable":true,"href":"https:\/\/bridalfashion.com\/ro\/wp-json\/wp\/v2\/product_brand?post=12194"},{"taxonomy":"product_cat","embeddable":true,"href":"https:\/\/bridalfashion.com\/ro\/wp-json\/wp\/v2\/product_cat?post=12194"},{"taxonomy":"product_tag","embeddable":true,"href":"https:\/\/bridalfashion.com\/ro\/wp-json\/wp\/v2\/product_tag?post=12194"}],"curies":[{"name":"wp","href":"https:\/\/api.w.org\/{rel}","templated":true}]}}