{"id":12191,"date":"2021-10-07T11:53:30","date_gmt":"2022-11-01T17:26:18","guid":{"rendered":"https:\/\/bridalfashion.com\/fara-categorie\/rochie-de-nunta-exclusiva-bridgette-bf0092\/"},"modified":"2022-11-01T19:26:18","modified_gmt":"2022-11-01T17:26:18","slug":"rochie-de-mireasa-din-tesatura-aerisit-bridgette-bf0092","status":"publish","type":"product","link":"https:\/\/bridalfashion.com\/ro\/bali-ro\/rochie-de-mireasa-din-tesatura-aerisit-bridgette-bf0092\/","title":{"rendered":"Rochie de nunt\u0103 exclusiv\u0103 BRIDGETTE &#8211; BF0092"},"content":{"rendered":"<h2>Descrierea modelului BRIDGETTE \u2013 rochie de nunt\u0103 exclusiv\u0103 din \u021bes\u0103turi lejere<\/h2>\n<p>Modelul BRIDGETTE &#8211; BF0092 de la BRIDAL FASHION \u2013 n model unicat \u00een design neobi\u0219nuit. Baza constituie o rochie scurt\u0103, ce repet\u0103 forma corpului, deasupra c\u0103reia vine o fust\u0103 lejer\u0103 transparent\u0103. Bustul cu decupaj \u00een form\u0103 de b\u0103rcu\u021b\u0103 \u0219i festoane \u00een zona taliei sunt decorate cu dantele, paiete \u0219i cu pene. BRIDGETTE \u2013 o rochie de nunt\u0103 exclusiv\u0103 din \u021bes\u0103turi lejere, ce va face mireasa s\u0103 fie seduc\u0103toare \u0219i romantic\u0103.<\/p>\n","protected":false},"excerpt":{"rendered":"<p>Descrierea modelului BRIDGETTE \u2013 rochie de nunt\u0103 exclusiv\u0103 din \u021bes\u0103turi lejere Modelul BRIDGETTE &#8211; BF0092 de la BRIDAL FASHION \u2013 n model unicat \u00een design neobi\u0219nuit. Baza constituie o rochie scurt\u0103, ce repet\u0103 forma corpului, deasupra c\u0103reia vine o fust\u0103 lejer\u0103 transparent\u0103. Bustul cu decupaj \u00een form\u0103 de b\u0103rcu\u021b\u0103 \u0219i festoane \u00een zona taliei sunt&hellip;<\/p>\n","protected":false},"featured_media":7935,"comment_status":"open","ping_status":"closed","template":"","meta":[],"product_brand":[],"product_cat":[980],"product_tag":[],"class_list":{"0":"post-12191","1":"product","2":"type-product","3":"status-publish","4":"has-post-thumbnail","6":"product_cat-bali-ro","8":"first","9":"instock","10":"taxable","11":"shipping-taxable","12":"product-type-simple"},"yoast_head":"<!-- This site is optimized with the Yoast SEO plugin v27.5 - https:\/\/yoast.com\/product\/yoast-seo-wordpress\/ -->\n<title>Rochie de nunt\u0103 exclusiv\u0103 BRIDGETTE - BF0092 - BRIDAL FASHION \u2122 | Luxurious Wedding Dresses &amp; Fashionable Gowns for Women, Girls and Kids<\/title>\n<meta name=\"description\" content=\"Rochia de nunt\u0103 exclusiv\u0103 din \u021bes\u0103turi lejere \u2013 modelul BF0092 BRIDGETTE \u00een culoare alb\u0103. Partea de sus transparent\u0103 este \u00eempodobit\u0103 cu dantele \u0219i pene, fusta lung\u0103 deasupra rochiei de baz\u0103 scurte, este lucrat\u0103 din tull.\" \/>\n<meta name=\"robots\" content=\"index, follow, max-snippet:-1, max-image-preview:large, max-video-preview:-1\" \/>\n<link rel=\"canonical\" href=\"https:\/\/bridalfashion.com\/ro\/bali-ro\/rochie-de-mireasa-din-tesatura-aerisit-bridgette-bf0092\/\" \/>\n<meta property=\"og:locale\" content=\"ro_RO\" \/>\n<meta property=\"og:type\" content=\"article\" \/>\n<meta property=\"og:title\" content=\"Rochie de nunt\u0103 exclusiv\u0103 BRIDGETTE - BF0092 - BRIDAL FASHION \u2122 | Luxurious Wedding Dresses &amp; Fashionable Gowns for Women, Girls and Kids\" \/>\n<meta property=\"og:description\" content=\"Rochia de nunt\u0103 exclusiv\u0103 din \u021bes\u0103turi lejere \u2013 modelul BF0092 BRIDGETTE \u00een culoare alb\u0103. Partea de sus transparent\u0103 este \u00eempodobit\u0103 cu dantele \u0219i pene, fusta lung\u0103 deasupra rochiei de baz\u0103 scurte, este lucrat\u0103 din tull.\" \/>\n<meta property=\"og:url\" content=\"https:\/\/bridalfashion.com\/ro\/bali-ro\/rochie-de-mireasa-din-tesatura-aerisit-bridgette-bf0092\/\" \/>\n<meta property=\"og:site_name\" content=\"BRIDAL FASHION \u2122 | Luxurious Wedding Dresses &amp; Fashionable Gowns for Women, Girls and Kids\" \/>\n<meta property=\"og:image\" content=\"https:\/\/bridalfashion.com\/wp-content\/uploads\/2021\/10\/BF0092_C.jpg\" \/>\n\t<meta property=\"og:image:width\" content=\"1517\" \/>\n\t<meta property=\"og:image:height\" content=\"2000\" \/>\n\t<meta property=\"og:image:type\" content=\"image\/jpeg\" \/>\n<meta name=\"twitter:card\" content=\"summary_large_image\" \/>\n<script type=\"application\/ld+json\" class=\"yoast-schema-graph\">{\"@context\":\"https:\\\/\\\/schema.org\",\"@graph\":[{\"@type\":\"WebPage\",\"@id\":\"https:\\\/\\\/bridalfashion.com\\\/ro\\\/bali-ro\\\/rochie-de-mireasa-din-tesatura-aerisit-bridgette-bf0092\\\/\",\"url\":\"https:\\\/\\\/bridalfashion.com\\\/ro\\\/bali-ro\\\/rochie-de-mireasa-din-tesatura-aerisit-bridgette-bf0092\\\/\",\"name\":\"Rochie de nunt\u0103 exclusiv\u0103 BRIDGETTE - BF0092 - BRIDAL FASHION \u2122 | Luxurious Wedding Dresses &amp; Fashionable Gowns for Women, Girls and Kids\",\"isPartOf\":{\"@id\":\"https:\\\/\\\/bridalfashion.com\\\/ro\\\/#website\"},\"primaryImageOfPage\":{\"@id\":\"https:\\\/\\\/bridalfashion.com\\\/ro\\\/bali-ro\\\/rochie-de-mireasa-din-tesatura-aerisit-bridgette-bf0092\\\/#primaryimage\"},\"image\":{\"@id\":\"https:\\\/\\\/bridalfashion.com\\\/ro\\\/bali-ro\\\/rochie-de-mireasa-din-tesatura-aerisit-bridgette-bf0092\\\/#primaryimage\"},\"thumbnailUrl\":\"https:\\\/\\\/bridalfashion.com\\\/wp-content\\\/uploads\\\/2021\\\/10\\\/BF0092_C.jpg\",\"datePublished\":\"2022-11-01T17:26:18+00:00\",\"description\":\"Rochia de nunt\u0103 exclusiv\u0103 din \u021bes\u0103turi lejere \u2013 modelul BF0092 BRIDGETTE \u00een culoare alb\u0103. Partea de sus transparent\u0103 este \u00eempodobit\u0103 cu dantele \u0219i pene, fusta lung\u0103 deasupra rochiei de baz\u0103 scurte, este lucrat\u0103 din tull.\",\"breadcrumb\":{\"@id\":\"https:\\\/\\\/bridalfashion.com\\\/ro\\\/bali-ro\\\/rochie-de-mireasa-din-tesatura-aerisit-bridgette-bf0092\\\/#breadcrumb\"},\"inLanguage\":\"ro-RO\",\"potentialAction\":[{\"@type\":\"ReadAction\",\"target\":[\"https:\\\/\\\/bridalfashion.com\\\/ro\\\/bali-ro\\\/rochie-de-mireasa-din-tesatura-aerisit-bridgette-bf0092\\\/\"]}]},{\"@type\":\"ImageObject\",\"inLanguage\":\"ro-RO\",\"@id\":\"https:\\\/\\\/bridalfashion.com\\\/ro\\\/bali-ro\\\/rochie-de-mireasa-din-tesatura-aerisit-bridgette-bf0092\\\/#primaryimage\",\"url\":\"https:\\\/\\\/bridalfashion.com\\\/wp-content\\\/uploads\\\/2021\\\/10\\\/BF0092_C.jpg\",\"contentUrl\":\"https:\\\/\\\/bridalfashion.com\\\/wp-content\\\/uploads\\\/2021\\\/10\\\/BF0092_C.jpg\",\"width\":1517,\"height\":2000,\"caption\":\"o rochie de mireas\u0103 alb\u0103 exclusivist\u0103 din \u021bes\u0103tur\u0103 aerisit\u0103, \u00eempodobit\u0103 cu guipur\u0103 \u0219i completat\u0103 de o fust\u0103 translucid\u0103 de la BRIDAL FASHION - vedere lateral\u0103\"},{\"@type\":\"BreadcrumbList\",\"@id\":\"https:\\\/\\\/bridalfashion.com\\\/ro\\\/bali-ro\\\/rochie-de-mireasa-din-tesatura-aerisit-bridgette-bf0092\\\/#breadcrumb\",\"itemListElement\":[{\"@type\":\"ListItem\",\"position\":1,\"name\":\"Home\",\"item\":\"https:\\\/\\\/bridalfashion.com\\\/ro\\\/\"},{\"@type\":\"ListItem\",\"position\":2,\"name\":\"Shop\",\"item\":\"https:\\\/\\\/bridalfashion.com\\\/shop-2\\\/\"},{\"@type\":\"ListItem\",\"position\":3,\"name\":\"Rochie de nunt\u0103 exclusiv\u0103 BRIDGETTE &#8211; BF0092\"}]},{\"@type\":\"WebSite\",\"@id\":\"https:\\\/\\\/bridalfashion.com\\\/ro\\\/#website\",\"url\":\"https:\\\/\\\/bridalfashion.com\\\/ro\\\/\",\"name\":\"BRIDAL FASHION \u2122 | Luxurious Wedding Dresses &amp; Fashionable Gowns for Women, Girls and Kids\",\"description\":\"Welcome the leading manufacturer and supplier of wedding dresses. We offer in wholesale a large selection of high quality wedding dress collections and accessories for your business at competitive prices. Shop our full range of bridal products today!\",\"publisher\":{\"@id\":\"https:\\\/\\\/bridalfashion.com\\\/ro\\\/#organization\"},\"potentialAction\":[{\"@type\":\"SearchAction\",\"target\":{\"@type\":\"EntryPoint\",\"urlTemplate\":\"https:\\\/\\\/bridalfashion.com\\\/ro\\\/?s={search_term_string}\"},\"query-input\":{\"@type\":\"PropertyValueSpecification\",\"valueRequired\":true,\"valueName\":\"search_term_string\"}}],\"inLanguage\":\"ro-RO\"},{\"@type\":\"Organization\",\"@id\":\"https:\\\/\\\/bridalfashion.com\\\/ro\\\/#organization\",\"name\":\"BRIDAL FASHION \u2122 | Luxurious Wedding Dresses &amp; Fashionable Gowns for Women, Girls and Kids\",\"url\":\"https:\\\/\\\/bridalfashion.com\\\/ro\\\/\",\"logo\":{\"@type\":\"ImageObject\",\"inLanguage\":\"ro-RO\",\"@id\":\"https:\\\/\\\/bridalfashion.com\\\/ro\\\/#\\\/schema\\\/logo\\\/image\\\/\",\"url\":\"https:\\\/\\\/bridalfashion.com\\\/wp-content\\\/uploads\\\/2022\\\/05\\\/cropped-BFG.png\",\"contentUrl\":\"https:\\\/\\\/bridalfashion.com\\\/wp-content\\\/uploads\\\/2022\\\/05\\\/cropped-BFG.png\",\"width\":1771,\"height\":119,\"caption\":\"BRIDAL FASHION \u2122 | Luxurious Wedding Dresses &amp; Fashionable Gowns for Women, Girls and Kids\"},\"image\":{\"@id\":\"https:\\\/\\\/bridalfashion.com\\\/ro\\\/#\\\/schema\\\/logo\\\/image\\\/\"}}]}<\/script>\n<!-- \/ Yoast SEO plugin. -->","yoast_head_json":{"title":"Rochie de nunt\u0103 exclusiv\u0103 BRIDGETTE - BF0092 - BRIDAL FASHION \u2122 | Luxurious Wedding Dresses &amp; Fashionable Gowns for Women, Girls and Kids","description":"Rochia de nunt\u0103 exclusiv\u0103 din \u021bes\u0103turi lejere \u2013 modelul BF0092 BRIDGETTE \u00een culoare alb\u0103. Partea de sus transparent\u0103 este \u00eempodobit\u0103 cu dantele \u0219i pene, fusta lung\u0103 deasupra rochiei de baz\u0103 scurte, este lucrat\u0103 din tull.","robots":{"index":"index","follow":"follow","max-snippet":"max-snippet:-1","max-image-preview":"max-image-preview:large","max-video-preview":"max-video-preview:-1"},"canonical":"https:\/\/bridalfashion.com\/ro\/bali-ro\/rochie-de-mireasa-din-tesatura-aerisit-bridgette-bf0092\/","og_locale":"ro_RO","og_type":"article","og_title":"Rochie de nunt\u0103 exclusiv\u0103 BRIDGETTE - BF0092 - BRIDAL FASHION \u2122 | Luxurious Wedding Dresses &amp; Fashionable Gowns for Women, Girls and Kids","og_description":"Rochia de nunt\u0103 exclusiv\u0103 din \u021bes\u0103turi lejere \u2013 modelul BF0092 BRIDGETTE \u00een culoare alb\u0103. Partea de sus transparent\u0103 este \u00eempodobit\u0103 cu dantele \u0219i pene, fusta lung\u0103 deasupra rochiei de baz\u0103 scurte, este lucrat\u0103 din tull.","og_url":"https:\/\/bridalfashion.com\/ro\/bali-ro\/rochie-de-mireasa-din-tesatura-aerisit-bridgette-bf0092\/","og_site_name":"BRIDAL FASHION \u2122 | Luxurious Wedding Dresses &amp; Fashionable Gowns for Women, Girls and Kids","og_image":[{"width":1517,"height":2000,"url":"https:\/\/bridalfashion.com\/wp-content\/uploads\/2021\/10\/BF0092_C.jpg","type":"image\/jpeg"}],"twitter_card":"summary_large_image","schema":{"@context":"https:\/\/schema.org","@graph":[{"@type":"WebPage","@id":"https:\/\/bridalfashion.com\/ro\/bali-ro\/rochie-de-mireasa-din-tesatura-aerisit-bridgette-bf0092\/","url":"https:\/\/bridalfashion.com\/ro\/bali-ro\/rochie-de-mireasa-din-tesatura-aerisit-bridgette-bf0092\/","name":"Rochie de nunt\u0103 exclusiv\u0103 BRIDGETTE - BF0092 - BRIDAL FASHION \u2122 | Luxurious Wedding Dresses &amp; Fashionable Gowns for Women, Girls and Kids","isPartOf":{"@id":"https:\/\/bridalfashion.com\/ro\/#website"},"primaryImageOfPage":{"@id":"https:\/\/bridalfashion.com\/ro\/bali-ro\/rochie-de-mireasa-din-tesatura-aerisit-bridgette-bf0092\/#primaryimage"},"image":{"@id":"https:\/\/bridalfashion.com\/ro\/bali-ro\/rochie-de-mireasa-din-tesatura-aerisit-bridgette-bf0092\/#primaryimage"},"thumbnailUrl":"https:\/\/bridalfashion.com\/wp-content\/uploads\/2021\/10\/BF0092_C.jpg","datePublished":"2022-11-01T17:26:18+00:00","description":"Rochia de nunt\u0103 exclusiv\u0103 din \u021bes\u0103turi lejere \u2013 modelul BF0092 BRIDGETTE \u00een culoare alb\u0103. Partea de sus transparent\u0103 este \u00eempodobit\u0103 cu dantele \u0219i pene, fusta lung\u0103 deasupra rochiei de baz\u0103 scurte, este lucrat\u0103 din tull.","breadcrumb":{"@id":"https:\/\/bridalfashion.com\/ro\/bali-ro\/rochie-de-mireasa-din-tesatura-aerisit-bridgette-bf0092\/#breadcrumb"},"inLanguage":"ro-RO","potentialAction":[{"@type":"ReadAction","target":["https:\/\/bridalfashion.com\/ro\/bali-ro\/rochie-de-mireasa-din-tesatura-aerisit-bridgette-bf0092\/"]}]},{"@type":"ImageObject","inLanguage":"ro-RO","@id":"https:\/\/bridalfashion.com\/ro\/bali-ro\/rochie-de-mireasa-din-tesatura-aerisit-bridgette-bf0092\/#primaryimage","url":"https:\/\/bridalfashion.com\/wp-content\/uploads\/2021\/10\/BF0092_C.jpg","contentUrl":"https:\/\/bridalfashion.com\/wp-content\/uploads\/2021\/10\/BF0092_C.jpg","width":1517,"height":2000,"caption":"o rochie de mireas\u0103 alb\u0103 exclusivist\u0103 din \u021bes\u0103tur\u0103 aerisit\u0103, \u00eempodobit\u0103 cu guipur\u0103 \u0219i completat\u0103 de o fust\u0103 translucid\u0103 de la BRIDAL FASHION - vedere lateral\u0103"},{"@type":"BreadcrumbList","@id":"https:\/\/bridalfashion.com\/ro\/bali-ro\/rochie-de-mireasa-din-tesatura-aerisit-bridgette-bf0092\/#breadcrumb","itemListElement":[{"@type":"ListItem","position":1,"name":"Home","item":"https:\/\/bridalfashion.com\/ro\/"},{"@type":"ListItem","position":2,"name":"Shop","item":"https:\/\/bridalfashion.com\/shop-2\/"},{"@type":"ListItem","position":3,"name":"Rochie de nunt\u0103 exclusiv\u0103 BRIDGETTE &#8211; BF0092"}]},{"@type":"WebSite","@id":"https:\/\/bridalfashion.com\/ro\/#website","url":"https:\/\/bridalfashion.com\/ro\/","name":"BRIDAL FASHION \u2122 | Luxurious Wedding Dresses &amp; Fashionable Gowns for Women, Girls and Kids","description":"Welcome the leading manufacturer and supplier of wedding dresses. We offer in wholesale a large selection of high quality wedding dress collections and accessories for your business at competitive prices. Shop our full range of bridal products today!","publisher":{"@id":"https:\/\/bridalfashion.com\/ro\/#organization"},"potentialAction":[{"@type":"SearchAction","target":{"@type":"EntryPoint","urlTemplate":"https:\/\/bridalfashion.com\/ro\/?s={search_term_string}"},"query-input":{"@type":"PropertyValueSpecification","valueRequired":true,"valueName":"search_term_string"}}],"inLanguage":"ro-RO"},{"@type":"Organization","@id":"https:\/\/bridalfashion.com\/ro\/#organization","name":"BRIDAL FASHION \u2122 | Luxurious Wedding Dresses &amp; Fashionable Gowns for Women, Girls and Kids","url":"https:\/\/bridalfashion.com\/ro\/","logo":{"@type":"ImageObject","inLanguage":"ro-RO","@id":"https:\/\/bridalfashion.com\/ro\/#\/schema\/logo\/image\/","url":"https:\/\/bridalfashion.com\/wp-content\/uploads\/2022\/05\/cropped-BFG.png","contentUrl":"https:\/\/bridalfashion.com\/wp-content\/uploads\/2022\/05\/cropped-BFG.png","width":1771,"height":119,"caption":"BRIDAL FASHION \u2122 | Luxurious Wedding Dresses &amp; Fashionable Gowns for Women, Girls and Kids"},"image":{"@id":"https:\/\/bridalfashion.com\/ro\/#\/schema\/logo\/image\/"}}]}},"_links":{"self":[{"href":"https:\/\/bridalfashion.com\/ro\/wp-json\/wp\/v2\/product\/12191","targetHints":{"allow":["GET"]}}],"collection":[{"href":"https:\/\/bridalfashion.com\/ro\/wp-json\/wp\/v2\/product"}],"about":[{"href":"https:\/\/bridalfashion.com\/ro\/wp-json\/wp\/v2\/types\/product"}],"replies":[{"embeddable":true,"href":"https:\/\/bridalfashion.com\/ro\/wp-json\/wp\/v2\/comments?post=12191"}],"wp:featuredmedia":[{"embeddable":true,"href":"https:\/\/bridalfashion.com\/ro\/wp-json\/wp\/v2\/media\/7935"}],"wp:attachment":[{"href":"https:\/\/bridalfashion.com\/ro\/wp-json\/wp\/v2\/media?parent=12191"}],"wp:term":[{"taxonomy":"product_brand","embeddable":true,"href":"https:\/\/bridalfashion.com\/ro\/wp-json\/wp\/v2\/product_brand?post=12191"},{"taxonomy":"product_cat","embeddable":true,"href":"https:\/\/bridalfashion.com\/ro\/wp-json\/wp\/v2\/product_cat?post=12191"},{"taxonomy":"product_tag","embeddable":true,"href":"https:\/\/bridalfashion.com\/ro\/wp-json\/wp\/v2\/product_tag?post=12191"}],"curies":[{"name":"wp","href":"https:\/\/api.w.org\/{rel}","templated":true}]}}