{"id":12188,"date":"2021-10-07T11:51:06","date_gmt":"2022-11-01T17:19:43","guid":{"rendered":"https:\/\/bridalfashion.com\/fara-categorie\/o-rochie-de-nunta-fascinanta-cu-decor-benicia-bf0091\/"},"modified":"2022-11-01T19:19:43","modified_gmt":"2022-11-01T17:19:43","slug":"superba-rochie-de-mireasa-benicia-bf0091","status":"publish","type":"product","link":"https:\/\/bridalfashion.com\/ro\/bali-ro\/superba-rochie-de-mireasa-benicia-bf0091\/","title":{"rendered":"O rochie de nunt\u0103 fascinant\u0103 cu decor BENICIA &#8211; BF0091"},"content":{"rendered":"<h2>Descrierea modelului BENICIA \u2013 o rochie de nunt\u0103 fascinant\u0103 cu decor exclusiv din aplica\u021bii indiene<\/h2>\n<p>Modelul BENICIA &#8211; BF0091 de la BRIDAL FASHION \u2013 o rochie de mireas\u0103 pur alb\u0103 fermec\u0103toare. Corsetul cu umerele dezgolite \u0219i cu bretele c\u0103zute, este \u00eempodobit manual cu aplica\u021bii indiene costisitoare, cusute cu m\u0103rgelu\u021be. Talia \u00een fa\u021b\u0103 este pu\u021bin ridicat\u0103. Fusta este lucrat\u0103 din tul. BENICIA \u2013 un model fermec\u0103tor cu decor exclusiv, ce se potrive\u0219te \u00een mod perfect pentru o nunt\u0103 romantic\u0103.<\/p>\n","protected":false},"excerpt":{"rendered":"<p>Descrierea modelului BENICIA \u2013 o rochie de nunt\u0103 fascinant\u0103 cu decor exclusiv din aplica\u021bii indiene Modelul BENICIA &#8211; BF0091 de la BRIDAL FASHION \u2013 o rochie de mireas\u0103 pur alb\u0103 fermec\u0103toare. Corsetul cu umerele dezgolite \u0219i cu bretele c\u0103zute, este \u00eempodobit manual cu aplica\u021bii indiene costisitoare, cusute cu m\u0103rgelu\u021be. Talia \u00een fa\u021b\u0103 este pu\u021bin ridicat\u0103.&hellip;<\/p>\n","protected":false},"featured_media":7926,"comment_status":"open","ping_status":"closed","template":"","meta":[],"product_brand":[],"product_cat":[980],"product_tag":[],"class_list":{"0":"post-12188","1":"product","2":"type-product","3":"status-publish","4":"has-post-thumbnail","6":"product_cat-bali-ro","8":"first","9":"instock","10":"taxable","11":"shipping-taxable","12":"product-type-simple"},"yoast_head":"<!-- This site is optimized with the Yoast SEO plugin v27.5 - https:\/\/yoast.com\/product\/yoast-seo-wordpress\/ -->\n<title>O rochie de nunt\u0103 fascinant\u0103 cu decor BENICIA - BF0091 - BRIDAL FASHION \u2122 | Luxurious Wedding Dresses &amp; Fashionable Gowns for Women, Girls and Kids<\/title>\n<meta name=\"description\" content=\"Modelul BENICIA - BF0091, o rochie fascinant\u0103 cu decor exclusiv din aplica\u021bii indiene cu m\u0103rgelu\u021be. Partea de sus este dezgolit\u0103, fusta lucrat\u0103 din tul \u00een croial\u0103 liber\u0103.\" \/>\n<meta name=\"robots\" content=\"index, follow, max-snippet:-1, max-image-preview:large, max-video-preview:-1\" \/>\n<link rel=\"canonical\" href=\"https:\/\/bridalfashion.com\/ro\/bali-ro\/superba-rochie-de-mireasa-benicia-bf0091\/\" \/>\n<meta property=\"og:locale\" content=\"ro_RO\" \/>\n<meta property=\"og:type\" content=\"article\" \/>\n<meta property=\"og:title\" content=\"O rochie de nunt\u0103 fascinant\u0103 cu decor BENICIA - BF0091 - BRIDAL FASHION \u2122 | Luxurious Wedding Dresses &amp; Fashionable Gowns for Women, Girls and Kids\" \/>\n<meta property=\"og:description\" content=\"Modelul BENICIA - BF0091, o rochie fascinant\u0103 cu decor exclusiv din aplica\u021bii indiene cu m\u0103rgelu\u021be. Partea de sus este dezgolit\u0103, fusta lucrat\u0103 din tul \u00een croial\u0103 liber\u0103.\" \/>\n<meta property=\"og:url\" content=\"https:\/\/bridalfashion.com\/ro\/bali-ro\/superba-rochie-de-mireasa-benicia-bf0091\/\" \/>\n<meta property=\"og:site_name\" content=\"BRIDAL FASHION \u2122 | Luxurious Wedding Dresses &amp; Fashionable Gowns for Women, Girls and Kids\" \/>\n<meta property=\"og:image\" content=\"https:\/\/bridalfashion.com\/wp-content\/uploads\/2021\/10\/BF0091_C.jpg\" \/>\n\t<meta property=\"og:image:width\" content=\"1517\" \/>\n\t<meta property=\"og:image:height\" content=\"2000\" \/>\n\t<meta property=\"og:image:type\" content=\"image\/jpeg\" \/>\n<meta name=\"twitter:card\" content=\"summary_large_image\" \/>\n<script type=\"application\/ld+json\" class=\"yoast-schema-graph\">{\"@context\":\"https:\\\/\\\/schema.org\",\"@graph\":[{\"@type\":\"WebPage\",\"@id\":\"https:\\\/\\\/bridalfashion.com\\\/ro\\\/bali-ro\\\/superba-rochie-de-mireasa-benicia-bf0091\\\/\",\"url\":\"https:\\\/\\\/bridalfashion.com\\\/ro\\\/bali-ro\\\/superba-rochie-de-mireasa-benicia-bf0091\\\/\",\"name\":\"O rochie de nunt\u0103 fascinant\u0103 cu decor BENICIA - BF0091 - BRIDAL FASHION \u2122 | Luxurious Wedding Dresses &amp; Fashionable Gowns for Women, Girls and Kids\",\"isPartOf\":{\"@id\":\"https:\\\/\\\/bridalfashion.com\\\/ro\\\/#website\"},\"primaryImageOfPage\":{\"@id\":\"https:\\\/\\\/bridalfashion.com\\\/ro\\\/bali-ro\\\/superba-rochie-de-mireasa-benicia-bf0091\\\/#primaryimage\"},\"image\":{\"@id\":\"https:\\\/\\\/bridalfashion.com\\\/ro\\\/bali-ro\\\/superba-rochie-de-mireasa-benicia-bf0091\\\/#primaryimage\"},\"thumbnailUrl\":\"https:\\\/\\\/bridalfashion.com\\\/wp-content\\\/uploads\\\/2021\\\/10\\\/BF0091_C.jpg\",\"datePublished\":\"2022-11-01T17:19:43+00:00\",\"description\":\"Modelul BENICIA - BF0091, o rochie fascinant\u0103 cu decor exclusiv din aplica\u021bii indiene cu m\u0103rgelu\u021be. Partea de sus este dezgolit\u0103, fusta lucrat\u0103 din tul \u00een croial\u0103 liber\u0103.\",\"breadcrumb\":{\"@id\":\"https:\\\/\\\/bridalfashion.com\\\/ro\\\/bali-ro\\\/superba-rochie-de-mireasa-benicia-bf0091\\\/#breadcrumb\"},\"inLanguage\":\"ro-RO\",\"potentialAction\":[{\"@type\":\"ReadAction\",\"target\":[\"https:\\\/\\\/bridalfashion.com\\\/ro\\\/bali-ro\\\/superba-rochie-de-mireasa-benicia-bf0091\\\/\"]}]},{\"@type\":\"ImageObject\",\"inLanguage\":\"ro-RO\",\"@id\":\"https:\\\/\\\/bridalfashion.com\\\/ro\\\/bali-ro\\\/superba-rochie-de-mireasa-benicia-bf0091\\\/#primaryimage\",\"url\":\"https:\\\/\\\/bridalfashion.com\\\/wp-content\\\/uploads\\\/2021\\\/10\\\/BF0091_C.jpg\",\"contentUrl\":\"https:\\\/\\\/bridalfashion.com\\\/wp-content\\\/uploads\\\/2021\\\/10\\\/BF0091_C.jpg\",\"width\":1517,\"height\":2000,\"caption\":\"o rochie de mireasa minunata cu decor exclusiv din aplicatii din margele de sticla indiene de la BRIDAL FASHION - vedere din spate\"},{\"@type\":\"BreadcrumbList\",\"@id\":\"https:\\\/\\\/bridalfashion.com\\\/ro\\\/bali-ro\\\/superba-rochie-de-mireasa-benicia-bf0091\\\/#breadcrumb\",\"itemListElement\":[{\"@type\":\"ListItem\",\"position\":1,\"name\":\"Home\",\"item\":\"https:\\\/\\\/bridalfashion.com\\\/ro\\\/\"},{\"@type\":\"ListItem\",\"position\":2,\"name\":\"Shop\",\"item\":\"https:\\\/\\\/bridalfashion.com\\\/shop-2\\\/\"},{\"@type\":\"ListItem\",\"position\":3,\"name\":\"O rochie de nunt\u0103 fascinant\u0103 cu decor BENICIA &#8211; BF0091\"}]},{\"@type\":\"WebSite\",\"@id\":\"https:\\\/\\\/bridalfashion.com\\\/ro\\\/#website\",\"url\":\"https:\\\/\\\/bridalfashion.com\\\/ro\\\/\",\"name\":\"BRIDAL FASHION \u2122 | Luxurious Wedding Dresses &amp; Fashionable Gowns for Women, Girls and Kids\",\"description\":\"Welcome the leading manufacturer and supplier of wedding dresses. We offer in wholesale a large selection of high quality wedding dress collections and accessories for your business at competitive prices. Shop our full range of bridal products today!\",\"publisher\":{\"@id\":\"https:\\\/\\\/bridalfashion.com\\\/ro\\\/#organization\"},\"potentialAction\":[{\"@type\":\"SearchAction\",\"target\":{\"@type\":\"EntryPoint\",\"urlTemplate\":\"https:\\\/\\\/bridalfashion.com\\\/ro\\\/?s={search_term_string}\"},\"query-input\":{\"@type\":\"PropertyValueSpecification\",\"valueRequired\":true,\"valueName\":\"search_term_string\"}}],\"inLanguage\":\"ro-RO\"},{\"@type\":\"Organization\",\"@id\":\"https:\\\/\\\/bridalfashion.com\\\/ro\\\/#organization\",\"name\":\"BRIDAL FASHION \u2122 | Luxurious Wedding Dresses &amp; Fashionable Gowns for Women, Girls and Kids\",\"url\":\"https:\\\/\\\/bridalfashion.com\\\/ro\\\/\",\"logo\":{\"@type\":\"ImageObject\",\"inLanguage\":\"ro-RO\",\"@id\":\"https:\\\/\\\/bridalfashion.com\\\/ro\\\/#\\\/schema\\\/logo\\\/image\\\/\",\"url\":\"https:\\\/\\\/bridalfashion.com\\\/wp-content\\\/uploads\\\/2022\\\/05\\\/cropped-BFG.png\",\"contentUrl\":\"https:\\\/\\\/bridalfashion.com\\\/wp-content\\\/uploads\\\/2022\\\/05\\\/cropped-BFG.png\",\"width\":1771,\"height\":119,\"caption\":\"BRIDAL FASHION \u2122 | Luxurious Wedding Dresses &amp; Fashionable Gowns for Women, Girls and Kids\"},\"image\":{\"@id\":\"https:\\\/\\\/bridalfashion.com\\\/ro\\\/#\\\/schema\\\/logo\\\/image\\\/\"}}]}<\/script>\n<!-- \/ Yoast SEO plugin. -->","yoast_head_json":{"title":"O rochie de nunt\u0103 fascinant\u0103 cu decor BENICIA - BF0091 - BRIDAL FASHION \u2122 | Luxurious Wedding Dresses &amp; Fashionable Gowns for Women, Girls and Kids","description":"Modelul BENICIA - BF0091, o rochie fascinant\u0103 cu decor exclusiv din aplica\u021bii indiene cu m\u0103rgelu\u021be. Partea de sus este dezgolit\u0103, fusta lucrat\u0103 din tul \u00een croial\u0103 liber\u0103.","robots":{"index":"index","follow":"follow","max-snippet":"max-snippet:-1","max-image-preview":"max-image-preview:large","max-video-preview":"max-video-preview:-1"},"canonical":"https:\/\/bridalfashion.com\/ro\/bali-ro\/superba-rochie-de-mireasa-benicia-bf0091\/","og_locale":"ro_RO","og_type":"article","og_title":"O rochie de nunt\u0103 fascinant\u0103 cu decor BENICIA - BF0091 - BRIDAL FASHION \u2122 | Luxurious Wedding Dresses &amp; Fashionable Gowns for Women, Girls and Kids","og_description":"Modelul BENICIA - BF0091, o rochie fascinant\u0103 cu decor exclusiv din aplica\u021bii indiene cu m\u0103rgelu\u021be. Partea de sus este dezgolit\u0103, fusta lucrat\u0103 din tul \u00een croial\u0103 liber\u0103.","og_url":"https:\/\/bridalfashion.com\/ro\/bali-ro\/superba-rochie-de-mireasa-benicia-bf0091\/","og_site_name":"BRIDAL FASHION \u2122 | Luxurious Wedding Dresses &amp; Fashionable Gowns for Women, Girls and Kids","og_image":[{"width":1517,"height":2000,"url":"https:\/\/bridalfashion.com\/wp-content\/uploads\/2021\/10\/BF0091_C.jpg","type":"image\/jpeg"}],"twitter_card":"summary_large_image","schema":{"@context":"https:\/\/schema.org","@graph":[{"@type":"WebPage","@id":"https:\/\/bridalfashion.com\/ro\/bali-ro\/superba-rochie-de-mireasa-benicia-bf0091\/","url":"https:\/\/bridalfashion.com\/ro\/bali-ro\/superba-rochie-de-mireasa-benicia-bf0091\/","name":"O rochie de nunt\u0103 fascinant\u0103 cu decor BENICIA - BF0091 - BRIDAL FASHION \u2122 | Luxurious Wedding Dresses &amp; Fashionable Gowns for Women, Girls and Kids","isPartOf":{"@id":"https:\/\/bridalfashion.com\/ro\/#website"},"primaryImageOfPage":{"@id":"https:\/\/bridalfashion.com\/ro\/bali-ro\/superba-rochie-de-mireasa-benicia-bf0091\/#primaryimage"},"image":{"@id":"https:\/\/bridalfashion.com\/ro\/bali-ro\/superba-rochie-de-mireasa-benicia-bf0091\/#primaryimage"},"thumbnailUrl":"https:\/\/bridalfashion.com\/wp-content\/uploads\/2021\/10\/BF0091_C.jpg","datePublished":"2022-11-01T17:19:43+00:00","description":"Modelul BENICIA - BF0091, o rochie fascinant\u0103 cu decor exclusiv din aplica\u021bii indiene cu m\u0103rgelu\u021be. Partea de sus este dezgolit\u0103, fusta lucrat\u0103 din tul \u00een croial\u0103 liber\u0103.","breadcrumb":{"@id":"https:\/\/bridalfashion.com\/ro\/bali-ro\/superba-rochie-de-mireasa-benicia-bf0091\/#breadcrumb"},"inLanguage":"ro-RO","potentialAction":[{"@type":"ReadAction","target":["https:\/\/bridalfashion.com\/ro\/bali-ro\/superba-rochie-de-mireasa-benicia-bf0091\/"]}]},{"@type":"ImageObject","inLanguage":"ro-RO","@id":"https:\/\/bridalfashion.com\/ro\/bali-ro\/superba-rochie-de-mireasa-benicia-bf0091\/#primaryimage","url":"https:\/\/bridalfashion.com\/wp-content\/uploads\/2021\/10\/BF0091_C.jpg","contentUrl":"https:\/\/bridalfashion.com\/wp-content\/uploads\/2021\/10\/BF0091_C.jpg","width":1517,"height":2000,"caption":"o rochie de mireasa minunata cu decor exclusiv din aplicatii din margele de sticla indiene de la BRIDAL FASHION - vedere din spate"},{"@type":"BreadcrumbList","@id":"https:\/\/bridalfashion.com\/ro\/bali-ro\/superba-rochie-de-mireasa-benicia-bf0091\/#breadcrumb","itemListElement":[{"@type":"ListItem","position":1,"name":"Home","item":"https:\/\/bridalfashion.com\/ro\/"},{"@type":"ListItem","position":2,"name":"Shop","item":"https:\/\/bridalfashion.com\/shop-2\/"},{"@type":"ListItem","position":3,"name":"O rochie de nunt\u0103 fascinant\u0103 cu decor BENICIA &#8211; BF0091"}]},{"@type":"WebSite","@id":"https:\/\/bridalfashion.com\/ro\/#website","url":"https:\/\/bridalfashion.com\/ro\/","name":"BRIDAL FASHION \u2122 | Luxurious Wedding Dresses &amp; Fashionable Gowns for Women, Girls and Kids","description":"Welcome the leading manufacturer and supplier of wedding dresses. We offer in wholesale a large selection of high quality wedding dress collections and accessories for your business at competitive prices. Shop our full range of bridal products today!","publisher":{"@id":"https:\/\/bridalfashion.com\/ro\/#organization"},"potentialAction":[{"@type":"SearchAction","target":{"@type":"EntryPoint","urlTemplate":"https:\/\/bridalfashion.com\/ro\/?s={search_term_string}"},"query-input":{"@type":"PropertyValueSpecification","valueRequired":true,"valueName":"search_term_string"}}],"inLanguage":"ro-RO"},{"@type":"Organization","@id":"https:\/\/bridalfashion.com\/ro\/#organization","name":"BRIDAL FASHION \u2122 | Luxurious Wedding Dresses &amp; Fashionable Gowns for Women, Girls and Kids","url":"https:\/\/bridalfashion.com\/ro\/","logo":{"@type":"ImageObject","inLanguage":"ro-RO","@id":"https:\/\/bridalfashion.com\/ro\/#\/schema\/logo\/image\/","url":"https:\/\/bridalfashion.com\/wp-content\/uploads\/2022\/05\/cropped-BFG.png","contentUrl":"https:\/\/bridalfashion.com\/wp-content\/uploads\/2022\/05\/cropped-BFG.png","width":1771,"height":119,"caption":"BRIDAL FASHION \u2122 | Luxurious Wedding Dresses &amp; Fashionable Gowns for Women, Girls and Kids"},"image":{"@id":"https:\/\/bridalfashion.com\/ro\/#\/schema\/logo\/image\/"}}]}},"_links":{"self":[{"href":"https:\/\/bridalfashion.com\/ro\/wp-json\/wp\/v2\/product\/12188","targetHints":{"allow":["GET"]}}],"collection":[{"href":"https:\/\/bridalfashion.com\/ro\/wp-json\/wp\/v2\/product"}],"about":[{"href":"https:\/\/bridalfashion.com\/ro\/wp-json\/wp\/v2\/types\/product"}],"replies":[{"embeddable":true,"href":"https:\/\/bridalfashion.com\/ro\/wp-json\/wp\/v2\/comments?post=12188"}],"wp:featuredmedia":[{"embeddable":true,"href":"https:\/\/bridalfashion.com\/ro\/wp-json\/wp\/v2\/media\/7926"}],"wp:attachment":[{"href":"https:\/\/bridalfashion.com\/ro\/wp-json\/wp\/v2\/media?parent=12188"}],"wp:term":[{"taxonomy":"product_brand","embeddable":true,"href":"https:\/\/bridalfashion.com\/ro\/wp-json\/wp\/v2\/product_brand?post=12188"},{"taxonomy":"product_cat","embeddable":true,"href":"https:\/\/bridalfashion.com\/ro\/wp-json\/wp\/v2\/product_cat?post=12188"},{"taxonomy":"product_tag","embeddable":true,"href":"https:\/\/bridalfashion.com\/ro\/wp-json\/wp\/v2\/product_tag?post=12188"}],"curies":[{"name":"wp","href":"https:\/\/api.w.org\/{rel}","templated":true}]}}