{"id":12164,"date":"2021-10-07T11:25:33","date_gmt":"2022-10-26T14:07:15","guid":{"rendered":"https:\/\/bridalfashion.com\/fara-categorie\/o-rochie-alba-de-nunta-babita-bf0083\/"},"modified":"2022-10-26T16:07:15","modified_gmt":"2022-10-26T14:07:15","slug":"rochie-de-mireasa-stil-romantic-babita-bf0083","status":"publish","type":"product","link":"https:\/\/bridalfashion.com\/ro\/bali-ro\/rochie-de-mireasa-stil-romantic-babita-bf0083\/","title":{"rendered":"O rochie alba de nunta BABITA &#8211; BF0083"},"content":{"rendered":"<h2>Descrierea modelului BABITA \u2013 rochie de mireas\u0103 alb\u0103 \u00een stil romantic din \u021bes\u0103turi volante punctate<\/h2>\n<p>Modelul BABITA &#8211; BF0083 de la BRIDAL FASHION \u2013 o rochie fermec\u0103toare din \u021bes\u0103turi voante punctate. Parte de sus transparent\u0103 cu decolteu ad\u00e2nc at\u00e2t \u00een fa\u021b\u0103, c\u00e2t \u0219i la spate Este \u00eempodobit cu fundi\u021be bogate. BABITA \u2013 rochie de nunt\u0103 alb\u0103 \u00een stil romantic, completat\u0103 cu un br\u00e2u pliant minunat.<\/p>\n","protected":false},"excerpt":{"rendered":"<p>Descrierea modelului BABITA \u2013 rochie de mireas\u0103 alb\u0103 \u00een stil romantic din \u021bes\u0103turi volante punctate Modelul BABITA &#8211; BF0083 de la BRIDAL FASHION \u2013 o rochie fermec\u0103toare din \u021bes\u0103turi voante punctate. Parte de sus transparent\u0103 cu decolteu ad\u00e2nc at\u00e2t \u00een fa\u021b\u0103, c\u00e2t \u0219i la spate Este \u00eempodobit cu fundi\u021be bogate. BABITA \u2013 rochie de nunt\u0103&hellip;<\/p>\n","protected":false},"featured_media":7842,"comment_status":"open","ping_status":"closed","template":"","meta":[],"product_brand":[],"product_cat":[980],"product_tag":[],"class_list":{"0":"post-12164","1":"product","2":"type-product","3":"status-publish","4":"has-post-thumbnail","6":"product_cat-bali-ro","8":"first","9":"instock","10":"taxable","11":"shipping-taxable","12":"product-type-simple"},"yoast_head":"<!-- This site is optimized with the Yoast SEO plugin v27.5 - https:\/\/yoast.com\/product\/yoast-seo-wordpress\/ -->\n<title>O rochie alba de nunta BABITA - BF0083 - BRIDAL FASHION \u2122 | Luxurious Wedding Dresses &amp; Fashionable Gowns for Women, Girls and Kids<\/title>\n<meta name=\"description\" content=\"Rochia BABITA - BF0083 \u2013 rochie de nunt\u0103 alb\u0103 \u00een stil romantic, lucrat\u0103 din \u021bes\u0103turi fine punctate. Bustul are decolteu ad\u00e2nc \u0219i fundi\u021be ca d\u00e9cor, fusta este ajustat\u0103 cu o tren\u0103 bogat\u0103.\" \/>\n<meta name=\"robots\" content=\"index, follow, max-snippet:-1, max-image-preview:large, max-video-preview:-1\" \/>\n<link rel=\"canonical\" href=\"https:\/\/bridalfashion.com\/ro\/bali-ro\/rochie-de-mireasa-stil-romantic-babita-bf0083\/\" \/>\n<meta property=\"og:locale\" content=\"ro_RO\" \/>\n<meta property=\"og:type\" content=\"article\" \/>\n<meta property=\"og:title\" content=\"O rochie alba de nunta BABITA - BF0083 - BRIDAL FASHION \u2122 | Luxurious Wedding Dresses &amp; Fashionable Gowns for Women, Girls and Kids\" \/>\n<meta property=\"og:description\" content=\"Rochia BABITA - BF0083 \u2013 rochie de nunt\u0103 alb\u0103 \u00een stil romantic, lucrat\u0103 din \u021bes\u0103turi fine punctate. Bustul are decolteu ad\u00e2nc \u0219i fundi\u021be ca d\u00e9cor, fusta este ajustat\u0103 cu o tren\u0103 bogat\u0103.\" \/>\n<meta property=\"og:url\" content=\"https:\/\/bridalfashion.com\/ro\/bali-ro\/rochie-de-mireasa-stil-romantic-babita-bf0083\/\" \/>\n<meta property=\"og:site_name\" content=\"BRIDAL FASHION \u2122 | Luxurious Wedding Dresses &amp; Fashionable Gowns for Women, Girls and Kids\" \/>\n<meta property=\"og:image\" content=\"https:\/\/bridalfashion.com\/wp-content\/uploads\/2021\/10\/BF0083_C.jpg\" \/>\n\t<meta property=\"og:image:width\" content=\"1517\" \/>\n\t<meta property=\"og:image:height\" content=\"2000\" \/>\n\t<meta property=\"og:image:type\" content=\"image\/jpeg\" \/>\n<meta name=\"twitter:card\" content=\"summary_large_image\" \/>\n<script type=\"application\/ld+json\" class=\"yoast-schema-graph\">{\"@context\":\"https:\\\/\\\/schema.org\",\"@graph\":[{\"@type\":\"WebPage\",\"@id\":\"https:\\\/\\\/bridalfashion.com\\\/ro\\\/bali-ro\\\/rochie-de-mireasa-stil-romantic-babita-bf0083\\\/\",\"url\":\"https:\\\/\\\/bridalfashion.com\\\/ro\\\/bali-ro\\\/rochie-de-mireasa-stil-romantic-babita-bf0083\\\/\",\"name\":\"O rochie alba de nunta BABITA - BF0083 - BRIDAL FASHION \u2122 | Luxurious Wedding Dresses &amp; Fashionable Gowns for Women, Girls and Kids\",\"isPartOf\":{\"@id\":\"https:\\\/\\\/bridalfashion.com\\\/ro\\\/#website\"},\"primaryImageOfPage\":{\"@id\":\"https:\\\/\\\/bridalfashion.com\\\/ro\\\/bali-ro\\\/rochie-de-mireasa-stil-romantic-babita-bf0083\\\/#primaryimage\"},\"image\":{\"@id\":\"https:\\\/\\\/bridalfashion.com\\\/ro\\\/bali-ro\\\/rochie-de-mireasa-stil-romantic-babita-bf0083\\\/#primaryimage\"},\"thumbnailUrl\":\"https:\\\/\\\/bridalfashion.com\\\/wp-content\\\/uploads\\\/2021\\\/10\\\/BF0083_C.jpg\",\"datePublished\":\"2022-10-26T14:07:15+00:00\",\"description\":\"Rochia BABITA - BF0083 \u2013 rochie de nunt\u0103 alb\u0103 \u00een stil romantic, lucrat\u0103 din \u021bes\u0103turi fine punctate. Bustul are decolteu ad\u00e2nc \u0219i fundi\u021be ca d\u00e9cor, fusta este ajustat\u0103 cu o tren\u0103 bogat\u0103.\",\"breadcrumb\":{\"@id\":\"https:\\\/\\\/bridalfashion.com\\\/ro\\\/bali-ro\\\/rochie-de-mireasa-stil-romantic-babita-bf0083\\\/#breadcrumb\"},\"inLanguage\":\"ro-RO\",\"potentialAction\":[{\"@type\":\"ReadAction\",\"target\":[\"https:\\\/\\\/bridalfashion.com\\\/ro\\\/bali-ro\\\/rochie-de-mireasa-stil-romantic-babita-bf0083\\\/\"]}]},{\"@type\":\"ImageObject\",\"inLanguage\":\"ro-RO\",\"@id\":\"https:\\\/\\\/bridalfashion.com\\\/ro\\\/bali-ro\\\/rochie-de-mireasa-stil-romantic-babita-bf0083\\\/#primaryimage\",\"url\":\"https:\\\/\\\/bridalfashion.com\\\/wp-content\\\/uploads\\\/2021\\\/10\\\/BF0083_C.jpg\",\"contentUrl\":\"https:\\\/\\\/bridalfashion.com\\\/wp-content\\\/uploads\\\/2021\\\/10\\\/BF0083_C.jpg\",\"width\":1517,\"height\":2000,\"caption\":\"rochie de nunt\u0103 alb\u0103 \u00een stil romantic, lucrat\u0103 din \u021bes\u0103turi fine cu puncte m\u0103\u0219cate de la BRIDAL FASHION - vedere din spate\"},{\"@type\":\"BreadcrumbList\",\"@id\":\"https:\\\/\\\/bridalfashion.com\\\/ro\\\/bali-ro\\\/rochie-de-mireasa-stil-romantic-babita-bf0083\\\/#breadcrumb\",\"itemListElement\":[{\"@type\":\"ListItem\",\"position\":1,\"name\":\"Home\",\"item\":\"https:\\\/\\\/bridalfashion.com\\\/ro\\\/\"},{\"@type\":\"ListItem\",\"position\":2,\"name\":\"Shop\",\"item\":\"https:\\\/\\\/bridalfashion.com\\\/shop-2\\\/\"},{\"@type\":\"ListItem\",\"position\":3,\"name\":\"O rochie alba de nunta BABITA &#8211; BF0083\"}]},{\"@type\":\"WebSite\",\"@id\":\"https:\\\/\\\/bridalfashion.com\\\/ro\\\/#website\",\"url\":\"https:\\\/\\\/bridalfashion.com\\\/ro\\\/\",\"name\":\"BRIDAL FASHION \u2122 | Luxurious Wedding Dresses &amp; Fashionable Gowns for Women, Girls and Kids\",\"description\":\"Welcome the leading manufacturer and supplier of wedding dresses. We offer in wholesale a large selection of high quality wedding dress collections and accessories for your business at competitive prices. Shop our full range of bridal products today!\",\"publisher\":{\"@id\":\"https:\\\/\\\/bridalfashion.com\\\/ro\\\/#organization\"},\"potentialAction\":[{\"@type\":\"SearchAction\",\"target\":{\"@type\":\"EntryPoint\",\"urlTemplate\":\"https:\\\/\\\/bridalfashion.com\\\/ro\\\/?s={search_term_string}\"},\"query-input\":{\"@type\":\"PropertyValueSpecification\",\"valueRequired\":true,\"valueName\":\"search_term_string\"}}],\"inLanguage\":\"ro-RO\"},{\"@type\":\"Organization\",\"@id\":\"https:\\\/\\\/bridalfashion.com\\\/ro\\\/#organization\",\"name\":\"BRIDAL FASHION \u2122 | Luxurious Wedding Dresses &amp; Fashionable Gowns for Women, Girls and Kids\",\"url\":\"https:\\\/\\\/bridalfashion.com\\\/ro\\\/\",\"logo\":{\"@type\":\"ImageObject\",\"inLanguage\":\"ro-RO\",\"@id\":\"https:\\\/\\\/bridalfashion.com\\\/ro\\\/#\\\/schema\\\/logo\\\/image\\\/\",\"url\":\"https:\\\/\\\/bridalfashion.com\\\/wp-content\\\/uploads\\\/2022\\\/05\\\/cropped-BFG.png\",\"contentUrl\":\"https:\\\/\\\/bridalfashion.com\\\/wp-content\\\/uploads\\\/2022\\\/05\\\/cropped-BFG.png\",\"width\":1771,\"height\":119,\"caption\":\"BRIDAL FASHION \u2122 | Luxurious Wedding Dresses &amp; Fashionable Gowns for Women, Girls and Kids\"},\"image\":{\"@id\":\"https:\\\/\\\/bridalfashion.com\\\/ro\\\/#\\\/schema\\\/logo\\\/image\\\/\"}}]}<\/script>\n<!-- \/ Yoast SEO plugin. -->","yoast_head_json":{"title":"O rochie alba de nunta BABITA - BF0083 - BRIDAL FASHION \u2122 | Luxurious Wedding Dresses &amp; Fashionable Gowns for Women, Girls and Kids","description":"Rochia BABITA - BF0083 \u2013 rochie de nunt\u0103 alb\u0103 \u00een stil romantic, lucrat\u0103 din \u021bes\u0103turi fine punctate. Bustul are decolteu ad\u00e2nc \u0219i fundi\u021be ca d\u00e9cor, fusta este ajustat\u0103 cu o tren\u0103 bogat\u0103.","robots":{"index":"index","follow":"follow","max-snippet":"max-snippet:-1","max-image-preview":"max-image-preview:large","max-video-preview":"max-video-preview:-1"},"canonical":"https:\/\/bridalfashion.com\/ro\/bali-ro\/rochie-de-mireasa-stil-romantic-babita-bf0083\/","og_locale":"ro_RO","og_type":"article","og_title":"O rochie alba de nunta BABITA - BF0083 - BRIDAL FASHION \u2122 | Luxurious Wedding Dresses &amp; Fashionable Gowns for Women, Girls and Kids","og_description":"Rochia BABITA - BF0083 \u2013 rochie de nunt\u0103 alb\u0103 \u00een stil romantic, lucrat\u0103 din \u021bes\u0103turi fine punctate. Bustul are decolteu ad\u00e2nc \u0219i fundi\u021be ca d\u00e9cor, fusta este ajustat\u0103 cu o tren\u0103 bogat\u0103.","og_url":"https:\/\/bridalfashion.com\/ro\/bali-ro\/rochie-de-mireasa-stil-romantic-babita-bf0083\/","og_site_name":"BRIDAL FASHION \u2122 | Luxurious Wedding Dresses &amp; Fashionable Gowns for Women, Girls and Kids","og_image":[{"width":1517,"height":2000,"url":"https:\/\/bridalfashion.com\/wp-content\/uploads\/2021\/10\/BF0083_C.jpg","type":"image\/jpeg"}],"twitter_card":"summary_large_image","schema":{"@context":"https:\/\/schema.org","@graph":[{"@type":"WebPage","@id":"https:\/\/bridalfashion.com\/ro\/bali-ro\/rochie-de-mireasa-stil-romantic-babita-bf0083\/","url":"https:\/\/bridalfashion.com\/ro\/bali-ro\/rochie-de-mireasa-stil-romantic-babita-bf0083\/","name":"O rochie alba de nunta BABITA - BF0083 - BRIDAL FASHION \u2122 | Luxurious Wedding Dresses &amp; Fashionable Gowns for Women, Girls and Kids","isPartOf":{"@id":"https:\/\/bridalfashion.com\/ro\/#website"},"primaryImageOfPage":{"@id":"https:\/\/bridalfashion.com\/ro\/bali-ro\/rochie-de-mireasa-stil-romantic-babita-bf0083\/#primaryimage"},"image":{"@id":"https:\/\/bridalfashion.com\/ro\/bali-ro\/rochie-de-mireasa-stil-romantic-babita-bf0083\/#primaryimage"},"thumbnailUrl":"https:\/\/bridalfashion.com\/wp-content\/uploads\/2021\/10\/BF0083_C.jpg","datePublished":"2022-10-26T14:07:15+00:00","description":"Rochia BABITA - BF0083 \u2013 rochie de nunt\u0103 alb\u0103 \u00een stil romantic, lucrat\u0103 din \u021bes\u0103turi fine punctate. Bustul are decolteu ad\u00e2nc \u0219i fundi\u021be ca d\u00e9cor, fusta este ajustat\u0103 cu o tren\u0103 bogat\u0103.","breadcrumb":{"@id":"https:\/\/bridalfashion.com\/ro\/bali-ro\/rochie-de-mireasa-stil-romantic-babita-bf0083\/#breadcrumb"},"inLanguage":"ro-RO","potentialAction":[{"@type":"ReadAction","target":["https:\/\/bridalfashion.com\/ro\/bali-ro\/rochie-de-mireasa-stil-romantic-babita-bf0083\/"]}]},{"@type":"ImageObject","inLanguage":"ro-RO","@id":"https:\/\/bridalfashion.com\/ro\/bali-ro\/rochie-de-mireasa-stil-romantic-babita-bf0083\/#primaryimage","url":"https:\/\/bridalfashion.com\/wp-content\/uploads\/2021\/10\/BF0083_C.jpg","contentUrl":"https:\/\/bridalfashion.com\/wp-content\/uploads\/2021\/10\/BF0083_C.jpg","width":1517,"height":2000,"caption":"rochie de nunt\u0103 alb\u0103 \u00een stil romantic, lucrat\u0103 din \u021bes\u0103turi fine cu puncte m\u0103\u0219cate de la BRIDAL FASHION - vedere din spate"},{"@type":"BreadcrumbList","@id":"https:\/\/bridalfashion.com\/ro\/bali-ro\/rochie-de-mireasa-stil-romantic-babita-bf0083\/#breadcrumb","itemListElement":[{"@type":"ListItem","position":1,"name":"Home","item":"https:\/\/bridalfashion.com\/ro\/"},{"@type":"ListItem","position":2,"name":"Shop","item":"https:\/\/bridalfashion.com\/shop-2\/"},{"@type":"ListItem","position":3,"name":"O rochie alba de nunta BABITA &#8211; BF0083"}]},{"@type":"WebSite","@id":"https:\/\/bridalfashion.com\/ro\/#website","url":"https:\/\/bridalfashion.com\/ro\/","name":"BRIDAL FASHION \u2122 | Luxurious Wedding Dresses &amp; Fashionable Gowns for Women, Girls and Kids","description":"Welcome the leading manufacturer and supplier of wedding dresses. We offer in wholesale a large selection of high quality wedding dress collections and accessories for your business at competitive prices. Shop our full range of bridal products today!","publisher":{"@id":"https:\/\/bridalfashion.com\/ro\/#organization"},"potentialAction":[{"@type":"SearchAction","target":{"@type":"EntryPoint","urlTemplate":"https:\/\/bridalfashion.com\/ro\/?s={search_term_string}"},"query-input":{"@type":"PropertyValueSpecification","valueRequired":true,"valueName":"search_term_string"}}],"inLanguage":"ro-RO"},{"@type":"Organization","@id":"https:\/\/bridalfashion.com\/ro\/#organization","name":"BRIDAL FASHION \u2122 | Luxurious Wedding Dresses &amp; Fashionable Gowns for Women, Girls and Kids","url":"https:\/\/bridalfashion.com\/ro\/","logo":{"@type":"ImageObject","inLanguage":"ro-RO","@id":"https:\/\/bridalfashion.com\/ro\/#\/schema\/logo\/image\/","url":"https:\/\/bridalfashion.com\/wp-content\/uploads\/2022\/05\/cropped-BFG.png","contentUrl":"https:\/\/bridalfashion.com\/wp-content\/uploads\/2022\/05\/cropped-BFG.png","width":1771,"height":119,"caption":"BRIDAL FASHION \u2122 | Luxurious Wedding Dresses &amp; Fashionable Gowns for Women, Girls and Kids"},"image":{"@id":"https:\/\/bridalfashion.com\/ro\/#\/schema\/logo\/image\/"}}]}},"_links":{"self":[{"href":"https:\/\/bridalfashion.com\/ro\/wp-json\/wp\/v2\/product\/12164","targetHints":{"allow":["GET"]}}],"collection":[{"href":"https:\/\/bridalfashion.com\/ro\/wp-json\/wp\/v2\/product"}],"about":[{"href":"https:\/\/bridalfashion.com\/ro\/wp-json\/wp\/v2\/types\/product"}],"replies":[{"embeddable":true,"href":"https:\/\/bridalfashion.com\/ro\/wp-json\/wp\/v2\/comments?post=12164"}],"wp:featuredmedia":[{"embeddable":true,"href":"https:\/\/bridalfashion.com\/ro\/wp-json\/wp\/v2\/media\/7842"}],"wp:attachment":[{"href":"https:\/\/bridalfashion.com\/ro\/wp-json\/wp\/v2\/media?parent=12164"}],"wp:term":[{"taxonomy":"product_brand","embeddable":true,"href":"https:\/\/bridalfashion.com\/ro\/wp-json\/wp\/v2\/product_brand?post=12164"},{"taxonomy":"product_cat","embeddable":true,"href":"https:\/\/bridalfashion.com\/ro\/wp-json\/wp\/v2\/product_cat?post=12164"},{"taxonomy":"product_tag","embeddable":true,"href":"https:\/\/bridalfashion.com\/ro\/wp-json\/wp\/v2\/product_tag?post=12164"}],"curies":[{"name":"wp","href":"https:\/\/api.w.org\/{rel}","templated":true}]}}