{"id":12155,"date":"2021-10-07T11:17:38","date_gmt":"2022-10-26T12:39:40","guid":{"rendered":"https:\/\/bridalfashion.com\/fara-categorie\/o-rochie-romantica-ivoire-bianka-bf0080\/"},"modified":"2022-10-26T14:39:40","modified_gmt":"2022-10-26T12:39:40","slug":"rochie-de-mireasa-romantica-fildes-bianka-bf0080","status":"publish","type":"product","link":"https:\/\/bridalfashion.com\/ro\/bali-ro\/rochie-de-mireasa-romantica-fildes-bianka-bf0080\/","title":{"rendered":"O rochie romantica ivoire BIANKA &#8211; BF0080"},"content":{"rendered":"<h2>Descrierea modelului BIANKA \u2013 rochie de mireas\u0103 romantic\u0103 \u00een design original, cu decor stilizat, \u00een alb<\/h2>\n<p>Modelul BIANKA &#8211; BF0080 de la BRIDAL FASHION din tull transparent cu broderie \u00een forme geometrice, este \u00eempodobit cu dantele fran\u021buze\u0219ti costisitoare, lucrate manual, \u0219i cu franjuri din perle. BIANKA \u2013 o rochie de nunt\u0103 romantic\u0103 \u00een design original \u0219i cu decor stilizat, executat\u0103 \u00een clasicul alb, fiind universal\u0103 pentru diferite tipuri de figur\u0103.<\/p>\n","protected":false},"excerpt":{"rendered":"<p>Descrierea modelului BIANKA \u2013 rochie de mireas\u0103 romantic\u0103 \u00een design original, cu decor stilizat, \u00een alb Modelul BIANKA &#8211; BF0080 de la BRIDAL FASHION din tull transparent cu broderie \u00een forme geometrice, este \u00eempodobit cu dantele fran\u021buze\u0219ti costisitoare, lucrate manual, \u0219i cu franjuri din perle. BIANKA \u2013 o rochie de nunt\u0103 romantic\u0103 \u00een design original&hellip;<\/p>\n","protected":false},"featured_media":7809,"comment_status":"open","ping_status":"closed","template":"","meta":[],"product_brand":[],"product_cat":[980],"product_tag":[],"class_list":{"0":"post-12155","1":"product","2":"type-product","3":"status-publish","4":"has-post-thumbnail","6":"product_cat-bali-ro","8":"first","9":"instock","10":"taxable","11":"shipping-taxable","12":"product-type-simple"},"yoast_head":"<!-- This site is optimized with the Yoast SEO plugin v27.5 - https:\/\/yoast.com\/product\/yoast-seo-wordpress\/ -->\n<title>O rochie romantica ivoire BIANKA - BF0080 - BRIDAL FASHION \u2122 | Luxurious Wedding Dresses &amp; Fashionable Gowns for Women, Girls and Kids<\/title>\n<meta name=\"description\" content=\"Rochia de mireas\u0103 romantic\u0103 \u00een design original \u0219i cu decor stilizat BIANKA - BF0080 este realizat\u0103 \u00een culoare alb\u0103. Partea de sus din ghipur\u0103 este \u00eempodobit\u0103 cu dantele scumpe \u0219i des\u0103v\u00e2r\u0219it\u0103 prin franjurile de perle.\" \/>\n<meta name=\"robots\" content=\"index, follow, max-snippet:-1, max-image-preview:large, max-video-preview:-1\" \/>\n<link rel=\"canonical\" href=\"https:\/\/bridalfashion.com\/ro\/bali-ro\/rochie-de-mireasa-romantica-fildes-bianka-bf0080\/\" \/>\n<meta property=\"og:locale\" content=\"ro_RO\" \/>\n<meta property=\"og:type\" content=\"article\" \/>\n<meta property=\"og:title\" content=\"O rochie romantica ivoire BIANKA - BF0080 - BRIDAL FASHION \u2122 | Luxurious Wedding Dresses &amp; Fashionable Gowns for Women, Girls and Kids\" \/>\n<meta property=\"og:description\" content=\"Rochia de mireas\u0103 romantic\u0103 \u00een design original \u0219i cu decor stilizat BIANKA - BF0080 este realizat\u0103 \u00een culoare alb\u0103. Partea de sus din ghipur\u0103 este \u00eempodobit\u0103 cu dantele scumpe \u0219i des\u0103v\u00e2r\u0219it\u0103 prin franjurile de perle.\" \/>\n<meta property=\"og:url\" content=\"https:\/\/bridalfashion.com\/ro\/bali-ro\/rochie-de-mireasa-romantica-fildes-bianka-bf0080\/\" \/>\n<meta property=\"og:site_name\" content=\"BRIDAL FASHION \u2122 | Luxurious Wedding Dresses &amp; Fashionable Gowns for Women, Girls and Kids\" \/>\n<meta property=\"og:image\" content=\"https:\/\/bridalfashion.com\/wp-content\/uploads\/2021\/10\/BF0080_A.jpg\" \/>\n\t<meta property=\"og:image:width\" content=\"1517\" \/>\n\t<meta property=\"og:image:height\" content=\"2000\" \/>\n\t<meta property=\"og:image:type\" content=\"image\/jpeg\" \/>\n<meta name=\"twitter:card\" content=\"summary_large_image\" \/>\n<script type=\"application\/ld+json\" class=\"yoast-schema-graph\">{\"@context\":\"https:\\\/\\\/schema.org\",\"@graph\":[{\"@type\":\"WebPage\",\"@id\":\"https:\\\/\\\/bridalfashion.com\\\/ro\\\/bali-ro\\\/rochie-de-mireasa-romantica-fildes-bianka-bf0080\\\/\",\"url\":\"https:\\\/\\\/bridalfashion.com\\\/ro\\\/bali-ro\\\/rochie-de-mireasa-romantica-fildes-bianka-bf0080\\\/\",\"name\":\"O rochie romantica ivoire BIANKA - BF0080 - BRIDAL FASHION \u2122 | Luxurious Wedding Dresses &amp; Fashionable Gowns for Women, Girls and Kids\",\"isPartOf\":{\"@id\":\"https:\\\/\\\/bridalfashion.com\\\/ro\\\/#website\"},\"primaryImageOfPage\":{\"@id\":\"https:\\\/\\\/bridalfashion.com\\\/ro\\\/bali-ro\\\/rochie-de-mireasa-romantica-fildes-bianka-bf0080\\\/#primaryimage\"},\"image\":{\"@id\":\"https:\\\/\\\/bridalfashion.com\\\/ro\\\/bali-ro\\\/rochie-de-mireasa-romantica-fildes-bianka-bf0080\\\/#primaryimage\"},\"thumbnailUrl\":\"https:\\\/\\\/bridalfashion.com\\\/wp-content\\\/uploads\\\/2021\\\/10\\\/BF0080_A.jpg\",\"datePublished\":\"2022-10-26T12:39:40+00:00\",\"description\":\"Rochia de mireas\u0103 romantic\u0103 \u00een design original \u0219i cu decor stilizat BIANKA - BF0080 este realizat\u0103 \u00een culoare alb\u0103. Partea de sus din ghipur\u0103 este \u00eempodobit\u0103 cu dantele scumpe \u0219i des\u0103v\u00e2r\u0219it\u0103 prin franjurile de perle.\",\"breadcrumb\":{\"@id\":\"https:\\\/\\\/bridalfashion.com\\\/ro\\\/bali-ro\\\/rochie-de-mireasa-romantica-fildes-bianka-bf0080\\\/#breadcrumb\"},\"inLanguage\":\"ro-RO\",\"potentialAction\":[{\"@type\":\"ReadAction\",\"target\":[\"https:\\\/\\\/bridalfashion.com\\\/ro\\\/bali-ro\\\/rochie-de-mireasa-romantica-fildes-bianka-bf0080\\\/\"]}]},{\"@type\":\"ImageObject\",\"inLanguage\":\"ro-RO\",\"@id\":\"https:\\\/\\\/bridalfashion.com\\\/ro\\\/bali-ro\\\/rochie-de-mireasa-romantica-fildes-bianka-bf0080\\\/#primaryimage\",\"url\":\"https:\\\/\\\/bridalfashion.com\\\/wp-content\\\/uploads\\\/2021\\\/10\\\/BF0080_A.jpg\",\"contentUrl\":\"https:\\\/\\\/bridalfashion.com\\\/wp-content\\\/uploads\\\/2021\\\/10\\\/BF0080_A.jpg\",\"width\":1517,\"height\":2000,\"caption\":\"o rochie de mireas\u0103 alb\u0103 ca z\u0103pada cu design unic \u0219i decor elegant, este \u00eempodobit\u0103 cu pandantive de perle \u0219i hus\u0103 pulverizat\u0103 pe fusta de la BRIDAL FASHION - vedere frontal\u0103\"},{\"@type\":\"BreadcrumbList\",\"@id\":\"https:\\\/\\\/bridalfashion.com\\\/ro\\\/bali-ro\\\/rochie-de-mireasa-romantica-fildes-bianka-bf0080\\\/#breadcrumb\",\"itemListElement\":[{\"@type\":\"ListItem\",\"position\":1,\"name\":\"Home\",\"item\":\"https:\\\/\\\/bridalfashion.com\\\/ro\\\/\"},{\"@type\":\"ListItem\",\"position\":2,\"name\":\"Shop\",\"item\":\"https:\\\/\\\/bridalfashion.com\\\/shop-2\\\/\"},{\"@type\":\"ListItem\",\"position\":3,\"name\":\"O rochie romantica ivoire BIANKA &#8211; BF0080\"}]},{\"@type\":\"WebSite\",\"@id\":\"https:\\\/\\\/bridalfashion.com\\\/ro\\\/#website\",\"url\":\"https:\\\/\\\/bridalfashion.com\\\/ro\\\/\",\"name\":\"BRIDAL FASHION \u2122 | Luxurious Wedding Dresses &amp; Fashionable Gowns for Women, Girls and Kids\",\"description\":\"Welcome the leading manufacturer and supplier of wedding dresses. We offer in wholesale a large selection of high quality wedding dress collections and accessories for your business at competitive prices. Shop our full range of bridal products today!\",\"publisher\":{\"@id\":\"https:\\\/\\\/bridalfashion.com\\\/ro\\\/#organization\"},\"potentialAction\":[{\"@type\":\"SearchAction\",\"target\":{\"@type\":\"EntryPoint\",\"urlTemplate\":\"https:\\\/\\\/bridalfashion.com\\\/ro\\\/?s={search_term_string}\"},\"query-input\":{\"@type\":\"PropertyValueSpecification\",\"valueRequired\":true,\"valueName\":\"search_term_string\"}}],\"inLanguage\":\"ro-RO\"},{\"@type\":\"Organization\",\"@id\":\"https:\\\/\\\/bridalfashion.com\\\/ro\\\/#organization\",\"name\":\"BRIDAL FASHION \u2122 | Luxurious Wedding Dresses &amp; Fashionable Gowns for Women, Girls and Kids\",\"url\":\"https:\\\/\\\/bridalfashion.com\\\/ro\\\/\",\"logo\":{\"@type\":\"ImageObject\",\"inLanguage\":\"ro-RO\",\"@id\":\"https:\\\/\\\/bridalfashion.com\\\/ro\\\/#\\\/schema\\\/logo\\\/image\\\/\",\"url\":\"https:\\\/\\\/bridalfashion.com\\\/wp-content\\\/uploads\\\/2022\\\/05\\\/cropped-BFG.png\",\"contentUrl\":\"https:\\\/\\\/bridalfashion.com\\\/wp-content\\\/uploads\\\/2022\\\/05\\\/cropped-BFG.png\",\"width\":1771,\"height\":119,\"caption\":\"BRIDAL FASHION \u2122 | Luxurious Wedding Dresses &amp; Fashionable Gowns for Women, Girls and Kids\"},\"image\":{\"@id\":\"https:\\\/\\\/bridalfashion.com\\\/ro\\\/#\\\/schema\\\/logo\\\/image\\\/\"}}]}<\/script>\n<!-- \/ Yoast SEO plugin. -->","yoast_head_json":{"title":"O rochie romantica ivoire BIANKA - BF0080 - BRIDAL FASHION \u2122 | Luxurious Wedding Dresses &amp; Fashionable Gowns for Women, Girls and Kids","description":"Rochia de mireas\u0103 romantic\u0103 \u00een design original \u0219i cu decor stilizat BIANKA - BF0080 este realizat\u0103 \u00een culoare alb\u0103. Partea de sus din ghipur\u0103 este \u00eempodobit\u0103 cu dantele scumpe \u0219i des\u0103v\u00e2r\u0219it\u0103 prin franjurile de perle.","robots":{"index":"index","follow":"follow","max-snippet":"max-snippet:-1","max-image-preview":"max-image-preview:large","max-video-preview":"max-video-preview:-1"},"canonical":"https:\/\/bridalfashion.com\/ro\/bali-ro\/rochie-de-mireasa-romantica-fildes-bianka-bf0080\/","og_locale":"ro_RO","og_type":"article","og_title":"O rochie romantica ivoire BIANKA - BF0080 - BRIDAL FASHION \u2122 | Luxurious Wedding Dresses &amp; Fashionable Gowns for Women, Girls and Kids","og_description":"Rochia de mireas\u0103 romantic\u0103 \u00een design original \u0219i cu decor stilizat BIANKA - BF0080 este realizat\u0103 \u00een culoare alb\u0103. Partea de sus din ghipur\u0103 este \u00eempodobit\u0103 cu dantele scumpe \u0219i des\u0103v\u00e2r\u0219it\u0103 prin franjurile de perle.","og_url":"https:\/\/bridalfashion.com\/ro\/bali-ro\/rochie-de-mireasa-romantica-fildes-bianka-bf0080\/","og_site_name":"BRIDAL FASHION \u2122 | Luxurious Wedding Dresses &amp; Fashionable Gowns for Women, Girls and Kids","og_image":[{"width":1517,"height":2000,"url":"https:\/\/bridalfashion.com\/wp-content\/uploads\/2021\/10\/BF0080_A.jpg","type":"image\/jpeg"}],"twitter_card":"summary_large_image","schema":{"@context":"https:\/\/schema.org","@graph":[{"@type":"WebPage","@id":"https:\/\/bridalfashion.com\/ro\/bali-ro\/rochie-de-mireasa-romantica-fildes-bianka-bf0080\/","url":"https:\/\/bridalfashion.com\/ro\/bali-ro\/rochie-de-mireasa-romantica-fildes-bianka-bf0080\/","name":"O rochie romantica ivoire BIANKA - BF0080 - BRIDAL FASHION \u2122 | Luxurious Wedding Dresses &amp; Fashionable Gowns for Women, Girls and Kids","isPartOf":{"@id":"https:\/\/bridalfashion.com\/ro\/#website"},"primaryImageOfPage":{"@id":"https:\/\/bridalfashion.com\/ro\/bali-ro\/rochie-de-mireasa-romantica-fildes-bianka-bf0080\/#primaryimage"},"image":{"@id":"https:\/\/bridalfashion.com\/ro\/bali-ro\/rochie-de-mireasa-romantica-fildes-bianka-bf0080\/#primaryimage"},"thumbnailUrl":"https:\/\/bridalfashion.com\/wp-content\/uploads\/2021\/10\/BF0080_A.jpg","datePublished":"2022-10-26T12:39:40+00:00","description":"Rochia de mireas\u0103 romantic\u0103 \u00een design original \u0219i cu decor stilizat BIANKA - BF0080 este realizat\u0103 \u00een culoare alb\u0103. Partea de sus din ghipur\u0103 este \u00eempodobit\u0103 cu dantele scumpe \u0219i des\u0103v\u00e2r\u0219it\u0103 prin franjurile de perle.","breadcrumb":{"@id":"https:\/\/bridalfashion.com\/ro\/bali-ro\/rochie-de-mireasa-romantica-fildes-bianka-bf0080\/#breadcrumb"},"inLanguage":"ro-RO","potentialAction":[{"@type":"ReadAction","target":["https:\/\/bridalfashion.com\/ro\/bali-ro\/rochie-de-mireasa-romantica-fildes-bianka-bf0080\/"]}]},{"@type":"ImageObject","inLanguage":"ro-RO","@id":"https:\/\/bridalfashion.com\/ro\/bali-ro\/rochie-de-mireasa-romantica-fildes-bianka-bf0080\/#primaryimage","url":"https:\/\/bridalfashion.com\/wp-content\/uploads\/2021\/10\/BF0080_A.jpg","contentUrl":"https:\/\/bridalfashion.com\/wp-content\/uploads\/2021\/10\/BF0080_A.jpg","width":1517,"height":2000,"caption":"o rochie de mireas\u0103 alb\u0103 ca z\u0103pada cu design unic \u0219i decor elegant, este \u00eempodobit\u0103 cu pandantive de perle \u0219i hus\u0103 pulverizat\u0103 pe fusta de la BRIDAL FASHION - vedere frontal\u0103"},{"@type":"BreadcrumbList","@id":"https:\/\/bridalfashion.com\/ro\/bali-ro\/rochie-de-mireasa-romantica-fildes-bianka-bf0080\/#breadcrumb","itemListElement":[{"@type":"ListItem","position":1,"name":"Home","item":"https:\/\/bridalfashion.com\/ro\/"},{"@type":"ListItem","position":2,"name":"Shop","item":"https:\/\/bridalfashion.com\/shop-2\/"},{"@type":"ListItem","position":3,"name":"O rochie romantica ivoire BIANKA &#8211; BF0080"}]},{"@type":"WebSite","@id":"https:\/\/bridalfashion.com\/ro\/#website","url":"https:\/\/bridalfashion.com\/ro\/","name":"BRIDAL FASHION \u2122 | Luxurious Wedding Dresses &amp; Fashionable Gowns for Women, Girls and Kids","description":"Welcome the leading manufacturer and supplier of wedding dresses. We offer in wholesale a large selection of high quality wedding dress collections and accessories for your business at competitive prices. Shop our full range of bridal products today!","publisher":{"@id":"https:\/\/bridalfashion.com\/ro\/#organization"},"potentialAction":[{"@type":"SearchAction","target":{"@type":"EntryPoint","urlTemplate":"https:\/\/bridalfashion.com\/ro\/?s={search_term_string}"},"query-input":{"@type":"PropertyValueSpecification","valueRequired":true,"valueName":"search_term_string"}}],"inLanguage":"ro-RO"},{"@type":"Organization","@id":"https:\/\/bridalfashion.com\/ro\/#organization","name":"BRIDAL FASHION \u2122 | Luxurious Wedding Dresses &amp; Fashionable Gowns for Women, Girls and Kids","url":"https:\/\/bridalfashion.com\/ro\/","logo":{"@type":"ImageObject","inLanguage":"ro-RO","@id":"https:\/\/bridalfashion.com\/ro\/#\/schema\/logo\/image\/","url":"https:\/\/bridalfashion.com\/wp-content\/uploads\/2022\/05\/cropped-BFG.png","contentUrl":"https:\/\/bridalfashion.com\/wp-content\/uploads\/2022\/05\/cropped-BFG.png","width":1771,"height":119,"caption":"BRIDAL FASHION \u2122 | Luxurious Wedding Dresses &amp; Fashionable Gowns for Women, Girls and Kids"},"image":{"@id":"https:\/\/bridalfashion.com\/ro\/#\/schema\/logo\/image\/"}}]}},"_links":{"self":[{"href":"https:\/\/bridalfashion.com\/ro\/wp-json\/wp\/v2\/product\/12155","targetHints":{"allow":["GET"]}}],"collection":[{"href":"https:\/\/bridalfashion.com\/ro\/wp-json\/wp\/v2\/product"}],"about":[{"href":"https:\/\/bridalfashion.com\/ro\/wp-json\/wp\/v2\/types\/product"}],"replies":[{"embeddable":true,"href":"https:\/\/bridalfashion.com\/ro\/wp-json\/wp\/v2\/comments?post=12155"}],"wp:featuredmedia":[{"embeddable":true,"href":"https:\/\/bridalfashion.com\/ro\/wp-json\/wp\/v2\/media\/7809"}],"wp:attachment":[{"href":"https:\/\/bridalfashion.com\/ro\/wp-json\/wp\/v2\/media?parent=12155"}],"wp:term":[{"taxonomy":"product_brand","embeddable":true,"href":"https:\/\/bridalfashion.com\/ro\/wp-json\/wp\/v2\/product_brand?post=12155"},{"taxonomy":"product_cat","embeddable":true,"href":"https:\/\/bridalfashion.com\/ro\/wp-json\/wp\/v2\/product_cat?post=12155"},{"taxonomy":"product_tag","embeddable":true,"href":"https:\/\/bridalfashion.com\/ro\/wp-json\/wp\/v2\/product_tag?post=12155"}],"curies":[{"name":"wp","href":"https:\/\/api.w.org\/{rel}","templated":true}]}}