{"id":12137,"date":"2021-10-07T10:56:30","date_gmt":"2022-10-26T11:55:42","guid":{"rendered":"https:\/\/bridalfashion.com\/fara-categorie\/o-rochie-de-mireasa-colorata-bibien-bf0074\/"},"modified":"2022-10-26T13:55:42","modified_gmt":"2022-10-26T11:55:42","slug":"rochie-stil-printesa-nuantata-bibien-bf0074","status":"publish","type":"product","link":"https:\/\/bridalfashion.com\/ro\/bali-ro\/rochie-stil-printesa-nuantata-bibien-bf0074\/","title":{"rendered":"O rochie de mireasa colorata BIBIEN &#8211; BF0074"},"content":{"rendered":"<h2>Descrierea modelului BIBIEN \u2013 rochie-prin\u021bes\u0103 colorat\u0103 cu o tren\u0103 luxoas\u0103<\/h2>\n<p>Modelul BIBIEN &#8211; BF0074 de la BRIDAL FASHION cu bustul din dantel\u0103 pe tulul transparent, des\u0103v\u00e2r\u0219it prin designul original al spatelui. BIBIEN \u2013 rochia-prin\u021bes\u0103 colorat\u0103 cu o tren\u0103 luxoas\u0103, va fi bine potrivit\u0103 pentru miresele cu orice tip de figur\u0103.<\/p>\n","protected":false},"excerpt":{"rendered":"<p>Descrierea modelului BIBIEN \u2013 rochie-prin\u021bes\u0103 colorat\u0103 cu o tren\u0103 luxoas\u0103 Modelul BIBIEN &#8211; BF0074 de la BRIDAL FASHION cu bustul din dantel\u0103 pe tulul transparent, des\u0103v\u00e2r\u0219it prin designul original al spatelui. BIBIEN \u2013 rochia-prin\u021bes\u0103 colorat\u0103 cu o tren\u0103 luxoas\u0103, va fi bine potrivit\u0103 pentru miresele cu orice tip de figur\u0103.<\/p>\n","protected":false},"featured_media":7737,"comment_status":"open","ping_status":"closed","template":"","meta":[],"product_brand":[],"product_cat":[980],"product_tag":[],"class_list":{"0":"post-12137","1":"product","2":"type-product","3":"status-publish","4":"has-post-thumbnail","6":"product_cat-bali-ro","8":"first","9":"instock","10":"taxable","11":"shipping-taxable","12":"product-type-simple"},"yoast_head":"<!-- This site is optimized with the Yoast SEO plugin v27.4 - https:\/\/yoast.com\/product\/yoast-seo-wordpress\/ -->\n<title>O rochie de mireasa colorata BIBIEN - BF0074 - BRIDAL FASHION \u2122 | Luxurious Wedding Dresses &amp; Fashionable Gowns for Women, Girls and Kids<\/title>\n<meta name=\"description\" content=\"Rochia-prin\u021bes\u0103 romantic\u0103, nuan\u021bat\u0103, cu o tren\u0103 bogat\u0103 BIBIEN -BF0074 din numeroase r\u00e2nduri de tul \u0219i o baz\u0103 din saten, are bustul deschis din ghipur\u0103 pe tulul transparent.\" \/>\n<meta name=\"robots\" content=\"index, follow, max-snippet:-1, max-image-preview:large, max-video-preview:-1\" \/>\n<link rel=\"canonical\" href=\"https:\/\/bridalfashion.com\/ro\/bali-ro\/rochie-stil-printesa-nuantata-bibien-bf0074\/\" \/>\n<meta property=\"og:locale\" content=\"ro_RO\" \/>\n<meta property=\"og:type\" content=\"article\" \/>\n<meta property=\"og:title\" content=\"O rochie de mireasa colorata BIBIEN - BF0074 - BRIDAL FASHION \u2122 | Luxurious Wedding Dresses &amp; Fashionable Gowns for Women, Girls and Kids\" \/>\n<meta property=\"og:description\" content=\"Rochia-prin\u021bes\u0103 romantic\u0103, nuan\u021bat\u0103, cu o tren\u0103 bogat\u0103 BIBIEN -BF0074 din numeroase r\u00e2nduri de tul \u0219i o baz\u0103 din saten, are bustul deschis din ghipur\u0103 pe tulul transparent.\" \/>\n<meta property=\"og:url\" content=\"https:\/\/bridalfashion.com\/ro\/bali-ro\/rochie-stil-printesa-nuantata-bibien-bf0074\/\" \/>\n<meta property=\"og:site_name\" content=\"BRIDAL FASHION \u2122 | Luxurious Wedding Dresses &amp; Fashionable Gowns for Women, Girls and Kids\" \/>\n<meta property=\"og:image\" content=\"https:\/\/bridalfashion.com\/wp-content\/uploads\/2021\/10\/BF0074_A.jpg\" \/>\n\t<meta property=\"og:image:width\" content=\"1517\" \/>\n\t<meta property=\"og:image:height\" content=\"2000\" \/>\n\t<meta property=\"og:image:type\" content=\"image\/jpeg\" \/>\n<meta name=\"twitter:card\" content=\"summary_large_image\" \/>\n<script type=\"application\/ld+json\" class=\"yoast-schema-graph\">{\"@context\":\"https:\\\/\\\/schema.org\",\"@graph\":[{\"@type\":\"WebPage\",\"@id\":\"https:\\\/\\\/bridalfashion.com\\\/ro\\\/bali-ro\\\/rochie-stil-printesa-nuantata-bibien-bf0074\\\/\",\"url\":\"https:\\\/\\\/bridalfashion.com\\\/ro\\\/bali-ro\\\/rochie-stil-printesa-nuantata-bibien-bf0074\\\/\",\"name\":\"O rochie de mireasa colorata BIBIEN - BF0074 - BRIDAL FASHION \u2122 | Luxurious Wedding Dresses &amp; Fashionable Gowns for Women, Girls and Kids\",\"isPartOf\":{\"@id\":\"https:\\\/\\\/bridalfashion.com\\\/ro\\\/#website\"},\"primaryImageOfPage\":{\"@id\":\"https:\\\/\\\/bridalfashion.com\\\/ro\\\/bali-ro\\\/rochie-stil-printesa-nuantata-bibien-bf0074\\\/#primaryimage\"},\"image\":{\"@id\":\"https:\\\/\\\/bridalfashion.com\\\/ro\\\/bali-ro\\\/rochie-stil-printesa-nuantata-bibien-bf0074\\\/#primaryimage\"},\"thumbnailUrl\":\"https:\\\/\\\/bridalfashion.com\\\/wp-content\\\/uploads\\\/2021\\\/10\\\/BF0074_A.jpg\",\"datePublished\":\"2022-10-26T11:55:42+00:00\",\"description\":\"Rochia-prin\u021bes\u0103 romantic\u0103, nuan\u021bat\u0103, cu o tren\u0103 bogat\u0103 BIBIEN -BF0074 din numeroase r\u00e2nduri de tul \u0219i o baz\u0103 din saten, are bustul deschis din ghipur\u0103 pe tulul transparent.\",\"breadcrumb\":{\"@id\":\"https:\\\/\\\/bridalfashion.com\\\/ro\\\/bali-ro\\\/rochie-stil-printesa-nuantata-bibien-bf0074\\\/#breadcrumb\"},\"inLanguage\":\"ro-RO\",\"potentialAction\":[{\"@type\":\"ReadAction\",\"target\":[\"https:\\\/\\\/bridalfashion.com\\\/ro\\\/bali-ro\\\/rochie-stil-printesa-nuantata-bibien-bf0074\\\/\"]}]},{\"@type\":\"ImageObject\",\"inLanguage\":\"ro-RO\",\"@id\":\"https:\\\/\\\/bridalfashion.com\\\/ro\\\/bali-ro\\\/rochie-stil-printesa-nuantata-bibien-bf0074\\\/#primaryimage\",\"url\":\"https:\\\/\\\/bridalfashion.com\\\/wp-content\\\/uploads\\\/2021\\\/10\\\/BF0074_A.jpg\",\"contentUrl\":\"https:\\\/\\\/bridalfashion.com\\\/wp-content\\\/uploads\\\/2021\\\/10\\\/BF0074_A.jpg\",\"width\":1517,\"height\":2000,\"caption\":\"o rochie colorat\u0103 \u00een stil prin\u021bes\u0103, cu o tren\u0103 superb\u0103 \u0219i un corset translucid din guipur\u0103 de la BIDAL FASHION - vedere frontal\u0103\"},{\"@type\":\"BreadcrumbList\",\"@id\":\"https:\\\/\\\/bridalfashion.com\\\/ro\\\/bali-ro\\\/rochie-stil-printesa-nuantata-bibien-bf0074\\\/#breadcrumb\",\"itemListElement\":[{\"@type\":\"ListItem\",\"position\":1,\"name\":\"Home\",\"item\":\"https:\\\/\\\/bridalfashion.com\\\/ro\\\/\"},{\"@type\":\"ListItem\",\"position\":2,\"name\":\"Shop\",\"item\":\"https:\\\/\\\/bridalfashion.com\\\/shop-2\\\/\"},{\"@type\":\"ListItem\",\"position\":3,\"name\":\"O rochie de mireasa colorata BIBIEN &#8211; BF0074\"}]},{\"@type\":\"WebSite\",\"@id\":\"https:\\\/\\\/bridalfashion.com\\\/ro\\\/#website\",\"url\":\"https:\\\/\\\/bridalfashion.com\\\/ro\\\/\",\"name\":\"BRIDAL FASHION \u2122 | Luxurious Wedding Dresses &amp; Fashionable Gowns for Women, Girls and Kids\",\"description\":\"Welcome the leading manufacturer and supplier of wedding dresses. We offer in wholesale a large selection of high quality wedding dress collections and accessories for your business at competitive prices. Shop our full range of bridal products today!\",\"publisher\":{\"@id\":\"https:\\\/\\\/bridalfashion.com\\\/ro\\\/#organization\"},\"potentialAction\":[{\"@type\":\"SearchAction\",\"target\":{\"@type\":\"EntryPoint\",\"urlTemplate\":\"https:\\\/\\\/bridalfashion.com\\\/ro\\\/?s={search_term_string}\"},\"query-input\":{\"@type\":\"PropertyValueSpecification\",\"valueRequired\":true,\"valueName\":\"search_term_string\"}}],\"inLanguage\":\"ro-RO\"},{\"@type\":\"Organization\",\"@id\":\"https:\\\/\\\/bridalfashion.com\\\/ro\\\/#organization\",\"name\":\"BRIDAL FASHION \u2122 | Luxurious Wedding Dresses &amp; Fashionable Gowns for Women, Girls and Kids\",\"url\":\"https:\\\/\\\/bridalfashion.com\\\/ro\\\/\",\"logo\":{\"@type\":\"ImageObject\",\"inLanguage\":\"ro-RO\",\"@id\":\"https:\\\/\\\/bridalfashion.com\\\/ro\\\/#\\\/schema\\\/logo\\\/image\\\/\",\"url\":\"https:\\\/\\\/bridalfashion.com\\\/wp-content\\\/uploads\\\/2022\\\/05\\\/cropped-BFG.png\",\"contentUrl\":\"https:\\\/\\\/bridalfashion.com\\\/wp-content\\\/uploads\\\/2022\\\/05\\\/cropped-BFG.png\",\"width\":1771,\"height\":119,\"caption\":\"BRIDAL FASHION \u2122 | Luxurious Wedding Dresses &amp; Fashionable Gowns for Women, Girls and Kids\"},\"image\":{\"@id\":\"https:\\\/\\\/bridalfashion.com\\\/ro\\\/#\\\/schema\\\/logo\\\/image\\\/\"}}]}<\/script>\n<!-- \/ Yoast SEO plugin. -->","yoast_head_json":{"title":"O rochie de mireasa colorata BIBIEN - BF0074 - BRIDAL FASHION \u2122 | Luxurious Wedding Dresses &amp; Fashionable Gowns for Women, Girls and Kids","description":"Rochia-prin\u021bes\u0103 romantic\u0103, nuan\u021bat\u0103, cu o tren\u0103 bogat\u0103 BIBIEN -BF0074 din numeroase r\u00e2nduri de tul \u0219i o baz\u0103 din saten, are bustul deschis din ghipur\u0103 pe tulul transparent.","robots":{"index":"index","follow":"follow","max-snippet":"max-snippet:-1","max-image-preview":"max-image-preview:large","max-video-preview":"max-video-preview:-1"},"canonical":"https:\/\/bridalfashion.com\/ro\/bali-ro\/rochie-stil-printesa-nuantata-bibien-bf0074\/","og_locale":"ro_RO","og_type":"article","og_title":"O rochie de mireasa colorata BIBIEN - BF0074 - BRIDAL FASHION \u2122 | Luxurious Wedding Dresses &amp; Fashionable Gowns for Women, Girls and Kids","og_description":"Rochia-prin\u021bes\u0103 romantic\u0103, nuan\u021bat\u0103, cu o tren\u0103 bogat\u0103 BIBIEN -BF0074 din numeroase r\u00e2nduri de tul \u0219i o baz\u0103 din saten, are bustul deschis din ghipur\u0103 pe tulul transparent.","og_url":"https:\/\/bridalfashion.com\/ro\/bali-ro\/rochie-stil-printesa-nuantata-bibien-bf0074\/","og_site_name":"BRIDAL FASHION \u2122 | Luxurious Wedding Dresses &amp; Fashionable Gowns for Women, Girls and Kids","og_image":[{"width":1517,"height":2000,"url":"https:\/\/bridalfashion.com\/wp-content\/uploads\/2021\/10\/BF0074_A.jpg","type":"image\/jpeg"}],"twitter_card":"summary_large_image","schema":{"@context":"https:\/\/schema.org","@graph":[{"@type":"WebPage","@id":"https:\/\/bridalfashion.com\/ro\/bali-ro\/rochie-stil-printesa-nuantata-bibien-bf0074\/","url":"https:\/\/bridalfashion.com\/ro\/bali-ro\/rochie-stil-printesa-nuantata-bibien-bf0074\/","name":"O rochie de mireasa colorata BIBIEN - BF0074 - BRIDAL FASHION \u2122 | Luxurious Wedding Dresses &amp; Fashionable Gowns for Women, Girls and Kids","isPartOf":{"@id":"https:\/\/bridalfashion.com\/ro\/#website"},"primaryImageOfPage":{"@id":"https:\/\/bridalfashion.com\/ro\/bali-ro\/rochie-stil-printesa-nuantata-bibien-bf0074\/#primaryimage"},"image":{"@id":"https:\/\/bridalfashion.com\/ro\/bali-ro\/rochie-stil-printesa-nuantata-bibien-bf0074\/#primaryimage"},"thumbnailUrl":"https:\/\/bridalfashion.com\/wp-content\/uploads\/2021\/10\/BF0074_A.jpg","datePublished":"2022-10-26T11:55:42+00:00","description":"Rochia-prin\u021bes\u0103 romantic\u0103, nuan\u021bat\u0103, cu o tren\u0103 bogat\u0103 BIBIEN -BF0074 din numeroase r\u00e2nduri de tul \u0219i o baz\u0103 din saten, are bustul deschis din ghipur\u0103 pe tulul transparent.","breadcrumb":{"@id":"https:\/\/bridalfashion.com\/ro\/bali-ro\/rochie-stil-printesa-nuantata-bibien-bf0074\/#breadcrumb"},"inLanguage":"ro-RO","potentialAction":[{"@type":"ReadAction","target":["https:\/\/bridalfashion.com\/ro\/bali-ro\/rochie-stil-printesa-nuantata-bibien-bf0074\/"]}]},{"@type":"ImageObject","inLanguage":"ro-RO","@id":"https:\/\/bridalfashion.com\/ro\/bali-ro\/rochie-stil-printesa-nuantata-bibien-bf0074\/#primaryimage","url":"https:\/\/bridalfashion.com\/wp-content\/uploads\/2021\/10\/BF0074_A.jpg","contentUrl":"https:\/\/bridalfashion.com\/wp-content\/uploads\/2021\/10\/BF0074_A.jpg","width":1517,"height":2000,"caption":"o rochie colorat\u0103 \u00een stil prin\u021bes\u0103, cu o tren\u0103 superb\u0103 \u0219i un corset translucid din guipur\u0103 de la BIDAL FASHION - vedere frontal\u0103"},{"@type":"BreadcrumbList","@id":"https:\/\/bridalfashion.com\/ro\/bali-ro\/rochie-stil-printesa-nuantata-bibien-bf0074\/#breadcrumb","itemListElement":[{"@type":"ListItem","position":1,"name":"Home","item":"https:\/\/bridalfashion.com\/ro\/"},{"@type":"ListItem","position":2,"name":"Shop","item":"https:\/\/bridalfashion.com\/shop-2\/"},{"@type":"ListItem","position":3,"name":"O rochie de mireasa colorata BIBIEN &#8211; BF0074"}]},{"@type":"WebSite","@id":"https:\/\/bridalfashion.com\/ro\/#website","url":"https:\/\/bridalfashion.com\/ro\/","name":"BRIDAL FASHION \u2122 | Luxurious Wedding Dresses &amp; Fashionable Gowns for Women, Girls and Kids","description":"Welcome the leading manufacturer and supplier of wedding dresses. We offer in wholesale a large selection of high quality wedding dress collections and accessories for your business at competitive prices. Shop our full range of bridal products today!","publisher":{"@id":"https:\/\/bridalfashion.com\/ro\/#organization"},"potentialAction":[{"@type":"SearchAction","target":{"@type":"EntryPoint","urlTemplate":"https:\/\/bridalfashion.com\/ro\/?s={search_term_string}"},"query-input":{"@type":"PropertyValueSpecification","valueRequired":true,"valueName":"search_term_string"}}],"inLanguage":"ro-RO"},{"@type":"Organization","@id":"https:\/\/bridalfashion.com\/ro\/#organization","name":"BRIDAL FASHION \u2122 | Luxurious Wedding Dresses &amp; Fashionable Gowns for Women, Girls and Kids","url":"https:\/\/bridalfashion.com\/ro\/","logo":{"@type":"ImageObject","inLanguage":"ro-RO","@id":"https:\/\/bridalfashion.com\/ro\/#\/schema\/logo\/image\/","url":"https:\/\/bridalfashion.com\/wp-content\/uploads\/2022\/05\/cropped-BFG.png","contentUrl":"https:\/\/bridalfashion.com\/wp-content\/uploads\/2022\/05\/cropped-BFG.png","width":1771,"height":119,"caption":"BRIDAL FASHION \u2122 | Luxurious Wedding Dresses &amp; Fashionable Gowns for Women, Girls and Kids"},"image":{"@id":"https:\/\/bridalfashion.com\/ro\/#\/schema\/logo\/image\/"}}]}},"_links":{"self":[{"href":"https:\/\/bridalfashion.com\/ro\/wp-json\/wp\/v2\/product\/12137","targetHints":{"allow":["GET"]}}],"collection":[{"href":"https:\/\/bridalfashion.com\/ro\/wp-json\/wp\/v2\/product"}],"about":[{"href":"https:\/\/bridalfashion.com\/ro\/wp-json\/wp\/v2\/types\/product"}],"replies":[{"embeddable":true,"href":"https:\/\/bridalfashion.com\/ro\/wp-json\/wp\/v2\/comments?post=12137"}],"wp:featuredmedia":[{"embeddable":true,"href":"https:\/\/bridalfashion.com\/ro\/wp-json\/wp\/v2\/media\/7737"}],"wp:attachment":[{"href":"https:\/\/bridalfashion.com\/ro\/wp-json\/wp\/v2\/media?parent=12137"}],"wp:term":[{"taxonomy":"product_brand","embeddable":true,"href":"https:\/\/bridalfashion.com\/ro\/wp-json\/wp\/v2\/product_brand?post=12137"},{"taxonomy":"product_cat","embeddable":true,"href":"https:\/\/bridalfashion.com\/ro\/wp-json\/wp\/v2\/product_cat?post=12137"},{"taxonomy":"product_tag","embeddable":true,"href":"https:\/\/bridalfashion.com\/ro\/wp-json\/wp\/v2\/product_tag?post=12137"}],"curies":[{"name":"wp","href":"https:\/\/api.w.org\/{rel}","templated":true}]}}