{"id":12134,"date":"2021-10-07T10:53:54","date_gmt":"2022-10-26T11:48:05","guid":{"rendered":"https:\/\/bridalfashion.com\/fara-categorie\/o-rochie-de-mireasa-senzuala-babbie-bf0073\/"},"modified":"2022-10-26T13:48:06","modified_gmt":"2022-10-26T11:48:06","slug":"rochie-de-mireasa-senzuala-si-foarte-romantica-babbie-bf0073","status":"publish","type":"product","link":"https:\/\/bridalfashion.com\/ro\/bali-ro\/rochie-de-mireasa-senzuala-si-foarte-romantica-babbie-bf0073\/","title":{"rendered":"O rochie de mireasa senzuala BABBIE &#8211; BF0073"},"content":{"rendered":"<h2>Descrierea modelului BABBIE \u2013 rochie de mireas\u0103 senzual\u0103 pentru o nunt\u0103 romantic\u0103<\/h2>\n<p>Modelul BABBIE &#8211; BF0073 de la BRIDAL FASHION \u2013 o rochie minunat\u0103 pentru o mireas\u0103 \u00eendr\u0103znea\u021b\u0103. Partea de sus semitransparent\u0103 din ghipur\u0103 costisitoare, se combin\u0103 \u00een mod potrivit cu fusta gen \u00abprin\u021bes\u0103\u00bb. BABBIE \u2013 rochia de mireas\u0103 senzual\u0103 pentru o nunt\u0103 romantic\u0103, va fi bine potrivit\u0103 pentru fetele cu diferite tipuri de figur\u0103.<\/p>\n","protected":false},"excerpt":{"rendered":"<p>Descrierea modelului BABBIE \u2013 rochie de mireas\u0103 senzual\u0103 pentru o nunt\u0103 romantic\u0103 Modelul BABBIE &#8211; BF0073 de la BRIDAL FASHION \u2013 o rochie minunat\u0103 pentru o mireas\u0103 \u00eendr\u0103znea\u021b\u0103. Partea de sus semitransparent\u0103 din ghipur\u0103 costisitoare, se combin\u0103 \u00een mod potrivit cu fusta gen \u00abprin\u021bes\u0103\u00bb. BABBIE \u2013 rochia de mireas\u0103 senzual\u0103 pentru o nunt\u0103 romantic\u0103, va&hellip;<\/p>\n","protected":false},"featured_media":7725,"comment_status":"open","ping_status":"closed","template":"","meta":[],"product_brand":[],"product_cat":[980],"product_tag":[],"class_list":{"0":"post-12134","1":"product","2":"type-product","3":"status-publish","4":"has-post-thumbnail","6":"product_cat-bali-ro","8":"first","9":"instock","10":"taxable","11":"shipping-taxable","12":"product-type-simple"},"yoast_head":"<!-- This site is optimized with the Yoast SEO plugin v27.5 - https:\/\/yoast.com\/product\/yoast-seo-wordpress\/ -->\n<title>O rochie de mireasa senzuala BABBIE - BF0073 - BRIDAL FASHION \u2122 | Luxurious Wedding Dresses &amp; Fashionable Gowns for Women, Girls and Kids<\/title>\n<meta name=\"description\" content=\"Rochia de mireas\u0103 senzual\u0103 pentru o nunt\u0103 romantic\u0103 BF0073 BABBIE cu un decolteu ad\u00e2nc sexy, are o tren\u0103 regal\u0103 luxoas\u0103.\" \/>\n<meta name=\"robots\" content=\"index, follow, max-snippet:-1, max-image-preview:large, max-video-preview:-1\" \/>\n<link rel=\"canonical\" href=\"https:\/\/bridalfashion.com\/ro\/bali-ro\/rochie-de-mireasa-senzuala-si-foarte-romantica-babbie-bf0073\/\" \/>\n<meta property=\"og:locale\" content=\"ro_RO\" \/>\n<meta property=\"og:type\" content=\"article\" \/>\n<meta property=\"og:title\" content=\"O rochie de mireasa senzuala BABBIE - BF0073 - BRIDAL FASHION \u2122 | Luxurious Wedding Dresses &amp; Fashionable Gowns for Women, Girls and Kids\" \/>\n<meta property=\"og:description\" content=\"Rochia de mireas\u0103 senzual\u0103 pentru o nunt\u0103 romantic\u0103 BF0073 BABBIE cu un decolteu ad\u00e2nc sexy, are o tren\u0103 regal\u0103 luxoas\u0103.\" \/>\n<meta property=\"og:url\" content=\"https:\/\/bridalfashion.com\/ro\/bali-ro\/rochie-de-mireasa-senzuala-si-foarte-romantica-babbie-bf0073\/\" \/>\n<meta property=\"og:site_name\" content=\"BRIDAL FASHION \u2122 | Luxurious Wedding Dresses &amp; Fashionable Gowns for Women, Girls and Kids\" \/>\n<meta property=\"article:modified_time\" content=\"2022-10-26T11:48:06+00:00\" \/>\n<meta property=\"og:image\" content=\"https:\/\/bridalfashion.com\/wp-content\/uploads\/2021\/10\/BF0073_C.jpg\" \/>\n\t<meta property=\"og:image:width\" content=\"1517\" \/>\n\t<meta property=\"og:image:height\" content=\"2000\" \/>\n\t<meta property=\"og:image:type\" content=\"image\/jpeg\" \/>\n<meta name=\"twitter:card\" content=\"summary_large_image\" \/>\n<script type=\"application\/ld+json\" class=\"yoast-schema-graph\">{\"@context\":\"https:\\\/\\\/schema.org\",\"@graph\":[{\"@type\":\"WebPage\",\"@id\":\"https:\\\/\\\/bridalfashion.com\\\/ro\\\/bali-ro\\\/rochie-de-mireasa-senzuala-si-foarte-romantica-babbie-bf0073\\\/\",\"url\":\"https:\\\/\\\/bridalfashion.com\\\/ro\\\/bali-ro\\\/rochie-de-mireasa-senzuala-si-foarte-romantica-babbie-bf0073\\\/\",\"name\":\"O rochie de mireasa senzuala BABBIE - BF0073 - BRIDAL FASHION \u2122 | Luxurious Wedding Dresses &amp; Fashionable Gowns for Women, Girls and Kids\",\"isPartOf\":{\"@id\":\"https:\\\/\\\/bridalfashion.com\\\/ro\\\/#website\"},\"primaryImageOfPage\":{\"@id\":\"https:\\\/\\\/bridalfashion.com\\\/ro\\\/bali-ro\\\/rochie-de-mireasa-senzuala-si-foarte-romantica-babbie-bf0073\\\/#primaryimage\"},\"image\":{\"@id\":\"https:\\\/\\\/bridalfashion.com\\\/ro\\\/bali-ro\\\/rochie-de-mireasa-senzuala-si-foarte-romantica-babbie-bf0073\\\/#primaryimage\"},\"thumbnailUrl\":\"https:\\\/\\\/bridalfashion.com\\\/wp-content\\\/uploads\\\/2021\\\/10\\\/BF0073_C.jpg\",\"datePublished\":\"2022-10-26T11:48:05+00:00\",\"dateModified\":\"2022-10-26T11:48:06+00:00\",\"description\":\"Rochia de mireas\u0103 senzual\u0103 pentru o nunt\u0103 romantic\u0103 BF0073 BABBIE cu un decolteu ad\u00e2nc sexy, are o tren\u0103 regal\u0103 luxoas\u0103.\",\"breadcrumb\":{\"@id\":\"https:\\\/\\\/bridalfashion.com\\\/ro\\\/bali-ro\\\/rochie-de-mireasa-senzuala-si-foarte-romantica-babbie-bf0073\\\/#breadcrumb\"},\"inLanguage\":\"ro-RO\",\"potentialAction\":[{\"@type\":\"ReadAction\",\"target\":[\"https:\\\/\\\/bridalfashion.com\\\/ro\\\/bali-ro\\\/rochie-de-mireasa-senzuala-si-foarte-romantica-babbie-bf0073\\\/\"]}]},{\"@type\":\"ImageObject\",\"inLanguage\":\"ro-RO\",\"@id\":\"https:\\\/\\\/bridalfashion.com\\\/ro\\\/bali-ro\\\/rochie-de-mireasa-senzuala-si-foarte-romantica-babbie-bf0073\\\/#primaryimage\",\"url\":\"https:\\\/\\\/bridalfashion.com\\\/wp-content\\\/uploads\\\/2021\\\/10\\\/BF0073_C.jpg\",\"contentUrl\":\"https:\\\/\\\/bridalfashion.com\\\/wp-content\\\/uploads\\\/2021\\\/10\\\/BF0073_C.jpg\",\"width\":1517,\"height\":2000,\"caption\":\"aceasta rochie de mireasa senzuala pentru o nunta foarte romantica este completata cu o trena regala de la BRIDAL FASHION - vedere din spate\"},{\"@type\":\"BreadcrumbList\",\"@id\":\"https:\\\/\\\/bridalfashion.com\\\/ro\\\/bali-ro\\\/rochie-de-mireasa-senzuala-si-foarte-romantica-babbie-bf0073\\\/#breadcrumb\",\"itemListElement\":[{\"@type\":\"ListItem\",\"position\":1,\"name\":\"Home\",\"item\":\"https:\\\/\\\/bridalfashion.com\\\/ro\\\/\"},{\"@type\":\"ListItem\",\"position\":2,\"name\":\"Shop\",\"item\":\"https:\\\/\\\/bridalfashion.com\\\/shop-2\\\/\"},{\"@type\":\"ListItem\",\"position\":3,\"name\":\"O rochie de mireasa senzuala BABBIE &#8211; BF0073\"}]},{\"@type\":\"WebSite\",\"@id\":\"https:\\\/\\\/bridalfashion.com\\\/ro\\\/#website\",\"url\":\"https:\\\/\\\/bridalfashion.com\\\/ro\\\/\",\"name\":\"BRIDAL FASHION \u2122 | Luxurious Wedding Dresses &amp; Fashionable Gowns for Women, Girls and Kids\",\"description\":\"Welcome the leading manufacturer and supplier of wedding dresses. We offer in wholesale a large selection of high quality wedding dress collections and accessories for your business at competitive prices. Shop our full range of bridal products today!\",\"publisher\":{\"@id\":\"https:\\\/\\\/bridalfashion.com\\\/ro\\\/#organization\"},\"potentialAction\":[{\"@type\":\"SearchAction\",\"target\":{\"@type\":\"EntryPoint\",\"urlTemplate\":\"https:\\\/\\\/bridalfashion.com\\\/ro\\\/?s={search_term_string}\"},\"query-input\":{\"@type\":\"PropertyValueSpecification\",\"valueRequired\":true,\"valueName\":\"search_term_string\"}}],\"inLanguage\":\"ro-RO\"},{\"@type\":\"Organization\",\"@id\":\"https:\\\/\\\/bridalfashion.com\\\/ro\\\/#organization\",\"name\":\"BRIDAL FASHION \u2122 | Luxurious Wedding Dresses &amp; Fashionable Gowns for Women, Girls and Kids\",\"url\":\"https:\\\/\\\/bridalfashion.com\\\/ro\\\/\",\"logo\":{\"@type\":\"ImageObject\",\"inLanguage\":\"ro-RO\",\"@id\":\"https:\\\/\\\/bridalfashion.com\\\/ro\\\/#\\\/schema\\\/logo\\\/image\\\/\",\"url\":\"https:\\\/\\\/bridalfashion.com\\\/wp-content\\\/uploads\\\/2022\\\/05\\\/cropped-BFG.png\",\"contentUrl\":\"https:\\\/\\\/bridalfashion.com\\\/wp-content\\\/uploads\\\/2022\\\/05\\\/cropped-BFG.png\",\"width\":1771,\"height\":119,\"caption\":\"BRIDAL FASHION \u2122 | Luxurious Wedding Dresses &amp; Fashionable Gowns for Women, Girls and Kids\"},\"image\":{\"@id\":\"https:\\\/\\\/bridalfashion.com\\\/ro\\\/#\\\/schema\\\/logo\\\/image\\\/\"}}]}<\/script>\n<!-- \/ Yoast SEO plugin. -->","yoast_head_json":{"title":"O rochie de mireasa senzuala BABBIE - BF0073 - BRIDAL FASHION \u2122 | Luxurious Wedding Dresses &amp; Fashionable Gowns for Women, Girls and Kids","description":"Rochia de mireas\u0103 senzual\u0103 pentru o nunt\u0103 romantic\u0103 BF0073 BABBIE cu un decolteu ad\u00e2nc sexy, are o tren\u0103 regal\u0103 luxoas\u0103.","robots":{"index":"index","follow":"follow","max-snippet":"max-snippet:-1","max-image-preview":"max-image-preview:large","max-video-preview":"max-video-preview:-1"},"canonical":"https:\/\/bridalfashion.com\/ro\/bali-ro\/rochie-de-mireasa-senzuala-si-foarte-romantica-babbie-bf0073\/","og_locale":"ro_RO","og_type":"article","og_title":"O rochie de mireasa senzuala BABBIE - BF0073 - BRIDAL FASHION \u2122 | Luxurious Wedding Dresses &amp; Fashionable Gowns for Women, Girls and Kids","og_description":"Rochia de mireas\u0103 senzual\u0103 pentru o nunt\u0103 romantic\u0103 BF0073 BABBIE cu un decolteu ad\u00e2nc sexy, are o tren\u0103 regal\u0103 luxoas\u0103.","og_url":"https:\/\/bridalfashion.com\/ro\/bali-ro\/rochie-de-mireasa-senzuala-si-foarte-romantica-babbie-bf0073\/","og_site_name":"BRIDAL FASHION \u2122 | Luxurious Wedding Dresses &amp; Fashionable Gowns for Women, Girls and Kids","article_modified_time":"2022-10-26T11:48:06+00:00","og_image":[{"width":1517,"height":2000,"url":"https:\/\/bridalfashion.com\/wp-content\/uploads\/2021\/10\/BF0073_C.jpg","type":"image\/jpeg"}],"twitter_card":"summary_large_image","schema":{"@context":"https:\/\/schema.org","@graph":[{"@type":"WebPage","@id":"https:\/\/bridalfashion.com\/ro\/bali-ro\/rochie-de-mireasa-senzuala-si-foarte-romantica-babbie-bf0073\/","url":"https:\/\/bridalfashion.com\/ro\/bali-ro\/rochie-de-mireasa-senzuala-si-foarte-romantica-babbie-bf0073\/","name":"O rochie de mireasa senzuala BABBIE - BF0073 - BRIDAL FASHION \u2122 | Luxurious Wedding Dresses &amp; Fashionable Gowns for Women, Girls and Kids","isPartOf":{"@id":"https:\/\/bridalfashion.com\/ro\/#website"},"primaryImageOfPage":{"@id":"https:\/\/bridalfashion.com\/ro\/bali-ro\/rochie-de-mireasa-senzuala-si-foarte-romantica-babbie-bf0073\/#primaryimage"},"image":{"@id":"https:\/\/bridalfashion.com\/ro\/bali-ro\/rochie-de-mireasa-senzuala-si-foarte-romantica-babbie-bf0073\/#primaryimage"},"thumbnailUrl":"https:\/\/bridalfashion.com\/wp-content\/uploads\/2021\/10\/BF0073_C.jpg","datePublished":"2022-10-26T11:48:05+00:00","dateModified":"2022-10-26T11:48:06+00:00","description":"Rochia de mireas\u0103 senzual\u0103 pentru o nunt\u0103 romantic\u0103 BF0073 BABBIE cu un decolteu ad\u00e2nc sexy, are o tren\u0103 regal\u0103 luxoas\u0103.","breadcrumb":{"@id":"https:\/\/bridalfashion.com\/ro\/bali-ro\/rochie-de-mireasa-senzuala-si-foarte-romantica-babbie-bf0073\/#breadcrumb"},"inLanguage":"ro-RO","potentialAction":[{"@type":"ReadAction","target":["https:\/\/bridalfashion.com\/ro\/bali-ro\/rochie-de-mireasa-senzuala-si-foarte-romantica-babbie-bf0073\/"]}]},{"@type":"ImageObject","inLanguage":"ro-RO","@id":"https:\/\/bridalfashion.com\/ro\/bali-ro\/rochie-de-mireasa-senzuala-si-foarte-romantica-babbie-bf0073\/#primaryimage","url":"https:\/\/bridalfashion.com\/wp-content\/uploads\/2021\/10\/BF0073_C.jpg","contentUrl":"https:\/\/bridalfashion.com\/wp-content\/uploads\/2021\/10\/BF0073_C.jpg","width":1517,"height":2000,"caption":"aceasta rochie de mireasa senzuala pentru o nunta foarte romantica este completata cu o trena regala de la BRIDAL FASHION - vedere din spate"},{"@type":"BreadcrumbList","@id":"https:\/\/bridalfashion.com\/ro\/bali-ro\/rochie-de-mireasa-senzuala-si-foarte-romantica-babbie-bf0073\/#breadcrumb","itemListElement":[{"@type":"ListItem","position":1,"name":"Home","item":"https:\/\/bridalfashion.com\/ro\/"},{"@type":"ListItem","position":2,"name":"Shop","item":"https:\/\/bridalfashion.com\/shop-2\/"},{"@type":"ListItem","position":3,"name":"O rochie de mireasa senzuala BABBIE &#8211; BF0073"}]},{"@type":"WebSite","@id":"https:\/\/bridalfashion.com\/ro\/#website","url":"https:\/\/bridalfashion.com\/ro\/","name":"BRIDAL FASHION \u2122 | Luxurious Wedding Dresses &amp; Fashionable Gowns for Women, Girls and Kids","description":"Welcome the leading manufacturer and supplier of wedding dresses. We offer in wholesale a large selection of high quality wedding dress collections and accessories for your business at competitive prices. Shop our full range of bridal products today!","publisher":{"@id":"https:\/\/bridalfashion.com\/ro\/#organization"},"potentialAction":[{"@type":"SearchAction","target":{"@type":"EntryPoint","urlTemplate":"https:\/\/bridalfashion.com\/ro\/?s={search_term_string}"},"query-input":{"@type":"PropertyValueSpecification","valueRequired":true,"valueName":"search_term_string"}}],"inLanguage":"ro-RO"},{"@type":"Organization","@id":"https:\/\/bridalfashion.com\/ro\/#organization","name":"BRIDAL FASHION \u2122 | Luxurious Wedding Dresses &amp; Fashionable Gowns for Women, Girls and Kids","url":"https:\/\/bridalfashion.com\/ro\/","logo":{"@type":"ImageObject","inLanguage":"ro-RO","@id":"https:\/\/bridalfashion.com\/ro\/#\/schema\/logo\/image\/","url":"https:\/\/bridalfashion.com\/wp-content\/uploads\/2022\/05\/cropped-BFG.png","contentUrl":"https:\/\/bridalfashion.com\/wp-content\/uploads\/2022\/05\/cropped-BFG.png","width":1771,"height":119,"caption":"BRIDAL FASHION \u2122 | Luxurious Wedding Dresses &amp; Fashionable Gowns for Women, Girls and Kids"},"image":{"@id":"https:\/\/bridalfashion.com\/ro\/#\/schema\/logo\/image\/"}}]}},"_links":{"self":[{"href":"https:\/\/bridalfashion.com\/ro\/wp-json\/wp\/v2\/product\/12134","targetHints":{"allow":["GET"]}}],"collection":[{"href":"https:\/\/bridalfashion.com\/ro\/wp-json\/wp\/v2\/product"}],"about":[{"href":"https:\/\/bridalfashion.com\/ro\/wp-json\/wp\/v2\/types\/product"}],"replies":[{"embeddable":true,"href":"https:\/\/bridalfashion.com\/ro\/wp-json\/wp\/v2\/comments?post=12134"}],"wp:featuredmedia":[{"embeddable":true,"href":"https:\/\/bridalfashion.com\/ro\/wp-json\/wp\/v2\/media\/7725"}],"wp:attachment":[{"href":"https:\/\/bridalfashion.com\/ro\/wp-json\/wp\/v2\/media?parent=12134"}],"wp:term":[{"taxonomy":"product_brand","embeddable":true,"href":"https:\/\/bridalfashion.com\/ro\/wp-json\/wp\/v2\/product_brand?post=12134"},{"taxonomy":"product_cat","embeddable":true,"href":"https:\/\/bridalfashion.com\/ro\/wp-json\/wp\/v2\/product_cat?post=12134"},{"taxonomy":"product_tag","embeddable":true,"href":"https:\/\/bridalfashion.com\/ro\/wp-json\/wp\/v2\/product_tag?post=12134"}],"curies":[{"name":"wp","href":"https:\/\/api.w.org\/{rel}","templated":true}]}}