{"id":12125,"date":"2021-10-07T10:45:59","date_gmt":"2022-10-26T11:24:58","guid":{"rendered":"https:\/\/bridalfashion.com\/fara-categorie\/o-rochie-de-mireasa-cu-design-clasic-belona-bf0070\/"},"modified":"2022-10-26T13:24:58","modified_gmt":"2022-10-26T11:24:58","slug":"o-rochie-de-mireasa-elegant-stil-printesa-belona-bf0070","status":"publish","type":"product","link":"https:\/\/bridalfashion.com\/ro\/bali-ro\/o-rochie-de-mireasa-elegant-stil-printesa-belona-bf0070\/","title":{"rendered":"O rochie de mireasa cu design clasic BELONA &#8211; BF0070"},"content":{"rendered":"<h2>Descrierea modelului BELONA \u2013 o rochie de mireas\u0103 elegant\u0103 din saten pur alb, gen \u00abprin\u021bes\u0103\u00bb<\/h2>\n<p>Modelul BELONA &#8211; BF0070 de la BRIDAL FASHION \u2013 rochie de mireas\u0103 \u00een stil clasic. Pertea de sus bine potrivit\u0103, la spate se \u00eenchide pe \u0219iret, iar pe m\u00e2necile lungi &#8211; o \u00eencheietoare elegant\u0103 din nasturi-perlu\u021be p\u00e2n\u0103 la cot. BELONA \u2013 o rochie de nunt\u0103 elegant\u0103 din saten alb, completat\u0103 cu o tren\u0103 bogat\u0103.<\/p>\n","protected":false},"excerpt":{"rendered":"<p>Descrierea modelului BELONA \u2013 o rochie de mireas\u0103 elegant\u0103 din saten pur alb, gen \u00abprin\u021bes\u0103\u00bb Modelul BELONA &#8211; BF0070 de la BRIDAL FASHION \u2013 rochie de mireas\u0103 \u00een stil clasic. Pertea de sus bine potrivit\u0103, la spate se \u00eenchide pe \u0219iret, iar pe m\u00e2necile lungi &#8211; o \u00eencheietoare elegant\u0103 din nasturi-perlu\u021be p\u00e2n\u0103 la cot. BELONA&hellip;<\/p>\n","protected":false},"featured_media":7698,"comment_status":"open","ping_status":"closed","template":"","meta":[],"product_brand":[],"product_cat":[980],"product_tag":[],"class_list":{"0":"post-12125","1":"product","2":"type-product","3":"status-publish","4":"has-post-thumbnail","6":"product_cat-bali-ro","8":"first","9":"instock","10":"taxable","11":"shipping-taxable","12":"product-type-simple"},"yoast_head":"<!-- This site is optimized with the Yoast SEO plugin v27.4 - https:\/\/yoast.com\/product\/yoast-seo-wordpress\/ -->\n<title>O rochie de mireasa cu design clasic BELONA - BF0070 - BRIDAL FASHION \u2122 | Luxurious Wedding Dresses &amp; Fashionable Gowns for Women, Girls and Kids<\/title>\n<meta name=\"description\" content=\"Modelul deosebit de ginga\u0219 BELONA - BF0070 \u2013 o rochie de nunt\u0103 elegant\u0103 din saten pur alb cu o \u00eencheietoare elegant\u0103 din perlu\u021be pe m\u00e2necile lungi. Fusta, ce cade liber, este des\u0103v\u00e2r\u0219it\u0103 printr-o tren\u0103 splendid\u0103.\" \/>\n<meta name=\"robots\" content=\"index, follow, max-snippet:-1, max-image-preview:large, max-video-preview:-1\" \/>\n<link rel=\"canonical\" href=\"https:\/\/bridalfashion.com\/ro\/bali-ro\/o-rochie-de-mireasa-elegant-stil-printesa-belona-bf0070\/\" \/>\n<meta property=\"og:locale\" content=\"ro_RO\" \/>\n<meta property=\"og:type\" content=\"article\" \/>\n<meta property=\"og:title\" content=\"O rochie de mireasa cu design clasic BELONA - BF0070 - BRIDAL FASHION \u2122 | Luxurious Wedding Dresses &amp; Fashionable Gowns for Women, Girls and Kids\" \/>\n<meta property=\"og:description\" content=\"Modelul deosebit de ginga\u0219 BELONA - BF0070 \u2013 o rochie de nunt\u0103 elegant\u0103 din saten pur alb cu o \u00eencheietoare elegant\u0103 din perlu\u021be pe m\u00e2necile lungi. Fusta, ce cade liber, este des\u0103v\u00e2r\u0219it\u0103 printr-o tren\u0103 splendid\u0103.\" \/>\n<meta property=\"og:url\" content=\"https:\/\/bridalfashion.com\/ro\/bali-ro\/o-rochie-de-mireasa-elegant-stil-printesa-belona-bf0070\/\" \/>\n<meta property=\"og:site_name\" content=\"BRIDAL FASHION \u2122 | Luxurious Wedding Dresses &amp; Fashionable Gowns for Women, Girls and Kids\" \/>\n<meta property=\"og:image\" content=\"https:\/\/bridalfashion.com\/wp-content\/uploads\/2021\/10\/BF0070_A.jpg\" \/>\n\t<meta property=\"og:image:width\" content=\"1517\" \/>\n\t<meta property=\"og:image:height\" content=\"2000\" \/>\n\t<meta property=\"og:image:type\" content=\"image\/jpeg\" \/>\n<meta name=\"twitter:card\" content=\"summary_large_image\" \/>\n<script type=\"application\/ld+json\" class=\"yoast-schema-graph\">{\"@context\":\"https:\\\/\\\/schema.org\",\"@graph\":[{\"@type\":\"WebPage\",\"@id\":\"https:\\\/\\\/bridalfashion.com\\\/ro\\\/bali-ro\\\/o-rochie-de-mireasa-elegant-stil-printesa-belona-bf0070\\\/\",\"url\":\"https:\\\/\\\/bridalfashion.com\\\/ro\\\/bali-ro\\\/o-rochie-de-mireasa-elegant-stil-printesa-belona-bf0070\\\/\",\"name\":\"O rochie de mireasa cu design clasic BELONA - BF0070 - BRIDAL FASHION \u2122 | Luxurious Wedding Dresses &amp; Fashionable Gowns for Women, Girls and Kids\",\"isPartOf\":{\"@id\":\"https:\\\/\\\/bridalfashion.com\\\/ro\\\/#website\"},\"primaryImageOfPage\":{\"@id\":\"https:\\\/\\\/bridalfashion.com\\\/ro\\\/bali-ro\\\/o-rochie-de-mireasa-elegant-stil-printesa-belona-bf0070\\\/#primaryimage\"},\"image\":{\"@id\":\"https:\\\/\\\/bridalfashion.com\\\/ro\\\/bali-ro\\\/o-rochie-de-mireasa-elegant-stil-printesa-belona-bf0070\\\/#primaryimage\"},\"thumbnailUrl\":\"https:\\\/\\\/bridalfashion.com\\\/wp-content\\\/uploads\\\/2021\\\/10\\\/BF0070_A.jpg\",\"datePublished\":\"2022-10-26T11:24:58+00:00\",\"description\":\"Modelul deosebit de ginga\u0219 BELONA - BF0070 \u2013 o rochie de nunt\u0103 elegant\u0103 din saten pur alb cu o \u00eencheietoare elegant\u0103 din perlu\u021be pe m\u00e2necile lungi. Fusta, ce cade liber, este des\u0103v\u00e2r\u0219it\u0103 printr-o tren\u0103 splendid\u0103.\",\"breadcrumb\":{\"@id\":\"https:\\\/\\\/bridalfashion.com\\\/ro\\\/bali-ro\\\/o-rochie-de-mireasa-elegant-stil-printesa-belona-bf0070\\\/#breadcrumb\"},\"inLanguage\":\"ro-RO\",\"potentialAction\":[{\"@type\":\"ReadAction\",\"target\":[\"https:\\\/\\\/bridalfashion.com\\\/ro\\\/bali-ro\\\/o-rochie-de-mireasa-elegant-stil-printesa-belona-bf0070\\\/\"]}]},{\"@type\":\"ImageObject\",\"inLanguage\":\"ro-RO\",\"@id\":\"https:\\\/\\\/bridalfashion.com\\\/ro\\\/bali-ro\\\/o-rochie-de-mireasa-elegant-stil-printesa-belona-bf0070\\\/#primaryimage\",\"url\":\"https:\\\/\\\/bridalfashion.com\\\/wp-content\\\/uploads\\\/2021\\\/10\\\/BF0070_A.jpg\",\"contentUrl\":\"https:\\\/\\\/bridalfashion.com\\\/wp-content\\\/uploads\\\/2021\\\/10\\\/BF0070_A.jpg\",\"width\":1517,\"height\":2000,\"caption\":\"o rochie de mireasa eleganta din satin alb ca zapada cu perle pe maneca lunga si o trena minunata de la BRIDAL FASHION - vedere frontala\"},{\"@type\":\"BreadcrumbList\",\"@id\":\"https:\\\/\\\/bridalfashion.com\\\/ro\\\/bali-ro\\\/o-rochie-de-mireasa-elegant-stil-printesa-belona-bf0070\\\/#breadcrumb\",\"itemListElement\":[{\"@type\":\"ListItem\",\"position\":1,\"name\":\"Home\",\"item\":\"https:\\\/\\\/bridalfashion.com\\\/ro\\\/\"},{\"@type\":\"ListItem\",\"position\":2,\"name\":\"Shop\",\"item\":\"https:\\\/\\\/bridalfashion.com\\\/shop-2\\\/\"},{\"@type\":\"ListItem\",\"position\":3,\"name\":\"O rochie de mireasa cu design clasic BELONA &#8211; BF0070\"}]},{\"@type\":\"WebSite\",\"@id\":\"https:\\\/\\\/bridalfashion.com\\\/ro\\\/#website\",\"url\":\"https:\\\/\\\/bridalfashion.com\\\/ro\\\/\",\"name\":\"BRIDAL FASHION \u2122 | Luxurious Wedding Dresses &amp; Fashionable Gowns for Women, Girls and Kids\",\"description\":\"Welcome the leading manufacturer and supplier of wedding dresses. We offer in wholesale a large selection of high quality wedding dress collections and accessories for your business at competitive prices. Shop our full range of bridal products today!\",\"publisher\":{\"@id\":\"https:\\\/\\\/bridalfashion.com\\\/ro\\\/#organization\"},\"potentialAction\":[{\"@type\":\"SearchAction\",\"target\":{\"@type\":\"EntryPoint\",\"urlTemplate\":\"https:\\\/\\\/bridalfashion.com\\\/ro\\\/?s={search_term_string}\"},\"query-input\":{\"@type\":\"PropertyValueSpecification\",\"valueRequired\":true,\"valueName\":\"search_term_string\"}}],\"inLanguage\":\"ro-RO\"},{\"@type\":\"Organization\",\"@id\":\"https:\\\/\\\/bridalfashion.com\\\/ro\\\/#organization\",\"name\":\"BRIDAL FASHION \u2122 | Luxurious Wedding Dresses &amp; Fashionable Gowns for Women, Girls and Kids\",\"url\":\"https:\\\/\\\/bridalfashion.com\\\/ro\\\/\",\"logo\":{\"@type\":\"ImageObject\",\"inLanguage\":\"ro-RO\",\"@id\":\"https:\\\/\\\/bridalfashion.com\\\/ro\\\/#\\\/schema\\\/logo\\\/image\\\/\",\"url\":\"https:\\\/\\\/bridalfashion.com\\\/wp-content\\\/uploads\\\/2022\\\/05\\\/cropped-BFG.png\",\"contentUrl\":\"https:\\\/\\\/bridalfashion.com\\\/wp-content\\\/uploads\\\/2022\\\/05\\\/cropped-BFG.png\",\"width\":1771,\"height\":119,\"caption\":\"BRIDAL FASHION \u2122 | Luxurious Wedding Dresses &amp; Fashionable Gowns for Women, Girls and Kids\"},\"image\":{\"@id\":\"https:\\\/\\\/bridalfashion.com\\\/ro\\\/#\\\/schema\\\/logo\\\/image\\\/\"}}]}<\/script>\n<!-- \/ Yoast SEO plugin. -->","yoast_head_json":{"title":"O rochie de mireasa cu design clasic BELONA - BF0070 - BRIDAL FASHION \u2122 | Luxurious Wedding Dresses &amp; Fashionable Gowns for Women, Girls and Kids","description":"Modelul deosebit de ginga\u0219 BELONA - BF0070 \u2013 o rochie de nunt\u0103 elegant\u0103 din saten pur alb cu o \u00eencheietoare elegant\u0103 din perlu\u021be pe m\u00e2necile lungi. Fusta, ce cade liber, este des\u0103v\u00e2r\u0219it\u0103 printr-o tren\u0103 splendid\u0103.","robots":{"index":"index","follow":"follow","max-snippet":"max-snippet:-1","max-image-preview":"max-image-preview:large","max-video-preview":"max-video-preview:-1"},"canonical":"https:\/\/bridalfashion.com\/ro\/bali-ro\/o-rochie-de-mireasa-elegant-stil-printesa-belona-bf0070\/","og_locale":"ro_RO","og_type":"article","og_title":"O rochie de mireasa cu design clasic BELONA - BF0070 - BRIDAL FASHION \u2122 | Luxurious Wedding Dresses &amp; Fashionable Gowns for Women, Girls and Kids","og_description":"Modelul deosebit de ginga\u0219 BELONA - BF0070 \u2013 o rochie de nunt\u0103 elegant\u0103 din saten pur alb cu o \u00eencheietoare elegant\u0103 din perlu\u021be pe m\u00e2necile lungi. Fusta, ce cade liber, este des\u0103v\u00e2r\u0219it\u0103 printr-o tren\u0103 splendid\u0103.","og_url":"https:\/\/bridalfashion.com\/ro\/bali-ro\/o-rochie-de-mireasa-elegant-stil-printesa-belona-bf0070\/","og_site_name":"BRIDAL FASHION \u2122 | Luxurious Wedding Dresses &amp; Fashionable Gowns for Women, Girls and Kids","og_image":[{"width":1517,"height":2000,"url":"https:\/\/bridalfashion.com\/wp-content\/uploads\/2021\/10\/BF0070_A.jpg","type":"image\/jpeg"}],"twitter_card":"summary_large_image","schema":{"@context":"https:\/\/schema.org","@graph":[{"@type":"WebPage","@id":"https:\/\/bridalfashion.com\/ro\/bali-ro\/o-rochie-de-mireasa-elegant-stil-printesa-belona-bf0070\/","url":"https:\/\/bridalfashion.com\/ro\/bali-ro\/o-rochie-de-mireasa-elegant-stil-printesa-belona-bf0070\/","name":"O rochie de mireasa cu design clasic BELONA - BF0070 - BRIDAL FASHION \u2122 | Luxurious Wedding Dresses &amp; Fashionable Gowns for Women, Girls and Kids","isPartOf":{"@id":"https:\/\/bridalfashion.com\/ro\/#website"},"primaryImageOfPage":{"@id":"https:\/\/bridalfashion.com\/ro\/bali-ro\/o-rochie-de-mireasa-elegant-stil-printesa-belona-bf0070\/#primaryimage"},"image":{"@id":"https:\/\/bridalfashion.com\/ro\/bali-ro\/o-rochie-de-mireasa-elegant-stil-printesa-belona-bf0070\/#primaryimage"},"thumbnailUrl":"https:\/\/bridalfashion.com\/wp-content\/uploads\/2021\/10\/BF0070_A.jpg","datePublished":"2022-10-26T11:24:58+00:00","description":"Modelul deosebit de ginga\u0219 BELONA - BF0070 \u2013 o rochie de nunt\u0103 elegant\u0103 din saten pur alb cu o \u00eencheietoare elegant\u0103 din perlu\u021be pe m\u00e2necile lungi. Fusta, ce cade liber, este des\u0103v\u00e2r\u0219it\u0103 printr-o tren\u0103 splendid\u0103.","breadcrumb":{"@id":"https:\/\/bridalfashion.com\/ro\/bali-ro\/o-rochie-de-mireasa-elegant-stil-printesa-belona-bf0070\/#breadcrumb"},"inLanguage":"ro-RO","potentialAction":[{"@type":"ReadAction","target":["https:\/\/bridalfashion.com\/ro\/bali-ro\/o-rochie-de-mireasa-elegant-stil-printesa-belona-bf0070\/"]}]},{"@type":"ImageObject","inLanguage":"ro-RO","@id":"https:\/\/bridalfashion.com\/ro\/bali-ro\/o-rochie-de-mireasa-elegant-stil-printesa-belona-bf0070\/#primaryimage","url":"https:\/\/bridalfashion.com\/wp-content\/uploads\/2021\/10\/BF0070_A.jpg","contentUrl":"https:\/\/bridalfashion.com\/wp-content\/uploads\/2021\/10\/BF0070_A.jpg","width":1517,"height":2000,"caption":"o rochie de mireasa eleganta din satin alb ca zapada cu perle pe maneca lunga si o trena minunata de la BRIDAL FASHION - vedere frontala"},{"@type":"BreadcrumbList","@id":"https:\/\/bridalfashion.com\/ro\/bali-ro\/o-rochie-de-mireasa-elegant-stil-printesa-belona-bf0070\/#breadcrumb","itemListElement":[{"@type":"ListItem","position":1,"name":"Home","item":"https:\/\/bridalfashion.com\/ro\/"},{"@type":"ListItem","position":2,"name":"Shop","item":"https:\/\/bridalfashion.com\/shop-2\/"},{"@type":"ListItem","position":3,"name":"O rochie de mireasa cu design clasic BELONA &#8211; BF0070"}]},{"@type":"WebSite","@id":"https:\/\/bridalfashion.com\/ro\/#website","url":"https:\/\/bridalfashion.com\/ro\/","name":"BRIDAL FASHION \u2122 | Luxurious Wedding Dresses &amp; Fashionable Gowns for Women, Girls and Kids","description":"Welcome the leading manufacturer and supplier of wedding dresses. We offer in wholesale a large selection of high quality wedding dress collections and accessories for your business at competitive prices. Shop our full range of bridal products today!","publisher":{"@id":"https:\/\/bridalfashion.com\/ro\/#organization"},"potentialAction":[{"@type":"SearchAction","target":{"@type":"EntryPoint","urlTemplate":"https:\/\/bridalfashion.com\/ro\/?s={search_term_string}"},"query-input":{"@type":"PropertyValueSpecification","valueRequired":true,"valueName":"search_term_string"}}],"inLanguage":"ro-RO"},{"@type":"Organization","@id":"https:\/\/bridalfashion.com\/ro\/#organization","name":"BRIDAL FASHION \u2122 | Luxurious Wedding Dresses &amp; Fashionable Gowns for Women, Girls and Kids","url":"https:\/\/bridalfashion.com\/ro\/","logo":{"@type":"ImageObject","inLanguage":"ro-RO","@id":"https:\/\/bridalfashion.com\/ro\/#\/schema\/logo\/image\/","url":"https:\/\/bridalfashion.com\/wp-content\/uploads\/2022\/05\/cropped-BFG.png","contentUrl":"https:\/\/bridalfashion.com\/wp-content\/uploads\/2022\/05\/cropped-BFG.png","width":1771,"height":119,"caption":"BRIDAL FASHION \u2122 | Luxurious Wedding Dresses &amp; Fashionable Gowns for Women, Girls and Kids"},"image":{"@id":"https:\/\/bridalfashion.com\/ro\/#\/schema\/logo\/image\/"}}]}},"_links":{"self":[{"href":"https:\/\/bridalfashion.com\/ro\/wp-json\/wp\/v2\/product\/12125","targetHints":{"allow":["GET"]}}],"collection":[{"href":"https:\/\/bridalfashion.com\/ro\/wp-json\/wp\/v2\/product"}],"about":[{"href":"https:\/\/bridalfashion.com\/ro\/wp-json\/wp\/v2\/types\/product"}],"replies":[{"embeddable":true,"href":"https:\/\/bridalfashion.com\/ro\/wp-json\/wp\/v2\/comments?post=12125"}],"wp:featuredmedia":[{"embeddable":true,"href":"https:\/\/bridalfashion.com\/ro\/wp-json\/wp\/v2\/media\/7698"}],"wp:attachment":[{"href":"https:\/\/bridalfashion.com\/ro\/wp-json\/wp\/v2\/media?parent=12125"}],"wp:term":[{"taxonomy":"product_brand","embeddable":true,"href":"https:\/\/bridalfashion.com\/ro\/wp-json\/wp\/v2\/product_brand?post=12125"},{"taxonomy":"product_cat","embeddable":true,"href":"https:\/\/bridalfashion.com\/ro\/wp-json\/wp\/v2\/product_cat?post=12125"},{"taxonomy":"product_tag","embeddable":true,"href":"https:\/\/bridalfashion.com\/ro\/wp-json\/wp\/v2\/product_tag?post=12125"}],"curies":[{"name":"wp","href":"https:\/\/api.w.org\/{rel}","templated":true}]}}