{"id":12122,"date":"2021-10-07T10:43:16","date_gmt":"2022-10-26T08:45:35","guid":{"rendered":"https:\/\/bridalfashion.com\/fara-categorie\/o-rochie-de-mireasa-romantica-din-lapte-blessing-bf0069\/"},"modified":"2022-10-26T10:45:35","modified_gmt":"2022-10-26T08:45:35","slug":"rochie-de-mireas-romantic-filde-blessing-bf0069","status":"publish","type":"product","link":"https:\/\/bridalfashion.com\/ro\/bali-ro\/rochie-de-mireas-romantic-filde-blessing-bf0069\/","title":{"rendered":"O rochie de mireasa romantica din lapte BLESSING &#8211; BF0069"},"content":{"rendered":"<h2>Descrierea modelului BLESSING \u2013 o rochie de mireas\u0103 \u00een alb cu design original<\/h2>\n<p>Modelul BLESSING &#8211; BF0069 de la BRIDAL FASHION \u2013 o rochie de nunt\u0103 \u00een interpretare clasic\u0103. Aceast\u0103 rochie de mireas\u0103 romantic\u0103 \u00een culoare alb\u0103, este lucrat\u0103 din \u0219ifon fin, semitransparent. Rochia BLESSING \u2013 bustul \u00een croial\u0103 liber\u0103, este \u00eempodobit cu cristale pe marginea decupajului \u00een form\u0103 de semicerc, are m\u00e2neci lungi cu man\u0219ete mari, \u00eencheietoarea fiind din perle. Fusta cade liber.<\/p>\n","protected":false},"excerpt":{"rendered":"<p>Descrierea modelului BLESSING \u2013 o rochie de mireas\u0103 \u00een alb cu design original Modelul BLESSING &#8211; BF0069 de la BRIDAL FASHION \u2013 o rochie de nunt\u0103 \u00een interpretare clasic\u0103. Aceast\u0103 rochie de mireas\u0103 romantic\u0103 \u00een culoare alb\u0103, este lucrat\u0103 din \u0219ifon fin, semitransparent. Rochia BLESSING \u2013 bustul \u00een croial\u0103 liber\u0103, este \u00eempodobit cu cristale pe&hellip;<\/p>\n","protected":false},"featured_media":7689,"comment_status":"open","ping_status":"closed","template":"","meta":[],"product_brand":[],"product_cat":[980],"product_tag":[],"class_list":{"0":"post-12122","1":"product","2":"type-product","3":"status-publish","4":"has-post-thumbnail","6":"product_cat-bali-ro","8":"first","9":"instock","10":"taxable","11":"shipping-taxable","12":"product-type-simple"},"yoast_head":"<!-- This site is optimized with the Yoast SEO plugin v27.4 - https:\/\/yoast.com\/product\/yoast-seo-wordpress\/ -->\n<title>O rochie de mireasa romantica din lapte BLESSING - BF0069 - BRIDAL FASHION \u2122 | Luxurious Wedding Dresses &amp; Fashionable Gowns for Women, Girls and Kids<\/title>\n<meta name=\"description\" content=\"Un model deosebit de ginga\u0219 BLESSING - BF0069 \u2013 o rochie de mireas\u0103 romantic\u0103 \u00een culoare alb\u0103 din \u0219ifon semitransparent. Partea de sus liber\u0103 cu m\u00e2neci lungi, este \u00eempodobit\u0103 cu cristale \u00een zona decolteului, iar pe man\u0219ete \u2013 cu nasturi-perlu\u021be.\" \/>\n<meta name=\"robots\" content=\"index, follow, max-snippet:-1, max-image-preview:large, max-video-preview:-1\" \/>\n<link rel=\"canonical\" href=\"https:\/\/bridalfashion.com\/ro\/bali-ro\/rochie-de-mireas-romantic-filde-blessing-bf0069\/\" \/>\n<meta property=\"og:locale\" content=\"ro_RO\" \/>\n<meta property=\"og:type\" content=\"article\" \/>\n<meta property=\"og:title\" content=\"O rochie de mireasa romantica din lapte BLESSING - BF0069 - BRIDAL FASHION \u2122 | Luxurious Wedding Dresses &amp; Fashionable Gowns for Women, Girls and Kids\" \/>\n<meta property=\"og:description\" content=\"Un model deosebit de ginga\u0219 BLESSING - BF0069 \u2013 o rochie de mireas\u0103 romantic\u0103 \u00een culoare alb\u0103 din \u0219ifon semitransparent. Partea de sus liber\u0103 cu m\u00e2neci lungi, este \u00eempodobit\u0103 cu cristale \u00een zona decolteului, iar pe man\u0219ete \u2013 cu nasturi-perlu\u021be.\" \/>\n<meta property=\"og:url\" content=\"https:\/\/bridalfashion.com\/ro\/bali-ro\/rochie-de-mireas-romantic-filde-blessing-bf0069\/\" \/>\n<meta property=\"og:site_name\" content=\"BRIDAL FASHION \u2122 | Luxurious Wedding Dresses &amp; Fashionable Gowns for Women, Girls and Kids\" \/>\n<meta property=\"og:image\" content=\"https:\/\/bridalfashion.com\/wp-content\/uploads\/2021\/10\/BF0069_A.jpg\" \/>\n\t<meta property=\"og:image:width\" content=\"1517\" \/>\n\t<meta property=\"og:image:height\" content=\"2000\" \/>\n\t<meta property=\"og:image:type\" content=\"image\/jpeg\" \/>\n<meta name=\"twitter:card\" content=\"summary_large_image\" \/>\n<script type=\"application\/ld+json\" class=\"yoast-schema-graph\">{\"@context\":\"https:\\\/\\\/schema.org\",\"@graph\":[{\"@type\":\"WebPage\",\"@id\":\"https:\\\/\\\/bridalfashion.com\\\/ro\\\/bali-ro\\\/rochie-de-mireas-romantic-filde-blessing-bf0069\\\/\",\"url\":\"https:\\\/\\\/bridalfashion.com\\\/ro\\\/bali-ro\\\/rochie-de-mireas-romantic-filde-blessing-bf0069\\\/\",\"name\":\"O rochie de mireasa romantica din lapte BLESSING - BF0069 - BRIDAL FASHION \u2122 | Luxurious Wedding Dresses &amp; Fashionable Gowns for Women, Girls and Kids\",\"isPartOf\":{\"@id\":\"https:\\\/\\\/bridalfashion.com\\\/ro\\\/#website\"},\"primaryImageOfPage\":{\"@id\":\"https:\\\/\\\/bridalfashion.com\\\/ro\\\/bali-ro\\\/rochie-de-mireas-romantic-filde-blessing-bf0069\\\/#primaryimage\"},\"image\":{\"@id\":\"https:\\\/\\\/bridalfashion.com\\\/ro\\\/bali-ro\\\/rochie-de-mireas-romantic-filde-blessing-bf0069\\\/#primaryimage\"},\"thumbnailUrl\":\"https:\\\/\\\/bridalfashion.com\\\/wp-content\\\/uploads\\\/2021\\\/10\\\/BF0069_A.jpg\",\"datePublished\":\"2022-10-26T08:45:35+00:00\",\"description\":\"Un model deosebit de ginga\u0219 BLESSING - BF0069 \u2013 o rochie de mireas\u0103 romantic\u0103 \u00een culoare alb\u0103 din \u0219ifon semitransparent. Partea de sus liber\u0103 cu m\u00e2neci lungi, este \u00eempodobit\u0103 cu cristale \u00een zona decolteului, iar pe man\u0219ete \u2013 cu nasturi-perlu\u021be.\",\"breadcrumb\":{\"@id\":\"https:\\\/\\\/bridalfashion.com\\\/ro\\\/bali-ro\\\/rochie-de-mireas-romantic-filde-blessing-bf0069\\\/#breadcrumb\"},\"inLanguage\":\"ro-RO\",\"potentialAction\":[{\"@type\":\"ReadAction\",\"target\":[\"https:\\\/\\\/bridalfashion.com\\\/ro\\\/bali-ro\\\/rochie-de-mireas-romantic-filde-blessing-bf0069\\\/\"]}]},{\"@type\":\"ImageObject\",\"inLanguage\":\"ro-RO\",\"@id\":\"https:\\\/\\\/bridalfashion.com\\\/ro\\\/bali-ro\\\/rochie-de-mireas-romantic-filde-blessing-bf0069\\\/#primaryimage\",\"url\":\"https:\\\/\\\/bridalfashion.com\\\/wp-content\\\/uploads\\\/2021\\\/10\\\/BF0069_A.jpg\",\"contentUrl\":\"https:\\\/\\\/bridalfashion.com\\\/wp-content\\\/uploads\\\/2021\\\/10\\\/BF0069_A.jpg\",\"width\":1517,\"height\":2000,\"caption\":\"aceast\u0103 rochie de mireas\u0103 alb\u0103 romantic\u0103 din \u0219ifon translucid este \u00eempodobit\u0103 cu cristale de-a lungul decolteului \u0219i cu perle la man\u0219ete de la BRIDAL FASHION - vedere frontal\u0103\"},{\"@type\":\"BreadcrumbList\",\"@id\":\"https:\\\/\\\/bridalfashion.com\\\/ro\\\/bali-ro\\\/rochie-de-mireas-romantic-filde-blessing-bf0069\\\/#breadcrumb\",\"itemListElement\":[{\"@type\":\"ListItem\",\"position\":1,\"name\":\"Home\",\"item\":\"https:\\\/\\\/bridalfashion.com\\\/ro\\\/\"},{\"@type\":\"ListItem\",\"position\":2,\"name\":\"Shop\",\"item\":\"https:\\\/\\\/bridalfashion.com\\\/shop-2\\\/\"},{\"@type\":\"ListItem\",\"position\":3,\"name\":\"O rochie de mireasa romantica din lapte BLESSING &#8211; BF0069\"}]},{\"@type\":\"WebSite\",\"@id\":\"https:\\\/\\\/bridalfashion.com\\\/ro\\\/#website\",\"url\":\"https:\\\/\\\/bridalfashion.com\\\/ro\\\/\",\"name\":\"BRIDAL FASHION \u2122 | Luxurious Wedding Dresses &amp; Fashionable Gowns for Women, Girls and Kids\",\"description\":\"Welcome the leading manufacturer and supplier of wedding dresses. We offer in wholesale a large selection of high quality wedding dress collections and accessories for your business at competitive prices. Shop our full range of bridal products today!\",\"publisher\":{\"@id\":\"https:\\\/\\\/bridalfashion.com\\\/ro\\\/#organization\"},\"potentialAction\":[{\"@type\":\"SearchAction\",\"target\":{\"@type\":\"EntryPoint\",\"urlTemplate\":\"https:\\\/\\\/bridalfashion.com\\\/ro\\\/?s={search_term_string}\"},\"query-input\":{\"@type\":\"PropertyValueSpecification\",\"valueRequired\":true,\"valueName\":\"search_term_string\"}}],\"inLanguage\":\"ro-RO\"},{\"@type\":\"Organization\",\"@id\":\"https:\\\/\\\/bridalfashion.com\\\/ro\\\/#organization\",\"name\":\"BRIDAL FASHION \u2122 | Luxurious Wedding Dresses &amp; Fashionable Gowns for Women, Girls and Kids\",\"url\":\"https:\\\/\\\/bridalfashion.com\\\/ro\\\/\",\"logo\":{\"@type\":\"ImageObject\",\"inLanguage\":\"ro-RO\",\"@id\":\"https:\\\/\\\/bridalfashion.com\\\/ro\\\/#\\\/schema\\\/logo\\\/image\\\/\",\"url\":\"https:\\\/\\\/bridalfashion.com\\\/wp-content\\\/uploads\\\/2022\\\/05\\\/cropped-BFG.png\",\"contentUrl\":\"https:\\\/\\\/bridalfashion.com\\\/wp-content\\\/uploads\\\/2022\\\/05\\\/cropped-BFG.png\",\"width\":1771,\"height\":119,\"caption\":\"BRIDAL FASHION \u2122 | Luxurious Wedding Dresses &amp; Fashionable Gowns for Women, Girls and Kids\"},\"image\":{\"@id\":\"https:\\\/\\\/bridalfashion.com\\\/ro\\\/#\\\/schema\\\/logo\\\/image\\\/\"}}]}<\/script>\n<!-- \/ Yoast SEO plugin. -->","yoast_head_json":{"title":"O rochie de mireasa romantica din lapte BLESSING - BF0069 - BRIDAL FASHION \u2122 | Luxurious Wedding Dresses &amp; Fashionable Gowns for Women, Girls and Kids","description":"Un model deosebit de ginga\u0219 BLESSING - BF0069 \u2013 o rochie de mireas\u0103 romantic\u0103 \u00een culoare alb\u0103 din \u0219ifon semitransparent. Partea de sus liber\u0103 cu m\u00e2neci lungi, este \u00eempodobit\u0103 cu cristale \u00een zona decolteului, iar pe man\u0219ete \u2013 cu nasturi-perlu\u021be.","robots":{"index":"index","follow":"follow","max-snippet":"max-snippet:-1","max-image-preview":"max-image-preview:large","max-video-preview":"max-video-preview:-1"},"canonical":"https:\/\/bridalfashion.com\/ro\/bali-ro\/rochie-de-mireas-romantic-filde-blessing-bf0069\/","og_locale":"ro_RO","og_type":"article","og_title":"O rochie de mireasa romantica din lapte BLESSING - BF0069 - BRIDAL FASHION \u2122 | Luxurious Wedding Dresses &amp; Fashionable Gowns for Women, Girls and Kids","og_description":"Un model deosebit de ginga\u0219 BLESSING - BF0069 \u2013 o rochie de mireas\u0103 romantic\u0103 \u00een culoare alb\u0103 din \u0219ifon semitransparent. Partea de sus liber\u0103 cu m\u00e2neci lungi, este \u00eempodobit\u0103 cu cristale \u00een zona decolteului, iar pe man\u0219ete \u2013 cu nasturi-perlu\u021be.","og_url":"https:\/\/bridalfashion.com\/ro\/bali-ro\/rochie-de-mireas-romantic-filde-blessing-bf0069\/","og_site_name":"BRIDAL FASHION \u2122 | Luxurious Wedding Dresses &amp; Fashionable Gowns for Women, Girls and Kids","og_image":[{"width":1517,"height":2000,"url":"https:\/\/bridalfashion.com\/wp-content\/uploads\/2021\/10\/BF0069_A.jpg","type":"image\/jpeg"}],"twitter_card":"summary_large_image","schema":{"@context":"https:\/\/schema.org","@graph":[{"@type":"WebPage","@id":"https:\/\/bridalfashion.com\/ro\/bali-ro\/rochie-de-mireas-romantic-filde-blessing-bf0069\/","url":"https:\/\/bridalfashion.com\/ro\/bali-ro\/rochie-de-mireas-romantic-filde-blessing-bf0069\/","name":"O rochie de mireasa romantica din lapte BLESSING - BF0069 - BRIDAL FASHION \u2122 | Luxurious Wedding Dresses &amp; Fashionable Gowns for Women, Girls and Kids","isPartOf":{"@id":"https:\/\/bridalfashion.com\/ro\/#website"},"primaryImageOfPage":{"@id":"https:\/\/bridalfashion.com\/ro\/bali-ro\/rochie-de-mireas-romantic-filde-blessing-bf0069\/#primaryimage"},"image":{"@id":"https:\/\/bridalfashion.com\/ro\/bali-ro\/rochie-de-mireas-romantic-filde-blessing-bf0069\/#primaryimage"},"thumbnailUrl":"https:\/\/bridalfashion.com\/wp-content\/uploads\/2021\/10\/BF0069_A.jpg","datePublished":"2022-10-26T08:45:35+00:00","description":"Un model deosebit de ginga\u0219 BLESSING - BF0069 \u2013 o rochie de mireas\u0103 romantic\u0103 \u00een culoare alb\u0103 din \u0219ifon semitransparent. Partea de sus liber\u0103 cu m\u00e2neci lungi, este \u00eempodobit\u0103 cu cristale \u00een zona decolteului, iar pe man\u0219ete \u2013 cu nasturi-perlu\u021be.","breadcrumb":{"@id":"https:\/\/bridalfashion.com\/ro\/bali-ro\/rochie-de-mireas-romantic-filde-blessing-bf0069\/#breadcrumb"},"inLanguage":"ro-RO","potentialAction":[{"@type":"ReadAction","target":["https:\/\/bridalfashion.com\/ro\/bali-ro\/rochie-de-mireas-romantic-filde-blessing-bf0069\/"]}]},{"@type":"ImageObject","inLanguage":"ro-RO","@id":"https:\/\/bridalfashion.com\/ro\/bali-ro\/rochie-de-mireas-romantic-filde-blessing-bf0069\/#primaryimage","url":"https:\/\/bridalfashion.com\/wp-content\/uploads\/2021\/10\/BF0069_A.jpg","contentUrl":"https:\/\/bridalfashion.com\/wp-content\/uploads\/2021\/10\/BF0069_A.jpg","width":1517,"height":2000,"caption":"aceast\u0103 rochie de mireas\u0103 alb\u0103 romantic\u0103 din \u0219ifon translucid este \u00eempodobit\u0103 cu cristale de-a lungul decolteului \u0219i cu perle la man\u0219ete de la BRIDAL FASHION - vedere frontal\u0103"},{"@type":"BreadcrumbList","@id":"https:\/\/bridalfashion.com\/ro\/bali-ro\/rochie-de-mireas-romantic-filde-blessing-bf0069\/#breadcrumb","itemListElement":[{"@type":"ListItem","position":1,"name":"Home","item":"https:\/\/bridalfashion.com\/ro\/"},{"@type":"ListItem","position":2,"name":"Shop","item":"https:\/\/bridalfashion.com\/shop-2\/"},{"@type":"ListItem","position":3,"name":"O rochie de mireasa romantica din lapte BLESSING &#8211; BF0069"}]},{"@type":"WebSite","@id":"https:\/\/bridalfashion.com\/ro\/#website","url":"https:\/\/bridalfashion.com\/ro\/","name":"BRIDAL FASHION \u2122 | Luxurious Wedding Dresses &amp; Fashionable Gowns for Women, Girls and Kids","description":"Welcome the leading manufacturer and supplier of wedding dresses. We offer in wholesale a large selection of high quality wedding dress collections and accessories for your business at competitive prices. Shop our full range of bridal products today!","publisher":{"@id":"https:\/\/bridalfashion.com\/ro\/#organization"},"potentialAction":[{"@type":"SearchAction","target":{"@type":"EntryPoint","urlTemplate":"https:\/\/bridalfashion.com\/ro\/?s={search_term_string}"},"query-input":{"@type":"PropertyValueSpecification","valueRequired":true,"valueName":"search_term_string"}}],"inLanguage":"ro-RO"},{"@type":"Organization","@id":"https:\/\/bridalfashion.com\/ro\/#organization","name":"BRIDAL FASHION \u2122 | Luxurious Wedding Dresses &amp; Fashionable Gowns for Women, Girls and Kids","url":"https:\/\/bridalfashion.com\/ro\/","logo":{"@type":"ImageObject","inLanguage":"ro-RO","@id":"https:\/\/bridalfashion.com\/ro\/#\/schema\/logo\/image\/","url":"https:\/\/bridalfashion.com\/wp-content\/uploads\/2022\/05\/cropped-BFG.png","contentUrl":"https:\/\/bridalfashion.com\/wp-content\/uploads\/2022\/05\/cropped-BFG.png","width":1771,"height":119,"caption":"BRIDAL FASHION \u2122 | Luxurious Wedding Dresses &amp; Fashionable Gowns for Women, Girls and Kids"},"image":{"@id":"https:\/\/bridalfashion.com\/ro\/#\/schema\/logo\/image\/"}}]}},"_links":{"self":[{"href":"https:\/\/bridalfashion.com\/ro\/wp-json\/wp\/v2\/product\/12122","targetHints":{"allow":["GET"]}}],"collection":[{"href":"https:\/\/bridalfashion.com\/ro\/wp-json\/wp\/v2\/product"}],"about":[{"href":"https:\/\/bridalfashion.com\/ro\/wp-json\/wp\/v2\/types\/product"}],"replies":[{"embeddable":true,"href":"https:\/\/bridalfashion.com\/ro\/wp-json\/wp\/v2\/comments?post=12122"}],"wp:featuredmedia":[{"embeddable":true,"href":"https:\/\/bridalfashion.com\/ro\/wp-json\/wp\/v2\/media\/7689"}],"wp:attachment":[{"href":"https:\/\/bridalfashion.com\/ro\/wp-json\/wp\/v2\/media?parent=12122"}],"wp:term":[{"taxonomy":"product_brand","embeddable":true,"href":"https:\/\/bridalfashion.com\/ro\/wp-json\/wp\/v2\/product_brand?post=12122"},{"taxonomy":"product_cat","embeddable":true,"href":"https:\/\/bridalfashion.com\/ro\/wp-json\/wp\/v2\/product_cat?post=12122"},{"taxonomy":"product_tag","embeddable":true,"href":"https:\/\/bridalfashion.com\/ro\/wp-json\/wp\/v2\/product_tag?post=12122"}],"curies":[{"name":"wp","href":"https:\/\/api.w.org\/{rel}","templated":true}]}}