{"id":12113,"date":"2021-10-07T10:33:29","date_gmt":"2022-10-26T08:09:56","guid":{"rendered":"https:\/\/bridalfashion.com\/fara-categorie\/o-rochie-de-mireasa-in-stil-clasic-beniamina-bf0066\/"},"modified":"2022-10-26T10:09:56","modified_gmt":"2022-10-26T08:09:56","slug":"rochie-de-mireasa-stil-clasic-beniamina-bf0066","status":"publish","type":"product","link":"https:\/\/bridalfashion.com\/ro\/bali-ro\/rochie-de-mireasa-stil-clasic-beniamina-bf0066\/","title":{"rendered":"O rochie de mireasa in stil clasic BENIAMINA &#8211; BF0066"},"content":{"rendered":"<h2>Descrierea modelului BENIAMINA \u2013 o rochie de mireas\u0103 \u00een stil clasic.<\/h2>\n<p>Modelul BENIAMINA &#8211; BF0066 de la BRIDAL FASHION \u2013 o rochie de nunt\u0103 \u00een stil clasic. Este un model de rochie de mireas\u0103 \u00een nuan\u021be, ajustat\u0103 cu un decor fascinant din paiete cusute manual pe bustul transparent cu m\u00e2neci lungi \u0219i cu o t\u0103ietur\u0103 \u00een form\u0103 de b\u0103rcu\u021b\u0103. Fusta bogat\u0103 a rochiei BENIAMINA este aranjat\u0103 \u00een pliuri \u0219i ajustat\u0103 cu o tren\u0103.<\/p>\n","protected":false},"excerpt":{"rendered":"<p>Descrierea modelului BENIAMINA \u2013 o rochie de mireas\u0103 \u00een stil clasic. Modelul BENIAMINA &#8211; BF0066 de la BRIDAL FASHION \u2013 o rochie de nunt\u0103 \u00een stil clasic. Este un model de rochie de mireas\u0103 \u00een nuan\u021be, ajustat\u0103 cu un decor fascinant din paiete cusute manual pe bustul transparent cu m\u00e2neci lungi \u0219i cu o t\u0103ietur\u0103&hellip;<\/p>\n","protected":false},"featured_media":7653,"comment_status":"open","ping_status":"closed","template":"","meta":[],"product_brand":[],"product_cat":[980],"product_tag":[],"class_list":{"0":"post-12113","1":"product","2":"type-product","3":"status-publish","4":"has-post-thumbnail","6":"product_cat-bali-ro","8":"first","9":"instock","10":"taxable","11":"shipping-taxable","12":"product-type-simple"},"yoast_head":"<!-- This site is optimized with the Yoast SEO plugin v27.5 - https:\/\/yoast.com\/product\/yoast-seo-wordpress\/ -->\n<title>O rochie de mireasa in stil clasic BENIAMINA - BF0066 - BRIDAL FASHION \u2122 | Luxurious Wedding Dresses &amp; Fashionable Gowns for Women, Girls and Kids<\/title>\n<meta name=\"description\" content=\"Modelul stilizat BENIAMINA - BF0066 o rochie de mireas\u0103 nuan\u021bat\u0103 cu decor ales, cu partea de sus transparent\u0103, \u00eempodobit\u0103 manual cu paiete, cu m\u00e2neci lungi, lucrate cu dantele, fusta fiind lucrat\u0103 din tul fin, completat\u0103 cu o tren\u0103 spectaculoas\u0103.\" \/>\n<meta name=\"robots\" content=\"index, follow, max-snippet:-1, max-image-preview:large, max-video-preview:-1\" \/>\n<link rel=\"canonical\" href=\"https:\/\/bridalfashion.com\/ro\/bali-ro\/rochie-de-mireasa-stil-clasic-beniamina-bf0066\/\" \/>\n<meta property=\"og:locale\" content=\"ro_RO\" \/>\n<meta property=\"og:type\" content=\"article\" \/>\n<meta property=\"og:title\" content=\"O rochie de mireasa in stil clasic BENIAMINA - BF0066 - BRIDAL FASHION \u2122 | Luxurious Wedding Dresses &amp; Fashionable Gowns for Women, Girls and Kids\" \/>\n<meta property=\"og:description\" content=\"Modelul stilizat BENIAMINA - BF0066 o rochie de mireas\u0103 nuan\u021bat\u0103 cu decor ales, cu partea de sus transparent\u0103, \u00eempodobit\u0103 manual cu paiete, cu m\u00e2neci lungi, lucrate cu dantele, fusta fiind lucrat\u0103 din tul fin, completat\u0103 cu o tren\u0103 spectaculoas\u0103.\" \/>\n<meta property=\"og:url\" content=\"https:\/\/bridalfashion.com\/ro\/bali-ro\/rochie-de-mireasa-stil-clasic-beniamina-bf0066\/\" \/>\n<meta property=\"og:site_name\" content=\"BRIDAL FASHION \u2122 | Luxurious Wedding Dresses &amp; Fashionable Gowns for Women, Girls and Kids\" \/>\n<meta property=\"og:image\" content=\"https:\/\/bridalfashion.com\/wp-content\/uploads\/2021\/10\/BF0066_A.jpg\" \/>\n\t<meta property=\"og:image:width\" content=\"1517\" \/>\n\t<meta property=\"og:image:height\" content=\"2000\" \/>\n\t<meta property=\"og:image:type\" content=\"image\/jpeg\" \/>\n<meta name=\"twitter:card\" content=\"summary_large_image\" \/>\n<script type=\"application\/ld+json\" class=\"yoast-schema-graph\">{\"@context\":\"https:\\\/\\\/schema.org\",\"@graph\":[{\"@type\":\"WebPage\",\"@id\":\"https:\\\/\\\/bridalfashion.com\\\/ro\\\/bali-ro\\\/rochie-de-mireasa-stil-clasic-beniamina-bf0066\\\/\",\"url\":\"https:\\\/\\\/bridalfashion.com\\\/ro\\\/bali-ro\\\/rochie-de-mireasa-stil-clasic-beniamina-bf0066\\\/\",\"name\":\"O rochie de mireasa in stil clasic BENIAMINA - BF0066 - BRIDAL FASHION \u2122 | Luxurious Wedding Dresses &amp; Fashionable Gowns for Women, Girls and Kids\",\"isPartOf\":{\"@id\":\"https:\\\/\\\/bridalfashion.com\\\/ro\\\/#website\"},\"primaryImageOfPage\":{\"@id\":\"https:\\\/\\\/bridalfashion.com\\\/ro\\\/bali-ro\\\/rochie-de-mireasa-stil-clasic-beniamina-bf0066\\\/#primaryimage\"},\"image\":{\"@id\":\"https:\\\/\\\/bridalfashion.com\\\/ro\\\/bali-ro\\\/rochie-de-mireasa-stil-clasic-beniamina-bf0066\\\/#primaryimage\"},\"thumbnailUrl\":\"https:\\\/\\\/bridalfashion.com\\\/wp-content\\\/uploads\\\/2021\\\/10\\\/BF0066_A.jpg\",\"datePublished\":\"2022-10-26T08:09:56+00:00\",\"description\":\"Modelul stilizat BENIAMINA - BF0066 o rochie de mireas\u0103 nuan\u021bat\u0103 cu decor ales, cu partea de sus transparent\u0103, \u00eempodobit\u0103 manual cu paiete, cu m\u00e2neci lungi, lucrate cu dantele, fusta fiind lucrat\u0103 din tul fin, completat\u0103 cu o tren\u0103 spectaculoas\u0103.\",\"breadcrumb\":{\"@id\":\"https:\\\/\\\/bridalfashion.com\\\/ro\\\/bali-ro\\\/rochie-de-mireasa-stil-clasic-beniamina-bf0066\\\/#breadcrumb\"},\"inLanguage\":\"ro-RO\",\"potentialAction\":[{\"@type\":\"ReadAction\",\"target\":[\"https:\\\/\\\/bridalfashion.com\\\/ro\\\/bali-ro\\\/rochie-de-mireasa-stil-clasic-beniamina-bf0066\\\/\"]}]},{\"@type\":\"ImageObject\",\"inLanguage\":\"ro-RO\",\"@id\":\"https:\\\/\\\/bridalfashion.com\\\/ro\\\/bali-ro\\\/rochie-de-mireasa-stil-clasic-beniamina-bf0066\\\/#primaryimage\",\"url\":\"https:\\\/\\\/bridalfashion.com\\\/wp-content\\\/uploads\\\/2021\\\/10\\\/BF0066_A.jpg\",\"contentUrl\":\"https:\\\/\\\/bridalfashion.com\\\/wp-content\\\/uploads\\\/2021\\\/10\\\/BF0066_A.jpg\",\"width\":1517,\"height\":2000,\"caption\":\"o rochie de mireasa colorata cu decor elegant din paiete si o fusta luxurianta cu trena de la BRIDAL FASHION - vedere frontala\"},{\"@type\":\"BreadcrumbList\",\"@id\":\"https:\\\/\\\/bridalfashion.com\\\/ro\\\/bali-ro\\\/rochie-de-mireasa-stil-clasic-beniamina-bf0066\\\/#breadcrumb\",\"itemListElement\":[{\"@type\":\"ListItem\",\"position\":1,\"name\":\"Home\",\"item\":\"https:\\\/\\\/bridalfashion.com\\\/ro\\\/\"},{\"@type\":\"ListItem\",\"position\":2,\"name\":\"Shop\",\"item\":\"https:\\\/\\\/bridalfashion.com\\\/shop-2\\\/\"},{\"@type\":\"ListItem\",\"position\":3,\"name\":\"O rochie de mireasa in stil clasic BENIAMINA &#8211; BF0066\"}]},{\"@type\":\"WebSite\",\"@id\":\"https:\\\/\\\/bridalfashion.com\\\/ro\\\/#website\",\"url\":\"https:\\\/\\\/bridalfashion.com\\\/ro\\\/\",\"name\":\"BRIDAL FASHION \u2122 | Luxurious Wedding Dresses &amp; Fashionable Gowns for Women, Girls and Kids\",\"description\":\"Welcome the leading manufacturer and supplier of wedding dresses. We offer in wholesale a large selection of high quality wedding dress collections and accessories for your business at competitive prices. Shop our full range of bridal products today!\",\"publisher\":{\"@id\":\"https:\\\/\\\/bridalfashion.com\\\/ro\\\/#organization\"},\"potentialAction\":[{\"@type\":\"SearchAction\",\"target\":{\"@type\":\"EntryPoint\",\"urlTemplate\":\"https:\\\/\\\/bridalfashion.com\\\/ro\\\/?s={search_term_string}\"},\"query-input\":{\"@type\":\"PropertyValueSpecification\",\"valueRequired\":true,\"valueName\":\"search_term_string\"}}],\"inLanguage\":\"ro-RO\"},{\"@type\":\"Organization\",\"@id\":\"https:\\\/\\\/bridalfashion.com\\\/ro\\\/#organization\",\"name\":\"BRIDAL FASHION \u2122 | Luxurious Wedding Dresses &amp; Fashionable Gowns for Women, Girls and Kids\",\"url\":\"https:\\\/\\\/bridalfashion.com\\\/ro\\\/\",\"logo\":{\"@type\":\"ImageObject\",\"inLanguage\":\"ro-RO\",\"@id\":\"https:\\\/\\\/bridalfashion.com\\\/ro\\\/#\\\/schema\\\/logo\\\/image\\\/\",\"url\":\"https:\\\/\\\/bridalfashion.com\\\/wp-content\\\/uploads\\\/2022\\\/05\\\/cropped-BFG.png\",\"contentUrl\":\"https:\\\/\\\/bridalfashion.com\\\/wp-content\\\/uploads\\\/2022\\\/05\\\/cropped-BFG.png\",\"width\":1771,\"height\":119,\"caption\":\"BRIDAL FASHION \u2122 | Luxurious Wedding Dresses &amp; Fashionable Gowns for Women, Girls and Kids\"},\"image\":{\"@id\":\"https:\\\/\\\/bridalfashion.com\\\/ro\\\/#\\\/schema\\\/logo\\\/image\\\/\"}}]}<\/script>\n<!-- \/ Yoast SEO plugin. -->","yoast_head_json":{"title":"O rochie de mireasa in stil clasic BENIAMINA - BF0066 - BRIDAL FASHION \u2122 | Luxurious Wedding Dresses &amp; Fashionable Gowns for Women, Girls and Kids","description":"Modelul stilizat BENIAMINA - BF0066 o rochie de mireas\u0103 nuan\u021bat\u0103 cu decor ales, cu partea de sus transparent\u0103, \u00eempodobit\u0103 manual cu paiete, cu m\u00e2neci lungi, lucrate cu dantele, fusta fiind lucrat\u0103 din tul fin, completat\u0103 cu o tren\u0103 spectaculoas\u0103.","robots":{"index":"index","follow":"follow","max-snippet":"max-snippet:-1","max-image-preview":"max-image-preview:large","max-video-preview":"max-video-preview:-1"},"canonical":"https:\/\/bridalfashion.com\/ro\/bali-ro\/rochie-de-mireasa-stil-clasic-beniamina-bf0066\/","og_locale":"ro_RO","og_type":"article","og_title":"O rochie de mireasa in stil clasic BENIAMINA - BF0066 - BRIDAL FASHION \u2122 | Luxurious Wedding Dresses &amp; Fashionable Gowns for Women, Girls and Kids","og_description":"Modelul stilizat BENIAMINA - BF0066 o rochie de mireas\u0103 nuan\u021bat\u0103 cu decor ales, cu partea de sus transparent\u0103, \u00eempodobit\u0103 manual cu paiete, cu m\u00e2neci lungi, lucrate cu dantele, fusta fiind lucrat\u0103 din tul fin, completat\u0103 cu o tren\u0103 spectaculoas\u0103.","og_url":"https:\/\/bridalfashion.com\/ro\/bali-ro\/rochie-de-mireasa-stil-clasic-beniamina-bf0066\/","og_site_name":"BRIDAL FASHION \u2122 | Luxurious Wedding Dresses &amp; Fashionable Gowns for Women, Girls and Kids","og_image":[{"width":1517,"height":2000,"url":"https:\/\/bridalfashion.com\/wp-content\/uploads\/2021\/10\/BF0066_A.jpg","type":"image\/jpeg"}],"twitter_card":"summary_large_image","schema":{"@context":"https:\/\/schema.org","@graph":[{"@type":"WebPage","@id":"https:\/\/bridalfashion.com\/ro\/bali-ro\/rochie-de-mireasa-stil-clasic-beniamina-bf0066\/","url":"https:\/\/bridalfashion.com\/ro\/bali-ro\/rochie-de-mireasa-stil-clasic-beniamina-bf0066\/","name":"O rochie de mireasa in stil clasic BENIAMINA - BF0066 - BRIDAL FASHION \u2122 | Luxurious Wedding Dresses &amp; Fashionable Gowns for Women, Girls and Kids","isPartOf":{"@id":"https:\/\/bridalfashion.com\/ro\/#website"},"primaryImageOfPage":{"@id":"https:\/\/bridalfashion.com\/ro\/bali-ro\/rochie-de-mireasa-stil-clasic-beniamina-bf0066\/#primaryimage"},"image":{"@id":"https:\/\/bridalfashion.com\/ro\/bali-ro\/rochie-de-mireasa-stil-clasic-beniamina-bf0066\/#primaryimage"},"thumbnailUrl":"https:\/\/bridalfashion.com\/wp-content\/uploads\/2021\/10\/BF0066_A.jpg","datePublished":"2022-10-26T08:09:56+00:00","description":"Modelul stilizat BENIAMINA - BF0066 o rochie de mireas\u0103 nuan\u021bat\u0103 cu decor ales, cu partea de sus transparent\u0103, \u00eempodobit\u0103 manual cu paiete, cu m\u00e2neci lungi, lucrate cu dantele, fusta fiind lucrat\u0103 din tul fin, completat\u0103 cu o tren\u0103 spectaculoas\u0103.","breadcrumb":{"@id":"https:\/\/bridalfashion.com\/ro\/bali-ro\/rochie-de-mireasa-stil-clasic-beniamina-bf0066\/#breadcrumb"},"inLanguage":"ro-RO","potentialAction":[{"@type":"ReadAction","target":["https:\/\/bridalfashion.com\/ro\/bali-ro\/rochie-de-mireasa-stil-clasic-beniamina-bf0066\/"]}]},{"@type":"ImageObject","inLanguage":"ro-RO","@id":"https:\/\/bridalfashion.com\/ro\/bali-ro\/rochie-de-mireasa-stil-clasic-beniamina-bf0066\/#primaryimage","url":"https:\/\/bridalfashion.com\/wp-content\/uploads\/2021\/10\/BF0066_A.jpg","contentUrl":"https:\/\/bridalfashion.com\/wp-content\/uploads\/2021\/10\/BF0066_A.jpg","width":1517,"height":2000,"caption":"o rochie de mireasa colorata cu decor elegant din paiete si o fusta luxurianta cu trena de la BRIDAL FASHION - vedere frontala"},{"@type":"BreadcrumbList","@id":"https:\/\/bridalfashion.com\/ro\/bali-ro\/rochie-de-mireasa-stil-clasic-beniamina-bf0066\/#breadcrumb","itemListElement":[{"@type":"ListItem","position":1,"name":"Home","item":"https:\/\/bridalfashion.com\/ro\/"},{"@type":"ListItem","position":2,"name":"Shop","item":"https:\/\/bridalfashion.com\/shop-2\/"},{"@type":"ListItem","position":3,"name":"O rochie de mireasa in stil clasic BENIAMINA &#8211; BF0066"}]},{"@type":"WebSite","@id":"https:\/\/bridalfashion.com\/ro\/#website","url":"https:\/\/bridalfashion.com\/ro\/","name":"BRIDAL FASHION \u2122 | Luxurious Wedding Dresses &amp; Fashionable Gowns for Women, Girls and Kids","description":"Welcome the leading manufacturer and supplier of wedding dresses. We offer in wholesale a large selection of high quality wedding dress collections and accessories for your business at competitive prices. Shop our full range of bridal products today!","publisher":{"@id":"https:\/\/bridalfashion.com\/ro\/#organization"},"potentialAction":[{"@type":"SearchAction","target":{"@type":"EntryPoint","urlTemplate":"https:\/\/bridalfashion.com\/ro\/?s={search_term_string}"},"query-input":{"@type":"PropertyValueSpecification","valueRequired":true,"valueName":"search_term_string"}}],"inLanguage":"ro-RO"},{"@type":"Organization","@id":"https:\/\/bridalfashion.com\/ro\/#organization","name":"BRIDAL FASHION \u2122 | Luxurious Wedding Dresses &amp; Fashionable Gowns for Women, Girls and Kids","url":"https:\/\/bridalfashion.com\/ro\/","logo":{"@type":"ImageObject","inLanguage":"ro-RO","@id":"https:\/\/bridalfashion.com\/ro\/#\/schema\/logo\/image\/","url":"https:\/\/bridalfashion.com\/wp-content\/uploads\/2022\/05\/cropped-BFG.png","contentUrl":"https:\/\/bridalfashion.com\/wp-content\/uploads\/2022\/05\/cropped-BFG.png","width":1771,"height":119,"caption":"BRIDAL FASHION \u2122 | Luxurious Wedding Dresses &amp; Fashionable Gowns for Women, Girls and Kids"},"image":{"@id":"https:\/\/bridalfashion.com\/ro\/#\/schema\/logo\/image\/"}}]}},"_links":{"self":[{"href":"https:\/\/bridalfashion.com\/ro\/wp-json\/wp\/v2\/product\/12113","targetHints":{"allow":["GET"]}}],"collection":[{"href":"https:\/\/bridalfashion.com\/ro\/wp-json\/wp\/v2\/product"}],"about":[{"href":"https:\/\/bridalfashion.com\/ro\/wp-json\/wp\/v2\/types\/product"}],"replies":[{"embeddable":true,"href":"https:\/\/bridalfashion.com\/ro\/wp-json\/wp\/v2\/comments?post=12113"}],"wp:featuredmedia":[{"embeddable":true,"href":"https:\/\/bridalfashion.com\/ro\/wp-json\/wp\/v2\/media\/7653"}],"wp:attachment":[{"href":"https:\/\/bridalfashion.com\/ro\/wp-json\/wp\/v2\/media?parent=12113"}],"wp:term":[{"taxonomy":"product_brand","embeddable":true,"href":"https:\/\/bridalfashion.com\/ro\/wp-json\/wp\/v2\/product_brand?post=12113"},{"taxonomy":"product_cat","embeddable":true,"href":"https:\/\/bridalfashion.com\/ro\/wp-json\/wp\/v2\/product_cat?post=12113"},{"taxonomy":"product_tag","embeddable":true,"href":"https:\/\/bridalfashion.com\/ro\/wp-json\/wp\/v2\/product_tag?post=12113"}],"curies":[{"name":"wp","href":"https:\/\/api.w.org\/{rel}","templated":true}]}}