{"id":12107,"date":"2021-10-07T10:27:36","date_gmt":"2022-10-26T07:39:48","guid":{"rendered":"https:\/\/bridalfashion.com\/fara-categorie\/o-rochie-de-mireasa-minunata-blossom-bf0064\/"},"modified":"2022-10-26T09:39:48","modified_gmt":"2022-10-26T07:39:48","slug":"o-rochie-de-mireasa-eleganta-blossom-bf0064","status":"publish","type":"product","link":"https:\/\/bridalfashion.com\/ro\/bali-ro\/o-rochie-de-mireasa-eleganta-blossom-bf0064\/","title":{"rendered":"O rochie de mireasa minunata BLOSSOM &#8211; BF0064"},"content":{"rendered":"<h2>Descrierea modelului BLOSSOM \u2013 rochie de mireas\u0103 rafinat\u0103 \u00een nuan\u021b\u0103 ginga\u0219\u0103 nude, cu decor de dantel\u0103<\/h2>\n<p>Model BLOSSOM &#8211; BF0064 de la BRIDAL FASHION \u2013 rochie de mireas\u0103 fermec\u0103toare din \u021bes\u0103turi fine. Bustul transparent cu m\u00e2neci lungi \u0219i fusta din ghipur\u0103 sunt \u00eempodobite manual cu aplica\u021bii de dantel\u0103. BLOSSOM \u2013 o rochie de mireas\u0103 elegant\u0103 \u00een nuan\u021b\u0103 ginga\u0219\u0103 \u00abnude\u00bb cu spatele decoltat pe \u0219iret din saten.<\/p>\n","protected":false},"excerpt":{"rendered":"<p>Descrierea modelului BLOSSOM \u2013 rochie de mireas\u0103 rafinat\u0103 \u00een nuan\u021b\u0103 ginga\u0219\u0103 nude, cu decor de dantel\u0103 Model BLOSSOM &#8211; BF0064 de la BRIDAL FASHION \u2013 rochie de mireas\u0103 fermec\u0103toare din \u021bes\u0103turi fine. Bustul transparent cu m\u00e2neci lungi \u0219i fusta din ghipur\u0103 sunt \u00eempodobite manual cu aplica\u021bii de dantel\u0103. BLOSSOM \u2013 o rochie de mireas\u0103 elegant\u0103&hellip;<\/p>\n","protected":false},"featured_media":7635,"comment_status":"open","ping_status":"closed","template":"","meta":[],"product_brand":[],"product_cat":[980],"product_tag":[],"class_list":{"0":"post-12107","1":"product","2":"type-product","3":"status-publish","4":"has-post-thumbnail","6":"product_cat-bali-ro","8":"first","9":"instock","10":"taxable","11":"shipping-taxable","12":"product-type-simple"},"yoast_head":"<!-- This site is optimized with the Yoast SEO plugin v27.4 - https:\/\/yoast.com\/product\/yoast-seo-wordpress\/ -->\n<title>O rochie de mireasa minunata BLOSSOM - BF0064 - BRIDAL FASHION \u2122 | Luxurious Wedding Dresses &amp; Fashionable Gowns for Women, Girls and Kids<\/title>\n<meta name=\"description\" content=\"O rochie de mireas\u0103 deosebit de romantic\u0103 BLOSSOM BF0064 \u2013 un model de rochie de nunt\u0103 rafinat \u00een nuan\u021ba ginga\u0219\u0103 \u00abnude\u00bb. Partea de sus, cu m\u00e2neci lungi transparente, este \u00eempodobit\u0103 cu dantele, fusta din ghipur\u0103 este lucrat\u0103 cu aplica\u021bii.\" \/>\n<meta name=\"robots\" content=\"index, follow, max-snippet:-1, max-image-preview:large, max-video-preview:-1\" \/>\n<link rel=\"canonical\" href=\"https:\/\/bridalfashion.com\/ro\/bali-ro\/o-rochie-de-mireasa-eleganta-blossom-bf0064\/\" \/>\n<meta property=\"og:locale\" content=\"ro_RO\" \/>\n<meta property=\"og:type\" content=\"article\" \/>\n<meta property=\"og:title\" content=\"O rochie de mireasa minunata BLOSSOM - BF0064 - BRIDAL FASHION \u2122 | Luxurious Wedding Dresses &amp; Fashionable Gowns for Women, Girls and Kids\" \/>\n<meta property=\"og:description\" content=\"O rochie de mireas\u0103 deosebit de romantic\u0103 BLOSSOM BF0064 \u2013 un model de rochie de nunt\u0103 rafinat \u00een nuan\u021ba ginga\u0219\u0103 \u00abnude\u00bb. Partea de sus, cu m\u00e2neci lungi transparente, este \u00eempodobit\u0103 cu dantele, fusta din ghipur\u0103 este lucrat\u0103 cu aplica\u021bii.\" \/>\n<meta property=\"og:url\" content=\"https:\/\/bridalfashion.com\/ro\/bali-ro\/o-rochie-de-mireasa-eleganta-blossom-bf0064\/\" \/>\n<meta property=\"og:site_name\" content=\"BRIDAL FASHION \u2122 | Luxurious Wedding Dresses &amp; Fashionable Gowns for Women, Girls and Kids\" \/>\n<meta property=\"og:image\" content=\"https:\/\/bridalfashion.com\/wp-content\/uploads\/2021\/10\/BF0064_A.jpg\" \/>\n\t<meta property=\"og:image:width\" content=\"1517\" \/>\n\t<meta property=\"og:image:height\" content=\"2000\" \/>\n\t<meta property=\"og:image:type\" content=\"image\/jpeg\" \/>\n<meta name=\"twitter:card\" content=\"summary_large_image\" \/>\n<script type=\"application\/ld+json\" class=\"yoast-schema-graph\">{\"@context\":\"https:\\\/\\\/schema.org\",\"@graph\":[{\"@type\":\"WebPage\",\"@id\":\"https:\\\/\\\/bridalfashion.com\\\/ro\\\/bali-ro\\\/o-rochie-de-mireasa-eleganta-blossom-bf0064\\\/\",\"url\":\"https:\\\/\\\/bridalfashion.com\\\/ro\\\/bali-ro\\\/o-rochie-de-mireasa-eleganta-blossom-bf0064\\\/\",\"name\":\"O rochie de mireasa minunata BLOSSOM - BF0064 - BRIDAL FASHION \u2122 | Luxurious Wedding Dresses &amp; Fashionable Gowns for Women, Girls and Kids\",\"isPartOf\":{\"@id\":\"https:\\\/\\\/bridalfashion.com\\\/ro\\\/#website\"},\"primaryImageOfPage\":{\"@id\":\"https:\\\/\\\/bridalfashion.com\\\/ro\\\/bali-ro\\\/o-rochie-de-mireasa-eleganta-blossom-bf0064\\\/#primaryimage\"},\"image\":{\"@id\":\"https:\\\/\\\/bridalfashion.com\\\/ro\\\/bali-ro\\\/o-rochie-de-mireasa-eleganta-blossom-bf0064\\\/#primaryimage\"},\"thumbnailUrl\":\"https:\\\/\\\/bridalfashion.com\\\/wp-content\\\/uploads\\\/2021\\\/10\\\/BF0064_A.jpg\",\"datePublished\":\"2022-10-26T07:39:48+00:00\",\"description\":\"O rochie de mireas\u0103 deosebit de romantic\u0103 BLOSSOM BF0064 \u2013 un model de rochie de nunt\u0103 rafinat \u00een nuan\u021ba ginga\u0219\u0103 \u00abnude\u00bb. Partea de sus, cu m\u00e2neci lungi transparente, este \u00eempodobit\u0103 cu dantele, fusta din ghipur\u0103 este lucrat\u0103 cu aplica\u021bii.\",\"breadcrumb\":{\"@id\":\"https:\\\/\\\/bridalfashion.com\\\/ro\\\/bali-ro\\\/o-rochie-de-mireasa-eleganta-blossom-bf0064\\\/#breadcrumb\"},\"inLanguage\":\"ro-RO\",\"potentialAction\":[{\"@type\":\"ReadAction\",\"target\":[\"https:\\\/\\\/bridalfashion.com\\\/ro\\\/bali-ro\\\/o-rochie-de-mireasa-eleganta-blossom-bf0064\\\/\"]}]},{\"@type\":\"ImageObject\",\"inLanguage\":\"ro-RO\",\"@id\":\"https:\\\/\\\/bridalfashion.com\\\/ro\\\/bali-ro\\\/o-rochie-de-mireasa-eleganta-blossom-bf0064\\\/#primaryimage\",\"url\":\"https:\\\/\\\/bridalfashion.com\\\/wp-content\\\/uploads\\\/2021\\\/10\\\/BF0064_A.jpg\",\"contentUrl\":\"https:\\\/\\\/bridalfashion.com\\\/wp-content\\\/uploads\\\/2021\\\/10\\\/BF0064_A.jpg\",\"width\":1517,\"height\":2000,\"caption\":\"o rochie de mireasa eleganta de culoare delicata pudrata pe fata cu aplicatii din dantela pe corset precum si pe fusta din ghipura de la BRIDAL FASHION - vedere frontala\"},{\"@type\":\"BreadcrumbList\",\"@id\":\"https:\\\/\\\/bridalfashion.com\\\/ro\\\/bali-ro\\\/o-rochie-de-mireasa-eleganta-blossom-bf0064\\\/#breadcrumb\",\"itemListElement\":[{\"@type\":\"ListItem\",\"position\":1,\"name\":\"Home\",\"item\":\"https:\\\/\\\/bridalfashion.com\\\/ro\\\/\"},{\"@type\":\"ListItem\",\"position\":2,\"name\":\"Shop\",\"item\":\"https:\\\/\\\/bridalfashion.com\\\/shop-2\\\/\"},{\"@type\":\"ListItem\",\"position\":3,\"name\":\"O rochie de mireasa minunata BLOSSOM &#8211; BF0064\"}]},{\"@type\":\"WebSite\",\"@id\":\"https:\\\/\\\/bridalfashion.com\\\/ro\\\/#website\",\"url\":\"https:\\\/\\\/bridalfashion.com\\\/ro\\\/\",\"name\":\"BRIDAL FASHION \u2122 | Luxurious Wedding Dresses &amp; Fashionable Gowns for Women, Girls and Kids\",\"description\":\"Welcome the leading manufacturer and supplier of wedding dresses. We offer in wholesale a large selection of high quality wedding dress collections and accessories for your business at competitive prices. Shop our full range of bridal products today!\",\"publisher\":{\"@id\":\"https:\\\/\\\/bridalfashion.com\\\/ro\\\/#organization\"},\"potentialAction\":[{\"@type\":\"SearchAction\",\"target\":{\"@type\":\"EntryPoint\",\"urlTemplate\":\"https:\\\/\\\/bridalfashion.com\\\/ro\\\/?s={search_term_string}\"},\"query-input\":{\"@type\":\"PropertyValueSpecification\",\"valueRequired\":true,\"valueName\":\"search_term_string\"}}],\"inLanguage\":\"ro-RO\"},{\"@type\":\"Organization\",\"@id\":\"https:\\\/\\\/bridalfashion.com\\\/ro\\\/#organization\",\"name\":\"BRIDAL FASHION \u2122 | Luxurious Wedding Dresses &amp; Fashionable Gowns for Women, Girls and Kids\",\"url\":\"https:\\\/\\\/bridalfashion.com\\\/ro\\\/\",\"logo\":{\"@type\":\"ImageObject\",\"inLanguage\":\"ro-RO\",\"@id\":\"https:\\\/\\\/bridalfashion.com\\\/ro\\\/#\\\/schema\\\/logo\\\/image\\\/\",\"url\":\"https:\\\/\\\/bridalfashion.com\\\/wp-content\\\/uploads\\\/2022\\\/05\\\/cropped-BFG.png\",\"contentUrl\":\"https:\\\/\\\/bridalfashion.com\\\/wp-content\\\/uploads\\\/2022\\\/05\\\/cropped-BFG.png\",\"width\":1771,\"height\":119,\"caption\":\"BRIDAL FASHION \u2122 | Luxurious Wedding Dresses &amp; Fashionable Gowns for Women, Girls and Kids\"},\"image\":{\"@id\":\"https:\\\/\\\/bridalfashion.com\\\/ro\\\/#\\\/schema\\\/logo\\\/image\\\/\"}}]}<\/script>\n<!-- \/ Yoast SEO plugin. -->","yoast_head_json":{"title":"O rochie de mireasa minunata BLOSSOM - BF0064 - BRIDAL FASHION \u2122 | Luxurious Wedding Dresses &amp; Fashionable Gowns for Women, Girls and Kids","description":"O rochie de mireas\u0103 deosebit de romantic\u0103 BLOSSOM BF0064 \u2013 un model de rochie de nunt\u0103 rafinat \u00een nuan\u021ba ginga\u0219\u0103 \u00abnude\u00bb. Partea de sus, cu m\u00e2neci lungi transparente, este \u00eempodobit\u0103 cu dantele, fusta din ghipur\u0103 este lucrat\u0103 cu aplica\u021bii.","robots":{"index":"index","follow":"follow","max-snippet":"max-snippet:-1","max-image-preview":"max-image-preview:large","max-video-preview":"max-video-preview:-1"},"canonical":"https:\/\/bridalfashion.com\/ro\/bali-ro\/o-rochie-de-mireasa-eleganta-blossom-bf0064\/","og_locale":"ro_RO","og_type":"article","og_title":"O rochie de mireasa minunata BLOSSOM - BF0064 - BRIDAL FASHION \u2122 | Luxurious Wedding Dresses &amp; Fashionable Gowns for Women, Girls and Kids","og_description":"O rochie de mireas\u0103 deosebit de romantic\u0103 BLOSSOM BF0064 \u2013 un model de rochie de nunt\u0103 rafinat \u00een nuan\u021ba ginga\u0219\u0103 \u00abnude\u00bb. Partea de sus, cu m\u00e2neci lungi transparente, este \u00eempodobit\u0103 cu dantele, fusta din ghipur\u0103 este lucrat\u0103 cu aplica\u021bii.","og_url":"https:\/\/bridalfashion.com\/ro\/bali-ro\/o-rochie-de-mireasa-eleganta-blossom-bf0064\/","og_site_name":"BRIDAL FASHION \u2122 | Luxurious Wedding Dresses &amp; Fashionable Gowns for Women, Girls and Kids","og_image":[{"width":1517,"height":2000,"url":"https:\/\/bridalfashion.com\/wp-content\/uploads\/2021\/10\/BF0064_A.jpg","type":"image\/jpeg"}],"twitter_card":"summary_large_image","schema":{"@context":"https:\/\/schema.org","@graph":[{"@type":"WebPage","@id":"https:\/\/bridalfashion.com\/ro\/bali-ro\/o-rochie-de-mireasa-eleganta-blossom-bf0064\/","url":"https:\/\/bridalfashion.com\/ro\/bali-ro\/o-rochie-de-mireasa-eleganta-blossom-bf0064\/","name":"O rochie de mireasa minunata BLOSSOM - BF0064 - BRIDAL FASHION \u2122 | Luxurious Wedding Dresses &amp; Fashionable Gowns for Women, Girls and Kids","isPartOf":{"@id":"https:\/\/bridalfashion.com\/ro\/#website"},"primaryImageOfPage":{"@id":"https:\/\/bridalfashion.com\/ro\/bali-ro\/o-rochie-de-mireasa-eleganta-blossom-bf0064\/#primaryimage"},"image":{"@id":"https:\/\/bridalfashion.com\/ro\/bali-ro\/o-rochie-de-mireasa-eleganta-blossom-bf0064\/#primaryimage"},"thumbnailUrl":"https:\/\/bridalfashion.com\/wp-content\/uploads\/2021\/10\/BF0064_A.jpg","datePublished":"2022-10-26T07:39:48+00:00","description":"O rochie de mireas\u0103 deosebit de romantic\u0103 BLOSSOM BF0064 \u2013 un model de rochie de nunt\u0103 rafinat \u00een nuan\u021ba ginga\u0219\u0103 \u00abnude\u00bb. Partea de sus, cu m\u00e2neci lungi transparente, este \u00eempodobit\u0103 cu dantele, fusta din ghipur\u0103 este lucrat\u0103 cu aplica\u021bii.","breadcrumb":{"@id":"https:\/\/bridalfashion.com\/ro\/bali-ro\/o-rochie-de-mireasa-eleganta-blossom-bf0064\/#breadcrumb"},"inLanguage":"ro-RO","potentialAction":[{"@type":"ReadAction","target":["https:\/\/bridalfashion.com\/ro\/bali-ro\/o-rochie-de-mireasa-eleganta-blossom-bf0064\/"]}]},{"@type":"ImageObject","inLanguage":"ro-RO","@id":"https:\/\/bridalfashion.com\/ro\/bali-ro\/o-rochie-de-mireasa-eleganta-blossom-bf0064\/#primaryimage","url":"https:\/\/bridalfashion.com\/wp-content\/uploads\/2021\/10\/BF0064_A.jpg","contentUrl":"https:\/\/bridalfashion.com\/wp-content\/uploads\/2021\/10\/BF0064_A.jpg","width":1517,"height":2000,"caption":"o rochie de mireasa eleganta de culoare delicata pudrata pe fata cu aplicatii din dantela pe corset precum si pe fusta din ghipura de la BRIDAL FASHION - vedere frontala"},{"@type":"BreadcrumbList","@id":"https:\/\/bridalfashion.com\/ro\/bali-ro\/o-rochie-de-mireasa-eleganta-blossom-bf0064\/#breadcrumb","itemListElement":[{"@type":"ListItem","position":1,"name":"Home","item":"https:\/\/bridalfashion.com\/ro\/"},{"@type":"ListItem","position":2,"name":"Shop","item":"https:\/\/bridalfashion.com\/shop-2\/"},{"@type":"ListItem","position":3,"name":"O rochie de mireasa minunata BLOSSOM &#8211; BF0064"}]},{"@type":"WebSite","@id":"https:\/\/bridalfashion.com\/ro\/#website","url":"https:\/\/bridalfashion.com\/ro\/","name":"BRIDAL FASHION \u2122 | Luxurious Wedding Dresses &amp; Fashionable Gowns for Women, Girls and Kids","description":"Welcome the leading manufacturer and supplier of wedding dresses. We offer in wholesale a large selection of high quality wedding dress collections and accessories for your business at competitive prices. Shop our full range of bridal products today!","publisher":{"@id":"https:\/\/bridalfashion.com\/ro\/#organization"},"potentialAction":[{"@type":"SearchAction","target":{"@type":"EntryPoint","urlTemplate":"https:\/\/bridalfashion.com\/ro\/?s={search_term_string}"},"query-input":{"@type":"PropertyValueSpecification","valueRequired":true,"valueName":"search_term_string"}}],"inLanguage":"ro-RO"},{"@type":"Organization","@id":"https:\/\/bridalfashion.com\/ro\/#organization","name":"BRIDAL FASHION \u2122 | Luxurious Wedding Dresses &amp; Fashionable Gowns for Women, Girls and Kids","url":"https:\/\/bridalfashion.com\/ro\/","logo":{"@type":"ImageObject","inLanguage":"ro-RO","@id":"https:\/\/bridalfashion.com\/ro\/#\/schema\/logo\/image\/","url":"https:\/\/bridalfashion.com\/wp-content\/uploads\/2022\/05\/cropped-BFG.png","contentUrl":"https:\/\/bridalfashion.com\/wp-content\/uploads\/2022\/05\/cropped-BFG.png","width":1771,"height":119,"caption":"BRIDAL FASHION \u2122 | Luxurious Wedding Dresses &amp; Fashionable Gowns for Women, Girls and Kids"},"image":{"@id":"https:\/\/bridalfashion.com\/ro\/#\/schema\/logo\/image\/"}}]}},"_links":{"self":[{"href":"https:\/\/bridalfashion.com\/ro\/wp-json\/wp\/v2\/product\/12107","targetHints":{"allow":["GET"]}}],"collection":[{"href":"https:\/\/bridalfashion.com\/ro\/wp-json\/wp\/v2\/product"}],"about":[{"href":"https:\/\/bridalfashion.com\/ro\/wp-json\/wp\/v2\/types\/product"}],"replies":[{"embeddable":true,"href":"https:\/\/bridalfashion.com\/ro\/wp-json\/wp\/v2\/comments?post=12107"}],"wp:featuredmedia":[{"embeddable":true,"href":"https:\/\/bridalfashion.com\/ro\/wp-json\/wp\/v2\/media\/7635"}],"wp:attachment":[{"href":"https:\/\/bridalfashion.com\/ro\/wp-json\/wp\/v2\/media?parent=12107"}],"wp:term":[{"taxonomy":"product_brand","embeddable":true,"href":"https:\/\/bridalfashion.com\/ro\/wp-json\/wp\/v2\/product_brand?post=12107"},{"taxonomy":"product_cat","embeddable":true,"href":"https:\/\/bridalfashion.com\/ro\/wp-json\/wp\/v2\/product_cat?post=12107"},{"taxonomy":"product_tag","embeddable":true,"href":"https:\/\/bridalfashion.com\/ro\/wp-json\/wp\/v2\/product_tag?post=12107"}],"curies":[{"name":"wp","href":"https:\/\/api.w.org\/{rel}","templated":true}]}}