{"id":12092,"date":"2021-10-07T08:36:55","date_gmt":"2022-10-26T06:23:36","guid":{"rendered":"https:\/\/bridalfashion.com\/fara-categorie\/rochie-de-mireasa-lapte-praf-briseida-bf0059\/"},"modified":"2022-10-26T08:23:36","modified_gmt":"2022-10-26T06:23:36","slug":"rochie-de-mireasa-romantica-briseida-bf0059","status":"publish","type":"product","link":"https:\/\/bridalfashion.com\/ro\/bali-ro\/rochie-de-mireasa-romantica-briseida-bf0059\/","title":{"rendered":"Rochie de mireasa Lapte Praf BRISEIDA &#8211; BF0059"},"content":{"rendered":"<h2>Descrierea modelului BRISEIDA \u2013 rochie de mireas\u0103 romantic\u0103 \u00een design original cu decor de dantel\u0103<\/h2>\n<p>Modelul BRISEIDA &#8211; BF0059 de la BRIDAL FASHION \u2013 o rochie de mireas\u0103 alb\u0103 fascinant\u0103. Partea de sus transparent\u0103 este lucrat\u0103 din tul de culoarea pielii \u0219i decorat\u0103 manual cu dantele fran\u021buze\u0219ti. \u00cen fa\u021b\u0103 \u2013 un decolteu ad\u00e2nc, spatele are o \u00eencheietoare vertical\u0103 din nasturi-perlu\u021be. Fusta ampl\u0103 din tul este des\u0103v\u00e2r\u0219it\u0103 printr-o tren\u0103 bogat\u0103 cu aplica\u021bii verticale. BRISEIDA \u2013 o rochie de mireas\u0103 romantic\u0103 \u00een design original \u2013 o alegere perfect\u0103 pentru o nunt\u0103 rafinat\u0103.<\/p>\n","protected":false},"excerpt":{"rendered":"<p>Descrierea modelului BRISEIDA \u2013 rochie de mireas\u0103 romantic\u0103 \u00een design original cu decor de dantel\u0103 Modelul BRISEIDA &#8211; BF0059 de la BRIDAL FASHION \u2013 o rochie de mireas\u0103 alb\u0103 fascinant\u0103. Partea de sus transparent\u0103 este lucrat\u0103 din tul de culoarea pielii \u0219i decorat\u0103 manual cu dantele fran\u021buze\u0219ti. \u00cen fa\u021b\u0103 \u2013 un decolteu ad\u00e2nc, spatele are&hellip;<\/p>\n","protected":false},"featured_media":7581,"comment_status":"open","ping_status":"closed","template":"","meta":[],"product_brand":[],"product_cat":[980],"product_tag":[],"class_list":{"0":"post-12092","1":"product","2":"type-product","3":"status-publish","4":"has-post-thumbnail","6":"product_cat-bali-ro","8":"first","9":"instock","10":"taxable","11":"shipping-taxable","12":"product-type-simple"},"yoast_head":"<!-- This site is optimized with the Yoast SEO plugin v27.5 - https:\/\/yoast.com\/product\/yoast-seo-wordpress\/ -->\n<title>Rochie de mireasa Lapte Praf BRISEIDA - BF0059 - BRIDAL FASHION \u2122 | Luxurious Wedding Dresses &amp; Fashionable Gowns for Women, Girls and Kids<\/title>\n<meta name=\"description\" content=\"Rochie alb\u0103 volant\u0103 BRISEIDA - BF0059, un model de rochie de mireas\u0103 romantic \u00een stil original cu decor din dantele fran\u021buze\u0219ti \u0219i cu perle. \u00cen partea din fa\u021b\u0103 \u2013 un decolteu ad\u00e2nc elegant, fusta este completat\u0103 cu o tren\u0103\" \/>\n<meta name=\"robots\" content=\"index, follow, max-snippet:-1, max-image-preview:large, max-video-preview:-1\" \/>\n<link rel=\"canonical\" href=\"https:\/\/bridalfashion.com\/ro\/bali-ro\/rochie-de-mireasa-romantica-briseida-bf0059\/\" \/>\n<meta property=\"og:locale\" content=\"ro_RO\" \/>\n<meta property=\"og:type\" content=\"article\" \/>\n<meta property=\"og:title\" content=\"Rochie de mireasa Lapte Praf BRISEIDA - BF0059 - BRIDAL FASHION \u2122 | Luxurious Wedding Dresses &amp; Fashionable Gowns for Women, Girls and Kids\" \/>\n<meta property=\"og:description\" content=\"Rochie alb\u0103 volant\u0103 BRISEIDA - BF0059, un model de rochie de mireas\u0103 romantic \u00een stil original cu decor din dantele fran\u021buze\u0219ti \u0219i cu perle. \u00cen partea din fa\u021b\u0103 \u2013 un decolteu ad\u00e2nc elegant, fusta este completat\u0103 cu o tren\u0103\" \/>\n<meta property=\"og:url\" content=\"https:\/\/bridalfashion.com\/ro\/bali-ro\/rochie-de-mireasa-romantica-briseida-bf0059\/\" \/>\n<meta property=\"og:site_name\" content=\"BRIDAL FASHION \u2122 | Luxurious Wedding Dresses &amp; Fashionable Gowns for Women, Girls and Kids\" \/>\n<meta property=\"og:image\" content=\"https:\/\/bridalfashion.com\/wp-content\/uploads\/2021\/10\/BF0059_A.jpg\" \/>\n\t<meta property=\"og:image:width\" content=\"1517\" \/>\n\t<meta property=\"og:image:height\" content=\"2000\" \/>\n\t<meta property=\"og:image:type\" content=\"image\/jpeg\" \/>\n<meta name=\"twitter:card\" content=\"summary_large_image\" \/>\n<script type=\"application\/ld+json\" class=\"yoast-schema-graph\">{\"@context\":\"https:\\\/\\\/schema.org\",\"@graph\":[{\"@type\":\"WebPage\",\"@id\":\"https:\\\/\\\/bridalfashion.com\\\/ro\\\/bali-ro\\\/rochie-de-mireasa-romantica-briseida-bf0059\\\/\",\"url\":\"https:\\\/\\\/bridalfashion.com\\\/ro\\\/bali-ro\\\/rochie-de-mireasa-romantica-briseida-bf0059\\\/\",\"name\":\"Rochie de mireasa Lapte Praf BRISEIDA - BF0059 - BRIDAL FASHION \u2122 | Luxurious Wedding Dresses &amp; Fashionable Gowns for Women, Girls and Kids\",\"isPartOf\":{\"@id\":\"https:\\\/\\\/bridalfashion.com\\\/ro\\\/#website\"},\"primaryImageOfPage\":{\"@id\":\"https:\\\/\\\/bridalfashion.com\\\/ro\\\/bali-ro\\\/rochie-de-mireasa-romantica-briseida-bf0059\\\/#primaryimage\"},\"image\":{\"@id\":\"https:\\\/\\\/bridalfashion.com\\\/ro\\\/bali-ro\\\/rochie-de-mireasa-romantica-briseida-bf0059\\\/#primaryimage\"},\"thumbnailUrl\":\"https:\\\/\\\/bridalfashion.com\\\/wp-content\\\/uploads\\\/2021\\\/10\\\/BF0059_A.jpg\",\"datePublished\":\"2022-10-26T06:23:36+00:00\",\"description\":\"Rochie alb\u0103 volant\u0103 BRISEIDA - BF0059, un model de rochie de mireas\u0103 romantic \u00een stil original cu decor din dantele fran\u021buze\u0219ti \u0219i cu perle. \u00cen partea din fa\u021b\u0103 \u2013 un decolteu ad\u00e2nc elegant, fusta este completat\u0103 cu o tren\u0103\",\"breadcrumb\":{\"@id\":\"https:\\\/\\\/bridalfashion.com\\\/ro\\\/bali-ro\\\/rochie-de-mireasa-romantica-briseida-bf0059\\\/#breadcrumb\"},\"inLanguage\":\"ro-RO\",\"potentialAction\":[{\"@type\":\"ReadAction\",\"target\":[\"https:\\\/\\\/bridalfashion.com\\\/ro\\\/bali-ro\\\/rochie-de-mireasa-romantica-briseida-bf0059\\\/\"]}]},{\"@type\":\"ImageObject\",\"inLanguage\":\"ro-RO\",\"@id\":\"https:\\\/\\\/bridalfashion.com\\\/ro\\\/bali-ro\\\/rochie-de-mireasa-romantica-briseida-bf0059\\\/#primaryimage\",\"url\":\"https:\\\/\\\/bridalfashion.com\\\/wp-content\\\/uploads\\\/2021\\\/10\\\/BF0059_A.jpg\",\"contentUrl\":\"https:\\\/\\\/bridalfashion.com\\\/wp-content\\\/uploads\\\/2021\\\/10\\\/BF0059_A.jpg\",\"width\":1517,\"height\":2000,\"caption\":\"o rochie de mireasa romantica cu design unic cu decor din dantela si perle completata cu o trena de la BIDAL FASHION - vedere frontala\"},{\"@type\":\"BreadcrumbList\",\"@id\":\"https:\\\/\\\/bridalfashion.com\\\/ro\\\/bali-ro\\\/rochie-de-mireasa-romantica-briseida-bf0059\\\/#breadcrumb\",\"itemListElement\":[{\"@type\":\"ListItem\",\"position\":1,\"name\":\"Home\",\"item\":\"https:\\\/\\\/bridalfashion.com\\\/ro\\\/\"},{\"@type\":\"ListItem\",\"position\":2,\"name\":\"Shop\",\"item\":\"https:\\\/\\\/bridalfashion.com\\\/shop-2\\\/\"},{\"@type\":\"ListItem\",\"position\":3,\"name\":\"Rochie de mireasa Lapte Praf BRISEIDA &#8211; BF0059\"}]},{\"@type\":\"WebSite\",\"@id\":\"https:\\\/\\\/bridalfashion.com\\\/ro\\\/#website\",\"url\":\"https:\\\/\\\/bridalfashion.com\\\/ro\\\/\",\"name\":\"BRIDAL FASHION \u2122 | Luxurious Wedding Dresses &amp; Fashionable Gowns for Women, Girls and Kids\",\"description\":\"Welcome the leading manufacturer and supplier of wedding dresses. We offer in wholesale a large selection of high quality wedding dress collections and accessories for your business at competitive prices. Shop our full range of bridal products today!\",\"publisher\":{\"@id\":\"https:\\\/\\\/bridalfashion.com\\\/ro\\\/#organization\"},\"potentialAction\":[{\"@type\":\"SearchAction\",\"target\":{\"@type\":\"EntryPoint\",\"urlTemplate\":\"https:\\\/\\\/bridalfashion.com\\\/ro\\\/?s={search_term_string}\"},\"query-input\":{\"@type\":\"PropertyValueSpecification\",\"valueRequired\":true,\"valueName\":\"search_term_string\"}}],\"inLanguage\":\"ro-RO\"},{\"@type\":\"Organization\",\"@id\":\"https:\\\/\\\/bridalfashion.com\\\/ro\\\/#organization\",\"name\":\"BRIDAL FASHION \u2122 | Luxurious Wedding Dresses &amp; Fashionable Gowns for Women, Girls and Kids\",\"url\":\"https:\\\/\\\/bridalfashion.com\\\/ro\\\/\",\"logo\":{\"@type\":\"ImageObject\",\"inLanguage\":\"ro-RO\",\"@id\":\"https:\\\/\\\/bridalfashion.com\\\/ro\\\/#\\\/schema\\\/logo\\\/image\\\/\",\"url\":\"https:\\\/\\\/bridalfashion.com\\\/wp-content\\\/uploads\\\/2022\\\/05\\\/cropped-BFG.png\",\"contentUrl\":\"https:\\\/\\\/bridalfashion.com\\\/wp-content\\\/uploads\\\/2022\\\/05\\\/cropped-BFG.png\",\"width\":1771,\"height\":119,\"caption\":\"BRIDAL FASHION \u2122 | Luxurious Wedding Dresses &amp; Fashionable Gowns for Women, Girls and Kids\"},\"image\":{\"@id\":\"https:\\\/\\\/bridalfashion.com\\\/ro\\\/#\\\/schema\\\/logo\\\/image\\\/\"}}]}<\/script>\n<!-- \/ Yoast SEO plugin. -->","yoast_head_json":{"title":"Rochie de mireasa Lapte Praf BRISEIDA - BF0059 - BRIDAL FASHION \u2122 | Luxurious Wedding Dresses &amp; Fashionable Gowns for Women, Girls and Kids","description":"Rochie alb\u0103 volant\u0103 BRISEIDA - BF0059, un model de rochie de mireas\u0103 romantic \u00een stil original cu decor din dantele fran\u021buze\u0219ti \u0219i cu perle. \u00cen partea din fa\u021b\u0103 \u2013 un decolteu ad\u00e2nc elegant, fusta este completat\u0103 cu o tren\u0103","robots":{"index":"index","follow":"follow","max-snippet":"max-snippet:-1","max-image-preview":"max-image-preview:large","max-video-preview":"max-video-preview:-1"},"canonical":"https:\/\/bridalfashion.com\/ro\/bali-ro\/rochie-de-mireasa-romantica-briseida-bf0059\/","og_locale":"ro_RO","og_type":"article","og_title":"Rochie de mireasa Lapte Praf BRISEIDA - BF0059 - BRIDAL FASHION \u2122 | Luxurious Wedding Dresses &amp; Fashionable Gowns for Women, Girls and Kids","og_description":"Rochie alb\u0103 volant\u0103 BRISEIDA - BF0059, un model de rochie de mireas\u0103 romantic \u00een stil original cu decor din dantele fran\u021buze\u0219ti \u0219i cu perle. \u00cen partea din fa\u021b\u0103 \u2013 un decolteu ad\u00e2nc elegant, fusta este completat\u0103 cu o tren\u0103","og_url":"https:\/\/bridalfashion.com\/ro\/bali-ro\/rochie-de-mireasa-romantica-briseida-bf0059\/","og_site_name":"BRIDAL FASHION \u2122 | Luxurious Wedding Dresses &amp; Fashionable Gowns for Women, Girls and Kids","og_image":[{"width":1517,"height":2000,"url":"https:\/\/bridalfashion.com\/wp-content\/uploads\/2021\/10\/BF0059_A.jpg","type":"image\/jpeg"}],"twitter_card":"summary_large_image","schema":{"@context":"https:\/\/schema.org","@graph":[{"@type":"WebPage","@id":"https:\/\/bridalfashion.com\/ro\/bali-ro\/rochie-de-mireasa-romantica-briseida-bf0059\/","url":"https:\/\/bridalfashion.com\/ro\/bali-ro\/rochie-de-mireasa-romantica-briseida-bf0059\/","name":"Rochie de mireasa Lapte Praf BRISEIDA - BF0059 - BRIDAL FASHION \u2122 | Luxurious Wedding Dresses &amp; Fashionable Gowns for Women, Girls and Kids","isPartOf":{"@id":"https:\/\/bridalfashion.com\/ro\/#website"},"primaryImageOfPage":{"@id":"https:\/\/bridalfashion.com\/ro\/bali-ro\/rochie-de-mireasa-romantica-briseida-bf0059\/#primaryimage"},"image":{"@id":"https:\/\/bridalfashion.com\/ro\/bali-ro\/rochie-de-mireasa-romantica-briseida-bf0059\/#primaryimage"},"thumbnailUrl":"https:\/\/bridalfashion.com\/wp-content\/uploads\/2021\/10\/BF0059_A.jpg","datePublished":"2022-10-26T06:23:36+00:00","description":"Rochie alb\u0103 volant\u0103 BRISEIDA - BF0059, un model de rochie de mireas\u0103 romantic \u00een stil original cu decor din dantele fran\u021buze\u0219ti \u0219i cu perle. \u00cen partea din fa\u021b\u0103 \u2013 un decolteu ad\u00e2nc elegant, fusta este completat\u0103 cu o tren\u0103","breadcrumb":{"@id":"https:\/\/bridalfashion.com\/ro\/bali-ro\/rochie-de-mireasa-romantica-briseida-bf0059\/#breadcrumb"},"inLanguage":"ro-RO","potentialAction":[{"@type":"ReadAction","target":["https:\/\/bridalfashion.com\/ro\/bali-ro\/rochie-de-mireasa-romantica-briseida-bf0059\/"]}]},{"@type":"ImageObject","inLanguage":"ro-RO","@id":"https:\/\/bridalfashion.com\/ro\/bali-ro\/rochie-de-mireasa-romantica-briseida-bf0059\/#primaryimage","url":"https:\/\/bridalfashion.com\/wp-content\/uploads\/2021\/10\/BF0059_A.jpg","contentUrl":"https:\/\/bridalfashion.com\/wp-content\/uploads\/2021\/10\/BF0059_A.jpg","width":1517,"height":2000,"caption":"o rochie de mireasa romantica cu design unic cu decor din dantela si perle completata cu o trena de la BIDAL FASHION - vedere frontala"},{"@type":"BreadcrumbList","@id":"https:\/\/bridalfashion.com\/ro\/bali-ro\/rochie-de-mireasa-romantica-briseida-bf0059\/#breadcrumb","itemListElement":[{"@type":"ListItem","position":1,"name":"Home","item":"https:\/\/bridalfashion.com\/ro\/"},{"@type":"ListItem","position":2,"name":"Shop","item":"https:\/\/bridalfashion.com\/shop-2\/"},{"@type":"ListItem","position":3,"name":"Rochie de mireasa Lapte Praf BRISEIDA &#8211; BF0059"}]},{"@type":"WebSite","@id":"https:\/\/bridalfashion.com\/ro\/#website","url":"https:\/\/bridalfashion.com\/ro\/","name":"BRIDAL FASHION \u2122 | Luxurious Wedding Dresses &amp; Fashionable Gowns for Women, Girls and Kids","description":"Welcome the leading manufacturer and supplier of wedding dresses. We offer in wholesale a large selection of high quality wedding dress collections and accessories for your business at competitive prices. Shop our full range of bridal products today!","publisher":{"@id":"https:\/\/bridalfashion.com\/ro\/#organization"},"potentialAction":[{"@type":"SearchAction","target":{"@type":"EntryPoint","urlTemplate":"https:\/\/bridalfashion.com\/ro\/?s={search_term_string}"},"query-input":{"@type":"PropertyValueSpecification","valueRequired":true,"valueName":"search_term_string"}}],"inLanguage":"ro-RO"},{"@type":"Organization","@id":"https:\/\/bridalfashion.com\/ro\/#organization","name":"BRIDAL FASHION \u2122 | Luxurious Wedding Dresses &amp; Fashionable Gowns for Women, Girls and Kids","url":"https:\/\/bridalfashion.com\/ro\/","logo":{"@type":"ImageObject","inLanguage":"ro-RO","@id":"https:\/\/bridalfashion.com\/ro\/#\/schema\/logo\/image\/","url":"https:\/\/bridalfashion.com\/wp-content\/uploads\/2022\/05\/cropped-BFG.png","contentUrl":"https:\/\/bridalfashion.com\/wp-content\/uploads\/2022\/05\/cropped-BFG.png","width":1771,"height":119,"caption":"BRIDAL FASHION \u2122 | Luxurious Wedding Dresses &amp; Fashionable Gowns for Women, Girls and Kids"},"image":{"@id":"https:\/\/bridalfashion.com\/ro\/#\/schema\/logo\/image\/"}}]}},"_links":{"self":[{"href":"https:\/\/bridalfashion.com\/ro\/wp-json\/wp\/v2\/product\/12092","targetHints":{"allow":["GET"]}}],"collection":[{"href":"https:\/\/bridalfashion.com\/ro\/wp-json\/wp\/v2\/product"}],"about":[{"href":"https:\/\/bridalfashion.com\/ro\/wp-json\/wp\/v2\/types\/product"}],"replies":[{"embeddable":true,"href":"https:\/\/bridalfashion.com\/ro\/wp-json\/wp\/v2\/comments?post=12092"}],"wp:featuredmedia":[{"embeddable":true,"href":"https:\/\/bridalfashion.com\/ro\/wp-json\/wp\/v2\/media\/7581"}],"wp:attachment":[{"href":"https:\/\/bridalfashion.com\/ro\/wp-json\/wp\/v2\/media?parent=12092"}],"wp:term":[{"taxonomy":"product_brand","embeddable":true,"href":"https:\/\/bridalfashion.com\/ro\/wp-json\/wp\/v2\/product_brand?post=12092"},{"taxonomy":"product_cat","embeddable":true,"href":"https:\/\/bridalfashion.com\/ro\/wp-json\/wp\/v2\/product_cat?post=12092"},{"taxonomy":"product_tag","embeddable":true,"href":"https:\/\/bridalfashion.com\/ro\/wp-json\/wp\/v2\/product_tag?post=12092"}],"curies":[{"name":"wp","href":"https:\/\/api.w.org\/{rel}","templated":true}]}}