{"id":12086,"date":"2021-10-07T08:31:53","date_gmt":"2022-10-25T07:43:12","guid":{"rendered":"https:\/\/bridalfashion.com\/fara-categorie\/o-rochie-de-mireasa-eleganta-begonia-bf0057\/"},"modified":"2022-10-25T09:43:12","modified_gmt":"2022-10-25T07:43:12","slug":"eleganta-rochie-de-mireasa-begonia-bf0057","status":"publish","type":"product","link":"https:\/\/bridalfashion.com\/ro\/bali-ro\/eleganta-rochie-de-mireasa-begonia-bf0057\/","title":{"rendered":"O rochie de mireasa eleganta BEGONIA &#8211; BF0057"},"content":{"rendered":"<h2>Descrierea modelului BEGONIA \u2013 o rochie de mireas\u0103 rafinat\u0103 cu decor de dantel\u0103<\/h2>\n<p>Modelul BEGONIA &#8211; BF0057 de la BRIDAL FASHION \u2013 o rochie seduc\u0103toare \u00een alb, lucrat\u0103 din \u021bes\u0103turi fine, volante \u00een stil \u00abprin\u021bes\u0103\u00bb. Partea de sus a rochiei are un decolteu ad\u00e2nc \u0219i spatele dezgolit. Bretelele continu\u0103 \u00een ni\u0219te m\u00e2neci-aripioare. Bustul \u0219i fusta ampl\u0103 din tul, sunt decorate cu aplica\u021bii din ghipur\u0103. BEGONIA este o rochie de mireas\u0103 elegant\u0103 cu decor de dantel\u0103, ce se va potrivi pentru miresele cu diferite tipuri de figuri.<\/p>\n","protected":false},"excerpt":{"rendered":"<p>Descrierea modelului BEGONIA \u2013 o rochie de mireas\u0103 rafinat\u0103 cu decor de dantel\u0103 Modelul BEGONIA &#8211; BF0057 de la BRIDAL FASHION \u2013 o rochie seduc\u0103toare \u00een alb, lucrat\u0103 din \u021bes\u0103turi fine, volante \u00een stil \u00abprin\u021bes\u0103\u00bb. Partea de sus a rochiei are un decolteu ad\u00e2nc \u0219i spatele dezgolit. Bretelele continu\u0103 \u00een ni\u0219te m\u00e2neci-aripioare. Bustul \u0219i fusta&hellip;<\/p>\n","protected":false},"featured_media":7563,"comment_status":"open","ping_status":"closed","template":"","meta":[],"product_brand":[],"product_cat":[980],"product_tag":[],"class_list":{"0":"post-12086","1":"product","2":"type-product","3":"status-publish","4":"has-post-thumbnail","6":"product_cat-bali-ro","8":"first","9":"instock","10":"taxable","11":"shipping-taxable","12":"product-type-simple"},"yoast_head":"<!-- This site is optimized with the Yoast SEO plugin v27.4 - https:\/\/yoast.com\/product\/yoast-seo-wordpress\/ -->\n<title>O rochie de mireasa eleganta BEGONIA - BF0057 - BRIDAL FASHION \u2122 | Luxurious Wedding Dresses &amp; Fashionable Gowns for Women, Girls and Kids<\/title>\n<meta name=\"description\" content=\"Rochie de culoare alb\u0103 BEGONIA - BF0057, un model elegant cu decor de dantel\u0103 \u00een partea de sus, ad\u00e2nc decoltat \u0219i cu spatele dezgolit, cu o fust\u0103 ampl\u0103 din tul fin, str\u00e2ns\u0103 \u00een pliuri la br\u00e2u. Bretelele continu\u0103 \u00een ni\u0219te m\u00e2neci-aripioare.\" \/>\n<meta name=\"robots\" content=\"index, follow, max-snippet:-1, max-image-preview:large, max-video-preview:-1\" \/>\n<link rel=\"canonical\" href=\"https:\/\/bridalfashion.com\/ro\/bali-ro\/eleganta-rochie-de-mireasa-begonia-bf0057\/\" \/>\n<meta property=\"og:locale\" content=\"ro_RO\" \/>\n<meta property=\"og:type\" content=\"article\" \/>\n<meta property=\"og:title\" content=\"O rochie de mireasa eleganta BEGONIA - BF0057 - BRIDAL FASHION \u2122 | Luxurious Wedding Dresses &amp; Fashionable Gowns for Women, Girls and Kids\" \/>\n<meta property=\"og:description\" content=\"Rochie de culoare alb\u0103 BEGONIA - BF0057, un model elegant cu decor de dantel\u0103 \u00een partea de sus, ad\u00e2nc decoltat \u0219i cu spatele dezgolit, cu o fust\u0103 ampl\u0103 din tul fin, str\u00e2ns\u0103 \u00een pliuri la br\u00e2u. Bretelele continu\u0103 \u00een ni\u0219te m\u00e2neci-aripioare.\" \/>\n<meta property=\"og:url\" content=\"https:\/\/bridalfashion.com\/ro\/bali-ro\/eleganta-rochie-de-mireasa-begonia-bf0057\/\" \/>\n<meta property=\"og:site_name\" content=\"BRIDAL FASHION \u2122 | Luxurious Wedding Dresses &amp; Fashionable Gowns for Women, Girls and Kids\" \/>\n<meta property=\"og:image\" content=\"https:\/\/bridalfashion.com\/wp-content\/uploads\/2021\/10\/BF0057_A.jpg\" \/>\n\t<meta property=\"og:image:width\" content=\"1517\" \/>\n\t<meta property=\"og:image:height\" content=\"2000\" \/>\n\t<meta property=\"og:image:type\" content=\"image\/jpeg\" \/>\n<meta name=\"twitter:card\" content=\"summary_large_image\" \/>\n<script type=\"application\/ld+json\" class=\"yoast-schema-graph\">{\"@context\":\"https:\\\/\\\/schema.org\",\"@graph\":[{\"@type\":\"WebPage\",\"@id\":\"https:\\\/\\\/bridalfashion.com\\\/ro\\\/bali-ro\\\/eleganta-rochie-de-mireasa-begonia-bf0057\\\/\",\"url\":\"https:\\\/\\\/bridalfashion.com\\\/ro\\\/bali-ro\\\/eleganta-rochie-de-mireasa-begonia-bf0057\\\/\",\"name\":\"O rochie de mireasa eleganta BEGONIA - BF0057 - BRIDAL FASHION \u2122 | Luxurious Wedding Dresses &amp; Fashionable Gowns for Women, Girls and Kids\",\"isPartOf\":{\"@id\":\"https:\\\/\\\/bridalfashion.com\\\/ro\\\/#website\"},\"primaryImageOfPage\":{\"@id\":\"https:\\\/\\\/bridalfashion.com\\\/ro\\\/bali-ro\\\/eleganta-rochie-de-mireasa-begonia-bf0057\\\/#primaryimage\"},\"image\":{\"@id\":\"https:\\\/\\\/bridalfashion.com\\\/ro\\\/bali-ro\\\/eleganta-rochie-de-mireasa-begonia-bf0057\\\/#primaryimage\"},\"thumbnailUrl\":\"https:\\\/\\\/bridalfashion.com\\\/wp-content\\\/uploads\\\/2021\\\/10\\\/BF0057_A.jpg\",\"datePublished\":\"2022-10-25T07:43:12+00:00\",\"description\":\"Rochie de culoare alb\u0103 BEGONIA - BF0057, un model elegant cu decor de dantel\u0103 \u00een partea de sus, ad\u00e2nc decoltat \u0219i cu spatele dezgolit, cu o fust\u0103 ampl\u0103 din tul fin, str\u00e2ns\u0103 \u00een pliuri la br\u00e2u. Bretelele continu\u0103 \u00een ni\u0219te m\u00e2neci-aripioare.\",\"breadcrumb\":{\"@id\":\"https:\\\/\\\/bridalfashion.com\\\/ro\\\/bali-ro\\\/eleganta-rochie-de-mireasa-begonia-bf0057\\\/#breadcrumb\"},\"inLanguage\":\"ro-RO\",\"potentialAction\":[{\"@type\":\"ReadAction\",\"target\":[\"https:\\\/\\\/bridalfashion.com\\\/ro\\\/bali-ro\\\/eleganta-rochie-de-mireasa-begonia-bf0057\\\/\"]}]},{\"@type\":\"ImageObject\",\"inLanguage\":\"ro-RO\",\"@id\":\"https:\\\/\\\/bridalfashion.com\\\/ro\\\/bali-ro\\\/eleganta-rochie-de-mireasa-begonia-bf0057\\\/#primaryimage\",\"url\":\"https:\\\/\\\/bridalfashion.com\\\/wp-content\\\/uploads\\\/2021\\\/10\\\/BF0057_A.jpg\",\"contentUrl\":\"https:\\\/\\\/bridalfashion.com\\\/wp-content\\\/uploads\\\/2021\\\/10\\\/BF0057_A.jpg\",\"width\":1517,\"height\":2000,\"caption\":\"o rochie de mireas\u0103 elegant\u0103 cu decor din dantel\u0103 pe corsetul deschis \u0219i fusta luxuriant\u0103 aerisit\u0103 de la BRIDAL FASHION - vedere frontal\u0103\"},{\"@type\":\"BreadcrumbList\",\"@id\":\"https:\\\/\\\/bridalfashion.com\\\/ro\\\/bali-ro\\\/eleganta-rochie-de-mireasa-begonia-bf0057\\\/#breadcrumb\",\"itemListElement\":[{\"@type\":\"ListItem\",\"position\":1,\"name\":\"Home\",\"item\":\"https:\\\/\\\/bridalfashion.com\\\/ro\\\/\"},{\"@type\":\"ListItem\",\"position\":2,\"name\":\"Shop\",\"item\":\"https:\\\/\\\/bridalfashion.com\\\/shop-2\\\/\"},{\"@type\":\"ListItem\",\"position\":3,\"name\":\"O rochie de mireasa eleganta BEGONIA &#8211; BF0057\"}]},{\"@type\":\"WebSite\",\"@id\":\"https:\\\/\\\/bridalfashion.com\\\/ro\\\/#website\",\"url\":\"https:\\\/\\\/bridalfashion.com\\\/ro\\\/\",\"name\":\"BRIDAL FASHION \u2122 | Luxurious Wedding Dresses &amp; Fashionable Gowns for Women, Girls and Kids\",\"description\":\"Welcome the leading manufacturer and supplier of wedding dresses. We offer in wholesale a large selection of high quality wedding dress collections and accessories for your business at competitive prices. Shop our full range of bridal products today!\",\"publisher\":{\"@id\":\"https:\\\/\\\/bridalfashion.com\\\/ro\\\/#organization\"},\"potentialAction\":[{\"@type\":\"SearchAction\",\"target\":{\"@type\":\"EntryPoint\",\"urlTemplate\":\"https:\\\/\\\/bridalfashion.com\\\/ro\\\/?s={search_term_string}\"},\"query-input\":{\"@type\":\"PropertyValueSpecification\",\"valueRequired\":true,\"valueName\":\"search_term_string\"}}],\"inLanguage\":\"ro-RO\"},{\"@type\":\"Organization\",\"@id\":\"https:\\\/\\\/bridalfashion.com\\\/ro\\\/#organization\",\"name\":\"BRIDAL FASHION \u2122 | Luxurious Wedding Dresses &amp; Fashionable Gowns for Women, Girls and Kids\",\"url\":\"https:\\\/\\\/bridalfashion.com\\\/ro\\\/\",\"logo\":{\"@type\":\"ImageObject\",\"inLanguage\":\"ro-RO\",\"@id\":\"https:\\\/\\\/bridalfashion.com\\\/ro\\\/#\\\/schema\\\/logo\\\/image\\\/\",\"url\":\"https:\\\/\\\/bridalfashion.com\\\/wp-content\\\/uploads\\\/2022\\\/05\\\/cropped-BFG.png\",\"contentUrl\":\"https:\\\/\\\/bridalfashion.com\\\/wp-content\\\/uploads\\\/2022\\\/05\\\/cropped-BFG.png\",\"width\":1771,\"height\":119,\"caption\":\"BRIDAL FASHION \u2122 | Luxurious Wedding Dresses &amp; Fashionable Gowns for Women, Girls and Kids\"},\"image\":{\"@id\":\"https:\\\/\\\/bridalfashion.com\\\/ro\\\/#\\\/schema\\\/logo\\\/image\\\/\"}}]}<\/script>\n<!-- \/ Yoast SEO plugin. -->","yoast_head_json":{"title":"O rochie de mireasa eleganta BEGONIA - BF0057 - BRIDAL FASHION \u2122 | Luxurious Wedding Dresses &amp; Fashionable Gowns for Women, Girls and Kids","description":"Rochie de culoare alb\u0103 BEGONIA - BF0057, un model elegant cu decor de dantel\u0103 \u00een partea de sus, ad\u00e2nc decoltat \u0219i cu spatele dezgolit, cu o fust\u0103 ampl\u0103 din tul fin, str\u00e2ns\u0103 \u00een pliuri la br\u00e2u. Bretelele continu\u0103 \u00een ni\u0219te m\u00e2neci-aripioare.","robots":{"index":"index","follow":"follow","max-snippet":"max-snippet:-1","max-image-preview":"max-image-preview:large","max-video-preview":"max-video-preview:-1"},"canonical":"https:\/\/bridalfashion.com\/ro\/bali-ro\/eleganta-rochie-de-mireasa-begonia-bf0057\/","og_locale":"ro_RO","og_type":"article","og_title":"O rochie de mireasa eleganta BEGONIA - BF0057 - BRIDAL FASHION \u2122 | Luxurious Wedding Dresses &amp; Fashionable Gowns for Women, Girls and Kids","og_description":"Rochie de culoare alb\u0103 BEGONIA - BF0057, un model elegant cu decor de dantel\u0103 \u00een partea de sus, ad\u00e2nc decoltat \u0219i cu spatele dezgolit, cu o fust\u0103 ampl\u0103 din tul fin, str\u00e2ns\u0103 \u00een pliuri la br\u00e2u. Bretelele continu\u0103 \u00een ni\u0219te m\u00e2neci-aripioare.","og_url":"https:\/\/bridalfashion.com\/ro\/bali-ro\/eleganta-rochie-de-mireasa-begonia-bf0057\/","og_site_name":"BRIDAL FASHION \u2122 | Luxurious Wedding Dresses &amp; Fashionable Gowns for Women, Girls and Kids","og_image":[{"width":1517,"height":2000,"url":"https:\/\/bridalfashion.com\/wp-content\/uploads\/2021\/10\/BF0057_A.jpg","type":"image\/jpeg"}],"twitter_card":"summary_large_image","schema":{"@context":"https:\/\/schema.org","@graph":[{"@type":"WebPage","@id":"https:\/\/bridalfashion.com\/ro\/bali-ro\/eleganta-rochie-de-mireasa-begonia-bf0057\/","url":"https:\/\/bridalfashion.com\/ro\/bali-ro\/eleganta-rochie-de-mireasa-begonia-bf0057\/","name":"O rochie de mireasa eleganta BEGONIA - BF0057 - BRIDAL FASHION \u2122 | Luxurious Wedding Dresses &amp; Fashionable Gowns for Women, Girls and Kids","isPartOf":{"@id":"https:\/\/bridalfashion.com\/ro\/#website"},"primaryImageOfPage":{"@id":"https:\/\/bridalfashion.com\/ro\/bali-ro\/eleganta-rochie-de-mireasa-begonia-bf0057\/#primaryimage"},"image":{"@id":"https:\/\/bridalfashion.com\/ro\/bali-ro\/eleganta-rochie-de-mireasa-begonia-bf0057\/#primaryimage"},"thumbnailUrl":"https:\/\/bridalfashion.com\/wp-content\/uploads\/2021\/10\/BF0057_A.jpg","datePublished":"2022-10-25T07:43:12+00:00","description":"Rochie de culoare alb\u0103 BEGONIA - BF0057, un model elegant cu decor de dantel\u0103 \u00een partea de sus, ad\u00e2nc decoltat \u0219i cu spatele dezgolit, cu o fust\u0103 ampl\u0103 din tul fin, str\u00e2ns\u0103 \u00een pliuri la br\u00e2u. Bretelele continu\u0103 \u00een ni\u0219te m\u00e2neci-aripioare.","breadcrumb":{"@id":"https:\/\/bridalfashion.com\/ro\/bali-ro\/eleganta-rochie-de-mireasa-begonia-bf0057\/#breadcrumb"},"inLanguage":"ro-RO","potentialAction":[{"@type":"ReadAction","target":["https:\/\/bridalfashion.com\/ro\/bali-ro\/eleganta-rochie-de-mireasa-begonia-bf0057\/"]}]},{"@type":"ImageObject","inLanguage":"ro-RO","@id":"https:\/\/bridalfashion.com\/ro\/bali-ro\/eleganta-rochie-de-mireasa-begonia-bf0057\/#primaryimage","url":"https:\/\/bridalfashion.com\/wp-content\/uploads\/2021\/10\/BF0057_A.jpg","contentUrl":"https:\/\/bridalfashion.com\/wp-content\/uploads\/2021\/10\/BF0057_A.jpg","width":1517,"height":2000,"caption":"o rochie de mireas\u0103 elegant\u0103 cu decor din dantel\u0103 pe corsetul deschis \u0219i fusta luxuriant\u0103 aerisit\u0103 de la BRIDAL FASHION - vedere frontal\u0103"},{"@type":"BreadcrumbList","@id":"https:\/\/bridalfashion.com\/ro\/bali-ro\/eleganta-rochie-de-mireasa-begonia-bf0057\/#breadcrumb","itemListElement":[{"@type":"ListItem","position":1,"name":"Home","item":"https:\/\/bridalfashion.com\/ro\/"},{"@type":"ListItem","position":2,"name":"Shop","item":"https:\/\/bridalfashion.com\/shop-2\/"},{"@type":"ListItem","position":3,"name":"O rochie de mireasa eleganta BEGONIA &#8211; BF0057"}]},{"@type":"WebSite","@id":"https:\/\/bridalfashion.com\/ro\/#website","url":"https:\/\/bridalfashion.com\/ro\/","name":"BRIDAL FASHION \u2122 | Luxurious Wedding Dresses &amp; Fashionable Gowns for Women, Girls and Kids","description":"Welcome the leading manufacturer and supplier of wedding dresses. We offer in wholesale a large selection of high quality wedding dress collections and accessories for your business at competitive prices. Shop our full range of bridal products today!","publisher":{"@id":"https:\/\/bridalfashion.com\/ro\/#organization"},"potentialAction":[{"@type":"SearchAction","target":{"@type":"EntryPoint","urlTemplate":"https:\/\/bridalfashion.com\/ro\/?s={search_term_string}"},"query-input":{"@type":"PropertyValueSpecification","valueRequired":true,"valueName":"search_term_string"}}],"inLanguage":"ro-RO"},{"@type":"Organization","@id":"https:\/\/bridalfashion.com\/ro\/#organization","name":"BRIDAL FASHION \u2122 | Luxurious Wedding Dresses &amp; Fashionable Gowns for Women, Girls and Kids","url":"https:\/\/bridalfashion.com\/ro\/","logo":{"@type":"ImageObject","inLanguage":"ro-RO","@id":"https:\/\/bridalfashion.com\/ro\/#\/schema\/logo\/image\/","url":"https:\/\/bridalfashion.com\/wp-content\/uploads\/2022\/05\/cropped-BFG.png","contentUrl":"https:\/\/bridalfashion.com\/wp-content\/uploads\/2022\/05\/cropped-BFG.png","width":1771,"height":119,"caption":"BRIDAL FASHION \u2122 | Luxurious Wedding Dresses &amp; Fashionable Gowns for Women, Girls and Kids"},"image":{"@id":"https:\/\/bridalfashion.com\/ro\/#\/schema\/logo\/image\/"}}]}},"_links":{"self":[{"href":"https:\/\/bridalfashion.com\/ro\/wp-json\/wp\/v2\/product\/12086","targetHints":{"allow":["GET"]}}],"collection":[{"href":"https:\/\/bridalfashion.com\/ro\/wp-json\/wp\/v2\/product"}],"about":[{"href":"https:\/\/bridalfashion.com\/ro\/wp-json\/wp\/v2\/types\/product"}],"replies":[{"embeddable":true,"href":"https:\/\/bridalfashion.com\/ro\/wp-json\/wp\/v2\/comments?post=12086"}],"wp:featuredmedia":[{"embeddable":true,"href":"https:\/\/bridalfashion.com\/ro\/wp-json\/wp\/v2\/media\/7563"}],"wp:attachment":[{"href":"https:\/\/bridalfashion.com\/ro\/wp-json\/wp\/v2\/media?parent=12086"}],"wp:term":[{"taxonomy":"product_brand","embeddable":true,"href":"https:\/\/bridalfashion.com\/ro\/wp-json\/wp\/v2\/product_brand?post=12086"},{"taxonomy":"product_cat","embeddable":true,"href":"https:\/\/bridalfashion.com\/ro\/wp-json\/wp\/v2\/product_cat?post=12086"},{"taxonomy":"product_tag","embeddable":true,"href":"https:\/\/bridalfashion.com\/ro\/wp-json\/wp\/v2\/product_tag?post=12086"}],"curies":[{"name":"wp","href":"https:\/\/api.w.org\/{rel}","templated":true}]}}