{"id":12080,"date":"2021-10-07T08:25:33","date_gmt":"2022-10-25T07:29:06","guid":{"rendered":"https:\/\/bridalfashion.com\/fara-categorie\/rochie-stil-printesa-beatrice-bf0055\/"},"modified":"2022-10-25T09:29:06","modified_gmt":"2022-10-25T07:29:06","slug":"rochie-stil-printesa-blanda-beatrice-bf0055","status":"publish","type":"product","link":"https:\/\/bridalfashion.com\/ro\/bali-ro\/rochie-stil-printesa-blanda-beatrice-bf0055\/","title":{"rendered":"Rochie stil printesa BEATRICE &#8211; BF0055"},"content":{"rendered":"<h2>Descrierea modelului BEATRICE \u2013 o rochie-prin\u021bes\u0103 ginga\u0219\u0103 cu decor de dantel\u0103 ales<\/h2>\n<p>Modelul BEATRICE &#8211; BF0055, rochie prin\u021bes\u0103 senzual\u0103 \u0219i delicat\u0103 cu decor de dantel\u0103 ales din ghipur\u0103 fran\u021buzeasc\u0103. Partea de sus cu decolteu ad\u00e2nc \u0219i cu spatele dezgolit, este des\u0103v\u00e2r\u0219it\u0103 prin ni\u0219te m\u00e2neci volante. Designul rochiei BEATRICE este completat cu o tren\u0103 elegant\u0103.<\/p>\n","protected":false},"excerpt":{"rendered":"<p>Descrierea modelului BEATRICE \u2013 o rochie-prin\u021bes\u0103 ginga\u0219\u0103 cu decor de dantel\u0103 ales Modelul BEATRICE &#8211; BF0055, rochie prin\u021bes\u0103 senzual\u0103 \u0219i delicat\u0103 cu decor de dantel\u0103 ales din ghipur\u0103 fran\u021buzeasc\u0103. Partea de sus cu decolteu ad\u00e2nc \u0219i cu spatele dezgolit, este des\u0103v\u00e2r\u0219it\u0103 prin ni\u0219te m\u00e2neci volante. Designul rochiei BEATRICE este completat cu o tren\u0103 elegant\u0103.<\/p>\n","protected":false},"featured_media":7545,"comment_status":"open","ping_status":"closed","template":"","meta":[],"product_brand":[],"product_cat":[980],"product_tag":[],"class_list":{"0":"post-12080","1":"product","2":"type-product","3":"status-publish","4":"has-post-thumbnail","6":"product_cat-bali-ro","8":"first","9":"instock","10":"taxable","11":"shipping-taxable","12":"product-type-simple"},"yoast_head":"<!-- This site is optimized with the Yoast SEO plugin v27.5 - https:\/\/yoast.com\/product\/yoast-seo-wordpress\/ -->\n<title>Rochie stil printesa BEATRICE - BF0055 - BRIDAL FASHION \u2122 | Luxurious Wedding Dresses &amp; Fashionable Gowns for Women, Girls and Kids<\/title>\n<meta name=\"description\" content=\"O rochie prin\u021bes\u0103 ginga\u0219\u0103 cu decor de dantel\u0103 ales din ghipur\u0103 fran\u021buzeasc\u0103. Are partea de sus deschis\u0103, m\u00e2neci volante c\u0103zute \u0219i o tren\u0103 elegant\u0103 \u2013 BEATRICE.\" \/>\n<meta name=\"robots\" content=\"index, follow, max-snippet:-1, max-image-preview:large, max-video-preview:-1\" \/>\n<link rel=\"canonical\" href=\"https:\/\/bridalfashion.com\/ro\/bali-ro\/rochie-stil-printesa-blanda-beatrice-bf0055\/\" \/>\n<meta property=\"og:locale\" content=\"ro_RO\" \/>\n<meta property=\"og:type\" content=\"article\" \/>\n<meta property=\"og:title\" content=\"Rochie stil printesa BEATRICE - BF0055 - BRIDAL FASHION \u2122 | Luxurious Wedding Dresses &amp; Fashionable Gowns for Women, Girls and Kids\" \/>\n<meta property=\"og:description\" content=\"O rochie prin\u021bes\u0103 ginga\u0219\u0103 cu decor de dantel\u0103 ales din ghipur\u0103 fran\u021buzeasc\u0103. Are partea de sus deschis\u0103, m\u00e2neci volante c\u0103zute \u0219i o tren\u0103 elegant\u0103 \u2013 BEATRICE.\" \/>\n<meta property=\"og:url\" content=\"https:\/\/bridalfashion.com\/ro\/bali-ro\/rochie-stil-printesa-blanda-beatrice-bf0055\/\" \/>\n<meta property=\"og:site_name\" content=\"BRIDAL FASHION \u2122 | Luxurious Wedding Dresses &amp; Fashionable Gowns for Women, Girls and Kids\" \/>\n<meta property=\"og:image\" content=\"https:\/\/bridalfashion.com\/wp-content\/uploads\/2021\/10\/BF0055_C.jpg\" \/>\n\t<meta property=\"og:image:width\" content=\"1517\" \/>\n\t<meta property=\"og:image:height\" content=\"2000\" \/>\n\t<meta property=\"og:image:type\" content=\"image\/jpeg\" \/>\n<meta name=\"twitter:card\" content=\"summary_large_image\" \/>\n<script type=\"application\/ld+json\" class=\"yoast-schema-graph\">{\"@context\":\"https:\\\/\\\/schema.org\",\"@graph\":[{\"@type\":\"WebPage\",\"@id\":\"https:\\\/\\\/bridalfashion.com\\\/ro\\\/bali-ro\\\/rochie-stil-printesa-blanda-beatrice-bf0055\\\/\",\"url\":\"https:\\\/\\\/bridalfashion.com\\\/ro\\\/bali-ro\\\/rochie-stil-printesa-blanda-beatrice-bf0055\\\/\",\"name\":\"Rochie stil printesa BEATRICE - BF0055 - BRIDAL FASHION \u2122 | Luxurious Wedding Dresses &amp; Fashionable Gowns for Women, Girls and Kids\",\"isPartOf\":{\"@id\":\"https:\\\/\\\/bridalfashion.com\\\/ro\\\/#website\"},\"primaryImageOfPage\":{\"@id\":\"https:\\\/\\\/bridalfashion.com\\\/ro\\\/bali-ro\\\/rochie-stil-printesa-blanda-beatrice-bf0055\\\/#primaryimage\"},\"image\":{\"@id\":\"https:\\\/\\\/bridalfashion.com\\\/ro\\\/bali-ro\\\/rochie-stil-printesa-blanda-beatrice-bf0055\\\/#primaryimage\"},\"thumbnailUrl\":\"https:\\\/\\\/bridalfashion.com\\\/wp-content\\\/uploads\\\/2021\\\/10\\\/BF0055_C.jpg\",\"datePublished\":\"2022-10-25T07:29:06+00:00\",\"description\":\"O rochie prin\u021bes\u0103 ginga\u0219\u0103 cu decor de dantel\u0103 ales din ghipur\u0103 fran\u021buzeasc\u0103. Are partea de sus deschis\u0103, m\u00e2neci volante c\u0103zute \u0219i o tren\u0103 elegant\u0103 \u2013 BEATRICE.\",\"breadcrumb\":{\"@id\":\"https:\\\/\\\/bridalfashion.com\\\/ro\\\/bali-ro\\\/rochie-stil-printesa-blanda-beatrice-bf0055\\\/#breadcrumb\"},\"inLanguage\":\"ro-RO\",\"potentialAction\":[{\"@type\":\"ReadAction\",\"target\":[\"https:\\\/\\\/bridalfashion.com\\\/ro\\\/bali-ro\\\/rochie-stil-printesa-blanda-beatrice-bf0055\\\/\"]}]},{\"@type\":\"ImageObject\",\"inLanguage\":\"ro-RO\",\"@id\":\"https:\\\/\\\/bridalfashion.com\\\/ro\\\/bali-ro\\\/rochie-stil-printesa-blanda-beatrice-bf0055\\\/#primaryimage\",\"url\":\"https:\\\/\\\/bridalfashion.com\\\/wp-content\\\/uploads\\\/2021\\\/10\\\/BF0055_C.jpg\",\"contentUrl\":\"https:\\\/\\\/bridalfashion.com\\\/wp-content\\\/uploads\\\/2021\\\/10\\\/BF0055_C.jpg\",\"width\":1517,\"height\":2000,\"caption\":\"o rochie bl\u00e2nd\u0103 \u00een stil prin\u021bes\u0103, cu decor elegant din dantel\u0103, corset deschis \u0219i o tren\u0103 de la BRIDAL FASHION - vedere din spate\"},{\"@type\":\"BreadcrumbList\",\"@id\":\"https:\\\/\\\/bridalfashion.com\\\/ro\\\/bali-ro\\\/rochie-stil-printesa-blanda-beatrice-bf0055\\\/#breadcrumb\",\"itemListElement\":[{\"@type\":\"ListItem\",\"position\":1,\"name\":\"Home\",\"item\":\"https:\\\/\\\/bridalfashion.com\\\/ro\\\/\"},{\"@type\":\"ListItem\",\"position\":2,\"name\":\"Shop\",\"item\":\"https:\\\/\\\/bridalfashion.com\\\/shop-2\\\/\"},{\"@type\":\"ListItem\",\"position\":3,\"name\":\"Rochie stil printesa BEATRICE &#8211; BF0055\"}]},{\"@type\":\"WebSite\",\"@id\":\"https:\\\/\\\/bridalfashion.com\\\/ro\\\/#website\",\"url\":\"https:\\\/\\\/bridalfashion.com\\\/ro\\\/\",\"name\":\"BRIDAL FASHION \u2122 | Luxurious Wedding Dresses &amp; Fashionable Gowns for Women, Girls and Kids\",\"description\":\"Welcome the leading manufacturer and supplier of wedding dresses. We offer in wholesale a large selection of high quality wedding dress collections and accessories for your business at competitive prices. Shop our full range of bridal products today!\",\"publisher\":{\"@id\":\"https:\\\/\\\/bridalfashion.com\\\/ro\\\/#organization\"},\"potentialAction\":[{\"@type\":\"SearchAction\",\"target\":{\"@type\":\"EntryPoint\",\"urlTemplate\":\"https:\\\/\\\/bridalfashion.com\\\/ro\\\/?s={search_term_string}\"},\"query-input\":{\"@type\":\"PropertyValueSpecification\",\"valueRequired\":true,\"valueName\":\"search_term_string\"}}],\"inLanguage\":\"ro-RO\"},{\"@type\":\"Organization\",\"@id\":\"https:\\\/\\\/bridalfashion.com\\\/ro\\\/#organization\",\"name\":\"BRIDAL FASHION \u2122 | Luxurious Wedding Dresses &amp; Fashionable Gowns for Women, Girls and Kids\",\"url\":\"https:\\\/\\\/bridalfashion.com\\\/ro\\\/\",\"logo\":{\"@type\":\"ImageObject\",\"inLanguage\":\"ro-RO\",\"@id\":\"https:\\\/\\\/bridalfashion.com\\\/ro\\\/#\\\/schema\\\/logo\\\/image\\\/\",\"url\":\"https:\\\/\\\/bridalfashion.com\\\/wp-content\\\/uploads\\\/2022\\\/05\\\/cropped-BFG.png\",\"contentUrl\":\"https:\\\/\\\/bridalfashion.com\\\/wp-content\\\/uploads\\\/2022\\\/05\\\/cropped-BFG.png\",\"width\":1771,\"height\":119,\"caption\":\"BRIDAL FASHION \u2122 | Luxurious Wedding Dresses &amp; Fashionable Gowns for Women, Girls and Kids\"},\"image\":{\"@id\":\"https:\\\/\\\/bridalfashion.com\\\/ro\\\/#\\\/schema\\\/logo\\\/image\\\/\"}}]}<\/script>\n<!-- \/ Yoast SEO plugin. -->","yoast_head_json":{"title":"Rochie stil printesa BEATRICE - BF0055 - BRIDAL FASHION \u2122 | Luxurious Wedding Dresses &amp; Fashionable Gowns for Women, Girls and Kids","description":"O rochie prin\u021bes\u0103 ginga\u0219\u0103 cu decor de dantel\u0103 ales din ghipur\u0103 fran\u021buzeasc\u0103. Are partea de sus deschis\u0103, m\u00e2neci volante c\u0103zute \u0219i o tren\u0103 elegant\u0103 \u2013 BEATRICE.","robots":{"index":"index","follow":"follow","max-snippet":"max-snippet:-1","max-image-preview":"max-image-preview:large","max-video-preview":"max-video-preview:-1"},"canonical":"https:\/\/bridalfashion.com\/ro\/bali-ro\/rochie-stil-printesa-blanda-beatrice-bf0055\/","og_locale":"ro_RO","og_type":"article","og_title":"Rochie stil printesa BEATRICE - BF0055 - BRIDAL FASHION \u2122 | Luxurious Wedding Dresses &amp; Fashionable Gowns for Women, Girls and Kids","og_description":"O rochie prin\u021bes\u0103 ginga\u0219\u0103 cu decor de dantel\u0103 ales din ghipur\u0103 fran\u021buzeasc\u0103. Are partea de sus deschis\u0103, m\u00e2neci volante c\u0103zute \u0219i o tren\u0103 elegant\u0103 \u2013 BEATRICE.","og_url":"https:\/\/bridalfashion.com\/ro\/bali-ro\/rochie-stil-printesa-blanda-beatrice-bf0055\/","og_site_name":"BRIDAL FASHION \u2122 | Luxurious Wedding Dresses &amp; Fashionable Gowns for Women, Girls and Kids","og_image":[{"width":1517,"height":2000,"url":"https:\/\/bridalfashion.com\/wp-content\/uploads\/2021\/10\/BF0055_C.jpg","type":"image\/jpeg"}],"twitter_card":"summary_large_image","schema":{"@context":"https:\/\/schema.org","@graph":[{"@type":"WebPage","@id":"https:\/\/bridalfashion.com\/ro\/bali-ro\/rochie-stil-printesa-blanda-beatrice-bf0055\/","url":"https:\/\/bridalfashion.com\/ro\/bali-ro\/rochie-stil-printesa-blanda-beatrice-bf0055\/","name":"Rochie stil printesa BEATRICE - BF0055 - BRIDAL FASHION \u2122 | Luxurious Wedding Dresses &amp; Fashionable Gowns for Women, Girls and Kids","isPartOf":{"@id":"https:\/\/bridalfashion.com\/ro\/#website"},"primaryImageOfPage":{"@id":"https:\/\/bridalfashion.com\/ro\/bali-ro\/rochie-stil-printesa-blanda-beatrice-bf0055\/#primaryimage"},"image":{"@id":"https:\/\/bridalfashion.com\/ro\/bali-ro\/rochie-stil-printesa-blanda-beatrice-bf0055\/#primaryimage"},"thumbnailUrl":"https:\/\/bridalfashion.com\/wp-content\/uploads\/2021\/10\/BF0055_C.jpg","datePublished":"2022-10-25T07:29:06+00:00","description":"O rochie prin\u021bes\u0103 ginga\u0219\u0103 cu decor de dantel\u0103 ales din ghipur\u0103 fran\u021buzeasc\u0103. Are partea de sus deschis\u0103, m\u00e2neci volante c\u0103zute \u0219i o tren\u0103 elegant\u0103 \u2013 BEATRICE.","breadcrumb":{"@id":"https:\/\/bridalfashion.com\/ro\/bali-ro\/rochie-stil-printesa-blanda-beatrice-bf0055\/#breadcrumb"},"inLanguage":"ro-RO","potentialAction":[{"@type":"ReadAction","target":["https:\/\/bridalfashion.com\/ro\/bali-ro\/rochie-stil-printesa-blanda-beatrice-bf0055\/"]}]},{"@type":"ImageObject","inLanguage":"ro-RO","@id":"https:\/\/bridalfashion.com\/ro\/bali-ro\/rochie-stil-printesa-blanda-beatrice-bf0055\/#primaryimage","url":"https:\/\/bridalfashion.com\/wp-content\/uploads\/2021\/10\/BF0055_C.jpg","contentUrl":"https:\/\/bridalfashion.com\/wp-content\/uploads\/2021\/10\/BF0055_C.jpg","width":1517,"height":2000,"caption":"o rochie bl\u00e2nd\u0103 \u00een stil prin\u021bes\u0103, cu decor elegant din dantel\u0103, corset deschis \u0219i o tren\u0103 de la BRIDAL FASHION - vedere din spate"},{"@type":"BreadcrumbList","@id":"https:\/\/bridalfashion.com\/ro\/bali-ro\/rochie-stil-printesa-blanda-beatrice-bf0055\/#breadcrumb","itemListElement":[{"@type":"ListItem","position":1,"name":"Home","item":"https:\/\/bridalfashion.com\/ro\/"},{"@type":"ListItem","position":2,"name":"Shop","item":"https:\/\/bridalfashion.com\/shop-2\/"},{"@type":"ListItem","position":3,"name":"Rochie stil printesa BEATRICE &#8211; BF0055"}]},{"@type":"WebSite","@id":"https:\/\/bridalfashion.com\/ro\/#website","url":"https:\/\/bridalfashion.com\/ro\/","name":"BRIDAL FASHION \u2122 | Luxurious Wedding Dresses &amp; Fashionable Gowns for Women, Girls and Kids","description":"Welcome the leading manufacturer and supplier of wedding dresses. We offer in wholesale a large selection of high quality wedding dress collections and accessories for your business at competitive prices. Shop our full range of bridal products today!","publisher":{"@id":"https:\/\/bridalfashion.com\/ro\/#organization"},"potentialAction":[{"@type":"SearchAction","target":{"@type":"EntryPoint","urlTemplate":"https:\/\/bridalfashion.com\/ro\/?s={search_term_string}"},"query-input":{"@type":"PropertyValueSpecification","valueRequired":true,"valueName":"search_term_string"}}],"inLanguage":"ro-RO"},{"@type":"Organization","@id":"https:\/\/bridalfashion.com\/ro\/#organization","name":"BRIDAL FASHION \u2122 | Luxurious Wedding Dresses &amp; Fashionable Gowns for Women, Girls and Kids","url":"https:\/\/bridalfashion.com\/ro\/","logo":{"@type":"ImageObject","inLanguage":"ro-RO","@id":"https:\/\/bridalfashion.com\/ro\/#\/schema\/logo\/image\/","url":"https:\/\/bridalfashion.com\/wp-content\/uploads\/2022\/05\/cropped-BFG.png","contentUrl":"https:\/\/bridalfashion.com\/wp-content\/uploads\/2022\/05\/cropped-BFG.png","width":1771,"height":119,"caption":"BRIDAL FASHION \u2122 | Luxurious Wedding Dresses &amp; Fashionable Gowns for Women, Girls and Kids"},"image":{"@id":"https:\/\/bridalfashion.com\/ro\/#\/schema\/logo\/image\/"}}]}},"_links":{"self":[{"href":"https:\/\/bridalfashion.com\/ro\/wp-json\/wp\/v2\/product\/12080","targetHints":{"allow":["GET"]}}],"collection":[{"href":"https:\/\/bridalfashion.com\/ro\/wp-json\/wp\/v2\/product"}],"about":[{"href":"https:\/\/bridalfashion.com\/ro\/wp-json\/wp\/v2\/types\/product"}],"replies":[{"embeddable":true,"href":"https:\/\/bridalfashion.com\/ro\/wp-json\/wp\/v2\/comments?post=12080"}],"wp:featuredmedia":[{"embeddable":true,"href":"https:\/\/bridalfashion.com\/ro\/wp-json\/wp\/v2\/media\/7545"}],"wp:attachment":[{"href":"https:\/\/bridalfashion.com\/ro\/wp-json\/wp\/v2\/media?parent=12080"}],"wp:term":[{"taxonomy":"product_brand","embeddable":true,"href":"https:\/\/bridalfashion.com\/ro\/wp-json\/wp\/v2\/product_brand?post=12080"},{"taxonomy":"product_cat","embeddable":true,"href":"https:\/\/bridalfashion.com\/ro\/wp-json\/wp\/v2\/product_cat?post=12080"},{"taxonomy":"product_tag","embeddable":true,"href":"https:\/\/bridalfashion.com\/ro\/wp-json\/wp\/v2\/product_tag?post=12080"}],"curies":[{"name":"wp","href":"https:\/\/api.w.org\/{rel}","templated":true}]}}