{"id":12071,"date":"2021-10-07T08:16:15","date_gmt":"2022-10-20T15:21:49","guid":{"rendered":"https:\/\/bridalfashion.com\/fara-categorie\/rochie-de-mireasa-romantica-bogena-bf0052\/"},"modified":"2026-04-12T10:38:11","modified_gmt":"2026-04-12T08:38:11","slug":"rochie-de-mireasa-romantica-bogena-bf0052","status":"publish","type":"product","link":"https:\/\/bridalfashion.com\/ro\/bali-ro\/rochie-de-mireasa-romantica-bogena-bf0052\/","title":{"rendered":"Rochie de mireas\u0103 romantic\u0103 BOGENA &#8211; BF0052"},"content":{"rendered":"<h2>Descrierea modelului BOGENA \u2013 rochie de mireas\u0103 romantic\u0103 gen siren\u0103<\/h2>\n<p>Modelul BOGENA &#8211; BF0051, o rochie fermec\u0103toare de la BRIDAL FASHION \u00een siluet\u0103 avantajoas\u0103 gen \u00absiren\u0103\u00bb (sau gode). Rochia BOGENA subliniaz\u0103 plusurile figurii miresei. Un element distins al modelului este partea de sus semitransparent\u0103 cu decolteu ad\u00e2nc \u0219i m\u00e2necile-vol\u0103na\u0219e stilizate, de asemenea decorul floral 3D \u0219i trena splendid\u0103.<\/p>\n","protected":false},"excerpt":{"rendered":"<p>Descrierea modelului BOGENA \u2013 rochie de mireas\u0103 romantic\u0103 gen siren\u0103 Modelul BOGENA &#8211; BF0051, o rochie fermec\u0103toare de la BRIDAL FASHION \u00een siluet\u0103 avantajoas\u0103 gen \u00absiren\u0103\u00bb (sau gode). Rochia BOGENA subliniaz\u0103 plusurile figurii miresei. Un element distins al modelului este partea de sus semitransparent\u0103 cu decolteu ad\u00e2nc \u0219i m\u00e2necile-vol\u0103na\u0219e stilizate, de asemenea decorul floral 3D&hellip;<\/p>\n","protected":false},"featured_media":7509,"comment_status":"open","ping_status":"closed","template":"","meta":[],"product_brand":[],"product_cat":[980],"product_tag":[],"class_list":{"0":"post-12071","1":"product","2":"type-product","3":"status-publish","4":"has-post-thumbnail","6":"product_cat-bali-ro","8":"first","9":"instock","10":"taxable","11":"shipping-taxable","12":"product-type-simple"},"yoast_head":"<!-- This site is optimized with the Yoast SEO plugin v27.4 - https:\/\/yoast.com\/product\/yoast-seo-wordpress\/ -->\n<title>Rochie de mireas\u0103 romantic\u0103 BOGENA - BF0052 - BRIDAL FASHION \u2122 | Luxurious Wedding Dresses &amp; Fashionable Gowns for Women, Girls and Kids<\/title>\n<meta name=\"description\" content=\"Rochia de mireas\u0103 romantic\u0103 gen siren\u0103 BOGENA - BF0052 un model, ce repet\u0103 formele corpului, cu partea de sus semitransparent\u0103, cu m\u00e2neci volante, tren\u0103 fermec\u0103toare \u0219i decor floral 3D.\" \/>\n<meta name=\"robots\" content=\"index, follow, max-snippet:-1, max-image-preview:large, max-video-preview:-1\" \/>\n<link rel=\"canonical\" href=\"https:\/\/bridalfashion.com\/ro\/bali-ro\/rochie-de-mireasa-romantica-bogena-bf0052\/\" \/>\n<meta property=\"og:locale\" content=\"ro_RO\" \/>\n<meta property=\"og:type\" content=\"article\" \/>\n<meta property=\"og:title\" content=\"Rochie de mireas\u0103 romantic\u0103 BOGENA - BF0052 - BRIDAL FASHION \u2122 | Luxurious Wedding Dresses &amp; Fashionable Gowns for Women, Girls and Kids\" \/>\n<meta property=\"og:description\" content=\"Rochia de mireas\u0103 romantic\u0103 gen siren\u0103 BOGENA - BF0052 un model, ce repet\u0103 formele corpului, cu partea de sus semitransparent\u0103, cu m\u00e2neci volante, tren\u0103 fermec\u0103toare \u0219i decor floral 3D.\" \/>\n<meta property=\"og:url\" content=\"https:\/\/bridalfashion.com\/ro\/bali-ro\/rochie-de-mireasa-romantica-bogena-bf0052\/\" \/>\n<meta property=\"og:site_name\" content=\"BRIDAL FASHION \u2122 | Luxurious Wedding Dresses &amp; Fashionable Gowns for Women, Girls and Kids\" \/>\n<meta property=\"article:modified_time\" content=\"2026-04-12T08:38:11+00:00\" \/>\n<meta property=\"og:image\" content=\"https:\/\/bridalfashion.com\/wp-content\/uploads\/2021\/10\/BF0052_C.jpg\" \/>\n\t<meta property=\"og:image:width\" content=\"1517\" \/>\n\t<meta property=\"og:image:height\" content=\"2000\" \/>\n\t<meta property=\"og:image:type\" content=\"image\/jpeg\" \/>\n<meta name=\"twitter:card\" content=\"summary_large_image\" \/>\n<script type=\"application\/ld+json\" class=\"yoast-schema-graph\">{\"@context\":\"https:\\\/\\\/schema.org\",\"@graph\":[{\"@type\":\"WebPage\",\"@id\":\"https:\\\/\\\/bridalfashion.com\\\/ro\\\/bali-ro\\\/rochie-de-mireasa-romantica-bogena-bf0052\\\/\",\"url\":\"https:\\\/\\\/bridalfashion.com\\\/ro\\\/bali-ro\\\/rochie-de-mireasa-romantica-bogena-bf0052\\\/\",\"name\":\"Rochie de mireas\u0103 romantic\u0103 BOGENA - BF0052 - BRIDAL FASHION \u2122 | Luxurious Wedding Dresses &amp; Fashionable Gowns for Women, Girls and Kids\",\"isPartOf\":{\"@id\":\"https:\\\/\\\/bridalfashion.com\\\/ro\\\/#website\"},\"primaryImageOfPage\":{\"@id\":\"https:\\\/\\\/bridalfashion.com\\\/ro\\\/bali-ro\\\/rochie-de-mireasa-romantica-bogena-bf0052\\\/#primaryimage\"},\"image\":{\"@id\":\"https:\\\/\\\/bridalfashion.com\\\/ro\\\/bali-ro\\\/rochie-de-mireasa-romantica-bogena-bf0052\\\/#primaryimage\"},\"thumbnailUrl\":\"https:\\\/\\\/bridalfashion.com\\\/wp-content\\\/uploads\\\/2021\\\/10\\\/BF0052_C.jpg\",\"datePublished\":\"2022-10-20T15:21:49+00:00\",\"dateModified\":\"2026-04-12T08:38:11+00:00\",\"description\":\"Rochia de mireas\u0103 romantic\u0103 gen siren\u0103 BOGENA - BF0052 un model, ce repet\u0103 formele corpului, cu partea de sus semitransparent\u0103, cu m\u00e2neci volante, tren\u0103 fermec\u0103toare \u0219i decor floral 3D.\",\"breadcrumb\":{\"@id\":\"https:\\\/\\\/bridalfashion.com\\\/ro\\\/bali-ro\\\/rochie-de-mireasa-romantica-bogena-bf0052\\\/#breadcrumb\"},\"inLanguage\":\"ro-RO\",\"potentialAction\":[{\"@type\":\"ReadAction\",\"target\":[\"https:\\\/\\\/bridalfashion.com\\\/ro\\\/bali-ro\\\/rochie-de-mireasa-romantica-bogena-bf0052\\\/\"]}]},{\"@type\":\"ImageObject\",\"inLanguage\":\"ro-RO\",\"@id\":\"https:\\\/\\\/bridalfashion.com\\\/ro\\\/bali-ro\\\/rochie-de-mireasa-romantica-bogena-bf0052\\\/#primaryimage\",\"url\":\"https:\\\/\\\/bridalfashion.com\\\/wp-content\\\/uploads\\\/2021\\\/10\\\/BF0052_C.jpg\",\"contentUrl\":\"https:\\\/\\\/bridalfashion.com\\\/wp-content\\\/uploads\\\/2021\\\/10\\\/BF0052_C.jpg\",\"width\":1517,\"height\":2000,\"caption\":\"o rochie de mireasa romantica cu silueta de sirena, o trena frumoasa si maneci translucide cu volane de la BIDAL FASHION - vedere din spate\"},{\"@type\":\"BreadcrumbList\",\"@id\":\"https:\\\/\\\/bridalfashion.com\\\/ro\\\/bali-ro\\\/rochie-de-mireasa-romantica-bogena-bf0052\\\/#breadcrumb\",\"itemListElement\":[{\"@type\":\"ListItem\",\"position\":1,\"name\":\"Home\",\"item\":\"https:\\\/\\\/bridalfashion.com\\\/ro\\\/\"},{\"@type\":\"ListItem\",\"position\":2,\"name\":\"Shop\",\"item\":\"https:\\\/\\\/bridalfashion.com\\\/shop-2\\\/\"},{\"@type\":\"ListItem\",\"position\":3,\"name\":\"Rochie de mireas\u0103 romantic\u0103 BOGENA &#8211; BF0052\"}]},{\"@type\":\"WebSite\",\"@id\":\"https:\\\/\\\/bridalfashion.com\\\/ro\\\/#website\",\"url\":\"https:\\\/\\\/bridalfashion.com\\\/ro\\\/\",\"name\":\"BRIDAL FASHION \u2122 | Luxurious Wedding Dresses &amp; Fashionable Gowns for Women, Girls and Kids\",\"description\":\"Welcome the leading manufacturer and supplier of wedding dresses. We offer in wholesale a large selection of high quality wedding dress collections and accessories for your business at competitive prices. Shop our full range of bridal products today!\",\"publisher\":{\"@id\":\"https:\\\/\\\/bridalfashion.com\\\/ro\\\/#organization\"},\"potentialAction\":[{\"@type\":\"SearchAction\",\"target\":{\"@type\":\"EntryPoint\",\"urlTemplate\":\"https:\\\/\\\/bridalfashion.com\\\/ro\\\/?s={search_term_string}\"},\"query-input\":{\"@type\":\"PropertyValueSpecification\",\"valueRequired\":true,\"valueName\":\"search_term_string\"}}],\"inLanguage\":\"ro-RO\"},{\"@type\":\"Organization\",\"@id\":\"https:\\\/\\\/bridalfashion.com\\\/ro\\\/#organization\",\"name\":\"BRIDAL FASHION \u2122 | Luxurious Wedding Dresses &amp; Fashionable Gowns for Women, Girls and Kids\",\"url\":\"https:\\\/\\\/bridalfashion.com\\\/ro\\\/\",\"logo\":{\"@type\":\"ImageObject\",\"inLanguage\":\"ro-RO\",\"@id\":\"https:\\\/\\\/bridalfashion.com\\\/ro\\\/#\\\/schema\\\/logo\\\/image\\\/\",\"url\":\"https:\\\/\\\/bridalfashion.com\\\/wp-content\\\/uploads\\\/2022\\\/05\\\/cropped-BFG.png\",\"contentUrl\":\"https:\\\/\\\/bridalfashion.com\\\/wp-content\\\/uploads\\\/2022\\\/05\\\/cropped-BFG.png\",\"width\":1771,\"height\":119,\"caption\":\"BRIDAL FASHION \u2122 | Luxurious Wedding Dresses &amp; Fashionable Gowns for Women, Girls and Kids\"},\"image\":{\"@id\":\"https:\\\/\\\/bridalfashion.com\\\/ro\\\/#\\\/schema\\\/logo\\\/image\\\/\"}}]}<\/script>\n<!-- \/ Yoast SEO plugin. -->","yoast_head_json":{"title":"Rochie de mireas\u0103 romantic\u0103 BOGENA - BF0052 - BRIDAL FASHION \u2122 | Luxurious Wedding Dresses &amp; Fashionable Gowns for Women, Girls and Kids","description":"Rochia de mireas\u0103 romantic\u0103 gen siren\u0103 BOGENA - BF0052 un model, ce repet\u0103 formele corpului, cu partea de sus semitransparent\u0103, cu m\u00e2neci volante, tren\u0103 fermec\u0103toare \u0219i decor floral 3D.","robots":{"index":"index","follow":"follow","max-snippet":"max-snippet:-1","max-image-preview":"max-image-preview:large","max-video-preview":"max-video-preview:-1"},"canonical":"https:\/\/bridalfashion.com\/ro\/bali-ro\/rochie-de-mireasa-romantica-bogena-bf0052\/","og_locale":"ro_RO","og_type":"article","og_title":"Rochie de mireas\u0103 romantic\u0103 BOGENA - BF0052 - BRIDAL FASHION \u2122 | Luxurious Wedding Dresses &amp; Fashionable Gowns for Women, Girls and Kids","og_description":"Rochia de mireas\u0103 romantic\u0103 gen siren\u0103 BOGENA - BF0052 un model, ce repet\u0103 formele corpului, cu partea de sus semitransparent\u0103, cu m\u00e2neci volante, tren\u0103 fermec\u0103toare \u0219i decor floral 3D.","og_url":"https:\/\/bridalfashion.com\/ro\/bali-ro\/rochie-de-mireasa-romantica-bogena-bf0052\/","og_site_name":"BRIDAL FASHION \u2122 | Luxurious Wedding Dresses &amp; Fashionable Gowns for Women, Girls and Kids","article_modified_time":"2026-04-12T08:38:11+00:00","og_image":[{"width":1517,"height":2000,"url":"https:\/\/bridalfashion.com\/wp-content\/uploads\/2021\/10\/BF0052_C.jpg","type":"image\/jpeg"}],"twitter_card":"summary_large_image","schema":{"@context":"https:\/\/schema.org","@graph":[{"@type":"WebPage","@id":"https:\/\/bridalfashion.com\/ro\/bali-ro\/rochie-de-mireasa-romantica-bogena-bf0052\/","url":"https:\/\/bridalfashion.com\/ro\/bali-ro\/rochie-de-mireasa-romantica-bogena-bf0052\/","name":"Rochie de mireas\u0103 romantic\u0103 BOGENA - BF0052 - BRIDAL FASHION \u2122 | Luxurious Wedding Dresses &amp; Fashionable Gowns for Women, Girls and Kids","isPartOf":{"@id":"https:\/\/bridalfashion.com\/ro\/#website"},"primaryImageOfPage":{"@id":"https:\/\/bridalfashion.com\/ro\/bali-ro\/rochie-de-mireasa-romantica-bogena-bf0052\/#primaryimage"},"image":{"@id":"https:\/\/bridalfashion.com\/ro\/bali-ro\/rochie-de-mireasa-romantica-bogena-bf0052\/#primaryimage"},"thumbnailUrl":"https:\/\/bridalfashion.com\/wp-content\/uploads\/2021\/10\/BF0052_C.jpg","datePublished":"2022-10-20T15:21:49+00:00","dateModified":"2026-04-12T08:38:11+00:00","description":"Rochia de mireas\u0103 romantic\u0103 gen siren\u0103 BOGENA - BF0052 un model, ce repet\u0103 formele corpului, cu partea de sus semitransparent\u0103, cu m\u00e2neci volante, tren\u0103 fermec\u0103toare \u0219i decor floral 3D.","breadcrumb":{"@id":"https:\/\/bridalfashion.com\/ro\/bali-ro\/rochie-de-mireasa-romantica-bogena-bf0052\/#breadcrumb"},"inLanguage":"ro-RO","potentialAction":[{"@type":"ReadAction","target":["https:\/\/bridalfashion.com\/ro\/bali-ro\/rochie-de-mireasa-romantica-bogena-bf0052\/"]}]},{"@type":"ImageObject","inLanguage":"ro-RO","@id":"https:\/\/bridalfashion.com\/ro\/bali-ro\/rochie-de-mireasa-romantica-bogena-bf0052\/#primaryimage","url":"https:\/\/bridalfashion.com\/wp-content\/uploads\/2021\/10\/BF0052_C.jpg","contentUrl":"https:\/\/bridalfashion.com\/wp-content\/uploads\/2021\/10\/BF0052_C.jpg","width":1517,"height":2000,"caption":"o rochie de mireasa romantica cu silueta de sirena, o trena frumoasa si maneci translucide cu volane de la BIDAL FASHION - vedere din spate"},{"@type":"BreadcrumbList","@id":"https:\/\/bridalfashion.com\/ro\/bali-ro\/rochie-de-mireasa-romantica-bogena-bf0052\/#breadcrumb","itemListElement":[{"@type":"ListItem","position":1,"name":"Home","item":"https:\/\/bridalfashion.com\/ro\/"},{"@type":"ListItem","position":2,"name":"Shop","item":"https:\/\/bridalfashion.com\/shop-2\/"},{"@type":"ListItem","position":3,"name":"Rochie de mireas\u0103 romantic\u0103 BOGENA &#8211; BF0052"}]},{"@type":"WebSite","@id":"https:\/\/bridalfashion.com\/ro\/#website","url":"https:\/\/bridalfashion.com\/ro\/","name":"BRIDAL FASHION \u2122 | Luxurious Wedding Dresses &amp; Fashionable Gowns for Women, Girls and Kids","description":"Welcome the leading manufacturer and supplier of wedding dresses. We offer in wholesale a large selection of high quality wedding dress collections and accessories for your business at competitive prices. Shop our full range of bridal products today!","publisher":{"@id":"https:\/\/bridalfashion.com\/ro\/#organization"},"potentialAction":[{"@type":"SearchAction","target":{"@type":"EntryPoint","urlTemplate":"https:\/\/bridalfashion.com\/ro\/?s={search_term_string}"},"query-input":{"@type":"PropertyValueSpecification","valueRequired":true,"valueName":"search_term_string"}}],"inLanguage":"ro-RO"},{"@type":"Organization","@id":"https:\/\/bridalfashion.com\/ro\/#organization","name":"BRIDAL FASHION \u2122 | Luxurious Wedding Dresses &amp; Fashionable Gowns for Women, Girls and Kids","url":"https:\/\/bridalfashion.com\/ro\/","logo":{"@type":"ImageObject","inLanguage":"ro-RO","@id":"https:\/\/bridalfashion.com\/ro\/#\/schema\/logo\/image\/","url":"https:\/\/bridalfashion.com\/wp-content\/uploads\/2022\/05\/cropped-BFG.png","contentUrl":"https:\/\/bridalfashion.com\/wp-content\/uploads\/2022\/05\/cropped-BFG.png","width":1771,"height":119,"caption":"BRIDAL FASHION \u2122 | Luxurious Wedding Dresses &amp; Fashionable Gowns for Women, Girls and Kids"},"image":{"@id":"https:\/\/bridalfashion.com\/ro\/#\/schema\/logo\/image\/"}}]}},"_links":{"self":[{"href":"https:\/\/bridalfashion.com\/ro\/wp-json\/wp\/v2\/product\/12071","targetHints":{"allow":["GET"]}}],"collection":[{"href":"https:\/\/bridalfashion.com\/ro\/wp-json\/wp\/v2\/product"}],"about":[{"href":"https:\/\/bridalfashion.com\/ro\/wp-json\/wp\/v2\/types\/product"}],"replies":[{"embeddable":true,"href":"https:\/\/bridalfashion.com\/ro\/wp-json\/wp\/v2\/comments?post=12071"}],"wp:featuredmedia":[{"embeddable":true,"href":"https:\/\/bridalfashion.com\/ro\/wp-json\/wp\/v2\/media\/7509"}],"wp:attachment":[{"href":"https:\/\/bridalfashion.com\/ro\/wp-json\/wp\/v2\/media?parent=12071"}],"wp:term":[{"taxonomy":"product_brand","embeddable":true,"href":"https:\/\/bridalfashion.com\/ro\/wp-json\/wp\/v2\/product_brand?post=12071"},{"taxonomy":"product_cat","embeddable":true,"href":"https:\/\/bridalfashion.com\/ro\/wp-json\/wp\/v2\/product_cat?post=12071"},{"taxonomy":"product_tag","embeddable":true,"href":"https:\/\/bridalfashion.com\/ro\/wp-json\/wp\/v2\/product_tag?post=12071"}],"curies":[{"name":"wp","href":"https:\/\/api.w.org\/{rel}","templated":true}]}}