{"id":12068,"date":"2021-10-07T08:12:08","date_gmt":"2022-10-20T15:11:01","guid":{"rendered":"https:\/\/bridalfashion.com\/fara-categorie\/o-rochie-rafinata-balira-bf0051\/"},"modified":"2022-10-20T17:11:01","modified_gmt":"2022-10-20T15:11:01","slug":"eleganta-rochie-silueta-sirena-balira-bf0051","status":"publish","type":"product","link":"https:\/\/bridalfashion.com\/ro\/bali-ro\/eleganta-rochie-silueta-sirena-balira-bf0051\/","title":{"rendered":"O rochie rafinat\u0103 BALIRA &#8211; BF0051"},"content":{"rendered":"<h2>Descrierea modelului BALIRA \u2013 o rochie rafinat\u0103 gen siren\u0103 dintr-o adev\u0103rat\u0103 ghipur\u0103 fran\u021buzeasc\u0103 \u00een nuan\u021be ginga\u0219e<\/h2>\n<p>Modelul BALIRA &#8211; BF0051 de la BRIDAL FASHION \u2013 o rochie exclusiv\u0103 \u00een realizare luxoas\u0103. Baza sirenei \u2013 saten dublat, deasupra prelucrat cu dantel\u0103. Corsetul cu partea de sus deschis\u0103, se \u00eenchide pe \u0219iret. Un adaos la rochie constituie m\u00e2necile elegante \u00een form\u0103 de clopot \u0219i trena lung\u0103 de o form\u0103 original\u0103. BALIRA este o rochie rafnat\u0103 tip siren\u0103 din ghipur\u0103 fran\u021buzeasc\u0103, ce se potrive\u0219te pentru miresele corpolente.<\/p>\n","protected":false},"excerpt":{"rendered":"<p>Descrierea modelului BALIRA \u2013 o rochie rafinat\u0103 gen siren\u0103 dintr-o adev\u0103rat\u0103 ghipur\u0103 fran\u021buzeasc\u0103 \u00een nuan\u021be ginga\u0219e Modelul BALIRA &#8211; BF0051 de la BRIDAL FASHION \u2013 o rochie exclusiv\u0103 \u00een realizare luxoas\u0103. Baza sirenei \u2013 saten dublat, deasupra prelucrat cu dantel\u0103. Corsetul cu partea de sus deschis\u0103, se \u00eenchide pe \u0219iret. Un adaos la rochie constituie&hellip;<\/p>\n","protected":false},"featured_media":7497,"comment_status":"open","ping_status":"closed","template":"","meta":[],"product_brand":[],"product_cat":[980],"product_tag":[],"class_list":{"0":"post-12068","1":"product","2":"type-product","3":"status-publish","4":"has-post-thumbnail","6":"product_cat-bali-ro","8":"first","9":"instock","10":"taxable","11":"shipping-taxable","12":"product-type-simple"},"yoast_head":"<!-- This site is optimized with the Yoast SEO plugin v27.5 - https:\/\/yoast.com\/product\/yoast-seo-wordpress\/ -->\n<title>O rochie rafinat\u0103 BALIRA - BF0051 - BRIDAL FASHION \u2122 | Luxurious Wedding Dresses &amp; Fashionable Gowns for Women, Girls and Kids<\/title>\n<meta name=\"description\" content=\"Modelul BALIRA - BF0051, o rochie sofisticat\u0103 gen siren\u0103 din ghipur\u0103 fran\u021buzeasc\u0103, ce acoper\u0103 baza din saten dublat. Rochia poate fi distins\u0103 prin m\u00e2necile originale \u0219i prin trena \u00een form\u0103 triunghiular\u0103.\" \/>\n<meta name=\"robots\" content=\"index, follow, max-snippet:-1, max-image-preview:large, max-video-preview:-1\" \/>\n<link rel=\"canonical\" href=\"https:\/\/bridalfashion.com\/ro\/bali-ro\/eleganta-rochie-silueta-sirena-balira-bf0051\/\" \/>\n<meta property=\"og:locale\" content=\"ro_RO\" \/>\n<meta property=\"og:type\" content=\"article\" \/>\n<meta property=\"og:title\" content=\"O rochie rafinat\u0103 BALIRA - BF0051 - BRIDAL FASHION \u2122 | Luxurious Wedding Dresses &amp; Fashionable Gowns for Women, Girls and Kids\" \/>\n<meta property=\"og:description\" content=\"Modelul BALIRA - BF0051, o rochie sofisticat\u0103 gen siren\u0103 din ghipur\u0103 fran\u021buzeasc\u0103, ce acoper\u0103 baza din saten dublat. Rochia poate fi distins\u0103 prin m\u00e2necile originale \u0219i prin trena \u00een form\u0103 triunghiular\u0103.\" \/>\n<meta property=\"og:url\" content=\"https:\/\/bridalfashion.com\/ro\/bali-ro\/eleganta-rochie-silueta-sirena-balira-bf0051\/\" \/>\n<meta property=\"og:site_name\" content=\"BRIDAL FASHION \u2122 | Luxurious Wedding Dresses &amp; Fashionable Gowns for Women, Girls and Kids\" \/>\n<meta property=\"og:image\" content=\"https:\/\/bridalfashion.com\/wp-content\/uploads\/2021\/10\/BF0051_A-1.jpg\" \/>\n\t<meta property=\"og:image:width\" content=\"1517\" \/>\n\t<meta property=\"og:image:height\" content=\"2000\" \/>\n\t<meta property=\"og:image:type\" content=\"image\/jpeg\" \/>\n<meta name=\"twitter:card\" content=\"summary_large_image\" \/>\n<script type=\"application\/ld+json\" class=\"yoast-schema-graph\">{\"@context\":\"https:\\\/\\\/schema.org\",\"@graph\":[{\"@type\":\"WebPage\",\"@id\":\"https:\\\/\\\/bridalfashion.com\\\/ro\\\/bali-ro\\\/eleganta-rochie-silueta-sirena-balira-bf0051\\\/\",\"url\":\"https:\\\/\\\/bridalfashion.com\\\/ro\\\/bali-ro\\\/eleganta-rochie-silueta-sirena-balira-bf0051\\\/\",\"name\":\"O rochie rafinat\u0103 BALIRA - BF0051 - BRIDAL FASHION \u2122 | Luxurious Wedding Dresses &amp; Fashionable Gowns for Women, Girls and Kids\",\"isPartOf\":{\"@id\":\"https:\\\/\\\/bridalfashion.com\\\/ro\\\/#website\"},\"primaryImageOfPage\":{\"@id\":\"https:\\\/\\\/bridalfashion.com\\\/ro\\\/bali-ro\\\/eleganta-rochie-silueta-sirena-balira-bf0051\\\/#primaryimage\"},\"image\":{\"@id\":\"https:\\\/\\\/bridalfashion.com\\\/ro\\\/bali-ro\\\/eleganta-rochie-silueta-sirena-balira-bf0051\\\/#primaryimage\"},\"thumbnailUrl\":\"https:\\\/\\\/bridalfashion.com\\\/wp-content\\\/uploads\\\/2021\\\/10\\\/BF0051_A-1.jpg\",\"datePublished\":\"2022-10-20T15:11:01+00:00\",\"description\":\"Modelul BALIRA - BF0051, o rochie sofisticat\u0103 gen siren\u0103 din ghipur\u0103 fran\u021buzeasc\u0103, ce acoper\u0103 baza din saten dublat. Rochia poate fi distins\u0103 prin m\u00e2necile originale \u0219i prin trena \u00een form\u0103 triunghiular\u0103.\",\"breadcrumb\":{\"@id\":\"https:\\\/\\\/bridalfashion.com\\\/ro\\\/bali-ro\\\/eleganta-rochie-silueta-sirena-balira-bf0051\\\/#breadcrumb\"},\"inLanguage\":\"ro-RO\",\"potentialAction\":[{\"@type\":\"ReadAction\",\"target\":[\"https:\\\/\\\/bridalfashion.com\\\/ro\\\/bali-ro\\\/eleganta-rochie-silueta-sirena-balira-bf0051\\\/\"]}]},{\"@type\":\"ImageObject\",\"inLanguage\":\"ro-RO\",\"@id\":\"https:\\\/\\\/bridalfashion.com\\\/ro\\\/bali-ro\\\/eleganta-rochie-silueta-sirena-balira-bf0051\\\/#primaryimage\",\"url\":\"https:\\\/\\\/bridalfashion.com\\\/wp-content\\\/uploads\\\/2021\\\/10\\\/BF0051_A-1.jpg\",\"contentUrl\":\"https:\\\/\\\/bridalfashion.com\\\/wp-content\\\/uploads\\\/2021\\\/10\\\/BF0051_A-1.jpg\",\"width\":1517,\"height\":2000,\"caption\":\"o rochie elegant\u0103 cu siluet\u0103 siren\u0103 din ghipur\u0103 francez\u0103 autentic\u0103 de la BIDAL FASHION - vedere frontal\u0103\"},{\"@type\":\"BreadcrumbList\",\"@id\":\"https:\\\/\\\/bridalfashion.com\\\/ro\\\/bali-ro\\\/eleganta-rochie-silueta-sirena-balira-bf0051\\\/#breadcrumb\",\"itemListElement\":[{\"@type\":\"ListItem\",\"position\":1,\"name\":\"Home\",\"item\":\"https:\\\/\\\/bridalfashion.com\\\/ro\\\/\"},{\"@type\":\"ListItem\",\"position\":2,\"name\":\"Shop\",\"item\":\"https:\\\/\\\/bridalfashion.com\\\/shop-2\\\/\"},{\"@type\":\"ListItem\",\"position\":3,\"name\":\"O rochie rafinat\u0103 BALIRA &#8211; BF0051\"}]},{\"@type\":\"WebSite\",\"@id\":\"https:\\\/\\\/bridalfashion.com\\\/ro\\\/#website\",\"url\":\"https:\\\/\\\/bridalfashion.com\\\/ro\\\/\",\"name\":\"BRIDAL FASHION \u2122 | Luxurious Wedding Dresses &amp; Fashionable Gowns for Women, Girls and Kids\",\"description\":\"Welcome the leading manufacturer and supplier of wedding dresses. We offer in wholesale a large selection of high quality wedding dress collections and accessories for your business at competitive prices. Shop our full range of bridal products today!\",\"publisher\":{\"@id\":\"https:\\\/\\\/bridalfashion.com\\\/ro\\\/#organization\"},\"potentialAction\":[{\"@type\":\"SearchAction\",\"target\":{\"@type\":\"EntryPoint\",\"urlTemplate\":\"https:\\\/\\\/bridalfashion.com\\\/ro\\\/?s={search_term_string}\"},\"query-input\":{\"@type\":\"PropertyValueSpecification\",\"valueRequired\":true,\"valueName\":\"search_term_string\"}}],\"inLanguage\":\"ro-RO\"},{\"@type\":\"Organization\",\"@id\":\"https:\\\/\\\/bridalfashion.com\\\/ro\\\/#organization\",\"name\":\"BRIDAL FASHION \u2122 | Luxurious Wedding Dresses &amp; Fashionable Gowns for Women, Girls and Kids\",\"url\":\"https:\\\/\\\/bridalfashion.com\\\/ro\\\/\",\"logo\":{\"@type\":\"ImageObject\",\"inLanguage\":\"ro-RO\",\"@id\":\"https:\\\/\\\/bridalfashion.com\\\/ro\\\/#\\\/schema\\\/logo\\\/image\\\/\",\"url\":\"https:\\\/\\\/bridalfashion.com\\\/wp-content\\\/uploads\\\/2022\\\/05\\\/cropped-BFG.png\",\"contentUrl\":\"https:\\\/\\\/bridalfashion.com\\\/wp-content\\\/uploads\\\/2022\\\/05\\\/cropped-BFG.png\",\"width\":1771,\"height\":119,\"caption\":\"BRIDAL FASHION \u2122 | Luxurious Wedding Dresses &amp; Fashionable Gowns for Women, Girls and Kids\"},\"image\":{\"@id\":\"https:\\\/\\\/bridalfashion.com\\\/ro\\\/#\\\/schema\\\/logo\\\/image\\\/\"}}]}<\/script>\n<!-- \/ Yoast SEO plugin. -->","yoast_head_json":{"title":"O rochie rafinat\u0103 BALIRA - BF0051 - BRIDAL FASHION \u2122 | Luxurious Wedding Dresses &amp; Fashionable Gowns for Women, Girls and Kids","description":"Modelul BALIRA - BF0051, o rochie sofisticat\u0103 gen siren\u0103 din ghipur\u0103 fran\u021buzeasc\u0103, ce acoper\u0103 baza din saten dublat. Rochia poate fi distins\u0103 prin m\u00e2necile originale \u0219i prin trena \u00een form\u0103 triunghiular\u0103.","robots":{"index":"index","follow":"follow","max-snippet":"max-snippet:-1","max-image-preview":"max-image-preview:large","max-video-preview":"max-video-preview:-1"},"canonical":"https:\/\/bridalfashion.com\/ro\/bali-ro\/eleganta-rochie-silueta-sirena-balira-bf0051\/","og_locale":"ro_RO","og_type":"article","og_title":"O rochie rafinat\u0103 BALIRA - BF0051 - BRIDAL FASHION \u2122 | Luxurious Wedding Dresses &amp; Fashionable Gowns for Women, Girls and Kids","og_description":"Modelul BALIRA - BF0051, o rochie sofisticat\u0103 gen siren\u0103 din ghipur\u0103 fran\u021buzeasc\u0103, ce acoper\u0103 baza din saten dublat. Rochia poate fi distins\u0103 prin m\u00e2necile originale \u0219i prin trena \u00een form\u0103 triunghiular\u0103.","og_url":"https:\/\/bridalfashion.com\/ro\/bali-ro\/eleganta-rochie-silueta-sirena-balira-bf0051\/","og_site_name":"BRIDAL FASHION \u2122 | Luxurious Wedding Dresses &amp; Fashionable Gowns for Women, Girls and Kids","og_image":[{"width":1517,"height":2000,"url":"https:\/\/bridalfashion.com\/wp-content\/uploads\/2021\/10\/BF0051_A-1.jpg","type":"image\/jpeg"}],"twitter_card":"summary_large_image","schema":{"@context":"https:\/\/schema.org","@graph":[{"@type":"WebPage","@id":"https:\/\/bridalfashion.com\/ro\/bali-ro\/eleganta-rochie-silueta-sirena-balira-bf0051\/","url":"https:\/\/bridalfashion.com\/ro\/bali-ro\/eleganta-rochie-silueta-sirena-balira-bf0051\/","name":"O rochie rafinat\u0103 BALIRA - BF0051 - BRIDAL FASHION \u2122 | Luxurious Wedding Dresses &amp; Fashionable Gowns for Women, Girls and Kids","isPartOf":{"@id":"https:\/\/bridalfashion.com\/ro\/#website"},"primaryImageOfPage":{"@id":"https:\/\/bridalfashion.com\/ro\/bali-ro\/eleganta-rochie-silueta-sirena-balira-bf0051\/#primaryimage"},"image":{"@id":"https:\/\/bridalfashion.com\/ro\/bali-ro\/eleganta-rochie-silueta-sirena-balira-bf0051\/#primaryimage"},"thumbnailUrl":"https:\/\/bridalfashion.com\/wp-content\/uploads\/2021\/10\/BF0051_A-1.jpg","datePublished":"2022-10-20T15:11:01+00:00","description":"Modelul BALIRA - BF0051, o rochie sofisticat\u0103 gen siren\u0103 din ghipur\u0103 fran\u021buzeasc\u0103, ce acoper\u0103 baza din saten dublat. Rochia poate fi distins\u0103 prin m\u00e2necile originale \u0219i prin trena \u00een form\u0103 triunghiular\u0103.","breadcrumb":{"@id":"https:\/\/bridalfashion.com\/ro\/bali-ro\/eleganta-rochie-silueta-sirena-balira-bf0051\/#breadcrumb"},"inLanguage":"ro-RO","potentialAction":[{"@type":"ReadAction","target":["https:\/\/bridalfashion.com\/ro\/bali-ro\/eleganta-rochie-silueta-sirena-balira-bf0051\/"]}]},{"@type":"ImageObject","inLanguage":"ro-RO","@id":"https:\/\/bridalfashion.com\/ro\/bali-ro\/eleganta-rochie-silueta-sirena-balira-bf0051\/#primaryimage","url":"https:\/\/bridalfashion.com\/wp-content\/uploads\/2021\/10\/BF0051_A-1.jpg","contentUrl":"https:\/\/bridalfashion.com\/wp-content\/uploads\/2021\/10\/BF0051_A-1.jpg","width":1517,"height":2000,"caption":"o rochie elegant\u0103 cu siluet\u0103 siren\u0103 din ghipur\u0103 francez\u0103 autentic\u0103 de la BIDAL FASHION - vedere frontal\u0103"},{"@type":"BreadcrumbList","@id":"https:\/\/bridalfashion.com\/ro\/bali-ro\/eleganta-rochie-silueta-sirena-balira-bf0051\/#breadcrumb","itemListElement":[{"@type":"ListItem","position":1,"name":"Home","item":"https:\/\/bridalfashion.com\/ro\/"},{"@type":"ListItem","position":2,"name":"Shop","item":"https:\/\/bridalfashion.com\/shop-2\/"},{"@type":"ListItem","position":3,"name":"O rochie rafinat\u0103 BALIRA &#8211; BF0051"}]},{"@type":"WebSite","@id":"https:\/\/bridalfashion.com\/ro\/#website","url":"https:\/\/bridalfashion.com\/ro\/","name":"BRIDAL FASHION \u2122 | Luxurious Wedding Dresses &amp; Fashionable Gowns for Women, Girls and Kids","description":"Welcome the leading manufacturer and supplier of wedding dresses. We offer in wholesale a large selection of high quality wedding dress collections and accessories for your business at competitive prices. Shop our full range of bridal products today!","publisher":{"@id":"https:\/\/bridalfashion.com\/ro\/#organization"},"potentialAction":[{"@type":"SearchAction","target":{"@type":"EntryPoint","urlTemplate":"https:\/\/bridalfashion.com\/ro\/?s={search_term_string}"},"query-input":{"@type":"PropertyValueSpecification","valueRequired":true,"valueName":"search_term_string"}}],"inLanguage":"ro-RO"},{"@type":"Organization","@id":"https:\/\/bridalfashion.com\/ro\/#organization","name":"BRIDAL FASHION \u2122 | Luxurious Wedding Dresses &amp; Fashionable Gowns for Women, Girls and Kids","url":"https:\/\/bridalfashion.com\/ro\/","logo":{"@type":"ImageObject","inLanguage":"ro-RO","@id":"https:\/\/bridalfashion.com\/ro\/#\/schema\/logo\/image\/","url":"https:\/\/bridalfashion.com\/wp-content\/uploads\/2022\/05\/cropped-BFG.png","contentUrl":"https:\/\/bridalfashion.com\/wp-content\/uploads\/2022\/05\/cropped-BFG.png","width":1771,"height":119,"caption":"BRIDAL FASHION \u2122 | Luxurious Wedding Dresses &amp; Fashionable Gowns for Women, Girls and Kids"},"image":{"@id":"https:\/\/bridalfashion.com\/ro\/#\/schema\/logo\/image\/"}}]}},"_links":{"self":[{"href":"https:\/\/bridalfashion.com\/ro\/wp-json\/wp\/v2\/product\/12068","targetHints":{"allow":["GET"]}}],"collection":[{"href":"https:\/\/bridalfashion.com\/ro\/wp-json\/wp\/v2\/product"}],"about":[{"href":"https:\/\/bridalfashion.com\/ro\/wp-json\/wp\/v2\/types\/product"}],"replies":[{"embeddable":true,"href":"https:\/\/bridalfashion.com\/ro\/wp-json\/wp\/v2\/comments?post=12068"}],"wp:featuredmedia":[{"embeddable":true,"href":"https:\/\/bridalfashion.com\/ro\/wp-json\/wp\/v2\/media\/7497"}],"wp:attachment":[{"href":"https:\/\/bridalfashion.com\/ro\/wp-json\/wp\/v2\/media?parent=12068"}],"wp:term":[{"taxonomy":"product_brand","embeddable":true,"href":"https:\/\/bridalfashion.com\/ro\/wp-json\/wp\/v2\/product_brand?post=12068"},{"taxonomy":"product_cat","embeddable":true,"href":"https:\/\/bridalfashion.com\/ro\/wp-json\/wp\/v2\/product_cat?post=12068"},{"taxonomy":"product_tag","embeddable":true,"href":"https:\/\/bridalfashion.com\/ro\/wp-json\/wp\/v2\/product_tag?post=12068"}],"curies":[{"name":"wp","href":"https:\/\/api.w.org\/{rel}","templated":true}]}}