{"id":12065,"date":"2021-10-06T13:59:10","date_gmt":"2022-10-20T14:50:50","guid":{"rendered":"https:\/\/bridalfashion.com\/fara-categorie\/rochie-clasica-pentru-fete-lungimea-genunchi-cu-silueta-a-line\/"},"modified":"2022-10-20T16:50:50","modified_gmt":"2022-10-20T14:50:50","slug":"rochie-fete-clasica-lungime-ceai-stil-silueta-a-linie-ls0030","status":"publish","type":"product","link":"https:\/\/bridalfashion.com\/ro\/little-princess-ro\/rochie-fete-clasica-lungime-ceai-stil-silueta-a-linie-ls0030\/","title":{"rendered":"Rochie clasic\u0103 pentru fete lungimea genunchi cu silueta A-line"},"content":{"rendered":"<p>Las\u0103-\u021bi fata sa arate fermec\u0103toar \u00een aceast\u0103 rochie de siluet\u0103 A-line. Decolteul scoop \u0219i spatele deschis nu vor restric\u021biona mi\u0219c\u0103rile \u0219i rochia \u00een general va fi foarte confortabil\u0103 de purtat. Este completat\u0103 de o centur\u0103 de m\u0103rgele de cristal \u0219i o fundi\u021b\u0103 elegant\u0103 pe spate. De asemenea, are \u0219i o cheotoare. Lungimea fustei pare deosebit de elegant\u0103 \u0219i va face din feti\u021ba ta o adev\u0103rat\u0103 vedet\u0103 a s\u0103rb\u0103torii.<\/p>\n","protected":false},"excerpt":{"rendered":"<h4>Style: LS0030<\/h4>\n","protected":false},"featured_media":7485,"comment_status":"open","ping_status":"closed","template":"","meta":[],"product_brand":[],"product_cat":[959],"product_tag":[],"class_list":{"0":"post-12065","1":"product","2":"type-product","3":"status-publish","4":"has-post-thumbnail","6":"product_cat-little-princess-ro","8":"first","9":"instock","10":"taxable","11":"shipping-taxable","12":"product-type-simple"},"yoast_head":"<!-- This site is optimized with the Yoast SEO plugin v27.5 - https:\/\/yoast.com\/product\/yoast-seo-wordpress\/ -->\n<title>Rochie clasic\u0103 pentru fete lungimea genunchi cu silueta A-line - BRIDAL FASHION \u2122 | Luxurious Wedding Dresses &amp; Fashionable Gowns for Women, Girls and Kids<\/title>\n<meta name=\"description\" content=\"Dac\u0103 sunte\u021bi \u00een c\u0103utarea unei rochii clasice pentru o ocazie special\u0103, aceast\u0103 \u021binut\u0103 este o alegere perfect\u0103. Decorat\u0103 cu margele \u0219i av\u00e2nd un spate ad\u00e2nc \u00een V, va ar\u0103ta frumos pe fata ta.\" \/>\n<meta name=\"robots\" content=\"index, follow, max-snippet:-1, max-image-preview:large, max-video-preview:-1\" \/>\n<link rel=\"canonical\" href=\"https:\/\/bridalfashion.com\/ro\/little-princess-ro\/rochie-fete-clasica-lungime-ceai-stil-silueta-a-linie-ls0030\/\" \/>\n<meta property=\"og:locale\" content=\"ro_RO\" \/>\n<meta property=\"og:type\" content=\"article\" \/>\n<meta property=\"og:title\" content=\"Rochie clasic\u0103 pentru fete lungimea genunchi cu silueta A-line - BRIDAL FASHION \u2122 | Luxurious Wedding Dresses &amp; Fashionable Gowns for Women, Girls and Kids\" \/>\n<meta property=\"og:description\" content=\"Dac\u0103 sunte\u021bi \u00een c\u0103utarea unei rochii clasice pentru o ocazie special\u0103, aceast\u0103 \u021binut\u0103 este o alegere perfect\u0103. Decorat\u0103 cu margele \u0219i av\u00e2nd un spate ad\u00e2nc \u00een V, va ar\u0103ta frumos pe fata ta.\" \/>\n<meta property=\"og:url\" content=\"https:\/\/bridalfashion.com\/ro\/little-princess-ro\/rochie-fete-clasica-lungime-ceai-stil-silueta-a-linie-ls0030\/\" \/>\n<meta property=\"og:site_name\" content=\"BRIDAL FASHION \u2122 | Luxurious Wedding Dresses &amp; Fashionable Gowns for Women, Girls and Kids\" \/>\n<meta property=\"og:image\" content=\"https:\/\/bridalfashion.com\/wp-content\/uploads\/2021\/10\/LS0030_ABLUE.jpg\" \/>\n\t<meta property=\"og:image:width\" content=\"1516\" \/>\n\t<meta property=\"og:image:height\" content=\"2000\" \/>\n\t<meta property=\"og:image:type\" content=\"image\/jpeg\" \/>\n<meta name=\"twitter:card\" content=\"summary_large_image\" \/>\n<script type=\"application\/ld+json\" class=\"yoast-schema-graph\">{\"@context\":\"https:\\\/\\\/schema.org\",\"@graph\":[{\"@type\":\"WebPage\",\"@id\":\"https:\\\/\\\/bridalfashion.com\\\/ro\\\/little-princess-ro\\\/rochie-fete-clasica-lungime-ceai-stil-silueta-a-linie-ls0030\\\/\",\"url\":\"https:\\\/\\\/bridalfashion.com\\\/ro\\\/little-princess-ro\\\/rochie-fete-clasica-lungime-ceai-stil-silueta-a-linie-ls0030\\\/\",\"name\":\"Rochie clasic\u0103 pentru fete lungimea genunchi cu silueta A-line - BRIDAL FASHION \u2122 | Luxurious Wedding Dresses &amp; Fashionable Gowns for Women, Girls and Kids\",\"isPartOf\":{\"@id\":\"https:\\\/\\\/bridalfashion.com\\\/ro\\\/#website\"},\"primaryImageOfPage\":{\"@id\":\"https:\\\/\\\/bridalfashion.com\\\/ro\\\/little-princess-ro\\\/rochie-fete-clasica-lungime-ceai-stil-silueta-a-linie-ls0030\\\/#primaryimage\"},\"image\":{\"@id\":\"https:\\\/\\\/bridalfashion.com\\\/ro\\\/little-princess-ro\\\/rochie-fete-clasica-lungime-ceai-stil-silueta-a-linie-ls0030\\\/#primaryimage\"},\"thumbnailUrl\":\"https:\\\/\\\/bridalfashion.com\\\/wp-content\\\/uploads\\\/2021\\\/10\\\/LS0030_ABLUE.jpg\",\"datePublished\":\"2022-10-20T14:50:50+00:00\",\"description\":\"Dac\u0103 sunte\u021bi \u00een c\u0103utarea unei rochii clasice pentru o ocazie special\u0103, aceast\u0103 \u021binut\u0103 este o alegere perfect\u0103. Decorat\u0103 cu margele \u0219i av\u00e2nd un spate ad\u00e2nc \u00een V, va ar\u0103ta frumos pe fata ta.\",\"breadcrumb\":{\"@id\":\"https:\\\/\\\/bridalfashion.com\\\/ro\\\/little-princess-ro\\\/rochie-fete-clasica-lungime-ceai-stil-silueta-a-linie-ls0030\\\/#breadcrumb\"},\"inLanguage\":\"ro-RO\",\"potentialAction\":[{\"@type\":\"ReadAction\",\"target\":[\"https:\\\/\\\/bridalfashion.com\\\/ro\\\/little-princess-ro\\\/rochie-fete-clasica-lungime-ceai-stil-silueta-a-linie-ls0030\\\/\"]}]},{\"@type\":\"ImageObject\",\"inLanguage\":\"ro-RO\",\"@id\":\"https:\\\/\\\/bridalfashion.com\\\/ro\\\/little-princess-ro\\\/rochie-fete-clasica-lungime-ceai-stil-silueta-a-linie-ls0030\\\/#primaryimage\",\"url\":\"https:\\\/\\\/bridalfashion.com\\\/wp-content\\\/uploads\\\/2021\\\/10\\\/LS0030_ABLUE.jpg\",\"contentUrl\":\"https:\\\/\\\/bridalfashion.com\\\/wp-content\\\/uploads\\\/2021\\\/10\\\/LS0030_ABLUE.jpg\",\"width\":1516,\"height\":2000,\"caption\":\"Rochie pentru copii LS0030 Foto - BRIDAL FASHION\"},{\"@type\":\"BreadcrumbList\",\"@id\":\"https:\\\/\\\/bridalfashion.com\\\/ro\\\/little-princess-ro\\\/rochie-fete-clasica-lungime-ceai-stil-silueta-a-linie-ls0030\\\/#breadcrumb\",\"itemListElement\":[{\"@type\":\"ListItem\",\"position\":1,\"name\":\"Home\",\"item\":\"https:\\\/\\\/bridalfashion.com\\\/ro\\\/\"},{\"@type\":\"ListItem\",\"position\":2,\"name\":\"Shop\",\"item\":\"https:\\\/\\\/bridalfashion.com\\\/shop-2\\\/\"},{\"@type\":\"ListItem\",\"position\":3,\"name\":\"Rochie clasic\u0103 pentru fete lungimea genunchi cu silueta A-line\"}]},{\"@type\":\"WebSite\",\"@id\":\"https:\\\/\\\/bridalfashion.com\\\/ro\\\/#website\",\"url\":\"https:\\\/\\\/bridalfashion.com\\\/ro\\\/\",\"name\":\"BRIDAL FASHION \u2122 | Luxurious Wedding Dresses &amp; Fashionable Gowns for Women, Girls and Kids\",\"description\":\"Welcome the leading manufacturer and supplier of wedding dresses. We offer in wholesale a large selection of high quality wedding dress collections and accessories for your business at competitive prices. Shop our full range of bridal products today!\",\"publisher\":{\"@id\":\"https:\\\/\\\/bridalfashion.com\\\/ro\\\/#organization\"},\"potentialAction\":[{\"@type\":\"SearchAction\",\"target\":{\"@type\":\"EntryPoint\",\"urlTemplate\":\"https:\\\/\\\/bridalfashion.com\\\/ro\\\/?s={search_term_string}\"},\"query-input\":{\"@type\":\"PropertyValueSpecification\",\"valueRequired\":true,\"valueName\":\"search_term_string\"}}],\"inLanguage\":\"ro-RO\"},{\"@type\":\"Organization\",\"@id\":\"https:\\\/\\\/bridalfashion.com\\\/ro\\\/#organization\",\"name\":\"BRIDAL FASHION \u2122 | Luxurious Wedding Dresses &amp; Fashionable Gowns for Women, Girls and Kids\",\"url\":\"https:\\\/\\\/bridalfashion.com\\\/ro\\\/\",\"logo\":{\"@type\":\"ImageObject\",\"inLanguage\":\"ro-RO\",\"@id\":\"https:\\\/\\\/bridalfashion.com\\\/ro\\\/#\\\/schema\\\/logo\\\/image\\\/\",\"url\":\"https:\\\/\\\/bridalfashion.com\\\/wp-content\\\/uploads\\\/2022\\\/05\\\/cropped-BFG.png\",\"contentUrl\":\"https:\\\/\\\/bridalfashion.com\\\/wp-content\\\/uploads\\\/2022\\\/05\\\/cropped-BFG.png\",\"width\":1771,\"height\":119,\"caption\":\"BRIDAL FASHION \u2122 | Luxurious Wedding Dresses &amp; Fashionable Gowns for Women, Girls and Kids\"},\"image\":{\"@id\":\"https:\\\/\\\/bridalfashion.com\\\/ro\\\/#\\\/schema\\\/logo\\\/image\\\/\"}}]}<\/script>\n<!-- \/ Yoast SEO plugin. -->","yoast_head_json":{"title":"Rochie clasic\u0103 pentru fete lungimea genunchi cu silueta A-line - BRIDAL FASHION \u2122 | Luxurious Wedding Dresses &amp; Fashionable Gowns for Women, Girls and Kids","description":"Dac\u0103 sunte\u021bi \u00een c\u0103utarea unei rochii clasice pentru o ocazie special\u0103, aceast\u0103 \u021binut\u0103 este o alegere perfect\u0103. Decorat\u0103 cu margele \u0219i av\u00e2nd un spate ad\u00e2nc \u00een V, va ar\u0103ta frumos pe fata ta.","robots":{"index":"index","follow":"follow","max-snippet":"max-snippet:-1","max-image-preview":"max-image-preview:large","max-video-preview":"max-video-preview:-1"},"canonical":"https:\/\/bridalfashion.com\/ro\/little-princess-ro\/rochie-fete-clasica-lungime-ceai-stil-silueta-a-linie-ls0030\/","og_locale":"ro_RO","og_type":"article","og_title":"Rochie clasic\u0103 pentru fete lungimea genunchi cu silueta A-line - BRIDAL FASHION \u2122 | Luxurious Wedding Dresses &amp; Fashionable Gowns for Women, Girls and Kids","og_description":"Dac\u0103 sunte\u021bi \u00een c\u0103utarea unei rochii clasice pentru o ocazie special\u0103, aceast\u0103 \u021binut\u0103 este o alegere perfect\u0103. Decorat\u0103 cu margele \u0219i av\u00e2nd un spate ad\u00e2nc \u00een V, va ar\u0103ta frumos pe fata ta.","og_url":"https:\/\/bridalfashion.com\/ro\/little-princess-ro\/rochie-fete-clasica-lungime-ceai-stil-silueta-a-linie-ls0030\/","og_site_name":"BRIDAL FASHION \u2122 | Luxurious Wedding Dresses &amp; Fashionable Gowns for Women, Girls and Kids","og_image":[{"width":1516,"height":2000,"url":"https:\/\/bridalfashion.com\/wp-content\/uploads\/2021\/10\/LS0030_ABLUE.jpg","type":"image\/jpeg"}],"twitter_card":"summary_large_image","schema":{"@context":"https:\/\/schema.org","@graph":[{"@type":"WebPage","@id":"https:\/\/bridalfashion.com\/ro\/little-princess-ro\/rochie-fete-clasica-lungime-ceai-stil-silueta-a-linie-ls0030\/","url":"https:\/\/bridalfashion.com\/ro\/little-princess-ro\/rochie-fete-clasica-lungime-ceai-stil-silueta-a-linie-ls0030\/","name":"Rochie clasic\u0103 pentru fete lungimea genunchi cu silueta A-line - BRIDAL FASHION \u2122 | Luxurious Wedding Dresses &amp; Fashionable Gowns for Women, Girls and Kids","isPartOf":{"@id":"https:\/\/bridalfashion.com\/ro\/#website"},"primaryImageOfPage":{"@id":"https:\/\/bridalfashion.com\/ro\/little-princess-ro\/rochie-fete-clasica-lungime-ceai-stil-silueta-a-linie-ls0030\/#primaryimage"},"image":{"@id":"https:\/\/bridalfashion.com\/ro\/little-princess-ro\/rochie-fete-clasica-lungime-ceai-stil-silueta-a-linie-ls0030\/#primaryimage"},"thumbnailUrl":"https:\/\/bridalfashion.com\/wp-content\/uploads\/2021\/10\/LS0030_ABLUE.jpg","datePublished":"2022-10-20T14:50:50+00:00","description":"Dac\u0103 sunte\u021bi \u00een c\u0103utarea unei rochii clasice pentru o ocazie special\u0103, aceast\u0103 \u021binut\u0103 este o alegere perfect\u0103. Decorat\u0103 cu margele \u0219i av\u00e2nd un spate ad\u00e2nc \u00een V, va ar\u0103ta frumos pe fata ta.","breadcrumb":{"@id":"https:\/\/bridalfashion.com\/ro\/little-princess-ro\/rochie-fete-clasica-lungime-ceai-stil-silueta-a-linie-ls0030\/#breadcrumb"},"inLanguage":"ro-RO","potentialAction":[{"@type":"ReadAction","target":["https:\/\/bridalfashion.com\/ro\/little-princess-ro\/rochie-fete-clasica-lungime-ceai-stil-silueta-a-linie-ls0030\/"]}]},{"@type":"ImageObject","inLanguage":"ro-RO","@id":"https:\/\/bridalfashion.com\/ro\/little-princess-ro\/rochie-fete-clasica-lungime-ceai-stil-silueta-a-linie-ls0030\/#primaryimage","url":"https:\/\/bridalfashion.com\/wp-content\/uploads\/2021\/10\/LS0030_ABLUE.jpg","contentUrl":"https:\/\/bridalfashion.com\/wp-content\/uploads\/2021\/10\/LS0030_ABLUE.jpg","width":1516,"height":2000,"caption":"Rochie pentru copii LS0030 Foto - BRIDAL FASHION"},{"@type":"BreadcrumbList","@id":"https:\/\/bridalfashion.com\/ro\/little-princess-ro\/rochie-fete-clasica-lungime-ceai-stil-silueta-a-linie-ls0030\/#breadcrumb","itemListElement":[{"@type":"ListItem","position":1,"name":"Home","item":"https:\/\/bridalfashion.com\/ro\/"},{"@type":"ListItem","position":2,"name":"Shop","item":"https:\/\/bridalfashion.com\/shop-2\/"},{"@type":"ListItem","position":3,"name":"Rochie clasic\u0103 pentru fete lungimea genunchi cu silueta A-line"}]},{"@type":"WebSite","@id":"https:\/\/bridalfashion.com\/ro\/#website","url":"https:\/\/bridalfashion.com\/ro\/","name":"BRIDAL FASHION \u2122 | Luxurious Wedding Dresses &amp; Fashionable Gowns for Women, Girls and Kids","description":"Welcome the leading manufacturer and supplier of wedding dresses. We offer in wholesale a large selection of high quality wedding dress collections and accessories for your business at competitive prices. Shop our full range of bridal products today!","publisher":{"@id":"https:\/\/bridalfashion.com\/ro\/#organization"},"potentialAction":[{"@type":"SearchAction","target":{"@type":"EntryPoint","urlTemplate":"https:\/\/bridalfashion.com\/ro\/?s={search_term_string}"},"query-input":{"@type":"PropertyValueSpecification","valueRequired":true,"valueName":"search_term_string"}}],"inLanguage":"ro-RO"},{"@type":"Organization","@id":"https:\/\/bridalfashion.com\/ro\/#organization","name":"BRIDAL FASHION \u2122 | Luxurious Wedding Dresses &amp; Fashionable Gowns for Women, Girls and Kids","url":"https:\/\/bridalfashion.com\/ro\/","logo":{"@type":"ImageObject","inLanguage":"ro-RO","@id":"https:\/\/bridalfashion.com\/ro\/#\/schema\/logo\/image\/","url":"https:\/\/bridalfashion.com\/wp-content\/uploads\/2022\/05\/cropped-BFG.png","contentUrl":"https:\/\/bridalfashion.com\/wp-content\/uploads\/2022\/05\/cropped-BFG.png","width":1771,"height":119,"caption":"BRIDAL FASHION \u2122 | Luxurious Wedding Dresses &amp; Fashionable Gowns for Women, Girls and Kids"},"image":{"@id":"https:\/\/bridalfashion.com\/ro\/#\/schema\/logo\/image\/"}}]}},"_links":{"self":[{"href":"https:\/\/bridalfashion.com\/ro\/wp-json\/wp\/v2\/product\/12065","targetHints":{"allow":["GET"]}}],"collection":[{"href":"https:\/\/bridalfashion.com\/ro\/wp-json\/wp\/v2\/product"}],"about":[{"href":"https:\/\/bridalfashion.com\/ro\/wp-json\/wp\/v2\/types\/product"}],"replies":[{"embeddable":true,"href":"https:\/\/bridalfashion.com\/ro\/wp-json\/wp\/v2\/comments?post=12065"}],"wp:featuredmedia":[{"embeddable":true,"href":"https:\/\/bridalfashion.com\/ro\/wp-json\/wp\/v2\/media\/7485"}],"wp:attachment":[{"href":"https:\/\/bridalfashion.com\/ro\/wp-json\/wp\/v2\/media?parent=12065"}],"wp:term":[{"taxonomy":"product_brand","embeddable":true,"href":"https:\/\/bridalfashion.com\/ro\/wp-json\/wp\/v2\/product_brand?post=12065"},{"taxonomy":"product_cat","embeddable":true,"href":"https:\/\/bridalfashion.com\/ro\/wp-json\/wp\/v2\/product_cat?post=12065"},{"taxonomy":"product_tag","embeddable":true,"href":"https:\/\/bridalfashion.com\/ro\/wp-json\/wp\/v2\/product_tag?post=12065"}],"curies":[{"name":"wp","href":"https:\/\/api.w.org\/{rel}","templated":true}]}}