{"id":12059,"date":"2021-10-06T13:49:10","date_gmt":"2022-10-20T14:08:32","guid":{"rendered":"https:\/\/bridalfashion.com\/fara-categorie\/rochie-pentru-copii-cu-mai-multe-straturi-si-decor-de-cristal\/"},"modified":"2022-10-20T16:08:32","modified_gmt":"2022-10-20T14:08:32","slug":"rochie-pentru-copii-multe-stratificate-maneci-umflate-si-decor-stil-cristal-ls0028","status":"publish","type":"product","link":"https:\/\/bridalfashion.com\/ro\/little-princess-ro\/rochie-pentru-copii-multe-stratificate-maneci-umflate-si-decor-stil-cristal-ls0028\/","title":{"rendered":"Rochie pentru copii cu mai multe straturi \u0219i decor de cristal"},"content":{"rendered":"<p>Pornind de la gulerul cu m\u0103rgele \u0219i de la m\u00e2necile pufoase, aceast\u0103 rochie uimitoare \u00eentr-o siluet\u0103 sofisticat\u0103 este o alegere perfect\u0103 pentru o s\u0103rb\u0103toare opulent\u0103. Modelul complex al \u021bes\u0103turii \u0219i al stratului de tul merg perfect minunat. Pe partea din spate, exist\u0103 un decolteu scoop \u0219i o fundi\u021b\u0103 minunat\u0103. Structura fustei este completat\u0103 de o tren\u0103 de lungime mijlocie.<\/p>\n","protected":false},"excerpt":{"rendered":"<h4>Style: LS0028<\/h4>\n","protected":false},"featured_media":7437,"comment_status":"open","ping_status":"closed","template":"","meta":[],"product_brand":[],"product_cat":[959],"product_tag":[],"class_list":{"0":"post-12059","1":"product","2":"type-product","3":"status-publish","4":"has-post-thumbnail","6":"product_cat-little-princess-ro","8":"first","9":"instock","10":"taxable","11":"shipping-taxable","12":"product-type-simple"},"yoast_head":"<!-- This site is optimized with the Yoast SEO plugin v27.4 - https:\/\/yoast.com\/product\/yoast-seo-wordpress\/ -->\n<title>Rochie pentru copii cu mai multe straturi \u0219i decor de cristal - BRIDAL FASHION \u2122 | Luxurious Wedding Dresses &amp; Fashionable Gowns for Women, Girls and Kids<\/title>\n<meta name=\"description\" content=\"Const\u00e2nd din mai multe detalii sofisticate, aceast\u0103 rochie este o potrivire bun\u0103 pentru o adev\u0103rat\u0103 regin\u0103. Decorul s\u0103u de m\u0103rgele \u0219i fundi\u021ba pe spate adaug\u0103 un farmec aparte aspectului general.\" \/>\n<meta name=\"robots\" content=\"index, follow, max-snippet:-1, max-image-preview:large, max-video-preview:-1\" \/>\n<link rel=\"canonical\" href=\"https:\/\/bridalfashion.com\/ro\/little-princess-ro\/rochie-pentru-copii-multe-stratificate-maneci-umflate-si-decor-stil-cristal-ls0028\/\" \/>\n<meta property=\"og:locale\" content=\"ro_RO\" \/>\n<meta property=\"og:type\" content=\"article\" \/>\n<meta property=\"og:title\" content=\"Rochie pentru copii cu mai multe straturi \u0219i decor de cristal - BRIDAL FASHION \u2122 | Luxurious Wedding Dresses &amp; Fashionable Gowns for Women, Girls and Kids\" \/>\n<meta property=\"og:description\" content=\"Const\u00e2nd din mai multe detalii sofisticate, aceast\u0103 rochie este o potrivire bun\u0103 pentru o adev\u0103rat\u0103 regin\u0103. Decorul s\u0103u de m\u0103rgele \u0219i fundi\u021ba pe spate adaug\u0103 un farmec aparte aspectului general.\" \/>\n<meta property=\"og:url\" content=\"https:\/\/bridalfashion.com\/ro\/little-princess-ro\/rochie-pentru-copii-multe-stratificate-maneci-umflate-si-decor-stil-cristal-ls0028\/\" \/>\n<meta property=\"og:site_name\" content=\"BRIDAL FASHION \u2122 | Luxurious Wedding Dresses &amp; Fashionable Gowns for Women, Girls and Kids\" \/>\n<meta property=\"og:image\" content=\"https:\/\/bridalfashion.com\/wp-content\/uploads\/2021\/10\/LS0028_A.jpg\" \/>\n\t<meta property=\"og:image:width\" content=\"1516\" \/>\n\t<meta property=\"og:image:height\" content=\"2000\" \/>\n\t<meta property=\"og:image:type\" content=\"image\/jpeg\" \/>\n<meta name=\"twitter:card\" content=\"summary_large_image\" \/>\n<script type=\"application\/ld+json\" class=\"yoast-schema-graph\">{\"@context\":\"https:\\\/\\\/schema.org\",\"@graph\":[{\"@type\":\"WebPage\",\"@id\":\"https:\\\/\\\/bridalfashion.com\\\/ro\\\/little-princess-ro\\\/rochie-pentru-copii-multe-stratificate-maneci-umflate-si-decor-stil-cristal-ls0028\\\/\",\"url\":\"https:\\\/\\\/bridalfashion.com\\\/ro\\\/little-princess-ro\\\/rochie-pentru-copii-multe-stratificate-maneci-umflate-si-decor-stil-cristal-ls0028\\\/\",\"name\":\"Rochie pentru copii cu mai multe straturi \u0219i decor de cristal - BRIDAL FASHION \u2122 | Luxurious Wedding Dresses &amp; Fashionable Gowns for Women, Girls and Kids\",\"isPartOf\":{\"@id\":\"https:\\\/\\\/bridalfashion.com\\\/ro\\\/#website\"},\"primaryImageOfPage\":{\"@id\":\"https:\\\/\\\/bridalfashion.com\\\/ro\\\/little-princess-ro\\\/rochie-pentru-copii-multe-stratificate-maneci-umflate-si-decor-stil-cristal-ls0028\\\/#primaryimage\"},\"image\":{\"@id\":\"https:\\\/\\\/bridalfashion.com\\\/ro\\\/little-princess-ro\\\/rochie-pentru-copii-multe-stratificate-maneci-umflate-si-decor-stil-cristal-ls0028\\\/#primaryimage\"},\"thumbnailUrl\":\"https:\\\/\\\/bridalfashion.com\\\/wp-content\\\/uploads\\\/2021\\\/10\\\/LS0028_A.jpg\",\"datePublished\":\"2022-10-20T14:08:32+00:00\",\"description\":\"Const\u00e2nd din mai multe detalii sofisticate, aceast\u0103 rochie este o potrivire bun\u0103 pentru o adev\u0103rat\u0103 regin\u0103. Decorul s\u0103u de m\u0103rgele \u0219i fundi\u021ba pe spate adaug\u0103 un farmec aparte aspectului general.\",\"breadcrumb\":{\"@id\":\"https:\\\/\\\/bridalfashion.com\\\/ro\\\/little-princess-ro\\\/rochie-pentru-copii-multe-stratificate-maneci-umflate-si-decor-stil-cristal-ls0028\\\/#breadcrumb\"},\"inLanguage\":\"ro-RO\",\"potentialAction\":[{\"@type\":\"ReadAction\",\"target\":[\"https:\\\/\\\/bridalfashion.com\\\/ro\\\/little-princess-ro\\\/rochie-pentru-copii-multe-stratificate-maneci-umflate-si-decor-stil-cristal-ls0028\\\/\"]}]},{\"@type\":\"ImageObject\",\"inLanguage\":\"ro-RO\",\"@id\":\"https:\\\/\\\/bridalfashion.com\\\/ro\\\/little-princess-ro\\\/rochie-pentru-copii-multe-stratificate-maneci-umflate-si-decor-stil-cristal-ls0028\\\/#primaryimage\",\"url\":\"https:\\\/\\\/bridalfashion.com\\\/wp-content\\\/uploads\\\/2021\\\/10\\\/LS0028_A.jpg\",\"contentUrl\":\"https:\\\/\\\/bridalfashion.com\\\/wp-content\\\/uploads\\\/2021\\\/10\\\/LS0028_A.jpg\",\"width\":1516,\"height\":2000,\"caption\":\"Rochie pentru copii LS0028 Foto - BRIDAL FASHION\"},{\"@type\":\"BreadcrumbList\",\"@id\":\"https:\\\/\\\/bridalfashion.com\\\/ro\\\/little-princess-ro\\\/rochie-pentru-copii-multe-stratificate-maneci-umflate-si-decor-stil-cristal-ls0028\\\/#breadcrumb\",\"itemListElement\":[{\"@type\":\"ListItem\",\"position\":1,\"name\":\"Home\",\"item\":\"https:\\\/\\\/bridalfashion.com\\\/ro\\\/\"},{\"@type\":\"ListItem\",\"position\":2,\"name\":\"Shop\",\"item\":\"https:\\\/\\\/bridalfashion.com\\\/shop-2\\\/\"},{\"@type\":\"ListItem\",\"position\":3,\"name\":\"Rochie pentru copii cu mai multe straturi \u0219i decor de cristal\"}]},{\"@type\":\"WebSite\",\"@id\":\"https:\\\/\\\/bridalfashion.com\\\/ro\\\/#website\",\"url\":\"https:\\\/\\\/bridalfashion.com\\\/ro\\\/\",\"name\":\"BRIDAL FASHION \u2122 | Luxurious Wedding Dresses &amp; Fashionable Gowns for Women, Girls and Kids\",\"description\":\"Welcome the leading manufacturer and supplier of wedding dresses. We offer in wholesale a large selection of high quality wedding dress collections and accessories for your business at competitive prices. Shop our full range of bridal products today!\",\"publisher\":{\"@id\":\"https:\\\/\\\/bridalfashion.com\\\/ro\\\/#organization\"},\"potentialAction\":[{\"@type\":\"SearchAction\",\"target\":{\"@type\":\"EntryPoint\",\"urlTemplate\":\"https:\\\/\\\/bridalfashion.com\\\/ro\\\/?s={search_term_string}\"},\"query-input\":{\"@type\":\"PropertyValueSpecification\",\"valueRequired\":true,\"valueName\":\"search_term_string\"}}],\"inLanguage\":\"ro-RO\"},{\"@type\":\"Organization\",\"@id\":\"https:\\\/\\\/bridalfashion.com\\\/ro\\\/#organization\",\"name\":\"BRIDAL FASHION \u2122 | Luxurious Wedding Dresses &amp; Fashionable Gowns for Women, Girls and Kids\",\"url\":\"https:\\\/\\\/bridalfashion.com\\\/ro\\\/\",\"logo\":{\"@type\":\"ImageObject\",\"inLanguage\":\"ro-RO\",\"@id\":\"https:\\\/\\\/bridalfashion.com\\\/ro\\\/#\\\/schema\\\/logo\\\/image\\\/\",\"url\":\"https:\\\/\\\/bridalfashion.com\\\/wp-content\\\/uploads\\\/2022\\\/05\\\/cropped-BFG.png\",\"contentUrl\":\"https:\\\/\\\/bridalfashion.com\\\/wp-content\\\/uploads\\\/2022\\\/05\\\/cropped-BFG.png\",\"width\":1771,\"height\":119,\"caption\":\"BRIDAL FASHION \u2122 | Luxurious Wedding Dresses &amp; Fashionable Gowns for Women, Girls and Kids\"},\"image\":{\"@id\":\"https:\\\/\\\/bridalfashion.com\\\/ro\\\/#\\\/schema\\\/logo\\\/image\\\/\"}}]}<\/script>\n<!-- \/ Yoast SEO plugin. -->","yoast_head_json":{"title":"Rochie pentru copii cu mai multe straturi \u0219i decor de cristal - BRIDAL FASHION \u2122 | Luxurious Wedding Dresses &amp; Fashionable Gowns for Women, Girls and Kids","description":"Const\u00e2nd din mai multe detalii sofisticate, aceast\u0103 rochie este o potrivire bun\u0103 pentru o adev\u0103rat\u0103 regin\u0103. Decorul s\u0103u de m\u0103rgele \u0219i fundi\u021ba pe spate adaug\u0103 un farmec aparte aspectului general.","robots":{"index":"index","follow":"follow","max-snippet":"max-snippet:-1","max-image-preview":"max-image-preview:large","max-video-preview":"max-video-preview:-1"},"canonical":"https:\/\/bridalfashion.com\/ro\/little-princess-ro\/rochie-pentru-copii-multe-stratificate-maneci-umflate-si-decor-stil-cristal-ls0028\/","og_locale":"ro_RO","og_type":"article","og_title":"Rochie pentru copii cu mai multe straturi \u0219i decor de cristal - BRIDAL FASHION \u2122 | Luxurious Wedding Dresses &amp; Fashionable Gowns for Women, Girls and Kids","og_description":"Const\u00e2nd din mai multe detalii sofisticate, aceast\u0103 rochie este o potrivire bun\u0103 pentru o adev\u0103rat\u0103 regin\u0103. Decorul s\u0103u de m\u0103rgele \u0219i fundi\u021ba pe spate adaug\u0103 un farmec aparte aspectului general.","og_url":"https:\/\/bridalfashion.com\/ro\/little-princess-ro\/rochie-pentru-copii-multe-stratificate-maneci-umflate-si-decor-stil-cristal-ls0028\/","og_site_name":"BRIDAL FASHION \u2122 | Luxurious Wedding Dresses &amp; Fashionable Gowns for Women, Girls and Kids","og_image":[{"width":1516,"height":2000,"url":"https:\/\/bridalfashion.com\/wp-content\/uploads\/2021\/10\/LS0028_A.jpg","type":"image\/jpeg"}],"twitter_card":"summary_large_image","schema":{"@context":"https:\/\/schema.org","@graph":[{"@type":"WebPage","@id":"https:\/\/bridalfashion.com\/ro\/little-princess-ro\/rochie-pentru-copii-multe-stratificate-maneci-umflate-si-decor-stil-cristal-ls0028\/","url":"https:\/\/bridalfashion.com\/ro\/little-princess-ro\/rochie-pentru-copii-multe-stratificate-maneci-umflate-si-decor-stil-cristal-ls0028\/","name":"Rochie pentru copii cu mai multe straturi \u0219i decor de cristal - BRIDAL FASHION \u2122 | Luxurious Wedding Dresses &amp; Fashionable Gowns for Women, Girls and Kids","isPartOf":{"@id":"https:\/\/bridalfashion.com\/ro\/#website"},"primaryImageOfPage":{"@id":"https:\/\/bridalfashion.com\/ro\/little-princess-ro\/rochie-pentru-copii-multe-stratificate-maneci-umflate-si-decor-stil-cristal-ls0028\/#primaryimage"},"image":{"@id":"https:\/\/bridalfashion.com\/ro\/little-princess-ro\/rochie-pentru-copii-multe-stratificate-maneci-umflate-si-decor-stil-cristal-ls0028\/#primaryimage"},"thumbnailUrl":"https:\/\/bridalfashion.com\/wp-content\/uploads\/2021\/10\/LS0028_A.jpg","datePublished":"2022-10-20T14:08:32+00:00","description":"Const\u00e2nd din mai multe detalii sofisticate, aceast\u0103 rochie este o potrivire bun\u0103 pentru o adev\u0103rat\u0103 regin\u0103. Decorul s\u0103u de m\u0103rgele \u0219i fundi\u021ba pe spate adaug\u0103 un farmec aparte aspectului general.","breadcrumb":{"@id":"https:\/\/bridalfashion.com\/ro\/little-princess-ro\/rochie-pentru-copii-multe-stratificate-maneci-umflate-si-decor-stil-cristal-ls0028\/#breadcrumb"},"inLanguage":"ro-RO","potentialAction":[{"@type":"ReadAction","target":["https:\/\/bridalfashion.com\/ro\/little-princess-ro\/rochie-pentru-copii-multe-stratificate-maneci-umflate-si-decor-stil-cristal-ls0028\/"]}]},{"@type":"ImageObject","inLanguage":"ro-RO","@id":"https:\/\/bridalfashion.com\/ro\/little-princess-ro\/rochie-pentru-copii-multe-stratificate-maneci-umflate-si-decor-stil-cristal-ls0028\/#primaryimage","url":"https:\/\/bridalfashion.com\/wp-content\/uploads\/2021\/10\/LS0028_A.jpg","contentUrl":"https:\/\/bridalfashion.com\/wp-content\/uploads\/2021\/10\/LS0028_A.jpg","width":1516,"height":2000,"caption":"Rochie pentru copii LS0028 Foto - BRIDAL FASHION"},{"@type":"BreadcrumbList","@id":"https:\/\/bridalfashion.com\/ro\/little-princess-ro\/rochie-pentru-copii-multe-stratificate-maneci-umflate-si-decor-stil-cristal-ls0028\/#breadcrumb","itemListElement":[{"@type":"ListItem","position":1,"name":"Home","item":"https:\/\/bridalfashion.com\/ro\/"},{"@type":"ListItem","position":2,"name":"Shop","item":"https:\/\/bridalfashion.com\/shop-2\/"},{"@type":"ListItem","position":3,"name":"Rochie pentru copii cu mai multe straturi \u0219i decor de cristal"}]},{"@type":"WebSite","@id":"https:\/\/bridalfashion.com\/ro\/#website","url":"https:\/\/bridalfashion.com\/ro\/","name":"BRIDAL FASHION \u2122 | Luxurious Wedding Dresses &amp; Fashionable Gowns for Women, Girls and Kids","description":"Welcome the leading manufacturer and supplier of wedding dresses. We offer in wholesale a large selection of high quality wedding dress collections and accessories for your business at competitive prices. Shop our full range of bridal products today!","publisher":{"@id":"https:\/\/bridalfashion.com\/ro\/#organization"},"potentialAction":[{"@type":"SearchAction","target":{"@type":"EntryPoint","urlTemplate":"https:\/\/bridalfashion.com\/ro\/?s={search_term_string}"},"query-input":{"@type":"PropertyValueSpecification","valueRequired":true,"valueName":"search_term_string"}}],"inLanguage":"ro-RO"},{"@type":"Organization","@id":"https:\/\/bridalfashion.com\/ro\/#organization","name":"BRIDAL FASHION \u2122 | Luxurious Wedding Dresses &amp; Fashionable Gowns for Women, Girls and Kids","url":"https:\/\/bridalfashion.com\/ro\/","logo":{"@type":"ImageObject","inLanguage":"ro-RO","@id":"https:\/\/bridalfashion.com\/ro\/#\/schema\/logo\/image\/","url":"https:\/\/bridalfashion.com\/wp-content\/uploads\/2022\/05\/cropped-BFG.png","contentUrl":"https:\/\/bridalfashion.com\/wp-content\/uploads\/2022\/05\/cropped-BFG.png","width":1771,"height":119,"caption":"BRIDAL FASHION \u2122 | Luxurious Wedding Dresses &amp; Fashionable Gowns for Women, Girls and Kids"},"image":{"@id":"https:\/\/bridalfashion.com\/ro\/#\/schema\/logo\/image\/"}}]}},"_links":{"self":[{"href":"https:\/\/bridalfashion.com\/ro\/wp-json\/wp\/v2\/product\/12059","targetHints":{"allow":["GET"]}}],"collection":[{"href":"https:\/\/bridalfashion.com\/ro\/wp-json\/wp\/v2\/product"}],"about":[{"href":"https:\/\/bridalfashion.com\/ro\/wp-json\/wp\/v2\/types\/product"}],"replies":[{"embeddable":true,"href":"https:\/\/bridalfashion.com\/ro\/wp-json\/wp\/v2\/comments?post=12059"}],"wp:featuredmedia":[{"embeddable":true,"href":"https:\/\/bridalfashion.com\/ro\/wp-json\/wp\/v2\/media\/7437"}],"wp:attachment":[{"href":"https:\/\/bridalfashion.com\/ro\/wp-json\/wp\/v2\/media?parent=12059"}],"wp:term":[{"taxonomy":"product_brand","embeddable":true,"href":"https:\/\/bridalfashion.com\/ro\/wp-json\/wp\/v2\/product_brand?post=12059"},{"taxonomy":"product_cat","embeddable":true,"href":"https:\/\/bridalfashion.com\/ro\/wp-json\/wp\/v2\/product_cat?post=12059"},{"taxonomy":"product_tag","embeddable":true,"href":"https:\/\/bridalfashion.com\/ro\/wp-json\/wp\/v2\/product_tag?post=12059"}],"curies":[{"name":"wp","href":"https:\/\/api.w.org\/{rel}","templated":true}]}}