{"id":12050,"date":"2021-10-06T13:35:17","date_gmt":"2022-10-20T10:56:49","guid":{"rendered":"https:\/\/bridalfashion.com\/fara-categorie\/rochie-de-fete-festiva-cu-o-trena-de-lungime-medie\/"},"modified":"2022-10-20T12:56:49","modified_gmt":"2022-10-20T10:56:49","slug":"rochie-de-fete-deschisa-spate-si-stil-trena-de-lungime-medie-ls0025","status":"publish","type":"product","link":"https:\/\/bridalfashion.com\/ro\/little-princess-ro\/rochie-de-fete-deschisa-spate-si-stil-trena-de-lungime-medie-ls0025\/","title":{"rendered":"Rochie de fete festiv\u0103 cu o tren\u0103 de lungime medie"},"content":{"rendered":"<p>Elementul principal al acestei rochii este t\u0103ietura pe spate \u00een form\u0103 de inim\u0103. Gulerul scoop decorat cu bijuterii serve\u0219te ca un plus frumos la ansamblu. Corsetul str\u00e2ns \u0219i cureaua de m\u0103tase trec \u00eentr-o fust\u0103 stil prin\u021bes\u0103 splendid\u0103 cu o tren\u0103 de lungime medie. Rochia dat\u0103 se va potrivi minunat fetei tale.<\/p>\n","protected":false},"excerpt":{"rendered":"<h4>Style: LS0025<\/h4>\n","protected":false},"featured_media":7374,"comment_status":"open","ping_status":"closed","template":"","meta":[],"product_brand":[],"product_cat":[959],"product_tag":[],"class_list":{"0":"post-12050","1":"product","2":"type-product","3":"status-publish","4":"has-post-thumbnail","6":"product_cat-little-princess-ro","8":"first","9":"instock","10":"taxable","11":"shipping-taxable","12":"product-type-simple"},"yoast_head":"<!-- This site is optimized with the Yoast SEO plugin v27.5 - https:\/\/yoast.com\/product\/yoast-seo-wordpress\/ -->\n<title>Rochie de fete festiv\u0103 cu o tren\u0103 de lungime medie - BRIDAL FASHION \u2122 | Luxurious Wedding Dresses &amp; Fashionable Gowns for Women, Girls and Kids<\/title>\n<meta name=\"description\" content=\"Frumuse\u021bea rochiei acestei fete este incomparabil\u0103. Cu spatele deschis \u0219i fusta plin\u0103 de volum, va ar\u0103ta uimitor pe fata ta.\" \/>\n<meta name=\"robots\" content=\"index, follow, max-snippet:-1, max-image-preview:large, max-video-preview:-1\" \/>\n<link rel=\"canonical\" href=\"https:\/\/bridalfashion.com\/ro\/little-princess-ro\/rochie-de-fete-deschisa-spate-si-stil-trena-de-lungime-medie-ls0025\/\" \/>\n<meta property=\"og:locale\" content=\"ro_RO\" \/>\n<meta property=\"og:type\" content=\"article\" \/>\n<meta property=\"og:title\" content=\"Rochie de fete festiv\u0103 cu o tren\u0103 de lungime medie - BRIDAL FASHION \u2122 | Luxurious Wedding Dresses &amp; Fashionable Gowns for Women, Girls and Kids\" \/>\n<meta property=\"og:description\" content=\"Frumuse\u021bea rochiei acestei fete este incomparabil\u0103. Cu spatele deschis \u0219i fusta plin\u0103 de volum, va ar\u0103ta uimitor pe fata ta.\" \/>\n<meta property=\"og:url\" content=\"https:\/\/bridalfashion.com\/ro\/little-princess-ro\/rochie-de-fete-deschisa-spate-si-stil-trena-de-lungime-medie-ls0025\/\" \/>\n<meta property=\"og:site_name\" content=\"BRIDAL FASHION \u2122 | Luxurious Wedding Dresses &amp; Fashionable Gowns for Women, Girls and Kids\" \/>\n<meta property=\"og:image\" content=\"https:\/\/bridalfashion.com\/wp-content\/uploads\/2021\/10\/LS0025_A1.jpg\" \/>\n\t<meta property=\"og:image:width\" content=\"1516\" \/>\n\t<meta property=\"og:image:height\" content=\"2000\" \/>\n\t<meta property=\"og:image:type\" content=\"image\/jpeg\" \/>\n<meta name=\"twitter:card\" content=\"summary_large_image\" \/>\n<script type=\"application\/ld+json\" class=\"yoast-schema-graph\">{\"@context\":\"https:\\\/\\\/schema.org\",\"@graph\":[{\"@type\":\"WebPage\",\"@id\":\"https:\\\/\\\/bridalfashion.com\\\/ro\\\/little-princess-ro\\\/rochie-de-fete-deschisa-spate-si-stil-trena-de-lungime-medie-ls0025\\\/\",\"url\":\"https:\\\/\\\/bridalfashion.com\\\/ro\\\/little-princess-ro\\\/rochie-de-fete-deschisa-spate-si-stil-trena-de-lungime-medie-ls0025\\\/\",\"name\":\"Rochie de fete festiv\u0103 cu o tren\u0103 de lungime medie - BRIDAL FASHION \u2122 | Luxurious Wedding Dresses &amp; Fashionable Gowns for Women, Girls and Kids\",\"isPartOf\":{\"@id\":\"https:\\\/\\\/bridalfashion.com\\\/ro\\\/#website\"},\"primaryImageOfPage\":{\"@id\":\"https:\\\/\\\/bridalfashion.com\\\/ro\\\/little-princess-ro\\\/rochie-de-fete-deschisa-spate-si-stil-trena-de-lungime-medie-ls0025\\\/#primaryimage\"},\"image\":{\"@id\":\"https:\\\/\\\/bridalfashion.com\\\/ro\\\/little-princess-ro\\\/rochie-de-fete-deschisa-spate-si-stil-trena-de-lungime-medie-ls0025\\\/#primaryimage\"},\"thumbnailUrl\":\"https:\\\/\\\/bridalfashion.com\\\/wp-content\\\/uploads\\\/2021\\\/10\\\/LS0025_A1.jpg\",\"datePublished\":\"2022-10-20T10:56:49+00:00\",\"description\":\"Frumuse\u021bea rochiei acestei fete este incomparabil\u0103. Cu spatele deschis \u0219i fusta plin\u0103 de volum, va ar\u0103ta uimitor pe fata ta.\",\"breadcrumb\":{\"@id\":\"https:\\\/\\\/bridalfashion.com\\\/ro\\\/little-princess-ro\\\/rochie-de-fete-deschisa-spate-si-stil-trena-de-lungime-medie-ls0025\\\/#breadcrumb\"},\"inLanguage\":\"ro-RO\",\"potentialAction\":[{\"@type\":\"ReadAction\",\"target\":[\"https:\\\/\\\/bridalfashion.com\\\/ro\\\/little-princess-ro\\\/rochie-de-fete-deschisa-spate-si-stil-trena-de-lungime-medie-ls0025\\\/\"]}]},{\"@type\":\"ImageObject\",\"inLanguage\":\"ro-RO\",\"@id\":\"https:\\\/\\\/bridalfashion.com\\\/ro\\\/little-princess-ro\\\/rochie-de-fete-deschisa-spate-si-stil-trena-de-lungime-medie-ls0025\\\/#primaryimage\",\"url\":\"https:\\\/\\\/bridalfashion.com\\\/wp-content\\\/uploads\\\/2021\\\/10\\\/LS0025_A1.jpg\",\"contentUrl\":\"https:\\\/\\\/bridalfashion.com\\\/wp-content\\\/uploads\\\/2021\\\/10\\\/LS0025_A1.jpg\",\"width\":1516,\"height\":2000,\"caption\":\"Rochie pentru copii LS0025 Foto - BRIDAL FASHION\"},{\"@type\":\"BreadcrumbList\",\"@id\":\"https:\\\/\\\/bridalfashion.com\\\/ro\\\/little-princess-ro\\\/rochie-de-fete-deschisa-spate-si-stil-trena-de-lungime-medie-ls0025\\\/#breadcrumb\",\"itemListElement\":[{\"@type\":\"ListItem\",\"position\":1,\"name\":\"Home\",\"item\":\"https:\\\/\\\/bridalfashion.com\\\/ro\\\/\"},{\"@type\":\"ListItem\",\"position\":2,\"name\":\"Shop\",\"item\":\"https:\\\/\\\/bridalfashion.com\\\/shop-2\\\/\"},{\"@type\":\"ListItem\",\"position\":3,\"name\":\"Rochie de fete festiv\u0103 cu o tren\u0103 de lungime medie\"}]},{\"@type\":\"WebSite\",\"@id\":\"https:\\\/\\\/bridalfashion.com\\\/ro\\\/#website\",\"url\":\"https:\\\/\\\/bridalfashion.com\\\/ro\\\/\",\"name\":\"BRIDAL FASHION \u2122 | Luxurious Wedding Dresses &amp; Fashionable Gowns for Women, Girls and Kids\",\"description\":\"Welcome the leading manufacturer and supplier of wedding dresses. We offer in wholesale a large selection of high quality wedding dress collections and accessories for your business at competitive prices. Shop our full range of bridal products today!\",\"publisher\":{\"@id\":\"https:\\\/\\\/bridalfashion.com\\\/ro\\\/#organization\"},\"potentialAction\":[{\"@type\":\"SearchAction\",\"target\":{\"@type\":\"EntryPoint\",\"urlTemplate\":\"https:\\\/\\\/bridalfashion.com\\\/ro\\\/?s={search_term_string}\"},\"query-input\":{\"@type\":\"PropertyValueSpecification\",\"valueRequired\":true,\"valueName\":\"search_term_string\"}}],\"inLanguage\":\"ro-RO\"},{\"@type\":\"Organization\",\"@id\":\"https:\\\/\\\/bridalfashion.com\\\/ro\\\/#organization\",\"name\":\"BRIDAL FASHION \u2122 | Luxurious Wedding Dresses &amp; Fashionable Gowns for Women, Girls and Kids\",\"url\":\"https:\\\/\\\/bridalfashion.com\\\/ro\\\/\",\"logo\":{\"@type\":\"ImageObject\",\"inLanguage\":\"ro-RO\",\"@id\":\"https:\\\/\\\/bridalfashion.com\\\/ro\\\/#\\\/schema\\\/logo\\\/image\\\/\",\"url\":\"https:\\\/\\\/bridalfashion.com\\\/wp-content\\\/uploads\\\/2022\\\/05\\\/cropped-BFG.png\",\"contentUrl\":\"https:\\\/\\\/bridalfashion.com\\\/wp-content\\\/uploads\\\/2022\\\/05\\\/cropped-BFG.png\",\"width\":1771,\"height\":119,\"caption\":\"BRIDAL FASHION \u2122 | Luxurious Wedding Dresses &amp; Fashionable Gowns for Women, Girls and Kids\"},\"image\":{\"@id\":\"https:\\\/\\\/bridalfashion.com\\\/ro\\\/#\\\/schema\\\/logo\\\/image\\\/\"}}]}<\/script>\n<!-- \/ Yoast SEO plugin. -->","yoast_head_json":{"title":"Rochie de fete festiv\u0103 cu o tren\u0103 de lungime medie - BRIDAL FASHION \u2122 | Luxurious Wedding Dresses &amp; Fashionable Gowns for Women, Girls and Kids","description":"Frumuse\u021bea rochiei acestei fete este incomparabil\u0103. Cu spatele deschis \u0219i fusta plin\u0103 de volum, va ar\u0103ta uimitor pe fata ta.","robots":{"index":"index","follow":"follow","max-snippet":"max-snippet:-1","max-image-preview":"max-image-preview:large","max-video-preview":"max-video-preview:-1"},"canonical":"https:\/\/bridalfashion.com\/ro\/little-princess-ro\/rochie-de-fete-deschisa-spate-si-stil-trena-de-lungime-medie-ls0025\/","og_locale":"ro_RO","og_type":"article","og_title":"Rochie de fete festiv\u0103 cu o tren\u0103 de lungime medie - BRIDAL FASHION \u2122 | Luxurious Wedding Dresses &amp; Fashionable Gowns for Women, Girls and Kids","og_description":"Frumuse\u021bea rochiei acestei fete este incomparabil\u0103. Cu spatele deschis \u0219i fusta plin\u0103 de volum, va ar\u0103ta uimitor pe fata ta.","og_url":"https:\/\/bridalfashion.com\/ro\/little-princess-ro\/rochie-de-fete-deschisa-spate-si-stil-trena-de-lungime-medie-ls0025\/","og_site_name":"BRIDAL FASHION \u2122 | Luxurious Wedding Dresses &amp; Fashionable Gowns for Women, Girls and Kids","og_image":[{"width":1516,"height":2000,"url":"https:\/\/bridalfashion.com\/wp-content\/uploads\/2021\/10\/LS0025_A1.jpg","type":"image\/jpeg"}],"twitter_card":"summary_large_image","schema":{"@context":"https:\/\/schema.org","@graph":[{"@type":"WebPage","@id":"https:\/\/bridalfashion.com\/ro\/little-princess-ro\/rochie-de-fete-deschisa-spate-si-stil-trena-de-lungime-medie-ls0025\/","url":"https:\/\/bridalfashion.com\/ro\/little-princess-ro\/rochie-de-fete-deschisa-spate-si-stil-trena-de-lungime-medie-ls0025\/","name":"Rochie de fete festiv\u0103 cu o tren\u0103 de lungime medie - BRIDAL FASHION \u2122 | Luxurious Wedding Dresses &amp; Fashionable Gowns for Women, Girls and Kids","isPartOf":{"@id":"https:\/\/bridalfashion.com\/ro\/#website"},"primaryImageOfPage":{"@id":"https:\/\/bridalfashion.com\/ro\/little-princess-ro\/rochie-de-fete-deschisa-spate-si-stil-trena-de-lungime-medie-ls0025\/#primaryimage"},"image":{"@id":"https:\/\/bridalfashion.com\/ro\/little-princess-ro\/rochie-de-fete-deschisa-spate-si-stil-trena-de-lungime-medie-ls0025\/#primaryimage"},"thumbnailUrl":"https:\/\/bridalfashion.com\/wp-content\/uploads\/2021\/10\/LS0025_A1.jpg","datePublished":"2022-10-20T10:56:49+00:00","description":"Frumuse\u021bea rochiei acestei fete este incomparabil\u0103. Cu spatele deschis \u0219i fusta plin\u0103 de volum, va ar\u0103ta uimitor pe fata ta.","breadcrumb":{"@id":"https:\/\/bridalfashion.com\/ro\/little-princess-ro\/rochie-de-fete-deschisa-spate-si-stil-trena-de-lungime-medie-ls0025\/#breadcrumb"},"inLanguage":"ro-RO","potentialAction":[{"@type":"ReadAction","target":["https:\/\/bridalfashion.com\/ro\/little-princess-ro\/rochie-de-fete-deschisa-spate-si-stil-trena-de-lungime-medie-ls0025\/"]}]},{"@type":"ImageObject","inLanguage":"ro-RO","@id":"https:\/\/bridalfashion.com\/ro\/little-princess-ro\/rochie-de-fete-deschisa-spate-si-stil-trena-de-lungime-medie-ls0025\/#primaryimage","url":"https:\/\/bridalfashion.com\/wp-content\/uploads\/2021\/10\/LS0025_A1.jpg","contentUrl":"https:\/\/bridalfashion.com\/wp-content\/uploads\/2021\/10\/LS0025_A1.jpg","width":1516,"height":2000,"caption":"Rochie pentru copii LS0025 Foto - BRIDAL FASHION"},{"@type":"BreadcrumbList","@id":"https:\/\/bridalfashion.com\/ro\/little-princess-ro\/rochie-de-fete-deschisa-spate-si-stil-trena-de-lungime-medie-ls0025\/#breadcrumb","itemListElement":[{"@type":"ListItem","position":1,"name":"Home","item":"https:\/\/bridalfashion.com\/ro\/"},{"@type":"ListItem","position":2,"name":"Shop","item":"https:\/\/bridalfashion.com\/shop-2\/"},{"@type":"ListItem","position":3,"name":"Rochie de fete festiv\u0103 cu o tren\u0103 de lungime medie"}]},{"@type":"WebSite","@id":"https:\/\/bridalfashion.com\/ro\/#website","url":"https:\/\/bridalfashion.com\/ro\/","name":"BRIDAL FASHION \u2122 | Luxurious Wedding Dresses &amp; Fashionable Gowns for Women, Girls and Kids","description":"Welcome the leading manufacturer and supplier of wedding dresses. We offer in wholesale a large selection of high quality wedding dress collections and accessories for your business at competitive prices. Shop our full range of bridal products today!","publisher":{"@id":"https:\/\/bridalfashion.com\/ro\/#organization"},"potentialAction":[{"@type":"SearchAction","target":{"@type":"EntryPoint","urlTemplate":"https:\/\/bridalfashion.com\/ro\/?s={search_term_string}"},"query-input":{"@type":"PropertyValueSpecification","valueRequired":true,"valueName":"search_term_string"}}],"inLanguage":"ro-RO"},{"@type":"Organization","@id":"https:\/\/bridalfashion.com\/ro\/#organization","name":"BRIDAL FASHION \u2122 | Luxurious Wedding Dresses &amp; Fashionable Gowns for Women, Girls and Kids","url":"https:\/\/bridalfashion.com\/ro\/","logo":{"@type":"ImageObject","inLanguage":"ro-RO","@id":"https:\/\/bridalfashion.com\/ro\/#\/schema\/logo\/image\/","url":"https:\/\/bridalfashion.com\/wp-content\/uploads\/2022\/05\/cropped-BFG.png","contentUrl":"https:\/\/bridalfashion.com\/wp-content\/uploads\/2022\/05\/cropped-BFG.png","width":1771,"height":119,"caption":"BRIDAL FASHION \u2122 | Luxurious Wedding Dresses &amp; Fashionable Gowns for Women, Girls and Kids"},"image":{"@id":"https:\/\/bridalfashion.com\/ro\/#\/schema\/logo\/image\/"}}]}},"_links":{"self":[{"href":"https:\/\/bridalfashion.com\/ro\/wp-json\/wp\/v2\/product\/12050","targetHints":{"allow":["GET"]}}],"collection":[{"href":"https:\/\/bridalfashion.com\/ro\/wp-json\/wp\/v2\/product"}],"about":[{"href":"https:\/\/bridalfashion.com\/ro\/wp-json\/wp\/v2\/types\/product"}],"replies":[{"embeddable":true,"href":"https:\/\/bridalfashion.com\/ro\/wp-json\/wp\/v2\/comments?post=12050"}],"wp:featuredmedia":[{"embeddable":true,"href":"https:\/\/bridalfashion.com\/ro\/wp-json\/wp\/v2\/media\/7374"}],"wp:attachment":[{"href":"https:\/\/bridalfashion.com\/ro\/wp-json\/wp\/v2\/media?parent=12050"}],"wp:term":[{"taxonomy":"product_brand","embeddable":true,"href":"https:\/\/bridalfashion.com\/ro\/wp-json\/wp\/v2\/product_brand?post=12050"},{"taxonomy":"product_cat","embeddable":true,"href":"https:\/\/bridalfashion.com\/ro\/wp-json\/wp\/v2\/product_cat?post=12050"},{"taxonomy":"product_tag","embeddable":true,"href":"https:\/\/bridalfashion.com\/ro\/wp-json\/wp\/v2\/product_tag?post=12050"}],"curies":[{"name":"wp","href":"https:\/\/api.w.org\/{rel}","templated":true}]}}