{"id":12041,"date":"2021-10-06T13:20:26","date_gmt":"2022-10-20T09:12:47","guid":{"rendered":"https:\/\/bridalfashion.com\/fara-categorie\/rochie-de-fete-a-line-cu-spatele-in-v-si-o-fundita\/"},"modified":"2022-10-20T11:12:47","modified_gmt":"2022-10-20T09:12:47","slug":"rochie-line-fete-deschis-v-spate-i-stil-func-ls0021","status":"publish","type":"product","link":"https:\/\/bridalfashion.com\/ro\/little-princess-ro\/rochie-line-fete-deschis-v-spate-i-stil-func-ls0021\/","title":{"rendered":"Rochie de fete A-Line cu spatele \u00een V \u0219i o fundi\u021b\u0103"},"content":{"rendered":"<p>Fusta cu silueta A-line \u0219i fundi\u021ba mare festiv\u0103 care se afl\u0103 la temelia acestei rochii reprezint\u0103 o alegere clasic\u0103 pentru o s\u0103rb\u0103toare exclusiv\u0103. Decolteul scoop \u0219i spatele deschis, care amintesc de prin\u021besa de basm preferat\u0103 a fetei tale, nu vor trece neobservate de mica frumuse\u021be. Aceast\u0103 rochie f\u0103r\u0103 m\u00e2neci cu un trenaj mediu este o alegere ideal\u0103 pentru o flower girl sau o fat\u0103 care \u00ee\u0219i s\u0103rb\u0103tore\u0219te ziua de na\u0219tere. \u00cen plus, designul clasic este potrivit pentru orice eveniment de familie. Pe partea din spate, aceast\u0103 \u021binut\u0103 este perfec\u021bionat\u0103 cu o cheotoare.<\/p>\n","protected":false},"excerpt":{"rendered":"<h4>Style: LS0021<\/h4>\n","protected":false},"featured_media":7335,"comment_status":"open","ping_status":"closed","template":"","meta":[],"product_brand":[],"product_cat":[959],"product_tag":[],"class_list":{"0":"post-12041","1":"product","2":"type-product","3":"status-publish","4":"has-post-thumbnail","6":"product_cat-little-princess-ro","8":"first","9":"instock","10":"taxable","11":"shipping-taxable","12":"product-type-simple"},"yoast_head":"<!-- This site is optimized with the Yoast SEO plugin v27.4 - https:\/\/yoast.com\/product\/yoast-seo-wordpress\/ -->\n<title>Rochie de fete A-Line cu spatele \u00een V \u0219i o fundi\u021b\u0103 - BRIDAL FASHION \u2122 | Luxurious Wedding Dresses &amp; Fashionable Gowns for Women, Girls and Kids<\/title>\n<meta name=\"description\" content=\"Aceast\u0103 rochie de fete, cu o siluet\u0103 \u00een linie A \u0219i cu spatele deschis, are un g\u00e2t scoop \u0219i o fust\u0103 cu volane. Este o \u021binuta perfect\u0103 de flower girl pentru o sarbatoare de nunt\u0103.\" \/>\n<meta name=\"robots\" content=\"index, follow, max-snippet:-1, max-image-preview:large, max-video-preview:-1\" \/>\n<link rel=\"canonical\" href=\"https:\/\/bridalfashion.com\/ro\/little-princess-ro\/rochie-line-fete-deschis-v-spate-i-stil-func-ls0021\/\" \/>\n<meta property=\"og:locale\" content=\"ro_RO\" \/>\n<meta property=\"og:type\" content=\"article\" \/>\n<meta property=\"og:title\" content=\"Rochie de fete A-Line cu spatele \u00een V \u0219i o fundi\u021b\u0103 - BRIDAL FASHION \u2122 | Luxurious Wedding Dresses &amp; Fashionable Gowns for Women, Girls and Kids\" \/>\n<meta property=\"og:description\" content=\"Aceast\u0103 rochie de fete, cu o siluet\u0103 \u00een linie A \u0219i cu spatele deschis, are un g\u00e2t scoop \u0219i o fust\u0103 cu volane. Este o \u021binuta perfect\u0103 de flower girl pentru o sarbatoare de nunt\u0103.\" \/>\n<meta property=\"og:url\" content=\"https:\/\/bridalfashion.com\/ro\/little-princess-ro\/rochie-line-fete-deschis-v-spate-i-stil-func-ls0021\/\" \/>\n<meta property=\"og:site_name\" content=\"BRIDAL FASHION \u2122 | Luxurious Wedding Dresses &amp; Fashionable Gowns for Women, Girls and Kids\" \/>\n<meta property=\"og:image\" content=\"https:\/\/bridalfashion.com\/wp-content\/uploads\/2021\/10\/LS0021_A.jpg\" \/>\n\t<meta property=\"og:image:width\" content=\"1516\" \/>\n\t<meta property=\"og:image:height\" content=\"2000\" \/>\n\t<meta property=\"og:image:type\" content=\"image\/jpeg\" \/>\n<meta name=\"twitter:card\" content=\"summary_large_image\" \/>\n<meta name=\"twitter:label1\" content=\"Timp estimat pentru citire\" \/>\n\t<meta name=\"twitter:data1\" content=\"1 minut\" \/>\n<script type=\"application\/ld+json\" class=\"yoast-schema-graph\">{\"@context\":\"https:\\\/\\\/schema.org\",\"@graph\":[{\"@type\":\"WebPage\",\"@id\":\"https:\\\/\\\/bridalfashion.com\\\/ro\\\/little-princess-ro\\\/rochie-line-fete-deschis-v-spate-i-stil-func-ls0021\\\/\",\"url\":\"https:\\\/\\\/bridalfashion.com\\\/ro\\\/little-princess-ro\\\/rochie-line-fete-deschis-v-spate-i-stil-func-ls0021\\\/\",\"name\":\"Rochie de fete A-Line cu spatele \u00een V \u0219i o fundi\u021b\u0103 - BRIDAL FASHION \u2122 | Luxurious Wedding Dresses &amp; Fashionable Gowns for Women, Girls and Kids\",\"isPartOf\":{\"@id\":\"https:\\\/\\\/bridalfashion.com\\\/ro\\\/#website\"},\"primaryImageOfPage\":{\"@id\":\"https:\\\/\\\/bridalfashion.com\\\/ro\\\/little-princess-ro\\\/rochie-line-fete-deschis-v-spate-i-stil-func-ls0021\\\/#primaryimage\"},\"image\":{\"@id\":\"https:\\\/\\\/bridalfashion.com\\\/ro\\\/little-princess-ro\\\/rochie-line-fete-deschis-v-spate-i-stil-func-ls0021\\\/#primaryimage\"},\"thumbnailUrl\":\"https:\\\/\\\/bridalfashion.com\\\/wp-content\\\/uploads\\\/2021\\\/10\\\/LS0021_A.jpg\",\"datePublished\":\"2022-10-20T09:12:47+00:00\",\"description\":\"Aceast\u0103 rochie de fete, cu o siluet\u0103 \u00een linie A \u0219i cu spatele deschis, are un g\u00e2t scoop \u0219i o fust\u0103 cu volane. Este o \u021binuta perfect\u0103 de flower girl pentru o sarbatoare de nunt\u0103.\",\"breadcrumb\":{\"@id\":\"https:\\\/\\\/bridalfashion.com\\\/ro\\\/little-princess-ro\\\/rochie-line-fete-deschis-v-spate-i-stil-func-ls0021\\\/#breadcrumb\"},\"inLanguage\":\"ro-RO\",\"potentialAction\":[{\"@type\":\"ReadAction\",\"target\":[\"https:\\\/\\\/bridalfashion.com\\\/ro\\\/little-princess-ro\\\/rochie-line-fete-deschis-v-spate-i-stil-func-ls0021\\\/\"]}]},{\"@type\":\"ImageObject\",\"inLanguage\":\"ro-RO\",\"@id\":\"https:\\\/\\\/bridalfashion.com\\\/ro\\\/little-princess-ro\\\/rochie-line-fete-deschis-v-spate-i-stil-func-ls0021\\\/#primaryimage\",\"url\":\"https:\\\/\\\/bridalfashion.com\\\/wp-content\\\/uploads\\\/2021\\\/10\\\/LS0021_A.jpg\",\"contentUrl\":\"https:\\\/\\\/bridalfashion.com\\\/wp-content\\\/uploads\\\/2021\\\/10\\\/LS0021_A.jpg\",\"width\":1516,\"height\":2000,\"caption\":\"Rochie pentru copii LS0021 Foto - BRIDAL FASHION\"},{\"@type\":\"BreadcrumbList\",\"@id\":\"https:\\\/\\\/bridalfashion.com\\\/ro\\\/little-princess-ro\\\/rochie-line-fete-deschis-v-spate-i-stil-func-ls0021\\\/#breadcrumb\",\"itemListElement\":[{\"@type\":\"ListItem\",\"position\":1,\"name\":\"Home\",\"item\":\"https:\\\/\\\/bridalfashion.com\\\/ro\\\/\"},{\"@type\":\"ListItem\",\"position\":2,\"name\":\"Shop\",\"item\":\"https:\\\/\\\/bridalfashion.com\\\/shop-2\\\/\"},{\"@type\":\"ListItem\",\"position\":3,\"name\":\"Rochie de fete A-Line cu spatele \u00een V \u0219i o fundi\u021b\u0103\"}]},{\"@type\":\"WebSite\",\"@id\":\"https:\\\/\\\/bridalfashion.com\\\/ro\\\/#website\",\"url\":\"https:\\\/\\\/bridalfashion.com\\\/ro\\\/\",\"name\":\"BRIDAL FASHION \u2122 | Luxurious Wedding Dresses &amp; Fashionable Gowns for Women, Girls and Kids\",\"description\":\"Welcome the leading manufacturer and supplier of wedding dresses. We offer in wholesale a large selection of high quality wedding dress collections and accessories for your business at competitive prices. Shop our full range of bridal products today!\",\"publisher\":{\"@id\":\"https:\\\/\\\/bridalfashion.com\\\/ro\\\/#organization\"},\"potentialAction\":[{\"@type\":\"SearchAction\",\"target\":{\"@type\":\"EntryPoint\",\"urlTemplate\":\"https:\\\/\\\/bridalfashion.com\\\/ro\\\/?s={search_term_string}\"},\"query-input\":{\"@type\":\"PropertyValueSpecification\",\"valueRequired\":true,\"valueName\":\"search_term_string\"}}],\"inLanguage\":\"ro-RO\"},{\"@type\":\"Organization\",\"@id\":\"https:\\\/\\\/bridalfashion.com\\\/ro\\\/#organization\",\"name\":\"BRIDAL FASHION \u2122 | Luxurious Wedding Dresses &amp; Fashionable Gowns for Women, Girls and Kids\",\"url\":\"https:\\\/\\\/bridalfashion.com\\\/ro\\\/\",\"logo\":{\"@type\":\"ImageObject\",\"inLanguage\":\"ro-RO\",\"@id\":\"https:\\\/\\\/bridalfashion.com\\\/ro\\\/#\\\/schema\\\/logo\\\/image\\\/\",\"url\":\"https:\\\/\\\/bridalfashion.com\\\/wp-content\\\/uploads\\\/2022\\\/05\\\/cropped-BFG.png\",\"contentUrl\":\"https:\\\/\\\/bridalfashion.com\\\/wp-content\\\/uploads\\\/2022\\\/05\\\/cropped-BFG.png\",\"width\":1771,\"height\":119,\"caption\":\"BRIDAL FASHION \u2122 | Luxurious Wedding Dresses &amp; Fashionable Gowns for Women, Girls and Kids\"},\"image\":{\"@id\":\"https:\\\/\\\/bridalfashion.com\\\/ro\\\/#\\\/schema\\\/logo\\\/image\\\/\"}}]}<\/script>\n<!-- \/ Yoast SEO plugin. -->","yoast_head_json":{"title":"Rochie de fete A-Line cu spatele \u00een V \u0219i o fundi\u021b\u0103 - BRIDAL FASHION \u2122 | Luxurious Wedding Dresses &amp; Fashionable Gowns for Women, Girls and Kids","description":"Aceast\u0103 rochie de fete, cu o siluet\u0103 \u00een linie A \u0219i cu spatele deschis, are un g\u00e2t scoop \u0219i o fust\u0103 cu volane. Este o \u021binuta perfect\u0103 de flower girl pentru o sarbatoare de nunt\u0103.","robots":{"index":"index","follow":"follow","max-snippet":"max-snippet:-1","max-image-preview":"max-image-preview:large","max-video-preview":"max-video-preview:-1"},"canonical":"https:\/\/bridalfashion.com\/ro\/little-princess-ro\/rochie-line-fete-deschis-v-spate-i-stil-func-ls0021\/","og_locale":"ro_RO","og_type":"article","og_title":"Rochie de fete A-Line cu spatele \u00een V \u0219i o fundi\u021b\u0103 - BRIDAL FASHION \u2122 | Luxurious Wedding Dresses &amp; Fashionable Gowns for Women, Girls and Kids","og_description":"Aceast\u0103 rochie de fete, cu o siluet\u0103 \u00een linie A \u0219i cu spatele deschis, are un g\u00e2t scoop \u0219i o fust\u0103 cu volane. Este o \u021binuta perfect\u0103 de flower girl pentru o sarbatoare de nunt\u0103.","og_url":"https:\/\/bridalfashion.com\/ro\/little-princess-ro\/rochie-line-fete-deschis-v-spate-i-stil-func-ls0021\/","og_site_name":"BRIDAL FASHION \u2122 | Luxurious Wedding Dresses &amp; Fashionable Gowns for Women, Girls and Kids","og_image":[{"width":1516,"height":2000,"url":"https:\/\/bridalfashion.com\/wp-content\/uploads\/2021\/10\/LS0021_A.jpg","type":"image\/jpeg"}],"twitter_card":"summary_large_image","twitter_misc":{"Timp estimat pentru citire":"1 minut"},"schema":{"@context":"https:\/\/schema.org","@graph":[{"@type":"WebPage","@id":"https:\/\/bridalfashion.com\/ro\/little-princess-ro\/rochie-line-fete-deschis-v-spate-i-stil-func-ls0021\/","url":"https:\/\/bridalfashion.com\/ro\/little-princess-ro\/rochie-line-fete-deschis-v-spate-i-stil-func-ls0021\/","name":"Rochie de fete A-Line cu spatele \u00een V \u0219i o fundi\u021b\u0103 - BRIDAL FASHION \u2122 | Luxurious Wedding Dresses &amp; Fashionable Gowns for Women, Girls and Kids","isPartOf":{"@id":"https:\/\/bridalfashion.com\/ro\/#website"},"primaryImageOfPage":{"@id":"https:\/\/bridalfashion.com\/ro\/little-princess-ro\/rochie-line-fete-deschis-v-spate-i-stil-func-ls0021\/#primaryimage"},"image":{"@id":"https:\/\/bridalfashion.com\/ro\/little-princess-ro\/rochie-line-fete-deschis-v-spate-i-stil-func-ls0021\/#primaryimage"},"thumbnailUrl":"https:\/\/bridalfashion.com\/wp-content\/uploads\/2021\/10\/LS0021_A.jpg","datePublished":"2022-10-20T09:12:47+00:00","description":"Aceast\u0103 rochie de fete, cu o siluet\u0103 \u00een linie A \u0219i cu spatele deschis, are un g\u00e2t scoop \u0219i o fust\u0103 cu volane. Este o \u021binuta perfect\u0103 de flower girl pentru o sarbatoare de nunt\u0103.","breadcrumb":{"@id":"https:\/\/bridalfashion.com\/ro\/little-princess-ro\/rochie-line-fete-deschis-v-spate-i-stil-func-ls0021\/#breadcrumb"},"inLanguage":"ro-RO","potentialAction":[{"@type":"ReadAction","target":["https:\/\/bridalfashion.com\/ro\/little-princess-ro\/rochie-line-fete-deschis-v-spate-i-stil-func-ls0021\/"]}]},{"@type":"ImageObject","inLanguage":"ro-RO","@id":"https:\/\/bridalfashion.com\/ro\/little-princess-ro\/rochie-line-fete-deschis-v-spate-i-stil-func-ls0021\/#primaryimage","url":"https:\/\/bridalfashion.com\/wp-content\/uploads\/2021\/10\/LS0021_A.jpg","contentUrl":"https:\/\/bridalfashion.com\/wp-content\/uploads\/2021\/10\/LS0021_A.jpg","width":1516,"height":2000,"caption":"Rochie pentru copii LS0021 Foto - BRIDAL FASHION"},{"@type":"BreadcrumbList","@id":"https:\/\/bridalfashion.com\/ro\/little-princess-ro\/rochie-line-fete-deschis-v-spate-i-stil-func-ls0021\/#breadcrumb","itemListElement":[{"@type":"ListItem","position":1,"name":"Home","item":"https:\/\/bridalfashion.com\/ro\/"},{"@type":"ListItem","position":2,"name":"Shop","item":"https:\/\/bridalfashion.com\/shop-2\/"},{"@type":"ListItem","position":3,"name":"Rochie de fete A-Line cu spatele \u00een V \u0219i o fundi\u021b\u0103"}]},{"@type":"WebSite","@id":"https:\/\/bridalfashion.com\/ro\/#website","url":"https:\/\/bridalfashion.com\/ro\/","name":"BRIDAL FASHION \u2122 | Luxurious Wedding Dresses &amp; Fashionable Gowns for Women, Girls and Kids","description":"Welcome the leading manufacturer and supplier of wedding dresses. We offer in wholesale a large selection of high quality wedding dress collections and accessories for your business at competitive prices. Shop our full range of bridal products today!","publisher":{"@id":"https:\/\/bridalfashion.com\/ro\/#organization"},"potentialAction":[{"@type":"SearchAction","target":{"@type":"EntryPoint","urlTemplate":"https:\/\/bridalfashion.com\/ro\/?s={search_term_string}"},"query-input":{"@type":"PropertyValueSpecification","valueRequired":true,"valueName":"search_term_string"}}],"inLanguage":"ro-RO"},{"@type":"Organization","@id":"https:\/\/bridalfashion.com\/ro\/#organization","name":"BRIDAL FASHION \u2122 | Luxurious Wedding Dresses &amp; Fashionable Gowns for Women, Girls and Kids","url":"https:\/\/bridalfashion.com\/ro\/","logo":{"@type":"ImageObject","inLanguage":"ro-RO","@id":"https:\/\/bridalfashion.com\/ro\/#\/schema\/logo\/image\/","url":"https:\/\/bridalfashion.com\/wp-content\/uploads\/2022\/05\/cropped-BFG.png","contentUrl":"https:\/\/bridalfashion.com\/wp-content\/uploads\/2022\/05\/cropped-BFG.png","width":1771,"height":119,"caption":"BRIDAL FASHION \u2122 | Luxurious Wedding Dresses &amp; Fashionable Gowns for Women, Girls and Kids"},"image":{"@id":"https:\/\/bridalfashion.com\/ro\/#\/schema\/logo\/image\/"}}]}},"_links":{"self":[{"href":"https:\/\/bridalfashion.com\/ro\/wp-json\/wp\/v2\/product\/12041","targetHints":{"allow":["GET"]}}],"collection":[{"href":"https:\/\/bridalfashion.com\/ro\/wp-json\/wp\/v2\/product"}],"about":[{"href":"https:\/\/bridalfashion.com\/ro\/wp-json\/wp\/v2\/types\/product"}],"replies":[{"embeddable":true,"href":"https:\/\/bridalfashion.com\/ro\/wp-json\/wp\/v2\/comments?post=12041"}],"wp:featuredmedia":[{"embeddable":true,"href":"https:\/\/bridalfashion.com\/ro\/wp-json\/wp\/v2\/media\/7335"}],"wp:attachment":[{"href":"https:\/\/bridalfashion.com\/ro\/wp-json\/wp\/v2\/media?parent=12041"}],"wp:term":[{"taxonomy":"product_brand","embeddable":true,"href":"https:\/\/bridalfashion.com\/ro\/wp-json\/wp\/v2\/product_brand?post=12041"},{"taxonomy":"product_cat","embeddable":true,"href":"https:\/\/bridalfashion.com\/ro\/wp-json\/wp\/v2\/product_cat?post=12041"},{"taxonomy":"product_tag","embeddable":true,"href":"https:\/\/bridalfashion.com\/ro\/wp-json\/wp\/v2\/product_tag?post=12041"}],"curies":[{"name":"wp","href":"https:\/\/api.w.org\/{rel}","templated":true}]}}