{"id":12029,"date":"2021-10-06T13:04:24","date_gmt":"2022-10-20T07:38:26","guid":{"rendered":"https:\/\/bridalfashion.com\/fara-categorie\/rochie-de-fete-de-culoare-alba-cu-maneci-voluminoase-si-tundere\/"},"modified":"2022-10-20T09:38:26","modified_gmt":"2022-10-20T07:38:26","slug":"rochie-de-fete-alb-zapada-maneci-volume-si-stil-de-tuns-ls0017","status":"publish","type":"product","link":"https:\/\/bridalfashion.com\/ro\/little-princess-ro\/rochie-de-fete-alb-zapada-maneci-volume-si-stil-de-tuns-ls0017\/","title":{"rendered":"Rochie de fete de culoare alb\u0103 cu m\u00e2neci voluminoase \u0219i tundere"},"content":{"rendered":"<p>Designul acestei rochii de cus\u0103tur\u0103 liber\u0103 de o culoare alb\u0103 pur\u0103 va accentua cele mai bune caracteristici ale fetei tale. Decolteul \u00een form\u0103 scoop este \u00eempodobit cu perle, pietre pre\u021bioase \u0219i nasturi pe spate. Fusta este confec\u021bionat\u0103 din cea mai fin\u0103 dantel\u0103 \u0219i este decupat\u0103 \u00een partea de jos. O aten\u021bie deosebit\u0103 trebuie s\u0103 fie acordat\u0103 m\u00e2necilor &#8211; sunt moi, aerate \u0219i voluminoase. Aceast\u0103 rochie a fost destinat\u0103 s\u0103 fie purtat\u0103 de o adev\u0103rat\u0103 prin\u021bes\u0103.<\/p>\n","protected":false},"excerpt":{"rendered":"<h4>Style: LS0017<\/h4>\n","protected":false},"featured_media":7272,"comment_status":"open","ping_status":"closed","template":"","meta":[],"product_brand":[],"product_cat":[959],"product_tag":[],"class_list":{"0":"post-12029","1":"product","2":"type-product","3":"status-publish","4":"has-post-thumbnail","6":"product_cat-little-princess-ro","8":"first","9":"instock","10":"taxable","11":"shipping-taxable","12":"product-type-simple"},"yoast_head":"<!-- This site is optimized with the Yoast SEO plugin v27.5 - https:\/\/yoast.com\/product\/yoast-seo-wordpress\/ -->\n<title>Rochie de fete de culoare alb\u0103 cu m\u00e2neci voluminoase \u0219i tundere - BRIDAL FASHION \u2122 | Luxurious Wedding Dresses &amp; Fashionable Gowns for Women, Girls and Kids<\/title>\n<meta name=\"description\" content=\"Las\u0103-\u021bi fat\u0103 s\u0103 arate ca o adev\u0103rat\u0103 regin\u0103 \u00een aceast\u0103 rochie alb\u0103 pur\u0103, cu tundere din dantel\u0103. Podoabele de cristal servesc ca un plus perfect pentru aspectul general.\" \/>\n<meta name=\"robots\" content=\"index, follow, max-snippet:-1, max-image-preview:large, max-video-preview:-1\" \/>\n<link rel=\"canonical\" href=\"https:\/\/bridalfashion.com\/ro\/little-princess-ro\/rochie-de-fete-alb-zapada-maneci-volume-si-stil-de-tuns-ls0017\/\" \/>\n<meta property=\"og:locale\" content=\"ro_RO\" \/>\n<meta property=\"og:type\" content=\"article\" \/>\n<meta property=\"og:title\" content=\"Rochie de fete de culoare alb\u0103 cu m\u00e2neci voluminoase \u0219i tundere - BRIDAL FASHION \u2122 | Luxurious Wedding Dresses &amp; Fashionable Gowns for Women, Girls and Kids\" \/>\n<meta property=\"og:description\" content=\"Las\u0103-\u021bi fat\u0103 s\u0103 arate ca o adev\u0103rat\u0103 regin\u0103 \u00een aceast\u0103 rochie alb\u0103 pur\u0103, cu tundere din dantel\u0103. Podoabele de cristal servesc ca un plus perfect pentru aspectul general.\" \/>\n<meta property=\"og:url\" content=\"https:\/\/bridalfashion.com\/ro\/little-princess-ro\/rochie-de-fete-alb-zapada-maneci-volume-si-stil-de-tuns-ls0017\/\" \/>\n<meta property=\"og:site_name\" content=\"BRIDAL FASHION \u2122 | Luxurious Wedding Dresses &amp; Fashionable Gowns for Women, Girls and Kids\" \/>\n<meta property=\"og:image\" content=\"https:\/\/bridalfashion.com\/wp-content\/uploads\/2021\/10\/LS0017_A.jpg\" \/>\n\t<meta property=\"og:image:width\" content=\"1516\" \/>\n\t<meta property=\"og:image:height\" content=\"2000\" \/>\n\t<meta property=\"og:image:type\" content=\"image\/jpeg\" \/>\n<meta name=\"twitter:card\" content=\"summary_large_image\" \/>\n<script type=\"application\/ld+json\" class=\"yoast-schema-graph\">{\"@context\":\"https:\\\/\\\/schema.org\",\"@graph\":[{\"@type\":\"WebPage\",\"@id\":\"https:\\\/\\\/bridalfashion.com\\\/ro\\\/little-princess-ro\\\/rochie-de-fete-alb-zapada-maneci-volume-si-stil-de-tuns-ls0017\\\/\",\"url\":\"https:\\\/\\\/bridalfashion.com\\\/ro\\\/little-princess-ro\\\/rochie-de-fete-alb-zapada-maneci-volume-si-stil-de-tuns-ls0017\\\/\",\"name\":\"Rochie de fete de culoare alb\u0103 cu m\u00e2neci voluminoase \u0219i tundere - BRIDAL FASHION \u2122 | Luxurious Wedding Dresses &amp; Fashionable Gowns for Women, Girls and Kids\",\"isPartOf\":{\"@id\":\"https:\\\/\\\/bridalfashion.com\\\/ro\\\/#website\"},\"primaryImageOfPage\":{\"@id\":\"https:\\\/\\\/bridalfashion.com\\\/ro\\\/little-princess-ro\\\/rochie-de-fete-alb-zapada-maneci-volume-si-stil-de-tuns-ls0017\\\/#primaryimage\"},\"image\":{\"@id\":\"https:\\\/\\\/bridalfashion.com\\\/ro\\\/little-princess-ro\\\/rochie-de-fete-alb-zapada-maneci-volume-si-stil-de-tuns-ls0017\\\/#primaryimage\"},\"thumbnailUrl\":\"https:\\\/\\\/bridalfashion.com\\\/wp-content\\\/uploads\\\/2021\\\/10\\\/LS0017_A.jpg\",\"datePublished\":\"2022-10-20T07:38:26+00:00\",\"description\":\"Las\u0103-\u021bi fat\u0103 s\u0103 arate ca o adev\u0103rat\u0103 regin\u0103 \u00een aceast\u0103 rochie alb\u0103 pur\u0103, cu tundere din dantel\u0103. Podoabele de cristal servesc ca un plus perfect pentru aspectul general.\",\"breadcrumb\":{\"@id\":\"https:\\\/\\\/bridalfashion.com\\\/ro\\\/little-princess-ro\\\/rochie-de-fete-alb-zapada-maneci-volume-si-stil-de-tuns-ls0017\\\/#breadcrumb\"},\"inLanguage\":\"ro-RO\",\"potentialAction\":[{\"@type\":\"ReadAction\",\"target\":[\"https:\\\/\\\/bridalfashion.com\\\/ro\\\/little-princess-ro\\\/rochie-de-fete-alb-zapada-maneci-volume-si-stil-de-tuns-ls0017\\\/\"]}]},{\"@type\":\"ImageObject\",\"inLanguage\":\"ro-RO\",\"@id\":\"https:\\\/\\\/bridalfashion.com\\\/ro\\\/little-princess-ro\\\/rochie-de-fete-alb-zapada-maneci-volume-si-stil-de-tuns-ls0017\\\/#primaryimage\",\"url\":\"https:\\\/\\\/bridalfashion.com\\\/wp-content\\\/uploads\\\/2021\\\/10\\\/LS0017_A.jpg\",\"contentUrl\":\"https:\\\/\\\/bridalfashion.com\\\/wp-content\\\/uploads\\\/2021\\\/10\\\/LS0017_A.jpg\",\"width\":1516,\"height\":2000,\"caption\":\"Rochie pentru copii LS0017 Foto - BRIDAL FASHION\"},{\"@type\":\"BreadcrumbList\",\"@id\":\"https:\\\/\\\/bridalfashion.com\\\/ro\\\/little-princess-ro\\\/rochie-de-fete-alb-zapada-maneci-volume-si-stil-de-tuns-ls0017\\\/#breadcrumb\",\"itemListElement\":[{\"@type\":\"ListItem\",\"position\":1,\"name\":\"Home\",\"item\":\"https:\\\/\\\/bridalfashion.com\\\/ro\\\/\"},{\"@type\":\"ListItem\",\"position\":2,\"name\":\"Shop\",\"item\":\"https:\\\/\\\/bridalfashion.com\\\/shop-2\\\/\"},{\"@type\":\"ListItem\",\"position\":3,\"name\":\"Rochie de fete de culoare alb\u0103 cu m\u00e2neci voluminoase \u0219i tundere\"}]},{\"@type\":\"WebSite\",\"@id\":\"https:\\\/\\\/bridalfashion.com\\\/ro\\\/#website\",\"url\":\"https:\\\/\\\/bridalfashion.com\\\/ro\\\/\",\"name\":\"BRIDAL FASHION \u2122 | Luxurious Wedding Dresses &amp; Fashionable Gowns for Women, Girls and Kids\",\"description\":\"Welcome the leading manufacturer and supplier of wedding dresses. We offer in wholesale a large selection of high quality wedding dress collections and accessories for your business at competitive prices. Shop our full range of bridal products today!\",\"publisher\":{\"@id\":\"https:\\\/\\\/bridalfashion.com\\\/ro\\\/#organization\"},\"potentialAction\":[{\"@type\":\"SearchAction\",\"target\":{\"@type\":\"EntryPoint\",\"urlTemplate\":\"https:\\\/\\\/bridalfashion.com\\\/ro\\\/?s={search_term_string}\"},\"query-input\":{\"@type\":\"PropertyValueSpecification\",\"valueRequired\":true,\"valueName\":\"search_term_string\"}}],\"inLanguage\":\"ro-RO\"},{\"@type\":\"Organization\",\"@id\":\"https:\\\/\\\/bridalfashion.com\\\/ro\\\/#organization\",\"name\":\"BRIDAL FASHION \u2122 | Luxurious Wedding Dresses &amp; Fashionable Gowns for Women, Girls and Kids\",\"url\":\"https:\\\/\\\/bridalfashion.com\\\/ro\\\/\",\"logo\":{\"@type\":\"ImageObject\",\"inLanguage\":\"ro-RO\",\"@id\":\"https:\\\/\\\/bridalfashion.com\\\/ro\\\/#\\\/schema\\\/logo\\\/image\\\/\",\"url\":\"https:\\\/\\\/bridalfashion.com\\\/wp-content\\\/uploads\\\/2022\\\/05\\\/cropped-BFG.png\",\"contentUrl\":\"https:\\\/\\\/bridalfashion.com\\\/wp-content\\\/uploads\\\/2022\\\/05\\\/cropped-BFG.png\",\"width\":1771,\"height\":119,\"caption\":\"BRIDAL FASHION \u2122 | Luxurious Wedding Dresses &amp; Fashionable Gowns for Women, Girls and Kids\"},\"image\":{\"@id\":\"https:\\\/\\\/bridalfashion.com\\\/ro\\\/#\\\/schema\\\/logo\\\/image\\\/\"}}]}<\/script>\n<!-- \/ Yoast SEO plugin. -->","yoast_head_json":{"title":"Rochie de fete de culoare alb\u0103 cu m\u00e2neci voluminoase \u0219i tundere - BRIDAL FASHION \u2122 | Luxurious Wedding Dresses &amp; Fashionable Gowns for Women, Girls and Kids","description":"Las\u0103-\u021bi fat\u0103 s\u0103 arate ca o adev\u0103rat\u0103 regin\u0103 \u00een aceast\u0103 rochie alb\u0103 pur\u0103, cu tundere din dantel\u0103. Podoabele de cristal servesc ca un plus perfect pentru aspectul general.","robots":{"index":"index","follow":"follow","max-snippet":"max-snippet:-1","max-image-preview":"max-image-preview:large","max-video-preview":"max-video-preview:-1"},"canonical":"https:\/\/bridalfashion.com\/ro\/little-princess-ro\/rochie-de-fete-alb-zapada-maneci-volume-si-stil-de-tuns-ls0017\/","og_locale":"ro_RO","og_type":"article","og_title":"Rochie de fete de culoare alb\u0103 cu m\u00e2neci voluminoase \u0219i tundere - BRIDAL FASHION \u2122 | Luxurious Wedding Dresses &amp; Fashionable Gowns for Women, Girls and Kids","og_description":"Las\u0103-\u021bi fat\u0103 s\u0103 arate ca o adev\u0103rat\u0103 regin\u0103 \u00een aceast\u0103 rochie alb\u0103 pur\u0103, cu tundere din dantel\u0103. Podoabele de cristal servesc ca un plus perfect pentru aspectul general.","og_url":"https:\/\/bridalfashion.com\/ro\/little-princess-ro\/rochie-de-fete-alb-zapada-maneci-volume-si-stil-de-tuns-ls0017\/","og_site_name":"BRIDAL FASHION \u2122 | Luxurious Wedding Dresses &amp; Fashionable Gowns for Women, Girls and Kids","og_image":[{"width":1516,"height":2000,"url":"https:\/\/bridalfashion.com\/wp-content\/uploads\/2021\/10\/LS0017_A.jpg","type":"image\/jpeg"}],"twitter_card":"summary_large_image","schema":{"@context":"https:\/\/schema.org","@graph":[{"@type":"WebPage","@id":"https:\/\/bridalfashion.com\/ro\/little-princess-ro\/rochie-de-fete-alb-zapada-maneci-volume-si-stil-de-tuns-ls0017\/","url":"https:\/\/bridalfashion.com\/ro\/little-princess-ro\/rochie-de-fete-alb-zapada-maneci-volume-si-stil-de-tuns-ls0017\/","name":"Rochie de fete de culoare alb\u0103 cu m\u00e2neci voluminoase \u0219i tundere - BRIDAL FASHION \u2122 | Luxurious Wedding Dresses &amp; Fashionable Gowns for Women, Girls and Kids","isPartOf":{"@id":"https:\/\/bridalfashion.com\/ro\/#website"},"primaryImageOfPage":{"@id":"https:\/\/bridalfashion.com\/ro\/little-princess-ro\/rochie-de-fete-alb-zapada-maneci-volume-si-stil-de-tuns-ls0017\/#primaryimage"},"image":{"@id":"https:\/\/bridalfashion.com\/ro\/little-princess-ro\/rochie-de-fete-alb-zapada-maneci-volume-si-stil-de-tuns-ls0017\/#primaryimage"},"thumbnailUrl":"https:\/\/bridalfashion.com\/wp-content\/uploads\/2021\/10\/LS0017_A.jpg","datePublished":"2022-10-20T07:38:26+00:00","description":"Las\u0103-\u021bi fat\u0103 s\u0103 arate ca o adev\u0103rat\u0103 regin\u0103 \u00een aceast\u0103 rochie alb\u0103 pur\u0103, cu tundere din dantel\u0103. Podoabele de cristal servesc ca un plus perfect pentru aspectul general.","breadcrumb":{"@id":"https:\/\/bridalfashion.com\/ro\/little-princess-ro\/rochie-de-fete-alb-zapada-maneci-volume-si-stil-de-tuns-ls0017\/#breadcrumb"},"inLanguage":"ro-RO","potentialAction":[{"@type":"ReadAction","target":["https:\/\/bridalfashion.com\/ro\/little-princess-ro\/rochie-de-fete-alb-zapada-maneci-volume-si-stil-de-tuns-ls0017\/"]}]},{"@type":"ImageObject","inLanguage":"ro-RO","@id":"https:\/\/bridalfashion.com\/ro\/little-princess-ro\/rochie-de-fete-alb-zapada-maneci-volume-si-stil-de-tuns-ls0017\/#primaryimage","url":"https:\/\/bridalfashion.com\/wp-content\/uploads\/2021\/10\/LS0017_A.jpg","contentUrl":"https:\/\/bridalfashion.com\/wp-content\/uploads\/2021\/10\/LS0017_A.jpg","width":1516,"height":2000,"caption":"Rochie pentru copii LS0017 Foto - BRIDAL FASHION"},{"@type":"BreadcrumbList","@id":"https:\/\/bridalfashion.com\/ro\/little-princess-ro\/rochie-de-fete-alb-zapada-maneci-volume-si-stil-de-tuns-ls0017\/#breadcrumb","itemListElement":[{"@type":"ListItem","position":1,"name":"Home","item":"https:\/\/bridalfashion.com\/ro\/"},{"@type":"ListItem","position":2,"name":"Shop","item":"https:\/\/bridalfashion.com\/shop-2\/"},{"@type":"ListItem","position":3,"name":"Rochie de fete de culoare alb\u0103 cu m\u00e2neci voluminoase \u0219i tundere"}]},{"@type":"WebSite","@id":"https:\/\/bridalfashion.com\/ro\/#website","url":"https:\/\/bridalfashion.com\/ro\/","name":"BRIDAL FASHION \u2122 | Luxurious Wedding Dresses &amp; Fashionable Gowns for Women, Girls and Kids","description":"Welcome the leading manufacturer and supplier of wedding dresses. We offer in wholesale a large selection of high quality wedding dress collections and accessories for your business at competitive prices. Shop our full range of bridal products today!","publisher":{"@id":"https:\/\/bridalfashion.com\/ro\/#organization"},"potentialAction":[{"@type":"SearchAction","target":{"@type":"EntryPoint","urlTemplate":"https:\/\/bridalfashion.com\/ro\/?s={search_term_string}"},"query-input":{"@type":"PropertyValueSpecification","valueRequired":true,"valueName":"search_term_string"}}],"inLanguage":"ro-RO"},{"@type":"Organization","@id":"https:\/\/bridalfashion.com\/ro\/#organization","name":"BRIDAL FASHION \u2122 | Luxurious Wedding Dresses &amp; Fashionable Gowns for Women, Girls and Kids","url":"https:\/\/bridalfashion.com\/ro\/","logo":{"@type":"ImageObject","inLanguage":"ro-RO","@id":"https:\/\/bridalfashion.com\/ro\/#\/schema\/logo\/image\/","url":"https:\/\/bridalfashion.com\/wp-content\/uploads\/2022\/05\/cropped-BFG.png","contentUrl":"https:\/\/bridalfashion.com\/wp-content\/uploads\/2022\/05\/cropped-BFG.png","width":1771,"height":119,"caption":"BRIDAL FASHION \u2122 | Luxurious Wedding Dresses &amp; Fashionable Gowns for Women, Girls and Kids"},"image":{"@id":"https:\/\/bridalfashion.com\/ro\/#\/schema\/logo\/image\/"}}]}},"_links":{"self":[{"href":"https:\/\/bridalfashion.com\/ro\/wp-json\/wp\/v2\/product\/12029","targetHints":{"allow":["GET"]}}],"collection":[{"href":"https:\/\/bridalfashion.com\/ro\/wp-json\/wp\/v2\/product"}],"about":[{"href":"https:\/\/bridalfashion.com\/ro\/wp-json\/wp\/v2\/types\/product"}],"replies":[{"embeddable":true,"href":"https:\/\/bridalfashion.com\/ro\/wp-json\/wp\/v2\/comments?post=12029"}],"wp:featuredmedia":[{"embeddable":true,"href":"https:\/\/bridalfashion.com\/ro\/wp-json\/wp\/v2\/media\/7272"}],"wp:attachment":[{"href":"https:\/\/bridalfashion.com\/ro\/wp-json\/wp\/v2\/media?parent=12029"}],"wp:term":[{"taxonomy":"product_brand","embeddable":true,"href":"https:\/\/bridalfashion.com\/ro\/wp-json\/wp\/v2\/product_brand?post=12029"},{"taxonomy":"product_cat","embeddable":true,"href":"https:\/\/bridalfashion.com\/ro\/wp-json\/wp\/v2\/product_cat?post=12029"},{"taxonomy":"product_tag","embeddable":true,"href":"https:\/\/bridalfashion.com\/ro\/wp-json\/wp\/v2\/product_tag?post=12029"}],"curies":[{"name":"wp","href":"https:\/\/api.w.org\/{rel}","templated":true}]}}