{"id":12020,"date":"2021-10-06T12:48:33","date_gmt":"2022-10-19T17:26:29","guid":{"rendered":"https:\/\/bridalfashion.com\/fara-categorie\/rochie-pentru-copii-cu-volane-si-paiete-stralucitoare\/"},"modified":"2022-10-19T19:26:29","modified_gmt":"2022-10-19T17:26:29","slug":"rochie-copii-cu-paiete-atrage-ochi-multiple-ruches-style-ls0014","status":"publish","type":"product","link":"https:\/\/bridalfashion.com\/ro\/little-princess-ro\/rochie-copii-cu-paiete-atrage-ochi-multiple-ruches-style-ls0014\/","title":{"rendered":"Rochie pentru copii cu volane \u0219i paiete str\u0103lucitoare"},"content":{"rendered":"<p>Decorul vesel ale acestei rochii este o potrivire perfect\u0103 pentru un carnaval sau o s\u0103rb\u0103toare de Anul Nou. Pornind de la topul multicolor str\u0103lucitor, \u00eempodobit cu mii de paiete \u0219i fusta colorat\u0103 la fel de somptuoas\u0103, rochia va ar\u0103ta uimitor pe copilul t\u0103u. Corsetul are, de asemenea, m\u00e2neci scurte cu volane, o centur\u0103 \u0219i un fermoar pe spate. Designul fustei merit\u0103 o men\u021biune special\u0103 &#8211; cuprinde mai multe volane \u00een culori multiple \u0219i o tundere din acelea\u0219i \u021bes\u0103turi \u00een partea de jos.<\/p>\n","protected":false},"excerpt":{"rendered":"<h4>Style: LS0014<\/h4>\n","protected":false},"featured_media":7206,"comment_status":"open","ping_status":"closed","template":"","meta":[],"product_brand":[],"product_cat":[959],"product_tag":[],"class_list":{"0":"post-12020","1":"product","2":"type-product","3":"status-publish","4":"has-post-thumbnail","6":"product_cat-little-princess-ro","8":"first","9":"instock","10":"taxable","11":"shipping-taxable","12":"product-type-simple"},"yoast_head":"<!-- This site is optimized with the Yoast SEO plugin v27.5 - https:\/\/yoast.com\/product\/yoast-seo-wordpress\/ -->\n<title>Rochie pentru copii cu volane \u0219i paiete str\u0103lucitoare - BRIDAL FASHION \u2122 | Luxurious Wedding Dresses &amp; Fashionable Gowns for Women, Girls and Kids<\/title>\n<meta name=\"description\" content=\"Solu\u021bia unic\u0103 de designer a acestei rochii va ar\u0103ta uimitor pe fata ta \u0219i \u00eei va c\u00e2\u0219tiga mii de complimente.\" \/>\n<meta name=\"robots\" content=\"index, follow, max-snippet:-1, max-image-preview:large, max-video-preview:-1\" \/>\n<link rel=\"canonical\" href=\"https:\/\/bridalfashion.com\/ro\/little-princess-ro\/rochie-copii-cu-paiete-atrage-ochi-multiple-ruches-style-ls0014\/\" \/>\n<meta property=\"og:locale\" content=\"ro_RO\" \/>\n<meta property=\"og:type\" content=\"article\" \/>\n<meta property=\"og:title\" content=\"Rochie pentru copii cu volane \u0219i paiete str\u0103lucitoare - BRIDAL FASHION \u2122 | Luxurious Wedding Dresses &amp; Fashionable Gowns for Women, Girls and Kids\" \/>\n<meta property=\"og:description\" content=\"Solu\u021bia unic\u0103 de designer a acestei rochii va ar\u0103ta uimitor pe fata ta \u0219i \u00eei va c\u00e2\u0219tiga mii de complimente.\" \/>\n<meta property=\"og:url\" content=\"https:\/\/bridalfashion.com\/ro\/little-princess-ro\/rochie-copii-cu-paiete-atrage-ochi-multiple-ruches-style-ls0014\/\" \/>\n<meta property=\"og:site_name\" content=\"BRIDAL FASHION \u2122 | Luxurious Wedding Dresses &amp; Fashionable Gowns for Women, Girls and Kids\" \/>\n<meta property=\"og:image\" content=\"https:\/\/bridalfashion.com\/wp-content\/uploads\/2021\/10\/LS0014_A.jpg\" \/>\n\t<meta property=\"og:image:width\" content=\"1516\" \/>\n\t<meta property=\"og:image:height\" content=\"2000\" \/>\n\t<meta property=\"og:image:type\" content=\"image\/jpeg\" \/>\n<meta name=\"twitter:card\" content=\"summary_large_image\" \/>\n<script type=\"application\/ld+json\" class=\"yoast-schema-graph\">{\"@context\":\"https:\\\/\\\/schema.org\",\"@graph\":[{\"@type\":\"WebPage\",\"@id\":\"https:\\\/\\\/bridalfashion.com\\\/ro\\\/little-princess-ro\\\/rochie-copii-cu-paiete-atrage-ochi-multiple-ruches-style-ls0014\\\/\",\"url\":\"https:\\\/\\\/bridalfashion.com\\\/ro\\\/little-princess-ro\\\/rochie-copii-cu-paiete-atrage-ochi-multiple-ruches-style-ls0014\\\/\",\"name\":\"Rochie pentru copii cu volane \u0219i paiete str\u0103lucitoare - BRIDAL FASHION \u2122 | Luxurious Wedding Dresses &amp; Fashionable Gowns for Women, Girls and Kids\",\"isPartOf\":{\"@id\":\"https:\\\/\\\/bridalfashion.com\\\/ro\\\/#website\"},\"primaryImageOfPage\":{\"@id\":\"https:\\\/\\\/bridalfashion.com\\\/ro\\\/little-princess-ro\\\/rochie-copii-cu-paiete-atrage-ochi-multiple-ruches-style-ls0014\\\/#primaryimage\"},\"image\":{\"@id\":\"https:\\\/\\\/bridalfashion.com\\\/ro\\\/little-princess-ro\\\/rochie-copii-cu-paiete-atrage-ochi-multiple-ruches-style-ls0014\\\/#primaryimage\"},\"thumbnailUrl\":\"https:\\\/\\\/bridalfashion.com\\\/wp-content\\\/uploads\\\/2021\\\/10\\\/LS0014_A.jpg\",\"datePublished\":\"2022-10-19T17:26:29+00:00\",\"description\":\"Solu\u021bia unic\u0103 de designer a acestei rochii va ar\u0103ta uimitor pe fata ta \u0219i \u00eei va c\u00e2\u0219tiga mii de complimente.\",\"breadcrumb\":{\"@id\":\"https:\\\/\\\/bridalfashion.com\\\/ro\\\/little-princess-ro\\\/rochie-copii-cu-paiete-atrage-ochi-multiple-ruches-style-ls0014\\\/#breadcrumb\"},\"inLanguage\":\"ro-RO\",\"potentialAction\":[{\"@type\":\"ReadAction\",\"target\":[\"https:\\\/\\\/bridalfashion.com\\\/ro\\\/little-princess-ro\\\/rochie-copii-cu-paiete-atrage-ochi-multiple-ruches-style-ls0014\\\/\"]}]},{\"@type\":\"ImageObject\",\"inLanguage\":\"ro-RO\",\"@id\":\"https:\\\/\\\/bridalfashion.com\\\/ro\\\/little-princess-ro\\\/rochie-copii-cu-paiete-atrage-ochi-multiple-ruches-style-ls0014\\\/#primaryimage\",\"url\":\"https:\\\/\\\/bridalfashion.com\\\/wp-content\\\/uploads\\\/2021\\\/10\\\/LS0014_A.jpg\",\"contentUrl\":\"https:\\\/\\\/bridalfashion.com\\\/wp-content\\\/uploads\\\/2021\\\/10\\\/LS0014_A.jpg\",\"width\":1516,\"height\":2000,\"caption\":\"Rochie pentru copii LS0014 Foto - BRIDAL FASHION\"},{\"@type\":\"BreadcrumbList\",\"@id\":\"https:\\\/\\\/bridalfashion.com\\\/ro\\\/little-princess-ro\\\/rochie-copii-cu-paiete-atrage-ochi-multiple-ruches-style-ls0014\\\/#breadcrumb\",\"itemListElement\":[{\"@type\":\"ListItem\",\"position\":1,\"name\":\"Home\",\"item\":\"https:\\\/\\\/bridalfashion.com\\\/ro\\\/\"},{\"@type\":\"ListItem\",\"position\":2,\"name\":\"Shop\",\"item\":\"https:\\\/\\\/bridalfashion.com\\\/shop-2\\\/\"},{\"@type\":\"ListItem\",\"position\":3,\"name\":\"Rochie pentru copii cu volane \u0219i paiete str\u0103lucitoare\"}]},{\"@type\":\"WebSite\",\"@id\":\"https:\\\/\\\/bridalfashion.com\\\/ro\\\/#website\",\"url\":\"https:\\\/\\\/bridalfashion.com\\\/ro\\\/\",\"name\":\"BRIDAL FASHION \u2122 | Luxurious Wedding Dresses &amp; Fashionable Gowns for Women, Girls and Kids\",\"description\":\"Welcome the leading manufacturer and supplier of wedding dresses. We offer in wholesale a large selection of high quality wedding dress collections and accessories for your business at competitive prices. Shop our full range of bridal products today!\",\"publisher\":{\"@id\":\"https:\\\/\\\/bridalfashion.com\\\/ro\\\/#organization\"},\"potentialAction\":[{\"@type\":\"SearchAction\",\"target\":{\"@type\":\"EntryPoint\",\"urlTemplate\":\"https:\\\/\\\/bridalfashion.com\\\/ro\\\/?s={search_term_string}\"},\"query-input\":{\"@type\":\"PropertyValueSpecification\",\"valueRequired\":true,\"valueName\":\"search_term_string\"}}],\"inLanguage\":\"ro-RO\"},{\"@type\":\"Organization\",\"@id\":\"https:\\\/\\\/bridalfashion.com\\\/ro\\\/#organization\",\"name\":\"BRIDAL FASHION \u2122 | Luxurious Wedding Dresses &amp; Fashionable Gowns for Women, Girls and Kids\",\"url\":\"https:\\\/\\\/bridalfashion.com\\\/ro\\\/\",\"logo\":{\"@type\":\"ImageObject\",\"inLanguage\":\"ro-RO\",\"@id\":\"https:\\\/\\\/bridalfashion.com\\\/ro\\\/#\\\/schema\\\/logo\\\/image\\\/\",\"url\":\"https:\\\/\\\/bridalfashion.com\\\/wp-content\\\/uploads\\\/2022\\\/05\\\/cropped-BFG.png\",\"contentUrl\":\"https:\\\/\\\/bridalfashion.com\\\/wp-content\\\/uploads\\\/2022\\\/05\\\/cropped-BFG.png\",\"width\":1771,\"height\":119,\"caption\":\"BRIDAL FASHION \u2122 | Luxurious Wedding Dresses &amp; Fashionable Gowns for Women, Girls and Kids\"},\"image\":{\"@id\":\"https:\\\/\\\/bridalfashion.com\\\/ro\\\/#\\\/schema\\\/logo\\\/image\\\/\"}}]}<\/script>\n<!-- \/ Yoast SEO plugin. -->","yoast_head_json":{"title":"Rochie pentru copii cu volane \u0219i paiete str\u0103lucitoare - BRIDAL FASHION \u2122 | Luxurious Wedding Dresses &amp; Fashionable Gowns for Women, Girls and Kids","description":"Solu\u021bia unic\u0103 de designer a acestei rochii va ar\u0103ta uimitor pe fata ta \u0219i \u00eei va c\u00e2\u0219tiga mii de complimente.","robots":{"index":"index","follow":"follow","max-snippet":"max-snippet:-1","max-image-preview":"max-image-preview:large","max-video-preview":"max-video-preview:-1"},"canonical":"https:\/\/bridalfashion.com\/ro\/little-princess-ro\/rochie-copii-cu-paiete-atrage-ochi-multiple-ruches-style-ls0014\/","og_locale":"ro_RO","og_type":"article","og_title":"Rochie pentru copii cu volane \u0219i paiete str\u0103lucitoare - BRIDAL FASHION \u2122 | Luxurious Wedding Dresses &amp; Fashionable Gowns for Women, Girls and Kids","og_description":"Solu\u021bia unic\u0103 de designer a acestei rochii va ar\u0103ta uimitor pe fata ta \u0219i \u00eei va c\u00e2\u0219tiga mii de complimente.","og_url":"https:\/\/bridalfashion.com\/ro\/little-princess-ro\/rochie-copii-cu-paiete-atrage-ochi-multiple-ruches-style-ls0014\/","og_site_name":"BRIDAL FASHION \u2122 | Luxurious Wedding Dresses &amp; Fashionable Gowns for Women, Girls and Kids","og_image":[{"width":1516,"height":2000,"url":"https:\/\/bridalfashion.com\/wp-content\/uploads\/2021\/10\/LS0014_A.jpg","type":"image\/jpeg"}],"twitter_card":"summary_large_image","schema":{"@context":"https:\/\/schema.org","@graph":[{"@type":"WebPage","@id":"https:\/\/bridalfashion.com\/ro\/little-princess-ro\/rochie-copii-cu-paiete-atrage-ochi-multiple-ruches-style-ls0014\/","url":"https:\/\/bridalfashion.com\/ro\/little-princess-ro\/rochie-copii-cu-paiete-atrage-ochi-multiple-ruches-style-ls0014\/","name":"Rochie pentru copii cu volane \u0219i paiete str\u0103lucitoare - BRIDAL FASHION \u2122 | Luxurious Wedding Dresses &amp; Fashionable Gowns for Women, Girls and Kids","isPartOf":{"@id":"https:\/\/bridalfashion.com\/ro\/#website"},"primaryImageOfPage":{"@id":"https:\/\/bridalfashion.com\/ro\/little-princess-ro\/rochie-copii-cu-paiete-atrage-ochi-multiple-ruches-style-ls0014\/#primaryimage"},"image":{"@id":"https:\/\/bridalfashion.com\/ro\/little-princess-ro\/rochie-copii-cu-paiete-atrage-ochi-multiple-ruches-style-ls0014\/#primaryimage"},"thumbnailUrl":"https:\/\/bridalfashion.com\/wp-content\/uploads\/2021\/10\/LS0014_A.jpg","datePublished":"2022-10-19T17:26:29+00:00","description":"Solu\u021bia unic\u0103 de designer a acestei rochii va ar\u0103ta uimitor pe fata ta \u0219i \u00eei va c\u00e2\u0219tiga mii de complimente.","breadcrumb":{"@id":"https:\/\/bridalfashion.com\/ro\/little-princess-ro\/rochie-copii-cu-paiete-atrage-ochi-multiple-ruches-style-ls0014\/#breadcrumb"},"inLanguage":"ro-RO","potentialAction":[{"@type":"ReadAction","target":["https:\/\/bridalfashion.com\/ro\/little-princess-ro\/rochie-copii-cu-paiete-atrage-ochi-multiple-ruches-style-ls0014\/"]}]},{"@type":"ImageObject","inLanguage":"ro-RO","@id":"https:\/\/bridalfashion.com\/ro\/little-princess-ro\/rochie-copii-cu-paiete-atrage-ochi-multiple-ruches-style-ls0014\/#primaryimage","url":"https:\/\/bridalfashion.com\/wp-content\/uploads\/2021\/10\/LS0014_A.jpg","contentUrl":"https:\/\/bridalfashion.com\/wp-content\/uploads\/2021\/10\/LS0014_A.jpg","width":1516,"height":2000,"caption":"Rochie pentru copii LS0014 Foto - BRIDAL FASHION"},{"@type":"BreadcrumbList","@id":"https:\/\/bridalfashion.com\/ro\/little-princess-ro\/rochie-copii-cu-paiete-atrage-ochi-multiple-ruches-style-ls0014\/#breadcrumb","itemListElement":[{"@type":"ListItem","position":1,"name":"Home","item":"https:\/\/bridalfashion.com\/ro\/"},{"@type":"ListItem","position":2,"name":"Shop","item":"https:\/\/bridalfashion.com\/shop-2\/"},{"@type":"ListItem","position":3,"name":"Rochie pentru copii cu volane \u0219i paiete str\u0103lucitoare"}]},{"@type":"WebSite","@id":"https:\/\/bridalfashion.com\/ro\/#website","url":"https:\/\/bridalfashion.com\/ro\/","name":"BRIDAL FASHION \u2122 | Luxurious Wedding Dresses &amp; Fashionable Gowns for Women, Girls and Kids","description":"Welcome the leading manufacturer and supplier of wedding dresses. We offer in wholesale a large selection of high quality wedding dress collections and accessories for your business at competitive prices. Shop our full range of bridal products today!","publisher":{"@id":"https:\/\/bridalfashion.com\/ro\/#organization"},"potentialAction":[{"@type":"SearchAction","target":{"@type":"EntryPoint","urlTemplate":"https:\/\/bridalfashion.com\/ro\/?s={search_term_string}"},"query-input":{"@type":"PropertyValueSpecification","valueRequired":true,"valueName":"search_term_string"}}],"inLanguage":"ro-RO"},{"@type":"Organization","@id":"https:\/\/bridalfashion.com\/ro\/#organization","name":"BRIDAL FASHION \u2122 | Luxurious Wedding Dresses &amp; Fashionable Gowns for Women, Girls and Kids","url":"https:\/\/bridalfashion.com\/ro\/","logo":{"@type":"ImageObject","inLanguage":"ro-RO","@id":"https:\/\/bridalfashion.com\/ro\/#\/schema\/logo\/image\/","url":"https:\/\/bridalfashion.com\/wp-content\/uploads\/2022\/05\/cropped-BFG.png","contentUrl":"https:\/\/bridalfashion.com\/wp-content\/uploads\/2022\/05\/cropped-BFG.png","width":1771,"height":119,"caption":"BRIDAL FASHION \u2122 | Luxurious Wedding Dresses &amp; Fashionable Gowns for Women, Girls and Kids"},"image":{"@id":"https:\/\/bridalfashion.com\/ro\/#\/schema\/logo\/image\/"}}]}},"_links":{"self":[{"href":"https:\/\/bridalfashion.com\/ro\/wp-json\/wp\/v2\/product\/12020","targetHints":{"allow":["GET"]}}],"collection":[{"href":"https:\/\/bridalfashion.com\/ro\/wp-json\/wp\/v2\/product"}],"about":[{"href":"https:\/\/bridalfashion.com\/ro\/wp-json\/wp\/v2\/types\/product"}],"replies":[{"embeddable":true,"href":"https:\/\/bridalfashion.com\/ro\/wp-json\/wp\/v2\/comments?post=12020"}],"wp:featuredmedia":[{"embeddable":true,"href":"https:\/\/bridalfashion.com\/ro\/wp-json\/wp\/v2\/media\/7206"}],"wp:attachment":[{"href":"https:\/\/bridalfashion.com\/ro\/wp-json\/wp\/v2\/media?parent=12020"}],"wp:term":[{"taxonomy":"product_brand","embeddable":true,"href":"https:\/\/bridalfashion.com\/ro\/wp-json\/wp\/v2\/product_brand?post=12020"},{"taxonomy":"product_cat","embeddable":true,"href":"https:\/\/bridalfashion.com\/ro\/wp-json\/wp\/v2\/product_cat?post=12020"},{"taxonomy":"product_tag","embeddable":true,"href":"https:\/\/bridalfashion.com\/ro\/wp-json\/wp\/v2\/product_tag?post=12020"}],"curies":[{"name":"wp","href":"https:\/\/api.w.org\/{rel}","templated":true}]}}