{"id":12017,"date":"2021-10-06T12:44:48","date_gmt":"2022-10-19T17:16:24","guid":{"rendered":"https:\/\/bridalfashion.com\/fara-categorie\/rochie-cupcake-multicolor-pentru-fete-cu-o-fusta-semitransparenta\/"},"modified":"2022-10-19T19:16:24","modified_gmt":"2022-10-19T17:16:24","slug":"fete-multicolor-rochie-cupcake-semitransparente-stil-fust-ls0013","status":"publish","type":"product","link":"https:\/\/bridalfashion.com\/ro\/little-princess-ro\/fete-multicolor-rochie-cupcake-semitransparente-stil-fust-ls0013\/","title":{"rendered":"Rochie cupcake multicolor pentru fete cu o fust\u0103 semitransparent\u0103"},"content":{"rendered":"<p>Frumuse\u021bea acestei rochii nu poate fi supraestimat\u0103. Const\u00e2nd din mai multe straturi \u00een culori vii, seam\u0103n\u0103 cu un cupcake. Gulerul este o adev\u0103rat\u0103 oper\u0103 de art\u0103 &#8211; este alc\u0103tuit dintr-o mas\u0103 masiv\u0103 de \u021bes\u0103turi care confer\u0103 \u021binutei un aer de elegan\u021b\u0103 \u0219i har. Corsetul este completat de o centur\u0103 minunat\u0103 \u0219i un fermoar pe spate. Trebuie s\u0103 recunoa\u0219tem c\u0103 fusta este bijuteria coroanei acestui design &#8211; solu\u021bia original\u0103 a ruches multicolore \u0219i a zonei semitransparente de sub genunchi &#8211; este cu adev\u0103rat uluitore.<\/p>\n","protected":false},"excerpt":{"rendered":"<h4>Style: LS0013<\/h4>\n","protected":false},"featured_media":7176,"comment_status":"open","ping_status":"closed","template":"","meta":[],"product_brand":[],"product_cat":[959],"product_tag":[],"class_list":{"0":"post-12017","1":"product","2":"type-product","3":"status-publish","4":"has-post-thumbnail","6":"product_cat-little-princess-ro","8":"first","9":"instock","10":"taxable","11":"shipping-taxable","12":"product-type-simple"},"yoast_head":"<!-- This site is optimized with the Yoast SEO plugin v27.5 - https:\/\/yoast.com\/product\/yoast-seo-wordpress\/ -->\n<title>Rochie cupcake multicolor pentru fete cu o fust\u0103 semitransparent\u0103 - BRIDAL FASHION \u2122 | Luxurious Wedding Dresses &amp; Fashionable Gowns for Women, Girls and Kids<\/title>\n<meta name=\"description\" content=\"Original\u0103 \u0219i confortabil\u0103 - aceast\u0103 rochie este o potrivire perfect\u0103 pentru o s\u0103rb\u0103toare opulent\u0103, cum ar fi o petrecere de na\u0219tere sau un ball.\" \/>\n<meta name=\"robots\" content=\"index, follow, max-snippet:-1, max-image-preview:large, max-video-preview:-1\" \/>\n<link rel=\"canonical\" href=\"https:\/\/bridalfashion.com\/ro\/little-princess-ro\/fete-multicolor-rochie-cupcake-semitransparente-stil-fust-ls0013\/\" \/>\n<meta property=\"og:locale\" content=\"ro_RO\" \/>\n<meta property=\"og:type\" content=\"article\" \/>\n<meta property=\"og:title\" content=\"Rochie cupcake multicolor pentru fete cu o fust\u0103 semitransparent\u0103 - BRIDAL FASHION \u2122 | Luxurious Wedding Dresses &amp; Fashionable Gowns for Women, Girls and Kids\" \/>\n<meta property=\"og:description\" content=\"Original\u0103 \u0219i confortabil\u0103 - aceast\u0103 rochie este o potrivire perfect\u0103 pentru o s\u0103rb\u0103toare opulent\u0103, cum ar fi o petrecere de na\u0219tere sau un ball.\" \/>\n<meta property=\"og:url\" content=\"https:\/\/bridalfashion.com\/ro\/little-princess-ro\/fete-multicolor-rochie-cupcake-semitransparente-stil-fust-ls0013\/\" \/>\n<meta property=\"og:site_name\" content=\"BRIDAL FASHION \u2122 | Luxurious Wedding Dresses &amp; Fashionable Gowns for Women, Girls and Kids\" \/>\n<meta property=\"og:image\" content=\"https:\/\/bridalfashion.com\/wp-content\/uploads\/2021\/10\/LS0013_A\u0426\u0412\u0415\u0422.jpg\" \/>\n\t<meta property=\"og:image:width\" content=\"1516\" \/>\n\t<meta property=\"og:image:height\" content=\"2000\" \/>\n\t<meta property=\"og:image:type\" content=\"image\/jpeg\" \/>\n<meta name=\"twitter:card\" content=\"summary_large_image\" \/>\n<script type=\"application\/ld+json\" class=\"yoast-schema-graph\">{\"@context\":\"https:\\\/\\\/schema.org\",\"@graph\":[{\"@type\":\"WebPage\",\"@id\":\"https:\\\/\\\/bridalfashion.com\\\/ro\\\/little-princess-ro\\\/fete-multicolor-rochie-cupcake-semitransparente-stil-fust-ls0013\\\/\",\"url\":\"https:\\\/\\\/bridalfashion.com\\\/ro\\\/little-princess-ro\\\/fete-multicolor-rochie-cupcake-semitransparente-stil-fust-ls0013\\\/\",\"name\":\"Rochie cupcake multicolor pentru fete cu o fust\u0103 semitransparent\u0103 - BRIDAL FASHION \u2122 | Luxurious Wedding Dresses &amp; Fashionable Gowns for Women, Girls and Kids\",\"isPartOf\":{\"@id\":\"https:\\\/\\\/bridalfashion.com\\\/ro\\\/#website\"},\"primaryImageOfPage\":{\"@id\":\"https:\\\/\\\/bridalfashion.com\\\/ro\\\/little-princess-ro\\\/fete-multicolor-rochie-cupcake-semitransparente-stil-fust-ls0013\\\/#primaryimage\"},\"image\":{\"@id\":\"https:\\\/\\\/bridalfashion.com\\\/ro\\\/little-princess-ro\\\/fete-multicolor-rochie-cupcake-semitransparente-stil-fust-ls0013\\\/#primaryimage\"},\"thumbnailUrl\":\"https:\\\/\\\/bridalfashion.com\\\/wp-content\\\/uploads\\\/2021\\\/10\\\/LS0013_A\u0426\u0412\u0415\u0422.jpg\",\"datePublished\":\"2022-10-19T17:16:24+00:00\",\"description\":\"Original\u0103 \u0219i confortabil\u0103 - aceast\u0103 rochie este o potrivire perfect\u0103 pentru o s\u0103rb\u0103toare opulent\u0103, cum ar fi o petrecere de na\u0219tere sau un ball.\",\"breadcrumb\":{\"@id\":\"https:\\\/\\\/bridalfashion.com\\\/ro\\\/little-princess-ro\\\/fete-multicolor-rochie-cupcake-semitransparente-stil-fust-ls0013\\\/#breadcrumb\"},\"inLanguage\":\"ro-RO\",\"potentialAction\":[{\"@type\":\"ReadAction\",\"target\":[\"https:\\\/\\\/bridalfashion.com\\\/ro\\\/little-princess-ro\\\/fete-multicolor-rochie-cupcake-semitransparente-stil-fust-ls0013\\\/\"]}]},{\"@type\":\"ImageObject\",\"inLanguage\":\"ro-RO\",\"@id\":\"https:\\\/\\\/bridalfashion.com\\\/ro\\\/little-princess-ro\\\/fete-multicolor-rochie-cupcake-semitransparente-stil-fust-ls0013\\\/#primaryimage\",\"url\":\"https:\\\/\\\/bridalfashion.com\\\/wp-content\\\/uploads\\\/2021\\\/10\\\/LS0013_A\u0426\u0412\u0415\u0422.jpg\",\"contentUrl\":\"https:\\\/\\\/bridalfashion.com\\\/wp-content\\\/uploads\\\/2021\\\/10\\\/LS0013_A\u0426\u0412\u0415\u0422.jpg\",\"width\":1516,\"height\":2000,\"caption\":\"Rochie pentru copii LS0013 Foto - BRIDAL FASHION\"},{\"@type\":\"BreadcrumbList\",\"@id\":\"https:\\\/\\\/bridalfashion.com\\\/ro\\\/little-princess-ro\\\/fete-multicolor-rochie-cupcake-semitransparente-stil-fust-ls0013\\\/#breadcrumb\",\"itemListElement\":[{\"@type\":\"ListItem\",\"position\":1,\"name\":\"Home\",\"item\":\"https:\\\/\\\/bridalfashion.com\\\/ro\\\/\"},{\"@type\":\"ListItem\",\"position\":2,\"name\":\"Shop\",\"item\":\"https:\\\/\\\/bridalfashion.com\\\/shop-2\\\/\"},{\"@type\":\"ListItem\",\"position\":3,\"name\":\"Rochie cupcake multicolor pentru fete cu o fust\u0103 semitransparent\u0103\"}]},{\"@type\":\"WebSite\",\"@id\":\"https:\\\/\\\/bridalfashion.com\\\/ro\\\/#website\",\"url\":\"https:\\\/\\\/bridalfashion.com\\\/ro\\\/\",\"name\":\"BRIDAL FASHION \u2122 | Luxurious Wedding Dresses &amp; Fashionable Gowns for Women, Girls and Kids\",\"description\":\"Welcome the leading manufacturer and supplier of wedding dresses. We offer in wholesale a large selection of high quality wedding dress collections and accessories for your business at competitive prices. Shop our full range of bridal products today!\",\"publisher\":{\"@id\":\"https:\\\/\\\/bridalfashion.com\\\/ro\\\/#organization\"},\"potentialAction\":[{\"@type\":\"SearchAction\",\"target\":{\"@type\":\"EntryPoint\",\"urlTemplate\":\"https:\\\/\\\/bridalfashion.com\\\/ro\\\/?s={search_term_string}\"},\"query-input\":{\"@type\":\"PropertyValueSpecification\",\"valueRequired\":true,\"valueName\":\"search_term_string\"}}],\"inLanguage\":\"ro-RO\"},{\"@type\":\"Organization\",\"@id\":\"https:\\\/\\\/bridalfashion.com\\\/ro\\\/#organization\",\"name\":\"BRIDAL FASHION \u2122 | Luxurious Wedding Dresses &amp; Fashionable Gowns for Women, Girls and Kids\",\"url\":\"https:\\\/\\\/bridalfashion.com\\\/ro\\\/\",\"logo\":{\"@type\":\"ImageObject\",\"inLanguage\":\"ro-RO\",\"@id\":\"https:\\\/\\\/bridalfashion.com\\\/ro\\\/#\\\/schema\\\/logo\\\/image\\\/\",\"url\":\"https:\\\/\\\/bridalfashion.com\\\/wp-content\\\/uploads\\\/2022\\\/05\\\/cropped-BFG.png\",\"contentUrl\":\"https:\\\/\\\/bridalfashion.com\\\/wp-content\\\/uploads\\\/2022\\\/05\\\/cropped-BFG.png\",\"width\":1771,\"height\":119,\"caption\":\"BRIDAL FASHION \u2122 | Luxurious Wedding Dresses &amp; Fashionable Gowns for Women, Girls and Kids\"},\"image\":{\"@id\":\"https:\\\/\\\/bridalfashion.com\\\/ro\\\/#\\\/schema\\\/logo\\\/image\\\/\"}}]}<\/script>\n<!-- \/ Yoast SEO plugin. -->","yoast_head_json":{"title":"Rochie cupcake multicolor pentru fete cu o fust\u0103 semitransparent\u0103 - BRIDAL FASHION \u2122 | Luxurious Wedding Dresses &amp; Fashionable Gowns for Women, Girls and Kids","description":"Original\u0103 \u0219i confortabil\u0103 - aceast\u0103 rochie este o potrivire perfect\u0103 pentru o s\u0103rb\u0103toare opulent\u0103, cum ar fi o petrecere de na\u0219tere sau un ball.","robots":{"index":"index","follow":"follow","max-snippet":"max-snippet:-1","max-image-preview":"max-image-preview:large","max-video-preview":"max-video-preview:-1"},"canonical":"https:\/\/bridalfashion.com\/ro\/little-princess-ro\/fete-multicolor-rochie-cupcake-semitransparente-stil-fust-ls0013\/","og_locale":"ro_RO","og_type":"article","og_title":"Rochie cupcake multicolor pentru fete cu o fust\u0103 semitransparent\u0103 - BRIDAL FASHION \u2122 | Luxurious Wedding Dresses &amp; Fashionable Gowns for Women, Girls and Kids","og_description":"Original\u0103 \u0219i confortabil\u0103 - aceast\u0103 rochie este o potrivire perfect\u0103 pentru o s\u0103rb\u0103toare opulent\u0103, cum ar fi o petrecere de na\u0219tere sau un ball.","og_url":"https:\/\/bridalfashion.com\/ro\/little-princess-ro\/fete-multicolor-rochie-cupcake-semitransparente-stil-fust-ls0013\/","og_site_name":"BRIDAL FASHION \u2122 | Luxurious Wedding Dresses &amp; Fashionable Gowns for Women, Girls and Kids","og_image":[{"width":1516,"height":2000,"url":"https:\/\/bridalfashion.com\/wp-content\/uploads\/2021\/10\/LS0013_A\u0426\u0412\u0415\u0422.jpg","type":"image\/jpeg"}],"twitter_card":"summary_large_image","schema":{"@context":"https:\/\/schema.org","@graph":[{"@type":"WebPage","@id":"https:\/\/bridalfashion.com\/ro\/little-princess-ro\/fete-multicolor-rochie-cupcake-semitransparente-stil-fust-ls0013\/","url":"https:\/\/bridalfashion.com\/ro\/little-princess-ro\/fete-multicolor-rochie-cupcake-semitransparente-stil-fust-ls0013\/","name":"Rochie cupcake multicolor pentru fete cu o fust\u0103 semitransparent\u0103 - BRIDAL FASHION \u2122 | Luxurious Wedding Dresses &amp; Fashionable Gowns for Women, Girls and Kids","isPartOf":{"@id":"https:\/\/bridalfashion.com\/ro\/#website"},"primaryImageOfPage":{"@id":"https:\/\/bridalfashion.com\/ro\/little-princess-ro\/fete-multicolor-rochie-cupcake-semitransparente-stil-fust-ls0013\/#primaryimage"},"image":{"@id":"https:\/\/bridalfashion.com\/ro\/little-princess-ro\/fete-multicolor-rochie-cupcake-semitransparente-stil-fust-ls0013\/#primaryimage"},"thumbnailUrl":"https:\/\/bridalfashion.com\/wp-content\/uploads\/2021\/10\/LS0013_A\u0426\u0412\u0415\u0422.jpg","datePublished":"2022-10-19T17:16:24+00:00","description":"Original\u0103 \u0219i confortabil\u0103 - aceast\u0103 rochie este o potrivire perfect\u0103 pentru o s\u0103rb\u0103toare opulent\u0103, cum ar fi o petrecere de na\u0219tere sau un ball.","breadcrumb":{"@id":"https:\/\/bridalfashion.com\/ro\/little-princess-ro\/fete-multicolor-rochie-cupcake-semitransparente-stil-fust-ls0013\/#breadcrumb"},"inLanguage":"ro-RO","potentialAction":[{"@type":"ReadAction","target":["https:\/\/bridalfashion.com\/ro\/little-princess-ro\/fete-multicolor-rochie-cupcake-semitransparente-stil-fust-ls0013\/"]}]},{"@type":"ImageObject","inLanguage":"ro-RO","@id":"https:\/\/bridalfashion.com\/ro\/little-princess-ro\/fete-multicolor-rochie-cupcake-semitransparente-stil-fust-ls0013\/#primaryimage","url":"https:\/\/bridalfashion.com\/wp-content\/uploads\/2021\/10\/LS0013_A\u0426\u0412\u0415\u0422.jpg","contentUrl":"https:\/\/bridalfashion.com\/wp-content\/uploads\/2021\/10\/LS0013_A\u0426\u0412\u0415\u0422.jpg","width":1516,"height":2000,"caption":"Rochie pentru copii LS0013 Foto - BRIDAL FASHION"},{"@type":"BreadcrumbList","@id":"https:\/\/bridalfashion.com\/ro\/little-princess-ro\/fete-multicolor-rochie-cupcake-semitransparente-stil-fust-ls0013\/#breadcrumb","itemListElement":[{"@type":"ListItem","position":1,"name":"Home","item":"https:\/\/bridalfashion.com\/ro\/"},{"@type":"ListItem","position":2,"name":"Shop","item":"https:\/\/bridalfashion.com\/shop-2\/"},{"@type":"ListItem","position":3,"name":"Rochie cupcake multicolor pentru fete cu o fust\u0103 semitransparent\u0103"}]},{"@type":"WebSite","@id":"https:\/\/bridalfashion.com\/ro\/#website","url":"https:\/\/bridalfashion.com\/ro\/","name":"BRIDAL FASHION \u2122 | Luxurious Wedding Dresses &amp; Fashionable Gowns for Women, Girls and Kids","description":"Welcome the leading manufacturer and supplier of wedding dresses. We offer in wholesale a large selection of high quality wedding dress collections and accessories for your business at competitive prices. Shop our full range of bridal products today!","publisher":{"@id":"https:\/\/bridalfashion.com\/ro\/#organization"},"potentialAction":[{"@type":"SearchAction","target":{"@type":"EntryPoint","urlTemplate":"https:\/\/bridalfashion.com\/ro\/?s={search_term_string}"},"query-input":{"@type":"PropertyValueSpecification","valueRequired":true,"valueName":"search_term_string"}}],"inLanguage":"ro-RO"},{"@type":"Organization","@id":"https:\/\/bridalfashion.com\/ro\/#organization","name":"BRIDAL FASHION \u2122 | Luxurious Wedding Dresses &amp; Fashionable Gowns for Women, Girls and Kids","url":"https:\/\/bridalfashion.com\/ro\/","logo":{"@type":"ImageObject","inLanguage":"ro-RO","@id":"https:\/\/bridalfashion.com\/ro\/#\/schema\/logo\/image\/","url":"https:\/\/bridalfashion.com\/wp-content\/uploads\/2022\/05\/cropped-BFG.png","contentUrl":"https:\/\/bridalfashion.com\/wp-content\/uploads\/2022\/05\/cropped-BFG.png","width":1771,"height":119,"caption":"BRIDAL FASHION \u2122 | Luxurious Wedding Dresses &amp; Fashionable Gowns for Women, Girls and Kids"},"image":{"@id":"https:\/\/bridalfashion.com\/ro\/#\/schema\/logo\/image\/"}}]}},"_links":{"self":[{"href":"https:\/\/bridalfashion.com\/ro\/wp-json\/wp\/v2\/product\/12017","targetHints":{"allow":["GET"]}}],"collection":[{"href":"https:\/\/bridalfashion.com\/ro\/wp-json\/wp\/v2\/product"}],"about":[{"href":"https:\/\/bridalfashion.com\/ro\/wp-json\/wp\/v2\/types\/product"}],"replies":[{"embeddable":true,"href":"https:\/\/bridalfashion.com\/ro\/wp-json\/wp\/v2\/comments?post=12017"}],"wp:featuredmedia":[{"embeddable":true,"href":"https:\/\/bridalfashion.com\/ro\/wp-json\/wp\/v2\/media\/7176"}],"wp:attachment":[{"href":"https:\/\/bridalfashion.com\/ro\/wp-json\/wp\/v2\/media?parent=12017"}],"wp:term":[{"taxonomy":"product_brand","embeddable":true,"href":"https:\/\/bridalfashion.com\/ro\/wp-json\/wp\/v2\/product_brand?post=12017"},{"taxonomy":"product_cat","embeddable":true,"href":"https:\/\/bridalfashion.com\/ro\/wp-json\/wp\/v2\/product_cat?post=12017"},{"taxonomy":"product_tag","embeddable":true,"href":"https:\/\/bridalfashion.com\/ro\/wp-json\/wp\/v2\/product_tag?post=12017"}],"curies":[{"name":"wp","href":"https:\/\/api.w.org\/{rel}","templated":true}]}}