{"id":12011,"date":"2021-10-06T12:34:33","date_gmt":"2022-10-19T15:36:50","guid":{"rendered":"https:\/\/bridalfashion.com\/fara-categorie\/rochie-albastra-pentru-fete-cu-o-taietura-profunda-v-iluzie\/"},"modified":"2022-10-19T17:36:50","modified_gmt":"2022-10-19T15:36:50","slug":"rochie-bebe-albastru-fete-deep-v-iluzie-decolteu-style-ls0011","status":"publish","type":"product","link":"https:\/\/bridalfashion.com\/ro\/little-princess-ro\/rochie-bebe-albastru-fete-deep-v-iluzie-decolteu-style-ls0011\/","title":{"rendered":"Rochie albastr\u0103 pentru fete cu o t\u0103ietur\u0103 profund\u0103 V iluzie"},"content":{"rendered":"<p>Aceast\u0103 rochie prin\u021bes\u0103 de fete pentru o ocazie special\u0103 este realizat\u0103 din cele mai bune \u021bes\u0103turi \u0219i decora\u021biuni. Este \u00eencrustat\u0103 cu cristale Swarovski la guler \u0219i pe suprafa\u021ba pelerinei, ceea ce face aspectul general uimitor \u0219i uluitor. Are un guler la spate iluzie din \u021bes\u0103tur\u0103 din plas\u0103 transparent\u0103 \u0219i este completat\u0103 de un fermoar. Fusta albastr\u0103 este \u00eenfrumuse\u0163at\u0103 cu pietre pre\u021bioase. Acest look elegant va ar\u0103ta uimitor pentru fata ta.<\/p>\n","protected":false},"excerpt":{"rendered":"<h4>Style: LS0011<\/h4>\n","protected":false},"featured_media":7146,"comment_status":"open","ping_status":"closed","template":"","meta":[],"product_brand":[],"product_cat":[959],"product_tag":[],"class_list":{"0":"post-12011","1":"product","2":"type-product","3":"status-publish","4":"has-post-thumbnail","6":"product_cat-little-princess-ro","8":"first","9":"instock","10":"taxable","11":"shipping-taxable","12":"product-type-simple"},"yoast_head":"<!-- This site is optimized with the Yoast SEO plugin v27.4 - https:\/\/yoast.com\/product\/yoast-seo-wordpress\/ -->\n<title>Rochie albastr\u0103 pentru fete cu o t\u0103ietur\u0103 profund\u0103 V iluzie - BRIDAL FASHION \u2122 | Luxurious Wedding Dresses &amp; Fashionable Gowns for Women, Girls and Kids<\/title>\n<meta name=\"description\" content=\"Culoarea uimitoare a acestei rochii o face cu adev\u0103rat de neuitat. Topul V-Neckline \u00eempreun\u0103 cu pelerina transparent\u0103 cu pietre pre\u021bioase \u00eempr\u0103\u0219tiate peste tot completeaz\u0103 aspectul.\" \/>\n<meta name=\"robots\" content=\"index, follow, max-snippet:-1, max-image-preview:large, max-video-preview:-1\" \/>\n<link rel=\"canonical\" href=\"https:\/\/bridalfashion.com\/ro\/little-princess-ro\/rochie-bebe-albastru-fete-deep-v-iluzie-decolteu-style-ls0011\/\" \/>\n<meta property=\"og:locale\" content=\"ro_RO\" \/>\n<meta property=\"og:type\" content=\"article\" \/>\n<meta property=\"og:title\" content=\"Rochie albastr\u0103 pentru fete cu o t\u0103ietur\u0103 profund\u0103 V iluzie - BRIDAL FASHION \u2122 | Luxurious Wedding Dresses &amp; Fashionable Gowns for Women, Girls and Kids\" \/>\n<meta property=\"og:description\" content=\"Culoarea uimitoare a acestei rochii o face cu adev\u0103rat de neuitat. Topul V-Neckline \u00eempreun\u0103 cu pelerina transparent\u0103 cu pietre pre\u021bioase \u00eempr\u0103\u0219tiate peste tot completeaz\u0103 aspectul.\" \/>\n<meta property=\"og:url\" content=\"https:\/\/bridalfashion.com\/ro\/little-princess-ro\/rochie-bebe-albastru-fete-deep-v-iluzie-decolteu-style-ls0011\/\" \/>\n<meta property=\"og:site_name\" content=\"BRIDAL FASHION \u2122 | Luxurious Wedding Dresses &amp; Fashionable Gowns for Women, Girls and Kids\" \/>\n<meta property=\"og:image\" content=\"https:\/\/bridalfashion.com\/wp-content\/uploads\/2021\/10\/LS0011_A.jpg\" \/>\n\t<meta property=\"og:image:width\" content=\"1516\" \/>\n\t<meta property=\"og:image:height\" content=\"2000\" \/>\n\t<meta property=\"og:image:type\" content=\"image\/jpeg\" \/>\n<meta name=\"twitter:card\" content=\"summary_large_image\" \/>\n<script type=\"application\/ld+json\" class=\"yoast-schema-graph\">{\"@context\":\"https:\\\/\\\/schema.org\",\"@graph\":[{\"@type\":\"WebPage\",\"@id\":\"https:\\\/\\\/bridalfashion.com\\\/ro\\\/little-princess-ro\\\/rochie-bebe-albastru-fete-deep-v-iluzie-decolteu-style-ls0011\\\/\",\"url\":\"https:\\\/\\\/bridalfashion.com\\\/ro\\\/little-princess-ro\\\/rochie-bebe-albastru-fete-deep-v-iluzie-decolteu-style-ls0011\\\/\",\"name\":\"Rochie albastr\u0103 pentru fete cu o t\u0103ietur\u0103 profund\u0103 V iluzie - BRIDAL FASHION \u2122 | Luxurious Wedding Dresses &amp; Fashionable Gowns for Women, Girls and Kids\",\"isPartOf\":{\"@id\":\"https:\\\/\\\/bridalfashion.com\\\/ro\\\/#website\"},\"primaryImageOfPage\":{\"@id\":\"https:\\\/\\\/bridalfashion.com\\\/ro\\\/little-princess-ro\\\/rochie-bebe-albastru-fete-deep-v-iluzie-decolteu-style-ls0011\\\/#primaryimage\"},\"image\":{\"@id\":\"https:\\\/\\\/bridalfashion.com\\\/ro\\\/little-princess-ro\\\/rochie-bebe-albastru-fete-deep-v-iluzie-decolteu-style-ls0011\\\/#primaryimage\"},\"thumbnailUrl\":\"https:\\\/\\\/bridalfashion.com\\\/wp-content\\\/uploads\\\/2021\\\/10\\\/LS0011_A.jpg\",\"datePublished\":\"2022-10-19T15:36:50+00:00\",\"description\":\"Culoarea uimitoare a acestei rochii o face cu adev\u0103rat de neuitat. Topul V-Neckline \u00eempreun\u0103 cu pelerina transparent\u0103 cu pietre pre\u021bioase \u00eempr\u0103\u0219tiate peste tot completeaz\u0103 aspectul.\",\"breadcrumb\":{\"@id\":\"https:\\\/\\\/bridalfashion.com\\\/ro\\\/little-princess-ro\\\/rochie-bebe-albastru-fete-deep-v-iluzie-decolteu-style-ls0011\\\/#breadcrumb\"},\"inLanguage\":\"ro-RO\",\"potentialAction\":[{\"@type\":\"ReadAction\",\"target\":[\"https:\\\/\\\/bridalfashion.com\\\/ro\\\/little-princess-ro\\\/rochie-bebe-albastru-fete-deep-v-iluzie-decolteu-style-ls0011\\\/\"]}]},{\"@type\":\"ImageObject\",\"inLanguage\":\"ro-RO\",\"@id\":\"https:\\\/\\\/bridalfashion.com\\\/ro\\\/little-princess-ro\\\/rochie-bebe-albastru-fete-deep-v-iluzie-decolteu-style-ls0011\\\/#primaryimage\",\"url\":\"https:\\\/\\\/bridalfashion.com\\\/wp-content\\\/uploads\\\/2021\\\/10\\\/LS0011_A.jpg\",\"contentUrl\":\"https:\\\/\\\/bridalfashion.com\\\/wp-content\\\/uploads\\\/2021\\\/10\\\/LS0011_A.jpg\",\"width\":1516,\"height\":2000,\"caption\":\"Rochie pentru copii LS0011 Foto - BRIDAL FASHION\"},{\"@type\":\"BreadcrumbList\",\"@id\":\"https:\\\/\\\/bridalfashion.com\\\/ro\\\/little-princess-ro\\\/rochie-bebe-albastru-fete-deep-v-iluzie-decolteu-style-ls0011\\\/#breadcrumb\",\"itemListElement\":[{\"@type\":\"ListItem\",\"position\":1,\"name\":\"Home\",\"item\":\"https:\\\/\\\/bridalfashion.com\\\/ro\\\/\"},{\"@type\":\"ListItem\",\"position\":2,\"name\":\"Shop\",\"item\":\"https:\\\/\\\/bridalfashion.com\\\/shop-2\\\/\"},{\"@type\":\"ListItem\",\"position\":3,\"name\":\"Rochie albastr\u0103 pentru fete cu o t\u0103ietur\u0103 profund\u0103 V iluzie\"}]},{\"@type\":\"WebSite\",\"@id\":\"https:\\\/\\\/bridalfashion.com\\\/ro\\\/#website\",\"url\":\"https:\\\/\\\/bridalfashion.com\\\/ro\\\/\",\"name\":\"BRIDAL FASHION \u2122 | Luxurious Wedding Dresses &amp; Fashionable Gowns for Women, Girls and Kids\",\"description\":\"Welcome the leading manufacturer and supplier of wedding dresses. We offer in wholesale a large selection of high quality wedding dress collections and accessories for your business at competitive prices. Shop our full range of bridal products today!\",\"publisher\":{\"@id\":\"https:\\\/\\\/bridalfashion.com\\\/ro\\\/#organization\"},\"potentialAction\":[{\"@type\":\"SearchAction\",\"target\":{\"@type\":\"EntryPoint\",\"urlTemplate\":\"https:\\\/\\\/bridalfashion.com\\\/ro\\\/?s={search_term_string}\"},\"query-input\":{\"@type\":\"PropertyValueSpecification\",\"valueRequired\":true,\"valueName\":\"search_term_string\"}}],\"inLanguage\":\"ro-RO\"},{\"@type\":\"Organization\",\"@id\":\"https:\\\/\\\/bridalfashion.com\\\/ro\\\/#organization\",\"name\":\"BRIDAL FASHION \u2122 | Luxurious Wedding Dresses &amp; Fashionable Gowns for Women, Girls and Kids\",\"url\":\"https:\\\/\\\/bridalfashion.com\\\/ro\\\/\",\"logo\":{\"@type\":\"ImageObject\",\"inLanguage\":\"ro-RO\",\"@id\":\"https:\\\/\\\/bridalfashion.com\\\/ro\\\/#\\\/schema\\\/logo\\\/image\\\/\",\"url\":\"https:\\\/\\\/bridalfashion.com\\\/wp-content\\\/uploads\\\/2022\\\/05\\\/cropped-BFG.png\",\"contentUrl\":\"https:\\\/\\\/bridalfashion.com\\\/wp-content\\\/uploads\\\/2022\\\/05\\\/cropped-BFG.png\",\"width\":1771,\"height\":119,\"caption\":\"BRIDAL FASHION \u2122 | Luxurious Wedding Dresses &amp; Fashionable Gowns for Women, Girls and Kids\"},\"image\":{\"@id\":\"https:\\\/\\\/bridalfashion.com\\\/ro\\\/#\\\/schema\\\/logo\\\/image\\\/\"}}]}<\/script>\n<!-- \/ Yoast SEO plugin. -->","yoast_head_json":{"title":"Rochie albastr\u0103 pentru fete cu o t\u0103ietur\u0103 profund\u0103 V iluzie - BRIDAL FASHION \u2122 | Luxurious Wedding Dresses &amp; Fashionable Gowns for Women, Girls and Kids","description":"Culoarea uimitoare a acestei rochii o face cu adev\u0103rat de neuitat. Topul V-Neckline \u00eempreun\u0103 cu pelerina transparent\u0103 cu pietre pre\u021bioase \u00eempr\u0103\u0219tiate peste tot completeaz\u0103 aspectul.","robots":{"index":"index","follow":"follow","max-snippet":"max-snippet:-1","max-image-preview":"max-image-preview:large","max-video-preview":"max-video-preview:-1"},"canonical":"https:\/\/bridalfashion.com\/ro\/little-princess-ro\/rochie-bebe-albastru-fete-deep-v-iluzie-decolteu-style-ls0011\/","og_locale":"ro_RO","og_type":"article","og_title":"Rochie albastr\u0103 pentru fete cu o t\u0103ietur\u0103 profund\u0103 V iluzie - BRIDAL FASHION \u2122 | Luxurious Wedding Dresses &amp; Fashionable Gowns for Women, Girls and Kids","og_description":"Culoarea uimitoare a acestei rochii o face cu adev\u0103rat de neuitat. Topul V-Neckline \u00eempreun\u0103 cu pelerina transparent\u0103 cu pietre pre\u021bioase \u00eempr\u0103\u0219tiate peste tot completeaz\u0103 aspectul.","og_url":"https:\/\/bridalfashion.com\/ro\/little-princess-ro\/rochie-bebe-albastru-fete-deep-v-iluzie-decolteu-style-ls0011\/","og_site_name":"BRIDAL FASHION \u2122 | Luxurious Wedding Dresses &amp; Fashionable Gowns for Women, Girls and Kids","og_image":[{"width":1516,"height":2000,"url":"https:\/\/bridalfashion.com\/wp-content\/uploads\/2021\/10\/LS0011_A.jpg","type":"image\/jpeg"}],"twitter_card":"summary_large_image","schema":{"@context":"https:\/\/schema.org","@graph":[{"@type":"WebPage","@id":"https:\/\/bridalfashion.com\/ro\/little-princess-ro\/rochie-bebe-albastru-fete-deep-v-iluzie-decolteu-style-ls0011\/","url":"https:\/\/bridalfashion.com\/ro\/little-princess-ro\/rochie-bebe-albastru-fete-deep-v-iluzie-decolteu-style-ls0011\/","name":"Rochie albastr\u0103 pentru fete cu o t\u0103ietur\u0103 profund\u0103 V iluzie - BRIDAL FASHION \u2122 | Luxurious Wedding Dresses &amp; Fashionable Gowns for Women, Girls and Kids","isPartOf":{"@id":"https:\/\/bridalfashion.com\/ro\/#website"},"primaryImageOfPage":{"@id":"https:\/\/bridalfashion.com\/ro\/little-princess-ro\/rochie-bebe-albastru-fete-deep-v-iluzie-decolteu-style-ls0011\/#primaryimage"},"image":{"@id":"https:\/\/bridalfashion.com\/ro\/little-princess-ro\/rochie-bebe-albastru-fete-deep-v-iluzie-decolteu-style-ls0011\/#primaryimage"},"thumbnailUrl":"https:\/\/bridalfashion.com\/wp-content\/uploads\/2021\/10\/LS0011_A.jpg","datePublished":"2022-10-19T15:36:50+00:00","description":"Culoarea uimitoare a acestei rochii o face cu adev\u0103rat de neuitat. Topul V-Neckline \u00eempreun\u0103 cu pelerina transparent\u0103 cu pietre pre\u021bioase \u00eempr\u0103\u0219tiate peste tot completeaz\u0103 aspectul.","breadcrumb":{"@id":"https:\/\/bridalfashion.com\/ro\/little-princess-ro\/rochie-bebe-albastru-fete-deep-v-iluzie-decolteu-style-ls0011\/#breadcrumb"},"inLanguage":"ro-RO","potentialAction":[{"@type":"ReadAction","target":["https:\/\/bridalfashion.com\/ro\/little-princess-ro\/rochie-bebe-albastru-fete-deep-v-iluzie-decolteu-style-ls0011\/"]}]},{"@type":"ImageObject","inLanguage":"ro-RO","@id":"https:\/\/bridalfashion.com\/ro\/little-princess-ro\/rochie-bebe-albastru-fete-deep-v-iluzie-decolteu-style-ls0011\/#primaryimage","url":"https:\/\/bridalfashion.com\/wp-content\/uploads\/2021\/10\/LS0011_A.jpg","contentUrl":"https:\/\/bridalfashion.com\/wp-content\/uploads\/2021\/10\/LS0011_A.jpg","width":1516,"height":2000,"caption":"Rochie pentru copii LS0011 Foto - BRIDAL FASHION"},{"@type":"BreadcrumbList","@id":"https:\/\/bridalfashion.com\/ro\/little-princess-ro\/rochie-bebe-albastru-fete-deep-v-iluzie-decolteu-style-ls0011\/#breadcrumb","itemListElement":[{"@type":"ListItem","position":1,"name":"Home","item":"https:\/\/bridalfashion.com\/ro\/"},{"@type":"ListItem","position":2,"name":"Shop","item":"https:\/\/bridalfashion.com\/shop-2\/"},{"@type":"ListItem","position":3,"name":"Rochie albastr\u0103 pentru fete cu o t\u0103ietur\u0103 profund\u0103 V iluzie"}]},{"@type":"WebSite","@id":"https:\/\/bridalfashion.com\/ro\/#website","url":"https:\/\/bridalfashion.com\/ro\/","name":"BRIDAL FASHION \u2122 | Luxurious Wedding Dresses &amp; Fashionable Gowns for Women, Girls and Kids","description":"Welcome the leading manufacturer and supplier of wedding dresses. We offer in wholesale a large selection of high quality wedding dress collections and accessories for your business at competitive prices. Shop our full range of bridal products today!","publisher":{"@id":"https:\/\/bridalfashion.com\/ro\/#organization"},"potentialAction":[{"@type":"SearchAction","target":{"@type":"EntryPoint","urlTemplate":"https:\/\/bridalfashion.com\/ro\/?s={search_term_string}"},"query-input":{"@type":"PropertyValueSpecification","valueRequired":true,"valueName":"search_term_string"}}],"inLanguage":"ro-RO"},{"@type":"Organization","@id":"https:\/\/bridalfashion.com\/ro\/#organization","name":"BRIDAL FASHION \u2122 | Luxurious Wedding Dresses &amp; Fashionable Gowns for Women, Girls and Kids","url":"https:\/\/bridalfashion.com\/ro\/","logo":{"@type":"ImageObject","inLanguage":"ro-RO","@id":"https:\/\/bridalfashion.com\/ro\/#\/schema\/logo\/image\/","url":"https:\/\/bridalfashion.com\/wp-content\/uploads\/2022\/05\/cropped-BFG.png","contentUrl":"https:\/\/bridalfashion.com\/wp-content\/uploads\/2022\/05\/cropped-BFG.png","width":1771,"height":119,"caption":"BRIDAL FASHION \u2122 | Luxurious Wedding Dresses &amp; Fashionable Gowns for Women, Girls and Kids"},"image":{"@id":"https:\/\/bridalfashion.com\/ro\/#\/schema\/logo\/image\/"}}]}},"_links":{"self":[{"href":"https:\/\/bridalfashion.com\/ro\/wp-json\/wp\/v2\/product\/12011","targetHints":{"allow":["GET"]}}],"collection":[{"href":"https:\/\/bridalfashion.com\/ro\/wp-json\/wp\/v2\/product"}],"about":[{"href":"https:\/\/bridalfashion.com\/ro\/wp-json\/wp\/v2\/types\/product"}],"replies":[{"embeddable":true,"href":"https:\/\/bridalfashion.com\/ro\/wp-json\/wp\/v2\/comments?post=12011"}],"wp:featuredmedia":[{"embeddable":true,"href":"https:\/\/bridalfashion.com\/ro\/wp-json\/wp\/v2\/media\/7146"}],"wp:attachment":[{"href":"https:\/\/bridalfashion.com\/ro\/wp-json\/wp\/v2\/media?parent=12011"}],"wp:term":[{"taxonomy":"product_brand","embeddable":true,"href":"https:\/\/bridalfashion.com\/ro\/wp-json\/wp\/v2\/product_brand?post=12011"},{"taxonomy":"product_cat","embeddable":true,"href":"https:\/\/bridalfashion.com\/ro\/wp-json\/wp\/v2\/product_cat?post=12011"},{"taxonomy":"product_tag","embeddable":true,"href":"https:\/\/bridalfashion.com\/ro\/wp-json\/wp\/v2\/product_tag?post=12011"}],"curies":[{"name":"wp","href":"https:\/\/api.w.org\/{rel}","templated":true}]}}