{"id":11990,"date":"2021-10-06T11:50:44","date_gmt":"2022-10-17T07:55:14","guid":{"rendered":"https:\/\/bridalfashion.com\/fara-categorie\/rochie-pentru-fete-cu-flori-3d-si-silueta-de-printesa\/"},"modified":"2022-10-17T09:55:14","modified_gmt":"2022-10-17T07:55:14","slug":"fete-rochie-adornitoare-3d-flori-si-printesa-silueta-stilueta-style-ls0004","status":"publish","type":"product","link":"https:\/\/bridalfashion.com\/ro\/little-princess-ro\/fete-rochie-adornitoare-3d-flori-si-printesa-silueta-stilueta-style-ls0004\/","title":{"rendered":"Rochie pentru fete cu flori 3D \u0219i siluet\u0103 de prin\u021bes\u0103"},"content":{"rendered":"<p>Aceast\u0103 rochie aminte\u0219te de o gr\u0103din\u0103 \u00eenflorit\u0103 datorit\u0103 minunatelor ornamente florale care prind via\u021b\u0103 pe corset \u0219i plutesc pe mijlocul fustei. Decolteul ad\u00e2nc \u00eencrustat cu m\u0103rgele \u0219i \u0219ireturile de la spate completeaz\u0103 look-ul. Fusta \u00eempodobit\u0103 vine \u00een mai multe straturi \u0219i \u00eencheie look-ul. \u00ce\u021bi garant\u0103m c\u0103 aceast\u0103 \u021binut\u0103 festiv\u0103 \u00eei va da pe to\u021bi pe spate de \u00eendat\u0103 ce fata ta \u00ee\u0219i va face apari\u021bia.<\/p>\n","protected":false},"excerpt":{"rendered":"<h4>Stil: LS0004<\/h4>\n","protected":false},"featured_media":7029,"comment_status":"open","ping_status":"closed","template":"","meta":[],"product_brand":[],"product_cat":[959],"product_tag":[],"class_list":{"0":"post-11990","1":"product","2":"type-product","3":"status-publish","4":"has-post-thumbnail","6":"product_cat-little-princess-ro","8":"first","9":"instock","10":"taxable","11":"shipping-taxable","12":"product-type-simple"},"yoast_head":"<!-- This site is optimized with the Yoast SEO plugin v27.5 - https:\/\/yoast.com\/product\/yoast-seo-wordpress\/ -->\n<title>Rochie pentru fete cu flori 3D \u0219i siluet\u0103 de prin\u021bes\u0103 - BRIDAL FASHION \u2122 | Luxurious Wedding Dresses &amp; Fashionable Gowns for Women, Girls and Kids<\/title>\n<meta name=\"description\" content=\"Aceast\u0103 \u021binut\u0103 minunat\u0103 a ie\u0219it din paginile unei c\u0103r\u021bi de basm. Decora\u021biile florale 3D sunt m\u00e2ndria colec\u021biei Little Star.\" \/>\n<meta name=\"robots\" content=\"index, follow, max-snippet:-1, max-image-preview:large, max-video-preview:-1\" \/>\n<link rel=\"canonical\" href=\"https:\/\/bridalfashion.com\/ro\/little-princess-ro\/fete-rochie-adornitoare-3d-flori-si-printesa-silueta-stilueta-style-ls0004\/\" \/>\n<meta property=\"og:locale\" content=\"ro_RO\" \/>\n<meta property=\"og:type\" content=\"article\" \/>\n<meta property=\"og:title\" content=\"Rochie pentru fete cu flori 3D \u0219i siluet\u0103 de prin\u021bes\u0103 - BRIDAL FASHION \u2122 | Luxurious Wedding Dresses &amp; Fashionable Gowns for Women, Girls and Kids\" \/>\n<meta property=\"og:description\" content=\"Aceast\u0103 \u021binut\u0103 minunat\u0103 a ie\u0219it din paginile unei c\u0103r\u021bi de basm. Decora\u021biile florale 3D sunt m\u00e2ndria colec\u021biei Little Star.\" \/>\n<meta property=\"og:url\" content=\"https:\/\/bridalfashion.com\/ro\/little-princess-ro\/fete-rochie-adornitoare-3d-flori-si-printesa-silueta-stilueta-style-ls0004\/\" \/>\n<meta property=\"og:site_name\" content=\"BRIDAL FASHION \u2122 | Luxurious Wedding Dresses &amp; Fashionable Gowns for Women, Girls and Kids\" \/>\n<meta property=\"og:image\" content=\"https:\/\/bridalfashion.com\/wp-content\/uploads\/2021\/10\/LS0004_A.jpg\" \/>\n\t<meta property=\"og:image:width\" content=\"1516\" \/>\n\t<meta property=\"og:image:height\" content=\"2000\" \/>\n\t<meta property=\"og:image:type\" content=\"image\/jpeg\" \/>\n<meta name=\"twitter:card\" content=\"summary_large_image\" \/>\n<script type=\"application\/ld+json\" class=\"yoast-schema-graph\">{\"@context\":\"https:\\\/\\\/schema.org\",\"@graph\":[{\"@type\":\"WebPage\",\"@id\":\"https:\\\/\\\/bridalfashion.com\\\/ro\\\/little-princess-ro\\\/fete-rochie-adornitoare-3d-flori-si-printesa-silueta-stilueta-style-ls0004\\\/\",\"url\":\"https:\\\/\\\/bridalfashion.com\\\/ro\\\/little-princess-ro\\\/fete-rochie-adornitoare-3d-flori-si-printesa-silueta-stilueta-style-ls0004\\\/\",\"name\":\"Rochie pentru fete cu flori 3D \u0219i siluet\u0103 de prin\u021bes\u0103 - BRIDAL FASHION \u2122 | Luxurious Wedding Dresses &amp; Fashionable Gowns for Women, Girls and Kids\",\"isPartOf\":{\"@id\":\"https:\\\/\\\/bridalfashion.com\\\/ro\\\/#website\"},\"primaryImageOfPage\":{\"@id\":\"https:\\\/\\\/bridalfashion.com\\\/ro\\\/little-princess-ro\\\/fete-rochie-adornitoare-3d-flori-si-printesa-silueta-stilueta-style-ls0004\\\/#primaryimage\"},\"image\":{\"@id\":\"https:\\\/\\\/bridalfashion.com\\\/ro\\\/little-princess-ro\\\/fete-rochie-adornitoare-3d-flori-si-printesa-silueta-stilueta-style-ls0004\\\/#primaryimage\"},\"thumbnailUrl\":\"https:\\\/\\\/bridalfashion.com\\\/wp-content\\\/uploads\\\/2021\\\/10\\\/LS0004_A.jpg\",\"datePublished\":\"2022-10-17T07:55:14+00:00\",\"description\":\"Aceast\u0103 \u021binut\u0103 minunat\u0103 a ie\u0219it din paginile unei c\u0103r\u021bi de basm. Decora\u021biile florale 3D sunt m\u00e2ndria colec\u021biei Little Star.\",\"breadcrumb\":{\"@id\":\"https:\\\/\\\/bridalfashion.com\\\/ro\\\/little-princess-ro\\\/fete-rochie-adornitoare-3d-flori-si-printesa-silueta-stilueta-style-ls0004\\\/#breadcrumb\"},\"inLanguage\":\"ro-RO\",\"potentialAction\":[{\"@type\":\"ReadAction\",\"target\":[\"https:\\\/\\\/bridalfashion.com\\\/ro\\\/little-princess-ro\\\/fete-rochie-adornitoare-3d-flori-si-printesa-silueta-stilueta-style-ls0004\\\/\"]}]},{\"@type\":\"ImageObject\",\"inLanguage\":\"ro-RO\",\"@id\":\"https:\\\/\\\/bridalfashion.com\\\/ro\\\/little-princess-ro\\\/fete-rochie-adornitoare-3d-flori-si-printesa-silueta-stilueta-style-ls0004\\\/#primaryimage\",\"url\":\"https:\\\/\\\/bridalfashion.com\\\/wp-content\\\/uploads\\\/2021\\\/10\\\/LS0004_A.jpg\",\"contentUrl\":\"https:\\\/\\\/bridalfashion.com\\\/wp-content\\\/uploads\\\/2021\\\/10\\\/LS0004_A.jpg\",\"width\":1516,\"height\":2000,\"caption\":\"Rochie pentru copii LS0004 Foto - MODA BRIDAL\u0102\"},{\"@type\":\"BreadcrumbList\",\"@id\":\"https:\\\/\\\/bridalfashion.com\\\/ro\\\/little-princess-ro\\\/fete-rochie-adornitoare-3d-flori-si-printesa-silueta-stilueta-style-ls0004\\\/#breadcrumb\",\"itemListElement\":[{\"@type\":\"ListItem\",\"position\":1,\"name\":\"Home\",\"item\":\"https:\\\/\\\/bridalfashion.com\\\/ro\\\/\"},{\"@type\":\"ListItem\",\"position\":2,\"name\":\"Shop\",\"item\":\"https:\\\/\\\/bridalfashion.com\\\/shop-2\\\/\"},{\"@type\":\"ListItem\",\"position\":3,\"name\":\"Rochie pentru fete cu flori 3D \u0219i siluet\u0103 de prin\u021bes\u0103\"}]},{\"@type\":\"WebSite\",\"@id\":\"https:\\\/\\\/bridalfashion.com\\\/ro\\\/#website\",\"url\":\"https:\\\/\\\/bridalfashion.com\\\/ro\\\/\",\"name\":\"BRIDAL FASHION \u2122 | Luxurious Wedding Dresses &amp; Fashionable Gowns for Women, Girls and Kids\",\"description\":\"Welcome the leading manufacturer and supplier of wedding dresses. We offer in wholesale a large selection of high quality wedding dress collections and accessories for your business at competitive prices. Shop our full range of bridal products today!\",\"publisher\":{\"@id\":\"https:\\\/\\\/bridalfashion.com\\\/ro\\\/#organization\"},\"potentialAction\":[{\"@type\":\"SearchAction\",\"target\":{\"@type\":\"EntryPoint\",\"urlTemplate\":\"https:\\\/\\\/bridalfashion.com\\\/ro\\\/?s={search_term_string}\"},\"query-input\":{\"@type\":\"PropertyValueSpecification\",\"valueRequired\":true,\"valueName\":\"search_term_string\"}}],\"inLanguage\":\"ro-RO\"},{\"@type\":\"Organization\",\"@id\":\"https:\\\/\\\/bridalfashion.com\\\/ro\\\/#organization\",\"name\":\"BRIDAL FASHION \u2122 | Luxurious Wedding Dresses &amp; Fashionable Gowns for Women, Girls and Kids\",\"url\":\"https:\\\/\\\/bridalfashion.com\\\/ro\\\/\",\"logo\":{\"@type\":\"ImageObject\",\"inLanguage\":\"ro-RO\",\"@id\":\"https:\\\/\\\/bridalfashion.com\\\/ro\\\/#\\\/schema\\\/logo\\\/image\\\/\",\"url\":\"https:\\\/\\\/bridalfashion.com\\\/wp-content\\\/uploads\\\/2022\\\/05\\\/cropped-BFG.png\",\"contentUrl\":\"https:\\\/\\\/bridalfashion.com\\\/wp-content\\\/uploads\\\/2022\\\/05\\\/cropped-BFG.png\",\"width\":1771,\"height\":119,\"caption\":\"BRIDAL FASHION \u2122 | Luxurious Wedding Dresses &amp; Fashionable Gowns for Women, Girls and Kids\"},\"image\":{\"@id\":\"https:\\\/\\\/bridalfashion.com\\\/ro\\\/#\\\/schema\\\/logo\\\/image\\\/\"}}]}<\/script>\n<!-- \/ Yoast SEO plugin. -->","yoast_head_json":{"title":"Rochie pentru fete cu flori 3D \u0219i siluet\u0103 de prin\u021bes\u0103 - BRIDAL FASHION \u2122 | Luxurious Wedding Dresses &amp; Fashionable Gowns for Women, Girls and Kids","description":"Aceast\u0103 \u021binut\u0103 minunat\u0103 a ie\u0219it din paginile unei c\u0103r\u021bi de basm. Decora\u021biile florale 3D sunt m\u00e2ndria colec\u021biei Little Star.","robots":{"index":"index","follow":"follow","max-snippet":"max-snippet:-1","max-image-preview":"max-image-preview:large","max-video-preview":"max-video-preview:-1"},"canonical":"https:\/\/bridalfashion.com\/ro\/little-princess-ro\/fete-rochie-adornitoare-3d-flori-si-printesa-silueta-stilueta-style-ls0004\/","og_locale":"ro_RO","og_type":"article","og_title":"Rochie pentru fete cu flori 3D \u0219i siluet\u0103 de prin\u021bes\u0103 - BRIDAL FASHION \u2122 | Luxurious Wedding Dresses &amp; Fashionable Gowns for Women, Girls and Kids","og_description":"Aceast\u0103 \u021binut\u0103 minunat\u0103 a ie\u0219it din paginile unei c\u0103r\u021bi de basm. Decora\u021biile florale 3D sunt m\u00e2ndria colec\u021biei Little Star.","og_url":"https:\/\/bridalfashion.com\/ro\/little-princess-ro\/fete-rochie-adornitoare-3d-flori-si-printesa-silueta-stilueta-style-ls0004\/","og_site_name":"BRIDAL FASHION \u2122 | Luxurious Wedding Dresses &amp; Fashionable Gowns for Women, Girls and Kids","og_image":[{"width":1516,"height":2000,"url":"https:\/\/bridalfashion.com\/wp-content\/uploads\/2021\/10\/LS0004_A.jpg","type":"image\/jpeg"}],"twitter_card":"summary_large_image","schema":{"@context":"https:\/\/schema.org","@graph":[{"@type":"WebPage","@id":"https:\/\/bridalfashion.com\/ro\/little-princess-ro\/fete-rochie-adornitoare-3d-flori-si-printesa-silueta-stilueta-style-ls0004\/","url":"https:\/\/bridalfashion.com\/ro\/little-princess-ro\/fete-rochie-adornitoare-3d-flori-si-printesa-silueta-stilueta-style-ls0004\/","name":"Rochie pentru fete cu flori 3D \u0219i siluet\u0103 de prin\u021bes\u0103 - BRIDAL FASHION \u2122 | Luxurious Wedding Dresses &amp; Fashionable Gowns for Women, Girls and Kids","isPartOf":{"@id":"https:\/\/bridalfashion.com\/ro\/#website"},"primaryImageOfPage":{"@id":"https:\/\/bridalfashion.com\/ro\/little-princess-ro\/fete-rochie-adornitoare-3d-flori-si-printesa-silueta-stilueta-style-ls0004\/#primaryimage"},"image":{"@id":"https:\/\/bridalfashion.com\/ro\/little-princess-ro\/fete-rochie-adornitoare-3d-flori-si-printesa-silueta-stilueta-style-ls0004\/#primaryimage"},"thumbnailUrl":"https:\/\/bridalfashion.com\/wp-content\/uploads\/2021\/10\/LS0004_A.jpg","datePublished":"2022-10-17T07:55:14+00:00","description":"Aceast\u0103 \u021binut\u0103 minunat\u0103 a ie\u0219it din paginile unei c\u0103r\u021bi de basm. Decora\u021biile florale 3D sunt m\u00e2ndria colec\u021biei Little Star.","breadcrumb":{"@id":"https:\/\/bridalfashion.com\/ro\/little-princess-ro\/fete-rochie-adornitoare-3d-flori-si-printesa-silueta-stilueta-style-ls0004\/#breadcrumb"},"inLanguage":"ro-RO","potentialAction":[{"@type":"ReadAction","target":["https:\/\/bridalfashion.com\/ro\/little-princess-ro\/fete-rochie-adornitoare-3d-flori-si-printesa-silueta-stilueta-style-ls0004\/"]}]},{"@type":"ImageObject","inLanguage":"ro-RO","@id":"https:\/\/bridalfashion.com\/ro\/little-princess-ro\/fete-rochie-adornitoare-3d-flori-si-printesa-silueta-stilueta-style-ls0004\/#primaryimage","url":"https:\/\/bridalfashion.com\/wp-content\/uploads\/2021\/10\/LS0004_A.jpg","contentUrl":"https:\/\/bridalfashion.com\/wp-content\/uploads\/2021\/10\/LS0004_A.jpg","width":1516,"height":2000,"caption":"Rochie pentru copii LS0004 Foto - MODA BRIDAL\u0102"},{"@type":"BreadcrumbList","@id":"https:\/\/bridalfashion.com\/ro\/little-princess-ro\/fete-rochie-adornitoare-3d-flori-si-printesa-silueta-stilueta-style-ls0004\/#breadcrumb","itemListElement":[{"@type":"ListItem","position":1,"name":"Home","item":"https:\/\/bridalfashion.com\/ro\/"},{"@type":"ListItem","position":2,"name":"Shop","item":"https:\/\/bridalfashion.com\/shop-2\/"},{"@type":"ListItem","position":3,"name":"Rochie pentru fete cu flori 3D \u0219i siluet\u0103 de prin\u021bes\u0103"}]},{"@type":"WebSite","@id":"https:\/\/bridalfashion.com\/ro\/#website","url":"https:\/\/bridalfashion.com\/ro\/","name":"BRIDAL FASHION \u2122 | Luxurious Wedding Dresses &amp; Fashionable Gowns for Women, Girls and Kids","description":"Welcome the leading manufacturer and supplier of wedding dresses. We offer in wholesale a large selection of high quality wedding dress collections and accessories for your business at competitive prices. Shop our full range of bridal products today!","publisher":{"@id":"https:\/\/bridalfashion.com\/ro\/#organization"},"potentialAction":[{"@type":"SearchAction","target":{"@type":"EntryPoint","urlTemplate":"https:\/\/bridalfashion.com\/ro\/?s={search_term_string}"},"query-input":{"@type":"PropertyValueSpecification","valueRequired":true,"valueName":"search_term_string"}}],"inLanguage":"ro-RO"},{"@type":"Organization","@id":"https:\/\/bridalfashion.com\/ro\/#organization","name":"BRIDAL FASHION \u2122 | Luxurious Wedding Dresses &amp; Fashionable Gowns for Women, Girls and Kids","url":"https:\/\/bridalfashion.com\/ro\/","logo":{"@type":"ImageObject","inLanguage":"ro-RO","@id":"https:\/\/bridalfashion.com\/ro\/#\/schema\/logo\/image\/","url":"https:\/\/bridalfashion.com\/wp-content\/uploads\/2022\/05\/cropped-BFG.png","contentUrl":"https:\/\/bridalfashion.com\/wp-content\/uploads\/2022\/05\/cropped-BFG.png","width":1771,"height":119,"caption":"BRIDAL FASHION \u2122 | Luxurious Wedding Dresses &amp; Fashionable Gowns for Women, Girls and Kids"},"image":{"@id":"https:\/\/bridalfashion.com\/ro\/#\/schema\/logo\/image\/"}}]}},"_links":{"self":[{"href":"https:\/\/bridalfashion.com\/ro\/wp-json\/wp\/v2\/product\/11990","targetHints":{"allow":["GET"]}}],"collection":[{"href":"https:\/\/bridalfashion.com\/ro\/wp-json\/wp\/v2\/product"}],"about":[{"href":"https:\/\/bridalfashion.com\/ro\/wp-json\/wp\/v2\/types\/product"}],"replies":[{"embeddable":true,"href":"https:\/\/bridalfashion.com\/ro\/wp-json\/wp\/v2\/comments?post=11990"}],"wp:featuredmedia":[{"embeddable":true,"href":"https:\/\/bridalfashion.com\/ro\/wp-json\/wp\/v2\/media\/7029"}],"wp:attachment":[{"href":"https:\/\/bridalfashion.com\/ro\/wp-json\/wp\/v2\/media?parent=11990"}],"wp:term":[{"taxonomy":"product_brand","embeddable":true,"href":"https:\/\/bridalfashion.com\/ro\/wp-json\/wp\/v2\/product_brand?post=11990"},{"taxonomy":"product_cat","embeddable":true,"href":"https:\/\/bridalfashion.com\/ro\/wp-json\/wp\/v2\/product_cat?post=11990"},{"taxonomy":"product_tag","embeddable":true,"href":"https:\/\/bridalfashion.com\/ro\/wp-json\/wp\/v2\/product_tag?post=11990"}],"curies":[{"name":"wp","href":"https:\/\/api.w.org\/{rel}","templated":true}]}}