{"id":11987,"date":"2021-10-06T11:46:09","date_gmt":"2022-10-17T07:32:16","guid":{"rendered":"https:\/\/bridalfashion.com\/fara-categorie\/rochie-de-bal-pentru-copii-cu-incrustatii-de-pietre-pretioase-florale-si-strat-de-baza-stralucitor\/"},"modified":"2022-10-17T09:32:16","modified_gmt":"2022-10-17T07:32:16","slug":"rochie-de-bal-pentru-copii-incrustaii-de-bijuterii-florale-i-stil-de-subsol-sclipitor-ls0003","status":"publish","type":"product","link":"https:\/\/bridalfashion.com\/ro\/little-princess-ro\/rochie-de-bal-pentru-copii-incrustaii-de-bijuterii-florale-i-stil-de-subsol-sclipitor-ls0003\/","title":{"rendered":"Rochie de bal pentru copii cu incrusta\u021bii de pietre pre\u021bioase florale \u0219i strat de baz\u0103 str\u0103lucitor"},"content":{"rendered":"<p>Acest design ocup\u0103 un loc special \u00een colec\u021bia Little Star cu corsetul s\u0103u magnific de iluzie \u00eencrustat cu pietre pre\u021bioase multicolore \u0219i pietre pre\u021bioase. Imaginile florale care constituie v\u00e2rful arat\u0103 suprarealist iar pe spate, ansamblul este completat de nasturi prismatici. Fusta plin\u0103 de tul este \u00eempodobit\u0103 cu o multitudine de cristale care str\u0103lucesc frumos \u0219i aduc la via\u021b\u0103 personajele din basme pe care fata ta le ador\u0103.<\/p>\n","protected":false},"excerpt":{"rendered":"<h4>Style: LS0003<\/h4>\n","protected":false},"featured_media":7014,"comment_status":"open","ping_status":"closed","template":"","meta":[],"product_brand":[],"product_cat":[959],"product_tag":[],"class_list":{"0":"post-11987","1":"product","2":"type-product","3":"status-publish","4":"has-post-thumbnail","6":"product_cat-little-princess-ro","8":"first","9":"instock","10":"taxable","11":"shipping-taxable","12":"product-type-simple"},"yoast_head":"<!-- This site is optimized with the Yoast SEO plugin v27.5 - https:\/\/yoast.com\/product\/yoast-seo-wordpress\/ -->\n<title>Rochie de bal pentru copii cu incrusta\u021bii de pietre pre\u021bioase florale \u0219i strat de baz\u0103 str\u0103lucitor - BRIDAL FASHION \u2122 | Luxurious Wedding Dresses &amp; Fashionable Gowns for Women, Girls and Kids<\/title>\n<meta name=\"description\" content=\"Las\u0103-\u021bi feti\u021ba s\u0103 arate uimitoare \u00een aceast\u0103 rochie de prin\u021bes\u0103 multicolor\u0103, cu o multitudine de pietre pre\u021bioase str\u0103lucitoare. Fusta ampl\u0103 \u0219i cureaua fraged\u0103 completeaz\u0103 aspectul.\" \/>\n<meta name=\"robots\" content=\"index, follow, max-snippet:-1, max-image-preview:large, max-video-preview:-1\" \/>\n<link rel=\"canonical\" href=\"https:\/\/bridalfashion.com\/ro\/little-princess-ro\/rochie-de-bal-pentru-copii-incrustaii-de-bijuterii-florale-i-stil-de-subsol-sclipitor-ls0003\/\" \/>\n<meta property=\"og:locale\" content=\"ro_RO\" \/>\n<meta property=\"og:type\" content=\"article\" \/>\n<meta property=\"og:title\" content=\"Rochie de bal pentru copii cu incrusta\u021bii de pietre pre\u021bioase florale \u0219i strat de baz\u0103 str\u0103lucitor - BRIDAL FASHION \u2122 | Luxurious Wedding Dresses &amp; Fashionable Gowns for Women, Girls and Kids\" \/>\n<meta property=\"og:description\" content=\"Las\u0103-\u021bi feti\u021ba s\u0103 arate uimitoare \u00een aceast\u0103 rochie de prin\u021bes\u0103 multicolor\u0103, cu o multitudine de pietre pre\u021bioase str\u0103lucitoare. Fusta ampl\u0103 \u0219i cureaua fraged\u0103 completeaz\u0103 aspectul.\" \/>\n<meta property=\"og:url\" content=\"https:\/\/bridalfashion.com\/ro\/little-princess-ro\/rochie-de-bal-pentru-copii-incrustaii-de-bijuterii-florale-i-stil-de-subsol-sclipitor-ls0003\/\" \/>\n<meta property=\"og:site_name\" content=\"BRIDAL FASHION \u2122 | Luxurious Wedding Dresses &amp; Fashionable Gowns for Women, Girls and Kids\" \/>\n<meta property=\"og:image\" content=\"https:\/\/bridalfashion.com\/wp-content\/uploads\/2021\/10\/LS0003_A.jpg\" \/>\n\t<meta property=\"og:image:width\" content=\"1516\" \/>\n\t<meta property=\"og:image:height\" content=\"2000\" \/>\n\t<meta property=\"og:image:type\" content=\"image\/jpeg\" \/>\n<meta name=\"twitter:card\" content=\"summary_large_image\" \/>\n<script type=\"application\/ld+json\" class=\"yoast-schema-graph\">{\"@context\":\"https:\\\/\\\/schema.org\",\"@graph\":[{\"@type\":\"WebPage\",\"@id\":\"https:\\\/\\\/bridalfashion.com\\\/ro\\\/little-princess-ro\\\/rochie-de-bal-pentru-copii-incrustaii-de-bijuterii-florale-i-stil-de-subsol-sclipitor-ls0003\\\/\",\"url\":\"https:\\\/\\\/bridalfashion.com\\\/ro\\\/little-princess-ro\\\/rochie-de-bal-pentru-copii-incrustaii-de-bijuterii-florale-i-stil-de-subsol-sclipitor-ls0003\\\/\",\"name\":\"Rochie de bal pentru copii cu incrusta\u021bii de pietre pre\u021bioase florale \u0219i strat de baz\u0103 str\u0103lucitor - BRIDAL FASHION \u2122 | Luxurious Wedding Dresses &amp; Fashionable Gowns for Women, Girls and Kids\",\"isPartOf\":{\"@id\":\"https:\\\/\\\/bridalfashion.com\\\/ro\\\/#website\"},\"primaryImageOfPage\":{\"@id\":\"https:\\\/\\\/bridalfashion.com\\\/ro\\\/little-princess-ro\\\/rochie-de-bal-pentru-copii-incrustaii-de-bijuterii-florale-i-stil-de-subsol-sclipitor-ls0003\\\/#primaryimage\"},\"image\":{\"@id\":\"https:\\\/\\\/bridalfashion.com\\\/ro\\\/little-princess-ro\\\/rochie-de-bal-pentru-copii-incrustaii-de-bijuterii-florale-i-stil-de-subsol-sclipitor-ls0003\\\/#primaryimage\"},\"thumbnailUrl\":\"https:\\\/\\\/bridalfashion.com\\\/wp-content\\\/uploads\\\/2021\\\/10\\\/LS0003_A.jpg\",\"datePublished\":\"2022-10-17T07:32:16+00:00\",\"description\":\"Las\u0103-\u021bi feti\u021ba s\u0103 arate uimitoare \u00een aceast\u0103 rochie de prin\u021bes\u0103 multicolor\u0103, cu o multitudine de pietre pre\u021bioase str\u0103lucitoare. Fusta ampl\u0103 \u0219i cureaua fraged\u0103 completeaz\u0103 aspectul.\",\"breadcrumb\":{\"@id\":\"https:\\\/\\\/bridalfashion.com\\\/ro\\\/little-princess-ro\\\/rochie-de-bal-pentru-copii-incrustaii-de-bijuterii-florale-i-stil-de-subsol-sclipitor-ls0003\\\/#breadcrumb\"},\"inLanguage\":\"ro-RO\",\"potentialAction\":[{\"@type\":\"ReadAction\",\"target\":[\"https:\\\/\\\/bridalfashion.com\\\/ro\\\/little-princess-ro\\\/rochie-de-bal-pentru-copii-incrustaii-de-bijuterii-florale-i-stil-de-subsol-sclipitor-ls0003\\\/\"]}]},{\"@type\":\"ImageObject\",\"inLanguage\":\"ro-RO\",\"@id\":\"https:\\\/\\\/bridalfashion.com\\\/ro\\\/little-princess-ro\\\/rochie-de-bal-pentru-copii-incrustaii-de-bijuterii-florale-i-stil-de-subsol-sclipitor-ls0003\\\/#primaryimage\",\"url\":\"https:\\\/\\\/bridalfashion.com\\\/wp-content\\\/uploads\\\/2021\\\/10\\\/LS0003_A.jpg\",\"contentUrl\":\"https:\\\/\\\/bridalfashion.com\\\/wp-content\\\/uploads\\\/2021\\\/10\\\/LS0003_A.jpg\",\"width\":1516,\"height\":2000,\"caption\":\"Rochie pentru copii LS0003 Foto - BRIDAL FASHION\"},{\"@type\":\"BreadcrumbList\",\"@id\":\"https:\\\/\\\/bridalfashion.com\\\/ro\\\/little-princess-ro\\\/rochie-de-bal-pentru-copii-incrustaii-de-bijuterii-florale-i-stil-de-subsol-sclipitor-ls0003\\\/#breadcrumb\",\"itemListElement\":[{\"@type\":\"ListItem\",\"position\":1,\"name\":\"Home\",\"item\":\"https:\\\/\\\/bridalfashion.com\\\/ro\\\/\"},{\"@type\":\"ListItem\",\"position\":2,\"name\":\"Shop\",\"item\":\"https:\\\/\\\/bridalfashion.com\\\/shop-2\\\/\"},{\"@type\":\"ListItem\",\"position\":3,\"name\":\"Rochie de bal pentru copii cu incrusta\u021bii de pietre pre\u021bioase florale \u0219i strat de baz\u0103 str\u0103lucitor\"}]},{\"@type\":\"WebSite\",\"@id\":\"https:\\\/\\\/bridalfashion.com\\\/ro\\\/#website\",\"url\":\"https:\\\/\\\/bridalfashion.com\\\/ro\\\/\",\"name\":\"BRIDAL FASHION \u2122 | Luxurious Wedding Dresses &amp; Fashionable Gowns for Women, Girls and Kids\",\"description\":\"Welcome the leading manufacturer and supplier of wedding dresses. We offer in wholesale a large selection of high quality wedding dress collections and accessories for your business at competitive prices. Shop our full range of bridal products today!\",\"publisher\":{\"@id\":\"https:\\\/\\\/bridalfashion.com\\\/ro\\\/#organization\"},\"potentialAction\":[{\"@type\":\"SearchAction\",\"target\":{\"@type\":\"EntryPoint\",\"urlTemplate\":\"https:\\\/\\\/bridalfashion.com\\\/ro\\\/?s={search_term_string}\"},\"query-input\":{\"@type\":\"PropertyValueSpecification\",\"valueRequired\":true,\"valueName\":\"search_term_string\"}}],\"inLanguage\":\"ro-RO\"},{\"@type\":\"Organization\",\"@id\":\"https:\\\/\\\/bridalfashion.com\\\/ro\\\/#organization\",\"name\":\"BRIDAL FASHION \u2122 | Luxurious Wedding Dresses &amp; Fashionable Gowns for Women, Girls and Kids\",\"url\":\"https:\\\/\\\/bridalfashion.com\\\/ro\\\/\",\"logo\":{\"@type\":\"ImageObject\",\"inLanguage\":\"ro-RO\",\"@id\":\"https:\\\/\\\/bridalfashion.com\\\/ro\\\/#\\\/schema\\\/logo\\\/image\\\/\",\"url\":\"https:\\\/\\\/bridalfashion.com\\\/wp-content\\\/uploads\\\/2022\\\/05\\\/cropped-BFG.png\",\"contentUrl\":\"https:\\\/\\\/bridalfashion.com\\\/wp-content\\\/uploads\\\/2022\\\/05\\\/cropped-BFG.png\",\"width\":1771,\"height\":119,\"caption\":\"BRIDAL FASHION \u2122 | Luxurious Wedding Dresses &amp; Fashionable Gowns for Women, Girls and Kids\"},\"image\":{\"@id\":\"https:\\\/\\\/bridalfashion.com\\\/ro\\\/#\\\/schema\\\/logo\\\/image\\\/\"}}]}<\/script>\n<!-- \/ Yoast SEO plugin. -->","yoast_head_json":{"title":"Rochie de bal pentru copii cu incrusta\u021bii de pietre pre\u021bioase florale \u0219i strat de baz\u0103 str\u0103lucitor - BRIDAL FASHION \u2122 | Luxurious Wedding Dresses &amp; Fashionable Gowns for Women, Girls and Kids","description":"Las\u0103-\u021bi feti\u021ba s\u0103 arate uimitoare \u00een aceast\u0103 rochie de prin\u021bes\u0103 multicolor\u0103, cu o multitudine de pietre pre\u021bioase str\u0103lucitoare. Fusta ampl\u0103 \u0219i cureaua fraged\u0103 completeaz\u0103 aspectul.","robots":{"index":"index","follow":"follow","max-snippet":"max-snippet:-1","max-image-preview":"max-image-preview:large","max-video-preview":"max-video-preview:-1"},"canonical":"https:\/\/bridalfashion.com\/ro\/little-princess-ro\/rochie-de-bal-pentru-copii-incrustaii-de-bijuterii-florale-i-stil-de-subsol-sclipitor-ls0003\/","og_locale":"ro_RO","og_type":"article","og_title":"Rochie de bal pentru copii cu incrusta\u021bii de pietre pre\u021bioase florale \u0219i strat de baz\u0103 str\u0103lucitor - BRIDAL FASHION \u2122 | Luxurious Wedding Dresses &amp; Fashionable Gowns for Women, Girls and Kids","og_description":"Las\u0103-\u021bi feti\u021ba s\u0103 arate uimitoare \u00een aceast\u0103 rochie de prin\u021bes\u0103 multicolor\u0103, cu o multitudine de pietre pre\u021bioase str\u0103lucitoare. Fusta ampl\u0103 \u0219i cureaua fraged\u0103 completeaz\u0103 aspectul.","og_url":"https:\/\/bridalfashion.com\/ro\/little-princess-ro\/rochie-de-bal-pentru-copii-incrustaii-de-bijuterii-florale-i-stil-de-subsol-sclipitor-ls0003\/","og_site_name":"BRIDAL FASHION \u2122 | Luxurious Wedding Dresses &amp; Fashionable Gowns for Women, Girls and Kids","og_image":[{"width":1516,"height":2000,"url":"https:\/\/bridalfashion.com\/wp-content\/uploads\/2021\/10\/LS0003_A.jpg","type":"image\/jpeg"}],"twitter_card":"summary_large_image","schema":{"@context":"https:\/\/schema.org","@graph":[{"@type":"WebPage","@id":"https:\/\/bridalfashion.com\/ro\/little-princess-ro\/rochie-de-bal-pentru-copii-incrustaii-de-bijuterii-florale-i-stil-de-subsol-sclipitor-ls0003\/","url":"https:\/\/bridalfashion.com\/ro\/little-princess-ro\/rochie-de-bal-pentru-copii-incrustaii-de-bijuterii-florale-i-stil-de-subsol-sclipitor-ls0003\/","name":"Rochie de bal pentru copii cu incrusta\u021bii de pietre pre\u021bioase florale \u0219i strat de baz\u0103 str\u0103lucitor - BRIDAL FASHION \u2122 | Luxurious Wedding Dresses &amp; Fashionable Gowns for Women, Girls and Kids","isPartOf":{"@id":"https:\/\/bridalfashion.com\/ro\/#website"},"primaryImageOfPage":{"@id":"https:\/\/bridalfashion.com\/ro\/little-princess-ro\/rochie-de-bal-pentru-copii-incrustaii-de-bijuterii-florale-i-stil-de-subsol-sclipitor-ls0003\/#primaryimage"},"image":{"@id":"https:\/\/bridalfashion.com\/ro\/little-princess-ro\/rochie-de-bal-pentru-copii-incrustaii-de-bijuterii-florale-i-stil-de-subsol-sclipitor-ls0003\/#primaryimage"},"thumbnailUrl":"https:\/\/bridalfashion.com\/wp-content\/uploads\/2021\/10\/LS0003_A.jpg","datePublished":"2022-10-17T07:32:16+00:00","description":"Las\u0103-\u021bi feti\u021ba s\u0103 arate uimitoare \u00een aceast\u0103 rochie de prin\u021bes\u0103 multicolor\u0103, cu o multitudine de pietre pre\u021bioase str\u0103lucitoare. Fusta ampl\u0103 \u0219i cureaua fraged\u0103 completeaz\u0103 aspectul.","breadcrumb":{"@id":"https:\/\/bridalfashion.com\/ro\/little-princess-ro\/rochie-de-bal-pentru-copii-incrustaii-de-bijuterii-florale-i-stil-de-subsol-sclipitor-ls0003\/#breadcrumb"},"inLanguage":"ro-RO","potentialAction":[{"@type":"ReadAction","target":["https:\/\/bridalfashion.com\/ro\/little-princess-ro\/rochie-de-bal-pentru-copii-incrustaii-de-bijuterii-florale-i-stil-de-subsol-sclipitor-ls0003\/"]}]},{"@type":"ImageObject","inLanguage":"ro-RO","@id":"https:\/\/bridalfashion.com\/ro\/little-princess-ro\/rochie-de-bal-pentru-copii-incrustaii-de-bijuterii-florale-i-stil-de-subsol-sclipitor-ls0003\/#primaryimage","url":"https:\/\/bridalfashion.com\/wp-content\/uploads\/2021\/10\/LS0003_A.jpg","contentUrl":"https:\/\/bridalfashion.com\/wp-content\/uploads\/2021\/10\/LS0003_A.jpg","width":1516,"height":2000,"caption":"Rochie pentru copii LS0003 Foto - BRIDAL FASHION"},{"@type":"BreadcrumbList","@id":"https:\/\/bridalfashion.com\/ro\/little-princess-ro\/rochie-de-bal-pentru-copii-incrustaii-de-bijuterii-florale-i-stil-de-subsol-sclipitor-ls0003\/#breadcrumb","itemListElement":[{"@type":"ListItem","position":1,"name":"Home","item":"https:\/\/bridalfashion.com\/ro\/"},{"@type":"ListItem","position":2,"name":"Shop","item":"https:\/\/bridalfashion.com\/shop-2\/"},{"@type":"ListItem","position":3,"name":"Rochie de bal pentru copii cu incrusta\u021bii de pietre pre\u021bioase florale \u0219i strat de baz\u0103 str\u0103lucitor"}]},{"@type":"WebSite","@id":"https:\/\/bridalfashion.com\/ro\/#website","url":"https:\/\/bridalfashion.com\/ro\/","name":"BRIDAL FASHION \u2122 | Luxurious Wedding Dresses &amp; Fashionable Gowns for Women, Girls and Kids","description":"Welcome the leading manufacturer and supplier of wedding dresses. We offer in wholesale a large selection of high quality wedding dress collections and accessories for your business at competitive prices. Shop our full range of bridal products today!","publisher":{"@id":"https:\/\/bridalfashion.com\/ro\/#organization"},"potentialAction":[{"@type":"SearchAction","target":{"@type":"EntryPoint","urlTemplate":"https:\/\/bridalfashion.com\/ro\/?s={search_term_string}"},"query-input":{"@type":"PropertyValueSpecification","valueRequired":true,"valueName":"search_term_string"}}],"inLanguage":"ro-RO"},{"@type":"Organization","@id":"https:\/\/bridalfashion.com\/ro\/#organization","name":"BRIDAL FASHION \u2122 | Luxurious Wedding Dresses &amp; Fashionable Gowns for Women, Girls and Kids","url":"https:\/\/bridalfashion.com\/ro\/","logo":{"@type":"ImageObject","inLanguage":"ro-RO","@id":"https:\/\/bridalfashion.com\/ro\/#\/schema\/logo\/image\/","url":"https:\/\/bridalfashion.com\/wp-content\/uploads\/2022\/05\/cropped-BFG.png","contentUrl":"https:\/\/bridalfashion.com\/wp-content\/uploads\/2022\/05\/cropped-BFG.png","width":1771,"height":119,"caption":"BRIDAL FASHION \u2122 | Luxurious Wedding Dresses &amp; Fashionable Gowns for Women, Girls and Kids"},"image":{"@id":"https:\/\/bridalfashion.com\/ro\/#\/schema\/logo\/image\/"}}]}},"_links":{"self":[{"href":"https:\/\/bridalfashion.com\/ro\/wp-json\/wp\/v2\/product\/11987","targetHints":{"allow":["GET"]}}],"collection":[{"href":"https:\/\/bridalfashion.com\/ro\/wp-json\/wp\/v2\/product"}],"about":[{"href":"https:\/\/bridalfashion.com\/ro\/wp-json\/wp\/v2\/types\/product"}],"replies":[{"embeddable":true,"href":"https:\/\/bridalfashion.com\/ro\/wp-json\/wp\/v2\/comments?post=11987"}],"wp:featuredmedia":[{"embeddable":true,"href":"https:\/\/bridalfashion.com\/ro\/wp-json\/wp\/v2\/media\/7014"}],"wp:attachment":[{"href":"https:\/\/bridalfashion.com\/ro\/wp-json\/wp\/v2\/media?parent=11987"}],"wp:term":[{"taxonomy":"product_brand","embeddable":true,"href":"https:\/\/bridalfashion.com\/ro\/wp-json\/wp\/v2\/product_brand?post=11987"},{"taxonomy":"product_cat","embeddable":true,"href":"https:\/\/bridalfashion.com\/ro\/wp-json\/wp\/v2\/product_cat?post=11987"},{"taxonomy":"product_tag","embeddable":true,"href":"https:\/\/bridalfashion.com\/ro\/wp-json\/wp\/v2\/product_tag?post=11987"}],"curies":[{"name":"wp","href":"https:\/\/api.w.org\/{rel}","templated":true}]}}