{"id":11984,"date":"2021-10-06T11:39:03","date_gmt":"2022-10-14T19:10:32","guid":{"rendered":"https:\/\/bridalfashion.com\/fara-categorie\/rochie-de-fata-cu-flori-illusion-cu-aplicatii-florale-multicolore\/"},"modified":"2022-10-14T21:10:32","modified_gmt":"2022-10-14T19:10:32","slug":"rochie-de-fata-flora-iluzie-aplicate-florale-multicolore-stil-ls0002","status":"publish","type":"product","link":"https:\/\/bridalfashion.com\/ro\/little-princess-ro\/rochie-de-fata-flora-iluzie-aplicate-florale-multicolore-stil-ls0002\/","title":{"rendered":"Rochie de fat\u0103 cu flori Illusion cu aplica\u021bii florale multicolore"},"content":{"rendered":"<p>Totul despre aceast\u0103 rochie este nobil \u0219i maiestuos, perfect pentru un eveniment formal. Corsetul este format dintr-o \u021bes\u0103tur\u0103 de plas\u0103 \u0219i o mul\u021bime de aplica\u021bii pastelate multicolore. M\u00e2necile lungi c\u00e2\u0219tig\u0103 volum \u00eencep\u00e2nd din zona cotului \u0219i adaug\u0103 un farmec deosebit aspectului general. Mai mult, topul este impodobit de perle de aceeasi nuanta si nasturi prismatici pe spate. Fusta multistratificata face tinuta de neuitat.<\/p>\n","protected":false},"excerpt":{"rendered":"<h4>Style: LS0002<\/h4>\n","protected":false},"featured_media":6999,"comment_status":"open","ping_status":"closed","template":"","meta":[],"product_brand":[],"product_cat":[959],"product_tag":[],"class_list":{"0":"post-11984","1":"product","2":"type-product","3":"status-publish","4":"has-post-thumbnail","6":"product_cat-little-princess-ro","8":"first","9":"instock","10":"taxable","11":"shipping-taxable","12":"product-type-simple"},"yoast_head":"<!-- This site is optimized with the Yoast SEO plugin v27.4 - https:\/\/yoast.com\/product\/yoast-seo-wordpress\/ -->\n<title>Rochie de fat\u0103 cu flori Illusion cu aplica\u021bii florale multicolore - BRIDAL FASHION \u2122 | Luxurious Wedding Dresses &amp; Fashionable Gowns for Women, Girls and Kids<\/title>\n<meta name=\"description\" content=\"Decoratiunile bogate ale acestei rochii de fete stau la baza tinutei. Format din aplica\u021bii multicolore, corsetul s\u0103u este de vis \u0219i plin de farmec.\" \/>\n<meta name=\"robots\" content=\"index, follow, max-snippet:-1, max-image-preview:large, max-video-preview:-1\" \/>\n<link rel=\"canonical\" href=\"https:\/\/bridalfashion.com\/ro\/little-princess-ro\/rochie-de-fata-flora-iluzie-aplicate-florale-multicolore-stil-ls0002\/\" \/>\n<meta property=\"og:locale\" content=\"ro_RO\" \/>\n<meta property=\"og:type\" content=\"article\" \/>\n<meta property=\"og:title\" content=\"Rochie de fat\u0103 cu flori Illusion cu aplica\u021bii florale multicolore - BRIDAL FASHION \u2122 | Luxurious Wedding Dresses &amp; Fashionable Gowns for Women, Girls and Kids\" \/>\n<meta property=\"og:description\" content=\"Decoratiunile bogate ale acestei rochii de fete stau la baza tinutei. Format din aplica\u021bii multicolore, corsetul s\u0103u este de vis \u0219i plin de farmec.\" \/>\n<meta property=\"og:url\" content=\"https:\/\/bridalfashion.com\/ro\/little-princess-ro\/rochie-de-fata-flora-iluzie-aplicate-florale-multicolore-stil-ls0002\/\" \/>\n<meta property=\"og:site_name\" content=\"BRIDAL FASHION \u2122 | Luxurious Wedding Dresses &amp; Fashionable Gowns for Women, Girls and Kids\" \/>\n<meta property=\"og:image\" content=\"https:\/\/bridalfashion.com\/wp-content\/uploads\/2021\/10\/LS0002_A.jpg\" \/>\n\t<meta property=\"og:image:width\" content=\"1516\" \/>\n\t<meta property=\"og:image:height\" content=\"2000\" \/>\n\t<meta property=\"og:image:type\" content=\"image\/jpeg\" \/>\n<meta name=\"twitter:card\" content=\"summary_large_image\" \/>\n<script type=\"application\/ld+json\" class=\"yoast-schema-graph\">{\"@context\":\"https:\\\/\\\/schema.org\",\"@graph\":[{\"@type\":\"WebPage\",\"@id\":\"https:\\\/\\\/bridalfashion.com\\\/ro\\\/little-princess-ro\\\/rochie-de-fata-flora-iluzie-aplicate-florale-multicolore-stil-ls0002\\\/\",\"url\":\"https:\\\/\\\/bridalfashion.com\\\/ro\\\/little-princess-ro\\\/rochie-de-fata-flora-iluzie-aplicate-florale-multicolore-stil-ls0002\\\/\",\"name\":\"Rochie de fat\u0103 cu flori Illusion cu aplica\u021bii florale multicolore - BRIDAL FASHION \u2122 | Luxurious Wedding Dresses &amp; Fashionable Gowns for Women, Girls and Kids\",\"isPartOf\":{\"@id\":\"https:\\\/\\\/bridalfashion.com\\\/ro\\\/#website\"},\"primaryImageOfPage\":{\"@id\":\"https:\\\/\\\/bridalfashion.com\\\/ro\\\/little-princess-ro\\\/rochie-de-fata-flora-iluzie-aplicate-florale-multicolore-stil-ls0002\\\/#primaryimage\"},\"image\":{\"@id\":\"https:\\\/\\\/bridalfashion.com\\\/ro\\\/little-princess-ro\\\/rochie-de-fata-flora-iluzie-aplicate-florale-multicolore-stil-ls0002\\\/#primaryimage\"},\"thumbnailUrl\":\"https:\\\/\\\/bridalfashion.com\\\/wp-content\\\/uploads\\\/2021\\\/10\\\/LS0002_A.jpg\",\"datePublished\":\"2022-10-14T19:10:32+00:00\",\"description\":\"Decoratiunile bogate ale acestei rochii de fete stau la baza tinutei. Format din aplica\u021bii multicolore, corsetul s\u0103u este de vis \u0219i plin de farmec.\",\"breadcrumb\":{\"@id\":\"https:\\\/\\\/bridalfashion.com\\\/ro\\\/little-princess-ro\\\/rochie-de-fata-flora-iluzie-aplicate-florale-multicolore-stil-ls0002\\\/#breadcrumb\"},\"inLanguage\":\"ro-RO\",\"potentialAction\":[{\"@type\":\"ReadAction\",\"target\":[\"https:\\\/\\\/bridalfashion.com\\\/ro\\\/little-princess-ro\\\/rochie-de-fata-flora-iluzie-aplicate-florale-multicolore-stil-ls0002\\\/\"]}]},{\"@type\":\"ImageObject\",\"inLanguage\":\"ro-RO\",\"@id\":\"https:\\\/\\\/bridalfashion.com\\\/ro\\\/little-princess-ro\\\/rochie-de-fata-flora-iluzie-aplicate-florale-multicolore-stil-ls0002\\\/#primaryimage\",\"url\":\"https:\\\/\\\/bridalfashion.com\\\/wp-content\\\/uploads\\\/2021\\\/10\\\/LS0002_A.jpg\",\"contentUrl\":\"https:\\\/\\\/bridalfashion.com\\\/wp-content\\\/uploads\\\/2021\\\/10\\\/LS0002_A.jpg\",\"width\":1516,\"height\":2000,\"caption\":\"Rochie pentru copii LS0002 Foto - BRIDAL FASHION\"},{\"@type\":\"BreadcrumbList\",\"@id\":\"https:\\\/\\\/bridalfashion.com\\\/ro\\\/little-princess-ro\\\/rochie-de-fata-flora-iluzie-aplicate-florale-multicolore-stil-ls0002\\\/#breadcrumb\",\"itemListElement\":[{\"@type\":\"ListItem\",\"position\":1,\"name\":\"Home\",\"item\":\"https:\\\/\\\/bridalfashion.com\\\/ro\\\/\"},{\"@type\":\"ListItem\",\"position\":2,\"name\":\"Shop\",\"item\":\"https:\\\/\\\/bridalfashion.com\\\/shop-2\\\/\"},{\"@type\":\"ListItem\",\"position\":3,\"name\":\"Rochie de fat\u0103 cu flori Illusion cu aplica\u021bii florale multicolore\"}]},{\"@type\":\"WebSite\",\"@id\":\"https:\\\/\\\/bridalfashion.com\\\/ro\\\/#website\",\"url\":\"https:\\\/\\\/bridalfashion.com\\\/ro\\\/\",\"name\":\"BRIDAL FASHION \u2122 | Luxurious Wedding Dresses &amp; Fashionable Gowns for Women, Girls and Kids\",\"description\":\"Welcome the leading manufacturer and supplier of wedding dresses. We offer in wholesale a large selection of high quality wedding dress collections and accessories for your business at competitive prices. Shop our full range of bridal products today!\",\"publisher\":{\"@id\":\"https:\\\/\\\/bridalfashion.com\\\/ro\\\/#organization\"},\"potentialAction\":[{\"@type\":\"SearchAction\",\"target\":{\"@type\":\"EntryPoint\",\"urlTemplate\":\"https:\\\/\\\/bridalfashion.com\\\/ro\\\/?s={search_term_string}\"},\"query-input\":{\"@type\":\"PropertyValueSpecification\",\"valueRequired\":true,\"valueName\":\"search_term_string\"}}],\"inLanguage\":\"ro-RO\"},{\"@type\":\"Organization\",\"@id\":\"https:\\\/\\\/bridalfashion.com\\\/ro\\\/#organization\",\"name\":\"BRIDAL FASHION \u2122 | Luxurious Wedding Dresses &amp; Fashionable Gowns for Women, Girls and Kids\",\"url\":\"https:\\\/\\\/bridalfashion.com\\\/ro\\\/\",\"logo\":{\"@type\":\"ImageObject\",\"inLanguage\":\"ro-RO\",\"@id\":\"https:\\\/\\\/bridalfashion.com\\\/ro\\\/#\\\/schema\\\/logo\\\/image\\\/\",\"url\":\"https:\\\/\\\/bridalfashion.com\\\/wp-content\\\/uploads\\\/2022\\\/05\\\/cropped-BFG.png\",\"contentUrl\":\"https:\\\/\\\/bridalfashion.com\\\/wp-content\\\/uploads\\\/2022\\\/05\\\/cropped-BFG.png\",\"width\":1771,\"height\":119,\"caption\":\"BRIDAL FASHION \u2122 | Luxurious Wedding Dresses &amp; Fashionable Gowns for Women, Girls and Kids\"},\"image\":{\"@id\":\"https:\\\/\\\/bridalfashion.com\\\/ro\\\/#\\\/schema\\\/logo\\\/image\\\/\"}}]}<\/script>\n<!-- \/ Yoast SEO plugin. -->","yoast_head_json":{"title":"Rochie de fat\u0103 cu flori Illusion cu aplica\u021bii florale multicolore - BRIDAL FASHION \u2122 | Luxurious Wedding Dresses &amp; Fashionable Gowns for Women, Girls and Kids","description":"Decoratiunile bogate ale acestei rochii de fete stau la baza tinutei. Format din aplica\u021bii multicolore, corsetul s\u0103u este de vis \u0219i plin de farmec.","robots":{"index":"index","follow":"follow","max-snippet":"max-snippet:-1","max-image-preview":"max-image-preview:large","max-video-preview":"max-video-preview:-1"},"canonical":"https:\/\/bridalfashion.com\/ro\/little-princess-ro\/rochie-de-fata-flora-iluzie-aplicate-florale-multicolore-stil-ls0002\/","og_locale":"ro_RO","og_type":"article","og_title":"Rochie de fat\u0103 cu flori Illusion cu aplica\u021bii florale multicolore - BRIDAL FASHION \u2122 | Luxurious Wedding Dresses &amp; Fashionable Gowns for Women, Girls and Kids","og_description":"Decoratiunile bogate ale acestei rochii de fete stau la baza tinutei. Format din aplica\u021bii multicolore, corsetul s\u0103u este de vis \u0219i plin de farmec.","og_url":"https:\/\/bridalfashion.com\/ro\/little-princess-ro\/rochie-de-fata-flora-iluzie-aplicate-florale-multicolore-stil-ls0002\/","og_site_name":"BRIDAL FASHION \u2122 | Luxurious Wedding Dresses &amp; Fashionable Gowns for Women, Girls and Kids","og_image":[{"width":1516,"height":2000,"url":"https:\/\/bridalfashion.com\/wp-content\/uploads\/2021\/10\/LS0002_A.jpg","type":"image\/jpeg"}],"twitter_card":"summary_large_image","schema":{"@context":"https:\/\/schema.org","@graph":[{"@type":"WebPage","@id":"https:\/\/bridalfashion.com\/ro\/little-princess-ro\/rochie-de-fata-flora-iluzie-aplicate-florale-multicolore-stil-ls0002\/","url":"https:\/\/bridalfashion.com\/ro\/little-princess-ro\/rochie-de-fata-flora-iluzie-aplicate-florale-multicolore-stil-ls0002\/","name":"Rochie de fat\u0103 cu flori Illusion cu aplica\u021bii florale multicolore - BRIDAL FASHION \u2122 | Luxurious Wedding Dresses &amp; Fashionable Gowns for Women, Girls and Kids","isPartOf":{"@id":"https:\/\/bridalfashion.com\/ro\/#website"},"primaryImageOfPage":{"@id":"https:\/\/bridalfashion.com\/ro\/little-princess-ro\/rochie-de-fata-flora-iluzie-aplicate-florale-multicolore-stil-ls0002\/#primaryimage"},"image":{"@id":"https:\/\/bridalfashion.com\/ro\/little-princess-ro\/rochie-de-fata-flora-iluzie-aplicate-florale-multicolore-stil-ls0002\/#primaryimage"},"thumbnailUrl":"https:\/\/bridalfashion.com\/wp-content\/uploads\/2021\/10\/LS0002_A.jpg","datePublished":"2022-10-14T19:10:32+00:00","description":"Decoratiunile bogate ale acestei rochii de fete stau la baza tinutei. Format din aplica\u021bii multicolore, corsetul s\u0103u este de vis \u0219i plin de farmec.","breadcrumb":{"@id":"https:\/\/bridalfashion.com\/ro\/little-princess-ro\/rochie-de-fata-flora-iluzie-aplicate-florale-multicolore-stil-ls0002\/#breadcrumb"},"inLanguage":"ro-RO","potentialAction":[{"@type":"ReadAction","target":["https:\/\/bridalfashion.com\/ro\/little-princess-ro\/rochie-de-fata-flora-iluzie-aplicate-florale-multicolore-stil-ls0002\/"]}]},{"@type":"ImageObject","inLanguage":"ro-RO","@id":"https:\/\/bridalfashion.com\/ro\/little-princess-ro\/rochie-de-fata-flora-iluzie-aplicate-florale-multicolore-stil-ls0002\/#primaryimage","url":"https:\/\/bridalfashion.com\/wp-content\/uploads\/2021\/10\/LS0002_A.jpg","contentUrl":"https:\/\/bridalfashion.com\/wp-content\/uploads\/2021\/10\/LS0002_A.jpg","width":1516,"height":2000,"caption":"Rochie pentru copii LS0002 Foto - BRIDAL FASHION"},{"@type":"BreadcrumbList","@id":"https:\/\/bridalfashion.com\/ro\/little-princess-ro\/rochie-de-fata-flora-iluzie-aplicate-florale-multicolore-stil-ls0002\/#breadcrumb","itemListElement":[{"@type":"ListItem","position":1,"name":"Home","item":"https:\/\/bridalfashion.com\/ro\/"},{"@type":"ListItem","position":2,"name":"Shop","item":"https:\/\/bridalfashion.com\/shop-2\/"},{"@type":"ListItem","position":3,"name":"Rochie de fat\u0103 cu flori Illusion cu aplica\u021bii florale multicolore"}]},{"@type":"WebSite","@id":"https:\/\/bridalfashion.com\/ro\/#website","url":"https:\/\/bridalfashion.com\/ro\/","name":"BRIDAL FASHION \u2122 | Luxurious Wedding Dresses &amp; Fashionable Gowns for Women, Girls and Kids","description":"Welcome the leading manufacturer and supplier of wedding dresses. We offer in wholesale a large selection of high quality wedding dress collections and accessories for your business at competitive prices. Shop our full range of bridal products today!","publisher":{"@id":"https:\/\/bridalfashion.com\/ro\/#organization"},"potentialAction":[{"@type":"SearchAction","target":{"@type":"EntryPoint","urlTemplate":"https:\/\/bridalfashion.com\/ro\/?s={search_term_string}"},"query-input":{"@type":"PropertyValueSpecification","valueRequired":true,"valueName":"search_term_string"}}],"inLanguage":"ro-RO"},{"@type":"Organization","@id":"https:\/\/bridalfashion.com\/ro\/#organization","name":"BRIDAL FASHION \u2122 | Luxurious Wedding Dresses &amp; Fashionable Gowns for Women, Girls and Kids","url":"https:\/\/bridalfashion.com\/ro\/","logo":{"@type":"ImageObject","inLanguage":"ro-RO","@id":"https:\/\/bridalfashion.com\/ro\/#\/schema\/logo\/image\/","url":"https:\/\/bridalfashion.com\/wp-content\/uploads\/2022\/05\/cropped-BFG.png","contentUrl":"https:\/\/bridalfashion.com\/wp-content\/uploads\/2022\/05\/cropped-BFG.png","width":1771,"height":119,"caption":"BRIDAL FASHION \u2122 | Luxurious Wedding Dresses &amp; Fashionable Gowns for Women, Girls and Kids"},"image":{"@id":"https:\/\/bridalfashion.com\/ro\/#\/schema\/logo\/image\/"}}]}},"_links":{"self":[{"href":"https:\/\/bridalfashion.com\/ro\/wp-json\/wp\/v2\/product\/11984","targetHints":{"allow":["GET"]}}],"collection":[{"href":"https:\/\/bridalfashion.com\/ro\/wp-json\/wp\/v2\/product"}],"about":[{"href":"https:\/\/bridalfashion.com\/ro\/wp-json\/wp\/v2\/types\/product"}],"replies":[{"embeddable":true,"href":"https:\/\/bridalfashion.com\/ro\/wp-json\/wp\/v2\/comments?post=11984"}],"wp:featuredmedia":[{"embeddable":true,"href":"https:\/\/bridalfashion.com\/ro\/wp-json\/wp\/v2\/media\/6999"}],"wp:attachment":[{"href":"https:\/\/bridalfashion.com\/ro\/wp-json\/wp\/v2\/media?parent=11984"}],"wp:term":[{"taxonomy":"product_brand","embeddable":true,"href":"https:\/\/bridalfashion.com\/ro\/wp-json\/wp\/v2\/product_brand?post=11984"},{"taxonomy":"product_cat","embeddable":true,"href":"https:\/\/bridalfashion.com\/ro\/wp-json\/wp\/v2\/product_cat?post=11984"},{"taxonomy":"product_tag","embeddable":true,"href":"https:\/\/bridalfashion.com\/ro\/wp-json\/wp\/v2\/product_tag?post=11984"}],"curies":[{"name":"wp","href":"https:\/\/api.w.org\/{rel}","templated":true}]}}