{"id":11975,"date":"2021-09-30T12:23:33","date_gmt":"2022-10-13T11:42:31","guid":{"rendered":"https:\/\/bridalfashion.com\/fara-categorie\/uimitoare-rochie-cu-dantela-miranda-bf0114\/"},"modified":"2022-10-13T13:42:31","modified_gmt":"2022-10-13T11:42:31","slug":"tinuta-uimitoare-dantela-miranda-bf0114","status":"publish","type":"product","link":"https:\/\/bridalfashion.com\/ro\/monopoli-ro\/tinuta-uimitoare-dantela-miranda-bf0114\/","title":{"rendered":"Uimitoare rochie cu dantela MIRANDA &#8211; BF0114"},"content":{"rendered":"<h2>Descrierea modelului MIRANDA &#8211; rochie sofisticat\u0103 cu nun d\u00e9cor exclusiv din dantel\u0103<\/h2>\n<p>O rochie superb\u0103 stil prin\u021bes\u0103 din dantel\u0103 MIRANDA &#8211; BF0114 est\u0103 realizat\u0103 din materie de elit\u0103. Corsetul transparent \u00een V este brodat cu dantel\u0103 exclusiv\u0103 \u0219i cristale str\u0103lucitoare. Spatele transparent cu \u00eencheietoare din nasturi \u00eei aduce nota de elegan\u021b\u0103 rochiei. Fusta somptuoas\u0103 din mai multe r\u00e2nduri, care aminte\u0219te un fagure, este decorat\u0103 cu flori dr\u0103g\u0103la\u0219e din dantel\u0103. Completeaz\u0103 perfect \u021binuta o tren\u0103 frumoas\u0103 \u0219i elegant\u0103. Datorit\u0103 rochiei superbe din dantel\u0103 MIRANDA &#8211; BF0114 mireasa va deveni regina nun\u021bii.<\/p>\n","protected":false},"excerpt":{"rendered":"<p>Descrierea modelului MIRANDA &#8211; rochie sofisticat\u0103 cu nun d\u00e9cor exclusiv din dantel\u0103 O rochie superb\u0103 stil prin\u021bes\u0103 din dantel\u0103 MIRANDA &#8211; BF0114 est\u0103 realizat\u0103 din materie de elit\u0103. Corsetul transparent \u00een V este brodat cu dantel\u0103 exclusiv\u0103 \u0219i cristale str\u0103lucitoare. Spatele transparent cu \u00eencheietoare din nasturi \u00eei aduce nota de elegan\u021b\u0103 rochiei. Fusta somptuoas\u0103 din&hellip;<\/p>\n","protected":false},"featured_media":6912,"comment_status":"open","ping_status":"closed","template":"","meta":[],"product_brand":[],"product_cat":[952],"product_tag":[],"class_list":{"0":"post-11975","1":"product","2":"type-product","3":"status-publish","4":"has-post-thumbnail","6":"product_cat-monopoli-ro","8":"first","9":"instock","10":"taxable","11":"shipping-taxable","12":"product-type-simple"},"yoast_head":"<!-- This site is optimized with the Yoast SEO plugin v27.5 - https:\/\/yoast.com\/product\/yoast-seo-wordpress\/ -->\n<title>Uimitoare rochie cu dantela MIRANDA - BF0114 - BRIDAL FASHION \u2122 | Luxurious Wedding Dresses &amp; Fashionable Gowns for Women, Girls and Kids<\/title>\n<meta name=\"description\" content=\"Rochie superb\u0103 din dantel\u0103 MIRANDA - BF0114 decorat\u0103 cu ghipur\u0103. Fusta somptuoas\u0103 este ajustat\u0103 cu o tren\u0103 frumoas\u0103. La spate are o \u00eecheietoare vertical\u0103.\" \/>\n<meta name=\"robots\" content=\"index, follow, max-snippet:-1, max-image-preview:large, max-video-preview:-1\" \/>\n<link rel=\"canonical\" href=\"https:\/\/bridalfashion.com\/ro\/monopoli-ro\/tinuta-uimitoare-dantela-miranda-bf0114\/\" \/>\n<meta property=\"og:locale\" content=\"ro_RO\" \/>\n<meta property=\"og:type\" content=\"article\" \/>\n<meta property=\"og:title\" content=\"Uimitoare rochie cu dantela MIRANDA - BF0114 - BRIDAL FASHION \u2122 | Luxurious Wedding Dresses &amp; Fashionable Gowns for Women, Girls and Kids\" \/>\n<meta property=\"og:description\" content=\"Rochie superb\u0103 din dantel\u0103 MIRANDA - BF0114 decorat\u0103 cu ghipur\u0103. Fusta somptuoas\u0103 este ajustat\u0103 cu o tren\u0103 frumoas\u0103. La spate are o \u00eecheietoare vertical\u0103.\" \/>\n<meta property=\"og:url\" content=\"https:\/\/bridalfashion.com\/ro\/monopoli-ro\/tinuta-uimitoare-dantela-miranda-bf0114\/\" \/>\n<meta property=\"og:site_name\" content=\"BRIDAL FASHION \u2122 | Luxurious Wedding Dresses &amp; Fashionable Gowns for Women, Girls and Kids\" \/>\n<meta property=\"og:image\" content=\"https:\/\/bridalfashion.com\/wp-content\/uploads\/2021\/09\/BF0114_D.jpg\" \/>\n\t<meta property=\"og:image:width\" content=\"1516\" \/>\n\t<meta property=\"og:image:height\" content=\"2000\" \/>\n\t<meta property=\"og:image:type\" content=\"image\/jpeg\" \/>\n<meta name=\"twitter:card\" content=\"summary_large_image\" \/>\n<script type=\"application\/ld+json\" class=\"yoast-schema-graph\">{\"@context\":\"https:\\\/\\\/schema.org\",\"@graph\":[{\"@type\":\"WebPage\",\"@id\":\"https:\\\/\\\/bridalfashion.com\\\/ro\\\/monopoli-ro\\\/tinuta-uimitoare-dantela-miranda-bf0114\\\/\",\"url\":\"https:\\\/\\\/bridalfashion.com\\\/ro\\\/monopoli-ro\\\/tinuta-uimitoare-dantela-miranda-bf0114\\\/\",\"name\":\"Uimitoare rochie cu dantela MIRANDA - BF0114 - BRIDAL FASHION \u2122 | Luxurious Wedding Dresses &amp; Fashionable Gowns for Women, Girls and Kids\",\"isPartOf\":{\"@id\":\"https:\\\/\\\/bridalfashion.com\\\/ro\\\/#website\"},\"primaryImageOfPage\":{\"@id\":\"https:\\\/\\\/bridalfashion.com\\\/ro\\\/monopoli-ro\\\/tinuta-uimitoare-dantela-miranda-bf0114\\\/#primaryimage\"},\"image\":{\"@id\":\"https:\\\/\\\/bridalfashion.com\\\/ro\\\/monopoli-ro\\\/tinuta-uimitoare-dantela-miranda-bf0114\\\/#primaryimage\"},\"thumbnailUrl\":\"https:\\\/\\\/bridalfashion.com\\\/wp-content\\\/uploads\\\/2021\\\/09\\\/BF0114_D.jpg\",\"datePublished\":\"2022-10-13T11:42:31+00:00\",\"description\":\"Rochie superb\u0103 din dantel\u0103 MIRANDA - BF0114 decorat\u0103 cu ghipur\u0103. Fusta somptuoas\u0103 este ajustat\u0103 cu o tren\u0103 frumoas\u0103. La spate are o \u00eecheietoare vertical\u0103.\",\"breadcrumb\":{\"@id\":\"https:\\\/\\\/bridalfashion.com\\\/ro\\\/monopoli-ro\\\/tinuta-uimitoare-dantela-miranda-bf0114\\\/#breadcrumb\"},\"inLanguage\":\"ro-RO\",\"potentialAction\":[{\"@type\":\"ReadAction\",\"target\":[\"https:\\\/\\\/bridalfashion.com\\\/ro\\\/monopoli-ro\\\/tinuta-uimitoare-dantela-miranda-bf0114\\\/\"]}]},{\"@type\":\"ImageObject\",\"inLanguage\":\"ro-RO\",\"@id\":\"https:\\\/\\\/bridalfashion.com\\\/ro\\\/monopoli-ro\\\/tinuta-uimitoare-dantela-miranda-bf0114\\\/#primaryimage\",\"url\":\"https:\\\/\\\/bridalfashion.com\\\/wp-content\\\/uploads\\\/2021\\\/09\\\/BF0114_D.jpg\",\"contentUrl\":\"https:\\\/\\\/bridalfashion.com\\\/wp-content\\\/uploads\\\/2021\\\/09\\\/BF0114_D.jpg\",\"width\":1516,\"height\":2000,\"caption\":\"Rochie de mireasa MIRANDA - BF0114 Foto 3 - BRIDAL FASHION\"},{\"@type\":\"BreadcrumbList\",\"@id\":\"https:\\\/\\\/bridalfashion.com\\\/ro\\\/monopoli-ro\\\/tinuta-uimitoare-dantela-miranda-bf0114\\\/#breadcrumb\",\"itemListElement\":[{\"@type\":\"ListItem\",\"position\":1,\"name\":\"Home\",\"item\":\"https:\\\/\\\/bridalfashion.com\\\/ro\\\/\"},{\"@type\":\"ListItem\",\"position\":2,\"name\":\"Shop\",\"item\":\"https:\\\/\\\/bridalfashion.com\\\/shop-2\\\/\"},{\"@type\":\"ListItem\",\"position\":3,\"name\":\"Uimitoare rochie cu dantela MIRANDA &#8211; BF0114\"}]},{\"@type\":\"WebSite\",\"@id\":\"https:\\\/\\\/bridalfashion.com\\\/ro\\\/#website\",\"url\":\"https:\\\/\\\/bridalfashion.com\\\/ro\\\/\",\"name\":\"BRIDAL FASHION \u2122 | Luxurious Wedding Dresses &amp; Fashionable Gowns for Women, Girls and Kids\",\"description\":\"Welcome the leading manufacturer and supplier of wedding dresses. We offer in wholesale a large selection of high quality wedding dress collections and accessories for your business at competitive prices. Shop our full range of bridal products today!\",\"publisher\":{\"@id\":\"https:\\\/\\\/bridalfashion.com\\\/ro\\\/#organization\"},\"potentialAction\":[{\"@type\":\"SearchAction\",\"target\":{\"@type\":\"EntryPoint\",\"urlTemplate\":\"https:\\\/\\\/bridalfashion.com\\\/ro\\\/?s={search_term_string}\"},\"query-input\":{\"@type\":\"PropertyValueSpecification\",\"valueRequired\":true,\"valueName\":\"search_term_string\"}}],\"inLanguage\":\"ro-RO\"},{\"@type\":\"Organization\",\"@id\":\"https:\\\/\\\/bridalfashion.com\\\/ro\\\/#organization\",\"name\":\"BRIDAL FASHION \u2122 | Luxurious Wedding Dresses &amp; Fashionable Gowns for Women, Girls and Kids\",\"url\":\"https:\\\/\\\/bridalfashion.com\\\/ro\\\/\",\"logo\":{\"@type\":\"ImageObject\",\"inLanguage\":\"ro-RO\",\"@id\":\"https:\\\/\\\/bridalfashion.com\\\/ro\\\/#\\\/schema\\\/logo\\\/image\\\/\",\"url\":\"https:\\\/\\\/bridalfashion.com\\\/wp-content\\\/uploads\\\/2022\\\/05\\\/cropped-BFG.png\",\"contentUrl\":\"https:\\\/\\\/bridalfashion.com\\\/wp-content\\\/uploads\\\/2022\\\/05\\\/cropped-BFG.png\",\"width\":1771,\"height\":119,\"caption\":\"BRIDAL FASHION \u2122 | Luxurious Wedding Dresses &amp; Fashionable Gowns for Women, Girls and Kids\"},\"image\":{\"@id\":\"https:\\\/\\\/bridalfashion.com\\\/ro\\\/#\\\/schema\\\/logo\\\/image\\\/\"}}]}<\/script>\n<!-- \/ Yoast SEO plugin. -->","yoast_head_json":{"title":"Uimitoare rochie cu dantela MIRANDA - BF0114 - BRIDAL FASHION \u2122 | Luxurious Wedding Dresses &amp; Fashionable Gowns for Women, Girls and Kids","description":"Rochie superb\u0103 din dantel\u0103 MIRANDA - BF0114 decorat\u0103 cu ghipur\u0103. Fusta somptuoas\u0103 este ajustat\u0103 cu o tren\u0103 frumoas\u0103. La spate are o \u00eecheietoare vertical\u0103.","robots":{"index":"index","follow":"follow","max-snippet":"max-snippet:-1","max-image-preview":"max-image-preview:large","max-video-preview":"max-video-preview:-1"},"canonical":"https:\/\/bridalfashion.com\/ro\/monopoli-ro\/tinuta-uimitoare-dantela-miranda-bf0114\/","og_locale":"ro_RO","og_type":"article","og_title":"Uimitoare rochie cu dantela MIRANDA - BF0114 - BRIDAL FASHION \u2122 | Luxurious Wedding Dresses &amp; Fashionable Gowns for Women, Girls and Kids","og_description":"Rochie superb\u0103 din dantel\u0103 MIRANDA - BF0114 decorat\u0103 cu ghipur\u0103. Fusta somptuoas\u0103 este ajustat\u0103 cu o tren\u0103 frumoas\u0103. La spate are o \u00eecheietoare vertical\u0103.","og_url":"https:\/\/bridalfashion.com\/ro\/monopoli-ro\/tinuta-uimitoare-dantela-miranda-bf0114\/","og_site_name":"BRIDAL FASHION \u2122 | Luxurious Wedding Dresses &amp; Fashionable Gowns for Women, Girls and Kids","og_image":[{"width":1516,"height":2000,"url":"https:\/\/bridalfashion.com\/wp-content\/uploads\/2021\/09\/BF0114_D.jpg","type":"image\/jpeg"}],"twitter_card":"summary_large_image","schema":{"@context":"https:\/\/schema.org","@graph":[{"@type":"WebPage","@id":"https:\/\/bridalfashion.com\/ro\/monopoli-ro\/tinuta-uimitoare-dantela-miranda-bf0114\/","url":"https:\/\/bridalfashion.com\/ro\/monopoli-ro\/tinuta-uimitoare-dantela-miranda-bf0114\/","name":"Uimitoare rochie cu dantela MIRANDA - BF0114 - BRIDAL FASHION \u2122 | Luxurious Wedding Dresses &amp; Fashionable Gowns for Women, Girls and Kids","isPartOf":{"@id":"https:\/\/bridalfashion.com\/ro\/#website"},"primaryImageOfPage":{"@id":"https:\/\/bridalfashion.com\/ro\/monopoli-ro\/tinuta-uimitoare-dantela-miranda-bf0114\/#primaryimage"},"image":{"@id":"https:\/\/bridalfashion.com\/ro\/monopoli-ro\/tinuta-uimitoare-dantela-miranda-bf0114\/#primaryimage"},"thumbnailUrl":"https:\/\/bridalfashion.com\/wp-content\/uploads\/2021\/09\/BF0114_D.jpg","datePublished":"2022-10-13T11:42:31+00:00","description":"Rochie superb\u0103 din dantel\u0103 MIRANDA - BF0114 decorat\u0103 cu ghipur\u0103. Fusta somptuoas\u0103 este ajustat\u0103 cu o tren\u0103 frumoas\u0103. La spate are o \u00eecheietoare vertical\u0103.","breadcrumb":{"@id":"https:\/\/bridalfashion.com\/ro\/monopoli-ro\/tinuta-uimitoare-dantela-miranda-bf0114\/#breadcrumb"},"inLanguage":"ro-RO","potentialAction":[{"@type":"ReadAction","target":["https:\/\/bridalfashion.com\/ro\/monopoli-ro\/tinuta-uimitoare-dantela-miranda-bf0114\/"]}]},{"@type":"ImageObject","inLanguage":"ro-RO","@id":"https:\/\/bridalfashion.com\/ro\/monopoli-ro\/tinuta-uimitoare-dantela-miranda-bf0114\/#primaryimage","url":"https:\/\/bridalfashion.com\/wp-content\/uploads\/2021\/09\/BF0114_D.jpg","contentUrl":"https:\/\/bridalfashion.com\/wp-content\/uploads\/2021\/09\/BF0114_D.jpg","width":1516,"height":2000,"caption":"Rochie de mireasa MIRANDA - BF0114 Foto 3 - BRIDAL FASHION"},{"@type":"BreadcrumbList","@id":"https:\/\/bridalfashion.com\/ro\/monopoli-ro\/tinuta-uimitoare-dantela-miranda-bf0114\/#breadcrumb","itemListElement":[{"@type":"ListItem","position":1,"name":"Home","item":"https:\/\/bridalfashion.com\/ro\/"},{"@type":"ListItem","position":2,"name":"Shop","item":"https:\/\/bridalfashion.com\/shop-2\/"},{"@type":"ListItem","position":3,"name":"Uimitoare rochie cu dantela MIRANDA &#8211; BF0114"}]},{"@type":"WebSite","@id":"https:\/\/bridalfashion.com\/ro\/#website","url":"https:\/\/bridalfashion.com\/ro\/","name":"BRIDAL FASHION \u2122 | Luxurious Wedding Dresses &amp; Fashionable Gowns for Women, Girls and Kids","description":"Welcome the leading manufacturer and supplier of wedding dresses. We offer in wholesale a large selection of high quality wedding dress collections and accessories for your business at competitive prices. Shop our full range of bridal products today!","publisher":{"@id":"https:\/\/bridalfashion.com\/ro\/#organization"},"potentialAction":[{"@type":"SearchAction","target":{"@type":"EntryPoint","urlTemplate":"https:\/\/bridalfashion.com\/ro\/?s={search_term_string}"},"query-input":{"@type":"PropertyValueSpecification","valueRequired":true,"valueName":"search_term_string"}}],"inLanguage":"ro-RO"},{"@type":"Organization","@id":"https:\/\/bridalfashion.com\/ro\/#organization","name":"BRIDAL FASHION \u2122 | Luxurious Wedding Dresses &amp; Fashionable Gowns for Women, Girls and Kids","url":"https:\/\/bridalfashion.com\/ro\/","logo":{"@type":"ImageObject","inLanguage":"ro-RO","@id":"https:\/\/bridalfashion.com\/ro\/#\/schema\/logo\/image\/","url":"https:\/\/bridalfashion.com\/wp-content\/uploads\/2022\/05\/cropped-BFG.png","contentUrl":"https:\/\/bridalfashion.com\/wp-content\/uploads\/2022\/05\/cropped-BFG.png","width":1771,"height":119,"caption":"BRIDAL FASHION \u2122 | Luxurious Wedding Dresses &amp; Fashionable Gowns for Women, Girls and Kids"},"image":{"@id":"https:\/\/bridalfashion.com\/ro\/#\/schema\/logo\/image\/"}}]}},"_links":{"self":[{"href":"https:\/\/bridalfashion.com\/ro\/wp-json\/wp\/v2\/product\/11975","targetHints":{"allow":["GET"]}}],"collection":[{"href":"https:\/\/bridalfashion.com\/ro\/wp-json\/wp\/v2\/product"}],"about":[{"href":"https:\/\/bridalfashion.com\/ro\/wp-json\/wp\/v2\/types\/product"}],"replies":[{"embeddable":true,"href":"https:\/\/bridalfashion.com\/ro\/wp-json\/wp\/v2\/comments?post=11975"}],"wp:featuredmedia":[{"embeddable":true,"href":"https:\/\/bridalfashion.com\/ro\/wp-json\/wp\/v2\/media\/6912"}],"wp:attachment":[{"href":"https:\/\/bridalfashion.com\/ro\/wp-json\/wp\/v2\/media?parent=11975"}],"wp:term":[{"taxonomy":"product_brand","embeddable":true,"href":"https:\/\/bridalfashion.com\/ro\/wp-json\/wp\/v2\/product_brand?post=11975"},{"taxonomy":"product_cat","embeddable":true,"href":"https:\/\/bridalfashion.com\/ro\/wp-json\/wp\/v2\/product_cat?post=11975"},{"taxonomy":"product_tag","embeddable":true,"href":"https:\/\/bridalfashion.com\/ro\/wp-json\/wp\/v2\/product_tag?post=11975"}],"curies":[{"name":"wp","href":"https:\/\/api.w.org\/{rel}","templated":true}]}}