{"id":11972,"date":"2021-09-30T12:14:31","date_gmt":"2022-10-13T11:23:13","guid":{"rendered":"https:\/\/bridalfashion.com\/fara-categorie\/rochia-eleganta-tip-sirena-melanie-bf0113\/"},"modified":"2022-10-13T13:23:13","modified_gmt":"2022-10-13T11:23:13","slug":"eleganta-rochie-sirena-melanie-bf0113","status":"publish","type":"product","link":"https:\/\/bridalfashion.com\/ro\/monopoli-ro\/eleganta-rochie-sirena-melanie-bf0113\/","title":{"rendered":"Rochia elegant\u0103 tip siren\u0103 MELANIE &#8211; BF0113"},"content":{"rendered":"<h2>Descrierea modelului MELANIE &#8211; o rochie de lux decorat\u0103 cu dantel\u0103 \u0219i pelerina<\/h2>\n<p>Rochia elegant\u0103 tip siren\u0103 MELANIE &#8211; BF0113 pentru o mireas\u0103 cu corp suplu realizat\u0103 din materie de culoare ivory acoperit\u0103 cu pr\u0103fuire sclipitoare. Partea de sus a rochiei cu decolteu inimioar\u0103 are la spate un \u0219iret elegant din satin. Rochia este mulat\u0103 pe corp p\u00e2n\u0103 la genunchi, iar de acolo ea \u00eencepe s\u0103 se l\u0103rgeasc\u0103 \u00eentr-o fusta din mai multe r\u00e2nduri \u0219i o tren\u0103 frumoas\u0103. \u00cen felul urm\u0103tor sunt subtil eviden\u021biate liniile corpului iar mireasa se poate mi\u0219ca liber. Toat\u0103 rochia este decorat\u0103 cu dantel\u0103 de lux \u0219i paiete. Rochia este suplimentat\u0103 cu o pelerin\u0103 cu m\u00e2nici lungi bufante cu man\u0219ete. Rochia elegant\u0103 tip siren\u0103 MELANIE este o rochie stilat\u0103 \u0219i sofisticat\u0103.<\/p>\n","protected":false},"excerpt":{"rendered":"<p>Descrierea modelului MELANIE &#8211; o rochie de lux decorat\u0103 cu dantel\u0103 \u0219i pelerina Rochia elegant\u0103 tip siren\u0103 MELANIE &#8211; BF0113 pentru o mireas\u0103 cu corp suplu realizat\u0103 din materie de culoare ivory acoperit\u0103 cu pr\u0103fuire sclipitoare. Partea de sus a rochiei cu decolteu inimioar\u0103 are la spate un \u0219iret elegant din satin. Rochia este mulat\u0103&hellip;<\/p>\n","protected":false},"featured_media":6897,"comment_status":"open","ping_status":"closed","template":"","meta":[],"product_brand":[],"product_cat":[952],"product_tag":[],"class_list":{"0":"post-11972","1":"product","2":"type-product","3":"status-publish","4":"has-post-thumbnail","6":"product_cat-monopoli-ro","8":"first","9":"instock","10":"taxable","11":"shipping-taxable","12":"product-type-simple"},"yoast_head":"<!-- This site is optimized with the Yoast SEO plugin v27.6 - https:\/\/yoast.com\/product\/yoast-seo-wordpress\/ -->\n<title>Rochia elegant\u0103 tip siren\u0103 MELANIE - BF0113 - BRIDAL FASHION \u2122 | Luxurious Wedding Dresses &amp; Fashionable Gowns for Women, Girls and Kids<\/title>\n<meta name=\"description\" content=\"Rochia elegant\u0103 tip siren\u0103 MELANIE - BF0113 este realizat\u0103 din \u021bes\u0103tur\u0103 str\u0103lucitoare \u0219i decorat\u0103 cu dantel\u0103 francez\u0103 \u0219i paiete. Completeaz\u0103 perfect \u021binuta pelerina cu m\u00e2neci lungi.\" \/>\n<meta name=\"robots\" content=\"index, follow, max-snippet:-1, max-image-preview:large, max-video-preview:-1\" \/>\n<link rel=\"canonical\" href=\"https:\/\/bridalfashion.com\/ro\/monopoli-ro\/eleganta-rochie-sirena-melanie-bf0113\/\" \/>\n<meta property=\"og:locale\" content=\"ro_RO\" \/>\n<meta property=\"og:type\" content=\"article\" \/>\n<meta property=\"og:title\" content=\"Rochia elegant\u0103 tip siren\u0103 MELANIE - BF0113 - BRIDAL FASHION \u2122 | Luxurious Wedding Dresses &amp; Fashionable Gowns for Women, Girls and Kids\" \/>\n<meta property=\"og:description\" content=\"Rochia elegant\u0103 tip siren\u0103 MELANIE - BF0113 este realizat\u0103 din \u021bes\u0103tur\u0103 str\u0103lucitoare \u0219i decorat\u0103 cu dantel\u0103 francez\u0103 \u0219i paiete. Completeaz\u0103 perfect \u021binuta pelerina cu m\u00e2neci lungi.\" \/>\n<meta property=\"og:url\" content=\"https:\/\/bridalfashion.com\/ro\/monopoli-ro\/eleganta-rochie-sirena-melanie-bf0113\/\" \/>\n<meta property=\"og:site_name\" content=\"BRIDAL FASHION \u2122 | Luxurious Wedding Dresses &amp; Fashionable Gowns for Women, Girls and Kids\" \/>\n<meta property=\"og:image\" content=\"https:\/\/bridalfashion.com\/wp-content\/uploads\/2021\/09\/BF0113_A.jpg\" \/>\n\t<meta property=\"og:image:width\" content=\"1516\" \/>\n\t<meta property=\"og:image:height\" content=\"2000\" \/>\n\t<meta property=\"og:image:type\" content=\"image\/jpeg\" \/>\n<meta name=\"twitter:card\" content=\"summary_large_image\" \/>\n<meta name=\"twitter:label1\" content=\"Timp estimat pentru citire\" \/>\n\t<meta name=\"twitter:data1\" content=\"1 minut\" \/>\n<script type=\"application\/ld+json\" class=\"yoast-schema-graph\">{\"@context\":\"https:\\\/\\\/schema.org\",\"@graph\":[{\"@type\":\"WebPage\",\"@id\":\"https:\\\/\\\/bridalfashion.com\\\/ro\\\/monopoli-ro\\\/eleganta-rochie-sirena-melanie-bf0113\\\/\",\"url\":\"https:\\\/\\\/bridalfashion.com\\\/ro\\\/monopoli-ro\\\/eleganta-rochie-sirena-melanie-bf0113\\\/\",\"name\":\"Rochia elegant\u0103 tip siren\u0103 MELANIE - BF0113 - BRIDAL FASHION \u2122 | Luxurious Wedding Dresses &amp; Fashionable Gowns for Women, Girls and Kids\",\"isPartOf\":{\"@id\":\"https:\\\/\\\/bridalfashion.com\\\/ro\\\/#website\"},\"primaryImageOfPage\":{\"@id\":\"https:\\\/\\\/bridalfashion.com\\\/ro\\\/monopoli-ro\\\/eleganta-rochie-sirena-melanie-bf0113\\\/#primaryimage\"},\"image\":{\"@id\":\"https:\\\/\\\/bridalfashion.com\\\/ro\\\/monopoli-ro\\\/eleganta-rochie-sirena-melanie-bf0113\\\/#primaryimage\"},\"thumbnailUrl\":\"https:\\\/\\\/bridalfashion.com\\\/wp-content\\\/uploads\\\/2021\\\/09\\\/BF0113_A.jpg\",\"datePublished\":\"2022-10-13T11:23:13+00:00\",\"description\":\"Rochia elegant\u0103 tip siren\u0103 MELANIE - BF0113 este realizat\u0103 din \u021bes\u0103tur\u0103 str\u0103lucitoare \u0219i decorat\u0103 cu dantel\u0103 francez\u0103 \u0219i paiete. Completeaz\u0103 perfect \u021binuta pelerina cu m\u00e2neci lungi.\",\"breadcrumb\":{\"@id\":\"https:\\\/\\\/bridalfashion.com\\\/ro\\\/monopoli-ro\\\/eleganta-rochie-sirena-melanie-bf0113\\\/#breadcrumb\"},\"inLanguage\":\"ro-RO\",\"potentialAction\":[{\"@type\":\"ReadAction\",\"target\":[\"https:\\\/\\\/bridalfashion.com\\\/ro\\\/monopoli-ro\\\/eleganta-rochie-sirena-melanie-bf0113\\\/\"]}]},{\"@type\":\"ImageObject\",\"inLanguage\":\"ro-RO\",\"@id\":\"https:\\\/\\\/bridalfashion.com\\\/ro\\\/monopoli-ro\\\/eleganta-rochie-sirena-melanie-bf0113\\\/#primaryimage\",\"url\":\"https:\\\/\\\/bridalfashion.com\\\/wp-content\\\/uploads\\\/2021\\\/09\\\/BF0113_A.jpg\",\"contentUrl\":\"https:\\\/\\\/bridalfashion.com\\\/wp-content\\\/uploads\\\/2021\\\/09\\\/BF0113_A.jpg\",\"width\":1516,\"height\":2000,\"caption\":\"Rochie de mireasa MELANIE - BF0113 Foto - BRIDAL FASHION\"},{\"@type\":\"BreadcrumbList\",\"@id\":\"https:\\\/\\\/bridalfashion.com\\\/ro\\\/monopoli-ro\\\/eleganta-rochie-sirena-melanie-bf0113\\\/#breadcrumb\",\"itemListElement\":[{\"@type\":\"ListItem\",\"position\":1,\"name\":\"Home\",\"item\":\"https:\\\/\\\/bridalfashion.com\\\/ro\\\/\"},{\"@type\":\"ListItem\",\"position\":2,\"name\":\"Shop\",\"item\":\"https:\\\/\\\/bridalfashion.com\\\/shop-2\\\/\"},{\"@type\":\"ListItem\",\"position\":3,\"name\":\"Rochia elegant\u0103 tip siren\u0103 MELANIE &#8211; BF0113\"}]},{\"@type\":\"WebSite\",\"@id\":\"https:\\\/\\\/bridalfashion.com\\\/ro\\\/#website\",\"url\":\"https:\\\/\\\/bridalfashion.com\\\/ro\\\/\",\"name\":\"BRIDAL FASHION \u2122 | Luxurious Wedding Dresses &amp; Fashionable Gowns for Women, Girls and Kids\",\"description\":\"Welcome the leading manufacturer and supplier of wedding dresses. We offer in wholesale a large selection of high quality wedding dress collections and accessories for your business at competitive prices. Shop our full range of bridal products today!\",\"publisher\":{\"@id\":\"https:\\\/\\\/bridalfashion.com\\\/ro\\\/#organization\"},\"potentialAction\":[{\"@type\":\"SearchAction\",\"target\":{\"@type\":\"EntryPoint\",\"urlTemplate\":\"https:\\\/\\\/bridalfashion.com\\\/ro\\\/?s={search_term_string}\"},\"query-input\":{\"@type\":\"PropertyValueSpecification\",\"valueRequired\":true,\"valueName\":\"search_term_string\"}}],\"inLanguage\":\"ro-RO\"},{\"@type\":\"Organization\",\"@id\":\"https:\\\/\\\/bridalfashion.com\\\/ro\\\/#organization\",\"name\":\"BRIDAL FASHION \u2122 | Luxurious Wedding Dresses &amp; Fashionable Gowns for Women, Girls and Kids\",\"url\":\"https:\\\/\\\/bridalfashion.com\\\/ro\\\/\",\"logo\":{\"@type\":\"ImageObject\",\"inLanguage\":\"ro-RO\",\"@id\":\"https:\\\/\\\/bridalfashion.com\\\/ro\\\/#\\\/schema\\\/logo\\\/image\\\/\",\"url\":\"https:\\\/\\\/bridalfashion.com\\\/wp-content\\\/uploads\\\/2022\\\/05\\\/cropped-BFG.png\",\"contentUrl\":\"https:\\\/\\\/bridalfashion.com\\\/wp-content\\\/uploads\\\/2022\\\/05\\\/cropped-BFG.png\",\"width\":1771,\"height\":119,\"caption\":\"BRIDAL FASHION \u2122 | Luxurious Wedding Dresses &amp; Fashionable Gowns for Women, Girls and Kids\"},\"image\":{\"@id\":\"https:\\\/\\\/bridalfashion.com\\\/ro\\\/#\\\/schema\\\/logo\\\/image\\\/\"}}]}<\/script>\n<!-- \/ Yoast SEO plugin. -->","yoast_head_json":{"title":"Rochia elegant\u0103 tip siren\u0103 MELANIE - BF0113 - BRIDAL FASHION \u2122 | Luxurious Wedding Dresses &amp; Fashionable Gowns for Women, Girls and Kids","description":"Rochia elegant\u0103 tip siren\u0103 MELANIE - BF0113 este realizat\u0103 din \u021bes\u0103tur\u0103 str\u0103lucitoare \u0219i decorat\u0103 cu dantel\u0103 francez\u0103 \u0219i paiete. Completeaz\u0103 perfect \u021binuta pelerina cu m\u00e2neci lungi.","robots":{"index":"index","follow":"follow","max-snippet":"max-snippet:-1","max-image-preview":"max-image-preview:large","max-video-preview":"max-video-preview:-1"},"canonical":"https:\/\/bridalfashion.com\/ro\/monopoli-ro\/eleganta-rochie-sirena-melanie-bf0113\/","og_locale":"ro_RO","og_type":"article","og_title":"Rochia elegant\u0103 tip siren\u0103 MELANIE - BF0113 - BRIDAL FASHION \u2122 | Luxurious Wedding Dresses &amp; Fashionable Gowns for Women, Girls and Kids","og_description":"Rochia elegant\u0103 tip siren\u0103 MELANIE - BF0113 este realizat\u0103 din \u021bes\u0103tur\u0103 str\u0103lucitoare \u0219i decorat\u0103 cu dantel\u0103 francez\u0103 \u0219i paiete. Completeaz\u0103 perfect \u021binuta pelerina cu m\u00e2neci lungi.","og_url":"https:\/\/bridalfashion.com\/ro\/monopoli-ro\/eleganta-rochie-sirena-melanie-bf0113\/","og_site_name":"BRIDAL FASHION \u2122 | Luxurious Wedding Dresses &amp; Fashionable Gowns for Women, Girls and Kids","og_image":[{"width":1516,"height":2000,"url":"https:\/\/bridalfashion.com\/wp-content\/uploads\/2021\/09\/BF0113_A.jpg","type":"image\/jpeg"}],"twitter_card":"summary_large_image","twitter_misc":{"Timp estimat pentru citire":"1 minut"},"schema":{"@context":"https:\/\/schema.org","@graph":[{"@type":"WebPage","@id":"https:\/\/bridalfashion.com\/ro\/monopoli-ro\/eleganta-rochie-sirena-melanie-bf0113\/","url":"https:\/\/bridalfashion.com\/ro\/monopoli-ro\/eleganta-rochie-sirena-melanie-bf0113\/","name":"Rochia elegant\u0103 tip siren\u0103 MELANIE - BF0113 - BRIDAL FASHION \u2122 | Luxurious Wedding Dresses &amp; Fashionable Gowns for Women, Girls and Kids","isPartOf":{"@id":"https:\/\/bridalfashion.com\/ro\/#website"},"primaryImageOfPage":{"@id":"https:\/\/bridalfashion.com\/ro\/monopoli-ro\/eleganta-rochie-sirena-melanie-bf0113\/#primaryimage"},"image":{"@id":"https:\/\/bridalfashion.com\/ro\/monopoli-ro\/eleganta-rochie-sirena-melanie-bf0113\/#primaryimage"},"thumbnailUrl":"https:\/\/bridalfashion.com\/wp-content\/uploads\/2021\/09\/BF0113_A.jpg","datePublished":"2022-10-13T11:23:13+00:00","description":"Rochia elegant\u0103 tip siren\u0103 MELANIE - BF0113 este realizat\u0103 din \u021bes\u0103tur\u0103 str\u0103lucitoare \u0219i decorat\u0103 cu dantel\u0103 francez\u0103 \u0219i paiete. Completeaz\u0103 perfect \u021binuta pelerina cu m\u00e2neci lungi.","breadcrumb":{"@id":"https:\/\/bridalfashion.com\/ro\/monopoli-ro\/eleganta-rochie-sirena-melanie-bf0113\/#breadcrumb"},"inLanguage":"ro-RO","potentialAction":[{"@type":"ReadAction","target":["https:\/\/bridalfashion.com\/ro\/monopoli-ro\/eleganta-rochie-sirena-melanie-bf0113\/"]}]},{"@type":"ImageObject","inLanguage":"ro-RO","@id":"https:\/\/bridalfashion.com\/ro\/monopoli-ro\/eleganta-rochie-sirena-melanie-bf0113\/#primaryimage","url":"https:\/\/bridalfashion.com\/wp-content\/uploads\/2021\/09\/BF0113_A.jpg","contentUrl":"https:\/\/bridalfashion.com\/wp-content\/uploads\/2021\/09\/BF0113_A.jpg","width":1516,"height":2000,"caption":"Rochie de mireasa MELANIE - BF0113 Foto - BRIDAL FASHION"},{"@type":"BreadcrumbList","@id":"https:\/\/bridalfashion.com\/ro\/monopoli-ro\/eleganta-rochie-sirena-melanie-bf0113\/#breadcrumb","itemListElement":[{"@type":"ListItem","position":1,"name":"Home","item":"https:\/\/bridalfashion.com\/ro\/"},{"@type":"ListItem","position":2,"name":"Shop","item":"https:\/\/bridalfashion.com\/shop-2\/"},{"@type":"ListItem","position":3,"name":"Rochia elegant\u0103 tip siren\u0103 MELANIE &#8211; BF0113"}]},{"@type":"WebSite","@id":"https:\/\/bridalfashion.com\/ro\/#website","url":"https:\/\/bridalfashion.com\/ro\/","name":"BRIDAL FASHION \u2122 | Luxurious Wedding Dresses &amp; Fashionable Gowns for Women, Girls and Kids","description":"Welcome the leading manufacturer and supplier of wedding dresses. We offer in wholesale a large selection of high quality wedding dress collections and accessories for your business at competitive prices. Shop our full range of bridal products today!","publisher":{"@id":"https:\/\/bridalfashion.com\/ro\/#organization"},"potentialAction":[{"@type":"SearchAction","target":{"@type":"EntryPoint","urlTemplate":"https:\/\/bridalfashion.com\/ro\/?s={search_term_string}"},"query-input":{"@type":"PropertyValueSpecification","valueRequired":true,"valueName":"search_term_string"}}],"inLanguage":"ro-RO"},{"@type":"Organization","@id":"https:\/\/bridalfashion.com\/ro\/#organization","name":"BRIDAL FASHION \u2122 | Luxurious Wedding Dresses &amp; Fashionable Gowns for Women, Girls and Kids","url":"https:\/\/bridalfashion.com\/ro\/","logo":{"@type":"ImageObject","inLanguage":"ro-RO","@id":"https:\/\/bridalfashion.com\/ro\/#\/schema\/logo\/image\/","url":"https:\/\/bridalfashion.com\/wp-content\/uploads\/2022\/05\/cropped-BFG.png","contentUrl":"https:\/\/bridalfashion.com\/wp-content\/uploads\/2022\/05\/cropped-BFG.png","width":1771,"height":119,"caption":"BRIDAL FASHION \u2122 | Luxurious Wedding Dresses &amp; Fashionable Gowns for Women, Girls and Kids"},"image":{"@id":"https:\/\/bridalfashion.com\/ro\/#\/schema\/logo\/image\/"}}]}},"_links":{"self":[{"href":"https:\/\/bridalfashion.com\/ro\/wp-json\/wp\/v2\/product\/11972","targetHints":{"allow":["GET"]}}],"collection":[{"href":"https:\/\/bridalfashion.com\/ro\/wp-json\/wp\/v2\/product"}],"about":[{"href":"https:\/\/bridalfashion.com\/ro\/wp-json\/wp\/v2\/types\/product"}],"replies":[{"embeddable":true,"href":"https:\/\/bridalfashion.com\/ro\/wp-json\/wp\/v2\/comments?post=11972"}],"wp:featuredmedia":[{"embeddable":true,"href":"https:\/\/bridalfashion.com\/ro\/wp-json\/wp\/v2\/media\/6897"}],"wp:attachment":[{"href":"https:\/\/bridalfashion.com\/ro\/wp-json\/wp\/v2\/media?parent=11972"}],"wp:term":[{"taxonomy":"product_brand","embeddable":true,"href":"https:\/\/bridalfashion.com\/ro\/wp-json\/wp\/v2\/product_brand?post=11972"},{"taxonomy":"product_cat","embeddable":true,"href":"https:\/\/bridalfashion.com\/ro\/wp-json\/wp\/v2\/product_cat?post=11972"},{"taxonomy":"product_tag","embeddable":true,"href":"https:\/\/bridalfashion.com\/ro\/wp-json\/wp\/v2\/product_tag?post=11972"}],"curies":[{"name":"wp","href":"https:\/\/api.w.org\/{rel}","templated":true}]}}