{"id":11969,"date":"2021-09-30T12:07:17","date_gmt":"2022-10-13T10:49:46","guid":{"rendered":"https:\/\/bridalfashion.com\/fara-categorie\/rochie-romantica-si-delicata-margaret-bf0112\/"},"modified":"2022-10-13T12:49:46","modified_gmt":"2022-10-13T10:49:46","slug":"rochie-delicata-romantica-margaret-bf0112","status":"publish","type":"product","link":"https:\/\/bridalfashion.com\/ro\/monopoli-ro\/rochie-delicata-romantica-margaret-bf0112\/","title":{"rendered":"Rochie romantic\u0103 \u0219i delicat\u0103 MARGARET &#8211; BF0112"},"content":{"rendered":"<h2>Descrierea modelului MARGARET &#8211; \u021binut\u0103 de mireas\u0103 fermecatoare cu un decor fabulos<\/h2>\n<p>Rochia romantic\u0103 \u0219i delicat\u0103 MARGARET &#8211; BF0112 de culoare ivory este realizat\u0103 din materii de elit\u0103. Corsetul transparent fara m\u00e2neci este decorat manual cu flori \u0219i stele de ghipur\u0103, perle, pietricele \u0219i paiete. Corsetul cu t\u0103ietur\u0103 din spate este frumos decorat cu un r\u00e2nd de nasturi. Fusta somptuoas\u0103 cu mai multe r\u00e2nduri \u0219i cu o tren\u0103 mic\u0103 este realizat\u0103 din tul fin \u0219i decorat\u0103 cu un ornament floral adorabil. Rochia romantic\u0103 delicat\u0103 MARGARET este o alegere ideal\u0103 pentru t\u00e2n\u0103ra mireas\u0103.<\/p>\n","protected":false},"excerpt":{"rendered":"<p>Descrierea modelului MARGARET &#8211; \u021binut\u0103 de mireas\u0103 fermecatoare cu un decor fabulos Rochia romantic\u0103 \u0219i delicat\u0103 MARGARET &#8211; BF0112 de culoare ivory este realizat\u0103 din materii de elit\u0103. Corsetul transparent fara m\u00e2neci este decorat manual cu flori \u0219i stele de ghipur\u0103, perle, pietricele \u0219i paiete. Corsetul cu t\u0103ietur\u0103 din spate este frumos decorat cu un&hellip;<\/p>\n","protected":false},"featured_media":6885,"comment_status":"open","ping_status":"closed","template":"","meta":[],"product_brand":[],"product_cat":[952],"product_tag":[],"class_list":{"0":"post-11969","1":"product","2":"type-product","3":"status-publish","4":"has-post-thumbnail","6":"product_cat-monopoli-ro","8":"first","9":"instock","10":"taxable","11":"shipping-taxable","12":"product-type-simple"},"yoast_head":"<!-- This site is optimized with the Yoast SEO plugin v27.4 - https:\/\/yoast.com\/product\/yoast-seo-wordpress\/ -->\n<title>Rochie romantic\u0103 \u0219i delicat\u0103 MARGARET - BF0112 - BRIDAL FASHION \u2122 | Luxurious Wedding Dresses &amp; Fashionable Gowns for Women, Girls and Kids<\/title>\n<meta name=\"description\" content=\"Rochie romantic\u0103 \u0219i delicat\u0103 MARGARET - BF0112 de culoare ivory. Corsetul transparent \u0219i fusta bogat\u0103 din tul sunt decorate manual cu flori de ghipur\u0103, paiete \u0219i perle.\" \/>\n<meta name=\"robots\" content=\"index, follow, max-snippet:-1, max-image-preview:large, max-video-preview:-1\" \/>\n<link rel=\"canonical\" href=\"https:\/\/bridalfashion.com\/ro\/monopoli-ro\/rochie-delicata-romantica-margaret-bf0112\/\" \/>\n<meta property=\"og:locale\" content=\"ro_RO\" \/>\n<meta property=\"og:type\" content=\"article\" \/>\n<meta property=\"og:title\" content=\"Rochie romantic\u0103 \u0219i delicat\u0103 MARGARET - BF0112 - BRIDAL FASHION \u2122 | Luxurious Wedding Dresses &amp; Fashionable Gowns for Women, Girls and Kids\" \/>\n<meta property=\"og:description\" content=\"Rochie romantic\u0103 \u0219i delicat\u0103 MARGARET - BF0112 de culoare ivory. Corsetul transparent \u0219i fusta bogat\u0103 din tul sunt decorate manual cu flori de ghipur\u0103, paiete \u0219i perle.\" \/>\n<meta property=\"og:url\" content=\"https:\/\/bridalfashion.com\/ro\/monopoli-ro\/rochie-delicata-romantica-margaret-bf0112\/\" \/>\n<meta property=\"og:site_name\" content=\"BRIDAL FASHION \u2122 | Luxurious Wedding Dresses &amp; Fashionable Gowns for Women, Girls and Kids\" \/>\n<meta property=\"og:image\" content=\"https:\/\/bridalfashion.com\/wp-content\/uploads\/2021\/09\/BF0112_A1.jpg\" \/>\n\t<meta property=\"og:image:width\" content=\"1516\" \/>\n\t<meta property=\"og:image:height\" content=\"2000\" \/>\n\t<meta property=\"og:image:type\" content=\"image\/jpeg\" \/>\n<meta name=\"twitter:card\" content=\"summary_large_image\" \/>\n<script type=\"application\/ld+json\" class=\"yoast-schema-graph\">{\"@context\":\"https:\\\/\\\/schema.org\",\"@graph\":[{\"@type\":\"WebPage\",\"@id\":\"https:\\\/\\\/bridalfashion.com\\\/ro\\\/monopoli-ro\\\/rochie-delicata-romantica-margaret-bf0112\\\/\",\"url\":\"https:\\\/\\\/bridalfashion.com\\\/ro\\\/monopoli-ro\\\/rochie-delicata-romantica-margaret-bf0112\\\/\",\"name\":\"Rochie romantic\u0103 \u0219i delicat\u0103 MARGARET - BF0112 - BRIDAL FASHION \u2122 | Luxurious Wedding Dresses &amp; Fashionable Gowns for Women, Girls and Kids\",\"isPartOf\":{\"@id\":\"https:\\\/\\\/bridalfashion.com\\\/ro\\\/#website\"},\"primaryImageOfPage\":{\"@id\":\"https:\\\/\\\/bridalfashion.com\\\/ro\\\/monopoli-ro\\\/rochie-delicata-romantica-margaret-bf0112\\\/#primaryimage\"},\"image\":{\"@id\":\"https:\\\/\\\/bridalfashion.com\\\/ro\\\/monopoli-ro\\\/rochie-delicata-romantica-margaret-bf0112\\\/#primaryimage\"},\"thumbnailUrl\":\"https:\\\/\\\/bridalfashion.com\\\/wp-content\\\/uploads\\\/2021\\\/09\\\/BF0112_A1.jpg\",\"datePublished\":\"2022-10-13T10:49:46+00:00\",\"description\":\"Rochie romantic\u0103 \u0219i delicat\u0103 MARGARET - BF0112 de culoare ivory. Corsetul transparent \u0219i fusta bogat\u0103 din tul sunt decorate manual cu flori de ghipur\u0103, paiete \u0219i perle.\",\"breadcrumb\":{\"@id\":\"https:\\\/\\\/bridalfashion.com\\\/ro\\\/monopoli-ro\\\/rochie-delicata-romantica-margaret-bf0112\\\/#breadcrumb\"},\"inLanguage\":\"ro-RO\",\"potentialAction\":[{\"@type\":\"ReadAction\",\"target\":[\"https:\\\/\\\/bridalfashion.com\\\/ro\\\/monopoli-ro\\\/rochie-delicata-romantica-margaret-bf0112\\\/\"]}]},{\"@type\":\"ImageObject\",\"inLanguage\":\"ro-RO\",\"@id\":\"https:\\\/\\\/bridalfashion.com\\\/ro\\\/monopoli-ro\\\/rochie-delicata-romantica-margaret-bf0112\\\/#primaryimage\",\"url\":\"https:\\\/\\\/bridalfashion.com\\\/wp-content\\\/uploads\\\/2021\\\/09\\\/BF0112_A1.jpg\",\"contentUrl\":\"https:\\\/\\\/bridalfashion.com\\\/wp-content\\\/uploads\\\/2021\\\/09\\\/BF0112_A1.jpg\",\"width\":1516,\"height\":2000,\"caption\":\"Rochie de mireasa MARGARET - BF0112 Foto 2 - BRIDAL FASHION\"},{\"@type\":\"BreadcrumbList\",\"@id\":\"https:\\\/\\\/bridalfashion.com\\\/ro\\\/monopoli-ro\\\/rochie-delicata-romantica-margaret-bf0112\\\/#breadcrumb\",\"itemListElement\":[{\"@type\":\"ListItem\",\"position\":1,\"name\":\"Home\",\"item\":\"https:\\\/\\\/bridalfashion.com\\\/ro\\\/\"},{\"@type\":\"ListItem\",\"position\":2,\"name\":\"Shop\",\"item\":\"https:\\\/\\\/bridalfashion.com\\\/shop-2\\\/\"},{\"@type\":\"ListItem\",\"position\":3,\"name\":\"Rochie romantic\u0103 \u0219i delicat\u0103 MARGARET &#8211; BF0112\"}]},{\"@type\":\"WebSite\",\"@id\":\"https:\\\/\\\/bridalfashion.com\\\/ro\\\/#website\",\"url\":\"https:\\\/\\\/bridalfashion.com\\\/ro\\\/\",\"name\":\"BRIDAL FASHION \u2122 | Luxurious Wedding Dresses &amp; Fashionable Gowns for Women, Girls and Kids\",\"description\":\"Welcome the leading manufacturer and supplier of wedding dresses. We offer in wholesale a large selection of high quality wedding dress collections and accessories for your business at competitive prices. Shop our full range of bridal products today!\",\"publisher\":{\"@id\":\"https:\\\/\\\/bridalfashion.com\\\/ro\\\/#organization\"},\"potentialAction\":[{\"@type\":\"SearchAction\",\"target\":{\"@type\":\"EntryPoint\",\"urlTemplate\":\"https:\\\/\\\/bridalfashion.com\\\/ro\\\/?s={search_term_string}\"},\"query-input\":{\"@type\":\"PropertyValueSpecification\",\"valueRequired\":true,\"valueName\":\"search_term_string\"}}],\"inLanguage\":\"ro-RO\"},{\"@type\":\"Organization\",\"@id\":\"https:\\\/\\\/bridalfashion.com\\\/ro\\\/#organization\",\"name\":\"BRIDAL FASHION \u2122 | Luxurious Wedding Dresses &amp; Fashionable Gowns for Women, Girls and Kids\",\"url\":\"https:\\\/\\\/bridalfashion.com\\\/ro\\\/\",\"logo\":{\"@type\":\"ImageObject\",\"inLanguage\":\"ro-RO\",\"@id\":\"https:\\\/\\\/bridalfashion.com\\\/ro\\\/#\\\/schema\\\/logo\\\/image\\\/\",\"url\":\"https:\\\/\\\/bridalfashion.com\\\/wp-content\\\/uploads\\\/2022\\\/05\\\/cropped-BFG.png\",\"contentUrl\":\"https:\\\/\\\/bridalfashion.com\\\/wp-content\\\/uploads\\\/2022\\\/05\\\/cropped-BFG.png\",\"width\":1771,\"height\":119,\"caption\":\"BRIDAL FASHION \u2122 | Luxurious Wedding Dresses &amp; Fashionable Gowns for Women, Girls and Kids\"},\"image\":{\"@id\":\"https:\\\/\\\/bridalfashion.com\\\/ro\\\/#\\\/schema\\\/logo\\\/image\\\/\"}}]}<\/script>\n<!-- \/ Yoast SEO plugin. -->","yoast_head_json":{"title":"Rochie romantic\u0103 \u0219i delicat\u0103 MARGARET - BF0112 - BRIDAL FASHION \u2122 | Luxurious Wedding Dresses &amp; Fashionable Gowns for Women, Girls and Kids","description":"Rochie romantic\u0103 \u0219i delicat\u0103 MARGARET - BF0112 de culoare ivory. Corsetul transparent \u0219i fusta bogat\u0103 din tul sunt decorate manual cu flori de ghipur\u0103, paiete \u0219i perle.","robots":{"index":"index","follow":"follow","max-snippet":"max-snippet:-1","max-image-preview":"max-image-preview:large","max-video-preview":"max-video-preview:-1"},"canonical":"https:\/\/bridalfashion.com\/ro\/monopoli-ro\/rochie-delicata-romantica-margaret-bf0112\/","og_locale":"ro_RO","og_type":"article","og_title":"Rochie romantic\u0103 \u0219i delicat\u0103 MARGARET - BF0112 - BRIDAL FASHION \u2122 | Luxurious Wedding Dresses &amp; Fashionable Gowns for Women, Girls and Kids","og_description":"Rochie romantic\u0103 \u0219i delicat\u0103 MARGARET - BF0112 de culoare ivory. Corsetul transparent \u0219i fusta bogat\u0103 din tul sunt decorate manual cu flori de ghipur\u0103, paiete \u0219i perle.","og_url":"https:\/\/bridalfashion.com\/ro\/monopoli-ro\/rochie-delicata-romantica-margaret-bf0112\/","og_site_name":"BRIDAL FASHION \u2122 | Luxurious Wedding Dresses &amp; Fashionable Gowns for Women, Girls and Kids","og_image":[{"width":1516,"height":2000,"url":"https:\/\/bridalfashion.com\/wp-content\/uploads\/2021\/09\/BF0112_A1.jpg","type":"image\/jpeg"}],"twitter_card":"summary_large_image","schema":{"@context":"https:\/\/schema.org","@graph":[{"@type":"WebPage","@id":"https:\/\/bridalfashion.com\/ro\/monopoli-ro\/rochie-delicata-romantica-margaret-bf0112\/","url":"https:\/\/bridalfashion.com\/ro\/monopoli-ro\/rochie-delicata-romantica-margaret-bf0112\/","name":"Rochie romantic\u0103 \u0219i delicat\u0103 MARGARET - BF0112 - BRIDAL FASHION \u2122 | Luxurious Wedding Dresses &amp; Fashionable Gowns for Women, Girls and Kids","isPartOf":{"@id":"https:\/\/bridalfashion.com\/ro\/#website"},"primaryImageOfPage":{"@id":"https:\/\/bridalfashion.com\/ro\/monopoli-ro\/rochie-delicata-romantica-margaret-bf0112\/#primaryimage"},"image":{"@id":"https:\/\/bridalfashion.com\/ro\/monopoli-ro\/rochie-delicata-romantica-margaret-bf0112\/#primaryimage"},"thumbnailUrl":"https:\/\/bridalfashion.com\/wp-content\/uploads\/2021\/09\/BF0112_A1.jpg","datePublished":"2022-10-13T10:49:46+00:00","description":"Rochie romantic\u0103 \u0219i delicat\u0103 MARGARET - BF0112 de culoare ivory. Corsetul transparent \u0219i fusta bogat\u0103 din tul sunt decorate manual cu flori de ghipur\u0103, paiete \u0219i perle.","breadcrumb":{"@id":"https:\/\/bridalfashion.com\/ro\/monopoli-ro\/rochie-delicata-romantica-margaret-bf0112\/#breadcrumb"},"inLanguage":"ro-RO","potentialAction":[{"@type":"ReadAction","target":["https:\/\/bridalfashion.com\/ro\/monopoli-ro\/rochie-delicata-romantica-margaret-bf0112\/"]}]},{"@type":"ImageObject","inLanguage":"ro-RO","@id":"https:\/\/bridalfashion.com\/ro\/monopoli-ro\/rochie-delicata-romantica-margaret-bf0112\/#primaryimage","url":"https:\/\/bridalfashion.com\/wp-content\/uploads\/2021\/09\/BF0112_A1.jpg","contentUrl":"https:\/\/bridalfashion.com\/wp-content\/uploads\/2021\/09\/BF0112_A1.jpg","width":1516,"height":2000,"caption":"Rochie de mireasa MARGARET - BF0112 Foto 2 - BRIDAL FASHION"},{"@type":"BreadcrumbList","@id":"https:\/\/bridalfashion.com\/ro\/monopoli-ro\/rochie-delicata-romantica-margaret-bf0112\/#breadcrumb","itemListElement":[{"@type":"ListItem","position":1,"name":"Home","item":"https:\/\/bridalfashion.com\/ro\/"},{"@type":"ListItem","position":2,"name":"Shop","item":"https:\/\/bridalfashion.com\/shop-2\/"},{"@type":"ListItem","position":3,"name":"Rochie romantic\u0103 \u0219i delicat\u0103 MARGARET &#8211; BF0112"}]},{"@type":"WebSite","@id":"https:\/\/bridalfashion.com\/ro\/#website","url":"https:\/\/bridalfashion.com\/ro\/","name":"BRIDAL FASHION \u2122 | Luxurious Wedding Dresses &amp; Fashionable Gowns for Women, Girls and Kids","description":"Welcome the leading manufacturer and supplier of wedding dresses. We offer in wholesale a large selection of high quality wedding dress collections and accessories for your business at competitive prices. Shop our full range of bridal products today!","publisher":{"@id":"https:\/\/bridalfashion.com\/ro\/#organization"},"potentialAction":[{"@type":"SearchAction","target":{"@type":"EntryPoint","urlTemplate":"https:\/\/bridalfashion.com\/ro\/?s={search_term_string}"},"query-input":{"@type":"PropertyValueSpecification","valueRequired":true,"valueName":"search_term_string"}}],"inLanguage":"ro-RO"},{"@type":"Organization","@id":"https:\/\/bridalfashion.com\/ro\/#organization","name":"BRIDAL FASHION \u2122 | Luxurious Wedding Dresses &amp; Fashionable Gowns for Women, Girls and Kids","url":"https:\/\/bridalfashion.com\/ro\/","logo":{"@type":"ImageObject","inLanguage":"ro-RO","@id":"https:\/\/bridalfashion.com\/ro\/#\/schema\/logo\/image\/","url":"https:\/\/bridalfashion.com\/wp-content\/uploads\/2022\/05\/cropped-BFG.png","contentUrl":"https:\/\/bridalfashion.com\/wp-content\/uploads\/2022\/05\/cropped-BFG.png","width":1771,"height":119,"caption":"BRIDAL FASHION \u2122 | Luxurious Wedding Dresses &amp; Fashionable Gowns for Women, Girls and Kids"},"image":{"@id":"https:\/\/bridalfashion.com\/ro\/#\/schema\/logo\/image\/"}}]}},"_links":{"self":[{"href":"https:\/\/bridalfashion.com\/ro\/wp-json\/wp\/v2\/product\/11969","targetHints":{"allow":["GET"]}}],"collection":[{"href":"https:\/\/bridalfashion.com\/ro\/wp-json\/wp\/v2\/product"}],"about":[{"href":"https:\/\/bridalfashion.com\/ro\/wp-json\/wp\/v2\/types\/product"}],"replies":[{"embeddable":true,"href":"https:\/\/bridalfashion.com\/ro\/wp-json\/wp\/v2\/comments?post=11969"}],"wp:featuredmedia":[{"embeddable":true,"href":"https:\/\/bridalfashion.com\/ro\/wp-json\/wp\/v2\/media\/6885"}],"wp:attachment":[{"href":"https:\/\/bridalfashion.com\/ro\/wp-json\/wp\/v2\/media?parent=11969"}],"wp:term":[{"taxonomy":"product_brand","embeddable":true,"href":"https:\/\/bridalfashion.com\/ro\/wp-json\/wp\/v2\/product_brand?post=11969"},{"taxonomy":"product_cat","embeddable":true,"href":"https:\/\/bridalfashion.com\/ro\/wp-json\/wp\/v2\/product_cat?post=11969"},{"taxonomy":"product_tag","embeddable":true,"href":"https:\/\/bridalfashion.com\/ro\/wp-json\/wp\/v2\/product_tag?post=11969"}],"curies":[{"name":"wp","href":"https:\/\/api.w.org\/{rel}","templated":true}]}}