{"id":11966,"date":"2021-09-30T11:35:12","date_gmt":"2022-10-13T10:23:29","guid":{"rendered":"https:\/\/bridalfashion.com\/fara-categorie\/rochie-tip-sirena-cu-trena-detasabila-monique-bf0111\/"},"modified":"2022-10-13T12:23:29","modified_gmt":"2022-10-13T10:23:29","slug":"rochie-sirena-cu-trena-detasabila-monique-bf0111","status":"publish","type":"product","link":"https:\/\/bridalfashion.com\/ro\/monopoli-ro\/rochie-sirena-cu-trena-detasabila-monique-bf0111\/","title":{"rendered":"Rochie tip siren\u0103 cu tren\u0103 deta\u0219abil\u0103 MONIQUE &#8211; BF0111"},"content":{"rendered":"<h2>Descrierea modelului MONIQUE &#8211; rochie elegant\u0103 cu o tren\u0103 original\u0103 deta\u015fabil\u0103<\/h2>\n<p>Rochia fermec\u0103toare tip siren\u0103 MONIQUE &#8211; BF0111 de culoare ivory arat\u0103 foarte femenin \u015fi elegant. Corsetul transparent cu spatele complet deschis este brodat manual cu dantel\u0103 francez\u0103, pietricele de cristal, perle \u0219i paiete. Decolteul \u0219i umerii elegan\u0163i accentueaz\u0103 subtil feminitatea miresei. Fusta mulat\u0103 din satin eviden\u021biaz\u0103 favorabil liniile corpului. Trena lung\u0103 \u015fi bogat\u0103 din mai multe r\u00e2nduri, decorat\u0103 cu aplica\u0163ii din dantel\u0103, va face aspectul miresei \u015fi mai elegant \u015fi mai mister. Rochia tip siren\u0103 cu tren\u0103 deta\u0219abila MONIQUE \u00eei va permite frumoasei mirese sa-\u0219i schimbe aspectul \u00een timpul nun\u021bii.<\/p>\n","protected":false},"excerpt":{"rendered":"<p>Descrierea modelului MONIQUE &#8211; rochie elegant\u0103 cu o tren\u0103 original\u0103 deta\u015fabil\u0103 Rochia fermec\u0103toare tip siren\u0103 MONIQUE &#8211; BF0111 de culoare ivory arat\u0103 foarte femenin \u015fi elegant. Corsetul transparent cu spatele complet deschis este brodat manual cu dantel\u0103 francez\u0103, pietricele de cristal, perle \u0219i paiete. Decolteul \u0219i umerii elegan\u0163i accentueaz\u0103 subtil feminitatea miresei. Fusta mulat\u0103 din&hellip;<\/p>\n","protected":false},"featured_media":6864,"comment_status":"open","ping_status":"closed","template":"","meta":[],"product_brand":[],"product_cat":[952],"product_tag":[],"class_list":{"0":"post-11966","1":"product","2":"type-product","3":"status-publish","4":"has-post-thumbnail","6":"product_cat-monopoli-ro","8":"first","9":"instock","10":"taxable","11":"shipping-taxable","12":"product-type-simple"},"yoast_head":"<!-- This site is optimized with the Yoast SEO plugin v27.3 - https:\/\/yoast.com\/product\/yoast-seo-wordpress\/ -->\n<title>Rochie tip siren\u0103 cu tren\u0103 deta\u0219abil\u0103 MONIQUE - BF0111 - BRIDAL FASHION \u2122 | Luxurious Wedding Dresses &amp; Fashionable Gowns for Women, Girls and Kids<\/title>\n<meta name=\"description\" content=\"Rochie tip siren\u0103 cu tren\u0103 deta\u0219abil\u0103 MONIQUE - BF0111 de culoare ivory, decorate cu dantel\u0103, pietricele \u0219i perle. Trena lung\u0103 \u015fi bogat\u0103 din mai multe r\u00e2nduri este decorat\u0103 cu aplica\u0163ii.\" \/>\n<meta name=\"robots\" content=\"index, follow, max-snippet:-1, max-image-preview:large, max-video-preview:-1\" \/>\n<link rel=\"canonical\" href=\"https:\/\/bridalfashion.com\/ro\/monopoli-ro\/rochie-sirena-cu-trena-detasabila-monique-bf0111\/\" \/>\n<meta property=\"og:locale\" content=\"ro_RO\" \/>\n<meta property=\"og:type\" content=\"article\" \/>\n<meta property=\"og:title\" content=\"Rochie tip siren\u0103 cu tren\u0103 deta\u0219abil\u0103 MONIQUE - BF0111 - BRIDAL FASHION \u2122 | Luxurious Wedding Dresses &amp; Fashionable Gowns for Women, Girls and Kids\" \/>\n<meta property=\"og:description\" content=\"Rochie tip siren\u0103 cu tren\u0103 deta\u0219abil\u0103 MONIQUE - BF0111 de culoare ivory, decorate cu dantel\u0103, pietricele \u0219i perle. Trena lung\u0103 \u015fi bogat\u0103 din mai multe r\u00e2nduri este decorat\u0103 cu aplica\u0163ii.\" \/>\n<meta property=\"og:url\" content=\"https:\/\/bridalfashion.com\/ro\/monopoli-ro\/rochie-sirena-cu-trena-detasabila-monique-bf0111\/\" \/>\n<meta property=\"og:site_name\" content=\"BRIDAL FASHION \u2122 | Luxurious Wedding Dresses &amp; Fashionable Gowns for Women, Girls and Kids\" \/>\n<meta property=\"og:image\" content=\"https:\/\/bridalfashion.com\/wp-content\/uploads\/2021\/09\/BF0111_B.jpg\" \/>\n\t<meta property=\"og:image:width\" content=\"1516\" \/>\n\t<meta property=\"og:image:height\" content=\"2000\" \/>\n\t<meta property=\"og:image:type\" content=\"image\/jpeg\" \/>\n<meta name=\"twitter:card\" content=\"summary_large_image\" \/>\n<meta name=\"twitter:label1\" content=\"Timp estimat pentru citire\" \/>\n\t<meta name=\"twitter:data1\" content=\"1 minut\" \/>\n<script type=\"application\/ld+json\" class=\"yoast-schema-graph\">{\"@context\":\"https:\\\/\\\/schema.org\",\"@graph\":[{\"@type\":\"WebPage\",\"@id\":\"https:\\\/\\\/bridalfashion.com\\\/ro\\\/monopoli-ro\\\/rochie-sirena-cu-trena-detasabila-monique-bf0111\\\/\",\"url\":\"https:\\\/\\\/bridalfashion.com\\\/ro\\\/monopoli-ro\\\/rochie-sirena-cu-trena-detasabila-monique-bf0111\\\/\",\"name\":\"Rochie tip siren\u0103 cu tren\u0103 deta\u0219abil\u0103 MONIQUE - BF0111 - BRIDAL FASHION \u2122 | Luxurious Wedding Dresses &amp; Fashionable Gowns for Women, Girls and Kids\",\"isPartOf\":{\"@id\":\"https:\\\/\\\/bridalfashion.com\\\/ro\\\/#website\"},\"primaryImageOfPage\":{\"@id\":\"https:\\\/\\\/bridalfashion.com\\\/ro\\\/monopoli-ro\\\/rochie-sirena-cu-trena-detasabila-monique-bf0111\\\/#primaryimage\"},\"image\":{\"@id\":\"https:\\\/\\\/bridalfashion.com\\\/ro\\\/monopoli-ro\\\/rochie-sirena-cu-trena-detasabila-monique-bf0111\\\/#primaryimage\"},\"thumbnailUrl\":\"https:\\\/\\\/bridalfashion.com\\\/wp-content\\\/uploads\\\/2021\\\/09\\\/BF0111_B.jpg\",\"datePublished\":\"2022-10-13T10:23:29+00:00\",\"description\":\"Rochie tip siren\u0103 cu tren\u0103 deta\u0219abil\u0103 MONIQUE - BF0111 de culoare ivory, decorate cu dantel\u0103, pietricele \u0219i perle. Trena lung\u0103 \u015fi bogat\u0103 din mai multe r\u00e2nduri este decorat\u0103 cu aplica\u0163ii.\",\"breadcrumb\":{\"@id\":\"https:\\\/\\\/bridalfashion.com\\\/ro\\\/monopoli-ro\\\/rochie-sirena-cu-trena-detasabila-monique-bf0111\\\/#breadcrumb\"},\"inLanguage\":\"ro-RO\",\"potentialAction\":[{\"@type\":\"ReadAction\",\"target\":[\"https:\\\/\\\/bridalfashion.com\\\/ro\\\/monopoli-ro\\\/rochie-sirena-cu-trena-detasabila-monique-bf0111\\\/\"]}]},{\"@type\":\"ImageObject\",\"inLanguage\":\"ro-RO\",\"@id\":\"https:\\\/\\\/bridalfashion.com\\\/ro\\\/monopoli-ro\\\/rochie-sirena-cu-trena-detasabila-monique-bf0111\\\/#primaryimage\",\"url\":\"https:\\\/\\\/bridalfashion.com\\\/wp-content\\\/uploads\\\/2021\\\/09\\\/BF0111_B.jpg\",\"contentUrl\":\"https:\\\/\\\/bridalfashion.com\\\/wp-content\\\/uploads\\\/2021\\\/09\\\/BF0111_B.jpg\",\"width\":1516,\"height\":2000,\"caption\":\"Rochie de mireasa MONIQUE - BF0111 Foto 2 - BRIDAL FASHION\"},{\"@type\":\"BreadcrumbList\",\"@id\":\"https:\\\/\\\/bridalfashion.com\\\/ro\\\/monopoli-ro\\\/rochie-sirena-cu-trena-detasabila-monique-bf0111\\\/#breadcrumb\",\"itemListElement\":[{\"@type\":\"ListItem\",\"position\":1,\"name\":\"Home\",\"item\":\"https:\\\/\\\/bridalfashion.com\\\/ro\\\/\"},{\"@type\":\"ListItem\",\"position\":2,\"name\":\"Shop\",\"item\":\"https:\\\/\\\/bridalfashion.com\\\/shop-2\\\/\"},{\"@type\":\"ListItem\",\"position\":3,\"name\":\"Rochie tip siren\u0103 cu tren\u0103 deta\u0219abil\u0103 MONIQUE &#8211; BF0111\"}]},{\"@type\":\"WebSite\",\"@id\":\"https:\\\/\\\/bridalfashion.com\\\/ro\\\/#website\",\"url\":\"https:\\\/\\\/bridalfashion.com\\\/ro\\\/\",\"name\":\"BRIDAL FASHION \u2122 | Luxurious Wedding Dresses &amp; Fashionable Gowns for Women, Girls and Kids\",\"description\":\"Welcome the leading manufacturer and supplier of wedding dresses. We offer in wholesale a large selection of high quality wedding dress collections and accessories for your business at competitive prices. Shop our full range of bridal products today!\",\"publisher\":{\"@id\":\"https:\\\/\\\/bridalfashion.com\\\/ro\\\/#organization\"},\"potentialAction\":[{\"@type\":\"SearchAction\",\"target\":{\"@type\":\"EntryPoint\",\"urlTemplate\":\"https:\\\/\\\/bridalfashion.com\\\/ro\\\/?s={search_term_string}\"},\"query-input\":{\"@type\":\"PropertyValueSpecification\",\"valueRequired\":true,\"valueName\":\"search_term_string\"}}],\"inLanguage\":\"ro-RO\"},{\"@type\":\"Organization\",\"@id\":\"https:\\\/\\\/bridalfashion.com\\\/ro\\\/#organization\",\"name\":\"BRIDAL FASHION \u2122 | Luxurious Wedding Dresses &amp; Fashionable Gowns for Women, Girls and Kids\",\"url\":\"https:\\\/\\\/bridalfashion.com\\\/ro\\\/\",\"logo\":{\"@type\":\"ImageObject\",\"inLanguage\":\"ro-RO\",\"@id\":\"https:\\\/\\\/bridalfashion.com\\\/ro\\\/#\\\/schema\\\/logo\\\/image\\\/\",\"url\":\"https:\\\/\\\/bridalfashion.com\\\/wp-content\\\/uploads\\\/2022\\\/05\\\/cropped-BFG.png\",\"contentUrl\":\"https:\\\/\\\/bridalfashion.com\\\/wp-content\\\/uploads\\\/2022\\\/05\\\/cropped-BFG.png\",\"width\":1771,\"height\":119,\"caption\":\"BRIDAL FASHION \u2122 | Luxurious Wedding Dresses &amp; Fashionable Gowns for Women, Girls and Kids\"},\"image\":{\"@id\":\"https:\\\/\\\/bridalfashion.com\\\/ro\\\/#\\\/schema\\\/logo\\\/image\\\/\"}}]}<\/script>\n<!-- \/ Yoast SEO plugin. -->","yoast_head_json":{"title":"Rochie tip siren\u0103 cu tren\u0103 deta\u0219abil\u0103 MONIQUE - BF0111 - BRIDAL FASHION \u2122 | Luxurious Wedding Dresses &amp; Fashionable Gowns for Women, Girls and Kids","description":"Rochie tip siren\u0103 cu tren\u0103 deta\u0219abil\u0103 MONIQUE - BF0111 de culoare ivory, decorate cu dantel\u0103, pietricele \u0219i perle. Trena lung\u0103 \u015fi bogat\u0103 din mai multe r\u00e2nduri este decorat\u0103 cu aplica\u0163ii.","robots":{"index":"index","follow":"follow","max-snippet":"max-snippet:-1","max-image-preview":"max-image-preview:large","max-video-preview":"max-video-preview:-1"},"canonical":"https:\/\/bridalfashion.com\/ro\/monopoli-ro\/rochie-sirena-cu-trena-detasabila-monique-bf0111\/","og_locale":"ro_RO","og_type":"article","og_title":"Rochie tip siren\u0103 cu tren\u0103 deta\u0219abil\u0103 MONIQUE - BF0111 - BRIDAL FASHION \u2122 | Luxurious Wedding Dresses &amp; Fashionable Gowns for Women, Girls and Kids","og_description":"Rochie tip siren\u0103 cu tren\u0103 deta\u0219abil\u0103 MONIQUE - BF0111 de culoare ivory, decorate cu dantel\u0103, pietricele \u0219i perle. Trena lung\u0103 \u015fi bogat\u0103 din mai multe r\u00e2nduri este decorat\u0103 cu aplica\u0163ii.","og_url":"https:\/\/bridalfashion.com\/ro\/monopoli-ro\/rochie-sirena-cu-trena-detasabila-monique-bf0111\/","og_site_name":"BRIDAL FASHION \u2122 | Luxurious Wedding Dresses &amp; Fashionable Gowns for Women, Girls and Kids","og_image":[{"width":1516,"height":2000,"url":"https:\/\/bridalfashion.com\/wp-content\/uploads\/2021\/09\/BF0111_B.jpg","type":"image\/jpeg"}],"twitter_card":"summary_large_image","twitter_misc":{"Timp estimat pentru citire":"1 minut"},"schema":{"@context":"https:\/\/schema.org","@graph":[{"@type":"WebPage","@id":"https:\/\/bridalfashion.com\/ro\/monopoli-ro\/rochie-sirena-cu-trena-detasabila-monique-bf0111\/","url":"https:\/\/bridalfashion.com\/ro\/monopoli-ro\/rochie-sirena-cu-trena-detasabila-monique-bf0111\/","name":"Rochie tip siren\u0103 cu tren\u0103 deta\u0219abil\u0103 MONIQUE - BF0111 - BRIDAL FASHION \u2122 | Luxurious Wedding Dresses &amp; Fashionable Gowns for Women, Girls and Kids","isPartOf":{"@id":"https:\/\/bridalfashion.com\/ro\/#website"},"primaryImageOfPage":{"@id":"https:\/\/bridalfashion.com\/ro\/monopoli-ro\/rochie-sirena-cu-trena-detasabila-monique-bf0111\/#primaryimage"},"image":{"@id":"https:\/\/bridalfashion.com\/ro\/monopoli-ro\/rochie-sirena-cu-trena-detasabila-monique-bf0111\/#primaryimage"},"thumbnailUrl":"https:\/\/bridalfashion.com\/wp-content\/uploads\/2021\/09\/BF0111_B.jpg","datePublished":"2022-10-13T10:23:29+00:00","description":"Rochie tip siren\u0103 cu tren\u0103 deta\u0219abil\u0103 MONIQUE - BF0111 de culoare ivory, decorate cu dantel\u0103, pietricele \u0219i perle. Trena lung\u0103 \u015fi bogat\u0103 din mai multe r\u00e2nduri este decorat\u0103 cu aplica\u0163ii.","breadcrumb":{"@id":"https:\/\/bridalfashion.com\/ro\/monopoli-ro\/rochie-sirena-cu-trena-detasabila-monique-bf0111\/#breadcrumb"},"inLanguage":"ro-RO","potentialAction":[{"@type":"ReadAction","target":["https:\/\/bridalfashion.com\/ro\/monopoli-ro\/rochie-sirena-cu-trena-detasabila-monique-bf0111\/"]}]},{"@type":"ImageObject","inLanguage":"ro-RO","@id":"https:\/\/bridalfashion.com\/ro\/monopoli-ro\/rochie-sirena-cu-trena-detasabila-monique-bf0111\/#primaryimage","url":"https:\/\/bridalfashion.com\/wp-content\/uploads\/2021\/09\/BF0111_B.jpg","contentUrl":"https:\/\/bridalfashion.com\/wp-content\/uploads\/2021\/09\/BF0111_B.jpg","width":1516,"height":2000,"caption":"Rochie de mireasa MONIQUE - BF0111 Foto 2 - BRIDAL FASHION"},{"@type":"BreadcrumbList","@id":"https:\/\/bridalfashion.com\/ro\/monopoli-ro\/rochie-sirena-cu-trena-detasabila-monique-bf0111\/#breadcrumb","itemListElement":[{"@type":"ListItem","position":1,"name":"Home","item":"https:\/\/bridalfashion.com\/ro\/"},{"@type":"ListItem","position":2,"name":"Shop","item":"https:\/\/bridalfashion.com\/shop-2\/"},{"@type":"ListItem","position":3,"name":"Rochie tip siren\u0103 cu tren\u0103 deta\u0219abil\u0103 MONIQUE &#8211; BF0111"}]},{"@type":"WebSite","@id":"https:\/\/bridalfashion.com\/ro\/#website","url":"https:\/\/bridalfashion.com\/ro\/","name":"BRIDAL FASHION \u2122 | Luxurious Wedding Dresses &amp; Fashionable Gowns for Women, Girls and Kids","description":"Welcome the leading manufacturer and supplier of wedding dresses. We offer in wholesale a large selection of high quality wedding dress collections and accessories for your business at competitive prices. Shop our full range of bridal products today!","publisher":{"@id":"https:\/\/bridalfashion.com\/ro\/#organization"},"potentialAction":[{"@type":"SearchAction","target":{"@type":"EntryPoint","urlTemplate":"https:\/\/bridalfashion.com\/ro\/?s={search_term_string}"},"query-input":{"@type":"PropertyValueSpecification","valueRequired":true,"valueName":"search_term_string"}}],"inLanguage":"ro-RO"},{"@type":"Organization","@id":"https:\/\/bridalfashion.com\/ro\/#organization","name":"BRIDAL FASHION \u2122 | Luxurious Wedding Dresses &amp; Fashionable Gowns for Women, Girls and Kids","url":"https:\/\/bridalfashion.com\/ro\/","logo":{"@type":"ImageObject","inLanguage":"ro-RO","@id":"https:\/\/bridalfashion.com\/ro\/#\/schema\/logo\/image\/","url":"https:\/\/bridalfashion.com\/wp-content\/uploads\/2022\/05\/cropped-BFG.png","contentUrl":"https:\/\/bridalfashion.com\/wp-content\/uploads\/2022\/05\/cropped-BFG.png","width":1771,"height":119,"caption":"BRIDAL FASHION \u2122 | Luxurious Wedding Dresses &amp; Fashionable Gowns for Women, Girls and Kids"},"image":{"@id":"https:\/\/bridalfashion.com\/ro\/#\/schema\/logo\/image\/"}}]}},"_links":{"self":[{"href":"https:\/\/bridalfashion.com\/ro\/wp-json\/wp\/v2\/product\/11966","targetHints":{"allow":["GET"]}}],"collection":[{"href":"https:\/\/bridalfashion.com\/ro\/wp-json\/wp\/v2\/product"}],"about":[{"href":"https:\/\/bridalfashion.com\/ro\/wp-json\/wp\/v2\/types\/product"}],"replies":[{"embeddable":true,"href":"https:\/\/bridalfashion.com\/ro\/wp-json\/wp\/v2\/comments?post=11966"}],"wp:featuredmedia":[{"embeddable":true,"href":"https:\/\/bridalfashion.com\/ro\/wp-json\/wp\/v2\/media\/6864"}],"wp:attachment":[{"href":"https:\/\/bridalfashion.com\/ro\/wp-json\/wp\/v2\/media?parent=11966"}],"wp:term":[{"taxonomy":"product_brand","embeddable":true,"href":"https:\/\/bridalfashion.com\/ro\/wp-json\/wp\/v2\/product_brand?post=11966"},{"taxonomy":"product_cat","embeddable":true,"href":"https:\/\/bridalfashion.com\/ro\/wp-json\/wp\/v2\/product_cat?post=11966"},{"taxonomy":"product_tag","embeddable":true,"href":"https:\/\/bridalfashion.com\/ro\/wp-json\/wp\/v2\/product_tag?post=11966"}],"curies":[{"name":"wp","href":"https:\/\/api.w.org\/{rel}","templated":true}]}}