{"id":11960,"date":"2021-09-29T13:35:50","date_gmt":"2022-10-13T09:28:51","guid":{"rendered":"https:\/\/bridalfashion.com\/fara-categorie\/rochie-eleganta-cu-pelerina-mercy-bf0109\/"},"modified":"2022-10-13T11:28:51","modified_gmt":"2022-10-13T09:28:51","slug":"rochie-eleganta-cu-pelena-mila-bf0109","status":"publish","type":"product","link":"https:\/\/bridalfashion.com\/ro\/monopoli-ro\/rochie-eleganta-cu-pelena-mila-bf0109\/","title":{"rendered":"Rochie eleganta cu pelerina MERCY &#8211; BF0109"},"content":{"rendered":"<h2>Descrierea modelului MERCY &#8211; rochie elegant\u0103 \u00een stil de prin\u0163es\u0103 cu un d\u00e9cor superb<\/h2>\n<p>Rochie elegant\u0103 cu pelerin\u0103 MERCY &#8211; BF0109 este realizat\u0103 \u00eentr-un \u201estil romantic de prin\u021bes\u0103\u201d. Bustul transparent este decorat cu petale de ghipur\u0103 \u0219i completat cu perle \u0219i pietricele. Ornamentul de pe spate este eviden\u021biat cu o \u00eencheietoare din nasturi. Fusta din mai multe r\u00e2nduri cu o form\u0103 frumoas\u0103 este realizat\u0103 din tul str\u0103lucitor pr\u0103fuit \u0219i decorat\u0103 cu ornamente florale din dantel\u0103 de la br\u00e2u \u00een jos. \u021ainuta este completat\u0103 cu o pelerin\u0103 decorat\u0103 \u00een acela\u0219 mod. Culorile: ivory cu nude sau alb\u0103. Aceast\u0103 rochie elegant\u0103 cu pelerin\u0103 MERCY va reu\u0219i sa \u00eenc\u00e2nte toate privirile \u00een timpul nun\u021bii.<\/p>\n","protected":false},"excerpt":{"rendered":"<p>Descrierea modelului MERCY &#8211; rochie elegant\u0103 \u00een stil de prin\u0163es\u0103 cu un d\u00e9cor superb Rochie elegant\u0103 cu pelerin\u0103 MERCY &#8211; BF0109 este realizat\u0103 \u00eentr-un \u201estil romantic de prin\u021bes\u0103\u201d. Bustul transparent este decorat cu petale de ghipur\u0103 \u0219i completat cu perle \u0219i pietricele. Ornamentul de pe spate este eviden\u021biat cu o \u00eencheietoare din nasturi. Fusta din&hellip;<\/p>\n","protected":false},"featured_media":6834,"comment_status":"open","ping_status":"closed","template":"","meta":[],"product_brand":[],"product_cat":[952],"product_tag":[],"class_list":{"0":"post-11960","1":"product","2":"type-product","3":"status-publish","4":"has-post-thumbnail","6":"product_cat-monopoli-ro","8":"first","9":"instock","10":"taxable","11":"shipping-taxable","12":"product-type-simple"},"yoast_head":"<!-- This site is optimized with the Yoast SEO plugin v27.6 - https:\/\/yoast.com\/product\/yoast-seo-wordpress\/ -->\n<title>Rochie eleganta cu pelerina MERCY - BF0109 - BRIDAL FASHION \u2122 | Luxurious Wedding Dresses &amp; Fashionable Gowns for Women, Girls and Kids<\/title>\n<meta name=\"robots\" content=\"index, follow, max-snippet:-1, max-image-preview:large, max-video-preview:-1\" \/>\n<link rel=\"canonical\" href=\"https:\/\/bridalfashion.com\/ro\/monopoli-ro\/rochie-eleganta-cu-pelena-mila-bf0109\/\" \/>\n<meta property=\"og:locale\" content=\"ro_RO\" \/>\n<meta property=\"og:type\" content=\"article\" \/>\n<meta property=\"og:title\" content=\"Rochie eleganta cu pelerina MERCY - BF0109 - BRIDAL FASHION \u2122 | Luxurious Wedding Dresses &amp; Fashionable Gowns for Women, Girls and Kids\" \/>\n<meta property=\"og:description\" content=\"Descrierea modelului MERCY &#8211; rochie elegant\u0103 \u00een stil de prin\u0163es\u0103 cu un d\u00e9cor superb Rochie elegant\u0103 cu pelerin\u0103 MERCY &#8211; BF0109 este realizat\u0103 \u00eentr-un \u201estil romantic de prin\u021bes\u0103\u201d. Bustul transparent este decorat cu petale de ghipur\u0103 \u0219i completat cu perle \u0219i pietricele. Ornamentul de pe spate este eviden\u021biat cu o \u00eencheietoare din nasturi. Fusta din&hellip;\" \/>\n<meta property=\"og:url\" content=\"https:\/\/bridalfashion.com\/ro\/monopoli-ro\/rochie-eleganta-cu-pelena-mila-bf0109\/\" \/>\n<meta property=\"og:site_name\" content=\"BRIDAL FASHION \u2122 | Luxurious Wedding Dresses &amp; Fashionable Gowns for Women, Girls and Kids\" \/>\n<meta name=\"twitter:card\" content=\"summary_large_image\" \/>\n<meta name=\"twitter:label1\" content=\"Timp estimat pentru citire\" \/>\n\t<meta name=\"twitter:data1\" content=\"1 minut\" \/>\n<script type=\"application\/ld+json\" class=\"yoast-schema-graph\">{\"@context\":\"https:\\\/\\\/schema.org\",\"@graph\":[{\"@type\":\"WebPage\",\"@id\":\"https:\\\/\\\/bridalfashion.com\\\/ro\\\/monopoli-ro\\\/rochie-eleganta-cu-pelena-mila-bf0109\\\/\",\"url\":\"https:\\\/\\\/bridalfashion.com\\\/ro\\\/monopoli-ro\\\/rochie-eleganta-cu-pelena-mila-bf0109\\\/\",\"name\":\"Rochie eleganta cu pelerina MERCY - BF0109 - BRIDAL FASHION \u2122 | Luxurious Wedding Dresses &amp; Fashionable Gowns for Women, Girls and Kids\",\"isPartOf\":{\"@id\":\"https:\\\/\\\/bridalfashion.com\\\/ro\\\/#website\"},\"primaryImageOfPage\":{\"@id\":\"https:\\\/\\\/bridalfashion.com\\\/ro\\\/monopoli-ro\\\/rochie-eleganta-cu-pelena-mila-bf0109\\\/#primaryimage\"},\"image\":{\"@id\":\"https:\\\/\\\/bridalfashion.com\\\/ro\\\/monopoli-ro\\\/rochie-eleganta-cu-pelena-mila-bf0109\\\/#primaryimage\"},\"thumbnailUrl\":\"https:\\\/\\\/bridalfashion.com\\\/wp-content\\\/uploads\\\/2021\\\/09\\\/BF0109_B-1.jpg\",\"datePublished\":\"2022-10-13T09:28:51+00:00\",\"breadcrumb\":{\"@id\":\"https:\\\/\\\/bridalfashion.com\\\/ro\\\/monopoli-ro\\\/rochie-eleganta-cu-pelena-mila-bf0109\\\/#breadcrumb\"},\"inLanguage\":\"ro-RO\",\"potentialAction\":[{\"@type\":\"ReadAction\",\"target\":[\"https:\\\/\\\/bridalfashion.com\\\/ro\\\/monopoli-ro\\\/rochie-eleganta-cu-pelena-mila-bf0109\\\/\"]}]},{\"@type\":\"ImageObject\",\"inLanguage\":\"ro-RO\",\"@id\":\"https:\\\/\\\/bridalfashion.com\\\/ro\\\/monopoli-ro\\\/rochie-eleganta-cu-pelena-mila-bf0109\\\/#primaryimage\",\"url\":\"https:\\\/\\\/bridalfashion.com\\\/wp-content\\\/uploads\\\/2021\\\/09\\\/BF0109_B-1.jpg\",\"contentUrl\":\"https:\\\/\\\/bridalfashion.com\\\/wp-content\\\/uploads\\\/2021\\\/09\\\/BF0109_B-1.jpg\",\"width\":1516,\"height\":2000,\"caption\":\"Rochie de mireasa MERCY - BF0109 Foto 2 - BRIDAL FASHION\"},{\"@type\":\"BreadcrumbList\",\"@id\":\"https:\\\/\\\/bridalfashion.com\\\/ro\\\/monopoli-ro\\\/rochie-eleganta-cu-pelena-mila-bf0109\\\/#breadcrumb\",\"itemListElement\":[{\"@type\":\"ListItem\",\"position\":1,\"name\":\"Home\",\"item\":\"https:\\\/\\\/bridalfashion.com\\\/ro\\\/\"},{\"@type\":\"ListItem\",\"position\":2,\"name\":\"Shop\",\"item\":\"https:\\\/\\\/bridalfashion.com\\\/shop-2\\\/\"},{\"@type\":\"ListItem\",\"position\":3,\"name\":\"Rochie eleganta cu pelerina MERCY &#8211; BF0109\"}]},{\"@type\":\"WebSite\",\"@id\":\"https:\\\/\\\/bridalfashion.com\\\/ro\\\/#website\",\"url\":\"https:\\\/\\\/bridalfashion.com\\\/ro\\\/\",\"name\":\"BRIDAL FASHION \u2122 | Luxurious Wedding Dresses &amp; Fashionable Gowns for Women, Girls and Kids\",\"description\":\"Welcome the leading manufacturer and supplier of wedding dresses. We offer in wholesale a large selection of high quality wedding dress collections and accessories for your business at competitive prices. Shop our full range of bridal products today!\",\"publisher\":{\"@id\":\"https:\\\/\\\/bridalfashion.com\\\/ro\\\/#organization\"},\"potentialAction\":[{\"@type\":\"SearchAction\",\"target\":{\"@type\":\"EntryPoint\",\"urlTemplate\":\"https:\\\/\\\/bridalfashion.com\\\/ro\\\/?s={search_term_string}\"},\"query-input\":{\"@type\":\"PropertyValueSpecification\",\"valueRequired\":true,\"valueName\":\"search_term_string\"}}],\"inLanguage\":\"ro-RO\"},{\"@type\":\"Organization\",\"@id\":\"https:\\\/\\\/bridalfashion.com\\\/ro\\\/#organization\",\"name\":\"BRIDAL FASHION \u2122 | Luxurious Wedding Dresses &amp; Fashionable Gowns for Women, Girls and Kids\",\"url\":\"https:\\\/\\\/bridalfashion.com\\\/ro\\\/\",\"logo\":{\"@type\":\"ImageObject\",\"inLanguage\":\"ro-RO\",\"@id\":\"https:\\\/\\\/bridalfashion.com\\\/ro\\\/#\\\/schema\\\/logo\\\/image\\\/\",\"url\":\"https:\\\/\\\/bridalfashion.com\\\/wp-content\\\/uploads\\\/2022\\\/05\\\/cropped-BFG.png\",\"contentUrl\":\"https:\\\/\\\/bridalfashion.com\\\/wp-content\\\/uploads\\\/2022\\\/05\\\/cropped-BFG.png\",\"width\":1771,\"height\":119,\"caption\":\"BRIDAL FASHION \u2122 | Luxurious Wedding Dresses &amp; Fashionable Gowns for Women, Girls and Kids\"},\"image\":{\"@id\":\"https:\\\/\\\/bridalfashion.com\\\/ro\\\/#\\\/schema\\\/logo\\\/image\\\/\"}}]}<\/script>\n<!-- \/ Yoast SEO plugin. -->","yoast_head_json":{"title":"Rochie eleganta cu pelerina MERCY - BF0109 - BRIDAL FASHION \u2122 | Luxurious Wedding Dresses &amp; Fashionable Gowns for Women, Girls and Kids","robots":{"index":"index","follow":"follow","max-snippet":"max-snippet:-1","max-image-preview":"max-image-preview:large","max-video-preview":"max-video-preview:-1"},"canonical":"https:\/\/bridalfashion.com\/ro\/monopoli-ro\/rochie-eleganta-cu-pelena-mila-bf0109\/","og_locale":"ro_RO","og_type":"article","og_title":"Rochie eleganta cu pelerina MERCY - BF0109 - BRIDAL FASHION \u2122 | Luxurious Wedding Dresses &amp; Fashionable Gowns for Women, Girls and Kids","og_description":"Descrierea modelului MERCY &#8211; rochie elegant\u0103 \u00een stil de prin\u0163es\u0103 cu un d\u00e9cor superb Rochie elegant\u0103 cu pelerin\u0103 MERCY &#8211; BF0109 este realizat\u0103 \u00eentr-un \u201estil romantic de prin\u021bes\u0103\u201d. Bustul transparent este decorat cu petale de ghipur\u0103 \u0219i completat cu perle \u0219i pietricele. Ornamentul de pe spate este eviden\u021biat cu o \u00eencheietoare din nasturi. Fusta din&hellip;","og_url":"https:\/\/bridalfashion.com\/ro\/monopoli-ro\/rochie-eleganta-cu-pelena-mila-bf0109\/","og_site_name":"BRIDAL FASHION \u2122 | Luxurious Wedding Dresses &amp; Fashionable Gowns for Women, Girls and Kids","twitter_card":"summary_large_image","twitter_misc":{"Timp estimat pentru citire":"1 minut"},"schema":{"@context":"https:\/\/schema.org","@graph":[{"@type":"WebPage","@id":"https:\/\/bridalfashion.com\/ro\/monopoli-ro\/rochie-eleganta-cu-pelena-mila-bf0109\/","url":"https:\/\/bridalfashion.com\/ro\/monopoli-ro\/rochie-eleganta-cu-pelena-mila-bf0109\/","name":"Rochie eleganta cu pelerina MERCY - BF0109 - BRIDAL FASHION \u2122 | Luxurious Wedding Dresses &amp; Fashionable Gowns for Women, Girls and Kids","isPartOf":{"@id":"https:\/\/bridalfashion.com\/ro\/#website"},"primaryImageOfPage":{"@id":"https:\/\/bridalfashion.com\/ro\/monopoli-ro\/rochie-eleganta-cu-pelena-mila-bf0109\/#primaryimage"},"image":{"@id":"https:\/\/bridalfashion.com\/ro\/monopoli-ro\/rochie-eleganta-cu-pelena-mila-bf0109\/#primaryimage"},"thumbnailUrl":"https:\/\/bridalfashion.com\/wp-content\/uploads\/2021\/09\/BF0109_B-1.jpg","datePublished":"2022-10-13T09:28:51+00:00","breadcrumb":{"@id":"https:\/\/bridalfashion.com\/ro\/monopoli-ro\/rochie-eleganta-cu-pelena-mila-bf0109\/#breadcrumb"},"inLanguage":"ro-RO","potentialAction":[{"@type":"ReadAction","target":["https:\/\/bridalfashion.com\/ro\/monopoli-ro\/rochie-eleganta-cu-pelena-mila-bf0109\/"]}]},{"@type":"ImageObject","inLanguage":"ro-RO","@id":"https:\/\/bridalfashion.com\/ro\/monopoli-ro\/rochie-eleganta-cu-pelena-mila-bf0109\/#primaryimage","url":"https:\/\/bridalfashion.com\/wp-content\/uploads\/2021\/09\/BF0109_B-1.jpg","contentUrl":"https:\/\/bridalfashion.com\/wp-content\/uploads\/2021\/09\/BF0109_B-1.jpg","width":1516,"height":2000,"caption":"Rochie de mireasa MERCY - BF0109 Foto 2 - BRIDAL FASHION"},{"@type":"BreadcrumbList","@id":"https:\/\/bridalfashion.com\/ro\/monopoli-ro\/rochie-eleganta-cu-pelena-mila-bf0109\/#breadcrumb","itemListElement":[{"@type":"ListItem","position":1,"name":"Home","item":"https:\/\/bridalfashion.com\/ro\/"},{"@type":"ListItem","position":2,"name":"Shop","item":"https:\/\/bridalfashion.com\/shop-2\/"},{"@type":"ListItem","position":3,"name":"Rochie eleganta cu pelerina MERCY &#8211; BF0109"}]},{"@type":"WebSite","@id":"https:\/\/bridalfashion.com\/ro\/#website","url":"https:\/\/bridalfashion.com\/ro\/","name":"BRIDAL FASHION \u2122 | Luxurious Wedding Dresses &amp; Fashionable Gowns for Women, Girls and Kids","description":"Welcome the leading manufacturer and supplier of wedding dresses. We offer in wholesale a large selection of high quality wedding dress collections and accessories for your business at competitive prices. Shop our full range of bridal products today!","publisher":{"@id":"https:\/\/bridalfashion.com\/ro\/#organization"},"potentialAction":[{"@type":"SearchAction","target":{"@type":"EntryPoint","urlTemplate":"https:\/\/bridalfashion.com\/ro\/?s={search_term_string}"},"query-input":{"@type":"PropertyValueSpecification","valueRequired":true,"valueName":"search_term_string"}}],"inLanguage":"ro-RO"},{"@type":"Organization","@id":"https:\/\/bridalfashion.com\/ro\/#organization","name":"BRIDAL FASHION \u2122 | Luxurious Wedding Dresses &amp; Fashionable Gowns for Women, Girls and Kids","url":"https:\/\/bridalfashion.com\/ro\/","logo":{"@type":"ImageObject","inLanguage":"ro-RO","@id":"https:\/\/bridalfashion.com\/ro\/#\/schema\/logo\/image\/","url":"https:\/\/bridalfashion.com\/wp-content\/uploads\/2022\/05\/cropped-BFG.png","contentUrl":"https:\/\/bridalfashion.com\/wp-content\/uploads\/2022\/05\/cropped-BFG.png","width":1771,"height":119,"caption":"BRIDAL FASHION \u2122 | Luxurious Wedding Dresses &amp; Fashionable Gowns for Women, Girls and Kids"},"image":{"@id":"https:\/\/bridalfashion.com\/ro\/#\/schema\/logo\/image\/"}}]}},"_links":{"self":[{"href":"https:\/\/bridalfashion.com\/ro\/wp-json\/wp\/v2\/product\/11960","targetHints":{"allow":["GET"]}}],"collection":[{"href":"https:\/\/bridalfashion.com\/ro\/wp-json\/wp\/v2\/product"}],"about":[{"href":"https:\/\/bridalfashion.com\/ro\/wp-json\/wp\/v2\/types\/product"}],"replies":[{"embeddable":true,"href":"https:\/\/bridalfashion.com\/ro\/wp-json\/wp\/v2\/comments?post=11960"}],"wp:featuredmedia":[{"embeddable":true,"href":"https:\/\/bridalfashion.com\/ro\/wp-json\/wp\/v2\/media\/6834"}],"wp:attachment":[{"href":"https:\/\/bridalfashion.com\/ro\/wp-json\/wp\/v2\/media?parent=11960"}],"wp:term":[{"taxonomy":"product_brand","embeddable":true,"href":"https:\/\/bridalfashion.com\/ro\/wp-json\/wp\/v2\/product_brand?post=11960"},{"taxonomy":"product_cat","embeddable":true,"href":"https:\/\/bridalfashion.com\/ro\/wp-json\/wp\/v2\/product_cat?post=11960"},{"taxonomy":"product_tag","embeddable":true,"href":"https:\/\/bridalfashion.com\/ro\/wp-json\/wp\/v2\/product_tag?post=11960"}],"curies":[{"name":"wp","href":"https:\/\/api.w.org\/{rel}","templated":true}]}}