{"id":11957,"date":"2021-09-29T13:23:57","date_gmt":"2022-10-12T12:10:01","guid":{"rendered":"https:\/\/bridalfashion.com\/fara-categorie\/o-rochie-luxurianta-cu-decor-minunat-michaela-bf0108\/"},"modified":"2022-10-12T14:10:01","modified_gmt":"2022-10-12T12:10:01","slug":"o-rochie-magnifica-cu-un-decor-minunat-michaela-bf0108","status":"publish","type":"product","link":"https:\/\/bridalfashion.com\/ro\/monopoli-ro\/o-rochie-magnifica-cu-un-decor-minunat-michaela-bf0108\/","title":{"rendered":"O rochie luxuriant\u0103 cu decor minunat MICHAELA &#8211; BF0108"},"content":{"rendered":"<h2>Descrierea modelului MICHAELA &#8211; rochie fermec\u0103toare cu un d\u00e9cor superb<\/h2>\n<p>Rochia ampl\u0103 cu un decor superb MICHAELA &#8211; BF0108 este realizat\u0103 \u00eentr-un stil de bal. Baza p\u0103r\u0163ii de sus consist\u0103 dintr-un corset dublat cu decolteu \u00een form\u0103 de inim\u0103, acoperit cu un bust transparent cu m\u00e2neci lungi. La spate are o \u00eencheietoare vertical\u0103 din nasturi de cristal. Rochia este \u00eempodobit\u0103 manual cu pietricele Swarovski, perle, paiete \u015fi flori de ghipur\u0103. Fusta foarte bogat\u0103 cu multe r\u00e2nduri din tul este ajustat\u0103 cu o tren\u0103 frumoas\u0103. Rochia ampl\u0103 cun un decor superb MICHAELA este o alegere ideal\u0103 pentru o nunt\u0103 luxoas\u0103.<\/p>\n","protected":false},"excerpt":{"rendered":"<p>Descrierea modelului MICHAELA &#8211; rochie fermec\u0103toare cu un d\u00e9cor superb Rochia ampl\u0103 cu un decor superb MICHAELA &#8211; BF0108 este realizat\u0103 \u00eentr-un stil de bal. Baza p\u0103r\u0163ii de sus consist\u0103 dintr-un corset dublat cu decolteu \u00een form\u0103 de inim\u0103, acoperit cu un bust transparent cu m\u00e2neci lungi. La spate are o \u00eencheietoare vertical\u0103 din nasturi&hellip;<\/p>\n","protected":false},"featured_media":6801,"comment_status":"open","ping_status":"closed","template":"","meta":[],"product_brand":[],"product_cat":[952],"product_tag":[],"class_list":{"0":"post-11957","1":"product","2":"type-product","3":"status-publish","4":"has-post-thumbnail","6":"product_cat-monopoli-ro","8":"first","9":"instock","10":"taxable","11":"shipping-taxable","12":"product-type-simple"},"yoast_head":"<!-- This site is optimized with the Yoast SEO plugin v27.4 - https:\/\/yoast.com\/product\/yoast-seo-wordpress\/ -->\n<title>O rochie luxuriant\u0103 cu decor minunat MICHAELA - BF0108 - BRIDAL FASHION \u2122 | Luxurious Wedding Dresses &amp; Fashionable Gowns for Women, Girls and Kids<\/title>\n<meta name=\"description\" content=\"Rochie ampl\u0103 cu un decor superb MICHAELA - BF0108 \u00een culoarea ivory. Corsetul transparent cu m\u00e2nici lungi \u015fi partea de sus a fustei din tul, sunt decorate cu pietricele Swarovski \u015fi perle.\" \/>\n<meta name=\"robots\" content=\"index, follow, max-snippet:-1, max-image-preview:large, max-video-preview:-1\" \/>\n<link rel=\"canonical\" href=\"https:\/\/bridalfashion.com\/ro\/monopoli-ro\/o-rochie-magnifica-cu-un-decor-minunat-michaela-bf0108\/\" \/>\n<meta property=\"og:locale\" content=\"ro_RO\" \/>\n<meta property=\"og:type\" content=\"article\" \/>\n<meta property=\"og:title\" content=\"O rochie luxuriant\u0103 cu decor minunat MICHAELA - BF0108 - BRIDAL FASHION \u2122 | Luxurious Wedding Dresses &amp; Fashionable Gowns for Women, Girls and Kids\" \/>\n<meta property=\"og:description\" content=\"Rochie ampl\u0103 cu un decor superb MICHAELA - BF0108 \u00een culoarea ivory. Corsetul transparent cu m\u00e2nici lungi \u015fi partea de sus a fustei din tul, sunt decorate cu pietricele Swarovski \u015fi perle.\" \/>\n<meta property=\"og:url\" content=\"https:\/\/bridalfashion.com\/ro\/monopoli-ro\/o-rochie-magnifica-cu-un-decor-minunat-michaela-bf0108\/\" \/>\n<meta property=\"og:site_name\" content=\"BRIDAL FASHION \u2122 | Luxurious Wedding Dresses &amp; Fashionable Gowns for Women, Girls and Kids\" \/>\n<meta property=\"og:image\" content=\"https:\/\/bridalfashion.com\/wp-content\/uploads\/2021\/09\/BF0108_A.jpg\" \/>\n\t<meta property=\"og:image:width\" content=\"1516\" \/>\n\t<meta property=\"og:image:height\" content=\"2000\" \/>\n\t<meta property=\"og:image:type\" content=\"image\/jpeg\" \/>\n<meta name=\"twitter:card\" content=\"summary_large_image\" \/>\n<meta name=\"twitter:label1\" content=\"Timp estimat pentru citire\" \/>\n\t<meta name=\"twitter:data1\" content=\"1 minut\" \/>\n<script type=\"application\/ld+json\" class=\"yoast-schema-graph\">{\"@context\":\"https:\\\/\\\/schema.org\",\"@graph\":[{\"@type\":\"WebPage\",\"@id\":\"https:\\\/\\\/bridalfashion.com\\\/ro\\\/monopoli-ro\\\/o-rochie-magnifica-cu-un-decor-minunat-michaela-bf0108\\\/\",\"url\":\"https:\\\/\\\/bridalfashion.com\\\/ro\\\/monopoli-ro\\\/o-rochie-magnifica-cu-un-decor-minunat-michaela-bf0108\\\/\",\"name\":\"O rochie luxuriant\u0103 cu decor minunat MICHAELA - BF0108 - BRIDAL FASHION \u2122 | Luxurious Wedding Dresses &amp; Fashionable Gowns for Women, Girls and Kids\",\"isPartOf\":{\"@id\":\"https:\\\/\\\/bridalfashion.com\\\/ro\\\/#website\"},\"primaryImageOfPage\":{\"@id\":\"https:\\\/\\\/bridalfashion.com\\\/ro\\\/monopoli-ro\\\/o-rochie-magnifica-cu-un-decor-minunat-michaela-bf0108\\\/#primaryimage\"},\"image\":{\"@id\":\"https:\\\/\\\/bridalfashion.com\\\/ro\\\/monopoli-ro\\\/o-rochie-magnifica-cu-un-decor-minunat-michaela-bf0108\\\/#primaryimage\"},\"thumbnailUrl\":\"https:\\\/\\\/bridalfashion.com\\\/wp-content\\\/uploads\\\/2021\\\/09\\\/BF0108_A.jpg\",\"datePublished\":\"2022-10-12T12:10:01+00:00\",\"description\":\"Rochie ampl\u0103 cu un decor superb MICHAELA - BF0108 \u00een culoarea ivory. Corsetul transparent cu m\u00e2nici lungi \u015fi partea de sus a fustei din tul, sunt decorate cu pietricele Swarovski \u015fi perle.\",\"breadcrumb\":{\"@id\":\"https:\\\/\\\/bridalfashion.com\\\/ro\\\/monopoli-ro\\\/o-rochie-magnifica-cu-un-decor-minunat-michaela-bf0108\\\/#breadcrumb\"},\"inLanguage\":\"ro-RO\",\"potentialAction\":[{\"@type\":\"ReadAction\",\"target\":[\"https:\\\/\\\/bridalfashion.com\\\/ro\\\/monopoli-ro\\\/o-rochie-magnifica-cu-un-decor-minunat-michaela-bf0108\\\/\"]}]},{\"@type\":\"ImageObject\",\"inLanguage\":\"ro-RO\",\"@id\":\"https:\\\/\\\/bridalfashion.com\\\/ro\\\/monopoli-ro\\\/o-rochie-magnifica-cu-un-decor-minunat-michaela-bf0108\\\/#primaryimage\",\"url\":\"https:\\\/\\\/bridalfashion.com\\\/wp-content\\\/uploads\\\/2021\\\/09\\\/BF0108_A.jpg\",\"contentUrl\":\"https:\\\/\\\/bridalfashion.com\\\/wp-content\\\/uploads\\\/2021\\\/09\\\/BF0108_A.jpg\",\"width\":1516,\"height\":2000,\"caption\":\"Rochie de mireasa MICHAELA - BF0108 Foto - BRIDAL FASHION\"},{\"@type\":\"BreadcrumbList\",\"@id\":\"https:\\\/\\\/bridalfashion.com\\\/ro\\\/monopoli-ro\\\/o-rochie-magnifica-cu-un-decor-minunat-michaela-bf0108\\\/#breadcrumb\",\"itemListElement\":[{\"@type\":\"ListItem\",\"position\":1,\"name\":\"Home\",\"item\":\"https:\\\/\\\/bridalfashion.com\\\/ro\\\/\"},{\"@type\":\"ListItem\",\"position\":2,\"name\":\"Shop\",\"item\":\"https:\\\/\\\/bridalfashion.com\\\/shop-2\\\/\"},{\"@type\":\"ListItem\",\"position\":3,\"name\":\"O rochie luxuriant\u0103 cu decor minunat MICHAELA &#8211; BF0108\"}]},{\"@type\":\"WebSite\",\"@id\":\"https:\\\/\\\/bridalfashion.com\\\/ro\\\/#website\",\"url\":\"https:\\\/\\\/bridalfashion.com\\\/ro\\\/\",\"name\":\"BRIDAL FASHION \u2122 | Luxurious Wedding Dresses &amp; Fashionable Gowns for Women, Girls and Kids\",\"description\":\"Welcome the leading manufacturer and supplier of wedding dresses. We offer in wholesale a large selection of high quality wedding dress collections and accessories for your business at competitive prices. Shop our full range of bridal products today!\",\"publisher\":{\"@id\":\"https:\\\/\\\/bridalfashion.com\\\/ro\\\/#organization\"},\"potentialAction\":[{\"@type\":\"SearchAction\",\"target\":{\"@type\":\"EntryPoint\",\"urlTemplate\":\"https:\\\/\\\/bridalfashion.com\\\/ro\\\/?s={search_term_string}\"},\"query-input\":{\"@type\":\"PropertyValueSpecification\",\"valueRequired\":true,\"valueName\":\"search_term_string\"}}],\"inLanguage\":\"ro-RO\"},{\"@type\":\"Organization\",\"@id\":\"https:\\\/\\\/bridalfashion.com\\\/ro\\\/#organization\",\"name\":\"BRIDAL FASHION \u2122 | Luxurious Wedding Dresses &amp; Fashionable Gowns for Women, Girls and Kids\",\"url\":\"https:\\\/\\\/bridalfashion.com\\\/ro\\\/\",\"logo\":{\"@type\":\"ImageObject\",\"inLanguage\":\"ro-RO\",\"@id\":\"https:\\\/\\\/bridalfashion.com\\\/ro\\\/#\\\/schema\\\/logo\\\/image\\\/\",\"url\":\"https:\\\/\\\/bridalfashion.com\\\/wp-content\\\/uploads\\\/2022\\\/05\\\/cropped-BFG.png\",\"contentUrl\":\"https:\\\/\\\/bridalfashion.com\\\/wp-content\\\/uploads\\\/2022\\\/05\\\/cropped-BFG.png\",\"width\":1771,\"height\":119,\"caption\":\"BRIDAL FASHION \u2122 | Luxurious Wedding Dresses &amp; Fashionable Gowns for Women, Girls and Kids\"},\"image\":{\"@id\":\"https:\\\/\\\/bridalfashion.com\\\/ro\\\/#\\\/schema\\\/logo\\\/image\\\/\"}}]}<\/script>\n<!-- \/ Yoast SEO plugin. -->","yoast_head_json":{"title":"O rochie luxuriant\u0103 cu decor minunat MICHAELA - BF0108 - BRIDAL FASHION \u2122 | Luxurious Wedding Dresses &amp; Fashionable Gowns for Women, Girls and Kids","description":"Rochie ampl\u0103 cu un decor superb MICHAELA - BF0108 \u00een culoarea ivory. Corsetul transparent cu m\u00e2nici lungi \u015fi partea de sus a fustei din tul, sunt decorate cu pietricele Swarovski \u015fi perle.","robots":{"index":"index","follow":"follow","max-snippet":"max-snippet:-1","max-image-preview":"max-image-preview:large","max-video-preview":"max-video-preview:-1"},"canonical":"https:\/\/bridalfashion.com\/ro\/monopoli-ro\/o-rochie-magnifica-cu-un-decor-minunat-michaela-bf0108\/","og_locale":"ro_RO","og_type":"article","og_title":"O rochie luxuriant\u0103 cu decor minunat MICHAELA - BF0108 - BRIDAL FASHION \u2122 | Luxurious Wedding Dresses &amp; Fashionable Gowns for Women, Girls and Kids","og_description":"Rochie ampl\u0103 cu un decor superb MICHAELA - BF0108 \u00een culoarea ivory. Corsetul transparent cu m\u00e2nici lungi \u015fi partea de sus a fustei din tul, sunt decorate cu pietricele Swarovski \u015fi perle.","og_url":"https:\/\/bridalfashion.com\/ro\/monopoli-ro\/o-rochie-magnifica-cu-un-decor-minunat-michaela-bf0108\/","og_site_name":"BRIDAL FASHION \u2122 | Luxurious Wedding Dresses &amp; Fashionable Gowns for Women, Girls and Kids","og_image":[{"width":1516,"height":2000,"url":"https:\/\/bridalfashion.com\/wp-content\/uploads\/2021\/09\/BF0108_A.jpg","type":"image\/jpeg"}],"twitter_card":"summary_large_image","twitter_misc":{"Timp estimat pentru citire":"1 minut"},"schema":{"@context":"https:\/\/schema.org","@graph":[{"@type":"WebPage","@id":"https:\/\/bridalfashion.com\/ro\/monopoli-ro\/o-rochie-magnifica-cu-un-decor-minunat-michaela-bf0108\/","url":"https:\/\/bridalfashion.com\/ro\/monopoli-ro\/o-rochie-magnifica-cu-un-decor-minunat-michaela-bf0108\/","name":"O rochie luxuriant\u0103 cu decor minunat MICHAELA - BF0108 - BRIDAL FASHION \u2122 | Luxurious Wedding Dresses &amp; Fashionable Gowns for Women, Girls and Kids","isPartOf":{"@id":"https:\/\/bridalfashion.com\/ro\/#website"},"primaryImageOfPage":{"@id":"https:\/\/bridalfashion.com\/ro\/monopoli-ro\/o-rochie-magnifica-cu-un-decor-minunat-michaela-bf0108\/#primaryimage"},"image":{"@id":"https:\/\/bridalfashion.com\/ro\/monopoli-ro\/o-rochie-magnifica-cu-un-decor-minunat-michaela-bf0108\/#primaryimage"},"thumbnailUrl":"https:\/\/bridalfashion.com\/wp-content\/uploads\/2021\/09\/BF0108_A.jpg","datePublished":"2022-10-12T12:10:01+00:00","description":"Rochie ampl\u0103 cu un decor superb MICHAELA - BF0108 \u00een culoarea ivory. Corsetul transparent cu m\u00e2nici lungi \u015fi partea de sus a fustei din tul, sunt decorate cu pietricele Swarovski \u015fi perle.","breadcrumb":{"@id":"https:\/\/bridalfashion.com\/ro\/monopoli-ro\/o-rochie-magnifica-cu-un-decor-minunat-michaela-bf0108\/#breadcrumb"},"inLanguage":"ro-RO","potentialAction":[{"@type":"ReadAction","target":["https:\/\/bridalfashion.com\/ro\/monopoli-ro\/o-rochie-magnifica-cu-un-decor-minunat-michaela-bf0108\/"]}]},{"@type":"ImageObject","inLanguage":"ro-RO","@id":"https:\/\/bridalfashion.com\/ro\/monopoli-ro\/o-rochie-magnifica-cu-un-decor-minunat-michaela-bf0108\/#primaryimage","url":"https:\/\/bridalfashion.com\/wp-content\/uploads\/2021\/09\/BF0108_A.jpg","contentUrl":"https:\/\/bridalfashion.com\/wp-content\/uploads\/2021\/09\/BF0108_A.jpg","width":1516,"height":2000,"caption":"Rochie de mireasa MICHAELA - BF0108 Foto - BRIDAL FASHION"},{"@type":"BreadcrumbList","@id":"https:\/\/bridalfashion.com\/ro\/monopoli-ro\/o-rochie-magnifica-cu-un-decor-minunat-michaela-bf0108\/#breadcrumb","itemListElement":[{"@type":"ListItem","position":1,"name":"Home","item":"https:\/\/bridalfashion.com\/ro\/"},{"@type":"ListItem","position":2,"name":"Shop","item":"https:\/\/bridalfashion.com\/shop-2\/"},{"@type":"ListItem","position":3,"name":"O rochie luxuriant\u0103 cu decor minunat MICHAELA &#8211; BF0108"}]},{"@type":"WebSite","@id":"https:\/\/bridalfashion.com\/ro\/#website","url":"https:\/\/bridalfashion.com\/ro\/","name":"BRIDAL FASHION \u2122 | Luxurious Wedding Dresses &amp; Fashionable Gowns for Women, Girls and Kids","description":"Welcome the leading manufacturer and supplier of wedding dresses. We offer in wholesale a large selection of high quality wedding dress collections and accessories for your business at competitive prices. Shop our full range of bridal products today!","publisher":{"@id":"https:\/\/bridalfashion.com\/ro\/#organization"},"potentialAction":[{"@type":"SearchAction","target":{"@type":"EntryPoint","urlTemplate":"https:\/\/bridalfashion.com\/ro\/?s={search_term_string}"},"query-input":{"@type":"PropertyValueSpecification","valueRequired":true,"valueName":"search_term_string"}}],"inLanguage":"ro-RO"},{"@type":"Organization","@id":"https:\/\/bridalfashion.com\/ro\/#organization","name":"BRIDAL FASHION \u2122 | Luxurious Wedding Dresses &amp; Fashionable Gowns for Women, Girls and Kids","url":"https:\/\/bridalfashion.com\/ro\/","logo":{"@type":"ImageObject","inLanguage":"ro-RO","@id":"https:\/\/bridalfashion.com\/ro\/#\/schema\/logo\/image\/","url":"https:\/\/bridalfashion.com\/wp-content\/uploads\/2022\/05\/cropped-BFG.png","contentUrl":"https:\/\/bridalfashion.com\/wp-content\/uploads\/2022\/05\/cropped-BFG.png","width":1771,"height":119,"caption":"BRIDAL FASHION \u2122 | Luxurious Wedding Dresses &amp; Fashionable Gowns for Women, Girls and Kids"},"image":{"@id":"https:\/\/bridalfashion.com\/ro\/#\/schema\/logo\/image\/"}}]}},"_links":{"self":[{"href":"https:\/\/bridalfashion.com\/ro\/wp-json\/wp\/v2\/product\/11957","targetHints":{"allow":["GET"]}}],"collection":[{"href":"https:\/\/bridalfashion.com\/ro\/wp-json\/wp\/v2\/product"}],"about":[{"href":"https:\/\/bridalfashion.com\/ro\/wp-json\/wp\/v2\/types\/product"}],"replies":[{"embeddable":true,"href":"https:\/\/bridalfashion.com\/ro\/wp-json\/wp\/v2\/comments?post=11957"}],"wp:featuredmedia":[{"embeddable":true,"href":"https:\/\/bridalfashion.com\/ro\/wp-json\/wp\/v2\/media\/6801"}],"wp:attachment":[{"href":"https:\/\/bridalfashion.com\/ro\/wp-json\/wp\/v2\/media?parent=11957"}],"wp:term":[{"taxonomy":"product_brand","embeddable":true,"href":"https:\/\/bridalfashion.com\/ro\/wp-json\/wp\/v2\/product_brand?post=11957"},{"taxonomy":"product_cat","embeddable":true,"href":"https:\/\/bridalfashion.com\/ro\/wp-json\/wp\/v2\/product_cat?post=11957"},{"taxonomy":"product_tag","embeddable":true,"href":"https:\/\/bridalfashion.com\/ro\/wp-json\/wp\/v2\/product_tag?post=11957"}],"curies":[{"name":"wp","href":"https:\/\/api.w.org\/{rel}","templated":true}]}}