{"id":11954,"date":"2021-09-29T13:13:06","date_gmt":"2022-10-06T12:32:11","guid":{"rendered":"https:\/\/bridalfashion.com\/fara-categorie\/o-rochie-de-mireasa-in-stil-romantic-miledy-bf0107\/"},"modified":"2022-10-06T14:32:11","modified_gmt":"2022-10-06T12:32:11","slug":"tinuta-de-nunta-stil-romantic-milady-bf0107","status":"publish","type":"product","link":"https:\/\/bridalfashion.com\/ro\/monopoli-ro\/tinuta-de-nunta-stil-romantic-milady-bf0107\/","title":{"rendered":"O rochie de mireasa in stil romantic MILEDY &#8211; BF0107"},"content":{"rendered":"<h2>Descrierea modelului MILEDY &#8211; o rochie alba elegant\u0103 cu design exclusiv<\/h2>\n<p>Rochie de nunt\u0103 \u00een stil romantic MILEDY &#8211; BF0107 este foarte feminin\u0103 \u015fi gra\u0163ioas\u0103. Corsetul transparent are spatele deschis \u0219i m\u00e2neci lungi, lejere cu man\u0219ete. Rochia este decorat\u0103 cu ornamente superbe din dantel\u0103 voluminoas\u0103 de ghipur\u0103, completate cu paiete \u015fi cristale. Fusta ampl\u0103 A-line din satin luxos \u015fi materii fine pr\u0103fuite este ajustat\u0103 cu o tren\u0103 frumoas\u0103. Partea de sus a fustei este decorat\u0103 cu aplica\u0163ii din dantel\u0103 \u015fi paiete. Culoarea &#8211; ivory. Rochia de nunt\u0103 \u00een stil romantic MILEDY va face aspectul miresei s\u0103 fie de neuitat.<\/p>\n","protected":false},"excerpt":{"rendered":"<p>Descrierea modelului MILEDY &#8211; o rochie alba elegant\u0103 cu design exclusiv Rochie de nunt\u0103 \u00een stil romantic MILEDY &#8211; BF0107 este foarte feminin\u0103 \u015fi gra\u0163ioas\u0103. Corsetul transparent are spatele deschis \u0219i m\u00e2neci lungi, lejere cu man\u0219ete. Rochia este decorat\u0103 cu ornamente superbe din dantel\u0103 voluminoas\u0103 de ghipur\u0103, completate cu paiete \u015fi cristale. Fusta ampl\u0103 A-line&hellip;<\/p>\n","protected":false},"featured_media":6792,"comment_status":"open","ping_status":"closed","template":"","meta":[],"product_brand":[],"product_cat":[952],"product_tag":[],"class_list":{"0":"post-11954","1":"product","2":"type-product","3":"status-publish","4":"has-post-thumbnail","6":"product_cat-monopoli-ro","8":"first","9":"instock","10":"taxable","11":"shipping-taxable","12":"product-type-simple"},"yoast_head":"<!-- This site is optimized with the Yoast SEO plugin v27.4 - https:\/\/yoast.com\/product\/yoast-seo-wordpress\/ -->\n<title>O rochie de mireasa in stil romantic MILEDY - BF0107 - BRIDAL FASHION \u2122 | Luxurious Wedding Dresses &amp; Fashionable Gowns for Women, Girls and Kids<\/title>\n<meta name=\"description\" content=\"Modelul MILEDY - BF0107 rochie de nunt\u0103 \u00een stil romantic \u00een culoarea ivory. Corsetul transparent cu spatele deschis \u015fi m\u00e2neci lungi este decorat cu dantel\u0103 \u015fi paiete. Fusta din satin este ajustat\u0103 cu o tren\u0103.\" \/>\n<meta name=\"robots\" content=\"index, follow, max-snippet:-1, max-image-preview:large, max-video-preview:-1\" \/>\n<link rel=\"canonical\" href=\"https:\/\/bridalfashion.com\/ro\/monopoli-ro\/tinuta-de-nunta-stil-romantic-milady-bf0107\/\" \/>\n<meta property=\"og:locale\" content=\"ro_RO\" \/>\n<meta property=\"og:type\" content=\"article\" \/>\n<meta property=\"og:title\" content=\"O rochie de mireasa in stil romantic MILEDY - BF0107 - BRIDAL FASHION \u2122 | Luxurious Wedding Dresses &amp; Fashionable Gowns for Women, Girls and Kids\" \/>\n<meta property=\"og:description\" content=\"Modelul MILEDY - BF0107 rochie de nunt\u0103 \u00een stil romantic \u00een culoarea ivory. Corsetul transparent cu spatele deschis \u015fi m\u00e2neci lungi este decorat cu dantel\u0103 \u015fi paiete. Fusta din satin este ajustat\u0103 cu o tren\u0103.\" \/>\n<meta property=\"og:url\" content=\"https:\/\/bridalfashion.com\/ro\/monopoli-ro\/tinuta-de-nunta-stil-romantic-milady-bf0107\/\" \/>\n<meta property=\"og:site_name\" content=\"BRIDAL FASHION \u2122 | Luxurious Wedding Dresses &amp; Fashionable Gowns for Women, Girls and Kids\" \/>\n<meta property=\"og:image\" content=\"https:\/\/bridalfashion.com\/wp-content\/uploads\/2021\/09\/BF0107_A.jpg\" \/>\n\t<meta property=\"og:image:width\" content=\"1516\" \/>\n\t<meta property=\"og:image:height\" content=\"2000\" \/>\n\t<meta property=\"og:image:type\" content=\"image\/jpeg\" \/>\n<meta name=\"twitter:card\" content=\"summary_large_image\" \/>\n<meta name=\"twitter:label1\" content=\"Timp estimat pentru citire\" \/>\n\t<meta name=\"twitter:data1\" content=\"1 minut\" \/>\n<script type=\"application\/ld+json\" class=\"yoast-schema-graph\">{\"@context\":\"https:\\\/\\\/schema.org\",\"@graph\":[{\"@type\":\"WebPage\",\"@id\":\"https:\\\/\\\/bridalfashion.com\\\/ro\\\/monopoli-ro\\\/tinuta-de-nunta-stil-romantic-milady-bf0107\\\/\",\"url\":\"https:\\\/\\\/bridalfashion.com\\\/ro\\\/monopoli-ro\\\/tinuta-de-nunta-stil-romantic-milady-bf0107\\\/\",\"name\":\"O rochie de mireasa in stil romantic MILEDY - BF0107 - BRIDAL FASHION \u2122 | Luxurious Wedding Dresses &amp; Fashionable Gowns for Women, Girls and Kids\",\"isPartOf\":{\"@id\":\"https:\\\/\\\/bridalfashion.com\\\/ro\\\/#website\"},\"primaryImageOfPage\":{\"@id\":\"https:\\\/\\\/bridalfashion.com\\\/ro\\\/monopoli-ro\\\/tinuta-de-nunta-stil-romantic-milady-bf0107\\\/#primaryimage\"},\"image\":{\"@id\":\"https:\\\/\\\/bridalfashion.com\\\/ro\\\/monopoli-ro\\\/tinuta-de-nunta-stil-romantic-milady-bf0107\\\/#primaryimage\"},\"thumbnailUrl\":\"https:\\\/\\\/bridalfashion.com\\\/wp-content\\\/uploads\\\/2021\\\/09\\\/BF0107_A.jpg\",\"datePublished\":\"2022-10-06T12:32:11+00:00\",\"description\":\"Modelul MILEDY - BF0107 rochie de nunt\u0103 \u00een stil romantic \u00een culoarea ivory. Corsetul transparent cu spatele deschis \u015fi m\u00e2neci lungi este decorat cu dantel\u0103 \u015fi paiete. Fusta din satin este ajustat\u0103 cu o tren\u0103.\",\"breadcrumb\":{\"@id\":\"https:\\\/\\\/bridalfashion.com\\\/ro\\\/monopoli-ro\\\/tinuta-de-nunta-stil-romantic-milady-bf0107\\\/#breadcrumb\"},\"inLanguage\":\"ro-RO\",\"potentialAction\":[{\"@type\":\"ReadAction\",\"target\":[\"https:\\\/\\\/bridalfashion.com\\\/ro\\\/monopoli-ro\\\/tinuta-de-nunta-stil-romantic-milady-bf0107\\\/\"]}]},{\"@type\":\"ImageObject\",\"inLanguage\":\"ro-RO\",\"@id\":\"https:\\\/\\\/bridalfashion.com\\\/ro\\\/monopoli-ro\\\/tinuta-de-nunta-stil-romantic-milady-bf0107\\\/#primaryimage\",\"url\":\"https:\\\/\\\/bridalfashion.com\\\/wp-content\\\/uploads\\\/2021\\\/09\\\/BF0107_A.jpg\",\"contentUrl\":\"https:\\\/\\\/bridalfashion.com\\\/wp-content\\\/uploads\\\/2021\\\/09\\\/BF0107_A.jpg\",\"width\":1516,\"height\":2000,\"caption\":\"Rochie de mireasa MILEDY - BF0107 Foto - BRIDAL FASHION\"},{\"@type\":\"BreadcrumbList\",\"@id\":\"https:\\\/\\\/bridalfashion.com\\\/ro\\\/monopoli-ro\\\/tinuta-de-nunta-stil-romantic-milady-bf0107\\\/#breadcrumb\",\"itemListElement\":[{\"@type\":\"ListItem\",\"position\":1,\"name\":\"Home\",\"item\":\"https:\\\/\\\/bridalfashion.com\\\/ro\\\/\"},{\"@type\":\"ListItem\",\"position\":2,\"name\":\"Shop\",\"item\":\"https:\\\/\\\/bridalfashion.com\\\/shop-2\\\/\"},{\"@type\":\"ListItem\",\"position\":3,\"name\":\"O rochie de mireasa in stil romantic MILEDY &#8211; BF0107\"}]},{\"@type\":\"WebSite\",\"@id\":\"https:\\\/\\\/bridalfashion.com\\\/ro\\\/#website\",\"url\":\"https:\\\/\\\/bridalfashion.com\\\/ro\\\/\",\"name\":\"BRIDAL FASHION \u2122 | Luxurious Wedding Dresses &amp; Fashionable Gowns for Women, Girls and Kids\",\"description\":\"Welcome the leading manufacturer and supplier of wedding dresses. We offer in wholesale a large selection of high quality wedding dress collections and accessories for your business at competitive prices. Shop our full range of bridal products today!\",\"publisher\":{\"@id\":\"https:\\\/\\\/bridalfashion.com\\\/ro\\\/#organization\"},\"potentialAction\":[{\"@type\":\"SearchAction\",\"target\":{\"@type\":\"EntryPoint\",\"urlTemplate\":\"https:\\\/\\\/bridalfashion.com\\\/ro\\\/?s={search_term_string}\"},\"query-input\":{\"@type\":\"PropertyValueSpecification\",\"valueRequired\":true,\"valueName\":\"search_term_string\"}}],\"inLanguage\":\"ro-RO\"},{\"@type\":\"Organization\",\"@id\":\"https:\\\/\\\/bridalfashion.com\\\/ro\\\/#organization\",\"name\":\"BRIDAL FASHION \u2122 | Luxurious Wedding Dresses &amp; Fashionable Gowns for Women, Girls and Kids\",\"url\":\"https:\\\/\\\/bridalfashion.com\\\/ro\\\/\",\"logo\":{\"@type\":\"ImageObject\",\"inLanguage\":\"ro-RO\",\"@id\":\"https:\\\/\\\/bridalfashion.com\\\/ro\\\/#\\\/schema\\\/logo\\\/image\\\/\",\"url\":\"https:\\\/\\\/bridalfashion.com\\\/wp-content\\\/uploads\\\/2022\\\/05\\\/cropped-BFG.png\",\"contentUrl\":\"https:\\\/\\\/bridalfashion.com\\\/wp-content\\\/uploads\\\/2022\\\/05\\\/cropped-BFG.png\",\"width\":1771,\"height\":119,\"caption\":\"BRIDAL FASHION \u2122 | Luxurious Wedding Dresses &amp; Fashionable Gowns for Women, Girls and Kids\"},\"image\":{\"@id\":\"https:\\\/\\\/bridalfashion.com\\\/ro\\\/#\\\/schema\\\/logo\\\/image\\\/\"}}]}<\/script>\n<!-- \/ Yoast SEO plugin. -->","yoast_head_json":{"title":"O rochie de mireasa in stil romantic MILEDY - BF0107 - BRIDAL FASHION \u2122 | Luxurious Wedding Dresses &amp; Fashionable Gowns for Women, Girls and Kids","description":"Modelul MILEDY - BF0107 rochie de nunt\u0103 \u00een stil romantic \u00een culoarea ivory. Corsetul transparent cu spatele deschis \u015fi m\u00e2neci lungi este decorat cu dantel\u0103 \u015fi paiete. Fusta din satin este ajustat\u0103 cu o tren\u0103.","robots":{"index":"index","follow":"follow","max-snippet":"max-snippet:-1","max-image-preview":"max-image-preview:large","max-video-preview":"max-video-preview:-1"},"canonical":"https:\/\/bridalfashion.com\/ro\/monopoli-ro\/tinuta-de-nunta-stil-romantic-milady-bf0107\/","og_locale":"ro_RO","og_type":"article","og_title":"O rochie de mireasa in stil romantic MILEDY - BF0107 - BRIDAL FASHION \u2122 | Luxurious Wedding Dresses &amp; Fashionable Gowns for Women, Girls and Kids","og_description":"Modelul MILEDY - BF0107 rochie de nunt\u0103 \u00een stil romantic \u00een culoarea ivory. Corsetul transparent cu spatele deschis \u015fi m\u00e2neci lungi este decorat cu dantel\u0103 \u015fi paiete. Fusta din satin este ajustat\u0103 cu o tren\u0103.","og_url":"https:\/\/bridalfashion.com\/ro\/monopoli-ro\/tinuta-de-nunta-stil-romantic-milady-bf0107\/","og_site_name":"BRIDAL FASHION \u2122 | Luxurious Wedding Dresses &amp; Fashionable Gowns for Women, Girls and Kids","og_image":[{"width":1516,"height":2000,"url":"https:\/\/bridalfashion.com\/wp-content\/uploads\/2021\/09\/BF0107_A.jpg","type":"image\/jpeg"}],"twitter_card":"summary_large_image","twitter_misc":{"Timp estimat pentru citire":"1 minut"},"schema":{"@context":"https:\/\/schema.org","@graph":[{"@type":"WebPage","@id":"https:\/\/bridalfashion.com\/ro\/monopoli-ro\/tinuta-de-nunta-stil-romantic-milady-bf0107\/","url":"https:\/\/bridalfashion.com\/ro\/monopoli-ro\/tinuta-de-nunta-stil-romantic-milady-bf0107\/","name":"O rochie de mireasa in stil romantic MILEDY - BF0107 - BRIDAL FASHION \u2122 | Luxurious Wedding Dresses &amp; Fashionable Gowns for Women, Girls and Kids","isPartOf":{"@id":"https:\/\/bridalfashion.com\/ro\/#website"},"primaryImageOfPage":{"@id":"https:\/\/bridalfashion.com\/ro\/monopoli-ro\/tinuta-de-nunta-stil-romantic-milady-bf0107\/#primaryimage"},"image":{"@id":"https:\/\/bridalfashion.com\/ro\/monopoli-ro\/tinuta-de-nunta-stil-romantic-milady-bf0107\/#primaryimage"},"thumbnailUrl":"https:\/\/bridalfashion.com\/wp-content\/uploads\/2021\/09\/BF0107_A.jpg","datePublished":"2022-10-06T12:32:11+00:00","description":"Modelul MILEDY - BF0107 rochie de nunt\u0103 \u00een stil romantic \u00een culoarea ivory. Corsetul transparent cu spatele deschis \u015fi m\u00e2neci lungi este decorat cu dantel\u0103 \u015fi paiete. Fusta din satin este ajustat\u0103 cu o tren\u0103.","breadcrumb":{"@id":"https:\/\/bridalfashion.com\/ro\/monopoli-ro\/tinuta-de-nunta-stil-romantic-milady-bf0107\/#breadcrumb"},"inLanguage":"ro-RO","potentialAction":[{"@type":"ReadAction","target":["https:\/\/bridalfashion.com\/ro\/monopoli-ro\/tinuta-de-nunta-stil-romantic-milady-bf0107\/"]}]},{"@type":"ImageObject","inLanguage":"ro-RO","@id":"https:\/\/bridalfashion.com\/ro\/monopoli-ro\/tinuta-de-nunta-stil-romantic-milady-bf0107\/#primaryimage","url":"https:\/\/bridalfashion.com\/wp-content\/uploads\/2021\/09\/BF0107_A.jpg","contentUrl":"https:\/\/bridalfashion.com\/wp-content\/uploads\/2021\/09\/BF0107_A.jpg","width":1516,"height":2000,"caption":"Rochie de mireasa MILEDY - BF0107 Foto - BRIDAL FASHION"},{"@type":"BreadcrumbList","@id":"https:\/\/bridalfashion.com\/ro\/monopoli-ro\/tinuta-de-nunta-stil-romantic-milady-bf0107\/#breadcrumb","itemListElement":[{"@type":"ListItem","position":1,"name":"Home","item":"https:\/\/bridalfashion.com\/ro\/"},{"@type":"ListItem","position":2,"name":"Shop","item":"https:\/\/bridalfashion.com\/shop-2\/"},{"@type":"ListItem","position":3,"name":"O rochie de mireasa in stil romantic MILEDY &#8211; BF0107"}]},{"@type":"WebSite","@id":"https:\/\/bridalfashion.com\/ro\/#website","url":"https:\/\/bridalfashion.com\/ro\/","name":"BRIDAL FASHION \u2122 | Luxurious Wedding Dresses &amp; Fashionable Gowns for Women, Girls and Kids","description":"Welcome the leading manufacturer and supplier of wedding dresses. We offer in wholesale a large selection of high quality wedding dress collections and accessories for your business at competitive prices. Shop our full range of bridal products today!","publisher":{"@id":"https:\/\/bridalfashion.com\/ro\/#organization"},"potentialAction":[{"@type":"SearchAction","target":{"@type":"EntryPoint","urlTemplate":"https:\/\/bridalfashion.com\/ro\/?s={search_term_string}"},"query-input":{"@type":"PropertyValueSpecification","valueRequired":true,"valueName":"search_term_string"}}],"inLanguage":"ro-RO"},{"@type":"Organization","@id":"https:\/\/bridalfashion.com\/ro\/#organization","name":"BRIDAL FASHION \u2122 | Luxurious Wedding Dresses &amp; Fashionable Gowns for Women, Girls and Kids","url":"https:\/\/bridalfashion.com\/ro\/","logo":{"@type":"ImageObject","inLanguage":"ro-RO","@id":"https:\/\/bridalfashion.com\/ro\/#\/schema\/logo\/image\/","url":"https:\/\/bridalfashion.com\/wp-content\/uploads\/2022\/05\/cropped-BFG.png","contentUrl":"https:\/\/bridalfashion.com\/wp-content\/uploads\/2022\/05\/cropped-BFG.png","width":1771,"height":119,"caption":"BRIDAL FASHION \u2122 | Luxurious Wedding Dresses &amp; Fashionable Gowns for Women, Girls and Kids"},"image":{"@id":"https:\/\/bridalfashion.com\/ro\/#\/schema\/logo\/image\/"}}]}},"_links":{"self":[{"href":"https:\/\/bridalfashion.com\/ro\/wp-json\/wp\/v2\/product\/11954","targetHints":{"allow":["GET"]}}],"collection":[{"href":"https:\/\/bridalfashion.com\/ro\/wp-json\/wp\/v2\/product"}],"about":[{"href":"https:\/\/bridalfashion.com\/ro\/wp-json\/wp\/v2\/types\/product"}],"replies":[{"embeddable":true,"href":"https:\/\/bridalfashion.com\/ro\/wp-json\/wp\/v2\/comments?post=11954"}],"wp:featuredmedia":[{"embeddable":true,"href":"https:\/\/bridalfashion.com\/ro\/wp-json\/wp\/v2\/media\/6792"}],"wp:attachment":[{"href":"https:\/\/bridalfashion.com\/ro\/wp-json\/wp\/v2\/media?parent=11954"}],"wp:term":[{"taxonomy":"product_brand","embeddable":true,"href":"https:\/\/bridalfashion.com\/ro\/wp-json\/wp\/v2\/product_brand?post=11954"},{"taxonomy":"product_cat","embeddable":true,"href":"https:\/\/bridalfashion.com\/ro\/wp-json\/wp\/v2\/product_cat?post=11954"},{"taxonomy":"product_tag","embeddable":true,"href":"https:\/\/bridalfashion.com\/ro\/wp-json\/wp\/v2\/product_tag?post=11954"}],"curies":[{"name":"wp","href":"https:\/\/api.w.org\/{rel}","templated":true}]}}