{"id":11942,"date":"2021-09-29T12:39:51","date_gmt":"2022-10-06T09:05:55","guid":{"rendered":"https:\/\/bridalfashion.com\/fara-categorie\/rochie-transformator-eleganta-marilyn-bf0103\/"},"modified":"2022-10-06T11:05:55","modified_gmt":"2022-10-06T09:05:55","slug":"rafinata-rochie-transformator-marilyn-bf0103","status":"publish","type":"product","link":"https:\/\/bridalfashion.com\/ro\/monopoli-ro\/rafinata-rochie-transformator-marilyn-bf0103\/","title":{"rendered":"Rochie transformator eleganta MARILYN &#8211; BF0103"},"content":{"rendered":"<h2>Descrierea modelului MARILYN &#8211; o rochie superb\u0103, cu op\u0163iunea de a schimba fusta<\/h2>\n<p>MARILYN &#8211; BF0103 este o rochie elegant\u0103 2 \u00een 1 &#8211; o solu\u021bie de design exclusiv\u0103 pentru o mireas\u0103 cu corpu suplu. Rochia de baz\u0103 \u00een stil siren\u0103 este format\u0103 din dou\u0103 p\u0103r\u021bi: corsetul transparent \u0219i fusta mulat\u0103, cu tren\u0103 scurt\u0103. Corsetul cu umerii cobor\u00e2\u021bi este brodat de m\u00e2n\u0103 cu dantel\u0103 fran\u0163uzeasc\u0103 \u0219i paiete. La spate are o \u00eencheietoare vertical\u0103 din nasturi de cristal. Partea de jos a rochiei este realizat\u0103 din \u021bes\u0103tur\u0103 cu paiete de lux, decorat\u0103 cu aplica\u021bii din dantel\u0103, care accentueaz\u0103 eficient talia \u0219i \u0219oldurile. Rochia elegant\u0103 MARILYN este un model croit 2 \u00een 1 \u015fi are, de asemenea, o alt\u0103 fust\u0103 deta\u0219abil\u0103, care este transparent\u0103 \u015fi ampl\u0103, cu o tren\u0103 magnific\u0103. Talia este \u00eempodobit\u0103 cu o centur\u0103 brodat cu pietre de cristal. Culoarea cappuccino cu aplica\u021bii din ivory. \u00cen timpul nun\u021bii mireasa va putea s\u0103-\u0219i schimbe aspectul de la unul romantic la unul foarte elegant \u0219i feminin.<\/p>\n","protected":false},"excerpt":{"rendered":"<p>Descrierea modelului MARILYN &#8211; o rochie superb\u0103, cu op\u0163iunea de a schimba fusta MARILYN &#8211; BF0103 este o rochie elegant\u0103 2 \u00een 1 &#8211; o solu\u021bie de design exclusiv\u0103 pentru o mireas\u0103 cu corpu suplu. Rochia de baz\u0103 \u00een stil siren\u0103 este format\u0103 din dou\u0103 p\u0103r\u021bi: corsetul transparent \u0219i fusta mulat\u0103, cu tren\u0103 scurt\u0103. Corsetul&hellip;<\/p>\n","protected":false},"featured_media":6717,"comment_status":"open","ping_status":"closed","template":"","meta":[],"product_brand":[],"product_cat":[952],"product_tag":[],"class_list":{"0":"post-11942","1":"product","2":"type-product","3":"status-publish","4":"has-post-thumbnail","6":"product_cat-monopoli-ro","8":"first","9":"instock","10":"taxable","11":"shipping-taxable","12":"product-type-simple"},"yoast_head":"<!-- This site is optimized with the Yoast SEO plugin v27.4 - https:\/\/yoast.com\/product\/yoast-seo-wordpress\/ -->\n<title>Rochie transformator eleganta MARILYN - BF0103 - BRIDAL FASHION \u2122 | Luxurious Wedding Dresses &amp; Fashionable Gowns for Women, Girls and Kids<\/title>\n<meta name=\"description\" content=\"Modelul MARILYN - BF0103 rochie elegant\u0103 2 \u00een 1cu bustul transparent din dantel\u0103 \u0219i partea de jos \u00een stil siren\u0103 realizat\u0103 din paiete. Rochia este completat\u0103 cu o fust\u0103 deta\u0219abil\u0103 cu o tren\u0103 din tul.\" \/>\n<meta name=\"robots\" content=\"index, follow, max-snippet:-1, max-image-preview:large, max-video-preview:-1\" \/>\n<link rel=\"canonical\" href=\"https:\/\/bridalfashion.com\/ro\/monopoli-ro\/rafinata-rochie-transformator-marilyn-bf0103\/\" \/>\n<meta property=\"og:locale\" content=\"ro_RO\" \/>\n<meta property=\"og:type\" content=\"article\" \/>\n<meta property=\"og:title\" content=\"Rochie transformator eleganta MARILYN - BF0103 - BRIDAL FASHION \u2122 | Luxurious Wedding Dresses &amp; Fashionable Gowns for Women, Girls and Kids\" \/>\n<meta property=\"og:description\" content=\"Modelul MARILYN - BF0103 rochie elegant\u0103 2 \u00een 1cu bustul transparent din dantel\u0103 \u0219i partea de jos \u00een stil siren\u0103 realizat\u0103 din paiete. Rochia este completat\u0103 cu o fust\u0103 deta\u0219abil\u0103 cu o tren\u0103 din tul.\" \/>\n<meta property=\"og:url\" content=\"https:\/\/bridalfashion.com\/ro\/monopoli-ro\/rafinata-rochie-transformator-marilyn-bf0103\/\" \/>\n<meta property=\"og:site_name\" content=\"BRIDAL FASHION \u2122 | Luxurious Wedding Dresses &amp; Fashionable Gowns for Women, Girls and Kids\" \/>\n<meta property=\"og:image\" content=\"https:\/\/bridalfashion.com\/wp-content\/uploads\/2021\/09\/BF0103_B.jpg\" \/>\n\t<meta property=\"og:image:width\" content=\"1516\" \/>\n\t<meta property=\"og:image:height\" content=\"2000\" \/>\n\t<meta property=\"og:image:type\" content=\"image\/jpeg\" \/>\n<meta name=\"twitter:card\" content=\"summary_large_image\" \/>\n<meta name=\"twitter:label1\" content=\"Timp estimat pentru citire\" \/>\n\t<meta name=\"twitter:data1\" content=\"1 minut\" \/>\n<script type=\"application\/ld+json\" class=\"yoast-schema-graph\">{\"@context\":\"https:\\\/\\\/schema.org\",\"@graph\":[{\"@type\":\"WebPage\",\"@id\":\"https:\\\/\\\/bridalfashion.com\\\/ro\\\/monopoli-ro\\\/rafinata-rochie-transformator-marilyn-bf0103\\\/\",\"url\":\"https:\\\/\\\/bridalfashion.com\\\/ro\\\/monopoli-ro\\\/rafinata-rochie-transformator-marilyn-bf0103\\\/\",\"name\":\"Rochie transformator eleganta MARILYN - BF0103 - BRIDAL FASHION \u2122 | Luxurious Wedding Dresses &amp; Fashionable Gowns for Women, Girls and Kids\",\"isPartOf\":{\"@id\":\"https:\\\/\\\/bridalfashion.com\\\/ro\\\/#website\"},\"primaryImageOfPage\":{\"@id\":\"https:\\\/\\\/bridalfashion.com\\\/ro\\\/monopoli-ro\\\/rafinata-rochie-transformator-marilyn-bf0103\\\/#primaryimage\"},\"image\":{\"@id\":\"https:\\\/\\\/bridalfashion.com\\\/ro\\\/monopoli-ro\\\/rafinata-rochie-transformator-marilyn-bf0103\\\/#primaryimage\"},\"thumbnailUrl\":\"https:\\\/\\\/bridalfashion.com\\\/wp-content\\\/uploads\\\/2021\\\/09\\\/BF0103_B.jpg\",\"datePublished\":\"2022-10-06T09:05:55+00:00\",\"description\":\"Modelul MARILYN - BF0103 rochie elegant\u0103 2 \u00een 1cu bustul transparent din dantel\u0103 \u0219i partea de jos \u00een stil siren\u0103 realizat\u0103 din paiete. Rochia este completat\u0103 cu o fust\u0103 deta\u0219abil\u0103 cu o tren\u0103 din tul.\",\"breadcrumb\":{\"@id\":\"https:\\\/\\\/bridalfashion.com\\\/ro\\\/monopoli-ro\\\/rafinata-rochie-transformator-marilyn-bf0103\\\/#breadcrumb\"},\"inLanguage\":\"ro-RO\",\"potentialAction\":[{\"@type\":\"ReadAction\",\"target\":[\"https:\\\/\\\/bridalfashion.com\\\/ro\\\/monopoli-ro\\\/rafinata-rochie-transformator-marilyn-bf0103\\\/\"]}]},{\"@type\":\"ImageObject\",\"inLanguage\":\"ro-RO\",\"@id\":\"https:\\\/\\\/bridalfashion.com\\\/ro\\\/monopoli-ro\\\/rafinata-rochie-transformator-marilyn-bf0103\\\/#primaryimage\",\"url\":\"https:\\\/\\\/bridalfashion.com\\\/wp-content\\\/uploads\\\/2021\\\/09\\\/BF0103_B.jpg\",\"contentUrl\":\"https:\\\/\\\/bridalfashion.com\\\/wp-content\\\/uploads\\\/2021\\\/09\\\/BF0103_B.jpg\",\"width\":1516,\"height\":2000,\"caption\":\"Rochie de mireasa MARILYN - BF0103 Foto 4 - BRIDAL FASHION\"},{\"@type\":\"BreadcrumbList\",\"@id\":\"https:\\\/\\\/bridalfashion.com\\\/ro\\\/monopoli-ro\\\/rafinata-rochie-transformator-marilyn-bf0103\\\/#breadcrumb\",\"itemListElement\":[{\"@type\":\"ListItem\",\"position\":1,\"name\":\"Home\",\"item\":\"https:\\\/\\\/bridalfashion.com\\\/ro\\\/\"},{\"@type\":\"ListItem\",\"position\":2,\"name\":\"Shop\",\"item\":\"https:\\\/\\\/bridalfashion.com\\\/shop-2\\\/\"},{\"@type\":\"ListItem\",\"position\":3,\"name\":\"Rochie transformator eleganta MARILYN &#8211; BF0103\"}]},{\"@type\":\"WebSite\",\"@id\":\"https:\\\/\\\/bridalfashion.com\\\/ro\\\/#website\",\"url\":\"https:\\\/\\\/bridalfashion.com\\\/ro\\\/\",\"name\":\"BRIDAL FASHION \u2122 | Luxurious Wedding Dresses &amp; Fashionable Gowns for Women, Girls and Kids\",\"description\":\"Welcome the leading manufacturer and supplier of wedding dresses. We offer in wholesale a large selection of high quality wedding dress collections and accessories for your business at competitive prices. Shop our full range of bridal products today!\",\"publisher\":{\"@id\":\"https:\\\/\\\/bridalfashion.com\\\/ro\\\/#organization\"},\"potentialAction\":[{\"@type\":\"SearchAction\",\"target\":{\"@type\":\"EntryPoint\",\"urlTemplate\":\"https:\\\/\\\/bridalfashion.com\\\/ro\\\/?s={search_term_string}\"},\"query-input\":{\"@type\":\"PropertyValueSpecification\",\"valueRequired\":true,\"valueName\":\"search_term_string\"}}],\"inLanguage\":\"ro-RO\"},{\"@type\":\"Organization\",\"@id\":\"https:\\\/\\\/bridalfashion.com\\\/ro\\\/#organization\",\"name\":\"BRIDAL FASHION \u2122 | Luxurious Wedding Dresses &amp; Fashionable Gowns for Women, Girls and Kids\",\"url\":\"https:\\\/\\\/bridalfashion.com\\\/ro\\\/\",\"logo\":{\"@type\":\"ImageObject\",\"inLanguage\":\"ro-RO\",\"@id\":\"https:\\\/\\\/bridalfashion.com\\\/ro\\\/#\\\/schema\\\/logo\\\/image\\\/\",\"url\":\"https:\\\/\\\/bridalfashion.com\\\/wp-content\\\/uploads\\\/2022\\\/05\\\/cropped-BFG.png\",\"contentUrl\":\"https:\\\/\\\/bridalfashion.com\\\/wp-content\\\/uploads\\\/2022\\\/05\\\/cropped-BFG.png\",\"width\":1771,\"height\":119,\"caption\":\"BRIDAL FASHION \u2122 | Luxurious Wedding Dresses &amp; Fashionable Gowns for Women, Girls and Kids\"},\"image\":{\"@id\":\"https:\\\/\\\/bridalfashion.com\\\/ro\\\/#\\\/schema\\\/logo\\\/image\\\/\"}}]}<\/script>\n<!-- \/ Yoast SEO plugin. -->","yoast_head_json":{"title":"Rochie transformator eleganta MARILYN - BF0103 - BRIDAL FASHION \u2122 | Luxurious Wedding Dresses &amp; Fashionable Gowns for Women, Girls and Kids","description":"Modelul MARILYN - BF0103 rochie elegant\u0103 2 \u00een 1cu bustul transparent din dantel\u0103 \u0219i partea de jos \u00een stil siren\u0103 realizat\u0103 din paiete. Rochia este completat\u0103 cu o fust\u0103 deta\u0219abil\u0103 cu o tren\u0103 din tul.","robots":{"index":"index","follow":"follow","max-snippet":"max-snippet:-1","max-image-preview":"max-image-preview:large","max-video-preview":"max-video-preview:-1"},"canonical":"https:\/\/bridalfashion.com\/ro\/monopoli-ro\/rafinata-rochie-transformator-marilyn-bf0103\/","og_locale":"ro_RO","og_type":"article","og_title":"Rochie transformator eleganta MARILYN - BF0103 - BRIDAL FASHION \u2122 | Luxurious Wedding Dresses &amp; Fashionable Gowns for Women, Girls and Kids","og_description":"Modelul MARILYN - BF0103 rochie elegant\u0103 2 \u00een 1cu bustul transparent din dantel\u0103 \u0219i partea de jos \u00een stil siren\u0103 realizat\u0103 din paiete. Rochia este completat\u0103 cu o fust\u0103 deta\u0219abil\u0103 cu o tren\u0103 din tul.","og_url":"https:\/\/bridalfashion.com\/ro\/monopoli-ro\/rafinata-rochie-transformator-marilyn-bf0103\/","og_site_name":"BRIDAL FASHION \u2122 | Luxurious Wedding Dresses &amp; Fashionable Gowns for Women, Girls and Kids","og_image":[{"width":1516,"height":2000,"url":"https:\/\/bridalfashion.com\/wp-content\/uploads\/2021\/09\/BF0103_B.jpg","type":"image\/jpeg"}],"twitter_card":"summary_large_image","twitter_misc":{"Timp estimat pentru citire":"1 minut"},"schema":{"@context":"https:\/\/schema.org","@graph":[{"@type":"WebPage","@id":"https:\/\/bridalfashion.com\/ro\/monopoli-ro\/rafinata-rochie-transformator-marilyn-bf0103\/","url":"https:\/\/bridalfashion.com\/ro\/monopoli-ro\/rafinata-rochie-transformator-marilyn-bf0103\/","name":"Rochie transformator eleganta MARILYN - BF0103 - BRIDAL FASHION \u2122 | Luxurious Wedding Dresses &amp; Fashionable Gowns for Women, Girls and Kids","isPartOf":{"@id":"https:\/\/bridalfashion.com\/ro\/#website"},"primaryImageOfPage":{"@id":"https:\/\/bridalfashion.com\/ro\/monopoli-ro\/rafinata-rochie-transformator-marilyn-bf0103\/#primaryimage"},"image":{"@id":"https:\/\/bridalfashion.com\/ro\/monopoli-ro\/rafinata-rochie-transformator-marilyn-bf0103\/#primaryimage"},"thumbnailUrl":"https:\/\/bridalfashion.com\/wp-content\/uploads\/2021\/09\/BF0103_B.jpg","datePublished":"2022-10-06T09:05:55+00:00","description":"Modelul MARILYN - BF0103 rochie elegant\u0103 2 \u00een 1cu bustul transparent din dantel\u0103 \u0219i partea de jos \u00een stil siren\u0103 realizat\u0103 din paiete. Rochia este completat\u0103 cu o fust\u0103 deta\u0219abil\u0103 cu o tren\u0103 din tul.","breadcrumb":{"@id":"https:\/\/bridalfashion.com\/ro\/monopoli-ro\/rafinata-rochie-transformator-marilyn-bf0103\/#breadcrumb"},"inLanguage":"ro-RO","potentialAction":[{"@type":"ReadAction","target":["https:\/\/bridalfashion.com\/ro\/monopoli-ro\/rafinata-rochie-transformator-marilyn-bf0103\/"]}]},{"@type":"ImageObject","inLanguage":"ro-RO","@id":"https:\/\/bridalfashion.com\/ro\/monopoli-ro\/rafinata-rochie-transformator-marilyn-bf0103\/#primaryimage","url":"https:\/\/bridalfashion.com\/wp-content\/uploads\/2021\/09\/BF0103_B.jpg","contentUrl":"https:\/\/bridalfashion.com\/wp-content\/uploads\/2021\/09\/BF0103_B.jpg","width":1516,"height":2000,"caption":"Rochie de mireasa MARILYN - BF0103 Foto 4 - BRIDAL FASHION"},{"@type":"BreadcrumbList","@id":"https:\/\/bridalfashion.com\/ro\/monopoli-ro\/rafinata-rochie-transformator-marilyn-bf0103\/#breadcrumb","itemListElement":[{"@type":"ListItem","position":1,"name":"Home","item":"https:\/\/bridalfashion.com\/ro\/"},{"@type":"ListItem","position":2,"name":"Shop","item":"https:\/\/bridalfashion.com\/shop-2\/"},{"@type":"ListItem","position":3,"name":"Rochie transformator eleganta MARILYN &#8211; BF0103"}]},{"@type":"WebSite","@id":"https:\/\/bridalfashion.com\/ro\/#website","url":"https:\/\/bridalfashion.com\/ro\/","name":"BRIDAL FASHION \u2122 | Luxurious Wedding Dresses &amp; Fashionable Gowns for Women, Girls and Kids","description":"Welcome the leading manufacturer and supplier of wedding dresses. We offer in wholesale a large selection of high quality wedding dress collections and accessories for your business at competitive prices. Shop our full range of bridal products today!","publisher":{"@id":"https:\/\/bridalfashion.com\/ro\/#organization"},"potentialAction":[{"@type":"SearchAction","target":{"@type":"EntryPoint","urlTemplate":"https:\/\/bridalfashion.com\/ro\/?s={search_term_string}"},"query-input":{"@type":"PropertyValueSpecification","valueRequired":true,"valueName":"search_term_string"}}],"inLanguage":"ro-RO"},{"@type":"Organization","@id":"https:\/\/bridalfashion.com\/ro\/#organization","name":"BRIDAL FASHION \u2122 | Luxurious Wedding Dresses &amp; Fashionable Gowns for Women, Girls and Kids","url":"https:\/\/bridalfashion.com\/ro\/","logo":{"@type":"ImageObject","inLanguage":"ro-RO","@id":"https:\/\/bridalfashion.com\/ro\/#\/schema\/logo\/image\/","url":"https:\/\/bridalfashion.com\/wp-content\/uploads\/2022\/05\/cropped-BFG.png","contentUrl":"https:\/\/bridalfashion.com\/wp-content\/uploads\/2022\/05\/cropped-BFG.png","width":1771,"height":119,"caption":"BRIDAL FASHION \u2122 | Luxurious Wedding Dresses &amp; Fashionable Gowns for Women, Girls and Kids"},"image":{"@id":"https:\/\/bridalfashion.com\/ro\/#\/schema\/logo\/image\/"}}]}},"_links":{"self":[{"href":"https:\/\/bridalfashion.com\/ro\/wp-json\/wp\/v2\/product\/11942","targetHints":{"allow":["GET"]}}],"collection":[{"href":"https:\/\/bridalfashion.com\/ro\/wp-json\/wp\/v2\/product"}],"about":[{"href":"https:\/\/bridalfashion.com\/ro\/wp-json\/wp\/v2\/types\/product"}],"replies":[{"embeddable":true,"href":"https:\/\/bridalfashion.com\/ro\/wp-json\/wp\/v2\/comments?post=11942"}],"wp:featuredmedia":[{"embeddable":true,"href":"https:\/\/bridalfashion.com\/ro\/wp-json\/wp\/v2\/media\/6717"}],"wp:attachment":[{"href":"https:\/\/bridalfashion.com\/ro\/wp-json\/wp\/v2\/media?parent=11942"}],"wp:term":[{"taxonomy":"product_brand","embeddable":true,"href":"https:\/\/bridalfashion.com\/ro\/wp-json\/wp\/v2\/product_brand?post=11942"},{"taxonomy":"product_cat","embeddable":true,"href":"https:\/\/bridalfashion.com\/ro\/wp-json\/wp\/v2\/product_cat?post=11942"},{"taxonomy":"product_tag","embeddable":true,"href":"https:\/\/bridalfashion.com\/ro\/wp-json\/wp\/v2\/product_tag?post=11942"}],"curies":[{"name":"wp","href":"https:\/\/api.w.org\/{rel}","templated":true}]}}